{"id":2118,"date":"2021-10-03T09:22:32","date_gmt":"2021-10-03T09:22:32","guid":{"rendered":"https:\/\/newskyvn.com\/?post_type=product&#038;p=2118"},"modified":"2021-10-03T09:22:33","modified_gmt":"2021-10-03T09:22:33","slug":"type-2702","status":"publish","type":"product","link":"https:\/\/newskyvn.com\/en\/product\/type-2702\/","title":{"rendered":"Type 2702"},"content":{"rendered":"","protected":false},"excerpt":{"rendered":"<p>&nbsp;<\/p>\n<p><strong>Manually operated 2-way angle seat control valve<\/strong><\/p>\n<p>The 2702 control valve consists of a stainless steel angle seat body with a manual actuator. The parabolic valve plug results in a flow capacity approximately 35% greater than conventional control valves. It is available in either stainless steel on stainless steel or with a durable PTFE seal for tight shut-off. The desired flow rate can be easily set using an exact position indicator. The pneumatically operated variant of the Type 2702 is not available anymore \u2013 since July 2020. The successor is the Type 2300.<\/p>\n<div class=\"copy\">\n<ul>\n<li>Excellent control accuracy and high flow capacity<\/li>\n<li>Long service life<\/li>\n<li>Stainless steel valve body with sleeve or welded connection<\/li>\n<\/ul>\n<\/div>\n","protected":false},"featured_media":2120,"comment_status":"open","ping_status":"closed","template":"","meta":[],"product_cat":[107,109],"product_tag":[],"yoast_head":"<!-- This site is optimized with the Yoast SEO plugin v16.6.1 - https:\/\/yoast.com\/wordpress\/plugins\/seo\/ -->\n<title>Type 2702 - NEW SKY CO.,LTD<\/title>\n<meta name=\"robots\" content=\"index, follow, max-snippet:-1, max-image-preview:large, max-video-preview:-1\" \/>\n<link rel=\"canonical\" href=\"https:\/\/newskyvn.com\/product\/type-2702\/\" \/>\n<meta property=\"og:locale\" content=\"en_US\" \/>\n<meta property=\"og:type\" content=\"article\" \/>\n<meta property=\"og:title\" content=\"Type 2702 - NEW SKY CO.,LTD\" \/>\n<meta property=\"og:description\" content=\"[:vi]&nbsp;  Van \u0111i\u1ec1u khi\u1ec3n g\u00f3c nghi\u00ean 2 ng\u00f5, ho\u1ea1t \u0111\u1ed9ng b\u1eb1ng tay  Van \u0111i\u1ec1u khi\u1ec3n 2702 bao g\u1ed3m th\u00e2n gh\u1ebf g\u00f3c b\u1eb1ng th\u00e9p kh\u00f4ng g\u1ec9 v\u1edbi b\u1ed9 truy\u1ec1n \u0111\u1ed9ng b\u1eb1ng tay.\u00a0Ph\u00edch c\u1eafm van parabol d\u1eabn \u0111\u1ebfn c\u00f4ng su\u1ea5t d\u00f2ng ch\u1ea3y l\u1edbn h\u01a1n kho\u1ea3ng 35% so v\u1edbi van \u0111i\u1ec1u khi\u1ec3n th\u00f4ng th\u01b0\u1eddng.\u00a0N\u00f3 c\u00f3 s\u1eb5n b\u1eb1ng th\u00e9p kh\u00f4ng g\u1ec9 tr\u00ean th\u00e9p kh\u00f4ng g\u1ec9 ho\u1eb7c v\u1edbi m\u1ed9t con d\u1ea5u PTFE b\u1ec1n \u0111\u1ec3 \u0111\u00f3ng ng\u1eaft ch\u1eb7t ch\u1ebd.\u00a0C\u00f3 th\u1ec3 d\u1ec5 d\u00e0ng c\u00e0i \u0111\u1eb7t t\u1ed1c \u0111\u1ed9 d\u00f2ng ch\u1ea3y mong mu\u1ed1n b\u1eb1ng c\u00e1ch s\u1eed d\u1ee5ng ch\u1ec9 b\u00e1o v\u1ecb tr\u00ed ch\u00ednh x\u00e1c.\u00a0Bi\u1ebfn th\u1ec3 v\u1eadn h\u00e0nh b\u1eb1ng kh\u00ed n\u00e9n c\u1ee7a Ki\u1ec3u 2702 kh\u00f4ng c\u00f2n n\u1eefa - k\u1ec3 t\u1eeb th\u00e1ng 7 n\u0103m 2020. Ng\u01b0\u1eddi k\u1ebf nhi\u1ec7m l\u00e0 Ki\u1ec3u 2300.    \u0110\u1ed9 ch\u00ednh x\u00e1c ki\u1ec3m so\u00e1t tuy\u1ec7t v\u1eddi v\u00e0 c\u00f4ng su\u1ea5t d\u00f2ng ch\u1ea3y cao  Tu\u1ed5i th\u1ecd d\u00e0i  Th\u00e2n van b\u1eb1ng th\u00e9p kh\u00f4ng g\u1ec9 v\u1edbi tay \u00e1o ho\u1eb7c k\u1ebft n\u1ed1i h\u00e0n  [:en]&nbsp;  Manually operated 2-way angle seat control valve  The 2702 control valve consists of a stainless steel angle seat body with a manual actuator. The parabolic valve plug results in a flow capacity approximately 35% greater than conventional control valves. It is available in either stainless steel on stainless steel or with a durable PTFE seal for tight shut-off. The desired flow rate can be easily set using an exact position indicator. The pneumatically operated variant of the Type 2702 is not available anymore \u2013 since July 2020. The successor is the Type 2300.    Excellent control accuracy and high flow capacity  Long service life  Stainless steel valve body with sleeve or welded connection  [:]\" \/>\n<meta property=\"og:url\" content=\"https:\/\/newskyvn.com\/product\/type-2702\/\" \/>\n<meta property=\"og:site_name\" content=\"NEW SKY CO.,LTD\" \/>\n<meta property=\"article:modified_time\" content=\"2021-10-03T09:22:33+00:00\" \/>\n<meta property=\"og:image\" content=\"https:\/\/newskyvn.com\/wp-content\/uploads\/2021\/10\/Type-2702.jpg\" \/>\n\t<meta property=\"og:image:width\" content=\"500\" \/>\n\t<meta property=\"og:image:height\" content=\"500\" \/>\n<meta name=\"twitter:card\" content=\"summary_large_image\" \/>\n<script type=\"application\/ld+json\" class=\"yoast-schema-graph\">{\"@context\":\"https:\/\/schema.org\",\"@graph\":[{\"@type\":\"WebSite\",\"@id\":\"https:\/\/newskyvn.com\/#website\",\"url\":\"https:\/\/newskyvn.com\/\",\"name\":\"NEW SKY CO.,LTD\",\"description\":\"C\\u00f4ng Ty TNHH S\\u1ea3n Xu\\u1ea5t Th\\u01b0\\u01a1ng M\\u1ea1i D\\u1ecbch V\\u1ee5 T\\u00e2n Thi\\u00ean\",\"potentialAction\":[{\"@type\":\"SearchAction\",\"target\":{\"@type\":\"EntryPoint\",\"urlTemplate\":\"https:\/\/newskyvn.com\/?s={search_term_string}\"},\"query-input\":\"required name=search_term_string\"}],\"inLanguage\":\"en-US\"},{\"@type\":\"ImageObject\",\"@id\":\"https:\/\/newskyvn.com\/product\/type-2702\/#primaryimage\",\"inLanguage\":\"en-US\",\"url\":\"https:\/\/newskyvn.com\/wp-content\/uploads\/2021\/10\/Type-2702.jpg\",\"contentUrl\":\"https:\/\/newskyvn.com\/wp-content\/uploads\/2021\/10\/Type-2702.jpg\",\"width\":500,\"height\":500},{\"@type\":\"WebPage\",\"@id\":\"https:\/\/newskyvn.com\/product\/type-2702\/#webpage\",\"url\":\"https:\/\/newskyvn.com\/product\/type-2702\/\",\"name\":\"Type 2702 - NEW SKY CO.,LTD\",\"isPartOf\":{\"@id\":\"https:\/\/newskyvn.com\/#website\"},\"primaryImageOfPage\":{\"@id\":\"https:\/\/newskyvn.com\/product\/type-2702\/#primaryimage\"},\"datePublished\":\"2021-10-03T09:22:32+00:00\",\"dateModified\":\"2021-10-03T09:22:33+00:00\",\"breadcrumb\":{\"@id\":\"https:\/\/newskyvn.com\/product\/type-2702\/#breadcrumb\"},\"inLanguage\":\"en-US\",\"potentialAction\":[{\"@type\":\"ReadAction\",\"target\":[\"https:\/\/newskyvn.com\/product\/type-2702\/\"]}]},{\"@type\":\"BreadcrumbList\",\"@id\":\"https:\/\/newskyvn.com\/product\/type-2702\/#breadcrumb\",\"itemListElement\":[{\"@type\":\"ListItem\",\"position\":1,\"name\":\"Product\",\"item\":\"https:\/\/newskyvn.com\/en\/san-pham\/\"},{\"@type\":\"ListItem\",\"position\":2,\"name\":\"Type 2702\"}]}]}<\/script>\n<!-- \/ Yoast SEO plugin. -->","_links":{"self":[{"href":"https:\/\/newskyvn.com\/en\/wp-json\/wp\/v2\/product\/2118"}],"collection":[{"href":"https:\/\/newskyvn.com\/en\/wp-json\/wp\/v2\/product"}],"about":[{"href":"https:\/\/newskyvn.com\/en\/wp-json\/wp\/v2\/types\/product"}],"replies":[{"embeddable":true,"href":"https:\/\/newskyvn.com\/en\/wp-json\/wp\/v2\/comments?post=2118"}],"wp:featuredmedia":[{"embeddable":true,"href":"https:\/\/newskyvn.com\/en\/wp-json\/wp\/v2\/media\/2120"}],"wp:attachment":[{"href":"https:\/\/newskyvn.com\/en\/wp-json\/wp\/v2\/media?parent=2118"}],"wp:term":[{"taxonomy":"product_cat","embeddable":true,"href":"https:\/\/newskyvn.com\/en\/wp-json\/wp\/v2\/product_cat?post=2118"},{"taxonomy":"product_tag","embeddable":true,"href":"https:\/\/newskyvn.com\/en\/wp-json\/wp\/v2\/product_tag?post=2118"}],"curies":[{"name":"wp","href":"https:\/\/api.w.org\/{rel}","templated":true}]}}