{"id":2115,"date":"2021-10-03T09:17:09","date_gmt":"2021-10-03T09:17:09","guid":{"rendered":"https:\/\/newskyvn.com\/?post_type=product&#038;p=2115"},"modified":"2021-10-03T09:17:10","modified_gmt":"2021-10-03T09:17:10","slug":"type-2300","status":"publish","type":"product","link":"https:\/\/newskyvn.com\/en\/product\/type-2300\/","title":{"rendered":"Type 2300"},"content":{"rendered":"","protected":false},"excerpt":{"rendered":"<p>&nbsp;<\/p>\n<p><strong>Pneumatically operated 2 way angle seat control valve ELEMENT<\/strong><\/p>\n<p>In line with B\u00fcrkert\u2019s philosophy for modular valves and sensors the construction of Type 2300 angle-seat valve fulfils tough criteria for process environments. Unrivalled cycle life and sealing integrity is guaranteed by the proven self adjusting packing gland. The parabolic trim results in a flow characteristic approximately 35% larger than conventional control valves. It is available in either stainless steel on stainless steel or with a durable PTFE seal for tight shut-off. The design enables the easy integration of automation modules whether they are digital electropneumatic positioner or process controller. The fully integrated system has a compact and smooth design, integrated pneumatic lines, IP65\/67, NEMA Type 4X protection class and superior chemical resistance. This system has been engineered for reliable accurate control in applications where high flow rate is an advantage.<\/p>\n<div class=\"copy\">\n<ul>\n<li>Excellent combination of good control characteristic and high flow rate<\/li>\n<li>Long service life<\/li>\n<li>Control units can be mounted directly without external tubing<\/li>\n<li>Stainless steel housing with thread, clamp and weld end connection<\/li>\n<\/ul>\n<\/div>\n<p>&nbsp;<\/p>\n","protected":false},"featured_media":2117,"comment_status":"open","ping_status":"closed","template":"","meta":[],"product_cat":[107,109],"product_tag":[],"yoast_head":"<!-- This site is optimized with the Yoast SEO plugin v16.6.1 - https:\/\/yoast.com\/wordpress\/plugins\/seo\/ -->\n<title>Type 2300 - NEW SKY CO.,LTD<\/title>\n<meta name=\"robots\" content=\"index, follow, max-snippet:-1, max-image-preview:large, max-video-preview:-1\" \/>\n<link rel=\"canonical\" href=\"https:\/\/newskyvn.com\/product\/type-2300\/\" \/>\n<meta property=\"og:locale\" content=\"en_US\" \/>\n<meta property=\"og:type\" content=\"article\" \/>\n<meta property=\"og:title\" content=\"Type 2300 - NEW SKY CO.,LTD\" \/>\n<meta property=\"og:description\" content=\"[:vi]&nbsp;  Van \u0111i\u1ec1u khi\u1ec3n d\u1ea1ng g\u00f3c nghi\u00ean 2 ng\u00f5, ho\u1ea1t \u0111\u1ed9ng b\u1eb1ng kh\u00ed n\u00e9n, d\u00f2ng ELEMENT  Ph\u00f9 h\u1ee3p v\u1edbi tri\u1ebft l\u00fd c\u1ee7a B\u00fcrkert \u0111\u1ed1i v\u1edbi van m\u00f4-\u0111un v\u00e0 c\u1ea3m bi\u1ebfn, c\u1ea5u t\u1ea1o c\u1ee7a van g\u00f3c ng\u1ed3i Ki\u1ec3u 2300 \u0111\u00e1p \u1ee9ng c\u00e1c ti\u00eau ch\u00ed kh\u1eafc nghi\u1ec7t cho m\u00f4i tr\u01b0\u1eddng quy tr\u00ecnh.\u00a0Tu\u1ed5i th\u1ecd chu k\u1ef3 v\u00f4 song v\u00e0 t\u00ednh to\u00e0n v\u1eb9n c\u1ee7a ni\u00eam phong \u0111\u01b0\u1ee3c \u0111\u1ea3m b\u1ea3o b\u1edfi tuy\u1ebfn \u0111\u00f3ng g\u00f3i t\u1ef1 \u0111i\u1ec1u ch\u1ec9nh \u0111\u00e3 \u0111\u01b0\u1ee3c ch\u1ee9ng minh.\u00a0\u0110\u01b0\u1eddng c\u1eaft h\u00ecnh parabol d\u1eabn \u0111\u1ebfn \u0111\u1eb7c t\u00ednh d\u00f2ng ch\u1ea3y l\u1edbn h\u01a1n kho\u1ea3ng 35% so v\u1edbi van \u0111i\u1ec1u khi\u1ec3n th\u00f4ng th\u01b0\u1eddng.\u00a0N\u00f3 c\u00f3 s\u1eb5n b\u1eb1ng th\u00e9p kh\u00f4ng g\u1ec9 tr\u00ean th\u00e9p kh\u00f4ng g\u1ec9 ho\u1eb7c v\u1edbi m\u1ed9t con d\u1ea5u PTFE b\u1ec1n \u0111\u1ec3 \u0111\u00f3ng ng\u1eaft ch\u1eb7t ch\u1ebd.\u00a0Thi\u1ebft k\u1ebf cho ph\u00e9p t\u00edch h\u1ee3p d\u1ec5 d\u00e0ng c\u00e1c m\u00f4-\u0111un t\u1ef1 \u0111\u1ed9ng h\u00f3a cho d\u00f9 ch\u00fang l\u00e0 b\u1ed9 \u0111\u1ecbnh v\u1ecb \u0111i\u1ec7n kh\u00ed n\u00e9n k\u1ef9 thu\u1eadt s\u1ed1 hay b\u1ed9 \u0111i\u1ec1u khi\u1ec3n quy tr\u00ecnh.\u00a0H\u1ec7 th\u1ed1ng t\u00edch h\u1ee3p \u0111\u1ea7y \u0111\u1ee7 c\u00f3 thi\u1ebft k\u1ebf nh\u1ecf g\u1ecdn v\u00e0 \u00eam \u00e1i, t\u00edch h\u1ee3p \u0111\u01b0\u1eddng kh\u00ed n\u00e9n, c\u1ea5p b\u1ea3o v\u1ec7 IP65 \/ 67, NEMA Type 4X v\u00e0 kh\u1ea3 n\u0103ng kh\u00e1ng h\u00f3a ch\u1ea5t v\u01b0\u1ee3t tr\u1ed9i.    S\u1ef1 k\u1ebft h\u1ee3p tuy\u1ec7t v\u1eddi gi\u1eefa \u0111\u1eb7c t\u00ednh \u0111i\u1ec1u khi\u1ec3n t\u1ed1t v\u00e0 t\u1ed1c \u0111\u1ed9 d\u00f2ng ch\u1ea3y cao  Tu\u1ed5i th\u1ecd d\u00e0i  C\u00e1c \u0111\u01a1n v\u1ecb \u0111i\u1ec1u khi\u1ec3n c\u00f3 th\u1ec3 \u0111\u01b0\u1ee3c g\u1eafn tr\u1ef1c ti\u1ebfp m\u00e0 kh\u00f4ng c\u1ea7n \u1ed1ng b\u00ean ngo\u00e0i  V\u1ecf th\u00e9p kh\u00f4ng g\u1ec9 v\u1edbi k\u1ebft n\u1ed1i ren, k\u1eb9p v\u00e0 m\u1ed1i h\u00e0n  [:en]&nbsp;  Pneumatically operated 2 way angle seat control valve ELEMENT  In line with B\u00fcrkert\u2019s philosophy for modular valves and sensors the construction of Type 2300 angle-seat valve fulfils tough criteria for process environments. Unrivalled cycle life and sealing integrity is guaranteed by the proven self adjusting packing gland. The parabolic trim results in a flow characteristic approximately 35% larger than conventional control valves. It is available in either stainless steel on stainless steel or with a durable PTFE seal for tight shut-off. The design enables the easy integration of automation modules whether they are digital electropneumatic positioner or process controller. The fully integrated system has a compact and smooth design, integrated pneumatic lines, IP65\/67, NEMA Type 4X protection class and superior chemical resistance. This system has been engineered for reliable accurate control in applications where high flow rate is an advantage.    Excellent combination of good control characteristic and high flow rate  Long service life  Control units can be mounted directly without external tubing  Stainless steel housing with thread, clamp and weld end connection   &nbsp;[:]\" \/>\n<meta property=\"og:url\" content=\"https:\/\/newskyvn.com\/product\/type-2300\/\" \/>\n<meta property=\"og:site_name\" content=\"NEW SKY CO.,LTD\" \/>\n<meta property=\"article:modified_time\" content=\"2021-10-03T09:17:10+00:00\" \/>\n<meta property=\"og:image\" content=\"https:\/\/newskyvn.com\/wp-content\/uploads\/2021\/10\/Type-2300.jpg\" \/>\n\t<meta property=\"og:image:width\" content=\"500\" \/>\n\t<meta property=\"og:image:height\" content=\"500\" \/>\n<meta name=\"twitter:card\" content=\"summary_large_image\" \/>\n<script type=\"application\/ld+json\" class=\"yoast-schema-graph\">{\"@context\":\"https:\/\/schema.org\",\"@graph\":[{\"@type\":\"WebSite\",\"@id\":\"https:\/\/newskyvn.com\/#website\",\"url\":\"https:\/\/newskyvn.com\/\",\"name\":\"NEW SKY CO.,LTD\",\"description\":\"C\\u00f4ng Ty TNHH S\\u1ea3n Xu\\u1ea5t Th\\u01b0\\u01a1ng M\\u1ea1i D\\u1ecbch V\\u1ee5 T\\u00e2n Thi\\u00ean\",\"potentialAction\":[{\"@type\":\"SearchAction\",\"target\":{\"@type\":\"EntryPoint\",\"urlTemplate\":\"https:\/\/newskyvn.com\/?s={search_term_string}\"},\"query-input\":\"required name=search_term_string\"}],\"inLanguage\":\"en-US\"},{\"@type\":\"ImageObject\",\"@id\":\"https:\/\/newskyvn.com\/product\/type-2300\/#primaryimage\",\"inLanguage\":\"en-US\",\"url\":\"https:\/\/newskyvn.com\/wp-content\/uploads\/2021\/10\/Type-2300.jpg\",\"contentUrl\":\"https:\/\/newskyvn.com\/wp-content\/uploads\/2021\/10\/Type-2300.jpg\",\"width\":500,\"height\":500},{\"@type\":\"WebPage\",\"@id\":\"https:\/\/newskyvn.com\/product\/type-2300\/#webpage\",\"url\":\"https:\/\/newskyvn.com\/product\/type-2300\/\",\"name\":\"Type 2300 - NEW SKY CO.,LTD\",\"isPartOf\":{\"@id\":\"https:\/\/newskyvn.com\/#website\"},\"primaryImageOfPage\":{\"@id\":\"https:\/\/newskyvn.com\/product\/type-2300\/#primaryimage\"},\"datePublished\":\"2021-10-03T09:17:09+00:00\",\"dateModified\":\"2021-10-03T09:17:10+00:00\",\"breadcrumb\":{\"@id\":\"https:\/\/newskyvn.com\/product\/type-2300\/#breadcrumb\"},\"inLanguage\":\"en-US\",\"potentialAction\":[{\"@type\":\"ReadAction\",\"target\":[\"https:\/\/newskyvn.com\/product\/type-2300\/\"]}]},{\"@type\":\"BreadcrumbList\",\"@id\":\"https:\/\/newskyvn.com\/product\/type-2300\/#breadcrumb\",\"itemListElement\":[{\"@type\":\"ListItem\",\"position\":1,\"name\":\"Product\",\"item\":\"https:\/\/newskyvn.com\/en\/san-pham\/\"},{\"@type\":\"ListItem\",\"position\":2,\"name\":\"Type 2300\"}]}]}<\/script>\n<!-- \/ Yoast SEO plugin. -->","_links":{"self":[{"href":"https:\/\/newskyvn.com\/en\/wp-json\/wp\/v2\/product\/2115"}],"collection":[{"href":"https:\/\/newskyvn.com\/en\/wp-json\/wp\/v2\/product"}],"about":[{"href":"https:\/\/newskyvn.com\/en\/wp-json\/wp\/v2\/types\/product"}],"replies":[{"embeddable":true,"href":"https:\/\/newskyvn.com\/en\/wp-json\/wp\/v2\/comments?post=2115"}],"wp:featuredmedia":[{"embeddable":true,"href":"https:\/\/newskyvn.com\/en\/wp-json\/wp\/v2\/media\/2117"}],"wp:attachment":[{"href":"https:\/\/newskyvn.com\/en\/wp-json\/wp\/v2\/media?parent=2115"}],"wp:term":[{"taxonomy":"product_cat","embeddable":true,"href":"https:\/\/newskyvn.com\/en\/wp-json\/wp\/v2\/product_cat?post=2115"},{"taxonomy":"product_tag","embeddable":true,"href":"https:\/\/newskyvn.com\/en\/wp-json\/wp\/v2\/product_tag?post=2115"}],"curies":[{"name":"wp","href":"https:\/\/api.w.org\/{rel}","templated":true}]}}