{"id":2112,"date":"2021-10-03T09:06:35","date_gmt":"2021-10-03T09:06:35","guid":{"rendered":"https:\/\/newskyvn.com\/?post_type=product&#038;p=2112"},"modified":"2021-10-03T09:07:34","modified_gmt":"2021-10-03T09:07:34","slug":"type-2730","status":"publish","type":"product","link":"https:\/\/newskyvn.com\/en\/product\/type-2730\/","title":{"rendered":"Type 2730"},"content":{"rendered":"","protected":false},"excerpt":{"rendered":"<p>&nbsp;<\/p>\n<p><strong>2\/2-way \u2013 diaphragm valve with pneumatic position-actuator in plastic ( Type Classic )<\/strong><\/p>\n<p>The externally controlled diaphragm valve, Type 2730, consists of a pneumatically operated piston actuator, a built-in positioner, a diaphragm and a 2 way valve housing. The proven and robust actuator with plastic housing ensures use under hygienic or aggressive environmental conditions. The flow-efficient valve housing with little dead space enables high flow rates and a wide range of possible uses. The plastic valve housing and the diaphragm are available in all common materials and designs. The actuator has a compact, autoclavable design (PPS version). The integration of automation TopControl units 8692\/8693\/8694 and SideControl units 8635\/8792\/8793 is possible in all expansion stages (can be retrofitted). An explosion-proof ATEX \/ IECEx device variant is available.The add-on housing is available in plastic or stainless steel. The actuator is equipped with an integrated, optical position indicator as standard, optionally a min.\/max. stroke limitation can be installed.<\/p>\n<div class=\"copy\">\n<ul>\n<li>Valve housing in PVC, PP, PVDF<\/li>\n<li>Diaphragms available in various materials and designs<\/li>\n<li>Available in all common connection sizes and variants<\/li>\n<\/ul>\n<\/div>\n","protected":false},"featured_media":2114,"comment_status":"open","ping_status":"closed","template":"","meta":[],"product_cat":[107,109],"product_tag":[],"yoast_head":"<!-- This site is optimized with the Yoast SEO plugin v16.6.1 - https:\/\/yoast.com\/wordpress\/plugins\/seo\/ -->\n<title>Type 2730 - NEW SKY CO.,LTD<\/title>\n<meta name=\"robots\" content=\"index, follow, max-snippet:-1, max-image-preview:large, max-video-preview:-1\" \/>\n<link rel=\"canonical\" href=\"https:\/\/newskyvn.com\/product\/type-2730\/\" \/>\n<meta property=\"og:locale\" content=\"en_US\" \/>\n<meta property=\"og:type\" content=\"article\" \/>\n<meta property=\"og:title\" content=\"Type 2730 - NEW SKY CO.,LTD\" \/>\n<meta property=\"og:description\" content=\"[:vi]&nbsp;  van m\u00e0ng 2\/2 ng\u00f5 -\u00a0 v\u1edbi b\u1ed9 truy\u1ec1n \u0111\u1ed9ng v\u00e0 b\u00e1o v\u1ecb tr\u00ed b\u1eb1ng kh\u00ed n\u00e9n, ch\u1ea5t li\u1ec7u nh\u1ef1a (Lo\u1ea1i c\u1ed5 \u0111i\u1ec3n)  Van m\u00e0ng \u0111\u01b0\u1ee3c \u0111i\u1ec1u khi\u1ec3n b\u00ean ngo\u00e0i, Ki\u1ec3u 2730, bao g\u1ed3m m\u1ed9t b\u1ed9 truy\u1ec1n \u0111\u1ed9ng piston ho\u1ea1t \u0111\u1ed9ng b\u1eb1ng kh\u00ed n\u00e9n, m\u1ed9t b\u1ed9 \u0111\u1ecbnh v\u1ecb t\u00edch h\u1ee3p, m\u1ed9t m\u00e0ng ng\u0103n v\u00e0 m\u1ed9t v\u1ecf van 2 chi\u1ec1u.\u00a0Thi\u1ebft b\u1ecb truy\u1ec1n \u0111\u1ed9ng m\u1ea1nh m\u1ebd v\u00e0 \u0111\u00e3 \u0111\u01b0\u1ee3c ki\u1ec3m ch\u1ee9ng v\u1edbi v\u1ecf nh\u1ef1a \u0111\u1ea3m b\u1ea3o s\u1eed d\u1ee5ng trong c\u00e1c \u0111i\u1ec1u ki\u1ec7n m\u00f4i tr\u01b0\u1eddng h\u1ee3p v\u1ec7 sinh ho\u1eb7c kh\u1eafc nghi\u1ec7t.\u00a0V\u1ecf van ti\u1ebft ki\u1ec7m d\u00f2ng ch\u1ea3y v\u1edbi \u00edt kh\u00f4ng gian ch\u1ebft cho ph\u00e9p t\u1ed1c \u0111\u1ed9 d\u00f2ng ch\u1ea3y cao v\u00e0 nhi\u1ec1u m\u1ee5c \u0111\u00edch s\u1eed d\u1ee5ng c\u00f3 th\u1ec3.\u00a0V\u1ecf van nh\u1ef1a v\u00e0 m\u00e0ng ng\u0103n c\u00f3 s\u1eb5n trong t\u1ea5t c\u1ea3 c\u00e1c v\u1eadt li\u1ec7u v\u00e0 thi\u1ebft k\u1ebf th\u00f4ng th\u01b0\u1eddng.\u00a0B\u1ed9 truy\u1ec1n \u0111\u1ed9ng c\u00f3 thi\u1ebft k\u1ebf nh\u1ecf g\u1ecdn, c\u00f3 th\u1ec3 h\u1ea5p ti\u1ec7t tr\u00f9ng (phi\u00ean b\u1ea3n PPS).\u00a0Vi\u1ec7c t\u00edch h\u1ee3p c\u00e1c \u0111\u01a1n v\u1ecb TopControl t\u1ef1 \u0111\u1ed9ng h\u00f3a 8692\/8693\/8694 v\u00e0 c\u00e1c \u0111\u01a1n v\u1ecb SideControl 8635\/8792\/8793 c\u00f3 th\u1ec3 th\u1ef1c hi\u1ec7n \u0111\u01b0\u1ee3c trong t\u1ea5t c\u1ea3 c\u00e1c giai \u0111o\u1ea1n m\u1edf r\u1ed9ng (c\u00f3 th\u1ec3 \u0111\u01b0\u1ee3c trang b\u1ecb th\u00eam).\u00a0C\u00f3 s\u1eb5n bi\u1ebfn th\u1ec3 thi\u1ebft b\u1ecb ATEX \/ IECEx ch\u1ed1ng ch\u00e1y n\u1ed5. V\u1ecf b\u1ed5 sung c\u00f3 s\u1eb5n b\u1eb1ng nh\u1ef1a ho\u1eb7c th\u00e9p kh\u00f4ng g\u1ec9.\u00a0Thi\u1ebft b\u1ecb truy\u1ec1n \u0111\u1ed9ng \u0111\u01b0\u1ee3c trang b\u1ecb m\u1ed9t ch\u1ec9 b\u00e1o v\u1ecb tr\u00ed quang h\u1ecdc t\u00edch h\u1ee3p theo ti\u00eau chu\u1ea9n, t\u00f9y ch\u1ecdn l\u00e0 t\u1ed1i thi\u1ec3u \/ t\u1ed1i \u0111a.\u00a0gi\u1edbi h\u1ea1n h\u00e0nh tr\u00ecnh c\u00f3 th\u1ec3 \u0111\u01b0\u1ee3c c\u00e0i \u0111\u1eb7t.    V\u1ecf van b\u1eb1ng PVC, PP, PVDF  C\u00e1c t\u1ea5m ch\u1eafn c\u00f3 s\u1eb5n trong nhi\u1ec1u v\u1eadt li\u1ec7u v\u00e0 ki\u1ec3u d\u00e1ng kh\u00e1c nhau  C\u00f3 s\u1eb5n \u1edf t\u1ea5t c\u1ea3 c\u00e1c k\u00edch th\u01b0\u1edbc v\u00e0 bi\u1ebfn th\u1ec3 k\u1ebft n\u1ed1i ph\u1ed5 bi\u1ebfn  [:en]&nbsp;  2\/2-way \u2013 diaphragm valve with pneumatic position-actuator in plastic ( Type Classic )  The externally controlled diaphragm valve, Type 2730, consists of a pneumatically operated piston actuator, a built-in positioner, a diaphragm and a 2 way valve housing. The proven and robust actuator with plastic housing ensures use under hygienic or aggressive environmental conditions. The flow-efficient valve housing with little dead space enables high flow rates and a wide range of possible uses. The plastic valve housing and the diaphragm are available in all common materials and designs. The actuator has a compact, autoclavable design (PPS version). The integration of automation TopControl units 8692\/8693\/8694 and SideControl units 8635\/8792\/8793 is possible in all expansion stages (can be retrofitted). An explosion-proof ATEX \/ IECEx device variant is available.The add-on housing is available in plastic or stainless steel. The actuator is equipped with an integrated, optical position indicator as standard, optionally a min.\/max. stroke limitation can be installed.    Valve housing in PVC, PP, PVDF  Diaphragms available in various materials and designs  Available in all common connection sizes and variants  [:]\" \/>\n<meta property=\"og:url\" content=\"https:\/\/newskyvn.com\/product\/type-2730\/\" \/>\n<meta property=\"og:site_name\" content=\"NEW SKY CO.,LTD\" \/>\n<meta property=\"article:modified_time\" content=\"2021-10-03T09:07:34+00:00\" \/>\n<meta property=\"og:image\" content=\"https:\/\/newskyvn.com\/wp-content\/uploads\/2021\/10\/Type-2730.jpg\" \/>\n\t<meta property=\"og:image:width\" content=\"500\" \/>\n\t<meta property=\"og:image:height\" content=\"500\" \/>\n<meta name=\"twitter:card\" content=\"summary_large_image\" \/>\n<script type=\"application\/ld+json\" class=\"yoast-schema-graph\">{\"@context\":\"https:\/\/schema.org\",\"@graph\":[{\"@type\":\"WebSite\",\"@id\":\"https:\/\/newskyvn.com\/#website\",\"url\":\"https:\/\/newskyvn.com\/\",\"name\":\"NEW SKY CO.,LTD\",\"description\":\"C\\u00f4ng Ty TNHH S\\u1ea3n Xu\\u1ea5t Th\\u01b0\\u01a1ng M\\u1ea1i D\\u1ecbch V\\u1ee5 T\\u00e2n Thi\\u00ean\",\"potentialAction\":[{\"@type\":\"SearchAction\",\"target\":{\"@type\":\"EntryPoint\",\"urlTemplate\":\"https:\/\/newskyvn.com\/?s={search_term_string}\"},\"query-input\":\"required name=search_term_string\"}],\"inLanguage\":\"en-US\"},{\"@type\":\"ImageObject\",\"@id\":\"https:\/\/newskyvn.com\/product\/type-2730\/#primaryimage\",\"inLanguage\":\"en-US\",\"url\":\"https:\/\/newskyvn.com\/wp-content\/uploads\/2021\/10\/Type-2730.jpg\",\"contentUrl\":\"https:\/\/newskyvn.com\/wp-content\/uploads\/2021\/10\/Type-2730.jpg\",\"width\":500,\"height\":500},{\"@type\":\"WebPage\",\"@id\":\"https:\/\/newskyvn.com\/product\/type-2730\/#webpage\",\"url\":\"https:\/\/newskyvn.com\/product\/type-2730\/\",\"name\":\"Type 2730 - NEW SKY CO.,LTD\",\"isPartOf\":{\"@id\":\"https:\/\/newskyvn.com\/#website\"},\"primaryImageOfPage\":{\"@id\":\"https:\/\/newskyvn.com\/product\/type-2730\/#primaryimage\"},\"datePublished\":\"2021-10-03T09:06:35+00:00\",\"dateModified\":\"2021-10-03T09:07:34+00:00\",\"breadcrumb\":{\"@id\":\"https:\/\/newskyvn.com\/product\/type-2730\/#breadcrumb\"},\"inLanguage\":\"en-US\",\"potentialAction\":[{\"@type\":\"ReadAction\",\"target\":[\"https:\/\/newskyvn.com\/product\/type-2730\/\"]}]},{\"@type\":\"BreadcrumbList\",\"@id\":\"https:\/\/newskyvn.com\/product\/type-2730\/#breadcrumb\",\"itemListElement\":[{\"@type\":\"ListItem\",\"position\":1,\"name\":\"Product\",\"item\":\"https:\/\/newskyvn.com\/en\/san-pham\/\"},{\"@type\":\"ListItem\",\"position\":2,\"name\":\"Type 2730\"}]}]}<\/script>\n<!-- \/ Yoast SEO plugin. -->","_links":{"self":[{"href":"https:\/\/newskyvn.com\/en\/wp-json\/wp\/v2\/product\/2112"}],"collection":[{"href":"https:\/\/newskyvn.com\/en\/wp-json\/wp\/v2\/product"}],"about":[{"href":"https:\/\/newskyvn.com\/en\/wp-json\/wp\/v2\/types\/product"}],"replies":[{"embeddable":true,"href":"https:\/\/newskyvn.com\/en\/wp-json\/wp\/v2\/comments?post=2112"}],"wp:featuredmedia":[{"embeddable":true,"href":"https:\/\/newskyvn.com\/en\/wp-json\/wp\/v2\/media\/2114"}],"wp:attachment":[{"href":"https:\/\/newskyvn.com\/en\/wp-json\/wp\/v2\/media?parent=2112"}],"wp:term":[{"taxonomy":"product_cat","embeddable":true,"href":"https:\/\/newskyvn.com\/en\/wp-json\/wp\/v2\/product_cat?post=2112"},{"taxonomy":"product_tag","embeddable":true,"href":"https:\/\/newskyvn.com\/en\/wp-json\/wp\/v2\/product_tag?post=2112"}],"curies":[{"name":"wp","href":"https:\/\/api.w.org\/{rel}","templated":true}]}}