{"id":2106,"date":"2021-10-03T08:53:44","date_gmt":"2021-10-03T08:53:44","guid":{"rendered":"https:\/\/newskyvn.com\/?post_type=product&#038;p=2106"},"modified":"2021-10-03T08:53:45","modified_gmt":"2021-10-03T08:53:45","slug":"type-8803","status":"publish","type":"product","link":"https:\/\/newskyvn.com\/en\/product\/type-8803\/","title":{"rendered":"Type 8803"},"content":{"rendered":"","protected":false},"excerpt":{"rendered":"<p>&nbsp;<\/p>\n<p><strong>Process valve system with pilot valves and position feedbacks<\/strong><\/p>\n<p>Type 8803 consists of B\u00fcrkert process valves with pneumatic stroke or rotary actuators (Types 2000, 2006, 2012, 2030, 2031, 2060, 2063, 2651, 2652, 2655, 2658, 2672 and 2675) and pre-mounted accessories. The modular accessory program includes different solutions for feedback, stroke limit and actuation of valves. Process valve systems with integrated pneumatic valve actuation and position feedbacks with control heads are combined in Type 8801.<\/p>\n<div class=\"copy\">\n<ul>\n<li>Accessories pre-mounted and tested<\/li>\n<li>Stroke limits<\/li>\n<li>Adapters for inductive proximity switches<\/li>\n<li>Pilot valves<\/li>\n<\/ul>\n<\/div>\n","protected":false},"featured_media":2108,"comment_status":"open","ping_status":"closed","template":"","meta":[],"product_cat":[107,109],"product_tag":[],"yoast_head":"<!-- This site is optimized with the Yoast SEO plugin v16.6.1 - https:\/\/yoast.com\/wordpress\/plugins\/seo\/ -->\n<title>Type 8803 - NEW SKY CO.,LTD<\/title>\n<meta name=\"robots\" content=\"index, follow, max-snippet:-1, max-image-preview:large, max-video-preview:-1\" \/>\n<link rel=\"canonical\" href=\"https:\/\/newskyvn.com\/product\/type-8803\/\" \/>\n<meta property=\"og:locale\" content=\"en_US\" \/>\n<meta property=\"og:type\" content=\"article\" \/>\n<meta property=\"og:title\" content=\"Type 8803 - NEW SKY CO.,LTD\" \/>\n<meta property=\"og:description\" content=\"[:vi]&nbsp;  H\u1ec7 th\u1ed1ng van qu\u00e1 tr\u00ecnh v\u1edbi c\u00e1c van d\u1eabn h\u01b0\u1edbng v\u00e0 b\u1ed9 ph\u1eadn b\u00e1o v\u1ecb tr\u00ed van  Lo\u1ea1i 8803 bao g\u1ed3m van quy tr\u00ecnh B\u00fcrkert v\u1edbi b\u1ed9 truy\u1ec1n \u0111\u1ed9ng h\u00e0nh tr\u00ecnh kh\u00ed n\u00e9n ho\u1eb7c b\u1ed9 truy\u1ec1n \u0111\u1ed9ng quay (C\u00e1c lo\u1ea1i 2000, 2006, 2012, 2030, 2031, 2060, 2063, 2651, 2652, 2655, 2658, 2672 v\u00e0 2675) v\u00e0 c\u00e1c ph\u1ee5 ki\u1ec7n g\u1eafn s\u1eb5n.\u00a0Ch\u01b0\u01a1ng tr\u00ecnh ph\u1ee5 ki\u1ec7n m\u00f4-\u0111un bao g\u1ed3m c\u00e1c gi\u1ea3i ph\u00e1p kh\u00e1c nhau cho ph\u1ea3n h\u1ed3i, gi\u1edbi h\u1ea1n h\u00e0nh tr\u00ecnh v\u00e0 ho\u1ea1t \u0111\u1ed9ng c\u1ee7a van.\u00a0H\u1ec7 th\u1ed1ng van qu\u00e1 tr\u00ecnh c\u00f3 t\u00edch h\u1ee3p t\u00e1c \u0111\u1ed9ng van kh\u00ed n\u00e9n v\u00e0 ph\u1ea3n h\u1ed3i v\u1ecb tr\u00ed v\u1edbi \u0111\u1ea7u \u0111i\u1ec1u khi\u1ec3n \u0111\u01b0\u1ee3c k\u1ebft h\u1ee3p trong Ki\u1ec3u 8801.    Ph\u1ee5 ki\u1ec7n \u0111\u01b0\u1ee3c g\u1eafn s\u1eb5n v\u00e0 th\u1eed nghi\u1ec7m  Gi\u1edbi h\u1ea1n \u0111\u1ed9t qu\u1ef5  B\u1ed9 \u0111i\u1ec1u h\u1ee3p cho c\u00f4ng t\u1eafc ti\u1ec7m c\u1eadn c\u1ea3m \u1ee9ng  Van th\u00ed \u0111i\u1ec3m  [:en]&nbsp;  Process valve system with pilot valves and position feedbacks  Type 8803 consists of B\u00fcrkert process valves with pneumatic stroke or rotary actuators (Types 2000, 2006, 2012, 2030, 2031, 2060, 2063, 2651, 2652, 2655, 2658, 2672 and 2675) and pre-mounted accessories. The modular accessory program includes different solutions for feedback, stroke limit and actuation of valves. Process valve systems with integrated pneumatic valve actuation and position feedbacks with control heads are combined in Type 8801.    Accessories pre-mounted and tested  Stroke limits  Adapters for inductive proximity switches  Pilot valves  [:]\" \/>\n<meta property=\"og:url\" content=\"https:\/\/newskyvn.com\/product\/type-8803\/\" \/>\n<meta property=\"og:site_name\" content=\"NEW SKY CO.,LTD\" \/>\n<meta property=\"article:modified_time\" content=\"2021-10-03T08:53:45+00:00\" \/>\n<meta property=\"og:image\" content=\"https:\/\/newskyvn.com\/wp-content\/uploads\/2021\/10\/Type-8803.jpg\" \/>\n\t<meta property=\"og:image:width\" content=\"500\" \/>\n\t<meta property=\"og:image:height\" content=\"500\" \/>\n<meta name=\"twitter:card\" content=\"summary_large_image\" \/>\n<script type=\"application\/ld+json\" class=\"yoast-schema-graph\">{\"@context\":\"https:\/\/schema.org\",\"@graph\":[{\"@type\":\"WebSite\",\"@id\":\"https:\/\/newskyvn.com\/#website\",\"url\":\"https:\/\/newskyvn.com\/\",\"name\":\"NEW SKY CO.,LTD\",\"description\":\"C\\u00f4ng Ty TNHH S\\u1ea3n Xu\\u1ea5t Th\\u01b0\\u01a1ng M\\u1ea1i D\\u1ecbch V\\u1ee5 T\\u00e2n Thi\\u00ean\",\"potentialAction\":[{\"@type\":\"SearchAction\",\"target\":{\"@type\":\"EntryPoint\",\"urlTemplate\":\"https:\/\/newskyvn.com\/?s={search_term_string}\"},\"query-input\":\"required name=search_term_string\"}],\"inLanguage\":\"en-US\"},{\"@type\":\"ImageObject\",\"@id\":\"https:\/\/newskyvn.com\/product\/type-8803\/#primaryimage\",\"inLanguage\":\"en-US\",\"url\":\"https:\/\/newskyvn.com\/wp-content\/uploads\/2021\/10\/Type-8803.jpg\",\"contentUrl\":\"https:\/\/newskyvn.com\/wp-content\/uploads\/2021\/10\/Type-8803.jpg\",\"width\":500,\"height\":500},{\"@type\":\"WebPage\",\"@id\":\"https:\/\/newskyvn.com\/product\/type-8803\/#webpage\",\"url\":\"https:\/\/newskyvn.com\/product\/type-8803\/\",\"name\":\"Type 8803 - NEW SKY CO.,LTD\",\"isPartOf\":{\"@id\":\"https:\/\/newskyvn.com\/#website\"},\"primaryImageOfPage\":{\"@id\":\"https:\/\/newskyvn.com\/product\/type-8803\/#primaryimage\"},\"datePublished\":\"2021-10-03T08:53:44+00:00\",\"dateModified\":\"2021-10-03T08:53:45+00:00\",\"breadcrumb\":{\"@id\":\"https:\/\/newskyvn.com\/product\/type-8803\/#breadcrumb\"},\"inLanguage\":\"en-US\",\"potentialAction\":[{\"@type\":\"ReadAction\",\"target\":[\"https:\/\/newskyvn.com\/product\/type-8803\/\"]}]},{\"@type\":\"BreadcrumbList\",\"@id\":\"https:\/\/newskyvn.com\/product\/type-8803\/#breadcrumb\",\"itemListElement\":[{\"@type\":\"ListItem\",\"position\":1,\"name\":\"Product\",\"item\":\"https:\/\/newskyvn.com\/en\/san-pham\/\"},{\"@type\":\"ListItem\",\"position\":2,\"name\":\"Type 8803\"}]}]}<\/script>\n<!-- \/ Yoast SEO plugin. -->","_links":{"self":[{"href":"https:\/\/newskyvn.com\/en\/wp-json\/wp\/v2\/product\/2106"}],"collection":[{"href":"https:\/\/newskyvn.com\/en\/wp-json\/wp\/v2\/product"}],"about":[{"href":"https:\/\/newskyvn.com\/en\/wp-json\/wp\/v2\/types\/product"}],"replies":[{"embeddable":true,"href":"https:\/\/newskyvn.com\/en\/wp-json\/wp\/v2\/comments?post=2106"}],"wp:featuredmedia":[{"embeddable":true,"href":"https:\/\/newskyvn.com\/en\/wp-json\/wp\/v2\/media\/2108"}],"wp:attachment":[{"href":"https:\/\/newskyvn.com\/en\/wp-json\/wp\/v2\/media?parent=2106"}],"wp:term":[{"taxonomy":"product_cat","embeddable":true,"href":"https:\/\/newskyvn.com\/en\/wp-json\/wp\/v2\/product_cat?post=2106"},{"taxonomy":"product_tag","embeddable":true,"href":"https:\/\/newskyvn.com\/en\/wp-json\/wp\/v2\/product_tag?post=2106"}],"curies":[{"name":"wp","href":"https:\/\/api.w.org\/{rel}","templated":true}]}}