{"id":2100,"date":"2021-10-03T08:33:57","date_gmt":"2021-10-03T08:33:57","guid":{"rendered":"https:\/\/newskyvn.com\/?post_type=product&#038;p=2100"},"modified":"2025-09-30T02:31:16","modified_gmt":"2025-09-30T02:31:16","slug":"type-3363","status":"publish","type":"product","link":"https:\/\/newskyvn.com\/en\/product\/type-3363\/","title":{"rendered":"Type 3363"},"content":{"rendered":"","protected":false},"excerpt":{"rendered":"<p>&nbsp;<\/p>\n<p><strong>2\/2 way diaphragm valve with electric linear actuator (Positioner) made of plastic (Type EVA)<\/strong><\/p>\n<p>The externally controlled diaphragm valve Type 3363 consists of an electrically controlled linear actuator (positioner), of a diaphragm and a 2 way valve housing. The electric actuator with recirculating ball screw ensures use under hygienic or aggressive environmental conditions. The flow-favorable and dead space-free valve housings enable high \ufb02ow values and a wide range of possible uses. In the event of a power failure, the safety position is guaranteed by an optional energy storage device. The position is displayed by means of a 360\u00b0 LED light ring. To protect the diaphragm the actuator has a drive force adjustment. A correspondingly high IP protection IP65\/IP67 ensures adequate splash protection. In addition to a fast actuating speed of 1.5 to 4.5 seconds, the actuator is also equipped with a mechanical position indicator and a corresponding explosion protection ATEX\/II 3G Ex ec IIC T4 Gc\/II 3D Ex tc IIIC T135 \u00b0C Dc.<\/p>\n<div class=\"copy\">\n<ul>\n<li>Safety position through energy storage<\/li>\n<li>Adjustable driving force<\/li>\n<li>Diagnostic functions and fieldbus connection<\/li>\n<li>Produktber\u00fchrte Oberfl\u00e4chen von Ra \u2264 0.38 \u00b5m&#8230;1.6 \u00b5m (wahlweise elektropoliert)<\/li>\n<li>Available in connection sizes DN 06\u2026DN 40<\/li>\n<\/ul>\n<\/div>\n","protected":false},"featured_media":2102,"comment_status":"open","ping_status":"closed","template":"","meta":[],"product_cat":[107,109,145],"product_tag":[],"yoast_head":"<!-- This site is optimized with the Yoast SEO plugin v16.6.1 - https:\/\/yoast.com\/wordpress\/plugins\/seo\/ -->\n<title>Type 3363 - NEW SKY CO.,LTD<\/title>\n<meta name=\"robots\" content=\"index, follow, max-snippet:-1, max-image-preview:large, max-video-preview:-1\" \/>\n<link rel=\"canonical\" href=\"https:\/\/newskyvn.com\/product\/type-3363\/\" \/>\n<meta property=\"og:locale\" content=\"en_US\" \/>\n<meta property=\"og:type\" content=\"article\" \/>\n<meta property=\"og:title\" content=\"Type 3363 - NEW SKY CO.,LTD\" \/>\n<meta property=\"og:description\" content=\"[:vi]&nbsp;  Van m\u00e0ng 2\/2 chi\u1ec1u v\u1edbi b\u1ed9 truy\u1ec1n \u0111\u1ed9ng tuy\u1ebfn t\u00ednh \u0111i\u1ec7n (B\u1ed9 \u0111\u1ecbnh v\u1ecb) l\u00e0m b\u1eb1ng nh\u1ef1a (Lo\u1ea1i EVA)  Van m\u00e0ng \u0111i\u1ec1u khi\u1ec3n b\u00ean ngo\u00e0i Ki\u1ec3u 3363 bao g\u1ed3m m\u1ed9t b\u1ed9 truy\u1ec1n \u0111\u1ed9ng tuy\u1ebfn t\u00ednh \u0111\u01b0\u1ee3c \u0111i\u1ec1u khi\u1ec3n b\u1eb1ng \u0111i\u1ec7n (b\u1ed9 \u0111\u1ecbnh v\u1ecb), m\u1ed9t m\u00e0ng ng\u0103n v\u00e0 m\u1ed9t v\u1ecf van 2 chi\u1ec1u.\u00a0B\u1ed9 truy\u1ec1n \u0111\u1ed9ng \u0111i\u1ec7n v\u1edbi tr\u1ee5c v\u00edt bi tu\u1ea7n ho\u00e0n \u0111\u1ea3m b\u1ea3o s\u1eed d\u1ee5ng trong c\u00e1c \u0111i\u1ec1u ki\u1ec7n m\u00f4i tr\u01b0\u1eddng v\u1ec7 sinh ho\u1eb7c kh\u1eafc nghi\u1ec7t.\u00a0V\u1ecf van thu\u1eadn l\u1ee3i cho d\u00f2ng ch\u1ea3y v\u00e0 kh\u00f4ng c\u00f3 kho\u1ea3ng tr\u1ed1ng cho ph\u00e9p c\u00e1c gi\u00e1 tr\u1ecb \ufb02 ow cao v\u00e0 nhi\u1ec1u m\u1ee5c \u0111\u00edch s\u1eed d\u1ee5ng c\u00f3 th\u1ec3.\u00a0Trong tr\u01b0\u1eddng h\u1ee3p m\u1ea5t \u0111i\u1ec7n, v\u1ecb tr\u00ed an to\u00e0n \u0111\u01b0\u1ee3c \u0111\u1ea3m b\u1ea3o b\u1eb1ng thi\u1ebft b\u1ecb l\u01b0u tr\u1eef n\u0103ng l\u01b0\u1ee3ng t\u00f9y ch\u1ecdn.\u00a0V\u1ecb tr\u00ed \u0111\u01b0\u1ee3c hi\u1ec3n th\u1ecb b\u1eb1ng v\u00f2ng \u0111\u00e8n LED 360 \u00b0.\u00a0\u0110\u1ec3 b\u1ea3o v\u1ec7 m\u00e0ng ng\u0103n, c\u01a1 c\u1ea5u ch\u1ea5p h\u00e0nh c\u00f3 b\u1ed9 ph\u1eadn \u0111i\u1ec1u ch\u1ec9nh l\u1ef1c truy\u1ec1n \u0111\u1ed9ng.\u00a0M\u1ee9c b\u1ea3o v\u1ec7 IP cao t\u01b0\u01a1ng \u1ee9ng IP65 \/ IP67 \u0111\u1ea3m b\u1ea3o b\u1ea3o v\u1ec7 ch\u1ed1ng v\u0103ng \u0111\u1ea7y \u0111\u1ee7.\u00a0Ngo\u00e0i t\u1ed1c \u0111\u1ed9 k\u00edch ho\u1ea1t nhanh t\u1eeb 1,5 \u0111\u1ebfn 4,5 gi\u00e2y,    V\u1ecb tr\u00ed an to\u00e0n th\u00f4ng qua l\u01b0u tr\u1eef n\u0103ng l\u01b0\u1ee3ng  \u0110i\u1ec1u ch\u1ec9nh l\u1ef1c l\u01b0\u1ee3ng  Ch\u1ee9c n\u0103ng ch\u1ea9n \u0111o\u00e1n v\u00e0 k\u1ebft n\u1ed1i fieldbus  Produktber\u00fchrte Oberfl\u00e4chen von Ra \u2264 0,38 \u00b5m ... 1,6 \u00b5m (wahlweise elektropoliert)  C\u00f3 s\u1eb5n c\u00e1c k\u00edch th\u01b0\u1edbc k\u1ebft n\u1ed1i DN 06\u2026 DN 40  [:en]&nbsp;  2\/2 way diaphragm valve with electric linear actuator (Positioner) made of plastic (Type EVA)  The externally controlled diaphragm valve Type 3363 consists of an electrically controlled linear actuator (positioner), of a diaphragm and a 2 way valve housing. The electric actuator with recirculating ball screw ensures use under hygienic or aggressive environmental conditions. The flow-favorable and dead space-free valve housings enable high \ufb02ow values and a wide range of possible uses. In the event of a power failure, the safety position is guaranteed by an optional energy storage device. The position is displayed by means of a 360\u00b0 LED light ring. To protect the diaphragm the actuator has a drive force adjustment. A correspondingly high IP protection IP65\/IP67 ensures adequate splash protection. In addition to a fast actuating speed of 1.5 to 4.5 seconds, the actuator is also equipped with a mechanical position indicator and a corresponding explosion protection ATEX\/II 3G Ex ec IIC T4 Gc\/II 3D Ex tc IIIC T135 \u00b0C Dc.    Safety position through energy storage  Adjustable driving force  Diagnostic functions and fieldbus connection  Produktber\u00fchrte Oberfl\u00e4chen von Ra \u2264 0.38 \u00b5m...1.6 \u00b5m (wahlweise elektropoliert)  Available in connection sizes DN 06\u2026DN 40  [:]\" \/>\n<meta property=\"og:url\" content=\"https:\/\/newskyvn.com\/product\/type-3363\/\" \/>\n<meta property=\"og:site_name\" content=\"NEW SKY CO.,LTD\" \/>\n<meta property=\"article:modified_time\" content=\"2025-09-30T02:31:16+00:00\" \/>\n<meta property=\"og:image\" content=\"https:\/\/newskyvn.com\/wp-content\/uploads\/2021\/10\/Type-3363.jpg\" \/>\n\t<meta property=\"og:image:width\" content=\"500\" \/>\n\t<meta property=\"og:image:height\" content=\"500\" \/>\n<meta name=\"twitter:card\" content=\"summary_large_image\" \/>\n<script type=\"application\/ld+json\" class=\"yoast-schema-graph\">{\"@context\":\"https:\/\/schema.org\",\"@graph\":[{\"@type\":\"WebSite\",\"@id\":\"https:\/\/newskyvn.com\/#website\",\"url\":\"https:\/\/newskyvn.com\/\",\"name\":\"NEW SKY CO.,LTD\",\"description\":\"C\\u00f4ng Ty TNHH S\\u1ea3n Xu\\u1ea5t Th\\u01b0\\u01a1ng M\\u1ea1i D\\u1ecbch V\\u1ee5 T\\u00e2n Thi\\u00ean\",\"potentialAction\":[{\"@type\":\"SearchAction\",\"target\":{\"@type\":\"EntryPoint\",\"urlTemplate\":\"https:\/\/newskyvn.com\/?s={search_term_string}\"},\"query-input\":\"required name=search_term_string\"}],\"inLanguage\":\"en-US\"},{\"@type\":\"ImageObject\",\"@id\":\"https:\/\/newskyvn.com\/product\/type-3363\/#primaryimage\",\"inLanguage\":\"en-US\",\"url\":\"https:\/\/newskyvn.com\/wp-content\/uploads\/2021\/10\/Type-3363.jpg\",\"contentUrl\":\"https:\/\/newskyvn.com\/wp-content\/uploads\/2021\/10\/Type-3363.jpg\",\"width\":500,\"height\":500},{\"@type\":\"WebPage\",\"@id\":\"https:\/\/newskyvn.com\/product\/type-3363\/#webpage\",\"url\":\"https:\/\/newskyvn.com\/product\/type-3363\/\",\"name\":\"Type 3363 - NEW SKY CO.,LTD\",\"isPartOf\":{\"@id\":\"https:\/\/newskyvn.com\/#website\"},\"primaryImageOfPage\":{\"@id\":\"https:\/\/newskyvn.com\/product\/type-3363\/#primaryimage\"},\"datePublished\":\"2021-10-03T08:33:57+00:00\",\"dateModified\":\"2025-09-30T02:31:16+00:00\",\"breadcrumb\":{\"@id\":\"https:\/\/newskyvn.com\/product\/type-3363\/#breadcrumb\"},\"inLanguage\":\"en-US\",\"potentialAction\":[{\"@type\":\"ReadAction\",\"target\":[\"https:\/\/newskyvn.com\/product\/type-3363\/\"]}]},{\"@type\":\"BreadcrumbList\",\"@id\":\"https:\/\/newskyvn.com\/product\/type-3363\/#breadcrumb\",\"itemListElement\":[{\"@type\":\"ListItem\",\"position\":1,\"name\":\"Product\",\"item\":\"https:\/\/newskyvn.com\/en\/san-pham\/\"},{\"@type\":\"ListItem\",\"position\":2,\"name\":\"Type 3363\"}]}]}<\/script>\n<!-- \/ Yoast SEO plugin. -->","_links":{"self":[{"href":"https:\/\/newskyvn.com\/en\/wp-json\/wp\/v2\/product\/2100"}],"collection":[{"href":"https:\/\/newskyvn.com\/en\/wp-json\/wp\/v2\/product"}],"about":[{"href":"https:\/\/newskyvn.com\/en\/wp-json\/wp\/v2\/types\/product"}],"replies":[{"embeddable":true,"href":"https:\/\/newskyvn.com\/en\/wp-json\/wp\/v2\/comments?post=2100"}],"wp:featuredmedia":[{"embeddable":true,"href":"https:\/\/newskyvn.com\/en\/wp-json\/wp\/v2\/media\/2102"}],"wp:attachment":[{"href":"https:\/\/newskyvn.com\/en\/wp-json\/wp\/v2\/media?parent=2100"}],"wp:term":[{"taxonomy":"product_cat","embeddable":true,"href":"https:\/\/newskyvn.com\/en\/wp-json\/wp\/v2\/product_cat?post=2100"},{"taxonomy":"product_tag","embeddable":true,"href":"https:\/\/newskyvn.com\/en\/wp-json\/wp\/v2\/product_tag?post=2100"}],"curies":[{"name":"wp","href":"https:\/\/api.w.org\/{rel}","templated":true}]}}