{"id":2097,"date":"2021-10-03T08:27:03","date_gmt":"2021-10-03T08:27:03","guid":{"rendered":"https:\/\/newskyvn.com\/?post_type=product&#038;p=2097"},"modified":"2021-10-06T09:10:41","modified_gmt":"2021-10-06T09:10:41","slug":"type-3361","status":"publish","type":"product","link":"https:\/\/newskyvn.com\/en\/product\/type-3361\/","title":{"rendered":"Type 3361"},"content":{"rendered":"","protected":false},"excerpt":{"rendered":"<p>&nbsp;<\/p>\n<p><strong>Electromotive 2 way globe control valve<\/strong><\/p>\n<p>The innovative process controller B\u00fcrkert valve Type 3361 is the solution when it comes to demanding control tasks and operating conditions. The electromotive actuator with ball screw positions the control cone with highest precision. A unique feature is its high positioning speed of 6 mm\/s, that reacts quasi delay-free to process signals, and can be varied according to customer demands. Pressure variations or shocks in the medium aren\u00b4t transferred to the valve position. Each flow optimized valve housing can be equipped with up to 5 different valve seats for a precise adaptation according to customer needs. If necessary, the safety position can be approached by an optional energy storage in case of power failure. Actuator and valve are adapted perfectly to each other with closed design and robust surface. This ensures the hygienic requirements of a fast and residue-free cleaning. Harsh environment are no problem for the Type 3361 because of the protection class IP65 \/ IP67 and its high impact and vibration resistance. Unrivalled cycle life and sealing integrity is guaranteed by the proven self adjusting spindle packing with exchangeable V-seals. The fieldbus suitable Type 3361 provides many helpful functions for process monitoring, valve diagnostics and predictive maintenance and thus offers the decisive advantage of a modern process automation.<\/p>\n<div class=\"copy\">\n<ul>\n<li>High precise and fast flow control<\/li>\n<li>Several Kvs value per port size due to removable valve seats<\/li>\n<li>Weather, impact and vibration resistant design<\/li>\n<li>Easy cleaning by its design according hygienic demands<\/li>\n<li>Position controller and process controller available<\/li>\n<\/ul>\n<\/div>\n","protected":false},"featured_media":2099,"comment_status":"open","ping_status":"closed","template":"","meta":[],"product_cat":[107,109,145],"product_tag":[],"yoast_head":"<!-- This site is optimized with the Yoast SEO plugin v16.6.1 - https:\/\/yoast.com\/wordpress\/plugins\/seo\/ -->\n<title>Type 3361 - NEW SKY CO.,LTD<\/title>\n<meta name=\"robots\" content=\"index, follow, max-snippet:-1, max-image-preview:large, max-video-preview:-1\" \/>\n<link rel=\"canonical\" href=\"https:\/\/newskyvn.com\/product\/type-3361\/\" \/>\n<meta property=\"og:locale\" content=\"en_US\" \/>\n<meta property=\"og:type\" content=\"article\" \/>\n<meta property=\"og:title\" content=\"Type 3361 - NEW SKY CO.,LTD\" \/>\n<meta property=\"og:description\" content=\"[:vi]&nbsp;  Van \u0111i\u1ec1u khi\u1ec3n c\u1ea7u 2 chi\u1ec1u \u0111i\u1ec1u khi\u1ec3n b\u1eb1ng \u0111i\u1ec7n\u00a0  B\u1ed9 \u0111i\u1ec1u khi\u1ec3n quy tr\u00ecnh c\u1ea3i ti\u1ebfn B\u00fcrkert valve Type 3361 l\u00e0 gi\u1ea3i ph\u00e1p khi n\u00f3i \u0111\u1ebfn c\u00e1c nhi\u1ec7m v\u1ee5 \u0111i\u1ec1u khi\u1ec3n v\u00e0 \u0111i\u1ec1u ki\u1ec7n v\u1eadn h\u00e0nh \u0111\u00f2i h\u1ecfi kh\u1eaft khe.\u00a0B\u1ed9 truy\u1ec1n \u0111\u1ed9ng \u0111i\u1ec7n \u0111\u1ed9ng v\u1edbi v\u00edt bi \u0111\u1ecbnh v\u1ecb h\u00ecnh n\u00f3n \u0111i\u1ec1u khi\u1ec3n v\u1edbi \u0111\u1ed9 ch\u00ednh x\u00e1c cao nh\u1ea5t.\u00a0M\u1ed9t t\u00ednh n\u0103ng \u0111\u1ed9c \u0111\u00e1o l\u00e0 t\u1ed1c \u0111\u1ed9 \u0111\u1ecbnh v\u1ecb cao 6 mm \/ s, ph\u1ea3n \u1ee9ng g\u1ea7n nh\u01b0 kh\u00f4ng c\u00f3 \u0111\u1ed9 tr\u1ec5 \u0111\u1ec3 x\u1eed l\u00fd t\u00edn hi\u1ec7u v\u00e0 c\u00f3 th\u1ec3 thay \u0111\u1ed5i t\u00f9y theo nhu c\u1ea7u c\u1ee7a kh\u00e1ch h\u00e0ng.\u00a0S\u1ef1 thay \u0111\u1ed5i \u00e1p su\u1ea5t ho\u1eb7c c\u00fa s\u1ed1c trong m\u00f4i ch\u1ea5t kh\u00f4ng \u0111\u01b0\u1ee3c chuy\u1ec3n \u0111\u1ebfn v\u1ecb tr\u00ed van.\u00a0M\u1ed7i v\u1ecf van t\u1ed1i \u01b0u h\u00f3a l\u01b0u l\u01b0\u1ee3ng c\u00f3 th\u1ec3 \u0111\u01b0\u1ee3c trang b\u1ecb t\u1edbi 5 ch\u1ed7 van kh\u00e1c nhau \u0111\u1ec3 \u0111i\u1ec1u ch\u1ec9nh ch\u00ednh x\u00e1c theo nhu c\u1ea7u c\u1ee7a kh\u00e1ch h\u00e0ng.\u00a0N\u1ebfu c\u1ea7n, c\u00f3 th\u1ec3 ti\u1ebfp c\u1eadn v\u1ecb tr\u00ed an to\u00e0n b\u1eb1ng b\u1ed9 l\u01b0u tr\u1eef n\u0103ng l\u01b0\u1ee3ng t\u00f9y ch\u1ecdn trong tr\u01b0\u1eddng h\u1ee3p m\u1ea5t \u0111i\u1ec7n.\u00a0B\u1ed9 truy\u1ec1n \u0111\u1ed9ng v\u00e0 van \u0111\u01b0\u1ee3c \u0111i\u1ec1u ch\u1ec9nh ho\u00e0n h\u1ea3o v\u1edbi nhau v\u1edbi thi\u1ebft k\u1ebf k\u00edn v\u00e0 b\u1ec1 m\u1eb7t ch\u1eafc ch\u1eafn.\u00a0\u0110i\u1ec1u n\u00e0y \u0111\u1ea3m b\u1ea3o c\u00e1c y\u00eau c\u1ea7u v\u1ec7 sinh c\u1ee7a qu\u00e1 tr\u00ecnh l\u00e0m s\u1ea1ch nhanh ch\u00f3ng v\u00e0 kh\u00f4ng c\u00f3 c\u1eb7n.\u00a0M\u00f4i tr\u01b0\u1eddng kh\u1eafc nghi\u1ec7t kh\u00f4ng th\u00e0nh v\u1ea5n \u0111\u1ec1 \u0111\u1ed1i v\u1edbi Ki\u1ec3u 3361 v\u00ec l\u1edbp b\u1ea3o v\u1ec7 IP65 \/ IP67 v\u00e0 kh\u1ea3 n\u0103ng ch\u1ed1ng va \u0111\u1eadp v\u00e0 rung \u0111\u1ed9ng cao.\u00a0Tu\u1ed5i th\u1ecd chu k\u1ef3 v\u00f4 song v\u00e0 t\u00ednh to\u00e0n v\u1eb9n c\u1ee7a ni\u00eam phong \u0111\u01b0\u1ee3c \u0111\u1ea3m b\u1ea3o b\u1eb1ng c\u00e1ch \u0111\u00f3ng g\u00f3i tr\u1ee5c ch\u00ednh t\u1ef1 \u0111i\u1ec1u ch\u1ec9nh \u0111\u00e3 \u0111\u01b0\u1ee3c ch\u1ee9ng minh v\u1edbi c\u00e1c con d\u1ea5u ch\u1eef V c\u00f3 th\u1ec3 trao \u0111\u1ed5i.\u00a0Fieldbus Ki\u1ec3u 3361 ph\u00f9 h\u1ee3p cung c\u1ea5p nhi\u1ec1u ch\u1ee9c n\u0103ng h\u1eefu \u00edch cho vi\u1ec7c gi\u00e1m s\u00e1t qu\u00e1 tr\u00ecnh, ch\u1ea9n \u0111o\u00e1n van v\u00e0 b\u1ea3o tr\u00ec d\u1ef1 \u0111o\u00e1n v\u00e0 do \u0111\u00f3 mang l\u1ea1i l\u1ee3i th\u1ebf quy\u1ebft \u0111\u1ecbnh c\u1ee7a qu\u00e1 tr\u00ecnh t\u1ef1 \u0111\u1ed9ng h\u00f3a hi\u1ec7n \u0111\u1ea1i.    Ki\u1ec3m so\u00e1t d\u00f2ng ch\u1ea3y nhanh v\u00e0 ch\u00ednh x\u00e1c cao  M\u1ed9t s\u1ed1 gi\u00e1 tr\u1ecb Kvs cho m\u1ed7i k\u00edch th\u01b0\u1edbc c\u1ed5ng do gh\u1ebf van c\u00f3 th\u1ec3 th\u00e1o r\u1eddi  Thi\u1ebft k\u1ebf ch\u1ed1ng th\u1eddi ti\u1ebft, va \u0111\u1eadp v\u00e0 rung \u0111\u1ed9ng  D\u1ec5 d\u00e0ng l\u00e0m s\u1ea1ch nh\u1edd thi\u1ebft k\u1ebf c\u1ee7a n\u00f3 theo nhu c\u1ea7u v\u1ec7 sinh  B\u1ed9 \u0111i\u1ec1u khi\u1ec3n v\u1ecb tr\u00ed v\u00e0 b\u1ed9 \u0111i\u1ec1u khi\u1ec3n qu\u00e1 tr\u00ecnh c\u00f3 s\u1eb5n  [:en]&nbsp;  Electromotive 2 way globe control valve  The innovative process controller B\u00fcrkert valve Type 3361 is the solution when it comes to demanding control tasks and operating conditions. The electromotive actuator with ball screw positions the control cone with highest precision. A unique feature is its high positioning speed of 6 mm\/s, that reacts quasi delay-free to process signals, and can be varied according to customer demands. Pressure variations or shocks in the medium aren\u00b4t transferred to the valve position. Each flow optimized valve housing can be equipped with up to 5 different valve seats for a precise adaptation according to customer needs. If necessary, the safety position can be approached by an optional energy storage in case of power failure. Actuator and valve are adapted perfectly to each other with closed design and robust surface. This ensures the hygienic requirements of a fast and residue-free cleaning. Harsh environment are no problem for the Type 3361 because of the protection class IP65 \/ IP67 and its high impact and vibration resistance. Unrivalled cycle life and sealing integrity is guaranteed by the proven self adjusting spindle packing with exchangeable V-seals. The fieldbus suitable Type 3361 provides many helpful functions for process monitoring, valve diagnostics and predictive maintenance and thus offers the decisive advantage of a modern process automation.    High precise and fast flow control  Several Kvs value per port size due to removable valve seats  Weather, impact and vibration resistant design  Easy cleaning by its design according hygienic demands  Position controller and process controller available  [:]\" \/>\n<meta property=\"og:url\" content=\"https:\/\/newskyvn.com\/product\/type-3361\/\" \/>\n<meta property=\"og:site_name\" content=\"NEW SKY CO.,LTD\" \/>\n<meta property=\"article:modified_time\" content=\"2021-10-06T09:10:41+00:00\" \/>\n<meta property=\"og:image\" content=\"https:\/\/newskyvn.com\/wp-content\/uploads\/2021\/10\/Type-3361.jpg\" \/>\n\t<meta property=\"og:image:width\" content=\"500\" \/>\n\t<meta property=\"og:image:height\" content=\"500\" \/>\n<meta name=\"twitter:card\" content=\"summary_large_image\" \/>\n<script type=\"application\/ld+json\" class=\"yoast-schema-graph\">{\"@context\":\"https:\/\/schema.org\",\"@graph\":[{\"@type\":\"WebSite\",\"@id\":\"https:\/\/newskyvn.com\/#website\",\"url\":\"https:\/\/newskyvn.com\/\",\"name\":\"NEW SKY CO.,LTD\",\"description\":\"C\\u00f4ng Ty TNHH S\\u1ea3n Xu\\u1ea5t Th\\u01b0\\u01a1ng M\\u1ea1i D\\u1ecbch V\\u1ee5 T\\u00e2n Thi\\u00ean\",\"potentialAction\":[{\"@type\":\"SearchAction\",\"target\":{\"@type\":\"EntryPoint\",\"urlTemplate\":\"https:\/\/newskyvn.com\/?s={search_term_string}\"},\"query-input\":\"required name=search_term_string\"}],\"inLanguage\":\"en-US\"},{\"@type\":\"ImageObject\",\"@id\":\"https:\/\/newskyvn.com\/product\/type-3361\/#primaryimage\",\"inLanguage\":\"en-US\",\"url\":\"https:\/\/newskyvn.com\/wp-content\/uploads\/2021\/10\/Type-3361.jpg\",\"contentUrl\":\"https:\/\/newskyvn.com\/wp-content\/uploads\/2021\/10\/Type-3361.jpg\",\"width\":500,\"height\":500},{\"@type\":\"WebPage\",\"@id\":\"https:\/\/newskyvn.com\/product\/type-3361\/#webpage\",\"url\":\"https:\/\/newskyvn.com\/product\/type-3361\/\",\"name\":\"Type 3361 - NEW SKY CO.,LTD\",\"isPartOf\":{\"@id\":\"https:\/\/newskyvn.com\/#website\"},\"primaryImageOfPage\":{\"@id\":\"https:\/\/newskyvn.com\/product\/type-3361\/#primaryimage\"},\"datePublished\":\"2021-10-03T08:27:03+00:00\",\"dateModified\":\"2021-10-06T09:10:41+00:00\",\"breadcrumb\":{\"@id\":\"https:\/\/newskyvn.com\/product\/type-3361\/#breadcrumb\"},\"inLanguage\":\"en-US\",\"potentialAction\":[{\"@type\":\"ReadAction\",\"target\":[\"https:\/\/newskyvn.com\/product\/type-3361\/\"]}]},{\"@type\":\"BreadcrumbList\",\"@id\":\"https:\/\/newskyvn.com\/product\/type-3361\/#breadcrumb\",\"itemListElement\":[{\"@type\":\"ListItem\",\"position\":1,\"name\":\"Product\",\"item\":\"https:\/\/newskyvn.com\/en\/san-pham\/\"},{\"@type\":\"ListItem\",\"position\":2,\"name\":\"Type 3361\"}]}]}<\/script>\n<!-- \/ Yoast SEO plugin. -->","_links":{"self":[{"href":"https:\/\/newskyvn.com\/en\/wp-json\/wp\/v2\/product\/2097"}],"collection":[{"href":"https:\/\/newskyvn.com\/en\/wp-json\/wp\/v2\/product"}],"about":[{"href":"https:\/\/newskyvn.com\/en\/wp-json\/wp\/v2\/types\/product"}],"replies":[{"embeddable":true,"href":"https:\/\/newskyvn.com\/en\/wp-json\/wp\/v2\/comments?post=2097"}],"wp:featuredmedia":[{"embeddable":true,"href":"https:\/\/newskyvn.com\/en\/wp-json\/wp\/v2\/media\/2099"}],"wp:attachment":[{"href":"https:\/\/newskyvn.com\/en\/wp-json\/wp\/v2\/media?parent=2097"}],"wp:term":[{"taxonomy":"product_cat","embeddable":true,"href":"https:\/\/newskyvn.com\/en\/wp-json\/wp\/v2\/product_cat?post=2097"},{"taxonomy":"product_tag","embeddable":true,"href":"https:\/\/newskyvn.com\/en\/wp-json\/wp\/v2\/product_tag?post=2097"}],"curies":[{"name":"wp","href":"https:\/\/api.w.org\/{rel}","templated":true}]}}