{"id":2094,"date":"2021-10-03T08:18:55","date_gmt":"2021-10-03T08:18:55","guid":{"rendered":"https:\/\/newskyvn.com\/?post_type=product&#038;p=2094"},"modified":"2021-10-03T08:18:56","modified_gmt":"2021-10-03T08:18:56","slug":"type-2712","status":"publish","type":"product","link":"https:\/\/newskyvn.com\/en\/product\/type-2712\/","title":{"rendered":"Type 2712"},"content":{"rendered":"","protected":false},"excerpt":{"rendered":"<p>&nbsp;<\/p>\n<p><strong>Pneumatically operated 2-way Globe Control Valve<\/strong><\/p>\n<p>The 2712 system has been specifically engineered for reliable control in applications where control accuracy is paramount. The 2712 is made from an all stainless steel valve body combined with Burkert\u2019s classic pneumatic actuator. Each globe valve body can be fitted with three to five sizes of trim sets. These parabolic trims provide a reliable and repeatable characteristic to vary the flow. The control cones are available in either stainless steel or with a durable PTFE seal for tight shut-off. When actuated by the 8635 SideControl, SideControls 8792\/93 Remote versionsor the 8694\/8692\/8693\/ 8630 TopControl it forms a unique control valve system which can be operated as either a simple accurate positioner or an autotune PID process controllerfor flow, temperature or pressure. The actuator sizes F (80mm) to H (125mm) of Type 2712 are not available anymore since July 2020. The successor type is 2301<\/p>\n<div class=\"copy\">\n<ul>\n<li>Excellent control characteristics with compact housing<\/li>\n<li>High life ycle and variability by removable trim kits<\/li>\n<li>Robust actuator with modular accessory program<\/li>\n<li>Stainless steel housing with flange, thread or weld end connection<\/li>\n<li>High operative safety<\/li>\n<\/ul>\n<\/div>\n","protected":false},"featured_media":2096,"comment_status":"open","ping_status":"closed","template":"","meta":[],"product_cat":[107,109],"product_tag":[],"yoast_head":"<!-- This site is optimized with the Yoast SEO plugin v16.6.1 - https:\/\/yoast.com\/wordpress\/plugins\/seo\/ -->\n<title>Type 2712 - NEW SKY CO.,LTD<\/title>\n<meta name=\"robots\" content=\"index, follow, max-snippet:-1, max-image-preview:large, max-video-preview:-1\" \/>\n<link rel=\"canonical\" href=\"https:\/\/newskyvn.com\/product\/type-2712\/\" \/>\n<meta property=\"og:locale\" content=\"en_US\" \/>\n<meta property=\"og:type\" content=\"article\" \/>\n<meta property=\"og:title\" content=\"Type 2712 - NEW SKY CO.,LTD\" \/>\n<meta property=\"og:description\" content=\"[:vi]&nbsp;  Van \u0111i\u1ec1u khi\u1ec3n h\u00ecnh c\u1ea7u 2 ng\u00f5 ho\u1ea1t \u0111\u1ed9ng b\u1eb1ng kh\u00ed n\u00e9n  H\u1ec7 th\u1ed1ng 2712 \u0111\u00e3 \u0111\u01b0\u1ee3c thi\u1ebft k\u1ebf \u0111\u1eb7c bi\u1ec7t \u0111\u1ec3 ki\u1ec3m so\u00e1t \u0111\u00e1ng tin c\u1eady trong c\u00e1c \u1ee9ng d\u1ee5ng m\u00e0 \u0111\u1ed9 ch\u00ednh x\u00e1c c\u1ee7a \u0111i\u1ec1u khi\u1ec3n l\u00e0 t\u1ed1i quan tr\u1ecdng.\u00a02712 \u0111\u01b0\u1ee3c l\u00e0m t\u1eeb to\u00e0n b\u1ed9 th\u00e2n van b\u1eb1ng th\u00e9p kh\u00f4ng g\u1ec9 k\u1ebft h\u1ee3p v\u1edbi thi\u1ebft b\u1ecb truy\u1ec1n \u0111\u1ed9ng kh\u00ed n\u00e9n c\u1ed5 \u0111i\u1ec3n c\u1ee7a Burkert.\u00a0M\u1ed7i th\u00e2n van c\u1ea7u c\u00f3 th\u1ec3 \u0111\u01b0\u1ee3c l\u1eafp v\u1edbi ba \u0111\u1ebfn n\u0103m k\u00edch c\u1ee1 c\u1ee7a b\u1ed9 trang tr\u00ed.\u00a0Nh\u1eefng \u0111\u01b0\u1eddng c\u1eaft h\u00ecnh parabol n\u00e0y cung c\u1ea5p m\u1ed9t \u0111\u1eb7c t\u00ednh \u0111\u00e1ng tin c\u1eady v\u00e0 c\u00f3 th\u1ec3 l\u1eb7p l\u1ea1i \u0111\u1ec3 thay \u0111\u1ed5i d\u00f2ng ch\u1ea3y.\u00a0C\u00e1c n\u00f3n \u0111i\u1ec1u khi\u1ec3n c\u00f3 s\u1eb5n b\u1eb1ng th\u00e9p kh\u00f4ng g\u1ec9 ho\u1eb7c v\u1edbi m\u1ed9t con d\u1ea5u PTFE b\u1ec1n \u0111\u1ec3 \u0111\u00f3ng ng\u1eaft ch\u1eb7t ch\u1ebd.\u00a0Khi \u0111\u01b0\u1ee3c k\u00edch ho\u1ea1t b\u1edfi 8635 SideControl, SideControls 8792\/93 phi\u00ean b\u1ea3n Remote ho\u1eb7c 8694\/8692\/8693\/8630 TopControl, n\u00f3 t\u1ea1o th\u00e0nh m\u1ed9t h\u1ec7 th\u1ed1ng van \u0111i\u1ec1u khi\u1ec3n duy nh\u1ea5t c\u00f3 th\u1ec3 \u0111\u01b0\u1ee3c v\u1eadn h\u00e0nh nh\u01b0 m\u1ed9t b\u1ed9 \u0111\u1ecbnh v\u1ecb ch\u00ednh x\u00e1c \u0111\u01a1n gi\u1ea3n ho\u1eb7c m\u1ed9t b\u1ed9 \u0111i\u1ec1u khi\u1ec3n qu\u00e1 tr\u00ecnh PID t\u1ef1 \u0111\u1ed9ng cho d\u00f2ng ch\u1ea3y, nhi\u1ec7t \u0111\u1ed9 ho\u1eb7c \u00e1p su\u1ea5t .    \u0110\u1eb7c t\u00ednh \u0111i\u1ec1u khi\u1ec3n tuy\u1ec7t v\u1eddi v\u1edbi v\u1ecf nh\u1ecf g\u1ecdn  Tu\u1ed5i th\u1ecd cao v\u00e0 kh\u1ea3 n\u0103ng thay \u0111\u1ed5i nh\u1edd b\u1ed9 d\u1ee5ng c\u1ee5 trang tr\u00ed c\u00f3 th\u1ec3 th\u00e1o r\u1eddi  B\u1ed9 truy\u1ec1n \u0111\u1ed9ng m\u1ea1nh m\u1ebd v\u1edbi ch\u01b0\u01a1ng tr\u00ecnh ph\u1ee5 ki\u1ec7n m\u00f4-\u0111un  V\u1ecf th\u00e9p kh\u00f4ng g\u1ec9 v\u1edbi m\u1eb7t b\u00edch, ren ho\u1eb7c k\u1ebft n\u1ed1i \u0111\u1ea7u m\u1ed1i h\u00e0n  An to\u00e0n ho\u1ea1t \u0111\u1ed9ng cao  [:en]&nbsp;  Pneumatically operated 2-way Globe Control Valve  The 2712 system has been specifically engineered for reliable control in applications where control accuracy is paramount. The 2712 is made from an all stainless steel valve body combined with Burkert\u2019s classic pneumatic actuator. Each globe valve body can be fitted with three to five sizes of trim sets. These parabolic trims provide a reliable and repeatable characteristic to vary the flow. The control cones are available in either stainless steel or with a durable PTFE seal for tight shut-off. When actuated by the 8635 SideControl, SideControls 8792\/93 Remote versionsor the 8694\/8692\/8693\/ 8630 TopControl it forms a unique control valve system which can be operated as either a simple accurate positioner or an autotune PID process controllerfor flow, temperature or pressure. The actuator sizes F (80mm) to H (125mm) of Type 2712 are not available anymore since July 2020. The successor type is 2301    Excellent control characteristics with compact housing  High life ycle and variability by removable trim kits  Robust actuator with modular accessory program  Stainless steel housing with flange, thread or weld end connection  High operative safety  [:]\" \/>\n<meta property=\"og:url\" content=\"https:\/\/newskyvn.com\/product\/type-2712\/\" \/>\n<meta property=\"og:site_name\" content=\"NEW SKY CO.,LTD\" \/>\n<meta property=\"article:modified_time\" content=\"2021-10-03T08:18:56+00:00\" \/>\n<meta property=\"og:image\" content=\"https:\/\/newskyvn.com\/wp-content\/uploads\/2021\/10\/Type-2712.jpg\" \/>\n\t<meta property=\"og:image:width\" content=\"500\" \/>\n\t<meta property=\"og:image:height\" content=\"500\" \/>\n<meta name=\"twitter:card\" content=\"summary_large_image\" \/>\n<script type=\"application\/ld+json\" class=\"yoast-schema-graph\">{\"@context\":\"https:\/\/schema.org\",\"@graph\":[{\"@type\":\"WebSite\",\"@id\":\"https:\/\/newskyvn.com\/#website\",\"url\":\"https:\/\/newskyvn.com\/\",\"name\":\"NEW SKY CO.,LTD\",\"description\":\"C\\u00f4ng Ty TNHH S\\u1ea3n Xu\\u1ea5t Th\\u01b0\\u01a1ng M\\u1ea1i D\\u1ecbch V\\u1ee5 T\\u00e2n Thi\\u00ean\",\"potentialAction\":[{\"@type\":\"SearchAction\",\"target\":{\"@type\":\"EntryPoint\",\"urlTemplate\":\"https:\/\/newskyvn.com\/?s={search_term_string}\"},\"query-input\":\"required name=search_term_string\"}],\"inLanguage\":\"en-US\"},{\"@type\":\"ImageObject\",\"@id\":\"https:\/\/newskyvn.com\/product\/type-2712\/#primaryimage\",\"inLanguage\":\"en-US\",\"url\":\"https:\/\/newskyvn.com\/wp-content\/uploads\/2021\/10\/Type-2712.jpg\",\"contentUrl\":\"https:\/\/newskyvn.com\/wp-content\/uploads\/2021\/10\/Type-2712.jpg\",\"width\":500,\"height\":500,\"caption\":\"van burkert viet nam chinh hang\"},{\"@type\":\"WebPage\",\"@id\":\"https:\/\/newskyvn.com\/product\/type-2712\/#webpage\",\"url\":\"https:\/\/newskyvn.com\/product\/type-2712\/\",\"name\":\"Type 2712 - NEW SKY CO.,LTD\",\"isPartOf\":{\"@id\":\"https:\/\/newskyvn.com\/#website\"},\"primaryImageOfPage\":{\"@id\":\"https:\/\/newskyvn.com\/product\/type-2712\/#primaryimage\"},\"datePublished\":\"2021-10-03T08:18:55+00:00\",\"dateModified\":\"2021-10-03T08:18:56+00:00\",\"breadcrumb\":{\"@id\":\"https:\/\/newskyvn.com\/product\/type-2712\/#breadcrumb\"},\"inLanguage\":\"en-US\",\"potentialAction\":[{\"@type\":\"ReadAction\",\"target\":[\"https:\/\/newskyvn.com\/product\/type-2712\/\"]}]},{\"@type\":\"BreadcrumbList\",\"@id\":\"https:\/\/newskyvn.com\/product\/type-2712\/#breadcrumb\",\"itemListElement\":[{\"@type\":\"ListItem\",\"position\":1,\"name\":\"Product\",\"item\":\"https:\/\/newskyvn.com\/en\/san-pham\/\"},{\"@type\":\"ListItem\",\"position\":2,\"name\":\"Type 2712\"}]}]}<\/script>\n<!-- \/ Yoast SEO plugin. -->","_links":{"self":[{"href":"https:\/\/newskyvn.com\/en\/wp-json\/wp\/v2\/product\/2094"}],"collection":[{"href":"https:\/\/newskyvn.com\/en\/wp-json\/wp\/v2\/product"}],"about":[{"href":"https:\/\/newskyvn.com\/en\/wp-json\/wp\/v2\/types\/product"}],"replies":[{"embeddable":true,"href":"https:\/\/newskyvn.com\/en\/wp-json\/wp\/v2\/comments?post=2094"}],"wp:featuredmedia":[{"embeddable":true,"href":"https:\/\/newskyvn.com\/en\/wp-json\/wp\/v2\/media\/2096"}],"wp:attachment":[{"href":"https:\/\/newskyvn.com\/en\/wp-json\/wp\/v2\/media?parent=2094"}],"wp:term":[{"taxonomy":"product_cat","embeddable":true,"href":"https:\/\/newskyvn.com\/en\/wp-json\/wp\/v2\/product_cat?post=2094"},{"taxonomy":"product_tag","embeddable":true,"href":"https:\/\/newskyvn.com\/en\/wp-json\/wp\/v2\/product_tag?post=2094"}],"curies":[{"name":"wp","href":"https:\/\/api.w.org\/{rel}","templated":true}]}}