{"id":2091,"date":"2021-10-03T08:13:20","date_gmt":"2021-10-03T08:13:20","guid":{"rendered":"https:\/\/newskyvn.com\/?post_type=product&#038;p=2091"},"modified":"2025-10-20T11:48:39","modified_gmt":"2025-10-20T11:48:39","slug":"type-8802","status":"publish","type":"product","link":"https:\/\/newskyvn.com\/en\/product\/type-8802\/","title":{"rendered":"Type 8802"},"content":{"rendered":"","protected":false},"excerpt":{"rendered":"<p>&nbsp;<\/p>\n<p><strong>ELEMENT continuous control valve systems &#8211; overview<\/strong><\/p>\n<p>The design of the system series Type 8802 continuous ELEMENT enables the easy integration of digital automation modules in all extension stages. From simple basic positioner, high-capacity positioner with optional integrated fieldbus interface to digital process controller with operation via a backlit graphics display. The fully integrated system with control valve and automation unit has a compact and smooth design, integrated pneumatic lines, IP65\/67\/NEMA 4X degree of protection and superior chemical resistance.<\/p>\n<div class=\"copy\">\n<ul>\n<li>Integrated automation with leading technology<\/li>\n<li>High service life and maintenance-free operation<\/li>\n<li>Excellent control characteristics, especially for angle seat and globe valve<\/li>\n<\/ul>\n<\/div>\n","protected":false},"featured_media":2093,"comment_status":"open","ping_status":"closed","template":"","meta":[],"product_cat":[107,109],"product_tag":[],"yoast_head":"<!-- This site is optimized with the Yoast SEO plugin v16.6.1 - https:\/\/yoast.com\/wordpress\/plugins\/seo\/ -->\n<title>Type 8802 - NEW SKY CO.,LTD<\/title>\n<meta name=\"robots\" content=\"index, follow, max-snippet:-1, max-image-preview:large, max-video-preview:-1\" \/>\n<link rel=\"canonical\" href=\"https:\/\/newskyvn.com\/product\/type-8802\/\" \/>\n<meta property=\"og:locale\" content=\"en_US\" \/>\n<meta property=\"og:type\" content=\"article\" \/>\n<meta property=\"og:title\" content=\"Type 8802 - NEW SKY CO.,LTD\" \/>\n<meta property=\"og:description\" content=\"[:vi]&nbsp;  H\u1ec7 th\u1ed1ng van \u0111i\u1ec1u khi\u1ec3n li\u00ean t\u1ee5c C\u00f3 Th\u1ec3 Th\u00e1o R\u1eddi- t\u1ed5ng quan  Thi\u1ebft k\u1ebf c\u1ee7a lo\u1ea1t h\u1ec7 th\u1ed1ng Lo\u1ea1i 8802 li\u00ean t\u1ee5c C\u00f3 Th\u1ec3 Th\u00e1o R\u1eddi nhi\u1ec1u ph\u1ea7n cho ph\u00e9p t\u00edch h\u1ee3p d\u1ec5 d\u00e0ng c\u00e1c m\u00f4-\u0111un t\u1ef1 \u0111\u1ed9ng h\u00f3a k\u1ef9 thu\u1eadt s\u1ed1 trong t\u1ea5t c\u1ea3 c\u00e1c giai \u0111o\u1ea1n m\u1edf r\u1ed9ng. T\u1eeb b\u1ed9 \u0111\u1ecbnh v\u1ecb c\u01a1 b\u1ea3n \u0111\u01a1n gi\u1ea3n, b\u1ed9 \u0111\u1ecbnh v\u1ecb dung l\u01b0\u1ee3ng cao v\u1edbi giao di\u1ec7n fieldbus t\u00edch h\u1ee3p t\u00f9y ch\u1ecdn \u0111\u1ebfn b\u1ed9 \u0111i\u1ec1u khi\u1ec3n quy tr\u00ecnh k\u1ef9 thu\u1eadt s\u1ed1 v\u1edbi ho\u1ea1t \u0111\u1ed9ng th\u00f4ng qua m\u00e0n h\u00ecnh \u0111\u1ed3 h\u1ecda c\u00f3 \u0111\u00e8n n\u1ec1n.\u00a0H\u1ec7 th\u1ed1ng t\u00edch h\u1ee3p ho\u00e0n to\u00e0n v\u1edbi van \u0111i\u1ec1u khi\u1ec3n v\u00e0 b\u1ed9 ph\u1eadn t\u1ef1 \u0111\u1ed9ng h\u00f3a c\u00f3 thi\u1ebft k\u1ebf nh\u1ecf g\u1ecdn v\u00e0 \u00eam \u00e1i, \u0111\u01b0\u1eddng kh\u00ed n\u00e9n t\u00edch h\u1ee3p, c\u1ea5p \u0111\u1ed9 b\u1ea3o v\u1ec7 IP65 \/ 67 \/ NEMA 4X v\u00e0 kh\u1ea3 n\u0103ng ch\u1ed1ng h\u00f3a ch\u1ea5t v\u01b0\u1ee3t tr\u1ed9i.    T\u1ef1 \u0111\u1ed9ng h\u00f3a t\u00edch h\u1ee3p v\u1edbi c\u00f4ng ngh\u1ec7 h\u00e0ng \u0111\u1ea7u  Tu\u1ed5i th\u1ecd cao v\u00e0 ho\u1ea1t \u0111\u1ed9ng kh\u00f4ng c\u1ea7n b\u1ea3o tr\u00ec  \u0110\u1eb7c t\u00ednh \u0111i\u1ec1u khi\u1ec3n tuy\u1ec7t v\u1eddi, \u0111\u1eb7c bi\u1ec7t \u0111\u1ed1i v\u1edbi gh\u1ebf g\u00f3c v\u00e0 van c\u1ea7u  [:en]&nbsp;  ELEMENT continuous control valve systems - overview  The design of the system series Type 8802 continuous ELEMENT enables the easy integration of digital automation modules in all extension stages. From simple basic positioner, high-capacity positioner with optional integrated fieldbus interface to digital process controller with operation via a backlit graphics display. The fully integrated system with control valve and automation unit has a compact and smooth design, integrated pneumatic lines, IP65\/67\/NEMA 4X degree of protection and superior chemical resistance.    Integrated automation with leading technology  High service life and maintenance-free operation  Excellent control characteristics, especially for angle seat and globe valve  [:]\" \/>\n<meta property=\"og:url\" content=\"https:\/\/newskyvn.com\/product\/type-8802\/\" \/>\n<meta property=\"og:site_name\" content=\"NEW SKY CO.,LTD\" \/>\n<meta property=\"article:modified_time\" content=\"2025-10-20T11:48:39+00:00\" \/>\n<meta property=\"og:image\" content=\"https:\/\/newskyvn.com\/wp-content\/uploads\/2021\/10\/Type8802.jpg\" \/>\n\t<meta property=\"og:image:width\" content=\"500\" \/>\n\t<meta property=\"og:image:height\" content=\"500\" \/>\n<meta name=\"twitter:card\" content=\"summary_large_image\" \/>\n<script type=\"application\/ld+json\" class=\"yoast-schema-graph\">{\"@context\":\"https:\/\/schema.org\",\"@graph\":[{\"@type\":\"WebSite\",\"@id\":\"https:\/\/newskyvn.com\/#website\",\"url\":\"https:\/\/newskyvn.com\/\",\"name\":\"NEW SKY CO.,LTD\",\"description\":\"C\\u00f4ng Ty TNHH S\\u1ea3n Xu\\u1ea5t Th\\u01b0\\u01a1ng M\\u1ea1i D\\u1ecbch V\\u1ee5 T\\u00e2n Thi\\u00ean\",\"potentialAction\":[{\"@type\":\"SearchAction\",\"target\":{\"@type\":\"EntryPoint\",\"urlTemplate\":\"https:\/\/newskyvn.com\/?s={search_term_string}\"},\"query-input\":\"required name=search_term_string\"}],\"inLanguage\":\"en-US\"},{\"@type\":\"ImageObject\",\"@id\":\"https:\/\/newskyvn.com\/product\/type-8802\/#primaryimage\",\"inLanguage\":\"en-US\",\"url\":\"https:\/\/newskyvn.com\/wp-content\/uploads\/2021\/10\/Type8802.jpg\",\"contentUrl\":\"https:\/\/newskyvn.com\/wp-content\/uploads\/2021\/10\/Type8802.jpg\",\"width\":500,\"height\":500},{\"@type\":\"WebPage\",\"@id\":\"https:\/\/newskyvn.com\/product\/type-8802\/#webpage\",\"url\":\"https:\/\/newskyvn.com\/product\/type-8802\/\",\"name\":\"Type 8802 - NEW SKY CO.,LTD\",\"isPartOf\":{\"@id\":\"https:\/\/newskyvn.com\/#website\"},\"primaryImageOfPage\":{\"@id\":\"https:\/\/newskyvn.com\/product\/type-8802\/#primaryimage\"},\"datePublished\":\"2021-10-03T08:13:20+00:00\",\"dateModified\":\"2025-10-20T11:48:39+00:00\",\"breadcrumb\":{\"@id\":\"https:\/\/newskyvn.com\/product\/type-8802\/#breadcrumb\"},\"inLanguage\":\"en-US\",\"potentialAction\":[{\"@type\":\"ReadAction\",\"target\":[\"https:\/\/newskyvn.com\/product\/type-8802\/\"]}]},{\"@type\":\"BreadcrumbList\",\"@id\":\"https:\/\/newskyvn.com\/product\/type-8802\/#breadcrumb\",\"itemListElement\":[{\"@type\":\"ListItem\",\"position\":1,\"name\":\"Product\",\"item\":\"https:\/\/newskyvn.com\/en\/san-pham\/\"},{\"@type\":\"ListItem\",\"position\":2,\"name\":\"Type 8802\"}]}]}<\/script>\n<!-- \/ Yoast SEO plugin. -->","_links":{"self":[{"href":"https:\/\/newskyvn.com\/en\/wp-json\/wp\/v2\/product\/2091"}],"collection":[{"href":"https:\/\/newskyvn.com\/en\/wp-json\/wp\/v2\/product"}],"about":[{"href":"https:\/\/newskyvn.com\/en\/wp-json\/wp\/v2\/types\/product"}],"replies":[{"embeddable":true,"href":"https:\/\/newskyvn.com\/en\/wp-json\/wp\/v2\/comments?post=2091"}],"wp:featuredmedia":[{"embeddable":true,"href":"https:\/\/newskyvn.com\/en\/wp-json\/wp\/v2\/media\/2093"}],"wp:attachment":[{"href":"https:\/\/newskyvn.com\/en\/wp-json\/wp\/v2\/media?parent=2091"}],"wp:term":[{"taxonomy":"product_cat","embeddable":true,"href":"https:\/\/newskyvn.com\/en\/wp-json\/wp\/v2\/product_cat?post=2091"},{"taxonomy":"product_tag","embeddable":true,"href":"https:\/\/newskyvn.com\/en\/wp-json\/wp\/v2\/product_tag?post=2091"}],"curies":[{"name":"wp","href":"https:\/\/api.w.org\/{rel}","templated":true}]}}