{"id":2088,"date":"2021-10-03T08:05:23","date_gmt":"2021-10-03T08:05:23","guid":{"rendered":"https:\/\/newskyvn.com\/?post_type=product&#038;p=2088"},"modified":"2021-10-03T08:05:24","modified_gmt":"2021-10-03T08:05:24","slug":"type-2301","status":"publish","type":"product","link":"https:\/\/newskyvn.com\/en\/product\/type-2301\/","title":{"rendered":"Type 2301"},"content":{"rendered":"","protected":false},"excerpt":{"rendered":"<p>&nbsp;<\/p>\n<p><strong>Pneumatically operated 2 way Globe Control Valve<\/strong><\/p>\n<p>In line with B\u00fcrkert\u2019s philosophy the construction of the type 2301 globe valve fulfils tough criteria for process environments. Unrivalled cycle life and sealing integrity is guaranteed by the proven self adjusting spindle packing with exchangeable V-seals. Each globe valve body can be fitted with up to five sizes of trim sets. These parabolic trims provide a reliable and repeatable characteristic to vary the flow. The control cones are available in either stainless steel or with a durable PTFE seal or PEEK seal for tight shut-off. Leakage class III, IV or VI are available. The design enables the easy integration of automation modules whether they are digital electropneumatic positioner or process controller. The fully integrated system has a compact and smooth design, integrated pneumatic lines, IP65\/67 protection class and superior chemical resistance.<\/p>\n<div class=\"copy\">\n<ul>\n<li>Excellent control characteristics<\/li>\n<li>High cycle life and maintenance-free operation<\/li>\n<li>Flow optimised body in stainless steel<\/li>\n<li>Several Kvs value per port size due to removable valve seats<\/li>\n<li>Control units can be mounted directly without external tubing<\/li>\n<\/ul>\n<\/div>\n","protected":false},"featured_media":2090,"comment_status":"open","ping_status":"closed","template":"","meta":[],"product_cat":[107,109],"product_tag":[],"yoast_head":"<!-- This site is optimized with the Yoast SEO plugin v16.6.1 - https:\/\/yoast.com\/wordpress\/plugins\/seo\/ -->\n<title>Type 2301 - NEW SKY CO.,LTD<\/title>\n<meta name=\"robots\" content=\"index, follow, max-snippet:-1, max-image-preview:large, max-video-preview:-1\" \/>\n<link rel=\"canonical\" href=\"https:\/\/newskyvn.com\/product\/type-2301\/\" \/>\n<meta property=\"og:locale\" content=\"en_US\" \/>\n<meta property=\"og:type\" content=\"article\" \/>\n<meta property=\"og:title\" content=\"Type 2301 - NEW SKY CO.,LTD\" \/>\n<meta property=\"og:description\" content=\"[:vi]&nbsp;  Van \u0111i\u1ec1u khi\u1ec3n h\u00ecnh c\u1ea7u 2 ng\u00f5 ho\u1ea1t \u0111\u1ed9ng b\u1eb1ng kh\u00ed n\u00e9n  Ph\u00f9 h\u1ee3p v\u1edbi tri\u1ebft l\u00fd c\u1ee7a B\u00fcrkert, c\u1ea5u t\u1ea1o c\u1ee7a van c\u1ea7u lo\u1ea1i 2301 \u0111\u00e1p \u1ee9ng c\u00e1c ti\u00eau ch\u00ed kh\u1eafc nghi\u1ec7t cho m\u00f4i tr\u01b0\u1eddng quy tr\u00ecnh.\u00a0Tu\u1ed5i th\u1ecd chu k\u1ef3 v\u00f4 song v\u00e0 t\u00ednh to\u00e0n v\u1eb9n c\u1ee7a ni\u00eam phong \u0111\u01b0\u1ee3c \u0111\u1ea3m b\u1ea3o b\u1eb1ng c\u00e1ch \u0111\u00f3ng g\u00f3i tr\u1ee5c ch\u00ednh t\u1ef1 \u0111i\u1ec1u ch\u1ec9nh \u0111\u00e3 \u0111\u01b0\u1ee3c ch\u1ee9ng minh v\u1edbi c\u00e1c con d\u1ea5u ch\u1eef V c\u00f3 th\u1ec3 trao \u0111\u1ed5i.\u00a0M\u1ed7i th\u00e2n van c\u1ea7u c\u00f3 th\u1ec3 \u0111\u01b0\u1ee3c l\u1eafp t\u1ed1i \u0111a n\u0103m k\u00edch c\u1ee1 c\u1ee7a b\u1ed9 trang tr\u00ed.\u00a0Nh\u1eefng \u0111\u01b0\u1eddng c\u1eaft h\u00ecnh parabol n\u00e0y cung c\u1ea5p m\u1ed9t \u0111\u1eb7c t\u00ednh \u0111\u00e1ng tin c\u1eady v\u00e0 c\u00f3 th\u1ec3 l\u1eb7p l\u1ea1i \u0111\u1ec3 thay \u0111\u1ed5i d\u00f2ng ch\u1ea3y.\u00a0N\u00fam \u0111i\u1ec1u khi\u1ec3n c\u00f3 s\u1eb5n b\u1eb1ng th\u00e9p kh\u00f4ng g\u1ec9 ho\u1eb7c v\u1edbi con d\u1ea5u PTFE b\u1ec1n ho\u1eb7c con d\u1ea5u PEEK \u0111\u1ec3 \u0111\u00f3ng ng\u1eaft ch\u1eb7t ch\u1ebd.\u00a0R\u00f2 r\u1ec9 c\u1ea5p III, IV ho\u1eb7c VI c\u00f3 s\u1eb5n.\u00a0Thi\u1ebft k\u1ebf cho ph\u00e9p t\u00edch h\u1ee3p d\u1ec5 d\u00e0ng c\u00e1c m\u00f4-\u0111un t\u1ef1 \u0111\u1ed9ng h\u00f3a cho d\u00f9 ch\u00fang l\u00e0 b\u1ed9 \u0111\u1ecbnh v\u1ecb \u0111i\u1ec7n kh\u00ed n\u00e9n k\u1ef9 thu\u1eadt s\u1ed1 hay b\u1ed9 \u0111i\u1ec1u khi\u1ec3n quy tr\u00ecnh.\u00a0H\u1ec7 th\u1ed1ng t\u00edch h\u1ee3p \u0111\u1ea7y \u0111\u1ee7 c\u00f3 thi\u1ebft k\u1ebf nh\u1ecf g\u1ecdn v\u00e0 \u00eam \u00e1i, c\u00e1c \u0111\u01b0\u1eddng kh\u00ed n\u00e9n t\u00edch h\u1ee3p,    \u0110\u1eb7c \u0111i\u1ec3m ki\u1ec3m so\u00e1t tuy\u1ec7t v\u1eddi  Tu\u1ed5i th\u1ecd chu k\u1ef3 cao v\u00e0 ho\u1ea1t \u0111\u1ed9ng kh\u00f4ng c\u1ea7n b\u1ea3o tr\u00ec  Th\u00e2n m\u00e1y t\u1ed1i \u01b0u h\u00f3a d\u00f2ng ch\u1ea3y b\u1eb1ng th\u00e9p kh\u00f4ng g\u1ec9  M\u1ed9t s\u1ed1 gi\u00e1 tr\u1ecb Kvs cho m\u1ed7i k\u00edch th\u01b0\u1edbc c\u1ed5ng do gh\u1ebf van c\u00f3 th\u1ec3 th\u00e1o r\u1eddi  C\u00e1c \u0111\u01a1n v\u1ecb \u0111i\u1ec1u khi\u1ec3n c\u00f3 th\u1ec3 \u0111\u01b0\u1ee3c g\u1eafn tr\u1ef1c ti\u1ebfp m\u00e0 kh\u00f4ng c\u1ea7n \u1ed1ng b\u00ean ngo\u00e0i  [:en]&nbsp;  Pneumatically operated 2 way Globe Control Valve  In line with B\u00fcrkert\u2019s philosophy the construction of the type 2301 globe valve fulfils tough criteria for process environments. Unrivalled cycle life and sealing integrity is guaranteed by the proven self adjusting spindle packing with exchangeable V-seals. Each globe valve body can be fitted with up to five sizes of trim sets. These parabolic trims provide a reliable and repeatable characteristic to vary the flow. The control cones are available in either stainless steel or with a durable PTFE seal or PEEK seal for tight shut-off. Leakage class III, IV or VI are available. The design enables the easy integration of automation modules whether they are digital electropneumatic positioner or process controller. The fully integrated system has a compact and smooth design, integrated pneumatic lines, IP65\/67 protection class and superior chemical resistance.    Excellent control characteristics  High cycle life and maintenance-free operation  Flow optimised body in stainless steel  Several Kvs value per port size due to removable valve seats  Control units can be mounted directly without external tubing  [:]\" \/>\n<meta property=\"og:url\" content=\"https:\/\/newskyvn.com\/product\/type-2301\/\" \/>\n<meta property=\"og:site_name\" content=\"NEW SKY CO.,LTD\" \/>\n<meta property=\"article:modified_time\" content=\"2021-10-03T08:05:24+00:00\" \/>\n<meta property=\"og:image\" content=\"https:\/\/newskyvn.com\/wp-content\/uploads\/2021\/10\/Type2301.jpg\" \/>\n\t<meta property=\"og:image:width\" content=\"500\" \/>\n\t<meta property=\"og:image:height\" content=\"500\" \/>\n<meta name=\"twitter:card\" content=\"summary_large_image\" \/>\n<script type=\"application\/ld+json\" class=\"yoast-schema-graph\">{\"@context\":\"https:\/\/schema.org\",\"@graph\":[{\"@type\":\"WebSite\",\"@id\":\"https:\/\/newskyvn.com\/#website\",\"url\":\"https:\/\/newskyvn.com\/\",\"name\":\"NEW SKY CO.,LTD\",\"description\":\"C\\u00f4ng Ty TNHH S\\u1ea3n Xu\\u1ea5t Th\\u01b0\\u01a1ng M\\u1ea1i D\\u1ecbch V\\u1ee5 T\\u00e2n Thi\\u00ean\",\"potentialAction\":[{\"@type\":\"SearchAction\",\"target\":{\"@type\":\"EntryPoint\",\"urlTemplate\":\"https:\/\/newskyvn.com\/?s={search_term_string}\"},\"query-input\":\"required name=search_term_string\"}],\"inLanguage\":\"en-US\"},{\"@type\":\"ImageObject\",\"@id\":\"https:\/\/newskyvn.com\/product\/type-2301\/#primaryimage\",\"inLanguage\":\"en-US\",\"url\":\"https:\/\/newskyvn.com\/wp-content\/uploads\/2021\/10\/Type2301.jpg\",\"contentUrl\":\"https:\/\/newskyvn.com\/wp-content\/uploads\/2021\/10\/Type2301.jpg\",\"width\":500,\"height\":500},{\"@type\":\"WebPage\",\"@id\":\"https:\/\/newskyvn.com\/product\/type-2301\/#webpage\",\"url\":\"https:\/\/newskyvn.com\/product\/type-2301\/\",\"name\":\"Type 2301 - NEW SKY CO.,LTD\",\"isPartOf\":{\"@id\":\"https:\/\/newskyvn.com\/#website\"},\"primaryImageOfPage\":{\"@id\":\"https:\/\/newskyvn.com\/product\/type-2301\/#primaryimage\"},\"datePublished\":\"2021-10-03T08:05:23+00:00\",\"dateModified\":\"2021-10-03T08:05:24+00:00\",\"breadcrumb\":{\"@id\":\"https:\/\/newskyvn.com\/product\/type-2301\/#breadcrumb\"},\"inLanguage\":\"en-US\",\"potentialAction\":[{\"@type\":\"ReadAction\",\"target\":[\"https:\/\/newskyvn.com\/product\/type-2301\/\"]}]},{\"@type\":\"BreadcrumbList\",\"@id\":\"https:\/\/newskyvn.com\/product\/type-2301\/#breadcrumb\",\"itemListElement\":[{\"@type\":\"ListItem\",\"position\":1,\"name\":\"Product\",\"item\":\"https:\/\/newskyvn.com\/en\/san-pham\/\"},{\"@type\":\"ListItem\",\"position\":2,\"name\":\"Type 2301\"}]}]}<\/script>\n<!-- \/ Yoast SEO plugin. -->","_links":{"self":[{"href":"https:\/\/newskyvn.com\/en\/wp-json\/wp\/v2\/product\/2088"}],"collection":[{"href":"https:\/\/newskyvn.com\/en\/wp-json\/wp\/v2\/product"}],"about":[{"href":"https:\/\/newskyvn.com\/en\/wp-json\/wp\/v2\/types\/product"}],"replies":[{"embeddable":true,"href":"https:\/\/newskyvn.com\/en\/wp-json\/wp\/v2\/comments?post=2088"}],"wp:featuredmedia":[{"embeddable":true,"href":"https:\/\/newskyvn.com\/en\/wp-json\/wp\/v2\/media\/2090"}],"wp:attachment":[{"href":"https:\/\/newskyvn.com\/en\/wp-json\/wp\/v2\/media?parent=2088"}],"wp:term":[{"taxonomy":"product_cat","embeddable":true,"href":"https:\/\/newskyvn.com\/en\/wp-json\/wp\/v2\/product_cat?post=2088"},{"taxonomy":"product_tag","embeddable":true,"href":"https:\/\/newskyvn.com\/en\/wp-json\/wp\/v2\/product_tag?post=2088"}],"curies":[{"name":"wp","href":"https:\/\/api.w.org\/{rel}","templated":true}]}}