{"id":2085,"date":"2021-10-03T07:58:54","date_gmt":"2021-10-03T07:58:54","guid":{"rendered":"https:\/\/newskyvn.com\/?post_type=product&#038;p=2085"},"modified":"2021-10-03T07:58:55","modified_gmt":"2021-10-03T07:58:55","slug":"type-2380","status":"publish","type":"product","link":"https:\/\/newskyvn.com\/en\/product\/type-2380\/","title":{"rendered":"Type 2380"},"content":{"rendered":"","protected":false},"excerpt":{"rendered":"<p>&nbsp;<\/p>\n<p><strong>2\/2-way Bellow Control Valve<\/strong><\/p>\n<p>The bellow control valve is a pneumatically operated process valve with a single-acting diaphragm actuator. A PTFE bellow ensures the separation between medium and actuator. The materials used and the design of the media space allow the use under hygienic or aggressive conditions. It has a good cleanability. The combination with a controller (Type 869x) and the control cone integrated into the bellow enable the valve to handle demanding control tasks. The space-saving actuator with low internal volume not only results in a very compact size but also in remarkably low response times. The valve is characterized by a good control performance due to the low-friction design and has a linear characteristic. A certain variety of body and block system solutions are deliverable.<\/p>\n<div class=\"copy\">\n<ul>\n<li>For neutral and aggressive media<\/li>\n<li>Media separation by PTFE bellow<\/li>\n<li>Hygienic design<\/li>\n<\/ul>\n<\/div>\n","protected":false},"featured_media":2087,"comment_status":"open","ping_status":"closed","template":"","meta":[],"product_cat":[107,109],"product_tag":[],"yoast_head":"<!-- This site is optimized with the Yoast SEO plugin v16.6.1 - https:\/\/yoast.com\/wordpress\/plugins\/seo\/ -->\n<title>Type 2380 - NEW SKY CO.,LTD<\/title>\n<meta name=\"robots\" content=\"index, follow, max-snippet:-1, max-image-preview:large, max-video-preview:-1\" \/>\n<link rel=\"canonical\" href=\"https:\/\/newskyvn.com\/product\/type-2380\/\" \/>\n<meta property=\"og:locale\" content=\"en_US\" \/>\n<meta property=\"og:type\" content=\"article\" \/>\n<meta property=\"og:title\" content=\"Type 2380 - NEW SKY CO.,LTD\" \/>\n<meta property=\"og:description\" content=\"[:vi]&nbsp;  Van \u0111i\u1ec1u khi\u1ec3n b\u1eb1ng kh\u00ed n\u00e9n 2\/2 ng\u00f5  Van \u0111i\u1ec1u khi\u1ec3n d\u01b0\u1edbi l\u00e0 m\u1ed9t van qu\u00e1 tr\u00ecnh ho\u1ea1t \u0111\u1ed9ng b\u1eb1ng kh\u00ed n\u00e9n v\u1edbi m\u1ed9t c\u01a1 c\u1ea5u truy\u1ec1n \u0111\u1ed9ng m\u00e0ng t\u00e1c \u0111\u1ed9ng \u0111\u01a1n.\u00a0M\u1ed9t b\u00ean d\u01b0\u1edbi PTFE \u0111\u1ea3m b\u1ea3o s\u1ef1 t\u00e1ch bi\u1ec7t gi\u1eefa ph\u01b0\u01a1ng ti\u1ec7n v\u00e0 thi\u1ebft b\u1ecb truy\u1ec1n \u0111\u1ed9ng.\u00a0C\u00e1c v\u1eadt li\u1ec7u \u0111\u01b0\u1ee3c s\u1eed d\u1ee5ng v\u00e0 thi\u1ebft k\u1ebf c\u1ee7a kh\u00f4ng gian ph\u01b0\u01a1ng ti\u1ec7n cho ph\u00e9p s\u1eed d\u1ee5ng trong c\u00e1c \u0111i\u1ec1u ki\u1ec7n v\u1ec7 sinh ho\u1eb7c x\u00e2m th\u1ef1c.\u00a0N\u00f3 c\u00f3 kh\u1ea3 n\u0103ng l\u00e0m s\u1ea1ch t\u1ed1t.\u00a0S\u1ef1 k\u1ebft h\u1ee3p v\u1edbi b\u1ed9 \u0111i\u1ec1u khi\u1ec3n (Lo\u1ea1i 869x) v\u00e0 n\u00f3n \u0111i\u1ec1u khi\u1ec3n \u0111\u01b0\u1ee3c t\u00edch h\u1ee3p v\u00e0o b\u00ean d\u01b0\u1edbi cho ph\u00e9p van x\u1eed l\u00fd c\u00e1c nhi\u1ec7m v\u1ee5 \u0111i\u1ec1u khi\u1ec3n \u0111\u00f2i h\u1ecfi.\u00a0B\u1ed9 truy\u1ec1n \u0111\u1ed9ng ti\u1ebft ki\u1ec7m kh\u00f4ng gian v\u1edbi kh\u1ed1i l\u01b0\u1ee3ng b\u00ean trong th\u1ea5p kh\u00f4ng ch\u1ec9 d\u1eabn \u0111\u1ebfn k\u00edch th\u01b0\u1edbc r\u1ea5t nh\u1ecf g\u1ecdn m\u00e0 c\u00f2n c\u00f3 th\u1eddi gian ph\u1ea3n h\u1ed3i th\u1ea5p \u0111\u00e1ng k\u1ec3.\u00a0Van \u0111\u01b0\u1ee3c \u0111\u1eb7c tr\u01b0ng b\u1edfi hi\u1ec7u su\u1ea5t \u0111i\u1ec1u khi\u1ec3n t\u1ed1t do thi\u1ebft k\u1ebf \u00edt ma s\u00e1t v\u00e0 c\u00f3 \u0111\u1eb7c t\u00ednh tuy\u1ebfn t\u00ednh.\u00a0C\u00f3 th\u1ec3 cung c\u1ea5p m\u1ed9t s\u1ed1 gi\u1ea3i ph\u00e1p h\u1ec7 th\u1ed1ng kh\u1ed1i v\u00e0 th\u00e2n nh\u1ea5t \u0111\u1ecbnh.    \u0110\u1ed1i v\u1edbi c\u00e1c ph\u01b0\u01a1ng ti\u1ec7n truy\u1ec1n th\u00f4ng trung l\u1eadp v\u00e0 t\u00edch c\u1ef1c  Ph\u01b0\u01a1ng ti\u1ec7n t\u00e1ch b\u1eb1ng PTFE d\u01b0\u1edbi \u0111\u00e2y  Thi\u1ebft k\u1ebf \u0111\u00e1p \u1ee9ng cho ph\u00f2ng s\u1ea1ch.  [:en]&nbsp;  2\/2-way Bellow Control Valve  The bellow control valve is a pneumatically operated process valve with a single-acting diaphragm actuator. A PTFE bellow ensures the separation between medium and actuator. The materials used and the design of the media space allow the use under hygienic or aggressive conditions. It has a good cleanability. The combination with a controller (Type 869x) and the control cone integrated into the bellow enable the valve to handle demanding control tasks. The space-saving actuator with low internal volume not only results in a very compact size but also in remarkably low response times. The valve is characterized by a good control performance due to the low-friction design and has a linear characteristic. A certain variety of body and block system solutions are deliverable.    For neutral and aggressive media  Media separation by PTFE bellow  Hygienic design  [:]\" \/>\n<meta property=\"og:url\" content=\"https:\/\/newskyvn.com\/product\/type-2380\/\" \/>\n<meta property=\"og:site_name\" content=\"NEW SKY CO.,LTD\" \/>\n<meta property=\"article:modified_time\" content=\"2021-10-03T07:58:55+00:00\" \/>\n<meta property=\"og:image\" content=\"https:\/\/newskyvn.com\/wp-content\/uploads\/2021\/10\/Type-2380.jpg\" \/>\n\t<meta property=\"og:image:width\" content=\"500\" \/>\n\t<meta property=\"og:image:height\" content=\"500\" \/>\n<meta name=\"twitter:card\" content=\"summary_large_image\" \/>\n<script type=\"application\/ld+json\" class=\"yoast-schema-graph\">{\"@context\":\"https:\/\/schema.org\",\"@graph\":[{\"@type\":\"WebSite\",\"@id\":\"https:\/\/newskyvn.com\/#website\",\"url\":\"https:\/\/newskyvn.com\/\",\"name\":\"NEW SKY CO.,LTD\",\"description\":\"C\\u00f4ng Ty TNHH S\\u1ea3n Xu\\u1ea5t Th\\u01b0\\u01a1ng M\\u1ea1i D\\u1ecbch V\\u1ee5 T\\u00e2n Thi\\u00ean\",\"potentialAction\":[{\"@type\":\"SearchAction\",\"target\":{\"@type\":\"EntryPoint\",\"urlTemplate\":\"https:\/\/newskyvn.com\/?s={search_term_string}\"},\"query-input\":\"required name=search_term_string\"}],\"inLanguage\":\"en-US\"},{\"@type\":\"ImageObject\",\"@id\":\"https:\/\/newskyvn.com\/product\/type-2380\/#primaryimage\",\"inLanguage\":\"en-US\",\"url\":\"https:\/\/newskyvn.com\/wp-content\/uploads\/2021\/10\/Type-2380.jpg\",\"contentUrl\":\"https:\/\/newskyvn.com\/wp-content\/uploads\/2021\/10\/Type-2380.jpg\",\"width\":500,\"height\":500},{\"@type\":\"WebPage\",\"@id\":\"https:\/\/newskyvn.com\/product\/type-2380\/#webpage\",\"url\":\"https:\/\/newskyvn.com\/product\/type-2380\/\",\"name\":\"Type 2380 - NEW SKY CO.,LTD\",\"isPartOf\":{\"@id\":\"https:\/\/newskyvn.com\/#website\"},\"primaryImageOfPage\":{\"@id\":\"https:\/\/newskyvn.com\/product\/type-2380\/#primaryimage\"},\"datePublished\":\"2021-10-03T07:58:54+00:00\",\"dateModified\":\"2021-10-03T07:58:55+00:00\",\"breadcrumb\":{\"@id\":\"https:\/\/newskyvn.com\/product\/type-2380\/#breadcrumb\"},\"inLanguage\":\"en-US\",\"potentialAction\":[{\"@type\":\"ReadAction\",\"target\":[\"https:\/\/newskyvn.com\/product\/type-2380\/\"]}]},{\"@type\":\"BreadcrumbList\",\"@id\":\"https:\/\/newskyvn.com\/product\/type-2380\/#breadcrumb\",\"itemListElement\":[{\"@type\":\"ListItem\",\"position\":1,\"name\":\"Product\",\"item\":\"https:\/\/newskyvn.com\/en\/san-pham\/\"},{\"@type\":\"ListItem\",\"position\":2,\"name\":\"Type 2380\"}]}]}<\/script>\n<!-- \/ Yoast SEO plugin. -->","_links":{"self":[{"href":"https:\/\/newskyvn.com\/en\/wp-json\/wp\/v2\/product\/2085"}],"collection":[{"href":"https:\/\/newskyvn.com\/en\/wp-json\/wp\/v2\/product"}],"about":[{"href":"https:\/\/newskyvn.com\/en\/wp-json\/wp\/v2\/types\/product"}],"replies":[{"embeddable":true,"href":"https:\/\/newskyvn.com\/en\/wp-json\/wp\/v2\/comments?post=2085"}],"wp:featuredmedia":[{"embeddable":true,"href":"https:\/\/newskyvn.com\/en\/wp-json\/wp\/v2\/media\/2087"}],"wp:attachment":[{"href":"https:\/\/newskyvn.com\/en\/wp-json\/wp\/v2\/media?parent=2085"}],"wp:term":[{"taxonomy":"product_cat","embeddable":true,"href":"https:\/\/newskyvn.com\/en\/wp-json\/wp\/v2\/product_cat?post=2085"},{"taxonomy":"product_tag","embeddable":true,"href":"https:\/\/newskyvn.com\/en\/wp-json\/wp\/v2\/product_tag?post=2085"}],"curies":[{"name":"wp","href":"https:\/\/api.w.org\/{rel}","templated":true}]}}