{"id":2081,"date":"2021-10-02T09:54:02","date_gmt":"2021-10-02T09:54:02","guid":{"rendered":"https:\/\/newskyvn.com\/?post_type=product&#038;p=2081"},"modified":"2021-10-02T09:54:02","modified_gmt":"2021-10-02T09:54:02","slug":"type-6212","status":"publish","type":"product","link":"https:\/\/newskyvn.com\/en\/product\/type-6212\/","title":{"rendered":"Type 6212"},"content":{"rendered":"","protected":false},"excerpt":{"rendered":"<p>&nbsp;<\/p>\n<p><strong>Diaphragm valve 2\/2 way servo-assisted<\/strong><\/p>\n<p>2\/2-way solenoid valve with servo-diaphragm and 3-way pilot control with medium separation.Available in the circuit functions NC and NO. The medium separation in the pilot valve enables the valve to be used for slightly aggressive medium. (e. g. deionised water).<\/p>\n<div class=\"copy\">\n<ul>\n<li>Media separated<\/li>\n<li>Reduced power consumption<\/li>\n<li>Stainless steel housing for aggressive media<\/li>\n<li>Circuit function NC or NO<\/li>\n<\/ul>\n<\/div>\n<p>&nbsp;<\/p>\n","protected":false},"featured_media":2083,"comment_status":"open","ping_status":"closed","template":"","meta":[],"product_cat":[103,104,106],"product_tag":[],"yoast_head":"<!-- This site is optimized with the Yoast SEO plugin v16.6.1 - https:\/\/yoast.com\/wordpress\/plugins\/seo\/ -->\n<title>Type 6212 - NEW SKY CO.,LTD<\/title>\n<meta name=\"robots\" content=\"index, follow, max-snippet:-1, max-image-preview:large, max-video-preview:-1\" \/>\n<link rel=\"canonical\" href=\"https:\/\/newskyvn.com\/product\/type-6212\/\" \/>\n<meta property=\"og:locale\" content=\"en_US\" \/>\n<meta property=\"og:type\" content=\"article\" \/>\n<meta property=\"og:title\" content=\"Type 6212 - NEW SKY CO.,LTD\" \/>\n<meta property=\"og:description\" content=\"[:vi]&nbsp;  Van m\u00e0ng ng\u0103n 2\/2 ng\u00f5 h\u1ed7 tr\u1ee3 servo  Van \u0111i\u1ec7n t\u1eeb 2\/2 chi\u1ec1u v\u1edbi m\u00e0ng ng\u0103n servo v\u00e0 \u0111i\u1ec1u khi\u1ec3n th\u00ed \u0111i\u1ec3m 3 chi\u1ec1u v\u1edbi s\u1ef1 t\u00e1ch bi\u1ec7t trung b\u00ecnh. C\u00f3 s\u1eb5n trong c\u00e1c ch\u1ee9c n\u0103ng m\u1ea1ch NC v\u00e0 NO.\u00a0S\u1ef1 ph\u00e2n t\u00e1ch m\u00f4i ch\u1ea5t trong van th\u00ed \u0111i\u1ec3m cho ph\u00e9p van \u0111\u01b0\u1ee3c s\u1eed d\u1ee5ng cho m\u00f4i ch\u1ea5t h\u01a1i m\u1ea1nh.\u00a0(v\u00ed d\u1ee5: n\u01b0\u1edbc kh\u1eed ion).    Ph\u01b0\u01a1ng ti\u1ec7n \u0111\u01b0\u1ee3c t\u00e1ch ra  Gi\u1ea3m ti\u00eau th\u1ee5 \u0111i\u1ec7n n\u0103ng  V\u1ecf th\u00e9p kh\u00f4ng g\u1ec9 cho ph\u01b0\u01a1ng ti\u1ec7n truy\u1ec1n th\u00f4ng t\u00edch c\u1ef1c  Ch\u1ee9c n\u0103ng m\u1ea1ch NC ho\u1eb7c NO  [:en]&nbsp;  Diaphragm valve 2\/2 way servo-assisted  2\/2-way solenoid valve with servo-diaphragm and 3-way pilot control with medium separation.Available in the circuit functions NC and NO. The medium separation in the pilot valve enables the valve to be used for slightly aggressive medium. (e. g. deionised water).    Media separated  Reduced power consumption  Stainless steel housing for aggressive media  Circuit function NC or NO   &nbsp;[:]\" \/>\n<meta property=\"og:url\" content=\"https:\/\/newskyvn.com\/product\/type-6212\/\" \/>\n<meta property=\"og:site_name\" content=\"NEW SKY CO.,LTD\" \/>\n<meta property=\"og:image\" content=\"https:\/\/newskyvn.com\/wp-content\/uploads\/2021\/10\/Type-6212.jpg\" \/>\n\t<meta property=\"og:image:width\" content=\"500\" \/>\n\t<meta property=\"og:image:height\" content=\"500\" \/>\n<meta name=\"twitter:card\" content=\"summary_large_image\" \/>\n<script type=\"application\/ld+json\" class=\"yoast-schema-graph\">{\"@context\":\"https:\/\/schema.org\",\"@graph\":[{\"@type\":\"WebSite\",\"@id\":\"https:\/\/newskyvn.com\/#website\",\"url\":\"https:\/\/newskyvn.com\/\",\"name\":\"NEW SKY CO.,LTD\",\"description\":\"C\\u00f4ng Ty TNHH S\\u1ea3n Xu\\u1ea5t Th\\u01b0\\u01a1ng M\\u1ea1i D\\u1ecbch V\\u1ee5 T\\u00e2n Thi\\u00ean\",\"potentialAction\":[{\"@type\":\"SearchAction\",\"target\":{\"@type\":\"EntryPoint\",\"urlTemplate\":\"https:\/\/newskyvn.com\/?s={search_term_string}\"},\"query-input\":\"required name=search_term_string\"}],\"inLanguage\":\"en-US\"},{\"@type\":\"ImageObject\",\"@id\":\"https:\/\/newskyvn.com\/product\/type-6212\/#primaryimage\",\"inLanguage\":\"en-US\",\"url\":\"https:\/\/newskyvn.com\/wp-content\/uploads\/2021\/10\/Type-6212.jpg\",\"contentUrl\":\"https:\/\/newskyvn.com\/wp-content\/uploads\/2021\/10\/Type-6212.jpg\",\"width\":500,\"height\":500},{\"@type\":\"WebPage\",\"@id\":\"https:\/\/newskyvn.com\/product\/type-6212\/#webpage\",\"url\":\"https:\/\/newskyvn.com\/product\/type-6212\/\",\"name\":\"Type 6212 - NEW SKY CO.,LTD\",\"isPartOf\":{\"@id\":\"https:\/\/newskyvn.com\/#website\"},\"primaryImageOfPage\":{\"@id\":\"https:\/\/newskyvn.com\/product\/type-6212\/#primaryimage\"},\"datePublished\":\"2021-10-02T09:54:02+00:00\",\"dateModified\":\"2021-10-02T09:54:02+00:00\",\"breadcrumb\":{\"@id\":\"https:\/\/newskyvn.com\/product\/type-6212\/#breadcrumb\"},\"inLanguage\":\"en-US\",\"potentialAction\":[{\"@type\":\"ReadAction\",\"target\":[\"https:\/\/newskyvn.com\/product\/type-6212\/\"]}]},{\"@type\":\"BreadcrumbList\",\"@id\":\"https:\/\/newskyvn.com\/product\/type-6212\/#breadcrumb\",\"itemListElement\":[{\"@type\":\"ListItem\",\"position\":1,\"name\":\"Product\",\"item\":\"https:\/\/newskyvn.com\/en\/san-pham\/\"},{\"@type\":\"ListItem\",\"position\":2,\"name\":\"Type 6212\"}]}]}<\/script>\n<!-- \/ Yoast SEO plugin. -->","_links":{"self":[{"href":"https:\/\/newskyvn.com\/en\/wp-json\/wp\/v2\/product\/2081"}],"collection":[{"href":"https:\/\/newskyvn.com\/en\/wp-json\/wp\/v2\/product"}],"about":[{"href":"https:\/\/newskyvn.com\/en\/wp-json\/wp\/v2\/types\/product"}],"replies":[{"embeddable":true,"href":"https:\/\/newskyvn.com\/en\/wp-json\/wp\/v2\/comments?post=2081"}],"wp:featuredmedia":[{"embeddable":true,"href":"https:\/\/newskyvn.com\/en\/wp-json\/wp\/v2\/media\/2083"}],"wp:attachment":[{"href":"https:\/\/newskyvn.com\/en\/wp-json\/wp\/v2\/media?parent=2081"}],"wp:term":[{"taxonomy":"product_cat","embeddable":true,"href":"https:\/\/newskyvn.com\/en\/wp-json\/wp\/v2\/product_cat?post=2081"},{"taxonomy":"product_tag","embeddable":true,"href":"https:\/\/newskyvn.com\/en\/wp-json\/wp\/v2\/product_tag?post=2081"}],"curies":[{"name":"wp","href":"https:\/\/api.w.org\/{rel}","templated":true}]}}