{"id":2074,"date":"2021-10-02T09:09:49","date_gmt":"2021-10-02T09:09:49","guid":{"rendered":"https:\/\/newskyvn.com\/?post_type=product&#038;p=2074"},"modified":"2021-10-02T09:35:03","modified_gmt":"2021-10-02T09:35:03","slug":"type-6519","status":"publish","type":"product","link":"https:\/\/newskyvn.com\/en\/product\/type-6519\/","title":{"rendered":"Type 6519"},"content":{"rendered":"","protected":false},"excerpt":{"rendered":"<p>&nbsp;<\/p>\n<p><strong>Servo-assisted 5\/2, 5\/3 or 3\/2 way Solenoid Valve for pneumatics<\/strong><\/p>\n<p>The Type 6518 is a servo-assisted 3\/2-way valve and the Type 6519 is a 5\/2 or 5\/3-way valve. Together, they form a product line. The valves can be used individually or in blocks. The valves work without a continuous air consumption and are used for the pneumatic control of double or single-acting actuators. A solenoid valve Type 6014 is used as a pilot. The use of high quality materials makes it possible to use these valves in the open air and under chemical atmospheres. The product line contains units with Ex-Approvals and NAMUR flange interface.<\/p>\n<div class=\"copy\">\n<ul>\n<li>High flow-rate capacity<\/li>\n<li>Reduced power consumption<\/li>\n<li>Single or manifold mounting<\/li>\n<li>Standard-, Ex mb and Ex ia versions<\/li>\n<li>Threaded port G 1\/4\u201d or NAMUR flange<\/li>\n<\/ul>\n<\/div>\n","protected":false},"featured_media":2076,"comment_status":"open","ping_status":"closed","template":"","meta":[],"product_cat":[103,142],"product_tag":[],"yoast_head":"<!-- This site is optimized with the Yoast SEO plugin v16.6.1 - https:\/\/yoast.com\/wordpress\/plugins\/seo\/ -->\n<title>Type 6519 - NEW SKY CO.,LTD<\/title>\n<meta name=\"robots\" content=\"index, follow, max-snippet:-1, max-image-preview:large, max-video-preview:-1\" \/>\n<link rel=\"canonical\" href=\"https:\/\/newskyvn.com\/product\/type-6519\/\" \/>\n<meta property=\"og:locale\" content=\"en_US\" \/>\n<meta property=\"og:type\" content=\"article\" \/>\n<meta property=\"og:title\" content=\"Type 6519 - NEW SKY CO.,LTD\" \/>\n<meta property=\"og:description\" content=\"[:vi]&nbsp;  Van \u0111i\u1ec7n t\u1eeb 5\/2, 5\/3 ho\u1eb7c 3\/2 h\u1ed7 tr\u1ee3 Servo cho kh\u00ed n\u00e9n  Ki\u1ec3u 6518 l\u00e0 van 3\/2 chi\u1ec1u h\u1ed7 tr\u1ee3 servo v\u00e0 Ki\u1ec3u 6519 l\u00e0 van 5\/2 ho\u1eb7c 5\/3.\u00a0C\u00f9ng v\u1edbi nhau, ch\u00fang t\u1ea1o th\u00e0nh m\u1ed9t d\u00f2ng s\u1ea3n ph\u1ea9m.\u00a0C\u00e1c van c\u00f3 th\u1ec3 \u0111\u01b0\u1ee3c s\u1eed d\u1ee5ng ri\u00eang l\u1ebb ho\u1eb7c theo kh\u1ed1i.\u00a0C\u00e1c van ho\u1ea1t \u0111\u1ed9ng m\u00e0 kh\u00f4ng c\u1ea7n ti\u00eau th\u1ee5 kh\u00f4ng kh\u00ed li\u00ean t\u1ee5c v\u00e0 \u0111\u01b0\u1ee3c s\u1eed d\u1ee5ng \u0111\u1ec3 \u0111i\u1ec1u khi\u1ec3n kh\u00ed n\u00e9n c\u1ee7a b\u1ed9 truy\u1ec1n \u0111\u1ed9ng t\u00e1c \u0111\u1ed9ng k\u00e9p ho\u1eb7c \u0111\u01a1n.\u00a0M\u1ed9t van \u0111i\u1ec7n t\u1eeb Lo\u1ea1i 6014 \u0111\u01b0\u1ee3c s\u1eed d\u1ee5ng nh\u01b0 m\u1ed9t hoa ti\u00eau.\u00a0Vi\u1ec7c s\u1eed d\u1ee5ng c\u00e1c v\u1eadt li\u1ec7u ch\u1ea5t l\u01b0\u1ee3ng cao l\u00e0m cho n\u00f3 c\u00f3 th\u1ec3 s\u1eed d\u1ee5ng c\u00e1c van n\u00e0y trong kh\u00f4ng kh\u00ed m\u1edf v\u00e0 trong m\u00f4i tr\u01b0\u1eddng h\u00f3a h\u1ecdc.\u00a0D\u00f2ng s\u1ea3n ph\u1ea9m ch\u1ee9a c\u00e1c \u0111\u01a1n v\u1ecb c\u00f3 Giao di\u1ec7n m\u1eb7t b\u00edch NAMUR v\u00e0 Ph\u00ea duy\u1ec7t c\u0169.    C\u00f4ng su\u1ea5t t\u1ed1c \u0111\u1ed9 d\u00f2ng ch\u1ea3y cao  Gi\u1ea3m ti\u00eau th\u1ee5 \u0111i\u1ec7n n\u0103ng  G\u1eafn m\u1ed9t ho\u1eb7c nhi\u1ec1u \u1ed1ng  Phi\u00ean b\u1ea3n Standard-, Ex mb v\u00e0 Ex ia  C\u1ed5ng ren G 1\/4 \u201dho\u1eb7c m\u1eb7t b\u00edch NAMUR  [:en]&nbsp;  Servo-assisted 5\/2, 5\/3 or 3\/2 way Solenoid Valve for pneumatics  The Type 6518 is a servo-assisted 3\/2-way valve and the Type 6519 is a 5\/2 or 5\/3-way valve. Together, they form a product line. The valves can be used individually or in blocks. The valves work without a continuous air consumption and are used for the pneumatic control of double or single-acting actuators. A solenoid valve Type 6014 is used as a pilot. The use of high quality materials makes it possible to use these valves in the open air and under chemical atmospheres. The product line contains units with Ex-Approvals and NAMUR flange interface.    High flow-rate capacity  Reduced power consumption  Single or manifold mounting  Standard-, Ex mb and Ex ia versions  Threaded port G 1\/4\u201d or NAMUR flange  [:]\" \/>\n<meta property=\"og:url\" content=\"https:\/\/newskyvn.com\/product\/type-6519\/\" \/>\n<meta property=\"og:site_name\" content=\"NEW SKY CO.,LTD\" \/>\n<meta property=\"article:modified_time\" content=\"2021-10-02T09:35:03+00:00\" \/>\n<meta property=\"og:image\" content=\"https:\/\/newskyvn.com\/wp-content\/uploads\/2021\/10\/Type-6519.jpg\" \/>\n\t<meta property=\"og:image:width\" content=\"500\" \/>\n\t<meta property=\"og:image:height\" content=\"500\" \/>\n<meta name=\"twitter:card\" content=\"summary_large_image\" \/>\n<script type=\"application\/ld+json\" class=\"yoast-schema-graph\">{\"@context\":\"https:\/\/schema.org\",\"@graph\":[{\"@type\":\"WebSite\",\"@id\":\"https:\/\/newskyvn.com\/#website\",\"url\":\"https:\/\/newskyvn.com\/\",\"name\":\"NEW SKY CO.,LTD\",\"description\":\"C\\u00f4ng Ty TNHH S\\u1ea3n Xu\\u1ea5t Th\\u01b0\\u01a1ng M\\u1ea1i D\\u1ecbch V\\u1ee5 T\\u00e2n Thi\\u00ean\",\"potentialAction\":[{\"@type\":\"SearchAction\",\"target\":{\"@type\":\"EntryPoint\",\"urlTemplate\":\"https:\/\/newskyvn.com\/?s={search_term_string}\"},\"query-input\":\"required name=search_term_string\"}],\"inLanguage\":\"en-US\"},{\"@type\":\"ImageObject\",\"@id\":\"https:\/\/newskyvn.com\/product\/type-6519\/#primaryimage\",\"inLanguage\":\"en-US\",\"url\":\"https:\/\/newskyvn.com\/wp-content\/uploads\/2021\/10\/Type-6519.jpg\",\"contentUrl\":\"https:\/\/newskyvn.com\/wp-content\/uploads\/2021\/10\/Type-6519.jpg\",\"width\":500,\"height\":500},{\"@type\":\"WebPage\",\"@id\":\"https:\/\/newskyvn.com\/product\/type-6519\/#webpage\",\"url\":\"https:\/\/newskyvn.com\/product\/type-6519\/\",\"name\":\"Type 6519 - NEW SKY CO.,LTD\",\"isPartOf\":{\"@id\":\"https:\/\/newskyvn.com\/#website\"},\"primaryImageOfPage\":{\"@id\":\"https:\/\/newskyvn.com\/product\/type-6519\/#primaryimage\"},\"datePublished\":\"2021-10-02T09:09:49+00:00\",\"dateModified\":\"2021-10-02T09:35:03+00:00\",\"breadcrumb\":{\"@id\":\"https:\/\/newskyvn.com\/product\/type-6519\/#breadcrumb\"},\"inLanguage\":\"en-US\",\"potentialAction\":[{\"@type\":\"ReadAction\",\"target\":[\"https:\/\/newskyvn.com\/product\/type-6519\/\"]}]},{\"@type\":\"BreadcrumbList\",\"@id\":\"https:\/\/newskyvn.com\/product\/type-6519\/#breadcrumb\",\"itemListElement\":[{\"@type\":\"ListItem\",\"position\":1,\"name\":\"Product\",\"item\":\"https:\/\/newskyvn.com\/en\/san-pham\/\"},{\"@type\":\"ListItem\",\"position\":2,\"name\":\"Type 6519\"}]}]}<\/script>\n<!-- \/ Yoast SEO plugin. -->","_links":{"self":[{"href":"https:\/\/newskyvn.com\/en\/wp-json\/wp\/v2\/product\/2074"}],"collection":[{"href":"https:\/\/newskyvn.com\/en\/wp-json\/wp\/v2\/product"}],"about":[{"href":"https:\/\/newskyvn.com\/en\/wp-json\/wp\/v2\/types\/product"}],"replies":[{"embeddable":true,"href":"https:\/\/newskyvn.com\/en\/wp-json\/wp\/v2\/comments?post=2074"}],"wp:featuredmedia":[{"embeddable":true,"href":"https:\/\/newskyvn.com\/en\/wp-json\/wp\/v2\/media\/2076"}],"wp:attachment":[{"href":"https:\/\/newskyvn.com\/en\/wp-json\/wp\/v2\/media?parent=2074"}],"wp:term":[{"taxonomy":"product_cat","embeddable":true,"href":"https:\/\/newskyvn.com\/en\/wp-json\/wp\/v2\/product_cat?post=2074"},{"taxonomy":"product_tag","embeddable":true,"href":"https:\/\/newskyvn.com\/en\/wp-json\/wp\/v2\/product_tag?post=2074"}],"curies":[{"name":"wp","href":"https:\/\/api.w.org\/{rel}","templated":true}]}}