{"id":2065,"date":"2021-10-02T08:37:52","date_gmt":"2021-10-02T08:37:52","guid":{"rendered":"https:\/\/newskyvn.com\/?post_type=product&#038;p=2065"},"modified":"2024-09-15T12:48:34","modified_gmt":"2024-09-15T12:48:34","slug":"type-5404","status":"publish","type":"product","link":"https:\/\/newskyvn.com\/en\/product\/type-5404\/","title":{"rendered":"Type 5404"},"content":{"rendered":"","protected":false},"excerpt":{"rendered":"<p>&nbsp;<\/p>\n<p><strong>Servo-assisted 2\/2-way piston valve<\/strong><\/p>\n<p>The 5404 valve is a servo-assisted piston valve available in NC and NO versions. A minimum differential pressure is required for the valve switching function. The solenoid coils are moulded with high-quality epoxy resin. In combination with a plug to DIN EN 175301-803 Form A, the valves satisfy degree of protection IP65. The cable plug is not included and must be ordered separately.<\/p>\n<div class=\"copy\">\n<ul>\n<li>Servo-assisted piston valve with an orifice up to DN50<\/li>\n<li>Explosion proof versions for Cat. 2<\/li>\n<li>Suitable for gas and steam applications up to 180\u00b0C<\/li>\n<li>Relief valves for compressors<\/li>\n<\/ul>\n<\/div>\n","protected":false},"featured_media":2067,"comment_status":"open","ping_status":"closed","template":"","meta":[],"product_cat":[103,104,142,105,143],"product_tag":[],"yoast_head":"<!-- This site is optimized with the Yoast SEO plugin v16.6.1 - https:\/\/yoast.com\/wordpress\/plugins\/seo\/ -->\n<title>Type 5404 - NEW SKY CO.,LTD<\/title>\n<meta name=\"robots\" content=\"index, follow, max-snippet:-1, max-image-preview:large, max-video-preview:-1\" \/>\n<link rel=\"canonical\" href=\"https:\/\/newskyvn.com\/product\/type-5404\/\" \/>\n<meta property=\"og:locale\" content=\"en_US\" \/>\n<meta property=\"og:type\" content=\"article\" \/>\n<meta property=\"og:title\" content=\"Type 5404 - NEW SKY CO.,LTD\" \/>\n<meta property=\"og:description\" content=\"[:vi]&nbsp;  Van piston 2\/2 chi\u1ec1u c\u00f3 h\u1ed7 tr\u1ee3 servo  Van 5404 l\u00e0 lo\u1ea1i van piston c\u00f3 tr\u1ee3 l\u1ef1c servo c\u00f3 s\u1eb5n trong c\u00e1c phi\u00ean b\u1ea3n NC v\u00e0 NO.\u00a0\u00c1p su\u1ea5t ch\u00eanh l\u1ec7ch t\u1ed1i thi\u1ec3u l\u00e0 c\u1ea7n thi\u1ebft cho ch\u1ee9c n\u0103ng chuy\u1ec3n m\u1ea1ch van.\u00a0C\u00e1c cu\u1ed9n d\u00e2y \u0111i\u1ec7n t\u1eeb \u0111\u01b0\u1ee3c \u0111\u00fac b\u1eb1ng nh\u1ef1a epoxy ch\u1ea5t l\u01b0\u1ee3ng cao.\u00a0K\u1ebft h\u1ee3p v\u1edbi ph\u00edch c\u1eafm DIN EN 175301-803 D\u1ea1ng A, c\u00e1c van \u0111\u00e1p \u1ee9ng m\u1ee9c \u0111\u1ed9 b\u1ea3o v\u1ec7 IP65.\u00a0Ph\u00edch c\u1eafm c\u00e1p kh\u00f4ng \u0111\u01b0\u1ee3c bao g\u1ed3m v\u00e0 ph\u1ea3i \u0111\u01b0\u1ee3c \u0111\u1eb7t h\u00e0ng ri\u00eang.    Van p\u00edt-t\u00f4ng h\u1ed7 tr\u1ee3 Servo v\u1edbi m\u1ed9t l\u1ed7 l\u00ean \u0111\u1ebfn DN50  Phi\u00ean b\u1ea3n ch\u1ed1ng ch\u00e1y n\u1ed5 cho Cat.\u00a02  Th\u00edch h\u1ee3p cho c\u00e1c \u1ee9ng d\u1ee5ng kh\u00ed v\u00e0 h\u01a1i n\u01b0\u1edbc l\u00ean \u0111\u1ebfn 180 \u00b0 C  Van gi\u1ea3m \u00e1p cho m\u00e1y n\u00e9n  [:en]&nbsp;  Servo-assisted 2\/2-way piston valve  The 5404 valve is a servo-assisted piston valve available in NC and NO versions. A minimum differential pressure is required for the valve switching function. The solenoid coils are moulded with high-quality epoxy resin. In combination with a plug to DIN EN 175301-803 Form A, the valves satisfy degree of protection IP65. The cable plug is not included and must be ordered separately.    Servo-assisted piston valve with an orifice up to DN50  Explosion proof versions for Cat. 2  Suitable for gas and steam applications up to 180\u00b0C  Relief valves for compressors  [:]\" \/>\n<meta property=\"og:url\" content=\"https:\/\/newskyvn.com\/product\/type-5404\/\" \/>\n<meta property=\"og:site_name\" content=\"NEW SKY CO.,LTD\" \/>\n<meta property=\"article:modified_time\" content=\"2024-09-15T12:48:34+00:00\" \/>\n<meta property=\"og:image\" content=\"https:\/\/newskyvn.com\/wp-content\/uploads\/2021\/10\/Type-5404.jpg\" \/>\n\t<meta property=\"og:image:width\" content=\"500\" \/>\n\t<meta property=\"og:image:height\" content=\"500\" \/>\n<meta name=\"twitter:card\" content=\"summary_large_image\" \/>\n<script type=\"application\/ld+json\" class=\"yoast-schema-graph\">{\"@context\":\"https:\/\/schema.org\",\"@graph\":[{\"@type\":\"WebSite\",\"@id\":\"https:\/\/newskyvn.com\/#website\",\"url\":\"https:\/\/newskyvn.com\/\",\"name\":\"NEW SKY CO.,LTD\",\"description\":\"C\\u00f4ng Ty TNHH S\\u1ea3n Xu\\u1ea5t Th\\u01b0\\u01a1ng M\\u1ea1i D\\u1ecbch V\\u1ee5 T\\u00e2n Thi\\u00ean\",\"potentialAction\":[{\"@type\":\"SearchAction\",\"target\":{\"@type\":\"EntryPoint\",\"urlTemplate\":\"https:\/\/newskyvn.com\/?s={search_term_string}\"},\"query-input\":\"required name=search_term_string\"}],\"inLanguage\":\"en-US\"},{\"@type\":\"ImageObject\",\"@id\":\"https:\/\/newskyvn.com\/product\/type-5404\/#primaryimage\",\"inLanguage\":\"en-US\",\"url\":\"https:\/\/newskyvn.com\/wp-content\/uploads\/2021\/10\/Type-5404.jpg\",\"contentUrl\":\"https:\/\/newskyvn.com\/wp-content\/uploads\/2021\/10\/Type-5404.jpg\",\"width\":500,\"height\":500,\"caption\":\"van burkert viet nam chinh hang\"},{\"@type\":\"WebPage\",\"@id\":\"https:\/\/newskyvn.com\/product\/type-5404\/#webpage\",\"url\":\"https:\/\/newskyvn.com\/product\/type-5404\/\",\"name\":\"Type 5404 - NEW SKY CO.,LTD\",\"isPartOf\":{\"@id\":\"https:\/\/newskyvn.com\/#website\"},\"primaryImageOfPage\":{\"@id\":\"https:\/\/newskyvn.com\/product\/type-5404\/#primaryimage\"},\"datePublished\":\"2021-10-02T08:37:52+00:00\",\"dateModified\":\"2024-09-15T12:48:34+00:00\",\"breadcrumb\":{\"@id\":\"https:\/\/newskyvn.com\/product\/type-5404\/#breadcrumb\"},\"inLanguage\":\"en-US\",\"potentialAction\":[{\"@type\":\"ReadAction\",\"target\":[\"https:\/\/newskyvn.com\/product\/type-5404\/\"]}]},{\"@type\":\"BreadcrumbList\",\"@id\":\"https:\/\/newskyvn.com\/product\/type-5404\/#breadcrumb\",\"itemListElement\":[{\"@type\":\"ListItem\",\"position\":1,\"name\":\"Product\",\"item\":\"https:\/\/newskyvn.com\/en\/san-pham\/\"},{\"@type\":\"ListItem\",\"position\":2,\"name\":\"Type 5404\"}]}]}<\/script>\n<!-- \/ Yoast SEO plugin. -->","_links":{"self":[{"href":"https:\/\/newskyvn.com\/en\/wp-json\/wp\/v2\/product\/2065"}],"collection":[{"href":"https:\/\/newskyvn.com\/en\/wp-json\/wp\/v2\/product"}],"about":[{"href":"https:\/\/newskyvn.com\/en\/wp-json\/wp\/v2\/types\/product"}],"replies":[{"embeddable":true,"href":"https:\/\/newskyvn.com\/en\/wp-json\/wp\/v2\/comments?post=2065"}],"wp:featuredmedia":[{"embeddable":true,"href":"https:\/\/newskyvn.com\/en\/wp-json\/wp\/v2\/media\/2067"}],"wp:attachment":[{"href":"https:\/\/newskyvn.com\/en\/wp-json\/wp\/v2\/media?parent=2065"}],"wp:term":[{"taxonomy":"product_cat","embeddable":true,"href":"https:\/\/newskyvn.com\/en\/wp-json\/wp\/v2\/product_cat?post=2065"},{"taxonomy":"product_tag","embeddable":true,"href":"https:\/\/newskyvn.com\/en\/wp-json\/wp\/v2\/product_tag?post=2065"}],"curies":[{"name":"wp","href":"https:\/\/api.w.org\/{rel}","templated":true}]}}