{"id":2062,"date":"2021-10-02T08:11:35","date_gmt":"2021-10-02T08:11:35","guid":{"rendered":"https:\/\/newskyvn.com\/?post_type=product&#038;p=2062"},"modified":"2021-10-02T08:11:35","modified_gmt":"2021-10-02T08:11:35","slug":"type-0290","status":"publish","type":"product","link":"https:\/\/newskyvn.com\/en\/product\/type-0290\/","title":{"rendered":"Type 0290"},"content":{"rendered":"","protected":false},"excerpt":{"rendered":"<p>&nbsp;<\/p>\n<p><strong>Servo-assisted 2\/2-way diaphragm valve<\/strong><\/p>\n<p>The 0290 valve is a servo-assisted diaphragm valve of the S.EV series. The valve opens without differential pressure. The opening process is facilitated by the fix coupling of the diaphragm to the magnetic core. The integrated \u2018soft-kick\u2019 function ensures gentle opening. Various diaphragm materials are available depending on the actual application. Stainless steel body variants complete the offering. The solenoid coils are moulded with a chemically resistant epoxy. A &#8216;kick and drop&#8217; electronics assembly is moulded into the coil of all DC variants to reduce electrical power consumption. In combination with a plug to DIN EN 175301-803 Form A, the valves satisfy degree of protection IP65 \u2013 and NEMA 4X when combined with a stainless steel body.<\/p>\n<div class=\"copy\">\n<ul>\n<li>Servo-assisted diaphragm valve up to DN50<\/li>\n<li>Fix-coupled diaphragm opens without differential pressure<\/li>\n<li>Vibration-proof, block screwed coil system<\/li>\n<li>Energy-saving power reduction for all DC variants<\/li>\n<\/ul>\n<\/div>\n","protected":false},"featured_media":2064,"comment_status":"open","ping_status":"closed","template":"","meta":[],"product_cat":[103,141],"product_tag":[],"yoast_head":"<!-- This site is optimized with the Yoast SEO plugin v16.6.1 - https:\/\/yoast.com\/wordpress\/plugins\/seo\/ -->\n<title>Type 0290 - NEW SKY CO.,LTD<\/title>\n<meta name=\"robots\" content=\"index, follow, max-snippet:-1, max-image-preview:large, max-video-preview:-1\" \/>\n<link rel=\"canonical\" href=\"https:\/\/newskyvn.com\/product\/type-0290\/\" \/>\n<meta property=\"og:locale\" content=\"en_US\" \/>\n<meta property=\"og:type\" content=\"article\" \/>\n<meta property=\"og:title\" content=\"Type 0290 - NEW SKY CO.,LTD\" \/>\n<meta property=\"og:description\" content=\"[:vi]&nbsp;  Van m\u00e0ng 2\/2 chi\u1ec1u h\u1ed7 tr\u1ee3 Servo  an 0290 l\u00e0 van m\u00e0ng c\u00f3 tr\u1ee3 l\u1ef1c servo c\u1ee7a d\u00f2ng S.EV.\u00a0Van m\u1edf m\u00e0 kh\u00f4ng c\u00f3 ch\u00eanh l\u1ec7ch \u00e1p su\u1ea5t.\u00a0Qu\u00e1 tr\u00ecnh m\u1edf \u0111\u01b0\u1ee3c t\u1ea1o \u0111i\u1ec1u ki\u1ec7n thu\u1eadn l\u1ee3i nh\u1edd kh\u1edbp n\u1ed1i c\u1ed1 \u0111\u1ecbnh c\u1ee7a m\u00e0ng ng\u0103n v\u1edbi l\u00f5i t\u1eeb.\u00a0Ch\u1ee9c n\u0103ng &#039;\u0111\u00e1 nh\u1eb9&#039; t\u00edch h\u1ee3p \u0111\u1ea3m b\u1ea3o vi\u1ec7c m\u1edf c\u1eeda nh\u1eb9 nh\u00e0ng.\u00a0C\u00e1c v\u1eadt li\u1ec7u m\u00e0ng ng\u0103n kh\u00e1c nhau c\u00f3 s\u1eb5n t\u00f9y thu\u1ed9c v\u00e0o \u1ee9ng d\u1ee5ng th\u1ef1c t\u1ebf.\u00a0C\u00e1c bi\u1ebfn th\u1ec3 th\u00e2n b\u1eb1ng th\u00e9p kh\u00f4ng g\u1ec9 ho\u00e0n thi\u1ec7n vi\u1ec7c cung c\u1ea5p.\u00a0C\u00e1c cu\u1ed9n d\u00e2y \u0111i\u1ec7n t\u1eeb \u0111\u01b0\u1ee3c \u0111\u00fac b\u1eb1ng epoxy kh\u00e1ng h\u00f3a ch\u1ea5t.\u00a0M\u1ed9t c\u1ee5m \u0111i\u1ec7n t\u1eed &#039;kick and drop&#039; \u0111\u01b0\u1ee3c \u0111\u00fac v\u00e0o cu\u1ed9n d\u00e2y c\u1ee7a t\u1ea5t c\u1ea3 c\u00e1c bi\u1ebfn th\u1ec3 DC \u0111\u1ec3 gi\u1ea3m ti\u00eau th\u1ee5 \u0111i\u1ec7n n\u0103ng.\u00a0K\u1ebft h\u1ee3p v\u1edbi ph\u00edch c\u1eafm DIN EN 175301-803 D\u1ea1ng A, van \u0111\u00e1p \u1ee9ng m\u1ee9c \u0111\u1ed9 b\u1ea3o v\u1ec7 IP65 - v\u00e0 NEMA 4X khi k\u1ebft h\u1ee3p v\u1edbi th\u00e2n th\u00e9p kh\u00f4ng g\u1ec9.    Van m\u00e0ng h\u1ed7 tr\u1ee3 Servo l\u00ean \u0111\u1ebfn DN50  M\u00e0ng ch\u1eafn \u0111\u01b0\u1ee3c k\u1ebft h\u1ee3p c\u1ed1 \u0111\u1ecbnh m\u1edf ra m\u00e0 kh\u00f4ng c\u00f3 ch\u00eanh l\u1ec7ch \u00e1p su\u1ea5t  H\u1ec7 th\u1ed1ng cu\u1ed9n xo\u1eafn kh\u1ed1i, ch\u1ed1ng rung  Gi\u1ea3m n\u0103ng l\u01b0\u1ee3ng ti\u1ebft ki\u1ec7m n\u0103ng l\u01b0\u1ee3ng cho t\u1ea5t c\u1ea3 c\u00e1c bi\u1ebfn th\u1ec3 DC  [:en]&nbsp;  Servo-assisted 2\/2-way diaphragm valve  The 0290 valve is a servo-assisted diaphragm valve of the S.EV series. The valve opens without differential pressure. The opening process is facilitated by the fix coupling of the diaphragm to the magnetic core. The integrated \u2018soft-kick\u2019 function ensures gentle opening. Various diaphragm materials are available depending on the actual application. Stainless steel body variants complete the offering. The solenoid coils are moulded with a chemically resistant epoxy. A &#039;kick and drop&#039; electronics assembly is moulded into the coil of all DC variants to reduce electrical power consumption. In combination with a plug to DIN EN 175301-803 Form A, the valves satisfy degree of protection IP65 \u2013 and NEMA 4X when combined with a stainless steel body.    Servo-assisted diaphragm valve up to DN50  Fix-coupled diaphragm opens without differential pressure  Vibration-proof, block screwed coil system  Energy-saving power reduction for all DC variants  [:]\" \/>\n<meta property=\"og:url\" content=\"https:\/\/newskyvn.com\/product\/type-0290\/\" \/>\n<meta property=\"og:site_name\" content=\"NEW SKY CO.,LTD\" \/>\n<meta property=\"og:image\" content=\"https:\/\/newskyvn.com\/wp-content\/uploads\/2021\/10\/Type-0290.jpg\" \/>\n\t<meta property=\"og:image:width\" content=\"500\" \/>\n\t<meta property=\"og:image:height\" content=\"500\" \/>\n<meta name=\"twitter:card\" content=\"summary_large_image\" \/>\n<script type=\"application\/ld+json\" class=\"yoast-schema-graph\">{\"@context\":\"https:\/\/schema.org\",\"@graph\":[{\"@type\":\"WebSite\",\"@id\":\"https:\/\/newskyvn.com\/#website\",\"url\":\"https:\/\/newskyvn.com\/\",\"name\":\"NEW SKY CO.,LTD\",\"description\":\"C\\u00f4ng Ty TNHH S\\u1ea3n Xu\\u1ea5t Th\\u01b0\\u01a1ng M\\u1ea1i D\\u1ecbch V\\u1ee5 T\\u00e2n Thi\\u00ean\",\"potentialAction\":[{\"@type\":\"SearchAction\",\"target\":{\"@type\":\"EntryPoint\",\"urlTemplate\":\"https:\/\/newskyvn.com\/?s={search_term_string}\"},\"query-input\":\"required name=search_term_string\"}],\"inLanguage\":\"en-US\"},{\"@type\":\"ImageObject\",\"@id\":\"https:\/\/newskyvn.com\/product\/type-0290\/#primaryimage\",\"inLanguage\":\"en-US\",\"url\":\"https:\/\/newskyvn.com\/wp-content\/uploads\/2021\/10\/Type-0290.jpg\",\"contentUrl\":\"https:\/\/newskyvn.com\/wp-content\/uploads\/2021\/10\/Type-0290.jpg\",\"width\":500,\"height\":500},{\"@type\":\"WebPage\",\"@id\":\"https:\/\/newskyvn.com\/product\/type-0290\/#webpage\",\"url\":\"https:\/\/newskyvn.com\/product\/type-0290\/\",\"name\":\"Type 0290 - NEW SKY CO.,LTD\",\"isPartOf\":{\"@id\":\"https:\/\/newskyvn.com\/#website\"},\"primaryImageOfPage\":{\"@id\":\"https:\/\/newskyvn.com\/product\/type-0290\/#primaryimage\"},\"datePublished\":\"2021-10-02T08:11:35+00:00\",\"dateModified\":\"2021-10-02T08:11:35+00:00\",\"breadcrumb\":{\"@id\":\"https:\/\/newskyvn.com\/product\/type-0290\/#breadcrumb\"},\"inLanguage\":\"en-US\",\"potentialAction\":[{\"@type\":\"ReadAction\",\"target\":[\"https:\/\/newskyvn.com\/product\/type-0290\/\"]}]},{\"@type\":\"BreadcrumbList\",\"@id\":\"https:\/\/newskyvn.com\/product\/type-0290\/#breadcrumb\",\"itemListElement\":[{\"@type\":\"ListItem\",\"position\":1,\"name\":\"Product\",\"item\":\"https:\/\/newskyvn.com\/en\/san-pham\/\"},{\"@type\":\"ListItem\",\"position\":2,\"name\":\"Type 0290\"}]}]}<\/script>\n<!-- \/ Yoast SEO plugin. -->","_links":{"self":[{"href":"https:\/\/newskyvn.com\/en\/wp-json\/wp\/v2\/product\/2062"}],"collection":[{"href":"https:\/\/newskyvn.com\/en\/wp-json\/wp\/v2\/product"}],"about":[{"href":"https:\/\/newskyvn.com\/en\/wp-json\/wp\/v2\/types\/product"}],"replies":[{"embeddable":true,"href":"https:\/\/newskyvn.com\/en\/wp-json\/wp\/v2\/comments?post=2062"}],"wp:featuredmedia":[{"embeddable":true,"href":"https:\/\/newskyvn.com\/en\/wp-json\/wp\/v2\/media\/2064"}],"wp:attachment":[{"href":"https:\/\/newskyvn.com\/en\/wp-json\/wp\/v2\/media?parent=2062"}],"wp:term":[{"taxonomy":"product_cat","embeddable":true,"href":"https:\/\/newskyvn.com\/en\/wp-json\/wp\/v2\/product_cat?post=2062"},{"taxonomy":"product_tag","embeddable":true,"href":"https:\/\/newskyvn.com\/en\/wp-json\/wp\/v2\/product_tag?post=2062"}],"curies":[{"name":"wp","href":"https:\/\/api.w.org\/{rel}","templated":true}]}}