{"id":2058,"date":"2021-10-01T08:30:06","date_gmt":"2021-10-01T08:30:06","guid":{"rendered":"https:\/\/newskyvn.com\/?post_type=product&#038;p=2058"},"modified":"2021-10-01T08:35:31","modified_gmt":"2021-10-01T08:35:31","slug":"type-8220","status":"publish","type":"product","link":"https:\/\/newskyvn.com\/en\/product\/type-8220\/","title":{"rendered":"Type 8220"},"content":{"rendered":"","protected":false},"excerpt":{"rendered":"<p>&nbsp;<\/p>\n<p><strong>Conductivity sensor<\/strong><\/p>\n<p>The conductivity sensor consists of a compact probe with integrated electrodes. Four conductivity probes with different cell constants are available and offer a broad measurement range. The Pt1000 for automatic temperature compensation is integrated in the sensor housing. The sensor delivers a raw signal and is fitted with a standard EN\u00a0175301\u2011803 plug connector. The sensor has to be connected to the B\u00fcrkert transmitter\/controller Type 8619 multiCELL via a 4\u2009x\u20091.5\u00a0mm\u00b2 shielded cable (maximum cable length of 10\u00a0m). The conductivity sensor can be installed into a pipe by using Insertion fitting Type S020 which is available in different materials (details see data sheet Type S020). In its longer version it can also be installed in tanks or containers by using an industrial immersion fitting.<\/p>\n<div class=\"copy\">\n<ul>\n<li>Compact version for DN15\u2026DN200<\/li>\n<li>Wide range of conductivity measurement thanks to different cells<\/li>\n<li>Broad range of process connections with various fittings<\/li>\n<\/ul>\n<\/div>\n","protected":false},"featured_media":2060,"comment_status":"open","ping_status":"closed","template":"","meta":[],"product_cat":[90,140],"product_tag":[],"yoast_head":"<!-- This site is optimized with the Yoast SEO plugin v16.6.1 - https:\/\/yoast.com\/wordpress\/plugins\/seo\/ -->\n<title>Type 8220 - NEW SKY CO.,LTD<\/title>\n<meta name=\"robots\" content=\"index, follow, max-snippet:-1, max-image-preview:large, max-video-preview:-1\" \/>\n<link rel=\"canonical\" href=\"https:\/\/newskyvn.com\/product\/type-8220\/\" \/>\n<meta property=\"og:locale\" content=\"en_US\" \/>\n<meta property=\"og:type\" content=\"article\" \/>\n<meta property=\"og:title\" content=\"Type 8220 - NEW SKY CO.,LTD\" \/>\n<meta property=\"og:description\" content=\"[:vi]&nbsp;  C\u1ea3m bi\u1ebfn \u0111\u1ed9 d\u1eabn \u0111i\u1ec7n  C\u1ea3m bi\u1ebfn \u0111\u1ed9 d\u1eabn bao g\u1ed3m m\u1ed9t \u0111\u1ea7u d\u00f2 nh\u1ecf g\u1ecdn v\u1edbi c\u00e1c \u0111i\u1ec7n c\u1ef1c t\u00edch h\u1ee3p.\u00a0B\u1ed1n \u0111\u1ea7u d\u00f2 \u0111\u1ed9 d\u1eabn \u0111i\u1ec7n v\u1edbi c\u00e1c h\u1eb1ng s\u1ed1 t\u1ebf b\u00e0o kh\u00e1c nhau c\u00f3 s\u1eb5n v\u00e0 cung c\u1ea5p ph\u1ea1m vi \u0111o r\u1ed9ng.\u00a0Pt1000 \u0111\u1ec3 b\u00f9 nhi\u1ec7t \u0111\u1ed9 t\u1ef1 \u0111\u1ed9ng \u0111\u01b0\u1ee3c t\u00edch h\u1ee3p trong v\u1ecf c\u1ea3m bi\u1ebfn.\u00a0C\u1ea3m bi\u1ebfn truy\u1ec1n t\u00edn hi\u1ec7u th\u00f4 v\u00e0 \u0111\u01b0\u1ee3c trang b\u1ecb \u0111\u1ea7u n\u1ed1i ph\u00edch c\u1eafm EN 175301\u2011803 ti\u00eau chu\u1ea9n.\u00a0C\u1ea3m bi\u1ebfn ph\u1ea3i \u0111\u01b0\u1ee3c k\u1ebft n\u1ed1i v\u1edbi b\u1ed9 ph\u00e1t \/ b\u1ed9 \u0111i\u1ec1u khi\u1ec3n B\u00fcrkert Lo\u1ea1i 8619 multiCELL qua c\u00e1p \u0111\u01b0\u1ee3c b\u1ea3o v\u1ec7 4 x 1,5 mm\u00b2 (chi\u1ec1u d\u00e0i c\u00e1p t\u1ed1i \u0111a l\u00e0 10 m).\u00a0C\u1ea3m bi\u1ebfn \u0111\u1ed9 d\u1eabn \u0111i\u1ec7n c\u00f3 th\u1ec3 \u0111\u01b0\u1ee3c l\u1eafp \u0111\u1eb7t v\u00e0o \u0111\u01b0\u1eddng \u1ed1ng b\u1eb1ng c\u00e1ch s\u1eed d\u1ee5ng ph\u1ee5 ki\u1ec7n ch\u00e8n Lo\u1ea1i S020 c\u00f3 s\u1eb5n trong c\u00e1c v\u1eadt li\u1ec7u kh\u00e1c nhau (chi ti\u1ebft xem b\u1ea3ng d\u1eef li\u1ec7u Lo\u1ea1i S020).\u00a0\u1ede phi\u00ean b\u1ea3n d\u00e0i h\u01a1n, n\u00f3 c\u0169ng c\u00f3 th\u1ec3 \u0111\u01b0\u1ee3c l\u1eafp \u0111\u1eb7t trong b\u1ec3 ch\u1ee9a ho\u1eb7c th\u00f9ng ch\u1ee9a b\u1eb1ng c\u00e1ch s\u1eed d\u1ee5ng ph\u1ee5 ki\u1ec7n ng\u00e2m c\u00f4ng nghi\u1ec7p.    Phi\u00ean b\u1ea3n nh\u1ecf g\u1ecdn cho DN15\u2026 DN200  Ph\u1ea1m vi \u0111o \u0111\u1ed9 d\u1eabn \u0111i\u1ec7n r\u1ed9ng nh\u1edd c\u00e1c \u00f4 kh\u00e1c nhau  Ph\u1ea1m vi k\u1ebft n\u1ed1i quy tr\u00ecnh r\u1ed9ng v\u1edbi c\u00e1c ph\u1ee5 ki\u1ec7n kh\u00e1c nhau  [:en]&nbsp;  Conductivity sensor  The conductivity sensor consists of a compact probe with integrated electrodes. Four conductivity probes with different cell constants are available and offer a broad measurement range. The Pt1000 for automatic temperature compensation is integrated in the sensor housing. The sensor delivers a raw signal and is fitted with a standard EN\u00a0175301\u2011803 plug connector. The sensor has to be connected to the B\u00fcrkert transmitter\/controller Type 8619 multiCELL via a 4\u2009x\u20091.5\u00a0mm\u00b2 shielded cable (maximum cable length of 10\u00a0m). The conductivity sensor can be installed into a pipe by using Insertion fitting Type S020 which is available in different materials (details see data sheet Type S020). In its longer version it can also be installed in tanks or containers by using an industrial immersion fitting.    Compact version for DN15\u2026DN200  Wide range of conductivity measurement thanks to different cells  Broad range of process connections with various fittings  [:]\" \/>\n<meta property=\"og:url\" content=\"https:\/\/newskyvn.com\/product\/type-8220\/\" \/>\n<meta property=\"og:site_name\" content=\"NEW SKY CO.,LTD\" \/>\n<meta property=\"article:modified_time\" content=\"2021-10-01T08:35:31+00:00\" \/>\n<meta property=\"og:image\" content=\"https:\/\/newskyvn.com\/wp-content\/uploads\/2021\/10\/Untitled-1.jpg\" \/>\n\t<meta property=\"og:image:width\" content=\"500\" \/>\n\t<meta property=\"og:image:height\" content=\"500\" \/>\n<meta name=\"twitter:card\" content=\"summary_large_image\" \/>\n<script type=\"application\/ld+json\" class=\"yoast-schema-graph\">{\"@context\":\"https:\/\/schema.org\",\"@graph\":[{\"@type\":\"WebSite\",\"@id\":\"https:\/\/newskyvn.com\/#website\",\"url\":\"https:\/\/newskyvn.com\/\",\"name\":\"NEW SKY CO.,LTD\",\"description\":\"C\\u00f4ng Ty TNHH S\\u1ea3n Xu\\u1ea5t Th\\u01b0\\u01a1ng M\\u1ea1i D\\u1ecbch V\\u1ee5 T\\u00e2n Thi\\u00ean\",\"potentialAction\":[{\"@type\":\"SearchAction\",\"target\":{\"@type\":\"EntryPoint\",\"urlTemplate\":\"https:\/\/newskyvn.com\/?s={search_term_string}\"},\"query-input\":\"required name=search_term_string\"}],\"inLanguage\":\"en-US\"},{\"@type\":\"ImageObject\",\"@id\":\"https:\/\/newskyvn.com\/product\/type-8220\/#primaryimage\",\"inLanguage\":\"en-US\",\"url\":\"https:\/\/newskyvn.com\/wp-content\/uploads\/2021\/10\/Untitled-1.jpg\",\"contentUrl\":\"https:\/\/newskyvn.com\/wp-content\/uploads\/2021\/10\/Untitled-1.jpg\",\"width\":500,\"height\":500},{\"@type\":\"WebPage\",\"@id\":\"https:\/\/newskyvn.com\/product\/type-8220\/#webpage\",\"url\":\"https:\/\/newskyvn.com\/product\/type-8220\/\",\"name\":\"Type 8220 - NEW SKY CO.,LTD\",\"isPartOf\":{\"@id\":\"https:\/\/newskyvn.com\/#website\"},\"primaryImageOfPage\":{\"@id\":\"https:\/\/newskyvn.com\/product\/type-8220\/#primaryimage\"},\"datePublished\":\"2021-10-01T08:30:06+00:00\",\"dateModified\":\"2021-10-01T08:35:31+00:00\",\"breadcrumb\":{\"@id\":\"https:\/\/newskyvn.com\/product\/type-8220\/#breadcrumb\"},\"inLanguage\":\"en-US\",\"potentialAction\":[{\"@type\":\"ReadAction\",\"target\":[\"https:\/\/newskyvn.com\/product\/type-8220\/\"]}]},{\"@type\":\"BreadcrumbList\",\"@id\":\"https:\/\/newskyvn.com\/product\/type-8220\/#breadcrumb\",\"itemListElement\":[{\"@type\":\"ListItem\",\"position\":1,\"name\":\"Product\",\"item\":\"https:\/\/newskyvn.com\/en\/san-pham\/\"},{\"@type\":\"ListItem\",\"position\":2,\"name\":\"Type 8220\"}]}]}<\/script>\n<!-- \/ Yoast SEO plugin. -->","_links":{"self":[{"href":"https:\/\/newskyvn.com\/en\/wp-json\/wp\/v2\/product\/2058"}],"collection":[{"href":"https:\/\/newskyvn.com\/en\/wp-json\/wp\/v2\/product"}],"about":[{"href":"https:\/\/newskyvn.com\/en\/wp-json\/wp\/v2\/types\/product"}],"replies":[{"embeddable":true,"href":"https:\/\/newskyvn.com\/en\/wp-json\/wp\/v2\/comments?post=2058"}],"wp:featuredmedia":[{"embeddable":true,"href":"https:\/\/newskyvn.com\/en\/wp-json\/wp\/v2\/media\/2060"}],"wp:attachment":[{"href":"https:\/\/newskyvn.com\/en\/wp-json\/wp\/v2\/media?parent=2058"}],"wp:term":[{"taxonomy":"product_cat","embeddable":true,"href":"https:\/\/newskyvn.com\/en\/wp-json\/wp\/v2\/product_cat?post=2058"},{"taxonomy":"product_tag","embeddable":true,"href":"https:\/\/newskyvn.com\/en\/wp-json\/wp\/v2\/product_tag?post=2058"}],"curies":[{"name":"wp","href":"https:\/\/api.w.org\/{rel}","templated":true}]}}