{"id":2053,"date":"2021-09-30T11:31:03","date_gmt":"2021-09-30T11:31:03","guid":{"rendered":"https:\/\/newskyvn.com\/?post_type=product&#038;p=2053"},"modified":"2021-10-01T08:22:33","modified_gmt":"2021-10-01T08:22:33","slug":"type-8221","status":"publish","type":"product","link":"https:\/\/newskyvn.com\/en\/product\/type-8221\/","title":{"rendered":"Type 8221"},"content":{"rendered":"","protected":false},"excerpt":{"rendered":"<p>&nbsp;<\/p>\n<p><strong>Conductivity sensor for hygienic applications<\/strong><\/p>\n<p>The 8221 hygienic conductivity probes are used to determine electrical conductivity in a wide range of pure or concentrated liquids. Due to their hygienic and robust design, these conductivity probes are suitable for use in various application sectors, including the food &amp; beverage, pharmaceutical, biotechnology and chemical industry. Two technologies of conductivity probes are available: \u2022 Probes based on the 2-electrode principle are suited for measurements in liquids, especially (ultra) pure water. Contaminations affect the measurements. \u2022 Probes based on the 4-electrode principle exclude polarisation phenomena and are not sensitive to contamination. The clever design guarantees an excellent linearity over the entire measurement range. An integrated temperature sensor (Pt1000) is a standard feature of all versions. The probe has to be connected to the multiCELL transmitter\/controller Type 8619.<\/p>\n<div class=\"copy\">\n<ul>\n<li>Perfect for demanding applications in the hygienic industry (CIP and SIP compatible)<\/li>\n<li>Wide measuring range thanks to various options available<\/li>\n<li>Support of the most important process connections ensures specific customer requests can be implemented<\/li>\n<li>Perfectly suited to the multi-purpose transmitter\/controller Type 8619<\/li>\n<\/ul>\n<\/div>\n","protected":false},"featured_media":2057,"comment_status":"open","ping_status":"closed","template":"","meta":[],"product_cat":[90,140],"product_tag":[],"yoast_head":"<!-- This site is optimized with the Yoast SEO plugin v16.6.1 - https:\/\/yoast.com\/wordpress\/plugins\/seo\/ -->\n<title>Type 8221 - NEW SKY CO.,LTD<\/title>\n<meta name=\"robots\" content=\"index, follow, max-snippet:-1, max-image-preview:large, max-video-preview:-1\" \/>\n<link rel=\"canonical\" href=\"https:\/\/newskyvn.com\/product\/type-8221\/\" \/>\n<meta property=\"og:locale\" content=\"en_US\" \/>\n<meta property=\"og:type\" content=\"article\" \/>\n<meta property=\"og:title\" content=\"Type 8221 - NEW SKY CO.,LTD\" \/>\n<meta property=\"og:description\" content=\"[:vi]&nbsp;  C\u1ea3m bi\u1ebfn \u0111\u1ed9 d\u1eabn \u0111i\u1ec7n cho c\u00e1c \u1ee9ng d\u1ee5ng ph\u00f2ng s\u1ea1ch  \u0110\u1ea7u d\u00f2 \u0111\u1ed9 d\u1eabn \u0111i\u1ec7n h\u1ee3p v\u1ec7 sinh 8221 \u0111\u01b0\u1ee3c s\u1eed d\u1ee5ng \u0111\u1ec3 x\u00e1c \u0111\u1ecbnh \u0111\u1ed9 d\u1eabn \u0111i\u1ec7n trong nhi\u1ec1u lo\u1ea1i ch\u1ea5t l\u1ecfng tinh khi\u1ebft ho\u1eb7c c\u00f4 \u0111\u1eb7c.\u00a0Do thi\u1ebft k\u1ebf h\u1ee3p v\u1ec7 sinh v\u00e0 m\u1ea1nh m\u1ebd, c\u00e1c \u0111\u1ea7u d\u00f2 \u0111\u1ed9 d\u1eabn \u0111i\u1ec7n n\u00e0y th\u00edch h\u1ee3p \u0111\u1ec3 s\u1eed d\u1ee5ng trong c\u00e1c l\u0129nh v\u1ef1c \u1ee9ng d\u1ee5ng kh\u00e1c nhau, bao g\u1ed3m th\u1ef1c ph\u1ea9m v\u00e0 \u0111\u1ed3 u\u1ed1ng, d\u01b0\u1ee3c ph\u1ea9m, c\u00f4ng ngh\u1ec7 sinh h\u1ecdc v\u00e0 c\u00f4ng nghi\u1ec7p h\u00f3a ch\u1ea5t.\u00a0Hai c\u00f4ng ngh\u1ec7 c\u1ee7a \u0111\u1ea7u d\u00f2 \u0111\u1ed9 d\u1eabn \u0111i\u1ec7n c\u00f3 s\u1eb5n: \u2022 \u0110\u1ea7u d\u00f2 d\u1ef1a tr\u00ean nguy\u00ean t\u1eafc 2 \u0111i\u1ec7n c\u1ef1c ph\u00f9 h\u1ee3p cho c\u00e1c ph\u00e9p \u0111o trong ch\u1ea5t l\u1ecfng, \u0111\u1eb7c bi\u1ec7t l\u00e0 n\u01b0\u1edbc tinh khi\u1ebft (si\u00eau).\u00a0Nhi\u1ec5m b\u1ea9n \u1ea3nh h\u01b0\u1edfng \u0111\u1ebfn c\u00e1c ph\u00e9p \u0111o.\u00a0\u2022 \u0110\u1ea7u d\u00f2 d\u1ef1a tr\u00ean nguy\u00ean t\u1eafc 4 \u0111i\u1ec7n c\u1ef1c lo\u1ea1i tr\u1eeb c\u00e1c hi\u1ec7n t\u01b0\u1ee3ng ph\u00e2n c\u1ef1c v\u00e0 kh\u00f4ng nh\u1ea1y c\u1ea3m v\u1edbi s\u1ef1 nhi\u1ec5m b\u1ea9n.\u00a0Thi\u1ebft k\u1ebf th\u00f4ng minh \u0111\u1ea3m b\u1ea3o \u0111\u1ed9 tuy\u1ebfn t\u00ednh tuy\u1ec7t v\u1eddi tr\u00ean to\u00e0n b\u1ed9 d\u1ea3i \u0111o.\u00a0C\u1ea3m bi\u1ebfn nhi\u1ec7t \u0111\u1ed9 t\u00edch h\u1ee3p (Pt1000) l\u00e0 t\u00ednh n\u0103ng ti\u00eau chu\u1ea9n c\u1ee7a t\u1ea5t c\u1ea3 c\u00e1c phi\u00ean b\u1ea3n.    Ho\u00e0n h\u1ea3o cho c\u00e1c \u1ee9ng d\u1ee5ng \u0111\u00f2i h\u1ecfi kh\u1eaft khe trong ng\u00e0nh c\u00f4ng nghi\u1ec7p v\u1ec7 sinh (t\u01b0\u01a1ng th\u00edch CIP v\u00e0 SIP)  Ph\u1ea1m vi \u0111o r\u1ed9ng nh\u1edd c\u00e1c t\u00f9y ch\u1ecdn kh\u00e1c nhau c\u00f3 s\u1eb5n  H\u1ed7 tr\u1ee3 c\u00e1c k\u1ebft n\u1ed1i quy tr\u00ecnh quan tr\u1ecdng nh\u1ea5t \u0111\u1ea3m b\u1ea3o c\u00f3 th\u1ec3 th\u1ef1c hi\u1ec7n c\u00e1c y\u00eau c\u1ea7u c\u1ee5 th\u1ec3 c\u1ee7a kh\u00e1ch h\u00e0ng  Ho\u00e0n to\u00e0n ph\u00f9 h\u1ee3p v\u1edbi b\u1ed9 ph\u00e1t \/ b\u1ed9 \u0111i\u1ec1u khi\u1ec3n \u0111a n\u0103ng Ki\u1ec3u 8619  [:en]&nbsp;  Conductivity sensor for hygienic applications  The 8221 hygienic conductivity probes are used to determine electrical conductivity in a wide range of pure or concentrated liquids. Due to their hygienic and robust design, these conductivity probes are suitable for use in various application sectors, including the food &amp; beverage, pharmaceutical, biotechnology and chemical industry. Two technologies of conductivity probes are available: \u2022 Probes based on the 2-electrode principle are suited for measurements in liquids, especially (ultra) pure water. Contaminations affect the measurements. \u2022 Probes based on the 4-electrode principle exclude polarisation phenomena and are not sensitive to contamination. The clever design guarantees an excellent linearity over the entire measurement range. An integrated temperature sensor (Pt1000) is a standard feature of all versions. The probe has to be connected to the multiCELL transmitter\/controller Type 8619.    Perfect for demanding applications in the hygienic industry (CIP and SIP compatible)  Wide measuring range thanks to various options available  Support of the most important process connections ensures specific customer requests can be implemented  Perfectly suited to the multi-purpose transmitter\/controller Type 8619  [:]\" \/>\n<meta property=\"og:url\" content=\"https:\/\/newskyvn.com\/product\/type-8221\/\" \/>\n<meta property=\"og:site_name\" content=\"NEW SKY CO.,LTD\" \/>\n<meta property=\"article:modified_time\" content=\"2021-10-01T08:22:33+00:00\" \/>\n<meta property=\"og:image\" content=\"https:\/\/newskyvn.com\/wp-content\/uploads\/2021\/09\/Type-8221-1.jpg\" \/>\n\t<meta property=\"og:image:width\" content=\"500\" \/>\n\t<meta property=\"og:image:height\" content=\"500\" \/>\n<meta name=\"twitter:card\" content=\"summary_large_image\" \/>\n<script type=\"application\/ld+json\" class=\"yoast-schema-graph\">{\"@context\":\"https:\/\/schema.org\",\"@graph\":[{\"@type\":\"WebSite\",\"@id\":\"https:\/\/newskyvn.com\/#website\",\"url\":\"https:\/\/newskyvn.com\/\",\"name\":\"NEW SKY CO.,LTD\",\"description\":\"C\\u00f4ng Ty TNHH S\\u1ea3n Xu\\u1ea5t Th\\u01b0\\u01a1ng M\\u1ea1i D\\u1ecbch V\\u1ee5 T\\u00e2n Thi\\u00ean\",\"potentialAction\":[{\"@type\":\"SearchAction\",\"target\":{\"@type\":\"EntryPoint\",\"urlTemplate\":\"https:\/\/newskyvn.com\/?s={search_term_string}\"},\"query-input\":\"required name=search_term_string\"}],\"inLanguage\":\"en-US\"},{\"@type\":\"ImageObject\",\"@id\":\"https:\/\/newskyvn.com\/product\/type-8221\/#primaryimage\",\"inLanguage\":\"en-US\",\"url\":\"https:\/\/newskyvn.com\/wp-content\/uploads\/2021\/09\/Type-8221-1.jpg\",\"contentUrl\":\"https:\/\/newskyvn.com\/wp-content\/uploads\/2021\/09\/Type-8221-1.jpg\",\"width\":500,\"height\":500},{\"@type\":\"WebPage\",\"@id\":\"https:\/\/newskyvn.com\/product\/type-8221\/#webpage\",\"url\":\"https:\/\/newskyvn.com\/product\/type-8221\/\",\"name\":\"Type 8221 - NEW SKY CO.,LTD\",\"isPartOf\":{\"@id\":\"https:\/\/newskyvn.com\/#website\"},\"primaryImageOfPage\":{\"@id\":\"https:\/\/newskyvn.com\/product\/type-8221\/#primaryimage\"},\"datePublished\":\"2021-09-30T11:31:03+00:00\",\"dateModified\":\"2021-10-01T08:22:33+00:00\",\"breadcrumb\":{\"@id\":\"https:\/\/newskyvn.com\/product\/type-8221\/#breadcrumb\"},\"inLanguage\":\"en-US\",\"potentialAction\":[{\"@type\":\"ReadAction\",\"target\":[\"https:\/\/newskyvn.com\/product\/type-8221\/\"]}]},{\"@type\":\"BreadcrumbList\",\"@id\":\"https:\/\/newskyvn.com\/product\/type-8221\/#breadcrumb\",\"itemListElement\":[{\"@type\":\"ListItem\",\"position\":1,\"name\":\"Product\",\"item\":\"https:\/\/newskyvn.com\/en\/san-pham\/\"},{\"@type\":\"ListItem\",\"position\":2,\"name\":\"Type 8221\"}]}]}<\/script>\n<!-- \/ Yoast SEO plugin. -->","_links":{"self":[{"href":"https:\/\/newskyvn.com\/en\/wp-json\/wp\/v2\/product\/2053"}],"collection":[{"href":"https:\/\/newskyvn.com\/en\/wp-json\/wp\/v2\/product"}],"about":[{"href":"https:\/\/newskyvn.com\/en\/wp-json\/wp\/v2\/types\/product"}],"replies":[{"embeddable":true,"href":"https:\/\/newskyvn.com\/en\/wp-json\/wp\/v2\/comments?post=2053"}],"wp:featuredmedia":[{"embeddable":true,"href":"https:\/\/newskyvn.com\/en\/wp-json\/wp\/v2\/media\/2057"}],"wp:attachment":[{"href":"https:\/\/newskyvn.com\/en\/wp-json\/wp\/v2\/media?parent=2053"}],"wp:term":[{"taxonomy":"product_cat","embeddable":true,"href":"https:\/\/newskyvn.com\/en\/wp-json\/wp\/v2\/product_cat?post=2053"},{"taxonomy":"product_tag","embeddable":true,"href":"https:\/\/newskyvn.com\/en\/wp-json\/wp\/v2\/product_tag?post=2053"}],"curies":[{"name":"wp","href":"https:\/\/api.w.org\/{rel}","templated":true}]}}