{"id":2047,"date":"2021-09-30T10:34:01","date_gmt":"2021-09-30T10:34:01","guid":{"rendered":"https:\/\/newskyvn.com\/?post_type=product&#038;p=2047"},"modified":"2025-08-18T09:01:24","modified_gmt":"2025-08-18T09:01:24","slug":"type-8202","status":"publish","type":"product","link":"https:\/\/newskyvn.com\/en\/product\/type-8202\/","title":{"rendered":"Type 8202"},"content":{"rendered":"","protected":false},"excerpt":{"rendered":"<p>&nbsp;<\/p>\n<p><strong>pH or redox potential transmitter, ELEMENT<\/strong><\/p>\n<p>Type 8202 is a compact measurement device for pH values or redox potential (ORP):<\/p>\n<p>\u25cf pH value: in liquids that are clean, dirty, or contain sulphide or protein.<\/p>\n<p>\u25cf Redox potential value: in clean or dirty liquids, liquids with sulphide or protein, and liquids that have a low conductivity. Thus, due to the measurement device\u2019s design, B\u00fcrkert has simplified installation and maintenance work. The Type 8202 device is available in two versions.<\/p>\n<p>\u25cf The first one called ELEMENT standard is proposed either with three adjustable outputs (two digital outputs and one analogue output) or with four adjustable outputs (two digital and two analogue) and can be equipped with a display. The display is only required for start-up, configuration (e.g. selection of pH\/ORP measurement, measuring range, units, calibration, limit values&#8230;) or as a process value display.<\/p>\n<p>\u25cf The second called ELEMENT neutrino is a 2-wire device without display and with 4\u202620\u00a0mA current output. The Type 8202 converts the measuring signal, then displays various values in different measuring units for the ELEMENT standard version (if display is mounted) and computes the output signals, which are provided for the ELEMENT standard version via one or two M12 plug-in connections; for the ELEMENT neutrino version that is done with one M12 plug-in connection or on a terminal strip with a cable gland.<\/p>\n<div class=\"copy\">\n<ul>\n<li>Integrated compact measurement device for direct connection to control level (PLC)<\/li>\n<li>Parameterisation, calibration and transfer of parameterisation data all possible thanks to a removable display\/configuration module<\/li>\n<li>Fast and easy adaptation of the device between pH and ORP measurement<\/li>\n<li>Use of 120 mm standard PG 13.5 pH\/ORP probes with S8 connection. (Type 8203 recommended)<\/li>\n<li>Simple one- or two-point calibration can be carried out directly on the unit; simulation of process values and diagnostic functions<\/li>\n<\/ul>\n<\/div>\n","protected":false},"featured_media":2049,"comment_status":"open","ping_status":"closed","template":"","meta":[],"product_cat":[90,140],"product_tag":[],"yoast_head":"<!-- This site is optimized with the Yoast SEO plugin v16.6.1 - https:\/\/yoast.com\/wordpress\/plugins\/seo\/ -->\n<title>Type 8202 - NEW SKY CO.,LTD<\/title>\n<meta name=\"robots\" content=\"index, follow, max-snippet:-1, max-image-preview:large, max-video-preview:-1\" \/>\n<link rel=\"canonical\" href=\"https:\/\/newskyvn.com\/product\/type-8202\/\" \/>\n<meta property=\"og:locale\" content=\"en_US\" \/>\n<meta property=\"og:type\" content=\"article\" \/>\n<meta property=\"og:title\" content=\"Type 8202 - NEW SKY CO.,LTD\" \/>\n<meta property=\"og:description\" content=\"[:vi]&nbsp;  M\u00e1y ph\u00e1t \u0111i\u1ec7n th\u1ebf pH ho\u1eb7c oxy h\u00f3a kh\u1eed, thi\u1ebft k\u1ebf L\u1eaeP TH\u00c1O R\u1edcI \u0110\u01af\u1ee2C  Lo\u1ea1i 8202 l\u00e0 m\u1ed9t thi\u1ebft b\u1ecb \u0111o nh\u1ecf g\u1ecdn cho c\u00e1c gi\u00e1 tr\u1ecb pH ho\u1eb7c th\u1ebf oxy h\u00f3a kh\u1eed (ORP): \u25cf Gi\u00e1 tr\u1ecb pH: trong ch\u1ea5t l\u1ecfng s\u1ea1ch, b\u1ea9n ho\u1eb7c ch\u1ee9a sunfua ho\u1eb7c protein.\u00a0  \u25cf Gi\u00e1 tr\u1ecb th\u1ebf oxy h\u00f3a kh\u1eed: trong ch\u1ea5t l\u1ecfng s\u1ea1ch ho\u1eb7c b\u1ea9n, ch\u1ea5t l\u1ecfng c\u00f3 sunfua ho\u1eb7c protein, v\u00e0 ch\u1ea5t l\u1ecfng c\u00f3 \u0111\u1ed9 d\u1eabn \u0111i\u1ec7n th\u1ea5p.\u00a0Do \u0111\u00f3, do thi\u1ebft k\u1ebf c\u1ee7a thi\u1ebft b\u1ecb \u0111o l\u01b0\u1eddng, B\u00fcrkert \u0111\u00e3 \u0111\u01a1n gi\u1ea3n h\u00f3a c\u00f4ng vi\u1ec7c l\u1eafp \u0111\u1eb7t v\u00e0 b\u1ea3o tr\u00ec.\u00a0Thi\u1ebft b\u1ecb Type 8202 c\u00f3 s\u1eb5n trong hai phi\u00ean b\u1ea3n.  \u00a0\u25cf Ti\u00eau chu\u1ea9n \u0111\u1ea7u ti\u00ean \u0111\u01b0\u1ee3c g\u1ecdi l\u00e0 ti\u00eau chu\u1ea9n ELEMENT \u0111\u01b0\u1ee3c \u0111\u1ec1 xu\u1ea5t v\u1edbi ba \u0111\u1ea7u ra c\u00f3 th\u1ec3 \u0111i\u1ec1u ch\u1ec9nh (hai \u0111\u1ea7u ra k\u1ef9 thu\u1eadt s\u1ed1 v\u00e0 m\u1ed9t \u0111\u1ea7u ra t\u01b0\u01a1ng t\u1ef1) ho\u1eb7c v\u1edbi b\u1ed1n \u0111\u1ea7u ra c\u00f3 th\u1ec3 \u0111i\u1ec1u ch\u1ec9nh (hai k\u1ef9 thu\u1eadt s\u1ed1 v\u00e0 hai t\u01b0\u01a1ng t\u1ef1) v\u00e0 c\u00f3 th\u1ec3 \u0111\u01b0\u1ee3c trang b\u1ecb m\u00e0n h\u00ecnh.\u00a0M\u00e0n h\u00ecnh ch\u1ec9 \u0111\u01b0\u1ee3c y\u00eau c\u1ea7u khi kh\u1edfi \u0111\u1ed9ng, c\u1ea5u h\u00ecnh (v\u00ed d\u1ee5: l\u1ef1a ch\u1ecdn ph\u00e9p \u0111o pH \/ ORP, d\u1ea3i \u0111o, \u0111\u01a1n v\u1ecb, hi\u1ec7u chu\u1ea9n, gi\u00e1 tr\u1ecb gi\u1edbi h\u1ea1n ...) ho\u1eb7c nh\u01b0 m\u1ed9t m\u00e0n h\u00ecnh hi\u1ec3n th\u1ecb gi\u00e1 tr\u1ecb qu\u00e1 tr\u00ecnh.\u00a0  \u25cf Neutrino th\u1ee9 hai \u0111\u01b0\u1ee3c g\u1ecdi l\u00e0 ELEMENT l\u00e0 thi\u1ebft b\u1ecb 2 d\u00e2y kh\u00f4ng c\u00f3 m\u00e0n h\u00ecnh v\u00e0 c\u00f3 \u0111\u1ea7u ra d\u00f2ng \u0111i\u1ec7n 4\u2026 20 mA.\u00a0Ki\u1ec3u 8202 chuy\u1ec3n \u0111\u1ed5i t\u00edn hi\u1ec7u \u0111o, sau \u0111\u00f3 hi\u1ec3n th\u1ecb c\u00e1c gi\u00e1 tr\u1ecb kh\u00e1c nhau trong c\u00e1c \u0111\u01a1n v\u1ecb \u0111o kh\u00e1c nhau cho phi\u00ean b\u1ea3n ti\u00eau chu\u1ea9n ELEMENT (n\u1ebfu m\u00e0n h\u00ecnh \u0111\u01b0\u1ee3c g\u1eafn) v\u00e0 t\u00ednh to\u00e1n c\u00e1c t\u00edn hi\u1ec7u \u0111\u1ea7u ra, \u0111\u01b0\u1ee3c cung c\u1ea5p cho phi\u00ean b\u1ea3n ti\u00eau chu\u1ea9n ELEMENT th\u00f4ng qua m\u1ed9t ho\u1eb7c hai k\u1ebft n\u1ed1i plug-in M12 ;\u00a0\u0111\u1ed1i v\u1edbi phi\u00ean b\u1ea3n h\u1ea1t neutrino ELEMENT \u0111\u01b0\u1ee3c th\u1ef1c hi\u1ec7n v\u1edbi m\u1ed9t k\u1ebft n\u1ed1i plug-in M12 ho\u1eb7c tr\u00ean d\u1ea3i \u0111\u1ea7u cu\u1ed1i c\u00f3 tuy\u1ebfn c\u00e1p.\u00a0\u0111\u01b0\u1ee3c cung c\u1ea5p cho phi\u00ean b\u1ea3n ti\u00eau chu\u1ea9n ELEMENT th\u00f4ng qua m\u1ed9t ho\u1eb7c hai k\u1ebft n\u1ed1i plug-in M12;\u00a0\u0111\u1ed1i v\u1edbi phi\u00ean b\u1ea3n h\u1ea1t neutrino ELEMENT \u0111\u01b0\u1ee3c th\u1ef1c hi\u1ec7n v\u1edbi m\u1ed9t k\u1ebft n\u1ed1i plug-in M12 ho\u1eb7c tr\u00ean d\u1ea3i \u0111\u1ea7u cu\u1ed1i c\u00f3 tuy\u1ebfn c\u00e1p.\u00a0\u0111\u01b0\u1ee3c cung c\u1ea5p cho phi\u00ean b\u1ea3n ti\u00eau chu\u1ea9n ELEMENT th\u00f4ng qua m\u1ed9t ho\u1eb7c hai k\u1ebft n\u1ed1i plug-in M12;\u00a0\u0111\u1ed1i v\u1edbi phi\u00ean b\u1ea3n h\u1ea1t neutrino ELEMENT \u0111\u01b0\u1ee3c th\u1ef1c hi\u1ec7n v\u1edbi m\u1ed9t k\u1ebft n\u1ed1i plug-in M12 ho\u1eb7c tr\u00ean d\u1ea3i \u0111\u1ea7u cu\u1ed1i c\u00f3 tuy\u1ebfn c\u00e1p.    T\u00edch h\u1ee3p thi\u1ebft b\u1ecb \u0111o l\u01b0\u1eddng nh\u1ecf g\u1ecdn \u0111\u1ec3 k\u1ebft n\u1ed1i tr\u1ef1c ti\u1ebfp v\u1edbi m\u1ee9c \u0111i\u1ec1u khi\u1ec3n (PLC)  T\u1ea5t c\u1ea3 \u0111\u1ec1u c\u00f3 th\u1ec3 tham s\u1ed1, hi\u1ec7u chu\u1ea9n v\u00e0 chuy\u1ec3n d\u1eef li\u1ec7u tham s\u1ed1 nh\u1edd m\u00f4-\u0111un c\u1ea5u h\u00ecnh \/ hi\u1ec3n th\u1ecb c\u00f3 th\u1ec3 th\u00e1o r\u1eddi  Th\u00edch \u1ee9ng nhanh ch\u00f3ng v\u00e0 d\u1ec5 d\u00e0ng c\u1ee7a thi\u1ebft b\u1ecb gi\u1eefa \u0111o pH v\u00e0 ORP  S\u1eed d\u1ee5ng \u0111\u1ea7u d\u00f2 pH \/ ORP chu\u1ea9n PG 13,5 120 mm v\u1edbi k\u1ebft n\u1ed1i S8.\u00a0(N\u00ean d\u00f9ng lo\u1ea1i 8203)  Hi\u1ec7u chu\u1ea9n m\u1ed9t ho\u1eb7c hai \u0111i\u1ec3m \u0111\u01a1n gi\u1ea3n c\u00f3 th\u1ec3 \u0111\u01b0\u1ee3c th\u1ef1c hi\u1ec7n tr\u1ef1c ti\u1ebfp tr\u00ean thi\u1ebft b\u1ecb;\u00a0m\u00f4 ph\u1ecfng c\u00e1c gi\u00e1 tr\u1ecb quy tr\u00ecnh v\u00e0 ch\u1ee9c n\u0103ng ch\u1ea9n \u0111o\u00e1n   &nbsp;[:en]&nbsp;  pH or redox potential transmitter, ELEMENT  Type 8202 is a compact measurement device for pH values or redox potential (ORP):  \u25cf pH value: in liquids that are clean, dirty, or contain sulphide or protein.  \u25cf Redox potential value: in clean or dirty liquids, liquids with sulphide or protein, and liquids that have a low conductivity. Thus, due to the measurement device\u2019s design, B\u00fcrkert has simplified installation and maintenance work. The Type 8202 device is available in two versions.  \u25cf The first one called ELEMENT standard is proposed either with three adjustable outputs (two digital outputs and one analogue output) or with four adjustable outputs (two digital and two analogue) and can be equipped with a display. The display is only required for start-up, configuration (e.g. selection of pH\/ORP measurement, measuring range, units, calibration, limit values...) or as a process value display.  \u25cf The second called ELEMENT neutrino is a 2-wire device without display and with 4\u202620\u00a0mA current output. The Type 8202 converts the measuring signal, then displays various values in different measuring units for the ELEMENT standard version (if display is mounted) and computes the output signals, which are provided for the ELEMENT standard version via one or two M12 plug-in connections; for the ELEMENT neutrino version that is done with one M12 plug-in connection or on a terminal strip with a cable gland.    Integrated compact measurement device for direct connection to control level (PLC)  Parameterisation, calibration and transfer of parameterisation data all possible thanks to a removable display\/configuration module  Fast and easy adaptation of the device between pH and ORP measurement  Use of 120 mm standard PG 13.5 pH\/ORP probes with S8 connection. (Type 8203 recommended)  Simple one- or two-point calibration can be carried out directly on the unit; simulation of process values and diagnostic functions  [:]\" \/>\n<meta property=\"og:url\" content=\"https:\/\/newskyvn.com\/product\/type-8202\/\" \/>\n<meta property=\"og:site_name\" content=\"NEW SKY CO.,LTD\" \/>\n<meta property=\"article:modified_time\" content=\"2025-08-18T09:01:24+00:00\" \/>\n<meta property=\"og:image\" content=\"https:\/\/newskyvn.com\/wp-content\/uploads\/2021\/09\/Type-8202.jpg\" \/>\n\t<meta property=\"og:image:width\" content=\"500\" \/>\n\t<meta property=\"og:image:height\" content=\"500\" \/>\n<meta name=\"twitter:card\" content=\"summary_large_image\" \/>\n<script type=\"application\/ld+json\" class=\"yoast-schema-graph\">{\"@context\":\"https:\/\/schema.org\",\"@graph\":[{\"@type\":\"WebSite\",\"@id\":\"https:\/\/newskyvn.com\/#website\",\"url\":\"https:\/\/newskyvn.com\/\",\"name\":\"NEW SKY CO.,LTD\",\"description\":\"C\\u00f4ng Ty TNHH S\\u1ea3n Xu\\u1ea5t Th\\u01b0\\u01a1ng M\\u1ea1i D\\u1ecbch V\\u1ee5 T\\u00e2n Thi\\u00ean\",\"potentialAction\":[{\"@type\":\"SearchAction\",\"target\":{\"@type\":\"EntryPoint\",\"urlTemplate\":\"https:\/\/newskyvn.com\/?s={search_term_string}\"},\"query-input\":\"required name=search_term_string\"}],\"inLanguage\":\"en-US\"},{\"@type\":\"ImageObject\",\"@id\":\"https:\/\/newskyvn.com\/product\/type-8202\/#primaryimage\",\"inLanguage\":\"en-US\",\"url\":\"https:\/\/newskyvn.com\/wp-content\/uploads\/2021\/09\/Type-8202.jpg\",\"contentUrl\":\"https:\/\/newskyvn.com\/wp-content\/uploads\/2021\/09\/Type-8202.jpg\",\"width\":500,\"height\":500},{\"@type\":\"WebPage\",\"@id\":\"https:\/\/newskyvn.com\/product\/type-8202\/#webpage\",\"url\":\"https:\/\/newskyvn.com\/product\/type-8202\/\",\"name\":\"Type 8202 - NEW SKY CO.,LTD\",\"isPartOf\":{\"@id\":\"https:\/\/newskyvn.com\/#website\"},\"primaryImageOfPage\":{\"@id\":\"https:\/\/newskyvn.com\/product\/type-8202\/#primaryimage\"},\"datePublished\":\"2021-09-30T10:34:01+00:00\",\"dateModified\":\"2025-08-18T09:01:24+00:00\",\"breadcrumb\":{\"@id\":\"https:\/\/newskyvn.com\/product\/type-8202\/#breadcrumb\"},\"inLanguage\":\"en-US\",\"potentialAction\":[{\"@type\":\"ReadAction\",\"target\":[\"https:\/\/newskyvn.com\/product\/type-8202\/\"]}]},{\"@type\":\"BreadcrumbList\",\"@id\":\"https:\/\/newskyvn.com\/product\/type-8202\/#breadcrumb\",\"itemListElement\":[{\"@type\":\"ListItem\",\"position\":1,\"name\":\"Product\",\"item\":\"https:\/\/newskyvn.com\/en\/san-pham\/\"},{\"@type\":\"ListItem\",\"position\":2,\"name\":\"Type 8202\"}]}]}<\/script>\n<!-- \/ Yoast SEO plugin. -->","_links":{"self":[{"href":"https:\/\/newskyvn.com\/en\/wp-json\/wp\/v2\/product\/2047"}],"collection":[{"href":"https:\/\/newskyvn.com\/en\/wp-json\/wp\/v2\/product"}],"about":[{"href":"https:\/\/newskyvn.com\/en\/wp-json\/wp\/v2\/types\/product"}],"replies":[{"embeddable":true,"href":"https:\/\/newskyvn.com\/en\/wp-json\/wp\/v2\/comments?post=2047"}],"wp:featuredmedia":[{"embeddable":true,"href":"https:\/\/newskyvn.com\/en\/wp-json\/wp\/v2\/media\/2049"}],"wp:attachment":[{"href":"https:\/\/newskyvn.com\/en\/wp-json\/wp\/v2\/media?parent=2047"}],"wp:term":[{"taxonomy":"product_cat","embeddable":true,"href":"https:\/\/newskyvn.com\/en\/wp-json\/wp\/v2\/product_cat?post=2047"},{"taxonomy":"product_tag","embeddable":true,"href":"https:\/\/newskyvn.com\/en\/wp-json\/wp\/v2\/product_tag?post=2047"}],"curies":[{"name":"wp","href":"https:\/\/api.w.org\/{rel}","templated":true}]}}