{"id":2044,"date":"2021-09-30T10:26:53","date_gmt":"2021-09-30T10:26:53","guid":{"rendered":"https:\/\/newskyvn.com\/?post_type=product&#038;p=2044"},"modified":"2021-09-30T10:27:12","modified_gmt":"2021-09-30T10:27:12","slug":"type-8203","status":"publish","type":"product","link":"https:\/\/newskyvn.com\/en\/product\/type-8203\/","title":{"rendered":"Type 8203"},"content":{"rendered":"","protected":false},"excerpt":{"rendered":"<p>&nbsp;<\/p>\n<p><strong>pH- and ORP-probes<\/strong><\/p>\n<p>The pH or ORP B\u00fcrkert meter is a modular device designed for the measurement of: \u25cf the pH in clean liquids or liquids containing solids, sulphides or proteins.<\/p>\n<p>\u25cf the oxidation-reduction potential in clean liquids or liquids containing solids, sulphides or proteins which may present low conductivity. The probes of Type 8203 are available in various models:<\/p>\n<p>\u25cf for pH &#8211; Type PLASTRODE pH 120\u00a0mm &#8211; Type FLATRODE pH 120\u00a0mm &#8211; Type LOGOTRODE pH 120\u00a0mm &#8211; Type UNITRODE PLUS pH 120\u00a0mm &#8211; Type CERATRODE pH 120\u00a0mm &#8211; Type FERMTRODE VP pH 120\u00a0mm<\/p>\n<p>\u25cf for ORP &#8211; Type FLATRODE O.R.P 120\u00a0mm &#8211; Type LOGOTRODE O.R.P 120\u00a0mm &#8211; Type UNITRODE PLUS O.R.P 120\u00a0mm<\/p>\n<div class=\"copy\">\n<ul>\n<li>For many different types of installations and applications<\/li>\n<li>Large selection of probe for a wide range of holder<\/li>\n<li>Useable for pipe DN\u00a015\u2026DN\u00a0200<\/li>\n<\/ul>\n<\/div>\n","protected":false},"featured_media":2046,"comment_status":"open","ping_status":"closed","template":"","meta":[],"product_cat":[90,140],"product_tag":[],"yoast_head":"<!-- This site is optimized with the Yoast SEO plugin v16.6.1 - https:\/\/yoast.com\/wordpress\/plugins\/seo\/ -->\n<title>Type 8203 - NEW SKY CO.,LTD<\/title>\n<meta name=\"robots\" content=\"index, follow, max-snippet:-1, max-image-preview:large, max-video-preview:-1\" \/>\n<link rel=\"canonical\" href=\"https:\/\/newskyvn.com\/product\/type-8203\/\" \/>\n<meta property=\"og:locale\" content=\"en_US\" \/>\n<meta property=\"og:type\" content=\"article\" \/>\n<meta property=\"og:title\" content=\"Type 8203 - NEW SKY CO.,LTD\" \/>\n<meta property=\"og:description\" content=\"[:vi]&nbsp;  \u0110\u1ea7u d\u00f2 pH v\u00e0 ORP  M\u00e1y \u0111o pH ho\u1eb7c ORP B\u00fcrkert l\u00e0 m\u1ed9t thi\u1ebft b\u1ecb m\u00f4-\u0111un \u0111\u01b0\u1ee3c thi\u1ebft k\u1ebf \u0111\u1ec3 \u0111o:  \u25cf pH trong ch\u1ea5t l\u1ecfng ho\u1eb7c ch\u1ea5t l\u1ecfng s\u1ea1ch c\u00f3 ch\u1ee9a ch\u1ea5t r\u1eafn, sunfua ho\u1eb7c protein.  \u25cf th\u1ebf oxy h\u00f3a-kh\u1eed trong ch\u1ea5t l\u1ecfng s\u1ea1ch ho\u1eb7c ch\u1ea5t l\u1ecfng c\u00f3 ch\u1ee9a ch\u1ea5t r\u1eafn, sunfua ho\u1eb7c protein c\u00f3 th\u1ec3 c\u00f3 \u0111\u1ed9 d\u1eabn \u0111i\u1ec7n th\u1ea5p.\u00a0C\u00e1c \u0111\u1ea7u d\u00f2 c\u1ee7a Lo\u1ea1i 8203 c\u00f3 nhi\u1ec1u m\u1eabu kh\u00e1c nhau:  \u25cf cho pH - Lo\u1ea1i PLASTRODE pH 120 mm - Lo\u1ea1i FLATRODE pH 120 mm - Lo\u1ea1i LOGOTRODE pH 120 mm - Lo\u1ea1i UNITRODE PLUS pH 120 mm - Lo\u1ea1i CERATRODE pH 120 mm - Lo\u1ea1i FERMTRODE VP pH 120 mm  \u25cf cho ORP - Lo\u1ea1i FLATRODE ORP 120 mm - Lo\u1ea1i LOGOTRODE ORP 120 mm - Lo\u1ea1i UNITRODE PLUS ORP 120 mm    \u0110\u1ed1i v\u1edbi nhi\u1ec1u lo\u1ea1i c\u00e0i \u0111\u1eb7t v\u00e0 \u1ee9ng d\u1ee5ng kh\u00e1c nhau  Nhi\u1ec1u l\u1ef1a ch\u1ecdn \u0111\u1ea7u d\u00f2 cho nhi\u1ec1u lo\u1ea1i gi\u00e1 \u0111\u1ee1  S\u1eed d\u1ee5ng \u0111\u01b0\u1ee3c cho \u1ed1ng DN 15\u2026 DN 200  [:en]&nbsp;  pH- and ORP-probes  The pH or ORP B\u00fcrkert meter is a modular device designed for the measurement of: \u25cf the pH in clean liquids or liquids containing solids, sulphides or proteins.  \u25cf the oxidation-reduction potential in clean liquids or liquids containing solids, sulphides or proteins which may present low conductivity. The probes of Type 8203 are available in various models:  \u25cf for pH - Type PLASTRODE pH 120\u00a0mm - Type FLATRODE pH 120\u00a0mm - Type LOGOTRODE pH 120\u00a0mm - Type UNITRODE PLUS pH 120\u00a0mm - Type CERATRODE pH 120\u00a0mm - Type FERMTRODE VP pH 120\u00a0mm  \u25cf for ORP - Type FLATRODE O.R.P 120\u00a0mm - Type LOGOTRODE O.R.P 120\u00a0mm - Type UNITRODE PLUS O.R.P 120\u00a0mm    For many different types of installations and applications  Large selection of probe for a wide range of holder  Useable for pipe DN\u00a015\u2026DN\u00a0200  [:]\" \/>\n<meta property=\"og:url\" content=\"https:\/\/newskyvn.com\/product\/type-8203\/\" \/>\n<meta property=\"og:site_name\" content=\"NEW SKY CO.,LTD\" \/>\n<meta property=\"article:modified_time\" content=\"2021-09-30T10:27:12+00:00\" \/>\n<meta property=\"og:image\" content=\"https:\/\/newskyvn.com\/wp-content\/uploads\/2021\/09\/Type-8203.jpg\" \/>\n\t<meta property=\"og:image:width\" content=\"500\" \/>\n\t<meta property=\"og:image:height\" content=\"500\" \/>\n<meta name=\"twitter:card\" content=\"summary_large_image\" \/>\n<script type=\"application\/ld+json\" class=\"yoast-schema-graph\">{\"@context\":\"https:\/\/schema.org\",\"@graph\":[{\"@type\":\"WebSite\",\"@id\":\"https:\/\/newskyvn.com\/#website\",\"url\":\"https:\/\/newskyvn.com\/\",\"name\":\"NEW SKY CO.,LTD\",\"description\":\"C\\u00f4ng Ty TNHH S\\u1ea3n Xu\\u1ea5t Th\\u01b0\\u01a1ng M\\u1ea1i D\\u1ecbch V\\u1ee5 T\\u00e2n Thi\\u00ean\",\"potentialAction\":[{\"@type\":\"SearchAction\",\"target\":{\"@type\":\"EntryPoint\",\"urlTemplate\":\"https:\/\/newskyvn.com\/?s={search_term_string}\"},\"query-input\":\"required name=search_term_string\"}],\"inLanguage\":\"en-US\"},{\"@type\":\"ImageObject\",\"@id\":\"https:\/\/newskyvn.com\/product\/type-8203\/#primaryimage\",\"inLanguage\":\"en-US\",\"url\":\"https:\/\/newskyvn.com\/wp-content\/uploads\/2021\/09\/Type-8203.jpg\",\"contentUrl\":\"https:\/\/newskyvn.com\/wp-content\/uploads\/2021\/09\/Type-8203.jpg\",\"width\":500,\"height\":500},{\"@type\":\"WebPage\",\"@id\":\"https:\/\/newskyvn.com\/product\/type-8203\/#webpage\",\"url\":\"https:\/\/newskyvn.com\/product\/type-8203\/\",\"name\":\"Type 8203 - NEW SKY CO.,LTD\",\"isPartOf\":{\"@id\":\"https:\/\/newskyvn.com\/#website\"},\"primaryImageOfPage\":{\"@id\":\"https:\/\/newskyvn.com\/product\/type-8203\/#primaryimage\"},\"datePublished\":\"2021-09-30T10:26:53+00:00\",\"dateModified\":\"2021-09-30T10:27:12+00:00\",\"breadcrumb\":{\"@id\":\"https:\/\/newskyvn.com\/product\/type-8203\/#breadcrumb\"},\"inLanguage\":\"en-US\",\"potentialAction\":[{\"@type\":\"ReadAction\",\"target\":[\"https:\/\/newskyvn.com\/product\/type-8203\/\"]}]},{\"@type\":\"BreadcrumbList\",\"@id\":\"https:\/\/newskyvn.com\/product\/type-8203\/#breadcrumb\",\"itemListElement\":[{\"@type\":\"ListItem\",\"position\":1,\"name\":\"Product\",\"item\":\"https:\/\/newskyvn.com\/en\/san-pham\/\"},{\"@type\":\"ListItem\",\"position\":2,\"name\":\"Type 8203\"}]}]}<\/script>\n<!-- \/ Yoast SEO plugin. -->","_links":{"self":[{"href":"https:\/\/newskyvn.com\/en\/wp-json\/wp\/v2\/product\/2044"}],"collection":[{"href":"https:\/\/newskyvn.com\/en\/wp-json\/wp\/v2\/product"}],"about":[{"href":"https:\/\/newskyvn.com\/en\/wp-json\/wp\/v2\/types\/product"}],"replies":[{"embeddable":true,"href":"https:\/\/newskyvn.com\/en\/wp-json\/wp\/v2\/comments?post=2044"}],"wp:featuredmedia":[{"embeddable":true,"href":"https:\/\/newskyvn.com\/en\/wp-json\/wp\/v2\/media\/2046"}],"wp:attachment":[{"href":"https:\/\/newskyvn.com\/en\/wp-json\/wp\/v2\/media?parent=2044"}],"wp:term":[{"taxonomy":"product_cat","embeddable":true,"href":"https:\/\/newskyvn.com\/en\/wp-json\/wp\/v2\/product_cat?post=2044"},{"taxonomy":"product_tag","embeddable":true,"href":"https:\/\/newskyvn.com\/en\/wp-json\/wp\/v2\/product_tag?post=2044"}],"curies":[{"name":"wp","href":"https:\/\/api.w.org\/{rel}","templated":true}]}}