{"id":2041,"date":"2021-09-30T10:21:49","date_gmt":"2021-09-30T10:21:49","guid":{"rendered":"https:\/\/newskyvn.com\/?post_type=product&#038;p=2041"},"modified":"2021-09-30T10:21:49","modified_gmt":"2021-09-30T10:21:49","slug":"type-ms01","status":"publish","type":"product","link":"https:\/\/newskyvn.com\/en\/product\/type-ms01\/","title":{"rendered":"Type MS01"},"content":{"rendered":"","protected":false},"excerpt":{"rendered":"<p>&nbsp;<\/p>\n<p><strong>pH Sensor Cube<\/strong><\/p>\n<p>The device is a pH measurement sensor. It is used within the Online Analysis System Type 8905 by being plugged into a spare fluidic backplane slot. The pH value is the most common parameter in water analysis. The pH sensor cube contains an ISFET measuring cell, based on microelectromechanical systems technology (MEMS) to measure the pH value. The electrical and fluidic connections are made via the connection panel of the system. The sensor cube communicates with the system via b\u00fcS, allowing fully automatic login to the online analysis system. If the sensor is plugged into the system, it automatically logs on to the b\u00fcS and can be parameterised according to customer requirements. The Sensor-Cube is available in 2 versions. The standard version provides protection against biological growth at the reference electrode and is recommended for applications with no or very low chlorine in the water. The drinking water version is without anti-fouling equipment and is mainly required in applications with drinking water approval.<\/p>\n<div class=\"copy\">\n<ul>\n<li>Fully compatible with b\u00fcS systems and a wide range of further analysis sensor cubes<\/li>\n<li>Sensor: MEMS ISFET technology<\/li>\n<li>Modular sensor cube for hot swap (exchange during operation)<\/li>\n<li>Minimal sample water flow needed<\/li>\n<li>Available in 2 versions: standard and with drinking water approval (ACS)<\/li>\n<\/ul>\n<\/div>\n","protected":false},"featured_media":2043,"comment_status":"open","ping_status":"closed","template":"","meta":[],"product_cat":[90,140],"product_tag":[],"yoast_head":"<!-- This site is optimized with the Yoast SEO plugin v16.6.1 - https:\/\/yoast.com\/wordpress\/plugins\/seo\/ -->\n<title>Type MS01 - NEW SKY CO.,LTD<\/title>\n<meta name=\"robots\" content=\"index, follow, max-snippet:-1, max-image-preview:large, max-video-preview:-1\" \/>\n<link rel=\"canonical\" href=\"https:\/\/newskyvn.com\/product\/type-ms01\/\" \/>\n<meta property=\"og:locale\" content=\"en_US\" \/>\n<meta property=\"og:type\" content=\"article\" \/>\n<meta property=\"og:title\" content=\"Type MS01 - NEW SKY CO.,LTD\" \/>\n<meta property=\"og:description\" content=\"[:vi]&nbsp;  Kh\u1ed1i c\u1ea3m bi\u1ebfn \u0111o \u0111\u1ed9 pH  Thi\u1ebft b\u1ecb l\u00e0 m\u1ed9t c\u1ea3m bi\u1ebfn \u0111o \u0111\u1ed9 pH.\u00a0N\u00f3 \u0111\u01b0\u1ee3c s\u1eed d\u1ee5ng trong H\u1ec7 th\u1ed1ng Ph\u00e2n t\u00edch Tr\u1ef1c tuy\u1ebfn Lo\u1ea1i 8905 b\u1eb1ng c\u00e1ch \u0111\u01b0\u1ee3c c\u1eafm v\u00e0o m\u1ed9t khe b\u1ea3ng n\u1ed1i \u0111a n\u0103ng ch\u1ea5t l\u1ecfng d\u1ef1 ph\u00f2ng.\u00a0Gi\u00e1 tr\u1ecb pH l\u00e0 th\u00f4ng s\u1ed1 ph\u1ed5 bi\u1ebfn nh\u1ea5t trong ph\u00e2n t\u00edch n\u01b0\u1edbc.\u00a0Kh\u1ed1i c\u1ea3m bi\u1ebfn pH ch\u1ee9a m\u1ed9t t\u1ebf b\u00e0o \u0111o ISFET, d\u1ef1a tr\u00ean c\u00f4ng ngh\u1ec7 h\u1ec7 th\u1ed1ng vi c\u01a1 \u0111i\u1ec7n t\u1eed (MEMS) \u0111\u1ec3 \u0111o gi\u00e1 tr\u1ecb pH.\u00a0C\u00e1c k\u1ebft n\u1ed1i \u0111i\u1ec7n v\u00e0 ch\u1ea5t l\u1ecfng \u0111\u01b0\u1ee3c th\u1ef1c hi\u1ec7n th\u00f4ng qua b\u1ea3ng k\u1ebft n\u1ed1i c\u1ee7a h\u1ec7 th\u1ed1ng.\u00a0Kh\u1ed1i c\u1ea3m bi\u1ebfn giao ti\u1ebfp v\u1edbi h\u1ec7 th\u1ed1ng qua b\u00fcS, cho ph\u00e9p \u0111\u0103ng nh\u1eadp ho\u00e0n to\u00e0n t\u1ef1 \u0111\u1ed9ng v\u00e0o h\u1ec7 th\u1ed1ng ph\u00e2n t\u00edch tr\u1ef1c tuy\u1ebfn.\u00a0N\u1ebfu c\u1ea3m bi\u1ebfn \u0111\u01b0\u1ee3c c\u1eafm v\u00e0o h\u1ec7 th\u1ed1ng, n\u00f3 s\u1ebd t\u1ef1 \u0111\u1ed9ng \u0111\u0103ng nh\u1eadp v\u00e0o b\u00fcS v\u00e0 c\u00f3 th\u1ec3 \u0111\u01b0\u1ee3c tham s\u1ed1 h\u00f3a theo y\u00eau c\u1ea7u c\u1ee7a kh\u00e1ch h\u00e0ng.\u00a0Sensor-Cube c\u00f3 s\u1eb5n trong 2 phi\u00ean b\u1ea3n.\u00a0Phi\u00ean b\u1ea3n ti\u00eau chu\u1ea9n cung c\u1ea5p kh\u1ea3 n\u0103ng b\u1ea3o v\u1ec7 ch\u1ed1ng l\u1ea1i s\u1ef1 ph\u00e1t tri\u1ec3n sinh h\u1ecdc \u1edf \u0111i\u1ec7n c\u1ef1c tham chi\u1ebfu v\u00e0 \u0111\u01b0\u1ee3c khuy\u1ebfn ngh\u1ecb cho c\u00e1c \u1ee9ng d\u1ee5ng kh\u00f4ng c\u00f3 ho\u1eb7c r\u1ea5t th\u1ea5p clo trong n\u01b0\u1edbc.\u00a0Phi\u00ean b\u1ea3n n\u01b0\u1edbc u\u1ed1ng kh\u00f4ng c\u00f3 thi\u1ebft b\u1ecb ch\u1ed1ng t\u1eafc ngh\u1ebdn v\u00e0 ch\u1ee7 y\u1ebfu \u0111\u01b0\u1ee3c y\u00eau c\u1ea7u trong c\u00e1c \u1ee9ng d\u1ee5ng c\u00f3 ph\u00ea duy\u1ec7t n\u01b0\u1edbc u\u1ed1ng.    Ho\u00e0n to\u00e0n t\u01b0\u01a1ng th\u00edch v\u1edbi c\u00e1c h\u1ec7 th\u1ed1ng b\u00fcS v\u00e0 m\u1ed9t lo\u1ea1t c\u00e1c kh\u1ed1i c\u1ea3m bi\u1ebfn ph\u00e2n t\u00edch s\u00e2u h\u01a1n  C\u1ea3m bi\u1ebfn: C\u00f4ng ngh\u1ec7 MEMS ISFET  Kh\u1ed1i c\u1ea3m bi\u1ebfn m\u00f4-\u0111un \u0111\u1ec3 trao \u0111\u1ed5i n\u00f3ng (trao \u0111\u1ed5i trong qu\u00e1 tr\u00ecnh ho\u1ea1t \u0111\u1ed9ng)  L\u01b0u l\u01b0\u1ee3ng n\u01b0\u1edbc m\u1eabu t\u1ed1i thi\u1ec3u c\u1ea7n thi\u1ebft  C\u00f3 s\u1eb5n trong 2 phi\u00ean b\u1ea3n: ti\u00eau chu\u1ea9n v\u00e0 c\u00f3 ph\u00ea duy\u1ec7t n\u01b0\u1edbc u\u1ed1ng (ACS)  [:en]&nbsp;  pH Sensor Cube  The device is a pH measurement sensor. It is used within the Online Analysis System Type 8905 by being plugged into a spare fluidic backplane slot. The pH value is the most common parameter in water analysis. The pH sensor cube contains an ISFET measuring cell, based on microelectromechanical systems technology (MEMS) to measure the pH value. The electrical and fluidic connections are made via the connection panel of the system. The sensor cube communicates with the system via b\u00fcS, allowing fully automatic login to the online analysis system. If the sensor is plugged into the system, it automatically logs on to the b\u00fcS and can be parameterised according to customer requirements. The Sensor-Cube is available in 2 versions. The standard version provides protection against biological growth at the reference electrode and is recommended for applications with no or very low chlorine in the water. The drinking water version is without anti-fouling equipment and is mainly required in applications with drinking water approval.    Fully compatible with b\u00fcS systems and a wide range of further analysis sensor cubes  Sensor: MEMS ISFET technology  Modular sensor cube for hot swap (exchange during operation)  Minimal sample water flow needed  Available in 2 versions: standard and with drinking water approval (ACS)  [:]\" \/>\n<meta property=\"og:url\" content=\"https:\/\/newskyvn.com\/product\/type-ms01\/\" \/>\n<meta property=\"og:site_name\" content=\"NEW SKY CO.,LTD\" \/>\n<meta property=\"og:image\" content=\"https:\/\/newskyvn.com\/wp-content\/uploads\/2021\/09\/MS01.jpg\" \/>\n\t<meta property=\"og:image:width\" content=\"500\" \/>\n\t<meta property=\"og:image:height\" content=\"500\" \/>\n<meta name=\"twitter:card\" content=\"summary_large_image\" \/>\n<script type=\"application\/ld+json\" class=\"yoast-schema-graph\">{\"@context\":\"https:\/\/schema.org\",\"@graph\":[{\"@type\":\"WebSite\",\"@id\":\"https:\/\/newskyvn.com\/#website\",\"url\":\"https:\/\/newskyvn.com\/\",\"name\":\"NEW SKY CO.,LTD\",\"description\":\"C\\u00f4ng Ty TNHH S\\u1ea3n Xu\\u1ea5t Th\\u01b0\\u01a1ng M\\u1ea1i D\\u1ecbch V\\u1ee5 T\\u00e2n Thi\\u00ean\",\"potentialAction\":[{\"@type\":\"SearchAction\",\"target\":{\"@type\":\"EntryPoint\",\"urlTemplate\":\"https:\/\/newskyvn.com\/?s={search_term_string}\"},\"query-input\":\"required name=search_term_string\"}],\"inLanguage\":\"en-US\"},{\"@type\":\"ImageObject\",\"@id\":\"https:\/\/newskyvn.com\/product\/type-ms01\/#primaryimage\",\"inLanguage\":\"en-US\",\"url\":\"https:\/\/newskyvn.com\/wp-content\/uploads\/2021\/09\/MS01.jpg\",\"contentUrl\":\"https:\/\/newskyvn.com\/wp-content\/uploads\/2021\/09\/MS01.jpg\",\"width\":500,\"height\":500},{\"@type\":\"WebPage\",\"@id\":\"https:\/\/newskyvn.com\/product\/type-ms01\/#webpage\",\"url\":\"https:\/\/newskyvn.com\/product\/type-ms01\/\",\"name\":\"Type MS01 - NEW SKY CO.,LTD\",\"isPartOf\":{\"@id\":\"https:\/\/newskyvn.com\/#website\"},\"primaryImageOfPage\":{\"@id\":\"https:\/\/newskyvn.com\/product\/type-ms01\/#primaryimage\"},\"datePublished\":\"2021-09-30T10:21:49+00:00\",\"dateModified\":\"2021-09-30T10:21:49+00:00\",\"breadcrumb\":{\"@id\":\"https:\/\/newskyvn.com\/product\/type-ms01\/#breadcrumb\"},\"inLanguage\":\"en-US\",\"potentialAction\":[{\"@type\":\"ReadAction\",\"target\":[\"https:\/\/newskyvn.com\/product\/type-ms01\/\"]}]},{\"@type\":\"BreadcrumbList\",\"@id\":\"https:\/\/newskyvn.com\/product\/type-ms01\/#breadcrumb\",\"itemListElement\":[{\"@type\":\"ListItem\",\"position\":1,\"name\":\"Product\",\"item\":\"https:\/\/newskyvn.com\/en\/san-pham\/\"},{\"@type\":\"ListItem\",\"position\":2,\"name\":\"Type MS01\"}]}]}<\/script>\n<!-- \/ Yoast SEO plugin. -->","_links":{"self":[{"href":"https:\/\/newskyvn.com\/en\/wp-json\/wp\/v2\/product\/2041"}],"collection":[{"href":"https:\/\/newskyvn.com\/en\/wp-json\/wp\/v2\/product"}],"about":[{"href":"https:\/\/newskyvn.com\/en\/wp-json\/wp\/v2\/types\/product"}],"replies":[{"embeddable":true,"href":"https:\/\/newskyvn.com\/en\/wp-json\/wp\/v2\/comments?post=2041"}],"wp:featuredmedia":[{"embeddable":true,"href":"https:\/\/newskyvn.com\/en\/wp-json\/wp\/v2\/media\/2043"}],"wp:attachment":[{"href":"https:\/\/newskyvn.com\/en\/wp-json\/wp\/v2\/media?parent=2041"}],"wp:term":[{"taxonomy":"product_cat","embeddable":true,"href":"https:\/\/newskyvn.com\/en\/wp-json\/wp\/v2\/product_cat?post=2041"},{"taxonomy":"product_tag","embeddable":true,"href":"https:\/\/newskyvn.com\/en\/wp-json\/wp\/v2\/product_tag?post=2041"}],"curies":[{"name":"wp","href":"https:\/\/api.w.org\/{rel}","templated":true}]}}