{"id":2035,"date":"2021-09-30T08:46:43","date_gmt":"2021-09-30T08:46:43","guid":{"rendered":"https:\/\/newskyvn.com\/?post_type=product&#038;p=2035"},"modified":"2021-09-30T09:08:39","modified_gmt":"2021-09-30T09:08:39","slug":"type-tcl001","status":"publish","type":"product","link":"https:\/\/newskyvn.com\/en\/product\/type-tcl001\/","title":{"rendered":"Type TCL001"},"content":{"rendered":"","protected":false},"excerpt":{"rendered":"<p>&nbsp;<\/p>\n<p><strong>Simple float switch<\/strong><\/p>\n<p>Float switch with hermetically sealed reed contacts in a fixed switch part, switching triggered by magnets in floating switch part, reed contact implemented as alternator or normally open\/closed; for neutral and aggressive liquids; not sensitive to dirt particles in the medium; cylindrical threading for simple installation in side of container. Different versions are available depending on material (PP or stainless steel), mounting position (horizontal or vertical) and equipment (relay).<\/p>\n<div class=\"copy\">\n<ul>\n<li>Switch for neutral and aggressive liquids<\/li>\n<li>NO\/NC, alternating<\/li>\n<li>Reed contact<\/li>\n<li>Vertical or horizontal mounting<\/li>\n<li>Molded lying leads (Type 8181) or cable (Type TCL001)<\/li>\n<\/ul>\n<\/div>\n","protected":false},"featured_media":2037,"comment_status":"open","ping_status":"closed","template":"","meta":[],"product_cat":[90,139],"product_tag":[],"yoast_head":"<!-- This site is optimized with the Yoast SEO plugin v16.6.1 - https:\/\/yoast.com\/wordpress\/plugins\/seo\/ -->\n<title>Type TCL001 - NEW SKY CO.,LTD<\/title>\n<meta name=\"robots\" content=\"index, follow, max-snippet:-1, max-image-preview:large, max-video-preview:-1\" \/>\n<link rel=\"canonical\" href=\"https:\/\/newskyvn.com\/product\/type-tcl001\/\" \/>\n<meta property=\"og:locale\" content=\"en_US\" \/>\n<meta property=\"og:type\" content=\"article\" \/>\n<meta property=\"og:title\" content=\"Type TCL001 - NEW SKY CO.,LTD\" \/>\n<meta property=\"og:description\" content=\"[:vi]&nbsp;  C\u00f4ng t\u1eafc phao \u0111\u01a1n gi\u1ea3n  C\u00f4ng t\u1eafc n\u1ed5i v\u1edbi c\u00e1c ti\u1ebfp \u0111i\u1ec3m b\u1eb1ng s\u1eady \u0111\u01b0\u1ee3c l\u00e0m k\u00edn k\u00edn trong ph\u1ea7n c\u00f4ng t\u1eafc c\u1ed1 \u0111\u1ecbnh, c\u00f4ng t\u1eafc \u0111\u01b0\u1ee3c k\u00edch ho\u1ea1t b\u1eb1ng nam ch\u00e2m trong ph\u1ea7n c\u00f4ng t\u1eafc n\u1ed5i, ti\u1ebfp \u0111i\u1ec3m b\u1eb1ng s\u1eady \u0111\u01b0\u1ee3c th\u1ef1c hi\u1ec7n nh\u01b0 m\u00e1y ph\u00e1t \u0111i\u1ec7n ho\u1eb7c th\u01b0\u1eddng m\u1edf \/ \u0111\u00f3ng;\u00a0\u0111\u1ed1i v\u1edbi ch\u1ea5t l\u1ecfng trung t\u00ednh v\u00e0 m\u1ea1nh;\u00a0kh\u00f4ng nh\u1ea1y c\u1ea3m v\u1edbi c\u00e1c h\u1ea1t b\u1ee5i b\u1ea9n trong m\u00f4i tr\u01b0\u1eddng;\u00a0ren h\u00ecnh tr\u1ee5 \u0111\u1ec3 l\u1eafp \u0111\u1eb7t \u0111\u01a1n gi\u1ea3n b\u00ean trong th\u00f9ng ch\u1ee9a.\u00a0C\u00e1c phi\u00ean b\u1ea3n kh\u00e1c nhau c\u00f3 s\u1eb5n t\u00f9y thu\u1ed9c v\u00e0o v\u1eadt li\u1ec7u (PP ho\u1eb7c th\u00e9p kh\u00f4ng g\u1ec9), v\u1ecb tr\u00ed l\u1eafp (ngang ho\u1eb7c d\u1ecdc) v\u00e0 thi\u1ebft b\u1ecb (r\u01a1 le).    Chuy\u1ec3n sang ch\u1ea5t l\u1ecfng trung t\u00ednh v\u00e0 ch\u1ea5t l\u1ecfng m\u1ea1nh  NO \/ NC, xen k\u1ebd  Li\u00ean h\u1ec7 s\u1eady  G\u1eafn d\u1ecdc ho\u1eb7c ngang  D\u00e2y d\u1eabn n\u1eb1m \u0111\u00fac (Lo\u1ea1i 8181) ho\u1eb7c c\u00e1p (Lo\u1ea1i TCL001)  [:en]&nbsp;  Simple float switch  Float switch with hermetically sealed reed contacts in a fixed switch part, switching triggered by magnets in floating switch part, reed contact implemented as alternator or normally open\/closed; for neutral and aggressive liquids; not sensitive to dirt particles in the medium; cylindrical threading for simple installation in side of container. Different versions are available depending on material (PP or stainless steel), mounting position (horizontal or vertical) and equipment (relay).    Switch for neutral and aggressive liquids  NO\/NC, alternating  Reed contact  Vertical or horizontal mounting  Molded lying leads (Type 8181) or cable (Type TCL001)  [:]\" \/>\n<meta property=\"og:url\" content=\"https:\/\/newskyvn.com\/product\/type-tcl001\/\" \/>\n<meta property=\"og:site_name\" content=\"NEW SKY CO.,LTD\" \/>\n<meta property=\"article:modified_time\" content=\"2021-09-30T09:08:39+00:00\" \/>\n<meta property=\"og:image\" content=\"https:\/\/newskyvn.com\/wp-content\/uploads\/2021\/09\/Type-TCL001.jpg\" \/>\n\t<meta property=\"og:image:width\" content=\"500\" \/>\n\t<meta property=\"og:image:height\" content=\"500\" \/>\n<meta name=\"twitter:card\" content=\"summary_large_image\" \/>\n<script type=\"application\/ld+json\" class=\"yoast-schema-graph\">{\"@context\":\"https:\/\/schema.org\",\"@graph\":[{\"@type\":\"WebSite\",\"@id\":\"https:\/\/newskyvn.com\/#website\",\"url\":\"https:\/\/newskyvn.com\/\",\"name\":\"NEW SKY CO.,LTD\",\"description\":\"C\\u00f4ng Ty TNHH S\\u1ea3n Xu\\u1ea5t Th\\u01b0\\u01a1ng M\\u1ea1i D\\u1ecbch V\\u1ee5 T\\u00e2n Thi\\u00ean\",\"potentialAction\":[{\"@type\":\"SearchAction\",\"target\":{\"@type\":\"EntryPoint\",\"urlTemplate\":\"https:\/\/newskyvn.com\/?s={search_term_string}\"},\"query-input\":\"required name=search_term_string\"}],\"inLanguage\":\"en-US\"},{\"@type\":\"ImageObject\",\"@id\":\"https:\/\/newskyvn.com\/product\/type-tcl001\/#primaryimage\",\"inLanguage\":\"en-US\",\"url\":\"https:\/\/newskyvn.com\/wp-content\/uploads\/2021\/09\/Type-TCL001.jpg\",\"contentUrl\":\"https:\/\/newskyvn.com\/wp-content\/uploads\/2021\/09\/Type-TCL001.jpg\",\"width\":500,\"height\":500},{\"@type\":\"WebPage\",\"@id\":\"https:\/\/newskyvn.com\/product\/type-tcl001\/#webpage\",\"url\":\"https:\/\/newskyvn.com\/product\/type-tcl001\/\",\"name\":\"Type TCL001 - NEW SKY CO.,LTD\",\"isPartOf\":{\"@id\":\"https:\/\/newskyvn.com\/#website\"},\"primaryImageOfPage\":{\"@id\":\"https:\/\/newskyvn.com\/product\/type-tcl001\/#primaryimage\"},\"datePublished\":\"2021-09-30T08:46:43+00:00\",\"dateModified\":\"2021-09-30T09:08:39+00:00\",\"breadcrumb\":{\"@id\":\"https:\/\/newskyvn.com\/product\/type-tcl001\/#breadcrumb\"},\"inLanguage\":\"en-US\",\"potentialAction\":[{\"@type\":\"ReadAction\",\"target\":[\"https:\/\/newskyvn.com\/product\/type-tcl001\/\"]}]},{\"@type\":\"BreadcrumbList\",\"@id\":\"https:\/\/newskyvn.com\/product\/type-tcl001\/#breadcrumb\",\"itemListElement\":[{\"@type\":\"ListItem\",\"position\":1,\"name\":\"Product\",\"item\":\"https:\/\/newskyvn.com\/en\/san-pham\/\"},{\"@type\":\"ListItem\",\"position\":2,\"name\":\"Type TCL001\"}]}]}<\/script>\n<!-- \/ Yoast SEO plugin. -->","_links":{"self":[{"href":"https:\/\/newskyvn.com\/en\/wp-json\/wp\/v2\/product\/2035"}],"collection":[{"href":"https:\/\/newskyvn.com\/en\/wp-json\/wp\/v2\/product"}],"about":[{"href":"https:\/\/newskyvn.com\/en\/wp-json\/wp\/v2\/types\/product"}],"replies":[{"embeddable":true,"href":"https:\/\/newskyvn.com\/en\/wp-json\/wp\/v2\/comments?post=2035"}],"wp:featuredmedia":[{"embeddable":true,"href":"https:\/\/newskyvn.com\/en\/wp-json\/wp\/v2\/media\/2037"}],"wp:attachment":[{"href":"https:\/\/newskyvn.com\/en\/wp-json\/wp\/v2\/media?parent=2035"}],"wp:term":[{"taxonomy":"product_cat","embeddable":true,"href":"https:\/\/newskyvn.com\/en\/wp-json\/wp\/v2\/product_cat?post=2035"},{"taxonomy":"product_tag","embeddable":true,"href":"https:\/\/newskyvn.com\/en\/wp-json\/wp\/v2\/product_tag?post=2035"}],"curies":[{"name":"wp","href":"https:\/\/api.w.org\/{rel}","templated":true}]}}