{"id":2032,"date":"2021-09-30T08:38:29","date_gmt":"2021-09-30T08:38:29","guid":{"rendered":"https:\/\/newskyvn.com\/?post_type=product&#038;p=2032"},"modified":"2024-09-15T12:48:34","modified_gmt":"2024-09-15T12:48:34","slug":"type-8110","status":"publish","type":"product","link":"https:\/\/newskyvn.com\/en\/product\/type-8110\/","title":{"rendered":"Type 8110"},"content":{"rendered":"","protected":false},"excerpt":{"rendered":"<p>&nbsp;<\/p>\n<h1>Vibrating level switch<\/h1>\n<p>The Type 8110 is a filling level switch for liquids, using a tuning fork as the sensor element. It is designed for industrial use in all areas of process technology and can be used in liquids. Typical applications are overfill or dry run protection. The small tuning fork (40 mm in length) can be used in vessels, tanks and tubes. Due to the simple and rugged measuring system, the 8110 is virtually unaffected by the chemical and physical features of the liquid. It works even under unfavourable measurement conditions such as turbulence, air bubbles, foam generation (not suitable for measuring the foam thickness itself), adhesions, strong external vibrations or varying filling materials. The digital interface IO-Link allows bidirectional data transfer with any IO-Link Master. Data access is done by using the available standardized IODD. IO-Link is in accordance to the specification version 1.0.<\/p>\n<div class=\"copy\">\n<ul>\n<li>For universal applications such as limit level detection or dry run protection system<\/li>\n<li>Installation without adjustment<\/li>\n<li>Smallest installation dimensions<\/li>\n<li>Available in IO-Link version<\/li>\n<\/ul>\n<\/div>\n","protected":false},"featured_media":2034,"comment_status":"open","ping_status":"closed","template":"","meta":[],"product_cat":[90,139],"product_tag":[],"yoast_head":"<!-- This site is optimized with the Yoast SEO plugin v16.6.1 - https:\/\/yoast.com\/wordpress\/plugins\/seo\/ -->\n<title>Type 8110 - NEW SKY CO.,LTD<\/title>\n<meta name=\"robots\" content=\"index, follow, max-snippet:-1, max-image-preview:large, max-video-preview:-1\" \/>\n<link rel=\"canonical\" href=\"https:\/\/newskyvn.com\/product\/type-8110\/\" \/>\n<meta property=\"og:locale\" content=\"en_US\" \/>\n<meta property=\"og:type\" content=\"article\" \/>\n<meta property=\"og:title\" content=\"Type 8110 - NEW SKY CO.,LTD\" \/>\n<meta property=\"og:description\" content=\"[:vi]&nbsp;  C\u1ea3m bi\u1ebfn d\u1ea1ng rung \u0111o m\u1ee9c d\u00f9ng trong chi\u1ebft r\u00f3t  Lo\u1ea1i 8110 l\u00e0 c\u00f4ng t\u1eafc m\u1ee9c chi\u1ebft r\u00f3t cho ch\u1ea5t l\u1ecfng, s\u1eed d\u1ee5ng \u00e2m thoa l\u00e0m ph\u1ea7n t\u1eed c\u1ea3m bi\u1ebfn.\u00a0N\u00f3 \u0111\u01b0\u1ee3c thi\u1ebft k\u1ebf \u0111\u1ec3 s\u1eed d\u1ee5ng trong c\u00f4ng nghi\u1ec7p trong t\u1ea5t c\u1ea3 c\u00e1c l\u0129nh v\u1ef1c c\u00f4ng ngh\u1ec7 quy tr\u00ecnh v\u00e0 c\u00f3 th\u1ec3 \u0111\u01b0\u1ee3c s\u1eed d\u1ee5ng trong ch\u1ea5t l\u1ecfng.\u00a0C\u00e1c \u1ee9ng d\u1ee5ng \u0111i\u1ec3n h\u00ecnh l\u00e0 b\u1ea3o v\u1ec7 qu\u00e1 \u0111\u1ea7y ho\u1eb7c ch\u1ea1y kh\u00f4.\u00a0\u00c2m thoa nh\u1ecf (chi\u1ec1u d\u00e0i 40 mm) c\u00f3 th\u1ec3 \u0111\u01b0\u1ee3c s\u1eed d\u1ee5ng trong c\u00e1c b\u00ecnh, b\u1ec3 ch\u1ee9a v\u00e0 \u1ed1ng.\u00a0Do h\u1ec7 th\u1ed1ng \u0111o \u0111\u01a1n gi\u1ea3n v\u00e0 ch\u1eafc ch\u1eafn, 8110 h\u1ea7u nh\u01b0 kh\u00f4ng b\u1ecb \u1ea3nh h\u01b0\u1edfng b\u1edfi c\u00e1c t\u00ednh n\u0103ng h\u00f3a h\u1ecdc v\u00e0 v\u1eadt l\u00fd c\u1ee7a ch\u1ea5t l\u1ecfng.\u00a0N\u00f3 ho\u1ea1t \u0111\u1ed9ng ngay c\u1ea3 trong c\u00e1c \u0111i\u1ec1u ki\u1ec7n \u0111o l\u01b0\u1eddng kh\u00f4ng thu\u1eadn l\u1ee3i nh\u01b0 h\u1ed7n lo\u1ea1n, b\u1ecdt kh\u00ed, t\u1ea1o b\u1ecdt (kh\u00f4ng th\u00edch h\u1ee3p \u0111\u1ec3 \u0111o \u0111\u1ed9 d\u00e0y c\u1ee7a b\u1ecdt), k\u1ebft d\u00ednh, rung \u0111\u1ed9ng m\u1ea1nh b\u00ean ngo\u00e0i ho\u1eb7c c\u00e1c v\u1eadt li\u1ec7u l\u1ea5p \u0111\u1ea7y kh\u00e1c nhau.\u00a0Giao di\u1ec7n k\u1ef9 thu\u1eadt s\u1ed1 IO-Link cho ph\u00e9p truy\u1ec1n d\u1eef li\u1ec7u hai chi\u1ec1u v\u1edbi b\u1ea5t k\u1ef3 IO-Link Master n\u00e0o.\u00a0Vi\u1ec7c truy c\u1eadp d\u1eef li\u1ec7u \u0111\u01b0\u1ee3c th\u1ef1c hi\u1ec7n b\u1eb1ng c\u00e1ch s\u1eed d\u1ee5ng IODD chu\u1ea9n h\u00f3a c\u00f3 s\u1eb5n.    \u0110\u1ed1i v\u1edbi c\u00e1c \u1ee9ng d\u1ee5ng ph\u1ed5 bi\u1ebfn nh\u01b0 ph\u00e1t hi\u1ec7n m\u1ee9c gi\u1edbi h\u1ea1n ho\u1eb7c h\u1ec7 th\u1ed1ng b\u1ea3o v\u1ec7 ch\u1ea1y kh\u00f4  C\u00e0i \u0111\u1eb7t m\u00e0 kh\u00f4ng c\u1ea7n \u0111i\u1ec1u ch\u1ec9nh  K\u00edch th\u01b0\u1edbc l\u1eafp \u0111\u1eb7t nh\u1ecf nh\u1ea5t  C\u00f3 s\u1eb5n trong phi\u00ean b\u1ea3n IO-Link  [:en]&nbsp; Vibrating level switch The Type 8110 is a filling level switch for liquids, using a tuning fork as the sensor element. It is designed for industrial use in all areas of process technology and can be used in liquids. Typical applications are overfill or dry run protection. The small tuning fork (40 mm in length) can be used in vessels, tanks and tubes. Due to the simple and rugged measuring system, the 8110 is virtually unaffected by the chemical and physical features of the liquid. It works even under unfavourable measurement conditions such as turbulence, air bubbles, foam generation (not suitable for measuring the foam thickness itself), adhesions, strong external vibrations or varying filling materials. The digital interface IO-Link allows bidirectional data transfer with any IO-Link Master. Data access is done by using the available standardized IODD. IO-Link is in accordance to the specification version 1.0.    For universal applications such as limit level detection or dry run protection system  Installation without adjustment  Smallest installation dimensions  Available in IO-Link version  [:]\" \/>\n<meta property=\"og:url\" content=\"https:\/\/newskyvn.com\/product\/type-8110\/\" \/>\n<meta property=\"og:site_name\" content=\"NEW SKY CO.,LTD\" \/>\n<meta property=\"article:modified_time\" content=\"2024-09-15T12:48:34+00:00\" \/>\n<meta property=\"og:image\" content=\"https:\/\/newskyvn.com\/wp-content\/uploads\/2021\/09\/Type-8110.jpg\" \/>\n\t<meta property=\"og:image:width\" content=\"500\" \/>\n\t<meta property=\"og:image:height\" content=\"500\" \/>\n<meta name=\"twitter:card\" content=\"summary_large_image\" \/>\n<script type=\"application\/ld+json\" class=\"yoast-schema-graph\">{\"@context\":\"https:\/\/schema.org\",\"@graph\":[{\"@type\":\"WebSite\",\"@id\":\"https:\/\/newskyvn.com\/#website\",\"url\":\"https:\/\/newskyvn.com\/\",\"name\":\"NEW SKY CO.,LTD\",\"description\":\"C\\u00f4ng Ty TNHH S\\u1ea3n Xu\\u1ea5t Th\\u01b0\\u01a1ng M\\u1ea1i D\\u1ecbch V\\u1ee5 T\\u00e2n Thi\\u00ean\",\"potentialAction\":[{\"@type\":\"SearchAction\",\"target\":{\"@type\":\"EntryPoint\",\"urlTemplate\":\"https:\/\/newskyvn.com\/?s={search_term_string}\"},\"query-input\":\"required name=search_term_string\"}],\"inLanguage\":\"en-US\"},{\"@type\":\"ImageObject\",\"@id\":\"https:\/\/newskyvn.com\/product\/type-8110\/#primaryimage\",\"inLanguage\":\"en-US\",\"url\":\"https:\/\/newskyvn.com\/wp-content\/uploads\/2021\/09\/Type-8110.jpg\",\"contentUrl\":\"https:\/\/newskyvn.com\/wp-content\/uploads\/2021\/09\/Type-8110.jpg\",\"width\":500,\"height\":500},{\"@type\":\"WebPage\",\"@id\":\"https:\/\/newskyvn.com\/product\/type-8110\/#webpage\",\"url\":\"https:\/\/newskyvn.com\/product\/type-8110\/\",\"name\":\"Type 8110 - NEW SKY CO.,LTD\",\"isPartOf\":{\"@id\":\"https:\/\/newskyvn.com\/#website\"},\"primaryImageOfPage\":{\"@id\":\"https:\/\/newskyvn.com\/product\/type-8110\/#primaryimage\"},\"datePublished\":\"2021-09-30T08:38:29+00:00\",\"dateModified\":\"2024-09-15T12:48:34+00:00\",\"breadcrumb\":{\"@id\":\"https:\/\/newskyvn.com\/product\/type-8110\/#breadcrumb\"},\"inLanguage\":\"en-US\",\"potentialAction\":[{\"@type\":\"ReadAction\",\"target\":[\"https:\/\/newskyvn.com\/product\/type-8110\/\"]}]},{\"@type\":\"BreadcrumbList\",\"@id\":\"https:\/\/newskyvn.com\/product\/type-8110\/#breadcrumb\",\"itemListElement\":[{\"@type\":\"ListItem\",\"position\":1,\"name\":\"Product\",\"item\":\"https:\/\/newskyvn.com\/en\/san-pham\/\"},{\"@type\":\"ListItem\",\"position\":2,\"name\":\"Type 8110\"}]}]}<\/script>\n<!-- \/ Yoast SEO plugin. -->","_links":{"self":[{"href":"https:\/\/newskyvn.com\/en\/wp-json\/wp\/v2\/product\/2032"}],"collection":[{"href":"https:\/\/newskyvn.com\/en\/wp-json\/wp\/v2\/product"}],"about":[{"href":"https:\/\/newskyvn.com\/en\/wp-json\/wp\/v2\/types\/product"}],"replies":[{"embeddable":true,"href":"https:\/\/newskyvn.com\/en\/wp-json\/wp\/v2\/comments?post=2032"}],"wp:featuredmedia":[{"embeddable":true,"href":"https:\/\/newskyvn.com\/en\/wp-json\/wp\/v2\/media\/2034"}],"wp:attachment":[{"href":"https:\/\/newskyvn.com\/en\/wp-json\/wp\/v2\/media?parent=2032"}],"wp:term":[{"taxonomy":"product_cat","embeddable":true,"href":"https:\/\/newskyvn.com\/en\/wp-json\/wp\/v2\/product_cat?post=2032"},{"taxonomy":"product_tag","embeddable":true,"href":"https:\/\/newskyvn.com\/en\/wp-json\/wp\/v2\/product_tag?post=2032"}],"curies":[{"name":"wp","href":"https:\/\/api.w.org\/{rel}","templated":true}]}}