{"id":2028,"date":"2021-09-30T08:33:28","date_gmt":"2021-09-30T08:33:28","guid":{"rendered":"https:\/\/newskyvn.com\/?post_type=product&#038;p=2028"},"modified":"2025-10-03T06:38:30","modified_gmt":"2025-10-03T06:38:30","slug":"type-8111","status":"publish","type":"product","link":"https:\/\/newskyvn.com\/en\/product\/type-8111\/","title":{"rendered":"Type 8111"},"content":{"rendered":"","protected":false},"excerpt":{"rendered":"<p>&nbsp;<\/p>\n<p><strong>Vibrating filling level switch<\/strong><\/p>\n<p>The Type 8111 is a filling level switch for liquids, using a tuning fork as the sensor element. It is designed for industrial use in all areas of process technology and can be used in liquids. Typical applications are overfill or dry run protection. Depending on the version, the devices are also used for monitoring or controlling filling levels in potentially explosive atmospheres, also for combustible liquids, gases, fumes or vapours. Due to the simple and rugged measuring system, the 8111 is virtually unaffected by the chemical and physical features of the liquid. It also works under unfavourable conditions such as turbulence, air bubbles, foam generation (not suitable for measuring the foam thickness itself), adhesions, strong external vibrations or varying filling materials.<\/p>\n<div class=\"copy\">\n<ul>\n<li>For universal applications such as filling level detection or dry run protection system<\/li>\n<li>Installation without adjustment<\/li>\n<li>Ideal for the food, beverage and pharmaceutical industry with a surface roughness &lt; 0.8 \u03bcm<\/li>\n<li>ATEX approvals<\/li>\n<\/ul>\n<\/div>\n","protected":false},"featured_media":2030,"comment_status":"open","ping_status":"closed","template":"","meta":[],"product_cat":[90,139],"product_tag":[],"yoast_head":"<!-- This site is optimized with the Yoast SEO plugin v16.6.1 - https:\/\/yoast.com\/wordpress\/plugins\/seo\/ -->\n<title>Type 8111 - NEW SKY CO.,LTD<\/title>\n<meta name=\"robots\" content=\"index, follow, max-snippet:-1, max-image-preview:large, max-video-preview:-1\" \/>\n<link rel=\"canonical\" href=\"https:\/\/newskyvn.com\/product\/type-8111\/\" \/>\n<meta property=\"og:locale\" content=\"en_US\" \/>\n<meta property=\"og:type\" content=\"article\" \/>\n<meta property=\"og:title\" content=\"Type 8111 - NEW SKY CO.,LTD\" \/>\n<meta property=\"og:description\" content=\"[:vi]&nbsp;  C\u1ea3m bi\u1ebfn d\u1ea1ng rung \u0111o m\u1ee9c d\u00f9ng trong chi\u1ebft r\u00f3t  Lo\u1ea1i 8111 l\u00e0 c\u00f4ng t\u1eafc m\u1ee9c chi\u1ebft r\u00f3t cho ch\u1ea5t l\u1ecfng, s\u1eed d\u1ee5ng \u00e2m thoa l\u00e0m ph\u1ea7n t\u1eed c\u1ea3m bi\u1ebfn.\u00a0N\u00f3 \u0111\u01b0\u1ee3c thi\u1ebft k\u1ebf \u0111\u1ec3 s\u1eed d\u1ee5ng trong c\u00f4ng nghi\u1ec7p trong t\u1ea5t c\u1ea3 c\u00e1c l\u0129nh v\u1ef1c c\u00f4ng ngh\u1ec7 quy tr\u00ecnh v\u00e0 c\u00f3 th\u1ec3 \u0111\u01b0\u1ee3c s\u1eed d\u1ee5ng trong ch\u1ea5t l\u1ecfng.\u00a0C\u00e1c \u1ee9ng d\u1ee5ng \u0111i\u1ec3n h\u00ecnh l\u00e0 b\u1ea3o v\u1ec7 qu\u00e1 \u0111\u1ea7y ho\u1eb7c ch\u1ea1y kh\u00f4.\u00a0T\u00f9y thu\u1ed9c v\u00e0o phi\u00ean b\u1ea3n, c\u00e1c thi\u1ebft b\u1ecb n\u00e0y c\u0169ng \u0111\u01b0\u1ee3c s\u1eed d\u1ee5ng \u0111\u1ec3 theo d\u00f5i ho\u1eb7c ki\u1ec3m so\u00e1t m\u1ee9c \u0111\u1ed9 n\u1ea1p \u0111\u1ea7y trong m\u00f4i tr\u01b0\u1eddng d\u1ec5 ch\u00e1y n\u1ed5, c\u0169ng nh\u01b0 \u0111\u1ed1i v\u1edbi ch\u1ea5t l\u1ecfng, kh\u00ed, kh\u00f3i ho\u1eb7c h\u01a1i d\u1ec5 ch\u00e1y.\u00a0Do h\u1ec7 th\u1ed1ng \u0111o l\u01b0\u1eddng \u0111\u01a1n gi\u1ea3n v\u00e0 ch\u1eafc ch\u1eafn, 8111 h\u1ea7u nh\u01b0 kh\u00f4ng b\u1ecb \u1ea3nh h\u01b0\u1edfng b\u1edfi c\u00e1c t\u00ednh n\u0103ng h\u00f3a h\u1ecdc v\u00e0 v\u1eadt l\u00fd c\u1ee7a ch\u1ea5t l\u1ecfng.\u00a0N\u00f3 c\u0169ng ho\u1ea1t \u0111\u1ed9ng trong c\u00e1c \u0111i\u1ec1u ki\u1ec7n kh\u00f4ng thu\u1eadn l\u1ee3i nh\u01b0 h\u1ed7n lo\u1ea1n, b\u1ecdt kh\u00ed, t\u1ea1o b\u1ecdt (kh\u00f4ng th\u00edch h\u1ee3p \u0111\u1ec3 \u0111o \u0111\u1ed9 d\u00e0y b\u1ecdt), k\u1ebft d\u00ednh, rung \u0111\u1ed9ng m\u1ea1nh b\u00ean ngo\u00e0i ho\u1eb7c c\u00e1c v\u1eadt li\u1ec7u l\u1ea5p \u0111\u1ea7y kh\u00e1c nhau.    \u0110\u1ed1i v\u1edbi c\u00e1c \u1ee9ng d\u1ee5ng ph\u1ed5 bi\u1ebfn nh\u01b0 ph\u00e1t hi\u1ec7n m\u1ee9c \u0111\u1ed5 \u0111\u1ea7y ho\u1eb7c h\u1ec7 th\u1ed1ng b\u1ea3o v\u1ec7 ch\u1ea1y kh\u00f4  C\u00e0i \u0111\u1eb7t m\u00e0 kh\u00f4ng c\u1ea7n \u0111i\u1ec1u ch\u1ec9nh  L\u00fd t\u01b0\u1edfng cho ng\u00e0nh th\u1ef1c ph\u1ea9m, \u0111\u1ed3 u\u1ed1ng v\u00e0 d\u01b0\u1ee3c ph\u1ea9m v\u1edbi \u0111\u1ed9 nh\u00e1m b\u1ec1 m\u1eb7t &lt;0,8 \u03bcm  Ph\u00ea duy\u1ec7t ATEX  [:en]&nbsp;  Vibrating filling level switch  The Type 8111 is a filling level switch for liquids, using a tuning fork as the sensor element. It is designed for industrial use in all areas of process technology and can be used in liquids. Typical applications are overfill or dry run protection. Depending on the version, the devices are also used for monitoring or controlling filling levels in potentially explosive atmospheres, also for combustible liquids, gases, fumes or vapours. Due to the simple and rugged measuring system, the 8111 is virtually unaffected by the chemical and physical features of the liquid. It also works under unfavourable conditions such as turbulence, air bubbles, foam generation (not suitable for measuring the foam thickness itself), adhesions, strong external vibrations or varying filling materials.    For universal applications such as filling level detection or dry run protection system  Installation without adjustment  Ideal for the food, beverage and pharmaceutical industry with a surface roughness &lt; 0.8 \u03bcm  ATEX approvals  [:]\" \/>\n<meta property=\"og:url\" content=\"https:\/\/newskyvn.com\/product\/type-8111\/\" \/>\n<meta property=\"og:site_name\" content=\"NEW SKY CO.,LTD\" \/>\n<meta property=\"article:modified_time\" content=\"2025-10-03T06:38:30+00:00\" \/>\n<meta property=\"og:image\" content=\"https:\/\/newskyvn.com\/wp-content\/uploads\/2021\/09\/Type-8111.jpg\" \/>\n\t<meta property=\"og:image:width\" content=\"500\" \/>\n\t<meta property=\"og:image:height\" content=\"500\" \/>\n<meta name=\"twitter:card\" content=\"summary_large_image\" \/>\n<script type=\"application\/ld+json\" class=\"yoast-schema-graph\">{\"@context\":\"https:\/\/schema.org\",\"@graph\":[{\"@type\":\"WebSite\",\"@id\":\"https:\/\/newskyvn.com\/#website\",\"url\":\"https:\/\/newskyvn.com\/\",\"name\":\"NEW SKY CO.,LTD\",\"description\":\"C\\u00f4ng Ty TNHH S\\u1ea3n Xu\\u1ea5t Th\\u01b0\\u01a1ng M\\u1ea1i D\\u1ecbch V\\u1ee5 T\\u00e2n Thi\\u00ean\",\"potentialAction\":[{\"@type\":\"SearchAction\",\"target\":{\"@type\":\"EntryPoint\",\"urlTemplate\":\"https:\/\/newskyvn.com\/?s={search_term_string}\"},\"query-input\":\"required name=search_term_string\"}],\"inLanguage\":\"en-US\"},{\"@type\":\"ImageObject\",\"@id\":\"https:\/\/newskyvn.com\/product\/type-8111\/#primaryimage\",\"inLanguage\":\"en-US\",\"url\":\"https:\/\/newskyvn.com\/wp-content\/uploads\/2021\/09\/Type-8111.jpg\",\"contentUrl\":\"https:\/\/newskyvn.com\/wp-content\/uploads\/2021\/09\/Type-8111.jpg\",\"width\":500,\"height\":500},{\"@type\":\"WebPage\",\"@id\":\"https:\/\/newskyvn.com\/product\/type-8111\/#webpage\",\"url\":\"https:\/\/newskyvn.com\/product\/type-8111\/\",\"name\":\"Type 8111 - NEW SKY CO.,LTD\",\"isPartOf\":{\"@id\":\"https:\/\/newskyvn.com\/#website\"},\"primaryImageOfPage\":{\"@id\":\"https:\/\/newskyvn.com\/product\/type-8111\/#primaryimage\"},\"datePublished\":\"2021-09-30T08:33:28+00:00\",\"dateModified\":\"2025-10-03T06:38:30+00:00\",\"breadcrumb\":{\"@id\":\"https:\/\/newskyvn.com\/product\/type-8111\/#breadcrumb\"},\"inLanguage\":\"en-US\",\"potentialAction\":[{\"@type\":\"ReadAction\",\"target\":[\"https:\/\/newskyvn.com\/product\/type-8111\/\"]}]},{\"@type\":\"BreadcrumbList\",\"@id\":\"https:\/\/newskyvn.com\/product\/type-8111\/#breadcrumb\",\"itemListElement\":[{\"@type\":\"ListItem\",\"position\":1,\"name\":\"Product\",\"item\":\"https:\/\/newskyvn.com\/en\/san-pham\/\"},{\"@type\":\"ListItem\",\"position\":2,\"name\":\"Type 8111\"}]}]}<\/script>\n<!-- \/ Yoast SEO plugin. -->","_links":{"self":[{"href":"https:\/\/newskyvn.com\/en\/wp-json\/wp\/v2\/product\/2028"}],"collection":[{"href":"https:\/\/newskyvn.com\/en\/wp-json\/wp\/v2\/product"}],"about":[{"href":"https:\/\/newskyvn.com\/en\/wp-json\/wp\/v2\/types\/product"}],"replies":[{"embeddable":true,"href":"https:\/\/newskyvn.com\/en\/wp-json\/wp\/v2\/comments?post=2028"}],"wp:featuredmedia":[{"embeddable":true,"href":"https:\/\/newskyvn.com\/en\/wp-json\/wp\/v2\/media\/2030"}],"wp:attachment":[{"href":"https:\/\/newskyvn.com\/en\/wp-json\/wp\/v2\/media?parent=2028"}],"wp:term":[{"taxonomy":"product_cat","embeddable":true,"href":"https:\/\/newskyvn.com\/en\/wp-json\/wp\/v2\/product_cat?post=2028"},{"taxonomy":"product_tag","embeddable":true,"href":"https:\/\/newskyvn.com\/en\/wp-json\/wp\/v2\/product_tag?post=2028"}],"curies":[{"name":"wp","href":"https:\/\/api.w.org\/{rel}","templated":true}]}}