{"id":2022,"date":"2021-09-30T08:16:55","date_gmt":"2021-09-30T08:16:55","guid":{"rendered":"https:\/\/newskyvn.com\/?post_type=product&#038;p=2022"},"modified":"2025-10-10T13:19:06","modified_gmt":"2025-10-10T13:19:06","slug":"type-8177","status":"publish","type":"product","link":"https:\/\/newskyvn.com\/en\/product\/type-8177\/","title":{"rendered":"Type 8177"},"content":{"rendered":"","protected":false},"excerpt":{"rendered":"<p>&nbsp;<\/p>\n<p><strong>Ultrasonic level measuring device<\/strong><\/p>\n<p>The type 8177 is a non-contact ultrasonic level measuring device, designed for continuous level measurement in open or closed vessels. The unit is suitable for liquids, but also for solids, in virtually all industries, particularly in water and waste water management.<\/p>\n<div class=\"copy\">\n<ul>\n<li>For level measurement up to 8 m<\/li>\n<li>4&#8230;20 mA\/HART &#8211; 2 wires<\/li>\n<li>Suitable for solids<\/li>\n<li>ATEX certification<\/li>\n<\/ul>\n<\/div>\n","protected":false},"featured_media":2024,"comment_status":"open","ping_status":"closed","template":"","meta":[],"product_cat":[90,139],"product_tag":[],"yoast_head":"<!-- This site is optimized with the Yoast SEO plugin v16.6.1 - https:\/\/yoast.com\/wordpress\/plugins\/seo\/ -->\n<title>Type 8177 - NEW SKY CO.,LTD<\/title>\n<meta name=\"robots\" content=\"index, follow, max-snippet:-1, max-image-preview:large, max-video-preview:-1\" \/>\n<link rel=\"canonical\" href=\"https:\/\/newskyvn.com\/product\/type-8177\/\" \/>\n<meta property=\"og:locale\" content=\"en_US\" \/>\n<meta property=\"og:type\" content=\"article\" \/>\n<meta property=\"og:title\" content=\"Type 8177 - NEW SKY CO.,LTD\" \/>\n<meta property=\"og:description\" content=\"[:vi]&nbsp;  Thi\u1ebft b\u1ecb \u0111o m\u1ee9c b\u1eb1ng s\u00f3ng si\u00eau \u00e2m  Lo\u1ea1i 8177 l\u00e0 thi\u1ebft b\u1ecb \u0111o m\u1ee9c si\u00eau \u00e2m kh\u00f4ng ti\u1ebfp x\u00fac, \u0111\u01b0\u1ee3c thi\u1ebft k\u1ebf \u0111\u1ec3 \u0111o m\u1ee9c li\u00ean t\u1ee5c trong c\u00e1c b\u00ecnh h\u1edf ho\u1eb7c \u0111\u00f3ng.\u00a0Thi\u1ebft b\u1ecb n\u00e0y th\u00edch h\u1ee3p cho ch\u1ea5t l\u1ecfng, nh\u01b0ng c\u0169ng cho ch\u1ea5t r\u1eafn, trong h\u1ea7u h\u1ebft c\u00e1c ng\u00e0nh c\u00f4ng nghi\u1ec7p, \u0111\u1eb7c bi\u1ec7t l\u00e0 trong qu\u1ea3n l\u00fd n\u01b0\u1edbc v\u00e0 n\u01b0\u1edbc th\u1ea3i.    \u0110\u1ec3 \u0111o m\u1ee9c l\u00ean \u0111\u1ebfn 8 m  4 ... 20 mA \/ HART - 2 d\u00e2y  Th\u00edch h\u1ee3p cho ch\u1ea5t r\u1eafn  Ch\u1ee9ng nh\u1eadn ATEX  [:en]&nbsp;  Ultrasonic level measuring device  The type 8177 is a non-contact ultrasonic level measuring device, designed for continuous level measurement in open or closed vessels. The unit is suitable for liquids, but also for solids, in virtually all industries, particularly in water and waste water management.    For level measurement up to 8 m  4...20 mA\/HART - 2 wires  Suitable for solids  ATEX certification  [:]\" \/>\n<meta property=\"og:url\" content=\"https:\/\/newskyvn.com\/product\/type-8177\/\" \/>\n<meta property=\"og:site_name\" content=\"NEW SKY CO.,LTD\" \/>\n<meta property=\"article:modified_time\" content=\"2025-10-10T13:19:06+00:00\" \/>\n<meta property=\"og:image\" content=\"https:\/\/newskyvn.com\/wp-content\/uploads\/2021\/09\/Type-8177.jpg\" \/>\n\t<meta property=\"og:image:width\" content=\"500\" \/>\n\t<meta property=\"og:image:height\" content=\"500\" \/>\n<meta name=\"twitter:card\" content=\"summary_large_image\" \/>\n<script type=\"application\/ld+json\" class=\"yoast-schema-graph\">{\"@context\":\"https:\/\/schema.org\",\"@graph\":[{\"@type\":\"WebSite\",\"@id\":\"https:\/\/newskyvn.com\/#website\",\"url\":\"https:\/\/newskyvn.com\/\",\"name\":\"NEW SKY CO.,LTD\",\"description\":\"C\\u00f4ng Ty TNHH S\\u1ea3n Xu\\u1ea5t Th\\u01b0\\u01a1ng M\\u1ea1i D\\u1ecbch V\\u1ee5 T\\u00e2n Thi\\u00ean\",\"potentialAction\":[{\"@type\":\"SearchAction\",\"target\":{\"@type\":\"EntryPoint\",\"urlTemplate\":\"https:\/\/newskyvn.com\/?s={search_term_string}\"},\"query-input\":\"required name=search_term_string\"}],\"inLanguage\":\"en-US\"},{\"@type\":\"ImageObject\",\"@id\":\"https:\/\/newskyvn.com\/product\/type-8177\/#primaryimage\",\"inLanguage\":\"en-US\",\"url\":\"https:\/\/newskyvn.com\/wp-content\/uploads\/2021\/09\/Type-8177.jpg\",\"contentUrl\":\"https:\/\/newskyvn.com\/wp-content\/uploads\/2021\/09\/Type-8177.jpg\",\"width\":500,\"height\":500},{\"@type\":\"WebPage\",\"@id\":\"https:\/\/newskyvn.com\/product\/type-8177\/#webpage\",\"url\":\"https:\/\/newskyvn.com\/product\/type-8177\/\",\"name\":\"Type 8177 - NEW SKY CO.,LTD\",\"isPartOf\":{\"@id\":\"https:\/\/newskyvn.com\/#website\"},\"primaryImageOfPage\":{\"@id\":\"https:\/\/newskyvn.com\/product\/type-8177\/#primaryimage\"},\"datePublished\":\"2021-09-30T08:16:55+00:00\",\"dateModified\":\"2025-10-10T13:19:06+00:00\",\"breadcrumb\":{\"@id\":\"https:\/\/newskyvn.com\/product\/type-8177\/#breadcrumb\"},\"inLanguage\":\"en-US\",\"potentialAction\":[{\"@type\":\"ReadAction\",\"target\":[\"https:\/\/newskyvn.com\/product\/type-8177\/\"]}]},{\"@type\":\"BreadcrumbList\",\"@id\":\"https:\/\/newskyvn.com\/product\/type-8177\/#breadcrumb\",\"itemListElement\":[{\"@type\":\"ListItem\",\"position\":1,\"name\":\"Product\",\"item\":\"https:\/\/newskyvn.com\/en\/san-pham\/\"},{\"@type\":\"ListItem\",\"position\":2,\"name\":\"Type 8177\"}]}]}<\/script>\n<!-- \/ Yoast SEO plugin. -->","_links":{"self":[{"href":"https:\/\/newskyvn.com\/en\/wp-json\/wp\/v2\/product\/2022"}],"collection":[{"href":"https:\/\/newskyvn.com\/en\/wp-json\/wp\/v2\/product"}],"about":[{"href":"https:\/\/newskyvn.com\/en\/wp-json\/wp\/v2\/types\/product"}],"replies":[{"embeddable":true,"href":"https:\/\/newskyvn.com\/en\/wp-json\/wp\/v2\/comments?post=2022"}],"wp:featuredmedia":[{"embeddable":true,"href":"https:\/\/newskyvn.com\/en\/wp-json\/wp\/v2\/media\/2024"}],"wp:attachment":[{"href":"https:\/\/newskyvn.com\/en\/wp-json\/wp\/v2\/media?parent=2022"}],"wp:term":[{"taxonomy":"product_cat","embeddable":true,"href":"https:\/\/newskyvn.com\/en\/wp-json\/wp\/v2\/product_cat?post=2022"},{"taxonomy":"product_tag","embeddable":true,"href":"https:\/\/newskyvn.com\/en\/wp-json\/wp\/v2\/product_tag?post=2022"}],"curies":[{"name":"wp","href":"https:\/\/api.w.org\/{rel}","templated":true}]}}