{"id":2019,"date":"2021-09-30T08:11:31","date_gmt":"2021-09-30T08:11:31","guid":{"rendered":"https:\/\/newskyvn.com\/?post_type=product&#038;p=2019"},"modified":"2021-09-30T09:12:10","modified_gmt":"2021-09-30T09:12:10","slug":"type-8189","status":"publish","type":"product","link":"https:\/\/newskyvn.com\/en\/product\/type-8189\/","title":{"rendered":"Type 8189"},"content":{"rendered":"","protected":false},"excerpt":{"rendered":"<p>&nbsp;<\/p>\n<p><strong>Level measurement device with guided radar &#8211; sanitary version<\/strong><\/p>\n<p>The Type 8189 is a level measurement device with interchangeable rod probe, designed for continuous level measurement. The unit is suitable for liquids, for industrial use in all areas of process technology. But the main application targets are in Food and Beverage (F&amp;B) and pharmaceutical tanks to the new rod in stainless steel 1.4435 with Ra &lt; 0.76\u00a0\u00b5m. For applications with corrosive liquids a PFA coated version is available. Even process conditions such as strong steam generation, density fluctuations or changes of the dielectric constant do not influence the accuracy of the measurement. Build-up or condensation on the probe or vessel wall does not influence the measurement result.<\/p>\n<div class=\"copy\">\n<ul>\n<li>Universal level measurement device for liquids<\/li>\n<li>Liquid interface measurement<\/li>\n<li>Insensitive to dust and steam<\/li>\n<li>4&#8230; 20 mA\/Hart, 2 wires<\/li>\n<li>ATEX\/IECEx certifications<\/li>\n<\/ul>\n<\/div>\n","protected":false},"featured_media":2021,"comment_status":"open","ping_status":"closed","template":"","meta":[],"product_cat":[120,90,139],"product_tag":[],"yoast_head":"<!-- This site is optimized with the Yoast SEO plugin v16.6.1 - https:\/\/yoast.com\/wordpress\/plugins\/seo\/ -->\n<title>Type 8189 - NEW SKY CO.,LTD<\/title>\n<meta name=\"robots\" content=\"index, follow, max-snippet:-1, max-image-preview:large, max-video-preview:-1\" \/>\n<link rel=\"canonical\" href=\"https:\/\/newskyvn.com\/product\/type-8189\/\" \/>\n<meta property=\"og:locale\" content=\"en_US\" \/>\n<meta property=\"og:type\" content=\"article\" \/>\n<meta property=\"og:title\" content=\"Type 8189 - NEW SKY CO.,LTD\" \/>\n<meta property=\"og:description\" content=\"[:vi]&nbsp;  Thi\u1ebft b\u1ecb \u0111o m\u1ee9c c\u00f3 radar d\u1eabn \u0111\u01b0\u1eddng - phi\u00ean b\u1ea3n cho ph\u00f2ng s\u1ea1ch  Ki\u1ec3u 8189 l\u00e0 thi\u1ebft b\u1ecb \u0111o m\u1ee9c v\u1edbi \u0111\u1ea7u d\u00f2 que c\u00f3 th\u1ec3 ho\u00e1n \u0111\u1ed5i cho nhau, \u0111\u01b0\u1ee3c thi\u1ebft k\u1ebf \u0111\u1ec3 \u0111o m\u1ee9c li\u00ean t\u1ee5c.\u00a0Thi\u1ebft b\u1ecb th\u00edch h\u1ee3p cho ch\u1ea5t l\u1ecfng, s\u1eed d\u1ee5ng trong c\u00f4ng nghi\u1ec7p trong t\u1ea5t c\u1ea3 c\u00e1c l\u0129nh v\u1ef1c c\u00f4ng ngh\u1ec7 quy tr\u00ecnh.\u00a0Nh\u01b0ng c\u00e1c m\u1ee5c ti\u00eau \u1ee9ng d\u1ee5ng ch\u00ednh l\u00e0 trong c\u00e1c b\u1ec3 ch\u1ee9a th\u1ef1c ph\u1ea9m v\u00e0 \u0111\u1ed3 u\u1ed1ng (F &amp; B) v\u00e0 d\u01b0\u1ee3c ph\u1ea9m \u0111\u1ebfn thanh m\u1edbi b\u1eb1ng th\u00e9p kh\u00f4ng g\u1ec9 1.4435 v\u1edbi Ra &lt;0,76 \u00b5m.\u00a0\u0110\u1ed1i v\u1edbi c\u00e1c \u1ee9ng d\u1ee5ng c\u00f3 ch\u1ea5t l\u1ecfng \u0103n m\u00f2n, c\u00f3 s\u1eb5n phi\u00ean b\u1ea3n ph\u1ee7 PFA.\u00a0Ngay c\u1ea3 c\u00e1c \u0111i\u1ec1u ki\u1ec7n c\u1ee7a qu\u00e1 tr\u00ecnh nh\u01b0 sinh h\u01a1i n\u01b0\u1edbc m\u1ea1nh, s\u1ef1 dao \u0111\u1ed9ng m\u1eadt \u0111\u1ed9 ho\u1eb7c s\u1ef1 thay \u0111\u1ed5i c\u1ee7a h\u1eb1ng s\u1ed1 \u0111i\u1ec7n m\u00f4i c\u0169ng kh\u00f4ng \u1ea3nh h\u01b0\u1edfng \u0111\u1ebfn \u0111\u1ed9 ch\u00ednh x\u00e1c c\u1ee7a ph\u00e9p \u0111o.\u00a0Vi\u1ec7c t\u00edch t\u1ee5 ho\u1eb7c ng\u01b0ng t\u1ee5 tr\u00ean \u0111\u1ea7u d\u00f2 ho\u1eb7c th\u00e0nh b\u00ecnh kh\u00f4ng \u1ea3nh h\u01b0\u1edfng \u0111\u1ebfn k\u1ebft qu\u1ea3 \u0111o.    Thi\u1ebft b\u1ecb \u0111o m\u1ee9c ph\u1ed5 qu\u00e1t cho ch\u1ea5t l\u1ecfng  \u0110o giao di\u1ec7n ch\u1ea5t l\u1ecfng  Kh\u00f4ng nh\u1ea1y c\u1ea3m v\u1edbi b\u1ee5i v\u00e0 h\u01a1i n\u01b0\u1edbc  4 ... 20 mA \/ Hart, 2 d\u00e2y  Ch\u1ee9ng nh\u1eadn ATEX \/ IECEx  [:en]&nbsp;  Level measurement device with guided radar - sanitary version  The Type 8189 is a level measurement device with interchangeable rod probe, designed for continuous level measurement. The unit is suitable for liquids, for industrial use in all areas of process technology. But the main application targets are in Food and Beverage (F&amp;B) and pharmaceutical tanks to the new rod in stainless steel 1.4435 with Ra &lt; 0.76\u00a0\u00b5m. For applications with corrosive liquids a PFA coated version is available. Even process conditions such as strong steam generation, density fluctuations or changes of the dielectric constant do not influence the accuracy of the measurement. Build-up or condensation on the probe or vessel wall does not influence the measurement result.    Universal level measurement device for liquids  Liquid interface measurement  Insensitive to dust and steam  4... 20 mA\/Hart, 2 wires  ATEX\/IECEx certifications  [:]\" \/>\n<meta property=\"og:url\" content=\"https:\/\/newskyvn.com\/product\/type-8189\/\" \/>\n<meta property=\"og:site_name\" content=\"NEW SKY CO.,LTD\" \/>\n<meta property=\"article:modified_time\" content=\"2021-09-30T09:12:10+00:00\" \/>\n<meta property=\"og:image\" content=\"https:\/\/newskyvn.com\/wp-content\/uploads\/2021\/09\/Type-8189.jpg\" \/>\n\t<meta property=\"og:image:width\" content=\"500\" \/>\n\t<meta property=\"og:image:height\" content=\"500\" \/>\n<meta name=\"twitter:card\" content=\"summary_large_image\" \/>\n<script type=\"application\/ld+json\" class=\"yoast-schema-graph\">{\"@context\":\"https:\/\/schema.org\",\"@graph\":[{\"@type\":\"WebSite\",\"@id\":\"https:\/\/newskyvn.com\/#website\",\"url\":\"https:\/\/newskyvn.com\/\",\"name\":\"NEW SKY CO.,LTD\",\"description\":\"C\\u00f4ng Ty TNHH S\\u1ea3n Xu\\u1ea5t Th\\u01b0\\u01a1ng M\\u1ea1i D\\u1ecbch V\\u1ee5 T\\u00e2n Thi\\u00ean\",\"potentialAction\":[{\"@type\":\"SearchAction\",\"target\":{\"@type\":\"EntryPoint\",\"urlTemplate\":\"https:\/\/newskyvn.com\/?s={search_term_string}\"},\"query-input\":\"required name=search_term_string\"}],\"inLanguage\":\"en-US\"},{\"@type\":\"ImageObject\",\"@id\":\"https:\/\/newskyvn.com\/product\/type-8189\/#primaryimage\",\"inLanguage\":\"en-US\",\"url\":\"https:\/\/newskyvn.com\/wp-content\/uploads\/2021\/09\/Type-8189.jpg\",\"contentUrl\":\"https:\/\/newskyvn.com\/wp-content\/uploads\/2021\/09\/Type-8189.jpg\",\"width\":500,\"height\":500},{\"@type\":\"WebPage\",\"@id\":\"https:\/\/newskyvn.com\/product\/type-8189\/#webpage\",\"url\":\"https:\/\/newskyvn.com\/product\/type-8189\/\",\"name\":\"Type 8189 - NEW SKY CO.,LTD\",\"isPartOf\":{\"@id\":\"https:\/\/newskyvn.com\/#website\"},\"primaryImageOfPage\":{\"@id\":\"https:\/\/newskyvn.com\/product\/type-8189\/#primaryimage\"},\"datePublished\":\"2021-09-30T08:11:31+00:00\",\"dateModified\":\"2021-09-30T09:12:10+00:00\",\"breadcrumb\":{\"@id\":\"https:\/\/newskyvn.com\/product\/type-8189\/#breadcrumb\"},\"inLanguage\":\"en-US\",\"potentialAction\":[{\"@type\":\"ReadAction\",\"target\":[\"https:\/\/newskyvn.com\/product\/type-8189\/\"]}]},{\"@type\":\"BreadcrumbList\",\"@id\":\"https:\/\/newskyvn.com\/product\/type-8189\/#breadcrumb\",\"itemListElement\":[{\"@type\":\"ListItem\",\"position\":1,\"name\":\"Product\",\"item\":\"https:\/\/newskyvn.com\/en\/san-pham\/\"},{\"@type\":\"ListItem\",\"position\":2,\"name\":\"Type 8189\"}]}]}<\/script>\n<!-- \/ Yoast SEO plugin. -->","_links":{"self":[{"href":"https:\/\/newskyvn.com\/en\/wp-json\/wp\/v2\/product\/2019"}],"collection":[{"href":"https:\/\/newskyvn.com\/en\/wp-json\/wp\/v2\/product"}],"about":[{"href":"https:\/\/newskyvn.com\/en\/wp-json\/wp\/v2\/types\/product"}],"replies":[{"embeddable":true,"href":"https:\/\/newskyvn.com\/en\/wp-json\/wp\/v2\/comments?post=2019"}],"wp:featuredmedia":[{"embeddable":true,"href":"https:\/\/newskyvn.com\/en\/wp-json\/wp\/v2\/media\/2021"}],"wp:attachment":[{"href":"https:\/\/newskyvn.com\/en\/wp-json\/wp\/v2\/media?parent=2019"}],"wp:term":[{"taxonomy":"product_cat","embeddable":true,"href":"https:\/\/newskyvn.com\/en\/wp-json\/wp\/v2\/product_cat?post=2019"},{"taxonomy":"product_tag","embeddable":true,"href":"https:\/\/newskyvn.com\/en\/wp-json\/wp\/v2\/product_tag?post=2019"}],"curies":[{"name":"wp","href":"https:\/\/api.w.org\/{rel}","templated":true}]}}