{"id":2010,"date":"2021-09-30T07:52:19","date_gmt":"2021-09-30T07:52:19","guid":{"rendered":"https:\/\/newskyvn.com\/?post_type=product&#038;p=2010"},"modified":"2021-09-30T09:14:00","modified_gmt":"2021-09-30T09:14:00","slug":"type-8136","status":"publish","type":"product","link":"https:\/\/newskyvn.com\/en\/product\/type-8136\/","title":{"rendered":"Type 8136"},"content":{"rendered":"","protected":false},"excerpt":{"rendered":"<p>&nbsp;<\/p>\n<p><strong>Radar level meter for aggressive media<\/strong><\/p>\n<p>Type 8136 is a non-contact radar level meter for continuous level measurement. The unit is available in two variants: \u25cf with encapsulated horn antenna. Particularly suitable for the level measurement of aggressive liquids in small vessels. \u25cf with plastic horn antenna. Particularly suitable for flow measurement in open flumes or gauge measurement in waters.<\/p>\n<div class=\"copy\">\n<ul>\n<li>For level measurement up to 20\u00a0m<\/li>\n<li>4\u202620\u00a0mA\/Hart, 2 wires<\/li>\n<li>Adjustable with display\/configuration module or PC<\/li>\n<li>ATEX approvals<\/li>\n<li>Insensitive to variations of temperature, pressure, medium data of the product and gas layers<\/li>\n<\/ul>\n<\/div>\n","protected":false},"featured_media":2012,"comment_status":"open","ping_status":"closed","template":"","meta":[],"product_cat":[120,90,139],"product_tag":[],"yoast_head":"<!-- This site is optimized with the Yoast SEO plugin v16.6.1 - https:\/\/yoast.com\/wordpress\/plugins\/seo\/ -->\n<title>Type 8136 - NEW SKY CO.,LTD<\/title>\n<meta name=\"robots\" content=\"index, follow, max-snippet:-1, max-image-preview:large, max-video-preview:-1\" \/>\n<link rel=\"canonical\" href=\"https:\/\/newskyvn.com\/product\/type-8136\/\" \/>\n<meta property=\"og:locale\" content=\"en_US\" \/>\n<meta property=\"og:type\" content=\"article\" \/>\n<meta property=\"og:title\" content=\"Type 8136 - NEW SKY CO.,LTD\" \/>\n<meta property=\"og:description\" content=\"[:vi]&nbsp;  Thi\u1ebft b\u1ecb \u0111o m\u1ee9c b\u1eb1ng s\u00f3ng radar cho \u0111\u1ed1i t\u01b0\u1ee3ng c\u00f3 \u0111\u1ed9 ho\u1ea1t t\u00ednh cao.  Ki\u1ec3u 8136 l\u00e0 m\u00e1y \u0111o m\u1ee9c radar kh\u00f4ng ti\u1ebfp x\u00fac \u0111\u1ec3 \u0111o m\u1ee9c li\u00ean t\u1ee5c.\u00a0Thi\u1ebft b\u1ecb n\u00e0y c\u00f3 s\u1eb5n trong hai bi\u1ebfn th\u1ec3:   \u25cf v\u1edbi \u0103ng-ten c\u00f2i \u0111\u01b0\u1ee3c \u0111\u00f3ng g\u00f3i.\u00a0\u0110\u1eb7c bi\u1ec7t th\u00edch h\u1ee3p \u0111\u1ec3 \u0111o m\u1ee9c ch\u1ea5t l\u1ecfng x\u00e2m th\u1ef1c trong c\u00e1c b\u00ecnh nh\u1ecf.\u00a0  \u25cf v\u1edbi \u0103ng-ten s\u1eebng nh\u1ef1a.\u00a0\u0110\u1eb7c bi\u1ec7t th\u00edch h\u1ee3p \u0111\u1ec3 \u0111o l\u01b0u l\u01b0\u1ee3ng \u1edf v\u00f9ng c\u00f3 kh\u00f3i h\u1edf ho\u1eb7c \u0111o b\u1eb1ng \u0111\u1ed3ng h\u1ed3 trong v\u00f9ng n\u01b0\u1edbc.    \u0110\u1ec3 \u0111o m\u1ee9c l\u00ean \u0111\u1ebfn 20 m  4\u2026 20 mA \/ Hart, 2 d\u00e2y  C\u00f3 th\u1ec3 \u0111i\u1ec1u ch\u1ec9nh b\u1eb1ng m\u00f4-\u0111un hi\u1ec3n th\u1ecb \/ c\u1ea5u h\u00ecnh ho\u1eb7c PC  Ph\u00ea duy\u1ec7t ATEX  Kh\u00f4ng nh\u1ea1y c\u1ea3m v\u1edbi s\u1ef1 thay \u0111\u1ed5i c\u1ee7a nhi\u1ec7t \u0111\u1ed9, \u00e1p su\u1ea5t, d\u1eef li\u1ec7u trung b\u00ecnh c\u1ee7a s\u1ea3n ph\u1ea9m v\u00e0 c\u00e1c l\u1edbp kh\u00ed  [:en]&nbsp;  Radar level meter for aggressive media  Type 8136 is a non-contact radar level meter for continuous level measurement. The unit is available in two variants: \u25cf with encapsulated horn antenna. Particularly suitable for the level measurement of aggressive liquids in small vessels. \u25cf with plastic horn antenna. Particularly suitable for flow measurement in open flumes or gauge measurement in waters.    For level measurement up to 20\u00a0m  4\u202620\u00a0mA\/Hart, 2 wires  Adjustable with display\/configuration module or PC  ATEX approvals  Insensitive to variations of temperature, pressure, medium data of the product and gas layers  [:]\" \/>\n<meta property=\"og:url\" content=\"https:\/\/newskyvn.com\/product\/type-8136\/\" \/>\n<meta property=\"og:site_name\" content=\"NEW SKY CO.,LTD\" \/>\n<meta property=\"article:modified_time\" content=\"2021-09-30T09:14:00+00:00\" \/>\n<meta property=\"og:image\" content=\"https:\/\/newskyvn.com\/wp-content\/uploads\/2021\/09\/Type-8136-01.jpg\" \/>\n\t<meta property=\"og:image:width\" content=\"500\" \/>\n\t<meta property=\"og:image:height\" content=\"500\" \/>\n<meta name=\"twitter:card\" content=\"summary_large_image\" \/>\n<script type=\"application\/ld+json\" class=\"yoast-schema-graph\">{\"@context\":\"https:\/\/schema.org\",\"@graph\":[{\"@type\":\"WebSite\",\"@id\":\"https:\/\/newskyvn.com\/#website\",\"url\":\"https:\/\/newskyvn.com\/\",\"name\":\"NEW SKY CO.,LTD\",\"description\":\"C\\u00f4ng Ty TNHH S\\u1ea3n Xu\\u1ea5t Th\\u01b0\\u01a1ng M\\u1ea1i D\\u1ecbch V\\u1ee5 T\\u00e2n Thi\\u00ean\",\"potentialAction\":[{\"@type\":\"SearchAction\",\"target\":{\"@type\":\"EntryPoint\",\"urlTemplate\":\"https:\/\/newskyvn.com\/?s={search_term_string}\"},\"query-input\":\"required name=search_term_string\"}],\"inLanguage\":\"en-US\"},{\"@type\":\"ImageObject\",\"@id\":\"https:\/\/newskyvn.com\/product\/type-8136\/#primaryimage\",\"inLanguage\":\"en-US\",\"url\":\"https:\/\/newskyvn.com\/wp-content\/uploads\/2021\/09\/Type-8136-01.jpg\",\"contentUrl\":\"https:\/\/newskyvn.com\/wp-content\/uploads\/2021\/09\/Type-8136-01.jpg\",\"width\":500,\"height\":500},{\"@type\":\"WebPage\",\"@id\":\"https:\/\/newskyvn.com\/product\/type-8136\/#webpage\",\"url\":\"https:\/\/newskyvn.com\/product\/type-8136\/\",\"name\":\"Type 8136 - NEW SKY CO.,LTD\",\"isPartOf\":{\"@id\":\"https:\/\/newskyvn.com\/#website\"},\"primaryImageOfPage\":{\"@id\":\"https:\/\/newskyvn.com\/product\/type-8136\/#primaryimage\"},\"datePublished\":\"2021-09-30T07:52:19+00:00\",\"dateModified\":\"2021-09-30T09:14:00+00:00\",\"breadcrumb\":{\"@id\":\"https:\/\/newskyvn.com\/product\/type-8136\/#breadcrumb\"},\"inLanguage\":\"en-US\",\"potentialAction\":[{\"@type\":\"ReadAction\",\"target\":[\"https:\/\/newskyvn.com\/product\/type-8136\/\"]}]},{\"@type\":\"BreadcrumbList\",\"@id\":\"https:\/\/newskyvn.com\/product\/type-8136\/#breadcrumb\",\"itemListElement\":[{\"@type\":\"ListItem\",\"position\":1,\"name\":\"Product\",\"item\":\"https:\/\/newskyvn.com\/en\/san-pham\/\"},{\"@type\":\"ListItem\",\"position\":2,\"name\":\"Type 8136\"}]}]}<\/script>\n<!-- \/ Yoast SEO plugin. -->","_links":{"self":[{"href":"https:\/\/newskyvn.com\/en\/wp-json\/wp\/v2\/product\/2010"}],"collection":[{"href":"https:\/\/newskyvn.com\/en\/wp-json\/wp\/v2\/product"}],"about":[{"href":"https:\/\/newskyvn.com\/en\/wp-json\/wp\/v2\/types\/product"}],"replies":[{"embeddable":true,"href":"https:\/\/newskyvn.com\/en\/wp-json\/wp\/v2\/comments?post=2010"}],"wp:featuredmedia":[{"embeddable":true,"href":"https:\/\/newskyvn.com\/en\/wp-json\/wp\/v2\/media\/2012"}],"wp:attachment":[{"href":"https:\/\/newskyvn.com\/en\/wp-json\/wp\/v2\/media?parent=2010"}],"wp:term":[{"taxonomy":"product_cat","embeddable":true,"href":"https:\/\/newskyvn.com\/en\/wp-json\/wp\/v2\/product_cat?post=2010"},{"taxonomy":"product_tag","embeddable":true,"href":"https:\/\/newskyvn.com\/en\/wp-json\/wp\/v2\/product_tag?post=2010"}],"curies":[{"name":"wp","href":"https:\/\/api.w.org\/{rel}","templated":true}]}}