{"id":2006,"date":"2021-09-30T07:38:45","date_gmt":"2021-09-30T07:38:45","guid":{"rendered":"https:\/\/newskyvn.com\/?post_type=product&#038;p=2006"},"modified":"2021-11-25T08:24:43","modified_gmt":"2021-11-25T08:24:43","slug":"type-8138","status":"publish","type":"product","link":"https:\/\/newskyvn.com\/en\/product\/type-8138\/","title":{"rendered":"Type 8138"},"content":{"rendered":"","protected":false},"excerpt":{"rendered":"<p>&nbsp;<\/p>\n<p><strong>Radar level meter for hygienic applications<\/strong><\/p>\n<p>Type 8138 is a non-contact radar level meter for continuous level measurement. It is particularly suitable for use in small vessels that contain beverage liquids under hygienic process conditions.<\/p>\n<div class=\"copy\">\n<ul>\n<li>For level measurement up to 35 m<\/li>\n<li>4&#8230;20 mA\/Hart, 2 wires<\/li>\n<li>Adjustable with display\/configuration module or PC<\/li>\n<li>ATEX approvals<\/li>\n<\/ul>\n<\/div>\n","protected":false},"featured_media":2007,"comment_status":"open","ping_status":"closed","template":"","meta":[],"product_cat":[120,90,139],"product_tag":[],"yoast_head":"<!-- This site is optimized with the Yoast SEO plugin v16.6.1 - https:\/\/yoast.com\/wordpress\/plugins\/seo\/ -->\n<title>Type 8138 - NEW SKY CO.,LTD<\/title>\n<meta name=\"robots\" content=\"index, follow, max-snippet:-1, max-image-preview:large, max-video-preview:-1\" \/>\n<link rel=\"canonical\" href=\"https:\/\/newskyvn.com\/product\/type-8138\/\" \/>\n<meta property=\"og:locale\" content=\"en_US\" \/>\n<meta property=\"og:type\" content=\"article\" \/>\n<meta property=\"og:title\" content=\"Type 8138 - NEW SKY CO.,LTD\" \/>\n<meta property=\"og:description\" content=\"[:vi]&nbsp;  Thi\u1ebft b\u1ecb \u0111o m\u1ee9c b\u1eb1ng s\u00f3ng radar cho c\u00e1c \u1ee9ng d\u1ee5ng ph\u00f2ng s\u1ea1ch  Ki\u1ec3u 8138 l\u00e0 m\u00e1y \u0111o m\u1ee9c radar kh\u00f4ng ti\u1ebfp x\u00fac \u0111\u1ec3 \u0111o m\u1ee9c li\u00ean t\u1ee5c.\u00a0N\u00f3 \u0111\u1eb7c bi\u1ec7t th\u00edch h\u1ee3p \u0111\u1ec3 s\u1eed d\u1ee5ng trong c\u00e1c b\u00ecnh nh\u1ecf ch\u1ee9a ch\u1ea5t l\u1ecfng \u0111\u1ed3 u\u1ed1ng trong \u0111i\u1ec1u ki\u1ec7n quy tr\u00ecnh h\u1ee3p v\u1ec7 sinh.    \u0110\u1ec3 \u0111o m\u1ee9c l\u00ean \u0111\u1ebfn 35 m  4 ... 20 mA \/ Hart, 2 d\u00e2y  C\u00f3 th\u1ec3 \u0111i\u1ec1u ch\u1ec9nh b\u1eb1ng m\u00f4-\u0111un hi\u1ec3n th\u1ecb \/ c\u1ea5u h\u00ecnh ho\u1eb7c PC  Ph\u00ea duy\u1ec7t ATEX  [:en]&nbsp;  Radar level meter for hygienic applications  Type 8138 is a non-contact radar level meter for continuous level measurement. It is particularly suitable for use in small vessels that contain beverage liquids under hygienic process conditions.    For level measurement up to 35 m  4...20 mA\/Hart, 2 wires  Adjustable with display\/configuration module or PC  ATEX approvals  [:]\" \/>\n<meta property=\"og:url\" content=\"https:\/\/newskyvn.com\/product\/type-8138\/\" \/>\n<meta property=\"og:site_name\" content=\"NEW SKY CO.,LTD\" \/>\n<meta property=\"article:modified_time\" content=\"2021-11-25T08:24:43+00:00\" \/>\n<meta property=\"og:image\" content=\"https:\/\/newskyvn.com\/wp-content\/uploads\/2021\/09\/Type-8138-01.jpg\" \/>\n\t<meta property=\"og:image:width\" content=\"500\" \/>\n\t<meta property=\"og:image:height\" content=\"500\" \/>\n<meta name=\"twitter:card\" content=\"summary_large_image\" \/>\n<script type=\"application\/ld+json\" class=\"yoast-schema-graph\">{\"@context\":\"https:\/\/schema.org\",\"@graph\":[{\"@type\":\"WebSite\",\"@id\":\"https:\/\/newskyvn.com\/#website\",\"url\":\"https:\/\/newskyvn.com\/\",\"name\":\"NEW SKY CO.,LTD\",\"description\":\"C\\u00f4ng Ty TNHH S\\u1ea3n Xu\\u1ea5t Th\\u01b0\\u01a1ng M\\u1ea1i D\\u1ecbch V\\u1ee5 T\\u00e2n Thi\\u00ean\",\"potentialAction\":[{\"@type\":\"SearchAction\",\"target\":{\"@type\":\"EntryPoint\",\"urlTemplate\":\"https:\/\/newskyvn.com\/?s={search_term_string}\"},\"query-input\":\"required name=search_term_string\"}],\"inLanguage\":\"en-US\"},{\"@type\":\"ImageObject\",\"@id\":\"https:\/\/newskyvn.com\/product\/type-8138\/#primaryimage\",\"inLanguage\":\"en-US\",\"url\":\"https:\/\/newskyvn.com\/wp-content\/uploads\/2021\/09\/Type-8138-01.jpg\",\"contentUrl\":\"https:\/\/newskyvn.com\/wp-content\/uploads\/2021\/09\/Type-8138-01.jpg\",\"width\":500,\"height\":500},{\"@type\":\"WebPage\",\"@id\":\"https:\/\/newskyvn.com\/product\/type-8138\/#webpage\",\"url\":\"https:\/\/newskyvn.com\/product\/type-8138\/\",\"name\":\"Type 8138 - NEW SKY CO.,LTD\",\"isPartOf\":{\"@id\":\"https:\/\/newskyvn.com\/#website\"},\"primaryImageOfPage\":{\"@id\":\"https:\/\/newskyvn.com\/product\/type-8138\/#primaryimage\"},\"datePublished\":\"2021-09-30T07:38:45+00:00\",\"dateModified\":\"2021-11-25T08:24:43+00:00\",\"breadcrumb\":{\"@id\":\"https:\/\/newskyvn.com\/product\/type-8138\/#breadcrumb\"},\"inLanguage\":\"en-US\",\"potentialAction\":[{\"@type\":\"ReadAction\",\"target\":[\"https:\/\/newskyvn.com\/product\/type-8138\/\"]}]},{\"@type\":\"BreadcrumbList\",\"@id\":\"https:\/\/newskyvn.com\/product\/type-8138\/#breadcrumb\",\"itemListElement\":[{\"@type\":\"ListItem\",\"position\":1,\"name\":\"Product\",\"item\":\"https:\/\/newskyvn.com\/en\/san-pham\/\"},{\"@type\":\"ListItem\",\"position\":2,\"name\":\"Type 8138\"}]}]}<\/script>\n<!-- \/ Yoast SEO plugin. -->","_links":{"self":[{"href":"https:\/\/newskyvn.com\/en\/wp-json\/wp\/v2\/product\/2006"}],"collection":[{"href":"https:\/\/newskyvn.com\/en\/wp-json\/wp\/v2\/product"}],"about":[{"href":"https:\/\/newskyvn.com\/en\/wp-json\/wp\/v2\/types\/product"}],"replies":[{"embeddable":true,"href":"https:\/\/newskyvn.com\/en\/wp-json\/wp\/v2\/comments?post=2006"}],"wp:featuredmedia":[{"embeddable":true,"href":"https:\/\/newskyvn.com\/en\/wp-json\/wp\/v2\/media\/2007"}],"wp:attachment":[{"href":"https:\/\/newskyvn.com\/en\/wp-json\/wp\/v2\/media?parent=2006"}],"wp:term":[{"taxonomy":"product_cat","embeddable":true,"href":"https:\/\/newskyvn.com\/en\/wp-json\/wp\/v2\/product_cat?post=2006"},{"taxonomy":"product_tag","embeddable":true,"href":"https:\/\/newskyvn.com\/en\/wp-json\/wp\/v2\/product_tag?post=2006"}],"curies":[{"name":"wp","href":"https:\/\/api.w.org\/{rel}","templated":true}]}}