{"id":2000,"date":"2021-09-30T07:30:30","date_gmt":"2021-09-30T07:30:30","guid":{"rendered":"https:\/\/newskyvn.com\/?post_type=product&#038;p=2000"},"modified":"2021-09-30T09:16:02","modified_gmt":"2021-09-30T09:16:02","slug":"type-8139","status":"publish","type":"product","link":"https:\/\/newskyvn.com\/en\/product\/type-8139\/","title":{"rendered":"Type 8139"},"content":{"rendered":"","protected":false},"excerpt":{"rendered":"<p>&nbsp;<\/p>\n<p><strong>Radar level meter for liquids suitable for use in applications with aggressive fluids as well as with hygienic requirements<\/strong><\/p>\n<p>The Type 8139 is a non-contact radar level measuring device for continuous level measurement. It is available with: &#8211; integrated antenna (G- or NPT connection), especially suitable for level measurement of aggressive liquids, with special advantages for small vessels. &#8211; plastic horn antenna (with mounting bracket), especially suitable for measurements in open flumes or gauge measurement in water. &#8211; flange connection (DIN\u00a02501) with encapsulated antenna system, &#8211; clamp connection (DIN\u00a032676, ISO\u00a02852) with encapsulated antenna system for hygienic requirements. The high focus of the radar signal and the high measurement dynamics allow excellent measurement results even in small, narrow and high containers, as the risk of signal interference by installations, constructions and vessel walls is much lowered. Signal damping, e.g. due to signal running length, foam build-up, low DK values of the liquids, has a much smaller effect.<\/p>\n<div class=\"copy\">\n<ul>\n<li>Continuous level measurement up to 30\u00a0m, 4\u202620\u00a0mA, 2-wire<\/li>\n<li>Available process connections: Plastic horn antenna, thread (G, NPT \u00be and 1\u00bd ), flange (DN50, DN100), clamp (2&#8243;)<\/li>\n<li>Excellent radar signal focusing and high measurement dynamics<\/li>\n<li>Adjustable using the display\/configuration module and keys, alternatively via PC-Tool with DTM<\/li>\n<\/ul>\n<\/div>\n","protected":false},"featured_media":2002,"comment_status":"open","ping_status":"closed","template":"","meta":[],"product_cat":[120,90,139],"product_tag":[],"yoast_head":"<!-- This site is optimized with the Yoast SEO plugin v16.6.1 - https:\/\/yoast.com\/wordpress\/plugins\/seo\/ -->\n<title>Type 8139 - NEW SKY CO.,LTD<\/title>\n<meta name=\"robots\" content=\"index, follow, max-snippet:-1, max-image-preview:large, max-video-preview:-1\" \/>\n<link rel=\"canonical\" href=\"https:\/\/newskyvn.com\/product\/type-8139\/\" \/>\n<meta property=\"og:locale\" content=\"en_US\" \/>\n<meta property=\"og:type\" content=\"article\" \/>\n<meta property=\"og:title\" content=\"Type 8139 - NEW SKY CO.,LTD\" \/>\n<meta property=\"og:description\" content=\"[:vi]&nbsp;  Thi\u1ebft b\u1ecb m\u1ee9c b\u1eb1ng s\u00f3ng ra\u0111a cho ch\u1ea5t l\u1ecfng th\u00edch h\u1ee3p \u0111\u1ec3 s\u1eed d\u1ee5ng trong c\u00e1c \u1ee9ng d\u1ee5ng c\u00f3 ch\u1ea5t l\u1ecfng m\u1ea1nh c\u0169ng nh\u01b0 c\u00e1c y\u00eau c\u1ea7u trong ph\u00f2ng s\u1ea1ch.  Ki\u1ec3u 8139 l\u00e0 thi\u1ebft b\u1ecb \u0111o m\u1ee9c radar kh\u00f4ng ti\u1ebfp x\u00fac \u0111\u1ec3 \u0111o m\u1ee9c li\u00ean t\u1ee5c.\u00a0N\u00f3 c\u00f3 s\u1eb5n v\u1edbi: - \u0103ng ten t\u00edch h\u1ee3p (k\u1ebft n\u1ed1i G- ho\u1eb7c NPT), \u0111\u1eb7c bi\u1ec7t th\u00edch h\u1ee3p \u0111\u1ec3 \u0111o m\u1ee9c ch\u1ea5t l\u1ecfng x\u00e2m th\u1ef1c, v\u1edbi nh\u1eefng \u01b0u \u0111i\u1ec3m \u0111\u1eb7c bi\u1ec7t cho c\u00e1c t\u00e0u nh\u1ecf.\u00a0- \u0103ng ten s\u1eebng b\u1eb1ng nh\u1ef1a (c\u00f3 gi\u00e1 \u0111\u1ee1), \u0111\u1eb7c bi\u1ec7t th\u00edch h\u1ee3p cho c\u00e1c ph\u00e9p \u0111o trong m\u00f4i tr\u01b0\u1eddng c\u00f3 kh\u00f3i ho\u1eb7c ph\u00e9p \u0111o trong n\u01b0\u1edbc.\u00a0- k\u1ebft n\u1ed1i m\u1eb7t b\u00edch (DIN 2501) v\u1edbi h\u1ec7 th\u1ed1ng \u0103ng-ten b\u1ecdc k\u00edn, - k\u1ebft n\u1ed1i k\u1eb9p (DIN 32676, ISO 2852) v\u1edbi h\u1ec7 th\u1ed1ng \u0103ng-ten b\u1ecdc k\u00edn cho c\u00e1c y\u00eau c\u1ea7u v\u1ec7 sinh.\u00a0T\u00edn hi\u1ec7u radar t\u1eadp trung cao v\u00e0 \u0111\u1ed9ng l\u1ef1c \u0111o cao cho ph\u00e9p k\u1ebft qu\u1ea3 \u0111o tuy\u1ec7t v\u1eddi ngay c\u1ea3 trong c\u00e1c th\u00f9ng ch\u1ee9a nh\u1ecf, h\u1eb9p v\u00e0 cao, do nguy c\u01a1 nhi\u1ec5u t\u00edn hi\u1ec7u do l\u1eafp \u0111\u1eb7t, c\u00f4ng tr\u00ecnh v\u00e0 th\u00e0nh t\u00e0u gi\u1ea3m \u0111i nhi\u1ec1u.\u00a0Gi\u1ea3m t\u00edn hi\u1ec7u, v\u00ed d\u1ee5:    \u0110o m\u1ee9c li\u00ean t\u1ee5c l\u00ean \u0111\u1ebfn 30 m, 4\u2026 20 mA, 2 d\u00e2y  K\u1ebft n\u1ed1i quy tr\u00ecnh c\u00f3 s\u1eb5n: \u0102ng ten s\u1eebng nh\u1ef1a, ren (G, NPT \u00be v\u00e0 1\u00bd), m\u1eb7t b\u00edch (DN50, DN100), k\u1eb9p (2 &quot;)  Kh\u1ea3 n\u0103ng l\u1ea5y n\u00e9t t\u00edn hi\u1ec7u radar tuy\u1ec7t v\u1eddi v\u00e0 \u0111\u1ed9ng l\u1ef1c \u0111o l\u01b0\u1eddng cao  C\u00f3 th\u1ec3 \u0111i\u1ec1u ch\u1ec9nh b\u1eb1ng c\u00e1ch s\u1eed d\u1ee5ng m\u00f4-\u0111un hi\u1ec3n th\u1ecb \/ c\u1ea5u h\u00ecnh v\u00e0 c\u00e1c ph\u00edm, ho\u1eb7c th\u00f4ng qua PC-Tool v\u1edbi DTM   \u0110\u1ec3 ch\u1ecdn \u0111\u00fang s\u1ea3n ph\u1ea9m vui l\u00f2ng tham kh\u1ea3o th\u00f4ng s\u1ed1 k\u1ef9 thu\u1eadt, h\u00ecnh \u1ea3nh v\u00e0 l\u01b0u \u00fd \u0111\u1ec3 s\u1eed d\u1ee5ng \u0111\u00fang theo b\u1ea3ng th\u00f4ng s\u1ed1.[:en]&nbsp;  Radar level meter for liquids suitable for use in applications with aggressive fluids as well as with hygienic requirements  The Type 8139 is a non-contact radar level measuring device for continuous level measurement. It is available with: - integrated antenna (G- or NPT connection), especially suitable for level measurement of aggressive liquids, with special advantages for small vessels. - plastic horn antenna (with mounting bracket), especially suitable for measurements in open flumes or gauge measurement in water. - flange connection (DIN\u00a02501) with encapsulated antenna system, - clamp connection (DIN\u00a032676, ISO\u00a02852) with encapsulated antenna system for hygienic requirements. The high focus of the radar signal and the high measurement dynamics allow excellent measurement results even in small, narrow and high containers, as the risk of signal interference by installations, constructions and vessel walls is much lowered. Signal damping, e.g. due to signal running length, foam build-up, low DK values of the liquids, has a much smaller effect.    Continuous level measurement up to 30\u00a0m, 4\u202620\u00a0mA, 2-wire  Available process connections: Plastic horn antenna, thread (G, NPT \u00be and 1\u00bd ), flange (DN50, DN100), clamp (2&quot;)  Excellent radar signal focusing and high measurement dynamics  Adjustable using the display\/configuration module and keys, alternatively via PC-Tool with DTM  [:]\" \/>\n<meta property=\"og:url\" content=\"https:\/\/newskyvn.com\/product\/type-8139\/\" \/>\n<meta property=\"og:site_name\" content=\"NEW SKY CO.,LTD\" \/>\n<meta property=\"article:modified_time\" content=\"2021-09-30T09:16:02+00:00\" \/>\n<meta property=\"og:image\" content=\"https:\/\/newskyvn.com\/wp-content\/uploads\/2021\/09\/Type-8139-00.jpg\" \/>\n\t<meta property=\"og:image:width\" content=\"500\" \/>\n\t<meta property=\"og:image:height\" content=\"500\" \/>\n<meta name=\"twitter:card\" content=\"summary_large_image\" \/>\n<script type=\"application\/ld+json\" class=\"yoast-schema-graph\">{\"@context\":\"https:\/\/schema.org\",\"@graph\":[{\"@type\":\"WebSite\",\"@id\":\"https:\/\/newskyvn.com\/#website\",\"url\":\"https:\/\/newskyvn.com\/\",\"name\":\"NEW SKY CO.,LTD\",\"description\":\"C\\u00f4ng Ty TNHH S\\u1ea3n Xu\\u1ea5t Th\\u01b0\\u01a1ng M\\u1ea1i D\\u1ecbch V\\u1ee5 T\\u00e2n Thi\\u00ean\",\"potentialAction\":[{\"@type\":\"SearchAction\",\"target\":{\"@type\":\"EntryPoint\",\"urlTemplate\":\"https:\/\/newskyvn.com\/?s={search_term_string}\"},\"query-input\":\"required name=search_term_string\"}],\"inLanguage\":\"en-US\"},{\"@type\":\"ImageObject\",\"@id\":\"https:\/\/newskyvn.com\/product\/type-8139\/#primaryimage\",\"inLanguage\":\"en-US\",\"url\":\"https:\/\/newskyvn.com\/wp-content\/uploads\/2021\/09\/Type-8139-00.jpg\",\"contentUrl\":\"https:\/\/newskyvn.com\/wp-content\/uploads\/2021\/09\/Type-8139-00.jpg\",\"width\":500,\"height\":500},{\"@type\":\"WebPage\",\"@id\":\"https:\/\/newskyvn.com\/product\/type-8139\/#webpage\",\"url\":\"https:\/\/newskyvn.com\/product\/type-8139\/\",\"name\":\"Type 8139 - NEW SKY CO.,LTD\",\"isPartOf\":{\"@id\":\"https:\/\/newskyvn.com\/#website\"},\"primaryImageOfPage\":{\"@id\":\"https:\/\/newskyvn.com\/product\/type-8139\/#primaryimage\"},\"datePublished\":\"2021-09-30T07:30:30+00:00\",\"dateModified\":\"2021-09-30T09:16:02+00:00\",\"breadcrumb\":{\"@id\":\"https:\/\/newskyvn.com\/product\/type-8139\/#breadcrumb\"},\"inLanguage\":\"en-US\",\"potentialAction\":[{\"@type\":\"ReadAction\",\"target\":[\"https:\/\/newskyvn.com\/product\/type-8139\/\"]}]},{\"@type\":\"BreadcrumbList\",\"@id\":\"https:\/\/newskyvn.com\/product\/type-8139\/#breadcrumb\",\"itemListElement\":[{\"@type\":\"ListItem\",\"position\":1,\"name\":\"Product\",\"item\":\"https:\/\/newskyvn.com\/en\/san-pham\/\"},{\"@type\":\"ListItem\",\"position\":2,\"name\":\"Type 8139\"}]}]}<\/script>\n<!-- \/ Yoast SEO plugin. -->","_links":{"self":[{"href":"https:\/\/newskyvn.com\/en\/wp-json\/wp\/v2\/product\/2000"}],"collection":[{"href":"https:\/\/newskyvn.com\/en\/wp-json\/wp\/v2\/product"}],"about":[{"href":"https:\/\/newskyvn.com\/en\/wp-json\/wp\/v2\/types\/product"}],"replies":[{"embeddable":true,"href":"https:\/\/newskyvn.com\/en\/wp-json\/wp\/v2\/comments?post=2000"}],"wp:featuredmedia":[{"embeddable":true,"href":"https:\/\/newskyvn.com\/en\/wp-json\/wp\/v2\/media\/2002"}],"wp:attachment":[{"href":"https:\/\/newskyvn.com\/en\/wp-json\/wp\/v2\/media?parent=2000"}],"wp:term":[{"taxonomy":"product_cat","embeddable":true,"href":"https:\/\/newskyvn.com\/en\/wp-json\/wp\/v2\/product_cat?post=2000"},{"taxonomy":"product_tag","embeddable":true,"href":"https:\/\/newskyvn.com\/en\/wp-json\/wp\/v2\/product_tag?post=2000"}],"curies":[{"name":"wp","href":"https:\/\/api.w.org\/{rel}","templated":true}]}}