{"id":1982,"date":"2021-09-29T11:47:09","date_gmt":"2021-09-29T11:47:09","guid":{"rendered":"https:\/\/newskyvn.com\/?post_type=product&#038;p=1982"},"modified":"2021-09-29T11:47:10","modified_gmt":"2021-09-29T11:47:10","slug":"ice2-8iol-k45p-rj45","status":"publish","type":"product","link":"https:\/\/newskyvn.com\/en\/product\/ice2-8iol-k45p-rj45\/","title":{"rendered":"ICE2-8IOL-K45P-RJ45"},"content":{"rendered":"<p>&nbsp;<\/p>\n<p><span style=\"color: #0000ff;\"><strong>TECHNICAL DATA OF ICE2-8IOL-K45P-RJ45<\/strong><\/span><\/p>\n<table class=\"standard enum\">\n<tbody>\n<tr>\n<th colspan=\"2\">Product Description<\/th>\n<\/tr>\n<tr>\n<td colspan=\"3\">EtherNet\/IP IO-Link master with 8 inputs\/outputs, DIN rail, push-in connectors<\/td>\n<\/tr>\n<\/tbody>\n<\/table>\n<table class=\"standard enum\">\n<tbody>\n<tr>\n<th colspan=\"3\">General specifications<\/th>\n<\/tr>\n<tr>\n<td colspan=\"2\">UL File Number<\/td>\n<td>E360395<\/td>\n<\/tr>\n<tr>\n<th colspan=\"3\">Indicators\/operating means<\/th>\n<\/tr>\n<tr>\n<td colspan=\"2\">LED indication<\/td>\n<td>see manual<\/td>\n<\/tr>\n<tr>\n<th colspan=\"3\">Electrical specifications<\/th>\n<\/tr>\n<tr>\n<td colspan=\"2\">Rated operating voltage<\/td>\n<td>18 &#8230; 30 V DC<\/td>\n<\/tr>\n<tr>\n<td colspan=\"2\">General information<\/td>\n<td>Redundant power<\/td>\n<\/tr>\n<tr>\n<td colspan=\"2\">Nominal voltage<\/td>\n<td>24 V DC<\/td>\n<\/tr>\n<tr>\n<td colspan=\"2\">Nominal current<\/td>\n<td>3.7 A<\/td>\n<\/tr>\n<tr>\n<td colspan=\"2\">Current consumption<\/td>\n<td>typ. 155 mA<\/td>\n<\/tr>\n<tr>\n<td colspan=\"2\">Current loading capacity<\/td>\n<td>Total current 3.2 A per module<\/td>\n<\/tr>\n<tr>\n<th colspan=\"3\">Interface 1<\/th>\n<\/tr>\n<tr>\n<td colspan=\"2\">Interface type<\/td>\n<td>Industrial Ethernet<\/td>\n<\/tr>\n<tr>\n<td colspan=\"2\">Physical<\/td>\n<td>RJ45<\/td>\n<\/tr>\n<tr>\n<td colspan=\"2\">Protocol<\/td>\n<td>EtherNet\/IP + Modbus TCP + OPC UA + MQTT<br \/>\nModbus max PDI: 33 times \/ sec<br \/>\nOPC UA max PDI update rate: 20 times \/ sec<br \/>\nMQTT max PDI update rate: 10 times \/ sec<\/td>\n<\/tr>\n<tr>\n<td colspan=\"2\">Transfer rate<\/td>\n<td>10\/100\u00a0Mbps<\/td>\n<\/tr>\n<tr>\n<th colspan=\"3\">Inputs\/Outputs<\/th>\n<\/tr>\n<tr>\n<td colspan=\"2\">Number\/Type<\/td>\n<td>8 x IO-Link Class A (X1 \u2013 X8)<br \/>\nConfigurable as:<br \/>\nMax. 8 IO-Link and 8 digital inputs<br \/>\nMax. 16 digital inputs<br \/>\nMax. 8 digital inputs and 8 digital outputs<br \/>\nshort-circuit protected<\/td>\n<\/tr>\n<tr>\n<td colspan=\"2\">Sensor supply<\/td>\n<td>max. 200 mA Per port Via L+ (pin 1)<\/td>\n<\/tr>\n<tr>\n<td colspan=\"2\">Output rated operating current<\/td>\n<td>max. 200 mA Per port Via C\/Q (pin 4)<\/td>\n<\/tr>\n<tr>\n<th colspan=\"3\">Directive conformity<\/th>\n<\/tr>\n<tr>\n<td colspan=\"2\">Electromagnetic compatibility<\/td>\n<td><\/td>\n<\/tr>\n<tr>\n<td><\/td>\n<td>Directive 2014\/30\/EU<\/td>\n<td class=\"subattribute\">EN 61000-6-2 , EN 61000-6-4<\/td>\n<\/tr>\n<tr>\n<th colspan=\"3\">Standard conformity<\/th>\n<\/tr>\n<tr>\n<td colspan=\"2\">Degree of protection<\/td>\n<td>EN 60529<\/td>\n<\/tr>\n<tr>\n<td colspan=\"2\">Fieldbus standard<\/td>\n<td>Type 1 according to IEC\u00a061131-2, EN 61131-9<\/td>\n<\/tr>\n<tr>\n<td colspan=\"2\">Electrical safety<\/td>\n<td>CSA C22.2 No. 61010-1-12 \/ CSA C22.2 No. 61010-1-201<br \/>\nUL 61010-1 \/ UL 61010-1-201<\/td>\n<\/tr>\n<tr>\n<td colspan=\"2\">Emitted interference<\/td>\n<td>EN 61000-6-4, FCC Part 15 Subpart B, ICES-001, AS\/NZS CISPR 11<\/td>\n<\/tr>\n<tr>\n<td colspan=\"2\">Noise immunity<\/td>\n<td>EN 61000-6-2 , EN 61131-2 , EN 61131-9<\/td>\n<\/tr>\n<tr>\n<td colspan=\"2\">Shock resistance<\/td>\n<td>EN 60068-2-27<\/td>\n<\/tr>\n<tr>\n<th colspan=\"3\">Ambient conditions<\/th>\n<\/tr>\n<tr>\n<td colspan=\"2\">Ambient temperature<\/td>\n<td>-40 &#8230; 70 \u00b0C (-40 &#8230; 158 \u00b0F)<\/td>\n<\/tr>\n<tr>\n<td colspan=\"2\">Storage temperature<\/td>\n<td>-40 &#8230; 70 \u00b0C (-40 &#8230; 158 \u00b0F)<\/td>\n<\/tr>\n<tr>\n<td colspan=\"2\">Relative humidity<\/td>\n<td>max. 95 %<\/td>\n<\/tr>\n<tr>\n<td colspan=\"2\">Altitude<\/td>\n<td>0 &#8230; 2000 m<\/td>\n<\/tr>\n<tr>\n<td colspan=\"2\">Shock and impact resistance<\/td>\n<td>15g, 11ms, half-sine<\/td>\n<\/tr>\n<tr>\n<td colspan=\"2\">Vibration resistance<\/td>\n<td>5-8Hz, 3.5mm displacement, 8.4-150Hz, 1.0g acceleration<\/td>\n<\/tr>\n<tr>\n<th colspan=\"3\">Mechanical specifications<\/th>\n<\/tr>\n<tr>\n<td colspan=\"2\">Housing length<\/td>\n<td>114 mm<\/td>\n<\/tr>\n<tr>\n<td colspan=\"2\">Housing width<\/td>\n<td>45 mm<\/td>\n<\/tr>\n<tr>\n<td colspan=\"2\">Housing height<\/td>\n<td>118 mm<\/td>\n<\/tr>\n<tr>\n<td colspan=\"2\">Degree of protection<\/td>\n<td>IP20<\/td>\n<\/tr>\n<tr>\n<td colspan=\"2\">Connection<\/td>\n<td>Power Supply push-in connector<br \/>\nFieldbus RJ45<br \/>\nInputs\/Outputs push-in connectors<\/td>\n<\/tr>\n<tr>\n<td colspan=\"2\">Material<\/td>\n<td><\/td>\n<\/tr>\n<tr>\n<td><\/td>\n<td>Housing<\/td>\n<td class=\"subattribute\">Polyamide, UL94V-0<\/td>\n<\/tr>\n<tr>\n<td colspan=\"2\">Mass<\/td>\n<td>250 g<\/td>\n<\/tr>\n<tr>\n<td colspan=\"2\">Construction type<\/td>\n<td>Cabinet module<\/td>\n<\/tr>\n<tr>\n<td colspan=\"2\">Mounting<\/td>\n<td>DIN mounting rail<\/td>\n<\/tr>\n<\/tbody>\n<\/table>\n<p>&nbsp;<\/p>\n<h2>Classifications<\/h2>\n<table class=\"standard enum\">\n<tbody>\n<tr>\n<th>System<\/th>\n<th>Classcode<\/th>\n<\/tr>\n<tr>\n<td>ECLASS 11.0<\/td>\n<td>27242608<\/td>\n<\/tr>\n<tr>\n<td>ECLASS 10.0.1<\/td>\n<td>27242608<\/td>\n<\/tr>\n<tr>\n<td>ECLASS 9.0<\/td>\n<td>27242608<\/td>\n<\/tr>\n<tr>\n<td>ECLASS 8.0<\/td>\n<td>27242608<\/td>\n<\/tr>\n<tr>\n<td>ECLASS 5.1<\/td>\n<td>27242608<\/td>\n<\/tr>\n<tr>\n<td>ETIM 8.0<\/td>\n<td>EC001597<\/td>\n<\/tr>\n<tr>\n<td>ETIM 7.0<\/td>\n<td>EC001597<\/td>\n<\/tr>\n<tr>\n<td>ETIM 6.0<\/td>\n<td>EC001597<\/td>\n<\/tr>\n<tr>\n<td>ETIM 5.0<\/td>\n<td>EC001597<\/td>\n<\/tr>\n<tr>\n<td>UNSPSC 12.1<\/td>\n<td>32151705<\/td>\n<\/tr>\n<\/tbody>\n<\/table>\n<p><\/p>","protected":false},"excerpt":{"rendered":"<p>&nbsp;<\/p>\n<p class=\"alternative\"><strong>IO-Link master (EIP\/MOD)\u00a0<\/strong><\/p>\n<ul id=\"productfeatures\">\n<li>Web-based configuration of module and IO-Link devices<\/li>\n<li>Integrated IODD storage for more than 100 IODDs<\/li>\n<li>Downloadable module configuration<\/li>\n<li>EtherNet\/IP, Modbus\/TCP and OPC UA support<\/li>\n<li>Pluggable push-in connectors<\/li>\n<\/ul>\n","protected":false},"featured_media":1984,"comment_status":"open","ping_status":"closed","template":"","meta":[],"product_cat":[76,118],"product_tag":[],"yoast_head":"<!-- This site is optimized with the Yoast SEO plugin v16.6.1 - https:\/\/yoast.com\/wordpress\/plugins\/seo\/ -->\n<title>ICE2-8IOL-K45P-RJ45 - NEW SKY CO.,LTD<\/title>\n<meta name=\"robots\" content=\"index, follow, max-snippet:-1, max-image-preview:large, max-video-preview:-1\" \/>\n<link rel=\"canonical\" href=\"https:\/\/newskyvn.com\/product\/ice2-8iol-k45p-rj45\/\" \/>\n<meta property=\"og:locale\" content=\"en_US\" \/>\n<meta property=\"og:type\" content=\"article\" \/>\n<meta property=\"og:title\" content=\"ICE2-8IOL-K45P-RJ45 - NEW SKY CO.,LTD\" \/>\n<meta property=\"og:description\" content=\"[:vi]&nbsp; IO-Link ch\u00ednh (EIP \/ MOD)\u00a0    C\u1ea5u h\u00ecnh d\u1ef1a tr\u00ean web c\u1ee7a c\u00e1c thi\u1ebft b\u1ecb m\u00f4-\u0111un v\u00e0 IO-Link  B\u1ed9 nh\u1edb IODD t\u00edch h\u1ee3p cho h\u01a1n 100 IODD  C\u1ea5u h\u00ecnh m\u00f4-\u0111un c\u00f3 th\u1ec3 t\u1ea3i xu\u1ed1ng  H\u1ed7 tr\u1ee3 EtherNet \/ IP, Modbus \/ TCP v\u00e0 OPC UA  C\u00e1c \u0111\u1ea7u n\u1ed1i \u0111\u1ea9y v\u00e0o c\u00f3 th\u1ec3 c\u1eafm v\u00e0o [:en]&nbsp; IO-Link master (EIP\/MOD)\u00a0    Web-based configuration of module and IO-Link devices  Integrated IODD storage for more than 100 IODDs  Downloadable module configuration  EtherNet\/IP, Modbus\/TCP and OPC UA support  Pluggable push-in connectors [:]\" \/>\n<meta property=\"og:url\" content=\"https:\/\/newskyvn.com\/product\/ice2-8iol-k45p-rj45\/\" \/>\n<meta property=\"og:site_name\" content=\"NEW SKY CO.,LTD\" \/>\n<meta property=\"article:modified_time\" content=\"2021-09-29T11:47:10+00:00\" \/>\n<meta property=\"og:image\" content=\"https:\/\/newskyvn.com\/wp-content\/uploads\/2021\/09\/b251234a.png\" \/>\n\t<meta property=\"og:image:width\" content=\"455\" \/>\n\t<meta property=\"og:image:height\" content=\"500\" \/>\n<meta name=\"twitter:card\" content=\"summary_large_image\" \/>\n<meta name=\"twitter:label1\" content=\"Est. reading time\" \/>\n\t<meta name=\"twitter:data1\" content=\"2 minutes\" \/>\n<script type=\"application\/ld+json\" class=\"yoast-schema-graph\">{\"@context\":\"https:\/\/schema.org\",\"@graph\":[{\"@type\":\"WebSite\",\"@id\":\"https:\/\/newskyvn.com\/#website\",\"url\":\"https:\/\/newskyvn.com\/\",\"name\":\"NEW SKY CO.,LTD\",\"description\":\"C\\u00f4ng Ty TNHH S\\u1ea3n Xu\\u1ea5t Th\\u01b0\\u01a1ng M\\u1ea1i D\\u1ecbch V\\u1ee5 T\\u00e2n Thi\\u00ean\",\"potentialAction\":[{\"@type\":\"SearchAction\",\"target\":{\"@type\":\"EntryPoint\",\"urlTemplate\":\"https:\/\/newskyvn.com\/?s={search_term_string}\"},\"query-input\":\"required name=search_term_string\"}],\"inLanguage\":\"en-US\"},{\"@type\":\"ImageObject\",\"@id\":\"https:\/\/newskyvn.com\/product\/ice2-8iol-k45p-rj45\/#primaryimage\",\"inLanguage\":\"en-US\",\"url\":\"https:\/\/newskyvn.com\/wp-content\/uploads\/2021\/09\/b251234a.png\",\"contentUrl\":\"https:\/\/newskyvn.com\/wp-content\/uploads\/2021\/09\/b251234a.png\",\"width\":455,\"height\":500},{\"@type\":\"WebPage\",\"@id\":\"https:\/\/newskyvn.com\/product\/ice2-8iol-k45p-rj45\/#webpage\",\"url\":\"https:\/\/newskyvn.com\/product\/ice2-8iol-k45p-rj45\/\",\"name\":\"ICE2-8IOL-K45P-RJ45 - NEW SKY CO.,LTD\",\"isPartOf\":{\"@id\":\"https:\/\/newskyvn.com\/#website\"},\"primaryImageOfPage\":{\"@id\":\"https:\/\/newskyvn.com\/product\/ice2-8iol-k45p-rj45\/#primaryimage\"},\"datePublished\":\"2021-09-29T11:47:09+00:00\",\"dateModified\":\"2021-09-29T11:47:10+00:00\",\"breadcrumb\":{\"@id\":\"https:\/\/newskyvn.com\/product\/ice2-8iol-k45p-rj45\/#breadcrumb\"},\"inLanguage\":\"en-US\",\"potentialAction\":[{\"@type\":\"ReadAction\",\"target\":[\"https:\/\/newskyvn.com\/product\/ice2-8iol-k45p-rj45\/\"]}]},{\"@type\":\"BreadcrumbList\",\"@id\":\"https:\/\/newskyvn.com\/product\/ice2-8iol-k45p-rj45\/#breadcrumb\",\"itemListElement\":[{\"@type\":\"ListItem\",\"position\":1,\"name\":\"Product\",\"item\":\"https:\/\/newskyvn.com\/en\/san-pham\/\"},{\"@type\":\"ListItem\",\"position\":2,\"name\":\"ICE2-8IOL-K45P-RJ45\"}]}]}<\/script>\n<!-- \/ Yoast SEO plugin. -->","_links":{"self":[{"href":"https:\/\/newskyvn.com\/en\/wp-json\/wp\/v2\/product\/1982"}],"collection":[{"href":"https:\/\/newskyvn.com\/en\/wp-json\/wp\/v2\/product"}],"about":[{"href":"https:\/\/newskyvn.com\/en\/wp-json\/wp\/v2\/types\/product"}],"replies":[{"embeddable":true,"href":"https:\/\/newskyvn.com\/en\/wp-json\/wp\/v2\/comments?post=1982"}],"wp:featuredmedia":[{"embeddable":true,"href":"https:\/\/newskyvn.com\/en\/wp-json\/wp\/v2\/media\/1984"}],"wp:attachment":[{"href":"https:\/\/newskyvn.com\/en\/wp-json\/wp\/v2\/media?parent=1982"}],"wp:term":[{"taxonomy":"product_cat","embeddable":true,"href":"https:\/\/newskyvn.com\/en\/wp-json\/wp\/v2\/product_cat?post=1982"},{"taxonomy":"product_tag","embeddable":true,"href":"https:\/\/newskyvn.com\/en\/wp-json\/wp\/v2\/product_tag?post=1982"}],"curies":[{"name":"wp","href":"https:\/\/api.w.org\/{rel}","templated":true}]}}