{"id":1972,"date":"2021-09-29T11:20:35","date_gmt":"2021-09-29T11:20:35","guid":{"rendered":"https:\/\/newskyvn.com\/?post_type=product&#038;p=1972"},"modified":"2024-09-15T12:48:34","modified_gmt":"2024-09-15T12:48:34","slug":"vag-pb-g4f-r4","status":"publish","type":"product","link":"https:\/\/newskyvn.com\/en\/product\/vag-pb-g4f-r4\/","title":{"rendered":"VAG-PB-G4F-R4"},"content":{"rendered":"<p>&nbsp;<\/p>\n<p><span style=\"color: #0000ff;\"><strong>TECHNICAL DATA OF VAG-PB-G4F-R4<\/strong><\/span><\/p>\n<table class=\"standard enum\">\n<tbody>\n<tr>\n<th colspan=\"2\">Product Description<\/th>\n<\/tr>\n<tr>\n<td colspan=\"3\">PROFIBUS gateway IP65<\/td>\n<\/tr>\n<\/tbody>\n<\/table>\n<table class=\"standard enum\">\n<tbody>\n<tr>\n<th colspan=\"3\">General specifications<\/th>\n<\/tr>\n<tr>\n<td colspan=\"2\">AS-Interface specification<\/td>\n<td>V2.0<\/td>\n<\/tr>\n<tr>\n<td colspan=\"2\">PLC-Functionality<\/td>\n<td>integrated<\/td>\n<\/tr>\n<tr>\n<td colspan=\"2\">Diagnostics function<\/td>\n<td>integrated<\/td>\n<\/tr>\n<tr>\n<th colspan=\"3\">Functional safety related parameters<\/th>\n<\/tr>\n<tr>\n<td colspan=\"2\">MTTF<sub>d<\/sub><\/td>\n<td>140 a at 30 \u00b0C<\/td>\n<\/tr>\n<tr>\n<th colspan=\"3\">Indicators\/operating means<\/th>\n<\/tr>\n<tr>\n<td colspan=\"2\">Display<\/td>\n<td>LED display, 2 digits, for addressing and error messages<\/td>\n<\/tr>\n<tr>\n<td colspan=\"2\">LED BUS ACTIVE<\/td>\n<td>PROFIBUS master detected; LED green<\/td>\n<\/tr>\n<tr>\n<td colspan=\"2\">LED AS-i ACTIVE<\/td>\n<td>AS-Interface operation normal; LED green<\/td>\n<\/tr>\n<tr>\n<td colspan=\"2\">LED CONFIG ERR<\/td>\n<td>configuration error; LED red<\/td>\n<\/tr>\n<tr>\n<td colspan=\"2\">LED PWR<\/td>\n<td>voltage ON; LED green<\/td>\n<\/tr>\n<tr>\n<td colspan=\"2\">LED PRG ENABLE<\/td>\n<td>autom. programming; LED green<\/td>\n<\/tr>\n<tr>\n<td colspan=\"2\">LED PRG MODE<\/td>\n<td>projecting mode active; LED yellow<\/td>\n<\/tr>\n<tr>\n<td colspan=\"2\">LED U AS-i<\/td>\n<td>AS-Interface voltage; LED green<\/td>\n<\/tr>\n<tr>\n<td colspan=\"2\">Switch SET<\/td>\n<td>Selection and setting of a slave address<\/td>\n<\/tr>\n<tr>\n<td colspan=\"2\">Button MODE<\/td>\n<td>Mode selection\/save configuration<\/td>\n<\/tr>\n<tr>\n<th colspan=\"3\">Electrical specifications<\/th>\n<\/tr>\n<tr>\n<td colspan=\"2\">Insulation voltage<\/td>\n<td>\u2265 500 V<\/td>\n<\/tr>\n<tr>\n<td colspan=\"2\">Rated operating voltage<\/td>\n<td>from AS-Interface<\/td>\n<\/tr>\n<tr>\n<td colspan=\"2\">Rated operating current<\/td>\n<td>\u2264 180 mA from AS-Interface<\/td>\n<\/tr>\n<tr>\n<th colspan=\"3\">Interface<\/th>\n<\/tr>\n<tr>\n<td colspan=\"2\">Interface type<\/td>\n<td>RS-485<\/td>\n<\/tr>\n<tr>\n<td colspan=\"2\">Protocol<\/td>\n<td>PROFIBUS<\/td>\n<\/tr>\n<tr>\n<td colspan=\"2\">Transfer rate<\/td>\n<td>9.6; 19.2; 44.44; 93.95; 187.5; 500; 1500 kBit\/s self-synchronizing<\/td>\n<\/tr>\n<tr>\n<th colspan=\"3\">Connection<\/th>\n<\/tr>\n<tr>\n<td colspan=\"2\">PROFIBUS<\/td>\n<td>Cable gland M16\u00a0x\u00a01.5 and cage spring terminals<\/td>\n<\/tr>\n<tr>\n<td colspan=\"2\">AS-Interface<\/td>\n<td>cable piercing technology<\/td>\n<\/tr>\n<tr>\n<th colspan=\"3\">Directive conformity<\/th>\n<\/tr>\n<tr>\n<td colspan=\"2\">Electromagnetic compatibility<\/td>\n<td><\/td>\n<\/tr>\n<tr>\n<td><\/td>\n<td>Directive 2014\/30\/EU<\/td>\n<td class=\"subattribute\">EN\u00a062026-2:2013<\/td>\n<\/tr>\n<tr>\n<th colspan=\"3\">Standard conformity<\/th>\n<\/tr>\n<tr>\n<td colspan=\"2\">Degree of protection<\/td>\n<td>EN\u00a060529:2000<\/td>\n<\/tr>\n<tr>\n<td colspan=\"2\">AS-Interface<\/td>\n<td>EN\u00a062026-2:2013<\/td>\n<\/tr>\n<tr>\n<th colspan=\"3\">Ambient conditions<\/th>\n<\/tr>\n<tr>\n<td colspan=\"2\">Ambient temperature<\/td>\n<td>0 &#8230; 55 \u00b0C (32 &#8230; 131 \u00b0F)<\/td>\n<\/tr>\n<tr>\n<td colspan=\"2\">Storage temperature<\/td>\n<td>-25 &#8230; 85 \u00b0C (-13 &#8230; 185 \u00b0F)<\/td>\n<\/tr>\n<tr>\n<th colspan=\"3\">Mechanical specifications<\/th>\n<\/tr>\n<tr>\n<td colspan=\"2\">Degree of protection<\/td>\n<td>IP65<\/td>\n<\/tr>\n<tr>\n<td colspan=\"2\">Material<\/td>\n<td><\/td>\n<\/tr>\n<tr>\n<td><\/td>\n<td>Housing<\/td>\n<td class=\"subattribute\">PA 6 GF30<\/td>\n<\/tr>\n<tr>\n<td colspan=\"2\">Mass<\/td>\n<td>420 g<\/td>\n<\/tr>\n<tr>\n<td colspan=\"2\">Construction type<\/td>\n<td>Plastic housing with cable gland<\/td>\n<\/tr>\n<\/tbody>\n<\/table>\n<p>&nbsp;<\/p>\n<h2>Classifications<\/h2>\n<table class=\"standard enum\">\n<tbody>\n<tr>\n<th>System<\/th>\n<th>Classcode<\/th>\n<\/tr>\n<tr>\n<td>ECLASS 11.0<\/td>\n<td>27242607<\/td>\n<\/tr>\n<tr>\n<td>ECLASS 10.0.1<\/td>\n<td>27242607<\/td>\n<\/tr>\n<tr>\n<td>ECLASS 9.0<\/td>\n<td>27242607<\/td>\n<\/tr>\n<tr>\n<td>ECLASS 8.0<\/td>\n<td>27242607<\/td>\n<\/tr>\n<tr>\n<td>ECLASS 5.1<\/td>\n<td>27242607<\/td>\n<\/tr>\n<tr>\n<td>ETIM 8.0<\/td>\n<td>EC001603<\/td>\n<\/tr>\n<tr>\n<td>ETIM 7.0<\/td>\n<td>EC001603<\/td>\n<\/tr>\n<tr>\n<td>ETIM 6.0<\/td>\n<td>EC001603<\/td>\n<\/tr>\n<\/tbody>\n<\/table>\n<p><\/p>","protected":false},"excerpt":{"rendered":"<p>&nbsp;<\/p>\n<p class=\"alternative\"><strong>AS-Interface gateway VAG-PB-G4F-R4<\/strong><\/p>\n<ul id=\"productfeatures\">\n<li>AS-Interface certificate<\/li>\n<li>AS-Interface connection via flat cable and EMS standard bottom section (included delivery)<\/li>\n<li>Degree of protection IP65<\/li>\n<li>Voltage supply from AS-Interface<\/li>\n<li>Connection to PROFIBUS DP<\/li>\n<li>Commissioning, without PROFIBUS communication<\/li>\n<li>All AS-Interface functions possible via PROFIBUS<\/li>\n<li>PLC functionality<\/li>\n<li>Error diagnostics via LEDs and LC display<\/li>\n<li>Parameterization and monitor software<\/li>\n<\/ul>\n","protected":false},"featured_media":1974,"comment_status":"open","ping_status":"closed","template":"","meta":[],"product_cat":[76,116],"product_tag":[],"yoast_head":"<!-- This site is optimized with the Yoast SEO plugin v16.6.1 - https:\/\/yoast.com\/wordpress\/plugins\/seo\/ -->\n<title>VAG-PB-G4F-R4 - NEW SKY CO.,LTD<\/title>\n<meta name=\"robots\" content=\"index, follow, max-snippet:-1, max-image-preview:large, max-video-preview:-1\" \/>\n<link rel=\"canonical\" href=\"https:\/\/newskyvn.com\/product\/vag-pb-g4f-r4\/\" \/>\n<meta property=\"og:locale\" content=\"en_US\" \/>\n<meta property=\"og:type\" content=\"article\" \/>\n<meta property=\"og:title\" content=\"VAG-PB-G4F-R4 - NEW SKY CO.,LTD\" \/>\n<meta property=\"og:description\" content=\"[:vi]&nbsp;  C\u1ed5ng giao di\u1ec7n AS   Ch\u1ee9ng ch\u1ec9 giao di\u1ec7n AS  K\u1ebft n\u1ed1i AS-Interface qua c\u00e1p d\u1eb9t v\u00e0 ph\u1ea7n d\u01b0\u1edbi ti\u00eau chu\u1ea9n EMS (bao g\u1ed3m giao h\u00e0ng)  M\u1ee9c \u0111\u1ed9 b\u1ea3o v\u1ec7 IP65  Cung c\u1ea5p \u0111i\u1ec7n \u00e1p t\u1eeb AS-Interface  K\u1ebft n\u1ed1i v\u1edbi PROFIBUS DP  Ch\u1ea1y th\u1eed, kh\u00f4ng c\u00f3 giao ti\u1ebfp PROFIBUS  T\u1ea5t c\u1ea3 c\u00e1c ch\u1ee9c n\u0103ng Giao di\u1ec7n AS c\u00f3 th\u1ec3 c\u00f3 th\u00f4ng qua PROFIBUS  Ch\u1ee9c n\u0103ng PLC  Ch\u1ea9n \u0111o\u00e1n l\u1ed7i qua \u0111\u00e8n LED v\u00e0 m\u00e0n h\u00ecnh LC  Ph\u1ea7n m\u1ec1m gi\u00e1m s\u00e1t v\u00e0 tham s\u1ed1 h\u00f3a [:en]&nbsp; AS-Interface gateway VAG-PB-G4F-R4    AS-Interface certificate  AS-Interface connection via flat cable and EMS standard bottom section (included delivery)  Degree of protection IP65  Voltage supply from AS-Interface  Connection to PROFIBUS DP  Commissioning, without PROFIBUS communication  All AS-Interface functions possible via PROFIBUS  PLC functionality  Error diagnostics via LEDs and LC display  Parameterization and monitor software [:]\" \/>\n<meta property=\"og:url\" content=\"https:\/\/newskyvn.com\/product\/vag-pb-g4f-r4\/\" \/>\n<meta property=\"og:site_name\" content=\"NEW SKY CO.,LTD\" \/>\n<meta property=\"article:modified_time\" content=\"2024-09-15T12:48:34+00:00\" \/>\n<meta property=\"og:image\" content=\"https:\/\/newskyvn.com\/wp-content\/uploads\/2021\/09\/b239883a.png\" \/>\n\t<meta property=\"og:image:width\" content=\"455\" \/>\n\t<meta property=\"og:image:height\" content=\"500\" \/>\n<meta name=\"twitter:card\" content=\"summary_large_image\" \/>\n<meta name=\"twitter:label1\" content=\"Est. reading time\" \/>\n\t<meta name=\"twitter:data1\" content=\"2 minutes\" \/>\n<script type=\"application\/ld+json\" class=\"yoast-schema-graph\">{\"@context\":\"https:\/\/schema.org\",\"@graph\":[{\"@type\":\"WebSite\",\"@id\":\"https:\/\/newskyvn.com\/#website\",\"url\":\"https:\/\/newskyvn.com\/\",\"name\":\"NEW SKY CO.,LTD\",\"description\":\"C\\u00f4ng Ty TNHH S\\u1ea3n Xu\\u1ea5t Th\\u01b0\\u01a1ng M\\u1ea1i D\\u1ecbch V\\u1ee5 T\\u00e2n Thi\\u00ean\",\"potentialAction\":[{\"@type\":\"SearchAction\",\"target\":{\"@type\":\"EntryPoint\",\"urlTemplate\":\"https:\/\/newskyvn.com\/?s={search_term_string}\"},\"query-input\":\"required name=search_term_string\"}],\"inLanguage\":\"en-US\"},{\"@type\":\"ImageObject\",\"@id\":\"https:\/\/newskyvn.com\/product\/vag-pb-g4f-r4\/#primaryimage\",\"inLanguage\":\"en-US\",\"url\":\"https:\/\/newskyvn.com\/wp-content\/uploads\/2021\/09\/b239883a.png\",\"contentUrl\":\"https:\/\/newskyvn.com\/wp-content\/uploads\/2021\/09\/b239883a.png\",\"width\":455,\"height\":500},{\"@type\":\"WebPage\",\"@id\":\"https:\/\/newskyvn.com\/product\/vag-pb-g4f-r4\/#webpage\",\"url\":\"https:\/\/newskyvn.com\/product\/vag-pb-g4f-r4\/\",\"name\":\"VAG-PB-G4F-R4 - NEW SKY CO.,LTD\",\"isPartOf\":{\"@id\":\"https:\/\/newskyvn.com\/#website\"},\"primaryImageOfPage\":{\"@id\":\"https:\/\/newskyvn.com\/product\/vag-pb-g4f-r4\/#primaryimage\"},\"datePublished\":\"2021-09-29T11:20:35+00:00\",\"dateModified\":\"2024-09-15T12:48:34+00:00\",\"breadcrumb\":{\"@id\":\"https:\/\/newskyvn.com\/product\/vag-pb-g4f-r4\/#breadcrumb\"},\"inLanguage\":\"en-US\",\"potentialAction\":[{\"@type\":\"ReadAction\",\"target\":[\"https:\/\/newskyvn.com\/product\/vag-pb-g4f-r4\/\"]}]},{\"@type\":\"BreadcrumbList\",\"@id\":\"https:\/\/newskyvn.com\/product\/vag-pb-g4f-r4\/#breadcrumb\",\"itemListElement\":[{\"@type\":\"ListItem\",\"position\":1,\"name\":\"Product\",\"item\":\"https:\/\/newskyvn.com\/en\/san-pham\/\"},{\"@type\":\"ListItem\",\"position\":2,\"name\":\"VAG-PB-G4F-R4\"}]}]}<\/script>\n<!-- \/ Yoast SEO plugin. -->","_links":{"self":[{"href":"https:\/\/newskyvn.com\/en\/wp-json\/wp\/v2\/product\/1972"}],"collection":[{"href":"https:\/\/newskyvn.com\/en\/wp-json\/wp\/v2\/product"}],"about":[{"href":"https:\/\/newskyvn.com\/en\/wp-json\/wp\/v2\/types\/product"}],"replies":[{"embeddable":true,"href":"https:\/\/newskyvn.com\/en\/wp-json\/wp\/v2\/comments?post=1972"}],"wp:featuredmedia":[{"embeddable":true,"href":"https:\/\/newskyvn.com\/en\/wp-json\/wp\/v2\/media\/1974"}],"wp:attachment":[{"href":"https:\/\/newskyvn.com\/en\/wp-json\/wp\/v2\/media?parent=1972"}],"wp:term":[{"taxonomy":"product_cat","embeddable":true,"href":"https:\/\/newskyvn.com\/en\/wp-json\/wp\/v2\/product_cat?post=1972"},{"taxonomy":"product_tag","embeddable":true,"href":"https:\/\/newskyvn.com\/en\/wp-json\/wp\/v2\/product_tag?post=1972"}],"curies":[{"name":"wp","href":"https:\/\/api.w.org\/{rel}","templated":true}]}}