{"id":1936,"date":"2021-09-29T08:59:01","date_gmt":"2021-09-29T08:59:01","guid":{"rendered":"https:\/\/newskyvn.com\/?post_type=product&#038;p=1936"},"modified":"2021-09-29T08:59:02","modified_gmt":"2021-09-29T08:59:02","slug":"hic2441","status":"publish","type":"product","link":"https:\/\/newskyvn.com\/en\/product\/hic2441\/","title":{"rendered":"HiC2441"},"content":{"rendered":"<p>&nbsp;<\/p>\n<p><span style=\"color: #0000ff;\"><strong>TECHNICAL DATA OF HiC2441<\/strong><\/span><\/p>\n<table class=\"standard enum\">\n<tbody>\n<tr>\n<th colspan=\"3\">General specifications<\/th>\n<\/tr>\n<tr>\n<td colspan=\"2\">Signal type<\/td>\n<td>Universal<\/td>\n<\/tr>\n<tr>\n<th colspan=\"3\">Functional safety related parameters<\/th>\n<\/tr>\n<tr>\n<td colspan=\"2\">Safety Integrity Level (SIL)<\/td>\n<td>SIL 2<\/td>\n<\/tr>\n<tr>\n<th colspan=\"3\">Supply<\/th>\n<\/tr>\n<tr>\n<td colspan=\"2\">Connection<\/td>\n<td>SL1: 1a(-), 1b(-); 2a(+), 2b(+)<\/td>\n<\/tr>\n<tr>\n<td colspan=\"2\">Rated voltage<\/td>\n<td>19 &#8230; 30 V DC via Termination Board<\/td>\n<\/tr>\n<tr>\n<td colspan=\"2\">Ripple<\/td>\n<td>\u2264 10 %<\/td>\n<\/tr>\n<tr>\n<td colspan=\"2\">Rated current<\/td>\n<td>\u2264 30 mA<\/td>\n<\/tr>\n<tr>\n<td colspan=\"2\">Power consumption<\/td>\n<td>\u2264 700 mW<\/td>\n<\/tr>\n<tr>\n<th colspan=\"3\">Analog input<\/th>\n<\/tr>\n<tr>\n<td colspan=\"2\">Suitable field devices<\/td>\n<td>2-wire SMART transmitters, current sources<\/td>\n<\/tr>\n<tr>\n<td colspan=\"2\">Signal<\/td>\n<td>0\/4 &#8230; 20 mA , limited to approx. 40 mA (depends on control system) , reverse polarity protected<\/td>\n<\/tr>\n<tr>\n<td colspan=\"2\"><i>Field circuit<\/i><\/td>\n<td>SL2: 5a(+), 5b(-) (2-wire SMART transmitter)<br \/>\nSL2: 5a(+), 1b(-) (2-wire SMART transmitter with current source)<\/td>\n<\/tr>\n<tr>\n<td colspan=\"2\">Voltage drop<\/td>\n<td>approx. 4 V (current source)<\/td>\n<\/tr>\n<tr>\n<td colspan=\"2\"><i>Control circuit<\/i><\/td>\n<td>SL1: 8a(+), 7a(-)<\/td>\n<\/tr>\n<tr>\n<td colspan=\"2\">Supply voltage<\/td>\n<td>min. 16 V at 20 mA (2-wire SMART transmitter)<\/td>\n<\/tr>\n<tr>\n<td colspan=\"2\">Voltage<\/td>\n<td>15 &#8230; 30 V<\/td>\n<\/tr>\n<tr>\n<td colspan=\"2\">Signal<\/td>\n<td>0\/4 &#8230; 20 mA , sink mode , working voltage 15 &#8230; 30 V<\/td>\n<\/tr>\n<tr>\n<td colspan=\"2\">Ripple<\/td>\n<td>20 mV\u00a0<sub>rms<\/sub><\/td>\n<\/tr>\n<tr>\n<th colspan=\"3\">Analog output<\/th>\n<\/tr>\n<tr>\n<td colspan=\"2\">Suitable field devices<\/td>\n<td>I\/P converters (positioner), on-site-displays<\/td>\n<\/tr>\n<tr>\n<td colspan=\"2\">Signal<\/td>\n<td>0\/4 &#8230; 20 mA<\/td>\n<\/tr>\n<tr>\n<td colspan=\"2\"><i>Field circuit<\/i><\/td>\n<td>SL2: 5a(+), 5b(-)<\/td>\n<\/tr>\n<tr>\n<td colspan=\"2\">Load<\/td>\n<td>0 &#8230; 650 \u03a9<\/td>\n<\/tr>\n<tr>\n<td colspan=\"2\">Voltage<\/td>\n<td>\u2265 13 V at 20 mA<\/td>\n<\/tr>\n<tr>\n<td colspan=\"2\">Ripple<\/td>\n<td>20 mV\u00a0<sub>rms<\/sub><\/td>\n<\/tr>\n<tr>\n<td colspan=\"2\"><i>Control circuit<\/i><\/td>\n<td>SL1: 8a(+), 7a(-)<\/td>\n<\/tr>\n<tr>\n<td colspan=\"2\">Voltage<\/td>\n<td>12 &#8230; 30 V<\/td>\n<\/tr>\n<tr>\n<td colspan=\"2\">Signal<\/td>\n<td>0\/4 &#8230; 20 mA<\/td>\n<\/tr>\n<tr>\n<td colspan=\"2\">Line fault detection<\/td>\n<td>&gt; 100 k\u03a9 at max. 30 V, with field wiring open<\/td>\n<\/tr>\n<tr>\n<th colspan=\"3\">Digital input<\/th>\n<\/tr>\n<tr>\n<td colspan=\"2\"><i>Field circuit<\/i><\/td>\n<td>SL2: 5a(+), 1a(-) (NAMUR sensor)<br \/>\nSL2: 5a(+), 5b(-) (dry contact)<\/td>\n<\/tr>\n<tr>\n<td colspan=\"2\">Suitable field devices<\/td>\n<td>NAMUR sensors according to IEC\/EN 60947-5-6, dry contacts<\/td>\n<\/tr>\n<tr>\n<td colspan=\"2\">Signal<\/td>\n<td>0.1 &#8230; 9 mA , sink mode<\/td>\n<\/tr>\n<tr>\n<td colspan=\"2\">Open loop voltage<\/td>\n<td>approx. 10 V DC , 1 k\u03a9 series resistance<\/td>\n<\/tr>\n<tr>\n<td colspan=\"2\">Signal<\/td>\n<td>0.1 &#8230; 9 mA<\/td>\n<\/tr>\n<tr>\n<td colspan=\"2\"><i>Control circuit<\/i><\/td>\n<td>SL1: 8a(+), 7a(-)<\/td>\n<\/tr>\n<tr>\n<td colspan=\"2\">Voltage<\/td>\n<td>13 &#8230; 30 V<\/td>\n<\/tr>\n<tr>\n<th colspan=\"3\">Digital output<\/th>\n<\/tr>\n<tr>\n<td colspan=\"2\"><i>Field circuit<\/i><\/td>\n<td>SL2: 5a(+), 5b(-)<\/td>\n<\/tr>\n<tr>\n<td colspan=\"2\">Suitable field devices<\/td>\n<td>solenoid valves, acoustic or visual alarms<\/td>\n<\/tr>\n<tr>\n<td colspan=\"2\">Drive capability<\/td>\n<td>12 V \/ 40 mA at 300 \u03a9 load<\/td>\n<\/tr>\n<tr>\n<td colspan=\"2\">Open loop voltage<\/td>\n<td>approx. 22 V<\/td>\n<\/tr>\n<tr>\n<td colspan=\"2\">Current limit<\/td>\n<td>45 mA<\/td>\n<\/tr>\n<tr>\n<td colspan=\"2\">Internal resistor<\/td>\n<td>min. 240 \u03a9<\/td>\n<\/tr>\n<tr>\n<td colspan=\"2\"><i>Control circuit<\/i><\/td>\n<td>SL1: 8a(+), 7a(-)<\/td>\n<\/tr>\n<tr>\n<td colspan=\"2\">Voltage<\/td>\n<td>1-signal: 19 &#8230; 30 V DC<br \/>\n0-signal: 0 &#8230; 5 V DC<\/td>\n<\/tr>\n<tr>\n<td colspan=\"2\">Current<\/td>\n<td>1-signal: 0 &#8230; 45 mA, depending on the output load<br \/>\n0-signal: &lt; 0.1 mA, independent of the output load<\/td>\n<\/tr>\n<tr>\n<td colspan=\"2\">Power dissipation<\/td>\n<td>1.1 W at 24 V, 300 \u03a9 load (digital output)<\/td>\n<\/tr>\n<tr>\n<th colspan=\"3\">Transfer characteristics<\/th>\n<\/tr>\n<tr>\n<td colspan=\"2\">Deviation<\/td>\n<td>at 20 \u00b0C (68 \u00b0F)<br \/>\n\u2264 \u00b120 \u00b5A incl. linearity, hysteresis and supply fluctuations at 4 &#8230; 20 mA (analog input, analog output)<br \/>\n\u2264 \u00b160 \u00b5A incl. linearity, hysteresis and supply fluctuations at 0 &#8230; 45 mA (digital output)<\/td>\n<\/tr>\n<tr>\n<td><\/td>\n<td>Influence of ambient temperature<\/td>\n<td class=\"subattribute\">&lt; 2 \u00b5A\/K (0 &#8230; 70 \u00b0C (32 &#8230; 158 \u00b0F))<br \/>\n&lt; 3 \u00b5A\/K (-40 &#8230; 0 \u00b0C (-40 &#8230; 32 \u00b0F))<\/td>\n<\/tr>\n<tr>\n<td colspan=\"2\">Switching frequency<\/td>\n<td>\u2264 500 Hz with 50 % duty cycle (digital input, NAMUR sensor)<br \/>\n\u2264 5 Hz (digital input, dry contact)<br \/>\n\u2264 20 Hz (digital output)<\/td>\n<\/tr>\n<tr>\n<td colspan=\"2\">Frequency range<\/td>\n<td>HART: bandwidth by 0.5 V<sub>pp<\/sub>\u00a0signal and\/or 1 mA<sub>pp<\/sub>\u00a0signal 950 &#8230; 2500 Hz (analog input, analog output)<\/td>\n<\/tr>\n<tr>\n<td colspan=\"2\">Settling time<\/td>\n<td>\u2264 20 ms (analog input, analog output)<br \/>\n\u2264 1 ms (digital input, NAMUR sensor)<\/td>\n<\/tr>\n<tr>\n<td colspan=\"2\">Reaction time<\/td>\n<td>\u2264 5 ms , turn-on\/turn-off time (digital output)<\/td>\n<\/tr>\n<tr>\n<th colspan=\"3\">Galvanic isolation<\/th>\n<\/tr>\n<tr>\n<td colspan=\"2\">Control\/power supply<\/td>\n<td>basic insulation according to IEC\/EN 61010-1, rated insulation voltage 60 V<sub>eff<\/sub><\/td>\n<\/tr>\n<tr>\n<th colspan=\"3\">Directive conformity<\/th>\n<\/tr>\n<tr>\n<td colspan=\"2\">Electromagnetic compatibility<\/td>\n<td><\/td>\n<\/tr>\n<tr>\n<td><\/td>\n<td>Directive 2014\/30\/EU<\/td>\n<td class=\"subattribute\">EN 61326-1:2013 (industrial locations)<\/td>\n<\/tr>\n<tr>\n<th colspan=\"3\">Conformity<\/th>\n<\/tr>\n<tr>\n<td colspan=\"2\">Electromagnetic compatibility<\/td>\n<td>NE 21:2006<br \/>\nFor further information see system description.<\/td>\n<\/tr>\n<tr>\n<td colspan=\"2\">Degree of protection<\/td>\n<td>IEC 60529:2001<\/td>\n<\/tr>\n<tr>\n<td colspan=\"2\">Protection against electrical shock<\/td>\n<td>IEC 61010-1:2010<\/td>\n<\/tr>\n<tr>\n<td colspan=\"2\">Input<\/td>\n<td>EN 60947-5-6:2000<\/td>\n<\/tr>\n<tr>\n<th colspan=\"3\">Ambient conditions<\/th>\n<\/tr>\n<tr>\n<td colspan=\"2\">Ambient temperature<\/td>\n<td>-40 &#8230; 70 \u00b0C (-40 &#8230; 158 \u00b0F)<br \/>\nObserve the temperature range limited by derating, see section derating.<\/td>\n<\/tr>\n<tr>\n<td colspan=\"2\">Storage temperature<\/td>\n<td>-40 &#8230; 85 \u00b0C (-40 &#8230; 185 \u00b0F)<\/td>\n<\/tr>\n<tr>\n<td colspan=\"2\">Relative humidity<\/td>\n<td>95 % non-condensing<\/td>\n<\/tr>\n<tr>\n<th colspan=\"3\">Mechanical specifications<\/th>\n<\/tr>\n<tr>\n<td colspan=\"2\">Degree of protection<\/td>\n<td>IP20<\/td>\n<\/tr>\n<tr>\n<td colspan=\"2\">Mass<\/td>\n<td>approx. 100 g<\/td>\n<\/tr>\n<tr>\n<td colspan=\"2\">Dimensions<\/td>\n<td>12.5 x 128 x 106 mm (0.5 x 5.1 x 4.2 inch)<\/td>\n<\/tr>\n<tr>\n<td colspan=\"2\">Mounting<\/td>\n<td>on Termination Board<\/td>\n<\/tr>\n<tr>\n<td colspan=\"2\">Coding<\/td>\n<td>pin 1 and 4 trimmed<br \/>\nFor further information see system description.<\/td>\n<\/tr>\n<tr>\n<th colspan=\"3\">Data for application in connection with hazardous areas<\/th>\n<\/tr>\n<tr>\n<td colspan=\"2\">EU-type examination certificate<\/td>\n<td>T\u00dcV 14 ATEX 153522 X<\/td>\n<\/tr>\n<tr>\n<td><\/td>\n<td>Marking<\/td>\n<td class=\"subattribute\"><img src=\"https:\/\/www.pepperl-fuchs.com\/web_img\/a100038a.jpg\" alt=\"Ex-Hexagon\" \/>\u00a0II (1)G [Ex ia Ga] IIC<br \/>\n<img src=\"https:\/\/www.pepperl-fuchs.com\/web_img\/a100038a.jpg\" alt=\"Ex-Hexagon\" \/>\u00a0II (1)D [Ex ia Da] IIIC<br \/>\n<img src=\"https:\/\/www.pepperl-fuchs.com\/web_img\/a100038a.jpg\" alt=\"Ex-Hexagon\" \/>\u00a0I (M1) [Ex ia Ma] I<\/td>\n<\/tr>\n<tr>\n<td colspan=\"2\">Supply<\/td>\n<td><\/td>\n<\/tr>\n<tr>\n<td><\/td>\n<td>Maximum safe voltage<\/td>\n<td class=\"subattribute\">250 V (Attention! The rated voltage can be lower.)<\/td>\n<\/tr>\n<tr>\n<td colspan=\"2\">Equipment<\/td>\n<td>SL2: 5a(+), 5b(-)<\/td>\n<\/tr>\n<tr>\n<td><\/td>\n<td>Voltage\u00a0U<sub>o<\/sub><\/td>\n<td class=\"subattribute\">25.2 V<\/td>\n<\/tr>\n<tr>\n<td><\/td>\n<td>Current\u00a0I<sub>o<\/sub><\/td>\n<td class=\"subattribute\">110 mA<\/td>\n<\/tr>\n<tr>\n<td><\/td>\n<td>Power\u00a0P<sub>o<\/sub><\/td>\n<td class=\"subattribute\">693 mW<\/td>\n<\/tr>\n<tr>\n<td><\/td>\n<td>Internal capacitance\u00a0C<sub>i<\/sub><\/td>\n<td class=\"subattribute\">5.7 nF<\/td>\n<\/tr>\n<tr>\n<td><\/td>\n<td>Internal inductance\u00a0L<sub>i<\/sub><\/td>\n<td class=\"subattribute\">0 mH<\/td>\n<\/tr>\n<tr>\n<td colspan=\"2\">Equipment<\/td>\n<td>SL2: 5a(+), 1b(-)<\/td>\n<\/tr>\n<tr>\n<td><\/td>\n<td>Voltage\u00a0U<sub>i<\/sub><\/td>\n<td class=\"subattribute\">&lt; 28 V<\/td>\n<\/tr>\n<tr>\n<td><\/td>\n<td>Current\u00a0I<sub>i<\/sub><\/td>\n<td class=\"subattribute\">&lt; 115 mA<\/td>\n<\/tr>\n<tr>\n<td><\/td>\n<td>Voltage\u00a0U<sub>o<\/sub><\/td>\n<td class=\"subattribute\">7.2 V<\/td>\n<\/tr>\n<tr>\n<td><\/td>\n<td>Current\u00a0I<sub>o<\/sub><\/td>\n<td class=\"subattribute\">0 mA<\/td>\n<\/tr>\n<tr>\n<td><\/td>\n<td>Power\u00a0P<sub>o<\/sub><\/td>\n<td class=\"subattribute\">0 mW<\/td>\n<\/tr>\n<tr>\n<td><\/td>\n<td>Internal capacitance\u00a0C<sub>i<\/sub><\/td>\n<td class=\"subattribute\">5.7 nF<\/td>\n<\/tr>\n<tr>\n<td><\/td>\n<td>Internal inductance\u00a0L<sub>i<\/sub><\/td>\n<td class=\"subattribute\">0 mH<\/td>\n<\/tr>\n<tr>\n<td colspan=\"2\">Equipment<\/td>\n<td>SL2: 5a(+), 1a(-)<\/td>\n<\/tr>\n<tr>\n<td><\/td>\n<td>Voltage\u00a0U<sub>o<\/sub><\/td>\n<td class=\"subattribute\">12.6 V<\/td>\n<\/tr>\n<tr>\n<td><\/td>\n<td>Current\u00a0I<sub>o<\/sub><\/td>\n<td class=\"subattribute\">13 mA<\/td>\n<\/tr>\n<tr>\n<td><\/td>\n<td>Power\u00a0P<sub>o<\/sub><\/td>\n<td class=\"subattribute\">41 mW<\/td>\n<\/tr>\n<tr>\n<td><\/td>\n<td>Internal capacitance\u00a0C<sub>i<\/sub><\/td>\n<td class=\"subattribute\">5.7 nF<\/td>\n<\/tr>\n<tr>\n<td><\/td>\n<td>Internal inductance\u00a0L<sub>i<\/sub><\/td>\n<td class=\"subattribute\">0 mH<\/td>\n<\/tr>\n<tr>\n<td colspan=\"2\">Certificate<\/td>\n<td>T\u00dcV 14 ATEX 153523 X<\/td>\n<\/tr>\n<tr>\n<td><\/td>\n<td>Marking<\/td>\n<td class=\"subattribute\"><img src=\"https:\/\/www.pepperl-fuchs.com\/web_img\/a100038a.jpg\" alt=\"Ex-Hexagon\" \/>\u00a0II 3G Ex ec IIC T4 Gc<\/td>\n<\/tr>\n<tr>\n<td colspan=\"2\">Galvanic isolation<\/td>\n<td><\/td>\n<\/tr>\n<tr>\n<td><\/td>\n<td>Input\/Other circuits<\/td>\n<td class=\"subattribute\">safe electrical isolation acc. to IEC\/EN 60079-11, voltage peak value 375 V<\/td>\n<\/tr>\n<tr>\n<td colspan=\"2\">Directive conformity<\/td>\n<td><\/td>\n<\/tr>\n<tr>\n<td><\/td>\n<td>Directive 2014\/34\/EU<\/td>\n<td class=\"subattribute\">EN 60079-0:2012+A11:2013 , EN\u00a060079-11:2012 , EN 60079-7:2015<\/td>\n<\/tr>\n<tr>\n<th colspan=\"3\">International approvals<\/th>\n<\/tr>\n<tr>\n<td colspan=\"2\">UL approval<\/td>\n<td>E106378<\/td>\n<\/tr>\n<tr>\n<td><\/td>\n<td>Control drawing<\/td>\n<td class=\"subattribute\">116-0408 (cULus)<\/td>\n<\/tr>\n<tr>\n<td colspan=\"2\">IECEx approval<\/td>\n<td><\/td>\n<\/tr>\n<tr>\n<td><\/td>\n<td>IECEx certificate<\/td>\n<td class=\"subattribute\">IECEx TUN 15.0004X<\/td>\n<\/tr>\n<tr>\n<td><\/td>\n<td>IECEx marking<\/td>\n<td class=\"subattribute\">[Ex ia Ga] IIC , [Ex ia Da] IIIC , [Ex ia Ma] I<br \/>\nEx ec IIC T4 Gc<\/td>\n<\/tr>\n<tr>\n<th colspan=\"3\">General information<\/th>\n<\/tr>\n<tr>\n<td colspan=\"2\">Supplementary information<\/td>\n<td>Observe the certificates, declarations of conformity, instruction manuals, and manuals where applicable. For information see www.pepperl-fuchs.com.<\/td>\n<\/tr>\n<\/tbody>\n<\/table>\n<p>&nbsp;<\/p>\n<h2>Classifications<\/h2>\n<table class=\"standard enum\">\n<tbody>\n<tr>\n<th>System<\/th>\n<th>Classcode<\/th>\n<\/tr>\n<tr>\n<td>ECLASS 11.0<\/td>\n<td>27210107<\/td>\n<\/tr>\n<tr>\n<td>ECLASS 10.0.1<\/td>\n<td>27210107<\/td>\n<\/tr>\n<tr>\n<td>ECLASS 9.0<\/td>\n<td>27210107<\/td>\n<\/tr>\n<tr>\n<td>ECLASS 8.0<\/td>\n<td>27210107<\/td>\n<\/tr>\n<tr>\n<td>ECLASS 5.1<\/td>\n<td>27210107<\/td>\n<\/tr>\n<tr>\n<td>ETIM 8.0<\/td>\n<td>EC001485<\/td>\n<\/tr>\n<tr>\n<td>ETIM 7.0<\/td>\n<td>EC001485<\/td>\n<\/tr>\n<tr>\n<td>ETIM 6.0<\/td>\n<td>EC001485<\/td>\n<\/tr>\n<tr>\n<td>ETIM 5.0<\/td>\n<td>EC001485<\/td>\n<\/tr>\n<tr>\n<td>UNSPSC 12.1<\/td>\n<td>32101514<\/td>\n<\/tr>\n<\/tbody>\n<\/table>\n<p><\/p>","protected":false},"excerpt":{"rendered":"<p>&nbsp;<\/p>\n<p class=\"alternative\"><strong>SMART Universal Barrier<\/strong><\/p>\n<ul id=\"productfeatures\">\n<li>1-channel isolated barrier<\/li>\n<li>24 V DC supply (bus powered)<\/li>\n<li>Analog input, digital input,<br \/>\nanalog output, digital output<\/li>\n<li>No configuration required, device is self-adapting<\/li>\n<li>HART transparency<\/li>\n<li>Low power dissipation<\/li>\n<li>3-way isolation<\/li>\n<li>Up to SIL 2 acc.\u00a0to\u00a0IEC\u00a061508<\/li>\n<\/ul>\n","protected":false},"featured_media":1938,"comment_status":"open","ping_status":"closed","template":"","meta":[],"product_cat":[101,102],"product_tag":[],"yoast_head":"<!-- This site is optimized with the Yoast SEO plugin v16.6.1 - https:\/\/yoast.com\/wordpress\/plugins\/seo\/ -->\n<title>HiC2441 - NEW SKY CO.,LTD<\/title>\n<meta name=\"robots\" content=\"index, follow, max-snippet:-1, max-image-preview:large, max-video-preview:-1\" \/>\n<link rel=\"canonical\" href=\"https:\/\/newskyvn.com\/product\/hic2441\/\" \/>\n<meta property=\"og:locale\" content=\"en_US\" \/>\n<meta property=\"og:type\" content=\"article\" \/>\n<meta property=\"og:title\" content=\"HiC2441 - NEW SKY CO.,LTD\" \/>\n<meta property=\"og:description\" content=\"[:vi]&nbsp; R\u00e0o c\u1ea3n \u0111a n\u0103ng chu\u1ea9n SMART    R\u00e0o c\u1ea3n c\u00e1ch ly 1 k\u00eanh  Ngu\u1ed3n cung c\u1ea5p 24 V DC (h\u1ed7 tr\u1ee3 bus)  \u0110\u1ea7u v\u00e0o t\u01b0\u01a1ng t\u1ef1\u00a0, \u0111\u1ea7u v\u00e0o k\u1ef9 thu\u1eadt s\u1ed1,\u00a0\u0111\u1ea7u ra t\u01b0\u01a1ng t\u1ef1, \u0111\u1ea7u ra k\u1ef9 thu\u1eadt s\u1ed1  Kh\u00f4ng c\u1ea7n c\u1ea5u h\u00ecnh, thi\u1ebft b\u1ecb t\u1ef1 \u0111i\u1ec1u ch\u1ec9nh  HART minh b\u1ea1ch  Ti\u00eau t\u00e1n \u0111i\u1ec7n n\u0103ng th\u1ea5p  C\u00e1ch ly 3 chi\u1ec1u  L\u00ean \u0111\u1ebfn SIL 2 acc.\u00a0theo IEC 61508 [:en]&nbsp; SMART Universal Barrier    1-channel isolated barrier  24 V DC supply (bus powered)  Analog input, digital input, analog output, digital output  No configuration required, device is self-adapting  HART transparency  Low power dissipation  3-way isolation  Up to SIL 2 acc.\u00a0to\u00a0IEC\u00a061508 [:]\" \/>\n<meta property=\"og:url\" content=\"https:\/\/newskyvn.com\/product\/hic2441\/\" \/>\n<meta property=\"og:site_name\" content=\"NEW SKY CO.,LTD\" \/>\n<meta property=\"article:modified_time\" content=\"2021-09-29T08:59:02+00:00\" \/>\n<meta property=\"og:image\" content=\"https:\/\/newskyvn.com\/wp-content\/uploads\/2021\/09\/b241650a.png\" \/>\n\t<meta property=\"og:image:width\" content=\"455\" \/>\n\t<meta property=\"og:image:height\" content=\"500\" \/>\n<meta name=\"twitter:card\" content=\"summary_large_image\" \/>\n<meta name=\"twitter:label1\" content=\"Est. reading time\" \/>\n\t<meta name=\"twitter:data1\" content=\"5 minutes\" \/>\n<script type=\"application\/ld+json\" class=\"yoast-schema-graph\">{\"@context\":\"https:\/\/schema.org\",\"@graph\":[{\"@type\":\"WebSite\",\"@id\":\"https:\/\/newskyvn.com\/#website\",\"url\":\"https:\/\/newskyvn.com\/\",\"name\":\"NEW SKY CO.,LTD\",\"description\":\"C\\u00f4ng Ty TNHH S\\u1ea3n Xu\\u1ea5t Th\\u01b0\\u01a1ng M\\u1ea1i D\\u1ecbch V\\u1ee5 T\\u00e2n Thi\\u00ean\",\"potentialAction\":[{\"@type\":\"SearchAction\",\"target\":{\"@type\":\"EntryPoint\",\"urlTemplate\":\"https:\/\/newskyvn.com\/?s={search_term_string}\"},\"query-input\":\"required name=search_term_string\"}],\"inLanguage\":\"en-US\"},{\"@type\":\"ImageObject\",\"@id\":\"https:\/\/newskyvn.com\/product\/hic2441\/#primaryimage\",\"inLanguage\":\"en-US\",\"url\":\"https:\/\/newskyvn.com\/wp-content\/uploads\/2021\/09\/b241650a.png\",\"contentUrl\":\"https:\/\/newskyvn.com\/wp-content\/uploads\/2021\/09\/b241650a.png\",\"width\":455,\"height\":500},{\"@type\":\"WebPage\",\"@id\":\"https:\/\/newskyvn.com\/product\/hic2441\/#webpage\",\"url\":\"https:\/\/newskyvn.com\/product\/hic2441\/\",\"name\":\"HiC2441 - NEW SKY CO.,LTD\",\"isPartOf\":{\"@id\":\"https:\/\/newskyvn.com\/#website\"},\"primaryImageOfPage\":{\"@id\":\"https:\/\/newskyvn.com\/product\/hic2441\/#primaryimage\"},\"datePublished\":\"2021-09-29T08:59:01+00:00\",\"dateModified\":\"2021-09-29T08:59:02+00:00\",\"breadcrumb\":{\"@id\":\"https:\/\/newskyvn.com\/product\/hic2441\/#breadcrumb\"},\"inLanguage\":\"en-US\",\"potentialAction\":[{\"@type\":\"ReadAction\",\"target\":[\"https:\/\/newskyvn.com\/product\/hic2441\/\"]}]},{\"@type\":\"BreadcrumbList\",\"@id\":\"https:\/\/newskyvn.com\/product\/hic2441\/#breadcrumb\",\"itemListElement\":[{\"@type\":\"ListItem\",\"position\":1,\"name\":\"Product\",\"item\":\"https:\/\/newskyvn.com\/en\/san-pham\/\"},{\"@type\":\"ListItem\",\"position\":2,\"name\":\"HiC2441\"}]}]}<\/script>\n<!-- \/ Yoast SEO plugin. -->","_links":{"self":[{"href":"https:\/\/newskyvn.com\/en\/wp-json\/wp\/v2\/product\/1936"}],"collection":[{"href":"https:\/\/newskyvn.com\/en\/wp-json\/wp\/v2\/product"}],"about":[{"href":"https:\/\/newskyvn.com\/en\/wp-json\/wp\/v2\/types\/product"}],"replies":[{"embeddable":true,"href":"https:\/\/newskyvn.com\/en\/wp-json\/wp\/v2\/comments?post=1936"}],"wp:featuredmedia":[{"embeddable":true,"href":"https:\/\/newskyvn.com\/en\/wp-json\/wp\/v2\/media\/1938"}],"wp:attachment":[{"href":"https:\/\/newskyvn.com\/en\/wp-json\/wp\/v2\/media?parent=1936"}],"wp:term":[{"taxonomy":"product_cat","embeddable":true,"href":"https:\/\/newskyvn.com\/en\/wp-json\/wp\/v2\/product_cat?post=1936"},{"taxonomy":"product_tag","embeddable":true,"href":"https:\/\/newskyvn.com\/en\/wp-json\/wp\/v2\/product_tag?post=1936"}],"curies":[{"name":"wp","href":"https:\/\/api.w.org\/{rel}","templated":true}]}}