{"id":1931,"date":"2021-09-29T08:47:51","date_gmt":"2021-09-29T08:47:51","guid":{"rendered":"https:\/\/newskyvn.com\/?post_type=product&#038;p=1931"},"modified":"2021-09-29T08:47:52","modified_gmt":"2021-09-29T08:47:52","slug":"hictb16-sct-44c-sc-ra","status":"publish","type":"product","link":"https:\/\/newskyvn.com\/en\/product\/hictb16-sct-44c-sc-ra\/","title":{"rendered":"HiCTB16-SCT-44C-SC-RA"},"content":{"rendered":"<p>&nbsp;<\/p>\n<p><span style=\"color: #0000ff;\"><strong>TECHNICAL DATA OF HiCTB16-SCT-44C-SC-RA<\/strong><\/span><\/p>\n<table class=\"standard enum\">\n<tbody>\n<tr>\n<th colspan=\"3\">Supply<\/th>\n<\/tr>\n<tr>\n<td colspan=\"2\">Connection<\/td>\n<td>X20: terminals 3, 5(+); 4, 6(-)<\/td>\n<\/tr>\n<tr>\n<td colspan=\"2\">Nominal voltage<\/td>\n<td>24 V DC , in consideration of rated voltage of used isolators<\/td>\n<\/tr>\n<tr>\n<td colspan=\"2\">Voltage drop<\/td>\n<td>0.9 V , voltage drop across the series diode on the termination board must be considered<\/td>\n<\/tr>\n<tr>\n<td colspan=\"2\">Ripple<\/td>\n<td>\u2264 10 %<\/td>\n<\/tr>\n<tr>\n<td colspan=\"2\">Fusing<\/td>\n<td>4 A , in each case for 16 modules<\/td>\n<\/tr>\n<tr>\n<td colspan=\"2\">Power dissipation<\/td>\n<td>\u2264 500 mW , without modules<\/td>\n<\/tr>\n<tr>\n<td colspan=\"2\">Reverse polarity protection<\/td>\n<td>yes<\/td>\n<\/tr>\n<tr>\n<th colspan=\"3\">Redundancy<\/th>\n<\/tr>\n<tr>\n<td colspan=\"2\">Supply<\/td>\n<td>Redundancy available. The supply for the isolators is decoupled, monitored and fused.<\/td>\n<\/tr>\n<tr>\n<th colspan=\"3\">Fault indication output<\/th>\n<\/tr>\n<tr>\n<td colspan=\"2\">Connection<\/td>\n<td>X20: terminals 1, 2<\/td>\n<\/tr>\n<tr>\n<td colspan=\"2\">Output type<\/td>\n<td>volt-free contact<\/td>\n<\/tr>\n<tr>\n<td colspan=\"2\">Switch behaviour<\/td>\n<td>no fault: relay contact closed<br \/>\npower supply fault: relay contact open<br \/>\nmodule fault: relay contact open<\/td>\n<\/tr>\n<tr>\n<td colspan=\"2\">Contact loading<\/td>\n<td>30 V DC, 1 A<\/td>\n<\/tr>\n<tr>\n<th colspan=\"3\">Indicators\/settings<\/th>\n<\/tr>\n<tr>\n<td colspan=\"2\">Display elements<\/td>\n<td>LED PWR1 (termination board power supply), green LED<br \/>\nLED PWR2 (termination board power supply), green LED<br \/>\nLED FAULT (fault indication), red LED<br \/>\n&#8211; LED lits: module fault<br \/>\n&#8211; LED flashes: power supply fault<\/td>\n<\/tr>\n<tr>\n<th colspan=\"3\">Directive conformity<\/th>\n<\/tr>\n<tr>\n<td colspan=\"2\">Electromagnetic compatibility<\/td>\n<td><\/td>\n<\/tr>\n<tr>\n<td><\/td>\n<td>Directive 2014\/30\/EU<\/td>\n<td class=\"subattribute\">EN 61326-1:2013 (industrial locations)<\/td>\n<\/tr>\n<tr>\n<th colspan=\"3\">Conformity<\/th>\n<\/tr>\n<tr>\n<td colspan=\"2\">Electromagnetic compatibility<\/td>\n<td>NE 21:2017<br \/>\nFor further information see system description.<\/td>\n<\/tr>\n<tr>\n<td colspan=\"2\">Degree of protection<\/td>\n<td>IEC 60529:2001<\/td>\n<\/tr>\n<tr>\n<th colspan=\"3\">Ambient conditions<\/th>\n<\/tr>\n<tr>\n<td colspan=\"2\">Ambient temperature<\/td>\n<td>-20 &#8230; 60 \u00b0C (-4 &#8230; 140 \u00b0F)<\/td>\n<\/tr>\n<tr>\n<td colspan=\"2\">Storage temperature<\/td>\n<td>-40 &#8230; 70 \u00b0C (-40 &#8230; 158 \u00b0F)<\/td>\n<\/tr>\n<tr>\n<th colspan=\"3\">Mechanical specifications<\/th>\n<\/tr>\n<tr>\n<td colspan=\"2\">Degree of protection<\/td>\n<td>IP20<\/td>\n<\/tr>\n<tr>\n<td colspan=\"2\">Connection<\/td>\n<td><\/td>\n<\/tr>\n<tr>\n<td><\/td>\n<td>Field side<\/td>\n<td class=\"subattribute\">explosion hazardous area: 4 screw terminals per module , blue<\/td>\n<\/tr>\n<tr>\n<td><\/td>\n<td>Control side<\/td>\n<td class=\"subattribute\">non-explosion hazardous area: 4 screw terminals per module , black<\/td>\n<\/tr>\n<tr>\n<td><\/td>\n<td>Supply<\/td>\n<td class=\"subattribute\">pluggable screw terminals , black<\/td>\n<\/tr>\n<tr>\n<td><\/td>\n<td>Fault output<\/td>\n<td class=\"subattribute\">pluggable screw terminals , black<\/td>\n<\/tr>\n<tr>\n<td colspan=\"2\">Core cross-section<\/td>\n<td>screw terminals: 0.25 &#8230; 1.5 mm<sup>2<\/sup>\u00a0(24 &#8230; 12 AWG)<\/td>\n<\/tr>\n<tr>\n<td colspan=\"2\">Material<\/td>\n<td>housing: polycarbonate, 10 % glass fiber reinforced<\/td>\n<\/tr>\n<tr>\n<td colspan=\"2\">Mass<\/td>\n<td>approx. 870 g<\/td>\n<\/tr>\n<tr>\n<td colspan=\"2\">Dimensions<\/td>\n<td>216 x 200 x 163 mm (8.5 x 7.9 x 6.42 inch) , height including module assembly<\/td>\n<\/tr>\n<tr>\n<td colspan=\"2\">Mounting<\/td>\n<td>on 35 mm DIN mounting rail acc. to EN 60715:2001<\/td>\n<\/tr>\n<tr>\n<th colspan=\"3\">Data for application in connection with hazardous areas<\/th>\n<\/tr>\n<tr>\n<td colspan=\"2\">EU-type examination certificate<\/td>\n<td>CESI 06 ATEX 022<\/td>\n<\/tr>\n<tr>\n<td><\/td>\n<td>Marking<\/td>\n<td class=\"subattribute\"><img src=\"https:\/\/www.pepperl-fuchs.com\/web_img\/a100038a.jpg\" alt=\"Ex-Hexagon\" \/>\u00a0II (1)G [Ex ia Ga] IIC<br \/>\n<img src=\"https:\/\/www.pepperl-fuchs.com\/web_img\/a100038a.jpg\" alt=\"Ex-Hexagon\" \/>\u00a0II (1)D [Ex ia Da] IIIC<br \/>\n<img src=\"https:\/\/www.pepperl-fuchs.com\/web_img\/a100038a.jpg\" alt=\"Ex-Hexagon\" \/>\u00a0I (M1) [Ex ia Ma] I<\/td>\n<\/tr>\n<tr>\n<td colspan=\"2\">Non-hazardous area<\/td>\n<td><\/td>\n<\/tr>\n<tr>\n<td><\/td>\n<td>Maximum safe voltage<\/td>\n<td class=\"subattribute\">250 V (Attention! U<sub>m<\/sub>\u00a0is no rated voltage.)<\/td>\n<\/tr>\n<tr>\n<td colspan=\"2\">Certificate<\/td>\n<td>DEMKO 18 ATEX 2116 X<\/td>\n<\/tr>\n<tr>\n<td><\/td>\n<td>Marking<\/td>\n<td class=\"subattribute\"><img src=\"https:\/\/www.pepperl-fuchs.com\/web_img\/a100038a.jpg\" alt=\"Ex-Hexagon\" \/>\u00a0II 3G Ex ec nC IIC T4 Gc<\/td>\n<\/tr>\n<tr>\n<td colspan=\"2\">Galvanic isolation<\/td>\n<td><\/td>\n<\/tr>\n<tr>\n<td><\/td>\n<td>Field circuit\/control circuit<\/td>\n<td class=\"subattribute\">safe electrical isolation acc. to IEC\/EN 60079-11, voltage peak value 375 V<\/td>\n<\/tr>\n<tr>\n<td colspan=\"2\">Directive conformity<\/td>\n<td><\/td>\n<\/tr>\n<tr>\n<td><\/td>\n<td>Directive 2014\/34\/EU<\/td>\n<td class=\"subattribute\">EN IEC 60079-0:2018+AC:2020 , EN 60079-7:2015+A1:2018 , EN 60079-11:2012 , EN 60079-15:2010 , EN 50303:2000<\/td>\n<\/tr>\n<tr>\n<th colspan=\"3\">International approvals<\/th>\n<\/tr>\n<tr>\n<td colspan=\"2\">UL approval<\/td>\n<td>E106378<\/td>\n<\/tr>\n<tr>\n<td><\/td>\n<td>Control drawing<\/td>\n<td class=\"subattribute\">116-0327<\/td>\n<\/tr>\n<tr>\n<td colspan=\"2\">IECEx approval<\/td>\n<td><\/td>\n<\/tr>\n<tr>\n<td><\/td>\n<td>IECEx certificate<\/td>\n<td class=\"subattribute\">IECEx CES 06.0003<br \/>\nIECEx UL 18.0111 X<\/td>\n<\/tr>\n<tr>\n<td><\/td>\n<td>IECEx marking<\/td>\n<td class=\"subattribute\">[Ex ia Ga] IIC<br \/>\n[Ex ia Da] IIIC<br \/>\n[Ex ia Ma] I<br \/>\nEx ec nC IIC T4 Gc<\/td>\n<\/tr>\n<tr>\n<th colspan=\"3\">General information<\/th>\n<\/tr>\n<tr>\n<td colspan=\"2\">Supplementary information<\/td>\n<td>Observe the certificates, declarations of conformity, instruction manuals, and manuals where applicable. For information see www.pepperl-fuchs.com.<\/td>\n<\/tr>\n<\/tbody>\n<\/table>\n<p>&nbsp;<\/p>\n<h2>Classifications<\/h2>\n<table class=\"standard enum\">\n<tbody>\n<tr>\n<th>System<\/th>\n<th>Classcode<\/th>\n<\/tr>\n<tr>\n<td>ECLASS 11.0<\/td>\n<td>27210107<\/td>\n<\/tr>\n<tr>\n<td>ECLASS 10.0.1<\/td>\n<td>27210107<\/td>\n<\/tr>\n<tr>\n<td>ECLASS 9.0<\/td>\n<td>27210107<\/td>\n<\/tr>\n<tr>\n<td>ECLASS 8.0<\/td>\n<td>27210107<\/td>\n<\/tr>\n<tr>\n<td>ECLASS 5.1<\/td>\n<td>27210121<\/td>\n<\/tr>\n<tr>\n<td>ETIM 8.0<\/td>\n<td>EC001485<\/td>\n<\/tr>\n<tr>\n<td>ETIM 7.0<\/td>\n<td>EC001485<\/td>\n<\/tr>\n<tr>\n<td>ETIM 6.0<\/td>\n<td>EC001485<\/td>\n<\/tr>\n<tr>\n<td>ETIM 5.0<\/td>\n<td>EC001485<\/td>\n<\/tr>\n<tr>\n<td>UNSPSC 12.1<\/td>\n<td>39121008<\/td>\n<\/tr>\n<\/tbody>\n<\/table>\n<p><\/p>","protected":false},"excerpt":{"rendered":"<p>&nbsp;<\/p>\n<p class=\"alternative\"><strong>Termination Board<\/strong><\/p>\n<ul>\n<li>For 16 modules<\/li>\n<li>24 V DC supply<\/li>\n<li>Supported signal types: DI\/DO\/AI\/TI\/AO<\/li>\n<li>Hazardous area: screw terminals, blue<\/li>\n<li>Non-hazardous area: screw terminals, black<\/li>\n<\/ul>\n","protected":false},"featured_media":1933,"comment_status":"open","ping_status":"closed","template":"","meta":[],"product_cat":[101,102],"product_tag":[],"yoast_head":"<!-- This site is optimized with the Yoast SEO plugin v16.6.1 - https:\/\/yoast.com\/wordpress\/plugins\/seo\/ -->\n<title>HiCTB16-SCT-44C-SC-RA - NEW SKY CO.,LTD<\/title>\n<meta name=\"robots\" content=\"index, follow, max-snippet:-1, max-image-preview:large, max-video-preview:-1\" \/>\n<link rel=\"canonical\" href=\"https:\/\/newskyvn.com\/product\/hictb16-sct-44c-sc-ra\/\" \/>\n<meta property=\"og:locale\" content=\"en_US\" \/>\n<meta property=\"og:type\" content=\"article\" \/>\n<meta property=\"og:title\" content=\"HiCTB16-SCT-44C-SC-RA - NEW SKY CO.,LTD\" \/>\n<meta property=\"og:description\" content=\"[:vi]&nbsp;  Bo m\u1ea1ch \u0111\u1ea5u n\u1ed1i   \u0110\u1ed1i v\u1edbi 16 m\u00f4-\u0111un  Ngu\u1ed3n cung c\u1ea5p 24 V DC  C\u00e1c lo\u1ea1i t\u00edn hi\u1ec7u \u0111\u01b0\u1ee3c h\u1ed7 tr\u1ee3: DI \/ DO \/ AI \/ TI \/ AO  Khu v\u1ef1c nguy hi\u1ec3m: thi\u1ebft b\u1ecb \u0111\u1ea7u cu\u1ed1i v\u00edt, m\u00e0u xanh lam  Khu v\u1ef1c kh\u00f4ng nguy hi\u1ec3m: thi\u1ebft b\u1ecb \u0111\u1ea7u cu\u1ed1i v\u00edt, m\u00e0u \u0111en [:en]&nbsp; Termination Board    For 16 modules  24 V DC supply  Supported signal types: DI\/DO\/AI\/TI\/AO  Hazardous area: screw terminals, blue  Non-hazardous area: screw terminals, black [:]\" \/>\n<meta property=\"og:url\" content=\"https:\/\/newskyvn.com\/product\/hictb16-sct-44c-sc-ra\/\" \/>\n<meta property=\"og:site_name\" content=\"NEW SKY CO.,LTD\" \/>\n<meta property=\"article:modified_time\" content=\"2021-09-29T08:47:52+00:00\" \/>\n<meta property=\"og:image\" content=\"https:\/\/newskyvn.com\/wp-content\/uploads\/2021\/09\/b240168a.png\" \/>\n\t<meta property=\"og:image:width\" content=\"455\" \/>\n\t<meta property=\"og:image:height\" content=\"500\" \/>\n<meta name=\"twitter:card\" content=\"summary_large_image\" \/>\n<meta name=\"twitter:label1\" content=\"Est. reading time\" \/>\n\t<meta name=\"twitter:data1\" content=\"3 minutes\" \/>\n<script type=\"application\/ld+json\" class=\"yoast-schema-graph\">{\"@context\":\"https:\/\/schema.org\",\"@graph\":[{\"@type\":\"WebSite\",\"@id\":\"https:\/\/newskyvn.com\/#website\",\"url\":\"https:\/\/newskyvn.com\/\",\"name\":\"NEW SKY CO.,LTD\",\"description\":\"C\\u00f4ng Ty TNHH S\\u1ea3n Xu\\u1ea5t Th\\u01b0\\u01a1ng M\\u1ea1i D\\u1ecbch V\\u1ee5 T\\u00e2n Thi\\u00ean\",\"potentialAction\":[{\"@type\":\"SearchAction\",\"target\":{\"@type\":\"EntryPoint\",\"urlTemplate\":\"https:\/\/newskyvn.com\/?s={search_term_string}\"},\"query-input\":\"required name=search_term_string\"}],\"inLanguage\":\"en-US\"},{\"@type\":\"ImageObject\",\"@id\":\"https:\/\/newskyvn.com\/product\/hictb16-sct-44c-sc-ra\/#primaryimage\",\"inLanguage\":\"en-US\",\"url\":\"https:\/\/newskyvn.com\/wp-content\/uploads\/2021\/09\/b240168a.png\",\"contentUrl\":\"https:\/\/newskyvn.com\/wp-content\/uploads\/2021\/09\/b240168a.png\",\"width\":455,\"height\":500},{\"@type\":\"WebPage\",\"@id\":\"https:\/\/newskyvn.com\/product\/hictb16-sct-44c-sc-ra\/#webpage\",\"url\":\"https:\/\/newskyvn.com\/product\/hictb16-sct-44c-sc-ra\/\",\"name\":\"HiCTB16-SCT-44C-SC-RA - NEW SKY CO.,LTD\",\"isPartOf\":{\"@id\":\"https:\/\/newskyvn.com\/#website\"},\"primaryImageOfPage\":{\"@id\":\"https:\/\/newskyvn.com\/product\/hictb16-sct-44c-sc-ra\/#primaryimage\"},\"datePublished\":\"2021-09-29T08:47:51+00:00\",\"dateModified\":\"2021-09-29T08:47:52+00:00\",\"breadcrumb\":{\"@id\":\"https:\/\/newskyvn.com\/product\/hictb16-sct-44c-sc-ra\/#breadcrumb\"},\"inLanguage\":\"en-US\",\"potentialAction\":[{\"@type\":\"ReadAction\",\"target\":[\"https:\/\/newskyvn.com\/product\/hictb16-sct-44c-sc-ra\/\"]}]},{\"@type\":\"BreadcrumbList\",\"@id\":\"https:\/\/newskyvn.com\/product\/hictb16-sct-44c-sc-ra\/#breadcrumb\",\"itemListElement\":[{\"@type\":\"ListItem\",\"position\":1,\"name\":\"Product\",\"item\":\"https:\/\/newskyvn.com\/en\/san-pham\/\"},{\"@type\":\"ListItem\",\"position\":2,\"name\":\"HiCTB16-SCT-44C-SC-RA\"}]}]}<\/script>\n<!-- \/ Yoast SEO plugin. -->","_links":{"self":[{"href":"https:\/\/newskyvn.com\/en\/wp-json\/wp\/v2\/product\/1931"}],"collection":[{"href":"https:\/\/newskyvn.com\/en\/wp-json\/wp\/v2\/product"}],"about":[{"href":"https:\/\/newskyvn.com\/en\/wp-json\/wp\/v2\/types\/product"}],"replies":[{"embeddable":true,"href":"https:\/\/newskyvn.com\/en\/wp-json\/wp\/v2\/comments?post=1931"}],"wp:featuredmedia":[{"embeddable":true,"href":"https:\/\/newskyvn.com\/en\/wp-json\/wp\/v2\/media\/1933"}],"wp:attachment":[{"href":"https:\/\/newskyvn.com\/en\/wp-json\/wp\/v2\/media?parent=1931"}],"wp:term":[{"taxonomy":"product_cat","embeddable":true,"href":"https:\/\/newskyvn.com\/en\/wp-json\/wp\/v2\/product_cat?post=1931"},{"taxonomy":"product_tag","embeddable":true,"href":"https:\/\/newskyvn.com\/en\/wp-json\/wp\/v2\/product_tag?post=1931"}],"curies":[{"name":"wp","href":"https:\/\/api.w.org\/{rel}","templated":true}]}}