{"id":1928,"date":"2021-09-29T08:35:37","date_gmt":"2021-09-29T08:35:37","guid":{"rendered":"https:\/\/newskyvn.com\/?post_type=product&#038;p=1928"},"modified":"2021-09-29T08:35:38","modified_gmt":"2021-09-29T08:35:38","slug":"k-rack-1-ww-01-y-mb","status":"publish","type":"product","link":"https:\/\/newskyvn.com\/en\/product\/k-rack-1-ww-01-y-mb\/","title":{"rendered":"K-RACK.1.**.*.*.WW.01-Y******* MB"},"content":{"rendered":"<p>&nbsp;<\/p>\n<p><span style=\"color: #0000ff;\"><strong>TECHNICAL DATA OF K-RACK.1.**.*.*.WW.01-Y******* MB<\/strong><\/span><\/p>\n<table class=\"standard enum\">\n<tbody>\n<tr>\n<th colspan=\"3\">lots<\/th>\n<\/tr>\n<tr>\n<td colspan=\"2\">Supply<\/td>\n<td>max. 2 , see section application<\/td>\n<\/tr>\n<tr>\n<td colspan=\"2\">Isolators<\/td>\n<td>max. 34 , see section application<\/td>\n<\/tr>\n<tr>\n<th colspan=\"3\">Supply<\/th>\n<\/tr>\n<tr>\n<td colspan=\"2\">Connection<\/td>\n<td>isolator power supply via marshalling patchboards or Power Rail<\/td>\n<\/tr>\n<tr>\n<td colspan=\"2\">Nominal voltage<\/td>\n<td>24 V DC , in consideration of rated voltage of used isolators<\/td>\n<\/tr>\n<tr>\n<td colspan=\"2\">Fusing<\/td>\n<td>max. 4 A , in consideration of rated voltage of used isolators<\/td>\n<\/tr>\n<tr>\n<td colspan=\"2\">Redundancy<\/td>\n<td>redudnancy possible, depends on the used power feed module<\/td>\n<\/tr>\n<tr>\n<th colspan=\"3\">Directive conformity<\/th>\n<\/tr>\n<tr>\n<td colspan=\"2\">Electromagnetic compatibility<\/td>\n<td><\/td>\n<\/tr>\n<tr>\n<td><\/td>\n<td>Directive 2014\/30\/EU<\/td>\n<td class=\"subattribute\">EN 61439-1:2011 (J.9.4.2 b) , EN 61439-2:2011<\/td>\n<\/tr>\n<tr>\n<td colspan=\"2\">RoHS<\/td>\n<td><\/td>\n<\/tr>\n<tr>\n<td><\/td>\n<td>Directive 2011\/65\/EU (RoHS)<\/td>\n<td class=\"subattribute\">EN IEC 63000:2018<\/td>\n<\/tr>\n<tr>\n<th colspan=\"3\">Ambient conditions<\/th>\n<\/tr>\n<tr>\n<td colspan=\"2\">Ambient temperature<\/td>\n<td>-20 &#8230; 60 \u00b0C (-4 &#8230; 140 \u00b0F)<\/td>\n<\/tr>\n<tr>\n<th colspan=\"3\">Mechanical specifications<\/th>\n<\/tr>\n<tr>\n<td colspan=\"2\">Connection<\/td>\n<td><\/td>\n<\/tr>\n<tr>\n<td><\/td>\n<td>Field side<\/td>\n<td class=\"subattribute\">marshalling patchboards<\/td>\n<\/tr>\n<tr>\n<td><\/td>\n<td>Control side<\/td>\n<td class=\"subattribute\">marshalling patchboards<\/td>\n<\/tr>\n<tr>\n<td><\/td>\n<td>Supply<\/td>\n<td class=\"subattribute\">marshalling patchboards or Power Rail<\/td>\n<\/tr>\n<tr>\n<td colspan=\"2\">Core cross-section<\/td>\n<td>field side: max. 2.5 mm<sup>2<\/sup><br \/>\ncontrol side: max. 2.5 mm<sup>2<\/sup><br \/>\ninternal signal wiring: 0.25 mm<sup>2<\/sup><br \/>\nsupply: max. 1.5 mm<sup>2<\/sup><\/td>\n<\/tr>\n<tr>\n<td colspan=\"2\">Material<\/td>\n<td><\/td>\n<\/tr>\n<tr>\n<td><\/td>\n<td>Housing<\/td>\n<td class=\"subattribute\">galvanized steel<\/td>\n<\/tr>\n<tr>\n<td><\/td>\n<td>Surface<\/td>\n<td class=\"subattribute\">galvanized , vibratory finishing<\/td>\n<\/tr>\n<tr>\n<td colspan=\"2\">Mass<\/td>\n<td>approx. 4 kg , without modules<\/td>\n<\/tr>\n<tr>\n<td colspan=\"2\">Dimensions<\/td>\n<td>(W x H x D)<br \/>\n485 mm x 132 mm x 339 mm<\/td>\n<\/tr>\n<tr>\n<td colspan=\"2\">Mounting<\/td>\n<td>slotted hole 8 x 10 mm<\/td>\n<\/tr>\n<tr>\n<td colspan=\"2\">Grounding<\/td>\n<td>via front fastening M8 , via lateral fastening on both sides M5<\/td>\n<\/tr>\n<tr>\n<th colspan=\"3\">General information<\/th>\n<\/tr>\n<tr>\n<td colspan=\"2\">Supplementary information<\/td>\n<td>Observe the certificates, declarations of conformity, instruction manuals, and manuals where applicable. For information see www.pepperl-fuchs.com.<\/td>\n<\/tr>\n<\/tbody>\n<\/table>\n<p>&nbsp;<\/p>\n<h2>Classifications<\/h2>\n<table class=\"standard enum\">\n<tbody>\n<tr>\n<th>System<\/th>\n<th>Classcode<\/th>\n<\/tr>\n<tr>\n<td>ECLASS 11.0<\/td>\n<td>27219290<\/td>\n<\/tr>\n<tr>\n<td>ECLASS 10.0.1<\/td>\n<td>27219290<\/td>\n<\/tr>\n<tr>\n<td>ECLASS 9.0<\/td>\n<td>27219290<\/td>\n<\/tr>\n<tr>\n<td>ECLASS 8.0<\/td>\n<td>27219290<\/td>\n<\/tr>\n<tr>\n<td>ECLASS 5.1<\/td>\n<td>27279201<\/td>\n<\/tr>\n<tr>\n<td>ETIM 8.0<\/td>\n<td>EC003015<\/td>\n<\/tr>\n<tr>\n<td>ETIM 7.0<\/td>\n<td>EC003015<\/td>\n<\/tr>\n<tr>\n<td>ETIM 6.0<\/td>\n<td>EC003015<\/td>\n<\/tr>\n<tr>\n<td>UNSPSC 12.1<\/td>\n<td>32101514<\/td>\n<\/tr>\n<\/tbody>\n<\/table>\n<p><\/p>","protected":false},"excerpt":{"rendered":"<p>&nbsp;<\/p>\n<p class=\"alternative\"><strong>Subrack\u00a0<\/strong><\/p>\n<ul id=\"productfeatures\">\n<li>Subrack for K-System<\/li>\n<li>Replacement for subrack of the E-System<\/li>\n<li>Max. 33 slots for isolators<\/li>\n<li>Long design (300 mm mounting depth)<\/li>\n<li>Connection via marshalling patchboards<\/li>\n<li>With middle sheet and cable duct<\/li>\n<li>Partial and combined assembly possible<\/li>\n<li>Complete wiring according to customer requirements<\/li>\n<li>Allows to retain cable routing in the switch cabinet<\/li>\n<li>No structural changes on the swith cabinet required<\/li>\n<\/ul>\n","protected":false},"featured_media":1930,"comment_status":"open","ping_status":"closed","template":"","meta":[],"product_cat":[101,102],"product_tag":[],"yoast_head":"<!-- This site is optimized with the Yoast SEO plugin v16.6.1 - https:\/\/yoast.com\/wordpress\/plugins\/seo\/ -->\n<title>K-RACK.1.**.*.*.WW.01-Y******* MB - NEW SKY CO.,LTD<\/title>\n<meta name=\"robots\" content=\"index, follow, max-snippet:-1, max-image-preview:large, max-video-preview:-1\" \/>\n<link rel=\"canonical\" href=\"https:\/\/newskyvn.com\/product\/k-rack-1-ww-01-y-mb\/\" \/>\n<meta property=\"og:locale\" content=\"en_US\" \/>\n<meta property=\"og:type\" content=\"article\" \/>\n<meta property=\"og:title\" content=\"K-RACK.1.**.*.*.WW.01-Y******* MB - NEW SKY CO.,LTD\" \/>\n<meta property=\"og:description\" content=\"[:vi]&nbsp;  T\u1ee7 d\u00f9ng cho c\u00e1c b\u1ed9 c\u00e1ch ly d\u00f2ng K.   Subrack cho K-System  Thay th\u1ebf cho subrack c\u1ee7a H\u1ec7 th\u1ed1ng \u0111i\u1ec7n t\u1eed  T\u1ed1i \u0111a\u00a033 khe c\u1eafm cho b\u1ed9 c\u00e1ch ly  Thi\u1ebft k\u1ebf d\u00e0i (chi\u1ec1u s\u00e2u l\u1eafp 300 mm)  K\u1ebft n\u1ed1i qua b\u1ea3ng v\u00e1 l\u1ed7i marshalling  V\u1edbi t\u1ea5m gi\u1eefa v\u00e0 \u1ed1ng d\u1eabn c\u00e1p  C\u00f3 th\u1ec3 l\u1eafp r\u00e1p t\u1eebng ph\u1ea7n v\u00e0 k\u1ebft h\u1ee3p  Ho\u00e0n thi\u1ec7n h\u1ec7 th\u1ed1ng d\u00e2y \u0111i\u1ec7n theo y\u00eau c\u1ea7u c\u1ee7a kh\u00e1ch h\u00e0ng  Cho ph\u00e9p gi\u1eef l\u1ea1i \u0111\u1ecbnh tuy\u1ebfn c\u00e1p trong t\u1ee7 chuy\u1ec3n m\u1ea1ch  Kh\u00f4ng y\u00eau c\u1ea7u thay \u0111\u1ed5i c\u1ea5u tr\u00fac tr\u00ean t\u1ee7 swith [:en]&nbsp; Subrack\u00a0    Subrack for K-System  Replacement for subrack of the E-System  Max. 33 slots for isolators  Long design (300 mm mounting depth)  Connection via marshalling patchboards  With middle sheet and cable duct  Partial and combined assembly possible  Complete wiring according to customer requirements  Allows to retain cable routing in the switch cabinet  No structural changes on the swith cabinet required [:]\" \/>\n<meta property=\"og:url\" content=\"https:\/\/newskyvn.com\/product\/k-rack-1-ww-01-y-mb\/\" \/>\n<meta property=\"og:site_name\" content=\"NEW SKY CO.,LTD\" \/>\n<meta property=\"article:modified_time\" content=\"2021-09-29T08:35:38+00:00\" \/>\n<meta property=\"og:image\" content=\"https:\/\/newskyvn.com\/wp-content\/uploads\/2021\/09\/b253432a.png\" \/>\n\t<meta property=\"og:image:width\" content=\"455\" \/>\n\t<meta property=\"og:image:height\" content=\"500\" \/>\n<meta name=\"twitter:card\" content=\"summary_large_image\" \/>\n<meta name=\"twitter:label1\" content=\"Est. reading time\" \/>\n\t<meta name=\"twitter:data1\" content=\"2 minutes\" \/>\n<script type=\"application\/ld+json\" class=\"yoast-schema-graph\">{\"@context\":\"https:\/\/schema.org\",\"@graph\":[{\"@type\":\"WebSite\",\"@id\":\"https:\/\/newskyvn.com\/#website\",\"url\":\"https:\/\/newskyvn.com\/\",\"name\":\"NEW SKY CO.,LTD\",\"description\":\"C\\u00f4ng Ty TNHH S\\u1ea3n Xu\\u1ea5t Th\\u01b0\\u01a1ng M\\u1ea1i D\\u1ecbch V\\u1ee5 T\\u00e2n Thi\\u00ean\",\"potentialAction\":[{\"@type\":\"SearchAction\",\"target\":{\"@type\":\"EntryPoint\",\"urlTemplate\":\"https:\/\/newskyvn.com\/?s={search_term_string}\"},\"query-input\":\"required name=search_term_string\"}],\"inLanguage\":\"en-US\"},{\"@type\":\"ImageObject\",\"@id\":\"https:\/\/newskyvn.com\/product\/k-rack-1-ww-01-y-mb\/#primaryimage\",\"inLanguage\":\"en-US\",\"url\":\"https:\/\/newskyvn.com\/wp-content\/uploads\/2021\/09\/b253432a.png\",\"contentUrl\":\"https:\/\/newskyvn.com\/wp-content\/uploads\/2021\/09\/b253432a.png\",\"width\":455,\"height\":500},{\"@type\":\"WebPage\",\"@id\":\"https:\/\/newskyvn.com\/product\/k-rack-1-ww-01-y-mb\/#webpage\",\"url\":\"https:\/\/newskyvn.com\/product\/k-rack-1-ww-01-y-mb\/\",\"name\":\"K-RACK.1.**.*.*.WW.01-Y******* MB - NEW SKY CO.,LTD\",\"isPartOf\":{\"@id\":\"https:\/\/newskyvn.com\/#website\"},\"primaryImageOfPage\":{\"@id\":\"https:\/\/newskyvn.com\/product\/k-rack-1-ww-01-y-mb\/#primaryimage\"},\"datePublished\":\"2021-09-29T08:35:37+00:00\",\"dateModified\":\"2021-09-29T08:35:38+00:00\",\"breadcrumb\":{\"@id\":\"https:\/\/newskyvn.com\/product\/k-rack-1-ww-01-y-mb\/#breadcrumb\"},\"inLanguage\":\"en-US\",\"potentialAction\":[{\"@type\":\"ReadAction\",\"target\":[\"https:\/\/newskyvn.com\/product\/k-rack-1-ww-01-y-mb\/\"]}]},{\"@type\":\"BreadcrumbList\",\"@id\":\"https:\/\/newskyvn.com\/product\/k-rack-1-ww-01-y-mb\/#breadcrumb\",\"itemListElement\":[{\"@type\":\"ListItem\",\"position\":1,\"name\":\"Product\",\"item\":\"https:\/\/newskyvn.com\/en\/san-pham\/\"},{\"@type\":\"ListItem\",\"position\":2,\"name\":\"K-RACK.1.**.*.*.WW.01-Y******* MB\"}]}]}<\/script>\n<!-- \/ Yoast SEO plugin. -->","_links":{"self":[{"href":"https:\/\/newskyvn.com\/en\/wp-json\/wp\/v2\/product\/1928"}],"collection":[{"href":"https:\/\/newskyvn.com\/en\/wp-json\/wp\/v2\/product"}],"about":[{"href":"https:\/\/newskyvn.com\/en\/wp-json\/wp\/v2\/types\/product"}],"replies":[{"embeddable":true,"href":"https:\/\/newskyvn.com\/en\/wp-json\/wp\/v2\/comments?post=1928"}],"wp:featuredmedia":[{"embeddable":true,"href":"https:\/\/newskyvn.com\/en\/wp-json\/wp\/v2\/media\/1930"}],"wp:attachment":[{"href":"https:\/\/newskyvn.com\/en\/wp-json\/wp\/v2\/media?parent=1928"}],"wp:term":[{"taxonomy":"product_cat","embeddable":true,"href":"https:\/\/newskyvn.com\/en\/wp-json\/wp\/v2\/product_cat?post=1928"},{"taxonomy":"product_tag","embeddable":true,"href":"https:\/\/newskyvn.com\/en\/wp-json\/wp\/v2\/product_tag?post=1928"}],"curies":[{"name":"wp","href":"https:\/\/api.w.org\/{rel}","templated":true}]}}