{"id":1903,"date":"2021-09-29T04:25:32","date_gmt":"2021-09-29T04:25:32","guid":{"rendered":"https:\/\/newskyvn.com\/?post_type=product&#038;p=1903"},"modified":"2021-09-29T04:25:33","modified_gmt":"2021-09-29T04:25:33","slug":"kfd0-scs-ex1-55","status":"publish","type":"product","link":"https:\/\/newskyvn.com\/en\/product\/kfd0-scs-ex1-55\/","title":{"rendered":"KFD0-SCS-Ex1.55"},"content":{"rendered":"<p>&nbsp;<\/p>\n<p><span style=\"color: #0000ff;\"><strong>TECHNICAL DATA OF KFD0-SCS-Ex1.55<\/strong><\/span><\/p>\n<table class=\"standard enum\">\n<tbody>\n<tr>\n<th colspan=\"3\">General specifications<\/th>\n<\/tr>\n<tr>\n<td colspan=\"2\">Signal type<\/td>\n<td>Analog input\/analog output<\/td>\n<\/tr>\n<tr>\n<th colspan=\"3\">Functional safety related parameters<\/th>\n<\/tr>\n<tr>\n<td colspan=\"2\">Safety Integrity Level (SIL)<\/td>\n<td>SIL 2<\/td>\n<\/tr>\n<tr>\n<th colspan=\"3\">Supply<\/th>\n<\/tr>\n<tr>\n<td colspan=\"2\">Rated voltage<\/td>\n<td>loop powered<\/td>\n<\/tr>\n<tr>\n<td colspan=\"2\">Power dissipation<\/td>\n<td>0.2 W<\/td>\n<\/tr>\n<tr>\n<th colspan=\"3\">Control circuit<\/th>\n<\/tr>\n<tr>\n<td colspan=\"2\">Connection<\/td>\n<td>terminals 8-, 9+<\/td>\n<\/tr>\n<tr>\n<td colspan=\"2\">Voltage<\/td>\n<td>max. 30 V DC<\/td>\n<\/tr>\n<tr>\n<td colspan=\"2\">Current<\/td>\n<td>4 &#8230; 20 mA (quiescent current &lt; 0.5 mA)<\/td>\n<\/tr>\n<tr>\n<td colspan=\"2\">Power dissipation<\/td>\n<td>150 mW at 20 mA and U<sub>in<\/sub>\u00a0&lt; 24 V<\/td>\n<\/tr>\n<tr>\n<th colspan=\"3\">Field circuit<\/th>\n<\/tr>\n<tr>\n<td colspan=\"2\">Connection<\/td>\n<td>terminals 1+, 2 \/ 3-<\/td>\n<\/tr>\n<tr>\n<td colspan=\"2\">Voltage<\/td>\n<td>\u2265 16 V for supply voltage &gt; 21 V<\/td>\n<\/tr>\n<tr>\n<td colspan=\"2\">Current<\/td>\n<td>4 &#8230; 20 mA (linear transmission 1 &#8230; 22 mA)<\/td>\n<\/tr>\n<tr>\n<td colspan=\"2\">Load<\/td>\n<td>\u2264 800 \u03a9 (at 20 mA)<\/td>\n<\/tr>\n<tr>\n<th colspan=\"3\">Transfer characteristics<\/th>\n<\/tr>\n<tr>\n<td colspan=\"2\">Voltage drop<\/td>\n<td>see note<\/td>\n<\/tr>\n<tr>\n<td colspan=\"2\">Influence of ambient temperature<\/td>\n<td>&lt; 0.5 \u00b5A\/K<\/td>\n<\/tr>\n<tr>\n<td colspan=\"2\">Damping<\/td>\n<td>approx. 3 dB<\/td>\n<\/tr>\n<tr>\n<td colspan=\"2\">Rise time<\/td>\n<td>\u2264 20 \u00b5s at 0 \u03a9, \u2264 600 \u00b5s with 800 \u03a9 load<\/td>\n<\/tr>\n<tr>\n<th colspan=\"3\">Indicators\/settings<\/th>\n<\/tr>\n<tr>\n<td colspan=\"2\">Labeling<\/td>\n<td>space for labeling at the front<\/td>\n<\/tr>\n<tr>\n<th colspan=\"3\">Directive conformity<\/th>\n<\/tr>\n<tr>\n<td colspan=\"2\">Electromagnetic compatibility<\/td>\n<td><\/td>\n<\/tr>\n<tr>\n<td><\/td>\n<td>Directive 2014\/30\/EU<\/td>\n<td class=\"subattribute\">EN 61326-1:2013 (industrial locations)<\/td>\n<\/tr>\n<tr>\n<th colspan=\"3\">Conformity<\/th>\n<\/tr>\n<tr>\n<td colspan=\"2\">Electromagnetic compatibility<\/td>\n<td>NE 21:2007<\/td>\n<\/tr>\n<tr>\n<td colspan=\"2\">Degree of protection<\/td>\n<td>IEC 60529:2001<\/td>\n<\/tr>\n<tr>\n<th colspan=\"3\">Ambient conditions<\/th>\n<\/tr>\n<tr>\n<td colspan=\"2\">Ambient temperature<\/td>\n<td>-20 &#8230; 60 \u00b0C (-4 &#8230; 140 \u00b0F)<\/td>\n<\/tr>\n<tr>\n<th colspan=\"3\">Mechanical specifications<\/th>\n<\/tr>\n<tr>\n<td colspan=\"2\">Degree of protection<\/td>\n<td>IP20<\/td>\n<\/tr>\n<tr>\n<td colspan=\"2\">Connection<\/td>\n<td>screw terminals<\/td>\n<\/tr>\n<tr>\n<td colspan=\"2\">Mass<\/td>\n<td>approx. 120 g<\/td>\n<\/tr>\n<tr>\n<td colspan=\"2\">Dimensions<\/td>\n<td>20 x 124 x 115 mm (0.8 x 4.9 x 4.5 inch) , housing type B2<\/td>\n<\/tr>\n<tr>\n<td colspan=\"2\">Mounting<\/td>\n<td>on 35 mm DIN mounting rail acc. to EN 60715:2001<\/td>\n<\/tr>\n<tr>\n<th colspan=\"3\">Data for application in connection with hazardous areas<\/th>\n<\/tr>\n<tr>\n<td colspan=\"2\">EU-Type Examination Certificate<\/td>\n<td>PTB 02 ATEX 2064<\/td>\n<\/tr>\n<tr>\n<td><\/td>\n<td>Marking<\/td>\n<td class=\"subattribute\"><img src=\"https:\/\/www.pepperl-fuchs.com\/web_img\/a100038a.jpg\" alt=\"Ex-Hexagon\" \/>\u00a0II (2)G [EEx ib] IIC<\/td>\n<\/tr>\n<tr>\n<td colspan=\"2\">Certificate<\/td>\n<td>PF 11 CERT 0902 X<\/td>\n<\/tr>\n<tr>\n<td><\/td>\n<td>Marking<\/td>\n<td class=\"subattribute\"><img src=\"https:\/\/www.pepperl-fuchs.com\/web_img\/a100038a.jpg\" alt=\"Ex-Hexagon\" \/>\u00a0II 3G Ex nA IIC T4 Gc<\/td>\n<\/tr>\n<tr>\n<td colspan=\"2\">Directive conformity<\/td>\n<td><\/td>\n<\/tr>\n<tr>\n<td><\/td>\n<td>Directive 2014\/34\/EU<\/td>\n<td class=\"subattribute\">EN 60079-0:2012+A11:2013 , EN 60079-11:2012 , EN 60079-15:2010<\/td>\n<\/tr>\n<tr>\n<th colspan=\"3\">International approvals<\/th>\n<\/tr>\n<tr>\n<td colspan=\"2\">FM approval<\/td>\n<td>device with FM approval on request<\/td>\n<\/tr>\n<\/tbody>\n<\/table>\n<p>&nbsp;<\/p>\n<h2>Classifications<\/h2>\n<table class=\"standard enum\">\n<tbody>\n<tr>\n<th>System<\/th>\n<th>Classcode<\/th>\n<\/tr>\n<tr>\n<td>ECLASS 11.0<\/td>\n<td>27210120<\/td>\n<\/tr>\n<tr>\n<td>ECLASS 10.0.1<\/td>\n<td>27210120<\/td>\n<\/tr>\n<tr>\n<td>ECLASS 9.0<\/td>\n<td>27210120<\/td>\n<\/tr>\n<tr>\n<td>ECLASS 8.0<\/td>\n<td>27210120<\/td>\n<\/tr>\n<tr>\n<td>ECLASS 5.1<\/td>\n<td>27210120<\/td>\n<\/tr>\n<tr>\n<td>ETIM 8.0<\/td>\n<td>EC002653<\/td>\n<\/tr>\n<tr>\n<td>ETIM 7.0<\/td>\n<td>EC002653<\/td>\n<\/tr>\n<tr>\n<td>ETIM 6.0<\/td>\n<td>EC002653<\/td>\n<\/tr>\n<tr>\n<td>ETIM 5.0<\/td>\n<td>EC001485<\/td>\n<\/tr>\n<tr>\n<td>UNSPSC 12.1<\/td>\n<td>32101514<\/td>\n<\/tr>\n<\/tbody>\n<\/table>\n<p><\/p>","protected":false},"excerpt":{"rendered":"<p>&nbsp;<\/p>\n<p class=\"alternative\"><strong>SMART Current Driver\/Repeate<\/strong><\/p>\n<ul id=\"productfeatures\">\n<li>1-channel isolated barrier<\/li>\n<li>24 V DC supply (loop powered)<\/li>\n<li>Current input\/output 4 mA &#8230; 20 mA<\/li>\n<li>HART I\/P or transmitter power supply<\/li>\n<li>Low voltage drop<\/li>\n<li>Line fault detection (LFD)<\/li>\n<li>Up to SIL 2 acc.\u00a0to\u00a0IEC\u00a061508<\/li>\n<\/ul>\n","protected":false},"featured_media":1905,"comment_status":"open","ping_status":"closed","template":"","meta":[],"product_cat":[101,102],"product_tag":[],"yoast_head":"<!-- This site is optimized with the Yoast SEO plugin v16.6.1 - https:\/\/yoast.com\/wordpress\/plugins\/seo\/ -->\n<title>KFD0-SCS-Ex1.55 - NEW SKY CO.,LTD<\/title>\n<meta name=\"robots\" content=\"index, follow, max-snippet:-1, max-image-preview:large, max-video-preview:-1\" \/>\n<link rel=\"canonical\" href=\"https:\/\/newskyvn.com\/product\/kfd0-scs-ex1-55\/\" \/>\n<meta property=\"og:locale\" content=\"en_US\" \/>\n<meta property=\"og:type\" content=\"article\" \/>\n<meta property=\"og:title\" content=\"KFD0-SCS-Ex1.55 - NEW SKY CO.,LTD\" \/>\n<meta property=\"og:description\" content=\"[:vi]&nbsp; B\u1ed9 \u0110i\u1ec1n Ch\u1ec9nh\/ Khu\u1ebfch \u0110\u1ea1i D\u00f2ng \u0110i\u1ec7n, Giao Ti\u1ebfp SMART    R\u00e0o c\u1ea3n c\u00e1ch ly 1 k\u00eanh  Ngu\u1ed3n cung c\u1ea5p 24 V DC (c\u1ea5p ngu\u1ed3n v\u00f2ng l\u1eb7p)  \u0110\u1ea7u v\u00e0o \/ \u0111\u1ea7u ra hi\u1ec7n t\u1ea1i 4 mA ... 20 mA  HART I \/ P ho\u1eb7c ngu\u1ed3n \u0111i\u1ec7n m\u00e1y ph\u00e1t  S\u1ee5t \u00e1p th\u1ea5p  Ph\u00e1t hi\u1ec7n l\u1ed7i \u0111\u01b0\u1eddng d\u00e2y (LFD)  L\u00ean \u0111\u1ebfn SIL 2 acc.\u00a0theo IEC 61508 [:en]&nbsp; SMART Current Driver\/Repeate    1-channel isolated barrier  24 V DC supply (loop powered)  Current input\/output 4 mA ... 20 mA  HART I\/P or transmitter power supply  Low voltage drop  Line fault detection (LFD)  Up to SIL 2 acc.\u00a0to\u00a0IEC\u00a061508 [:]\" \/>\n<meta property=\"og:url\" content=\"https:\/\/newskyvn.com\/product\/kfd0-scs-ex1-55\/\" \/>\n<meta property=\"og:site_name\" content=\"NEW SKY CO.,LTD\" \/>\n<meta property=\"article:modified_time\" content=\"2021-09-29T04:25:33+00:00\" \/>\n<meta property=\"og:image\" content=\"https:\/\/newskyvn.com\/wp-content\/uploads\/2021\/09\/b240176a.png\" \/>\n\t<meta property=\"og:image:width\" content=\"455\" \/>\n\t<meta property=\"og:image:height\" content=\"500\" \/>\n<meta name=\"twitter:card\" content=\"summary_large_image\" \/>\n<meta name=\"twitter:label1\" content=\"Est. reading time\" \/>\n\t<meta name=\"twitter:data1\" content=\"2 minutes\" \/>\n<script type=\"application\/ld+json\" class=\"yoast-schema-graph\">{\"@context\":\"https:\/\/schema.org\",\"@graph\":[{\"@type\":\"WebSite\",\"@id\":\"https:\/\/newskyvn.com\/#website\",\"url\":\"https:\/\/newskyvn.com\/\",\"name\":\"NEW SKY CO.,LTD\",\"description\":\"C\\u00f4ng Ty TNHH S\\u1ea3n Xu\\u1ea5t Th\\u01b0\\u01a1ng M\\u1ea1i D\\u1ecbch V\\u1ee5 T\\u00e2n Thi\\u00ean\",\"potentialAction\":[{\"@type\":\"SearchAction\",\"target\":{\"@type\":\"EntryPoint\",\"urlTemplate\":\"https:\/\/newskyvn.com\/?s={search_term_string}\"},\"query-input\":\"required name=search_term_string\"}],\"inLanguage\":\"en-US\"},{\"@type\":\"ImageObject\",\"@id\":\"https:\/\/newskyvn.com\/product\/kfd0-scs-ex1-55\/#primaryimage\",\"inLanguage\":\"en-US\",\"url\":\"https:\/\/newskyvn.com\/wp-content\/uploads\/2021\/09\/b240176a.png\",\"contentUrl\":\"https:\/\/newskyvn.com\/wp-content\/uploads\/2021\/09\/b240176a.png\",\"width\":455,\"height\":500},{\"@type\":\"WebPage\",\"@id\":\"https:\/\/newskyvn.com\/product\/kfd0-scs-ex1-55\/#webpage\",\"url\":\"https:\/\/newskyvn.com\/product\/kfd0-scs-ex1-55\/\",\"name\":\"KFD0-SCS-Ex1.55 - NEW SKY CO.,LTD\",\"isPartOf\":{\"@id\":\"https:\/\/newskyvn.com\/#website\"},\"primaryImageOfPage\":{\"@id\":\"https:\/\/newskyvn.com\/product\/kfd0-scs-ex1-55\/#primaryimage\"},\"datePublished\":\"2021-09-29T04:25:32+00:00\",\"dateModified\":\"2021-09-29T04:25:33+00:00\",\"breadcrumb\":{\"@id\":\"https:\/\/newskyvn.com\/product\/kfd0-scs-ex1-55\/#breadcrumb\"},\"inLanguage\":\"en-US\",\"potentialAction\":[{\"@type\":\"ReadAction\",\"target\":[\"https:\/\/newskyvn.com\/product\/kfd0-scs-ex1-55\/\"]}]},{\"@type\":\"BreadcrumbList\",\"@id\":\"https:\/\/newskyvn.com\/product\/kfd0-scs-ex1-55\/#breadcrumb\",\"itemListElement\":[{\"@type\":\"ListItem\",\"position\":1,\"name\":\"Product\",\"item\":\"https:\/\/newskyvn.com\/en\/san-pham\/\"},{\"@type\":\"ListItem\",\"position\":2,\"name\":\"KFD0-SCS-Ex1.55\"}]}]}<\/script>\n<!-- \/ Yoast SEO plugin. -->","_links":{"self":[{"href":"https:\/\/newskyvn.com\/en\/wp-json\/wp\/v2\/product\/1903"}],"collection":[{"href":"https:\/\/newskyvn.com\/en\/wp-json\/wp\/v2\/product"}],"about":[{"href":"https:\/\/newskyvn.com\/en\/wp-json\/wp\/v2\/types\/product"}],"replies":[{"embeddable":true,"href":"https:\/\/newskyvn.com\/en\/wp-json\/wp\/v2\/comments?post=1903"}],"wp:featuredmedia":[{"embeddable":true,"href":"https:\/\/newskyvn.com\/en\/wp-json\/wp\/v2\/media\/1905"}],"wp:attachment":[{"href":"https:\/\/newskyvn.com\/en\/wp-json\/wp\/v2\/media?parent=1903"}],"wp:term":[{"taxonomy":"product_cat","embeddable":true,"href":"https:\/\/newskyvn.com\/en\/wp-json\/wp\/v2\/product_cat?post=1903"},{"taxonomy":"product_tag","embeddable":true,"href":"https:\/\/newskyvn.com\/en\/wp-json\/wp\/v2\/product_tag?post=1903"}],"curies":[{"name":"wp","href":"https:\/\/api.w.org\/{rel}","templated":true}]}}