{"id":1900,"date":"2021-09-29T04:18:45","date_gmt":"2021-09-29T04:18:45","guid":{"rendered":"https:\/\/newskyvn.com\/?post_type=product&#038;p=1900"},"modified":"2021-09-29T04:18:46","modified_gmt":"2021-09-29T04:18:46","slug":"kfd2-hlc-ex1-d","status":"publish","type":"product","link":"https:\/\/newskyvn.com\/en\/product\/kfd2-hlc-ex1-d\/","title":{"rendered":"KFD2-HLC-Ex1.D"},"content":{"rendered":"<p>&nbsp;<\/p>\n<p><span style=\"color: #0000ff;\"><strong>TECHNICAL DATA OF KFD2-HLC-Ex1.D<\/strong><\/span><\/p>\n<table class=\"standard enum\">\n<tbody>\n<tr>\n<th colspan=\"3\">General specifications<\/th>\n<\/tr>\n<tr>\n<td colspan=\"2\">Signal type<\/td>\n<td>Analog input<\/td>\n<\/tr>\n<tr>\n<th colspan=\"3\">Supply<\/th>\n<\/tr>\n<tr>\n<td colspan=\"2\">Connection<\/td>\n<td>Power Rail or terminals 23+, 24-<\/td>\n<\/tr>\n<tr>\n<td colspan=\"2\">Rated voltage<\/td>\n<td>19 &#8230; 30 V DC<\/td>\n<\/tr>\n<tr>\n<td colspan=\"2\">Rated current<\/td>\n<td>approx. 120 mA at 24 V DC<\/td>\n<\/tr>\n<tr>\n<td colspan=\"2\">Power dissipation<\/td>\n<td>2.3 W<\/td>\n<\/tr>\n<tr>\n<td colspan=\"2\">Power consumption<\/td>\n<td>2.9 W<\/td>\n<\/tr>\n<tr>\n<th colspan=\"3\">HART signal channels (intrinsically safe)<\/th>\n<\/tr>\n<tr>\n<td colspan=\"2\">Conformity<\/td>\n<td>HART field device input (revision 5 to 7)<\/td>\n<\/tr>\n<tr>\n<th colspan=\"3\">Interface<\/th>\n<\/tr>\n<tr>\n<td colspan=\"2\">Programming interface<\/td>\n<td>programming socket<\/td>\n<\/tr>\n<tr>\n<th colspan=\"3\">Input<\/th>\n<\/tr>\n<tr>\n<td colspan=\"2\">Connection side<\/td>\n<td>field side<\/td>\n<\/tr>\n<tr>\n<td colspan=\"2\">Connection<\/td>\n<td>terminals 1, 2, 3, 4, 5, 6<\/td>\n<\/tr>\n<tr>\n<td colspan=\"2\">Open circuit voltage\/short-circuit current<\/td>\n<td>typ. 24 V \/ 28 mA<\/td>\n<\/tr>\n<tr>\n<td colspan=\"2\">Input resistance<\/td>\n<td>250 \u03a9 , 5\u00a0% (terminals 2, 3 and with jumper on 5, 6)<\/td>\n<\/tr>\n<tr>\n<td colspan=\"2\">Available voltage<\/td>\n<td>\u2265 15.5 V at 20 mA, short-circuit protected<\/td>\n<\/tr>\n<tr>\n<th colspan=\"3\">Output<\/th>\n<\/tr>\n<tr>\n<td colspan=\"2\">Connection side<\/td>\n<td>control side<\/td>\n<\/tr>\n<tr>\n<td colspan=\"2\">Connection<\/td>\n<td>output I: terminals 7, 8, 9 , output II: terminals 13, 14, 15 , output III: terminals 19, 20, 21<\/td>\n<\/tr>\n<tr>\n<td colspan=\"2\">Output signal<\/td>\n<td>analog<\/td>\n<\/tr>\n<tr>\n<td colspan=\"2\">Voltage range<\/td>\n<td>5 &#8230; 30 V , sink mode from external supply<\/td>\n<\/tr>\n<tr>\n<td colspan=\"2\">Current range<\/td>\n<td>4 &#8230; 20 mA , (source or sink mode)<\/td>\n<\/tr>\n<tr>\n<td colspan=\"2\">Load<\/td>\n<td>max. 650 \u03a9 , source mode<\/td>\n<\/tr>\n<tr>\n<td colspan=\"2\">Fault signal<\/td>\n<td>downscale I \u2264 2 mA, upscale I \u2265 21.5 mA (acc. NAMUR NE43) or hold measurement value<\/td>\n<\/tr>\n<tr>\n<td colspan=\"2\">Other outputs<\/td>\n<td>HART communicator on terminals 22, 24<\/td>\n<\/tr>\n<tr>\n<td colspan=\"2\">Collective error message<\/td>\n<td>Power Rail and LED red<\/td>\n<\/tr>\n<tr>\n<th colspan=\"3\">Transfer characteristics<\/th>\n<\/tr>\n<tr>\n<td colspan=\"2\">Output I, II, III<\/td>\n<td><\/td>\n<\/tr>\n<tr>\n<td><\/td>\n<td>Resolution<\/td>\n<td class=\"subattribute\">max. 2 \u00b5A<\/td>\n<\/tr>\n<tr>\n<td><\/td>\n<td>Accuracy<\/td>\n<td class=\"subattribute\">&lt; 20 \u00b5A, 10 \u00b5A typ.<\/td>\n<\/tr>\n<tr>\n<td><\/td>\n<td>Influence of ambient temperature<\/td>\n<td class=\"subattribute\">&lt; \u00b1 2 \u00b5A\/K<\/td>\n<\/tr>\n<tr>\n<td><\/td>\n<td>Duration of measurement\/Response delay<\/td>\n<td class=\"subattribute\">HART message acquisition time plus 100 ms<\/td>\n<\/tr>\n<tr>\n<th colspan=\"3\">Galvanic isolation<\/th>\n<\/tr>\n<tr>\n<td colspan=\"2\">Output I\/II\/III\/power supply<\/td>\n<td>functional insulation acc. to IEC 62103, rated insulation voltage 50 V<sub>eff<\/sub><\/td>\n<\/tr>\n<tr>\n<th colspan=\"3\">Indicators\/settings<\/th>\n<\/tr>\n<tr>\n<td colspan=\"2\">Display elements<\/td>\n<td>LEDs , display<\/td>\n<\/tr>\n<tr>\n<td colspan=\"2\">Control elements<\/td>\n<td>Control panel<\/td>\n<\/tr>\n<tr>\n<td colspan=\"2\">Configuration<\/td>\n<td>via operating buttons<br \/>\nvia PACTware<\/td>\n<\/tr>\n<tr>\n<td colspan=\"2\">Labeling<\/td>\n<td>space for labeling at the front<\/td>\n<\/tr>\n<tr>\n<th colspan=\"3\">Directive conformity<\/th>\n<\/tr>\n<tr>\n<td colspan=\"2\">Electromagnetic compatibility<\/td>\n<td><\/td>\n<\/tr>\n<tr>\n<td><\/td>\n<td>Directive 2014\/30\/EU<\/td>\n<td class=\"subattribute\">EN 61326-1:2013 (industrial locations)<\/td>\n<\/tr>\n<tr>\n<td colspan=\"2\">Low voltage<\/td>\n<td><\/td>\n<\/tr>\n<tr>\n<td><\/td>\n<td>Directive 2014\/35\/EU<\/td>\n<td class=\"subattribute\">EN 61010-1:2010<\/td>\n<\/tr>\n<tr>\n<th colspan=\"3\">Conformity<\/th>\n<\/tr>\n<tr>\n<td colspan=\"2\">Electromagnetic compatibility<\/td>\n<td>NE 21:2006<\/td>\n<\/tr>\n<tr>\n<td colspan=\"2\">Degree of protection<\/td>\n<td>IEC 60529:2001<\/td>\n<\/tr>\n<tr>\n<th colspan=\"3\">Ambient conditions<\/th>\n<\/tr>\n<tr>\n<td colspan=\"2\">Ambient temperature<\/td>\n<td>-20 &#8230; 60 \u00b0C (-4 &#8230; 140 \u00b0F)<br \/>\nextended ambient temperature range up to 70 \u00b0C (158 \u00b0F), refer to manual for necessary mounting conditions<\/td>\n<\/tr>\n<tr>\n<th colspan=\"3\">Mechanical specifications<\/th>\n<\/tr>\n<tr>\n<td colspan=\"2\">Degree of protection<\/td>\n<td>IP20<\/td>\n<\/tr>\n<tr>\n<td colspan=\"2\">Connection<\/td>\n<td>screw terminals<\/td>\n<\/tr>\n<tr>\n<td colspan=\"2\">Mass<\/td>\n<td>300 g<\/td>\n<\/tr>\n<tr>\n<td colspan=\"2\">Dimensions<\/td>\n<td>40 x 119 x 115 mm (1.6 x 4.7 x 4.5 inch) , housing type C3<\/td>\n<\/tr>\n<tr>\n<td colspan=\"2\">Mounting<\/td>\n<td>on 35 mm DIN mounting rail acc. to EN 60715:2001<\/td>\n<\/tr>\n<tr>\n<th colspan=\"3\">Data for application in connection with hazardous areas<\/th>\n<\/tr>\n<tr>\n<td colspan=\"2\">EU-type examination certificate<\/td>\n<td>BASEEFA 07 ATEX 0174<\/td>\n<\/tr>\n<tr>\n<td><\/td>\n<td>Marking<\/td>\n<td class=\"subattribute\"><img src=\"https:\/\/www.pepperl-fuchs.com\/web_img\/a100038a.jpg\" alt=\"Ex-Hexagon\" \/>\u00a0II (1)G [Ex ia Ga] IIC<br \/>\n<img src=\"https:\/\/www.pepperl-fuchs.com\/web_img\/a100038a.jpg\" alt=\"Ex-Hexagon\" \/>\u00a0II (1)D [Ex ia Da] IIIC<\/td>\n<\/tr>\n<tr>\n<td colspan=\"2\">Supply<\/td>\n<td><\/td>\n<\/tr>\n<tr>\n<td><\/td>\n<td>Maximum safe voltage<\/td>\n<td class=\"subattribute\">253 V AC (Attention! The rated voltage can be lower.)<\/td>\n<\/tr>\n<tr>\n<td colspan=\"2\">Equipment<\/td>\n<td>terminals 1, 4\/3 (with link between terminals 4 and 5)<\/td>\n<\/tr>\n<tr>\n<td><\/td>\n<td>Voltage\u00a0U<sub>o<\/sub><\/td>\n<td class=\"subattribute\">25.2 V<\/td>\n<\/tr>\n<tr>\n<td><\/td>\n<td>Current\u00a0I<sub>o<\/sub><\/td>\n<td class=\"subattribute\">104.9 mA<\/td>\n<\/tr>\n<tr>\n<td><\/td>\n<td>Power\u00a0P<sub>o<\/sub><\/td>\n<td class=\"subattribute\">0.661 W<\/td>\n<\/tr>\n<tr>\n<td><\/td>\n<td>Internal capacitance\u00a0C<sub>i<\/sub><\/td>\n<td class=\"subattribute\">1.1 nF<\/td>\n<\/tr>\n<tr>\n<td><\/td>\n<td>Internal inductance\u00a0L<sub>i<\/sub><\/td>\n<td class=\"subattribute\">0 mH<\/td>\n<\/tr>\n<tr>\n<td colspan=\"2\">Equipment<\/td>\n<td>terminals 2, 5\/3<\/td>\n<\/tr>\n<tr>\n<td><\/td>\n<td>Voltage\u00a0U<sub>i<\/sub><\/td>\n<td class=\"subattribute\">&lt; 28 V<\/td>\n<\/tr>\n<tr>\n<td><\/td>\n<td>Power\u00a0P<sub>i<\/sub><\/td>\n<td class=\"subattribute\">&lt; 1.33 W<\/td>\n<\/tr>\n<tr>\n<td><\/td>\n<td>Voltage\u00a0U<sub>o<\/sub><\/td>\n<td class=\"subattribute\">1.1 V<\/td>\n<\/tr>\n<tr>\n<td><\/td>\n<td>Current\u00a0I<sub>o<\/sub><\/td>\n<td class=\"subattribute\">11.9 mA<\/td>\n<\/tr>\n<tr>\n<td><\/td>\n<td>Power\u00a0P<sub>o<\/sub><\/td>\n<td class=\"subattribute\">4 mW<\/td>\n<\/tr>\n<tr>\n<td><\/td>\n<td>Internal capacitance\u00a0C<sub>i<\/sub><\/td>\n<td class=\"subattribute\">0 \u00b5F<\/td>\n<\/tr>\n<tr>\n<td><\/td>\n<td>Internal inductance\u00a0L<sub>i<\/sub><\/td>\n<td class=\"subattribute\">0 mH<\/td>\n<\/tr>\n<tr>\n<td colspan=\"2\">Output I, II, III<\/td>\n<td>terminals 7, 8, 9; 13, 14, 15; 19, 20, 21 non-intrinsically safe<\/td>\n<\/tr>\n<tr>\n<td><\/td>\n<td>Maximum safe voltage<\/td>\n<td class=\"subattribute\">253 V (Attention! U<sub>m<\/sub>\u00a0is no rated voltage.)<\/td>\n<\/tr>\n<tr>\n<td colspan=\"2\">Certificate<\/td>\n<td>PF 07 CERT 1142 X<\/td>\n<\/tr>\n<tr>\n<td><\/td>\n<td>Marking<\/td>\n<td class=\"subattribute\"><img src=\"https:\/\/www.pepperl-fuchs.com\/web_img\/a100038a.jpg\" alt=\"Ex-Hexagon\" \/>\u00a0II 3G Ex nA IIC T4 Gc<\/td>\n<\/tr>\n<tr>\n<td colspan=\"2\">Galvanic isolation<\/td>\n<td><\/td>\n<\/tr>\n<tr>\n<td><\/td>\n<td>Input\/Other circuits<\/td>\n<td class=\"subattribute\">safe electrical isolation acc. to IEC\/EN 60079-11, voltage peak value 375 V<\/td>\n<\/tr>\n<tr>\n<td colspan=\"2\">Directive conformity<\/td>\n<td><\/td>\n<\/tr>\n<tr>\n<td><\/td>\n<td>Directive 2014\/34\/EU<\/td>\n<td class=\"subattribute\">EN 60079-0:2012+A11:2013 , EN\u00a060079-11:2012 , EN 60079-15:2010<\/td>\n<\/tr>\n<tr>\n<th colspan=\"3\">International approvals<\/th>\n<\/tr>\n<tr>\n<td colspan=\"2\">FM approval<\/td>\n<td><\/td>\n<\/tr>\n<tr>\n<td><\/td>\n<td>Control drawing<\/td>\n<td class=\"subattribute\">116-0129<\/td>\n<\/tr>\n<tr>\n<td colspan=\"2\">IECEx approval<\/td>\n<td><\/td>\n<\/tr>\n<tr>\n<td><\/td>\n<td>IECEx certificate<\/td>\n<td class=\"subattribute\">IECEx BAS 07.0047<\/td>\n<\/tr>\n<tr>\n<td><\/td>\n<td>IECEx marking<\/td>\n<td class=\"subattribute\">[Ex ia Ga] IIC , [Ex ia Da] IIIC<\/td>\n<\/tr>\n<tr>\n<th colspan=\"3\">General information<\/th>\n<\/tr>\n<tr>\n<td colspan=\"2\">Supplementary information<\/td>\n<td>Observe the certificates, declarations of conformity, instruction manuals, and manuals where applicable. For information see www.pepperl-fuchs.com.<\/td>\n<\/tr>\n<\/tbody>\n<\/table>\n<p>&nbsp;<\/p>\n<h2>Classifications<\/h2>\n<table class=\"standard enum\">\n<tbody>\n<tr>\n<th>System<\/th>\n<th>Classcode<\/th>\n<\/tr>\n<tr>\n<td>ECLASS 11.0<\/td>\n<td>27210190<\/td>\n<\/tr>\n<tr>\n<td>ECLASS 10.0.1<\/td>\n<td>27210190<\/td>\n<\/tr>\n<tr>\n<td>ECLASS 9.0<\/td>\n<td>27210190<\/td>\n<\/tr>\n<tr>\n<td>ECLASS 8.0<\/td>\n<td>27210190<\/td>\n<\/tr>\n<tr>\n<td>ECLASS 5.1<\/td>\n<td>27242692<\/td>\n<\/tr>\n<tr>\n<td>ETIM 8.0<\/td>\n<td>EC001601<\/td>\n<\/tr>\n<tr>\n<td>ETIM 7.0<\/td>\n<td>EC001601<\/td>\n<\/tr>\n<tr>\n<td>ETIM 6.0<\/td>\n<td>EC001601<\/td>\n<\/tr>\n<tr>\n<td>ETIM 5.0<\/td>\n<td>EC001597<\/td>\n<\/tr>\n<tr>\n<td>UNSPSC 12.1<\/td>\n<td>39121008<\/td>\n<\/tr>\n<\/tbody>\n<\/table>\n<p><\/p>","protected":false},"excerpt":{"rendered":"<p>&nbsp;<\/p>\n<p class=\"alternative\"><strong>HART Loop Converter<\/strong><\/p>\n<ul id=\"productfeatures\">\n<li>1-channel isolated barrier<\/li>\n<li>24 V DC supply (Power Rail)<\/li>\n<li>HART field device input with transmitter power supply<\/li>\n<li>Usable as signal splitter (1 input and several outputs)<\/li>\n<li>3 analog outputs 4 mA &#8230; 20 mA<\/li>\n<li>Sink and source mode output<\/li>\n<li>Configurable by keypad<\/li>\n<\/ul>\n","protected":false},"featured_media":1902,"comment_status":"open","ping_status":"closed","template":"","meta":[],"product_cat":[101,102],"product_tag":[],"yoast_head":"<!-- This site is optimized with the Yoast SEO plugin v16.6.1 - https:\/\/yoast.com\/wordpress\/plugins\/seo\/ -->\n<title>KFD2-HLC-Ex1.D - NEW SKY CO.,LTD<\/title>\n<meta name=\"robots\" content=\"index, follow, max-snippet:-1, max-image-preview:large, max-video-preview:-1\" \/>\n<link rel=\"canonical\" href=\"https:\/\/newskyvn.com\/product\/kfd2-hlc-ex1-d\/\" \/>\n<meta property=\"og:locale\" content=\"en_US\" \/>\n<meta property=\"og:type\" content=\"article\" \/>\n<meta property=\"og:title\" content=\"KFD2-HLC-Ex1.D - NEW SKY CO.,LTD\" \/>\n<meta property=\"og:description\" content=\"[:vi]&nbsp; B\u1ed9 chuy\u1ec3n \u0111\u1ed5i v\u00f2ng l\u1eb7p chu\u1ea9n giao ti\u1ebfp HART    R\u00e0o c\u1ea3n c\u00e1ch ly 1 k\u00eanh  Ngu\u1ed3n cung c\u1ea5p 24 V DC (\u0110\u01b0\u1eddng ray \u0111i\u1ec7n)  \u0110\u1ea7u v\u00e0o thi\u1ebft b\u1ecb chu\u1ea9n k\u1ebft n\u1ed1i HART v\u1edbi ngu\u1ed3n \u0111i\u1ec7n m\u00e1y ph\u00e1t  C\u00f3 th\u1ec3 s\u1eed d\u1ee5ng nh\u01b0 b\u1ed9 chia t\u00edn hi\u1ec7u (1 \u0111\u1ea7u v\u00e0o v\u00e0 m\u1ed9t s\u1ed1 \u0111\u1ea7u ra)  3 \u0111\u1ea7u ra t\u01b0\u01a1ng t\u1ef1 4 mA ... 20 mA  \u0110\u1ea7u ra ch\u1ebf \u0111\u1ed9 ngu\u1ed3n v\u00e0 ch\u00ecm  C\u00f3 th\u1ec3 c\u1ea5u h\u00ecnh b\u1eb1ng b\u00e0n ph\u00edm  &nbsp;[:en]&nbsp; HART Loop Converter    1-channel isolated barrier  24 V DC supply (Power Rail)  HART field device input with transmitter power supply  Usable as signal splitter (1 input and several outputs)  3 analog outputs 4 mA ... 20 mA  Sink and source mode output  Configurable by keypad [:]\" \/>\n<meta property=\"og:url\" content=\"https:\/\/newskyvn.com\/product\/kfd2-hlc-ex1-d\/\" \/>\n<meta property=\"og:site_name\" content=\"NEW SKY CO.,LTD\" \/>\n<meta property=\"article:modified_time\" content=\"2021-09-29T04:18:46+00:00\" \/>\n<meta property=\"og:image\" content=\"https:\/\/newskyvn.com\/wp-content\/uploads\/2021\/09\/b248920a.png\" \/>\n\t<meta property=\"og:image:width\" content=\"200\" \/>\n\t<meta property=\"og:image:height\" content=\"220\" \/>\n<meta name=\"twitter:card\" content=\"summary_large_image\" \/>\n<meta name=\"twitter:label1\" content=\"Est. reading time\" \/>\n\t<meta name=\"twitter:data1\" content=\"4 minutes\" \/>\n<script type=\"application\/ld+json\" class=\"yoast-schema-graph\">{\"@context\":\"https:\/\/schema.org\",\"@graph\":[{\"@type\":\"WebSite\",\"@id\":\"https:\/\/newskyvn.com\/#website\",\"url\":\"https:\/\/newskyvn.com\/\",\"name\":\"NEW SKY CO.,LTD\",\"description\":\"C\\u00f4ng Ty TNHH S\\u1ea3n Xu\\u1ea5t Th\\u01b0\\u01a1ng M\\u1ea1i D\\u1ecbch V\\u1ee5 T\\u00e2n Thi\\u00ean\",\"potentialAction\":[{\"@type\":\"SearchAction\",\"target\":{\"@type\":\"EntryPoint\",\"urlTemplate\":\"https:\/\/newskyvn.com\/?s={search_term_string}\"},\"query-input\":\"required name=search_term_string\"}],\"inLanguage\":\"en-US\"},{\"@type\":\"ImageObject\",\"@id\":\"https:\/\/newskyvn.com\/product\/kfd2-hlc-ex1-d\/#primaryimage\",\"inLanguage\":\"en-US\",\"url\":\"https:\/\/newskyvn.com\/wp-content\/uploads\/2021\/09\/b248920a.png\",\"contentUrl\":\"https:\/\/newskyvn.com\/wp-content\/uploads\/2021\/09\/b248920a.png\",\"width\":200,\"height\":220},{\"@type\":\"WebPage\",\"@id\":\"https:\/\/newskyvn.com\/product\/kfd2-hlc-ex1-d\/#webpage\",\"url\":\"https:\/\/newskyvn.com\/product\/kfd2-hlc-ex1-d\/\",\"name\":\"KFD2-HLC-Ex1.D - NEW SKY CO.,LTD\",\"isPartOf\":{\"@id\":\"https:\/\/newskyvn.com\/#website\"},\"primaryImageOfPage\":{\"@id\":\"https:\/\/newskyvn.com\/product\/kfd2-hlc-ex1-d\/#primaryimage\"},\"datePublished\":\"2021-09-29T04:18:45+00:00\",\"dateModified\":\"2021-09-29T04:18:46+00:00\",\"breadcrumb\":{\"@id\":\"https:\/\/newskyvn.com\/product\/kfd2-hlc-ex1-d\/#breadcrumb\"},\"inLanguage\":\"en-US\",\"potentialAction\":[{\"@type\":\"ReadAction\",\"target\":[\"https:\/\/newskyvn.com\/product\/kfd2-hlc-ex1-d\/\"]}]},{\"@type\":\"BreadcrumbList\",\"@id\":\"https:\/\/newskyvn.com\/product\/kfd2-hlc-ex1-d\/#breadcrumb\",\"itemListElement\":[{\"@type\":\"ListItem\",\"position\":1,\"name\":\"Product\",\"item\":\"https:\/\/newskyvn.com\/en\/san-pham\/\"},{\"@type\":\"ListItem\",\"position\":2,\"name\":\"KFD2-HLC-Ex1.D\"}]}]}<\/script>\n<!-- \/ Yoast SEO plugin. -->","_links":{"self":[{"href":"https:\/\/newskyvn.com\/en\/wp-json\/wp\/v2\/product\/1900"}],"collection":[{"href":"https:\/\/newskyvn.com\/en\/wp-json\/wp\/v2\/product"}],"about":[{"href":"https:\/\/newskyvn.com\/en\/wp-json\/wp\/v2\/types\/product"}],"replies":[{"embeddable":true,"href":"https:\/\/newskyvn.com\/en\/wp-json\/wp\/v2\/comments?post=1900"}],"wp:featuredmedia":[{"embeddable":true,"href":"https:\/\/newskyvn.com\/en\/wp-json\/wp\/v2\/media\/1902"}],"wp:attachment":[{"href":"https:\/\/newskyvn.com\/en\/wp-json\/wp\/v2\/media?parent=1900"}],"wp:term":[{"taxonomy":"product_cat","embeddable":true,"href":"https:\/\/newskyvn.com\/en\/wp-json\/wp\/v2\/product_cat?post=1900"},{"taxonomy":"product_tag","embeddable":true,"href":"https:\/\/newskyvn.com\/en\/wp-json\/wp\/v2\/product_tag?post=1900"}],"curies":[{"name":"wp","href":"https:\/\/api.w.org\/{rel}","templated":true}]}}