{"id":1897,"date":"2021-09-29T03:41:55","date_gmt":"2021-09-29T03:41:55","guid":{"rendered":"https:\/\/newskyvn.com\/?post_type=product&#038;p=1897"},"modified":"2021-09-29T03:41:55","modified_gmt":"2021-09-29T03:41:55","slug":"kfd2-stc5-ex2","status":"publish","type":"product","link":"https:\/\/newskyvn.com\/en\/product\/kfd2-stc5-ex2\/","title":{"rendered":"KFD2-STC5-Ex2"},"content":{"rendered":"<p>&nbsp;<\/p>\n<p><span style=\"color: #0000ff;\"><strong>TECHNICAL DATA OF KFD2-STC5-Ex2<\/strong><\/span><\/p>\n<table class=\"standard enum\">\n<tbody>\n<tr>\n<th colspan=\"3\">General specifications<\/th>\n<\/tr>\n<tr>\n<td colspan=\"2\">Signal type<\/td>\n<td>Analog input<\/td>\n<\/tr>\n<tr>\n<th colspan=\"3\">Functional safety related parameters<\/th>\n<\/tr>\n<tr>\n<td colspan=\"2\">Safety Integrity Level (SIL)<\/td>\n<td>SIL 2<\/td>\n<\/tr>\n<tr>\n<td colspan=\"2\">Systematic capability (SC)<\/td>\n<td>SC 3<\/td>\n<\/tr>\n<tr>\n<th colspan=\"3\">Supply<\/th>\n<\/tr>\n<tr>\n<td colspan=\"2\">Connection<\/td>\n<td>Power Rail or terminals 14+, 15-<\/td>\n<\/tr>\n<tr>\n<td colspan=\"2\">Rated voltage<\/td>\n<td>18 &#8230; 30 V DC<\/td>\n<\/tr>\n<tr>\n<td colspan=\"2\">Ripple<\/td>\n<td>within the supply tolerance<\/td>\n<\/tr>\n<tr>\n<td colspan=\"2\">Power dissipation<\/td>\n<td>\u2264 1.4 W at maximum load<\/td>\n<\/tr>\n<tr>\n<td colspan=\"2\">Power consumption<\/td>\n<td>\u2264 2.6 W at maximum load<\/td>\n<\/tr>\n<tr>\n<th colspan=\"3\">Input<\/th>\n<\/tr>\n<tr>\n<td colspan=\"2\">Connection side<\/td>\n<td>field side<\/td>\n<\/tr>\n<tr>\n<td colspan=\"2\">Connection<\/td>\n<td>terminals 1+, 2-, 3; 4+, 5-, 6<\/td>\n<\/tr>\n<tr>\n<td colspan=\"2\">Input signal<\/td>\n<td>0\/4 &#8230; 20 mA<\/td>\n<\/tr>\n<tr>\n<td colspan=\"2\">Open circuit voltage\/short-circuit current<\/td>\n<td>terminals 1+, 3; 4+, 6: 23 V \/ 25 mA<\/td>\n<\/tr>\n<tr>\n<td colspan=\"2\">Input resistance<\/td>\n<td>max. 265 \u03a9 terminals 2-, 3; 5-, 6 , max. 330 \u03a9 terminals 1+, 3; 4+, 6<\/td>\n<\/tr>\n<tr>\n<td colspan=\"2\">Available voltage<\/td>\n<td>\u2265 16 V at 20 mA ; \u2265 20 V at 4 mA , terminals 1+, 3; 4+, 6<\/td>\n<\/tr>\n<tr>\n<th colspan=\"3\">Output<\/th>\n<\/tr>\n<tr>\n<td colspan=\"2\">Connection side<\/td>\n<td>control side<\/td>\n<\/tr>\n<tr>\n<td colspan=\"2\">Connection<\/td>\n<td>terminals 7+, 8-, 9-; 10+, 11-, 12- (sink)<br \/>\nterminals 7-, 8+, 9+; 10-, 11+, 12+ (source)<br \/>\nsee additional information<\/td>\n<\/tr>\n<tr>\n<td colspan=\"2\">Load<\/td>\n<td>0 &#8230; 600 \u03a9<\/td>\n<\/tr>\n<tr>\n<td colspan=\"2\">Output signal<\/td>\n<td>0\/4 &#8230; 20 mA (overload &gt; 25 mA)<\/td>\n<\/tr>\n<tr>\n<td colspan=\"2\">Ripple<\/td>\n<td>max. 50 \u00b5A\u00a0<sub>rms<\/sub><\/td>\n<\/tr>\n<tr>\n<td colspan=\"2\">External supply (loop)<\/td>\n<td>2 &#8230; 30 V DC<\/td>\n<\/tr>\n<tr>\n<th colspan=\"3\">Transfer characteristics<\/th>\n<\/tr>\n<tr>\n<td colspan=\"2\">Deviation<\/td>\n<td>at 20 \u00b0C (68 \u00b0F), 0\/4 &#8230; 20 mA<br \/>\n\u2264 10 \u00b5A incl. calibration, linearity, hysteresis, loads and fluctuations of supply voltage<\/td>\n<\/tr>\n<tr>\n<td><\/td>\n<td>Influence of ambient temperature<\/td>\n<td class=\"subattribute\">\u2264 0.25 \u00b5A\/K<\/td>\n<\/tr>\n<tr>\n<td colspan=\"2\">Frequency range<\/td>\n<td>field side into the control side: band width with 1 V<sub>pp<\/sub>\u00a0signal 0 &#8230; 7.5 kHz (-3 dB)<br \/>\nsafe area to hazardous area: band width with 1 V<sub>SS<\/sub>\u00a0signal 0.3 &#8230; 7.5 kHz (-3 dB)<\/td>\n<\/tr>\n<tr>\n<td colspan=\"2\">Settling time<\/td>\n<td>200 \u00b5s<\/td>\n<\/tr>\n<tr>\n<td colspan=\"2\">Rise time\/fall time<\/td>\n<td>100 \u00b5s<\/td>\n<\/tr>\n<tr>\n<th colspan=\"3\">Galvanic isolation<\/th>\n<\/tr>\n<tr>\n<td colspan=\"2\">Output\/power supply<\/td>\n<td>functional insulation, rated insulation voltage 50 V AC<\/td>\n<\/tr>\n<tr>\n<td colspan=\"2\">Output\/Output<\/td>\n<td>functional insulation, rated insulation voltage 50 V AC<\/td>\n<\/tr>\n<tr>\n<th colspan=\"3\">Indicators\/settings<\/th>\n<\/tr>\n<tr>\n<td colspan=\"2\">Display elements<\/td>\n<td>LED<\/td>\n<\/tr>\n<tr>\n<td colspan=\"2\">Labeling<\/td>\n<td>space for labeling at the front<\/td>\n<\/tr>\n<tr>\n<th colspan=\"3\">Directive conformity<\/th>\n<\/tr>\n<tr>\n<td colspan=\"2\">Electromagnetic compatibility<\/td>\n<td><\/td>\n<\/tr>\n<tr>\n<td><\/td>\n<td>Directive 2014\/30\/EU<\/td>\n<td class=\"subattribute\">EN 61326-1:2013 (industrial locations)<\/td>\n<\/tr>\n<tr>\n<th colspan=\"3\">Conformity<\/th>\n<\/tr>\n<tr>\n<td colspan=\"2\">Electromagnetic compatibility<\/td>\n<td>NE 21:2012<br \/>\nEN 61326-3-2:2008<\/td>\n<\/tr>\n<tr>\n<td colspan=\"2\">Degree of protection<\/td>\n<td>IEC 60529:2001<\/td>\n<\/tr>\n<tr>\n<td colspan=\"2\">Protection against electrical shock<\/td>\n<td>UL 61010-1:2012<\/td>\n<\/tr>\n<tr>\n<th colspan=\"3\">Ambient conditions<\/th>\n<\/tr>\n<tr>\n<td colspan=\"2\">Ambient temperature<\/td>\n<td>-20 &#8230; 60 \u00b0C (-4 &#8230; 140 \u00b0F)<br \/>\nextended ambient temperature range up to 70 \u00b0C (158 \u00b0F), refer to manual for necessary mounting conditions<\/td>\n<\/tr>\n<tr>\n<th colspan=\"3\">Mechanical specifications<\/th>\n<\/tr>\n<tr>\n<td colspan=\"2\">Degree of protection<\/td>\n<td>IP20<\/td>\n<\/tr>\n<tr>\n<td colspan=\"2\">Connection<\/td>\n<td>screw terminals<\/td>\n<\/tr>\n<tr>\n<td colspan=\"2\">Mass<\/td>\n<td>approx. 200 g<\/td>\n<\/tr>\n<tr>\n<td colspan=\"2\">Dimensions<\/td>\n<td>20 x 124 x 115 mm (0.8 x 4.9 x 4.5 inch) , housing type B2<\/td>\n<\/tr>\n<tr>\n<td colspan=\"2\">Mounting<\/td>\n<td>on 35 mm DIN mounting rail acc. to EN 60715:2001<\/td>\n<\/tr>\n<tr>\n<th colspan=\"3\">Data for application in connection with hazardous areas<\/th>\n<\/tr>\n<tr>\n<td colspan=\"2\">EU-type examination certificate<\/td>\n<td>CML 17 ATEX 2031X<\/td>\n<\/tr>\n<tr>\n<td><\/td>\n<td>Marking<\/td>\n<td class=\"subattribute\"><img src=\"https:\/\/www.pepperl-fuchs.com\/web_img\/a100038a.jpg\" alt=\"Ex-Hexagon\" \/>\u00a0II (1)G [Ex ia Ga] IIC<br \/>\n<img src=\"https:\/\/www.pepperl-fuchs.com\/web_img\/a100038a.jpg\" alt=\"Ex-Hexagon\" \/>\u00a0II (1)D [Ex ia Da] IIIC<br \/>\n<img src=\"https:\/\/www.pepperl-fuchs.com\/web_img\/a100038a.jpg\" alt=\"Ex-Hexagon\" \/>\u00a0I (M1) [Ex ia Ma] I<\/td>\n<\/tr>\n<tr>\n<td><\/td>\n<td>Input<\/td>\n<td class=\"subattribute\">[Ex ia Ga] IIC, [Ex ia Da] IIIC, [Ex ia Ma] I<\/td>\n<\/tr>\n<tr>\n<td colspan=\"2\">Supply<\/td>\n<td><\/td>\n<\/tr>\n<tr>\n<td><\/td>\n<td>Maximum safe voltage<\/td>\n<td class=\"subattribute\">250 V (Attention! The rated voltage can be lower.)<\/td>\n<\/tr>\n<tr>\n<td colspan=\"2\">Equipment<\/td>\n<td>terminals 1+, 3-; 4+, 6-<\/td>\n<\/tr>\n<tr>\n<td><\/td>\n<td>Voltage\u00a0U<sub>o<\/sub><\/td>\n<td class=\"subattribute\">26.2 V<\/td>\n<\/tr>\n<tr>\n<td><\/td>\n<td>Voltage\u00a0U<sub>q<\/sub><\/td>\n<td class=\"subattribute\">27.25 V<\/td>\n<\/tr>\n<tr>\n<td><\/td>\n<td>Current\u00a0I<sub>o<\/sub><\/td>\n<td class=\"subattribute\">93 mA<\/td>\n<\/tr>\n<tr>\n<td><\/td>\n<td>Power\u00a0P<sub>o<\/sub><\/td>\n<td class=\"subattribute\">634 mW<\/td>\n<\/tr>\n<tr>\n<td colspan=\"2\">Equipment<\/td>\n<td>terminals 2-, 3+; 5-, 6+<\/td>\n<\/tr>\n<tr>\n<td><\/td>\n<td>Voltage\u00a0U<sub>i<\/sub><\/td>\n<td class=\"subattribute\">30 V<\/td>\n<\/tr>\n<tr>\n<td><\/td>\n<td>Current\u00a0I<sub>i<\/sub><\/td>\n<td class=\"subattribute\">115 mA<\/td>\n<\/tr>\n<tr>\n<td><\/td>\n<td>Power\u00a0P<sub>i<\/sub><\/td>\n<td class=\"subattribute\">max 1 W<\/td>\n<\/tr>\n<tr>\n<td><\/td>\n<td>Voltage\u00a0U<sub>o<\/sub><\/td>\n<td class=\"subattribute\">2 V<\/td>\n<\/tr>\n<tr>\n<td><\/td>\n<td>Current\u00a0I<sub>o<\/sub><\/td>\n<td class=\"subattribute\">8.5 mA<\/td>\n<\/tr>\n<tr>\n<td><\/td>\n<td>Power\u00a0P<sub>o<\/sub><\/td>\n<td class=\"subattribute\">4.3 mW<\/td>\n<\/tr>\n<tr>\n<td colspan=\"2\">Equipment<\/td>\n<td>terminals 1+, 2\/3-; 4+, 5\/6-<\/td>\n<\/tr>\n<tr>\n<td><\/td>\n<td>Voltage\u00a0U<sub>o<\/sub><\/td>\n<td class=\"subattribute\">26.2 V<\/td>\n<\/tr>\n<tr>\n<td><\/td>\n<td>Voltage\u00a0U<sub>q<\/sub><\/td>\n<td class=\"subattribute\">27.25 V<\/td>\n<\/tr>\n<tr>\n<td><\/td>\n<td>Current\u00a0I<sub>o<\/sub><\/td>\n<td class=\"subattribute\">115 mA<\/td>\n<\/tr>\n<tr>\n<td><\/td>\n<td>Power\u00a0P<sub>o<\/sub><\/td>\n<td class=\"subattribute\">784 mW<\/td>\n<\/tr>\n<tr>\n<td colspan=\"2\">Certificate<\/td>\n<td>CML 17 ATEX 3030X<\/td>\n<\/tr>\n<tr>\n<td><\/td>\n<td>Marking<\/td>\n<td class=\"subattribute\"><img src=\"https:\/\/www.pepperl-fuchs.com\/web_img\/a100038a.jpg\" alt=\"Ex-Hexagon\" \/>\u00a0II 3G Ex ec IIC T4 Gc<\/td>\n<\/tr>\n<tr>\n<td colspan=\"2\">Galvanic isolation<\/td>\n<td><\/td>\n<\/tr>\n<tr>\n<td><\/td>\n<td>Input\/Output<\/td>\n<td class=\"subattribute\">safe electrical isolation acc. to IEC\/EN 60079-11:2007, voltage peak value 375 V<\/td>\n<\/tr>\n<tr>\n<td><\/td>\n<td>Input\/power supply<\/td>\n<td class=\"subattribute\">safe electrical isolation acc. to IEC\/EN 60079-11:2007, voltage peak value 375 V<\/td>\n<\/tr>\n<tr>\n<td colspan=\"2\">Directive conformity<\/td>\n<td><\/td>\n<\/tr>\n<tr>\n<td><\/td>\n<td>Directive 2014\/34\/EU<\/td>\n<td class=\"subattribute\">EN IEC 60079-0:2018+AC:2020 , EN 60079-7:2015+A1:2018 , EN 60079-11:2012<\/td>\n<\/tr>\n<tr>\n<th colspan=\"3\">International approvals<\/th>\n<\/tr>\n<tr>\n<td colspan=\"2\">UL approval<\/td>\n<td>E106378<\/td>\n<\/tr>\n<tr>\n<td><\/td>\n<td>Control drawing<\/td>\n<td class=\"subattribute\">116-0439 (cULus)<\/td>\n<\/tr>\n<tr>\n<td colspan=\"2\">IECEx approval<\/td>\n<td><\/td>\n<\/tr>\n<tr>\n<td><\/td>\n<td>IECEx certificate<\/td>\n<td class=\"subattribute\">IECEx CML 17.0016X<\/td>\n<\/tr>\n<tr>\n<td><\/td>\n<td>IECEx marking<\/td>\n<td class=\"subattribute\">[Ex ia Ga] IIC , [Ex ia Da] IIIC , [Ex ia Ma] I<br \/>\nEx ec IIC T4 Gc<\/td>\n<\/tr>\n<tr>\n<th colspan=\"3\">General information<\/th>\n<\/tr>\n<tr>\n<td colspan=\"2\">Supplementary information<\/td>\n<td>Observe the certificates, declarations of conformity, instruction manuals, and manuals where applicable. For information see www.pepperl-fuchs.com.<\/td>\n<\/tr>\n<\/tbody>\n<\/table>\n<p>&nbsp;<\/p>\n<h2>Classifications<\/h2>\n<table class=\"standard enum\">\n<tbody>\n<tr>\n<th>System<\/th>\n<th>Classcode<\/th>\n<\/tr>\n<tr>\n<td>ECLASS 11.0<\/td>\n<td>27210119<\/td>\n<\/tr>\n<tr>\n<td>ECLASS 10.0.1<\/td>\n<td>27210119<\/td>\n<\/tr>\n<tr>\n<td>ECLASS 9.0<\/td>\n<td>27210119<\/td>\n<\/tr>\n<tr>\n<td>ECLASS 8.0<\/td>\n<td>27210119<\/td>\n<\/tr>\n<tr>\n<td>ECLASS 5.1<\/td>\n<td>27210119<\/td>\n<\/tr>\n<tr>\n<td>ETIM 8.0<\/td>\n<td>EC001485<\/td>\n<\/tr>\n<tr>\n<td>ETIM 7.0<\/td>\n<td>EC001485<\/td>\n<\/tr>\n<tr>\n<td>ETIM 6.0<\/td>\n<td>EC001485<\/td>\n<\/tr>\n<tr>\n<td>ETIM 5.0<\/td>\n<td>EC001485<\/td>\n<\/tr>\n<tr>\n<td>UNSPSC 12.1<\/td>\n<td>32101514<\/td>\n<\/tr>\n<\/tbody>\n<\/table>\n<p><\/p>","protected":false},"excerpt":{"rendered":"<p>&nbsp;<\/p>\n<p class=\"alternative\"><strong>SMART Transmitter Power Supply<\/strong><\/p>\n<ul id=\"productfeatures\">\n<li>2-channel isolated barrier<\/li>\n<li>24 V DC supply (Power Rail)<\/li>\n<li>Input 2-wire and 3-wire SMART transmitters and 2-wire SMART current sources<\/li>\n<li>Output 0\/4\u00a0mA\u00a0&#8230;\u00a020\u00a0mA current sink\/current source<\/li>\n<li>Terminals with test points<\/li>\n<li>SIL 2 (SC 3) acc.\u00a0to\u00a0IEC\/EN\u00a061508<\/li>\n<\/ul>\n<p>&nbsp;<\/p>\n","protected":false},"featured_media":1899,"comment_status":"open","ping_status":"closed","template":"","meta":[],"product_cat":[101,102],"product_tag":[],"yoast_head":"<!-- This site is optimized with the Yoast SEO plugin v16.6.1 - https:\/\/yoast.com\/wordpress\/plugins\/seo\/ -->\n<title>KFD2-STC5-Ex2 - NEW SKY CO.,LTD<\/title>\n<meta name=\"robots\" content=\"index, follow, max-snippet:-1, max-image-preview:large, max-video-preview:-1\" \/>\n<link rel=\"canonical\" href=\"https:\/\/newskyvn.com\/product\/kfd2-stc5-ex2\/\" \/>\n<meta property=\"og:locale\" content=\"en_US\" \/>\n<meta property=\"og:type\" content=\"article\" \/>\n<meta property=\"og:title\" content=\"KFD2-STC5-Ex2 - NEW SKY CO.,LTD\" \/>\n<meta property=\"og:description\" content=\"[:vi]&nbsp; B\u1ed9 chuy\u1ec3n \u0111\u1ed5i t\u00edn hi\u1ec7u SMART cho ngu\u1ed3n m\u00e1y ph\u00e1t\u00a0    R\u00e0o c\u1ea3n c\u00e1ch ly 2 k\u00eanh  Ngu\u1ed3n cung c\u1ea5p 24 V DC (\u0110\u01b0\u1eddng ray \u0111i\u1ec7n)  \u0110\u1ea7u v\u00e0o m\u00e1y ph\u00e1t SMART 2 d\u00e2y v\u00e0 3 d\u00e2y v\u00e0 ngu\u1ed3n d\u00f2ng \u0111i\u1ec7n SMART 2 d\u00e2y  \u0110\u1ea7u ra 0\/4 mA ... 20 mA ch\u00ecm \/ ngu\u1ed3n hi\u1ec7n t\u1ea1i  Thi\u1ebft b\u1ecb \u0111\u1ea7u cu\u1ed1i c\u00f3 \u0111i\u1ec3m ki\u1ec3m tra  T\u00e0i kho\u1ea3n SIL 2 (SC 3).\u00a0theo IEC \/ EN 61508  &nbsp;[:en]&nbsp; SMART Transmitter Power Supply    2-channel isolated barrier  24 V DC supply (Power Rail)  Input 2-wire and 3-wire SMART transmitters and 2-wire SMART current sources  Output 0\/4\u00a0mA\u00a0...\u00a020\u00a0mA current sink\/current source  Terminals with test points  SIL 2 (SC 3) acc.\u00a0to\u00a0IEC\/EN\u00a061508  &nbsp;[:]\" \/>\n<meta property=\"og:url\" content=\"https:\/\/newskyvn.com\/product\/kfd2-stc5-ex2\/\" \/>\n<meta property=\"og:site_name\" content=\"NEW SKY CO.,LTD\" \/>\n<meta property=\"og:image\" content=\"https:\/\/newskyvn.com\/wp-content\/uploads\/2021\/09\/b234756a.png\" \/>\n\t<meta property=\"og:image:width\" content=\"455\" \/>\n\t<meta property=\"og:image:height\" content=\"500\" \/>\n<meta name=\"twitter:card\" content=\"summary_large_image\" \/>\n<meta name=\"twitter:label1\" content=\"Est. reading time\" \/>\n\t<meta name=\"twitter:data1\" content=\"4 minutes\" \/>\n<script type=\"application\/ld+json\" class=\"yoast-schema-graph\">{\"@context\":\"https:\/\/schema.org\",\"@graph\":[{\"@type\":\"WebSite\",\"@id\":\"https:\/\/newskyvn.com\/#website\",\"url\":\"https:\/\/newskyvn.com\/\",\"name\":\"NEW SKY CO.,LTD\",\"description\":\"C\\u00f4ng Ty TNHH S\\u1ea3n Xu\\u1ea5t Th\\u01b0\\u01a1ng M\\u1ea1i D\\u1ecbch V\\u1ee5 T\\u00e2n Thi\\u00ean\",\"potentialAction\":[{\"@type\":\"SearchAction\",\"target\":{\"@type\":\"EntryPoint\",\"urlTemplate\":\"https:\/\/newskyvn.com\/?s={search_term_string}\"},\"query-input\":\"required name=search_term_string\"}],\"inLanguage\":\"en-US\"},{\"@type\":\"ImageObject\",\"@id\":\"https:\/\/newskyvn.com\/product\/kfd2-stc5-ex2\/#primaryimage\",\"inLanguage\":\"en-US\",\"url\":\"https:\/\/newskyvn.com\/wp-content\/uploads\/2021\/09\/b234756a.png\",\"contentUrl\":\"https:\/\/newskyvn.com\/wp-content\/uploads\/2021\/09\/b234756a.png\",\"width\":455,\"height\":500},{\"@type\":\"WebPage\",\"@id\":\"https:\/\/newskyvn.com\/product\/kfd2-stc5-ex2\/#webpage\",\"url\":\"https:\/\/newskyvn.com\/product\/kfd2-stc5-ex2\/\",\"name\":\"KFD2-STC5-Ex2 - NEW SKY CO.,LTD\",\"isPartOf\":{\"@id\":\"https:\/\/newskyvn.com\/#website\"},\"primaryImageOfPage\":{\"@id\":\"https:\/\/newskyvn.com\/product\/kfd2-stc5-ex2\/#primaryimage\"},\"datePublished\":\"2021-09-29T03:41:55+00:00\",\"dateModified\":\"2021-09-29T03:41:55+00:00\",\"breadcrumb\":{\"@id\":\"https:\/\/newskyvn.com\/product\/kfd2-stc5-ex2\/#breadcrumb\"},\"inLanguage\":\"en-US\",\"potentialAction\":[{\"@type\":\"ReadAction\",\"target\":[\"https:\/\/newskyvn.com\/product\/kfd2-stc5-ex2\/\"]}]},{\"@type\":\"BreadcrumbList\",\"@id\":\"https:\/\/newskyvn.com\/product\/kfd2-stc5-ex2\/#breadcrumb\",\"itemListElement\":[{\"@type\":\"ListItem\",\"position\":1,\"name\":\"Product\",\"item\":\"https:\/\/newskyvn.com\/en\/san-pham\/\"},{\"@type\":\"ListItem\",\"position\":2,\"name\":\"KFD2-STC5-Ex2\"}]}]}<\/script>\n<!-- \/ Yoast SEO plugin. -->","_links":{"self":[{"href":"https:\/\/newskyvn.com\/en\/wp-json\/wp\/v2\/product\/1897"}],"collection":[{"href":"https:\/\/newskyvn.com\/en\/wp-json\/wp\/v2\/product"}],"about":[{"href":"https:\/\/newskyvn.com\/en\/wp-json\/wp\/v2\/types\/product"}],"replies":[{"embeddable":true,"href":"https:\/\/newskyvn.com\/en\/wp-json\/wp\/v2\/comments?post=1897"}],"wp:featuredmedia":[{"embeddable":true,"href":"https:\/\/newskyvn.com\/en\/wp-json\/wp\/v2\/media\/1899"}],"wp:attachment":[{"href":"https:\/\/newskyvn.com\/en\/wp-json\/wp\/v2\/media?parent=1897"}],"wp:term":[{"taxonomy":"product_cat","embeddable":true,"href":"https:\/\/newskyvn.com\/en\/wp-json\/wp\/v2\/product_cat?post=1897"},{"taxonomy":"product_tag","embeddable":true,"href":"https:\/\/newskyvn.com\/en\/wp-json\/wp\/v2\/product_tag?post=1897"}],"curies":[{"name":"wp","href":"https:\/\/api.w.org\/{rel}","templated":true}]}}