{"id":1892,"date":"2021-09-29T03:29:04","date_gmt":"2021-09-29T03:29:04","guid":{"rendered":"https:\/\/newskyvn.com\/?post_type=product&#038;p=1892"},"modified":"2021-09-29T03:29:04","modified_gmt":"2021-09-29T03:29:04","slug":"kfd0-sd2-ex1-10100","status":"publish","type":"product","link":"https:\/\/newskyvn.com\/en\/product\/kfd0-sd2-ex1-10100\/","title":{"rendered":"KFD0-SD2-Ex1.10100"},"content":{"rendered":"<p>&nbsp;<\/p>\n<p><span style=\"color: #0000ff;\"><strong>TECHNICAL DATA OF KFD0-SD2-Ex1.10100<\/strong><\/span><\/p>\n<table class=\"standard enum\">\n<tbody>\n<tr>\n<th colspan=\"3\"><span>Th\u00f4ng s\u1ed1 k\u1ef9 thu\u1eadt chung<\/span><\/th>\n<\/tr>\n<tr>\n<td colspan=\"2\"><span>Lo\u1ea1i t\u00edn hi\u1ec7u<\/span><\/td>\n<td><span>\u0110\u1ea7u ra k\u1ef9 thu\u1eadt s\u1ed1<\/span><\/td>\n<\/tr>\n<tr>\n<th colspan=\"3\"><span>C\u00e1c th\u00f4ng s\u1ed1 li\u00ean quan \u0111\u1ebfn ch\u1ee9c n\u0103ng an to\u00e0n<\/span><\/th>\n<\/tr>\n<tr>\n<td colspan=\"2\"><span>M\u1ee9c \u0111\u1ed9 to\u00e0n v\u1eb9n an to\u00e0n (SIL)<\/span><\/td>\n<td><span>SIL 3<\/span><\/td>\n<\/tr>\n<tr>\n<th colspan=\"3\"><span>Cung c\u1ea5p<\/span><\/th>\n<\/tr>\n<tr>\n<td colspan=\"2\"><span>\u0110i\u1ec7n \u00e1p \u0111\u1ecbnh m\u1ee9c<\/span><\/td>\n<td><span>v\u00f2ng l\u1eb7p \u0111\u01b0\u1ee3c cung c\u1ea5p<\/span><\/td>\n<\/tr>\n<tr>\n<td colspan=\"2\"><span>S\u01b0\u0323 th\u00e2t thoat n\u0103ng l\u01b0\u01a1\u0323ng<\/span><\/td>\n<td><span>&lt;1,2 W (U\u00a0<\/span><sub><span>i<\/span><\/sub><span>\u00a0\u2264 30 V)<\/span><\/td>\n<\/tr>\n<tr>\n<th colspan=\"3\"><span>\u0110\u1ea7u v\u00e0o<\/span><\/th>\n<\/tr>\n<tr>\n<td colspan=\"2\"><span>K\u1ebft n\u1ed1i b\u00ean<\/span><\/td>\n<td><span>b\u00ean ki\u1ec3m so\u00e1t<\/span><\/td>\n<\/tr>\n<tr>\n<td colspan=\"2\"><span>S\u1ef1 li\u00ean quan<\/span><\/td>\n<td><span>thi\u1ebft b\u1ecb \u0111\u1ea7u cu\u1ed1i 7, 8<\/span><\/td>\n<\/tr>\n<tr>\n<td colspan=\"2\"><span>\u0110i\u1ec7n \u00e1p \u0111\u1ecbnh m\u1ee9c<\/span><\/td>\n<td><span>20 &#8230; 35 V DC<\/span><\/td>\n<\/tr>\n<tr>\n<td colspan=\"2\"><span>Hi\u1ec7n h\u00e0nh<\/span><\/td>\n<td><span>150 mA \u1edf \u0111i\u1ec7n \u00e1p \u0111\u1ea7u v\u00e0o 20 V, t\u1ea3i = 100 \u03a9<\/span><br \/>\n<span>100 mA \u1edf \u0111i\u1ec7n \u00e1p \u0111\u1ea7u v\u00e0o 35 V, t\u1ea3i = 100 \u03a9<\/span><\/td>\n<\/tr>\n<tr>\n<th colspan=\"3\"><span>\u0110\u1ea7u ra<\/span><\/th>\n<\/tr>\n<tr>\n<td colspan=\"2\"><span>K\u1ebft n\u1ed1i b\u00ean<\/span><\/td>\n<td><span>c\u00e1nh \u0111\u1ed3ng<\/span><\/td>\n<\/tr>\n<tr>\n<td colspan=\"2\"><span>S\u1ef1 li\u00ean quan<\/span><\/td>\n<td><span>thi\u1ebft b\u1ecb \u0111\u1ea7u cu\u1ed1i 1+, 2-<\/span><\/td>\n<\/tr>\n<tr>\n<td colspan=\"2\"><span>\u0110i\u1ec7n tr\u1edf b\u00ean trong<\/span><\/td>\n<td><span>\u2264 68 \u03a9<\/span><\/td>\n<\/tr>\n<tr>\n<td colspan=\"2\"><span>Hi\u1ec7n h\u00e0nh<\/span><\/td>\n<td><span>\u2265 100 mA<\/span><\/td>\n<\/tr>\n<tr>\n<td colspan=\"2\"><span>V\u00f4n<\/span><\/td>\n<td><span>\u2265 9,5 V<\/span><\/td>\n<\/tr>\n<tr>\n<td colspan=\"2\"><span>M\u1edf \u0111i\u1ec7n \u00e1p v\u00f2ng l\u1eb7p<\/span><\/td>\n<td><span>t\u1ed1i thi\u1ec3u\u00a016,2 V<\/span><\/td>\n<\/tr>\n<tr>\n<td colspan=\"2\"><span>\u0110\u1ea7u ra \u0111\u1ecbnh m\u1ee9c ho\u1ea1t \u0111\u1ed9ng hi\u1ec7n t\u1ea1i<\/span><\/td>\n<td><span>100 mA<\/span><\/td>\n<\/tr>\n<tr>\n<td colspan=\"2\"><span>T\u00edn hi\u1ec7u \u0111\u1ea7u ra<\/span><\/td>\n<td><span>C\u00e1c gi\u00e1 tr\u1ecb n\u00e0y h\u1ee3p l\u1ec7 \u0111\u1ed1i v\u1edbi \u0111i\u1ec7n \u00e1p ho\u1ea1t \u0111\u1ed9ng danh \u0111\u1ecbnh 20 &#8230; 35 V DC.<\/span><\/td>\n<\/tr>\n<tr>\n<td colspan=\"2\"><span>\u0110\u1ed9 tr\u1ec5 \u0111\u01b0\u1ee3c cung c\u1ea5p n\u0103ng l\u01b0\u1ee3ng \/ kh\u00f4ng c\u00f3 n\u0103ng l\u01b0\u1ee3ng<\/span><\/td>\n<td><span>ho\u1ea1t \u0111\u1ed9ng \u0111\u01a1n l\u1ebb: typ.\u00a01,7 ms \/ 50 \u00b5s;\u00a0\u0111\u1ecbnh k\u1ef3: \u0111i\u1ec3n h\u00ecnh.\u00a05 \u00b5s \/ 50 \u00b5s<\/span><\/td>\n<\/tr>\n<tr>\n<th colspan=\"3\"><span>C\u00e1c ch\u1ec9 s\u1ed1 \/ c\u00e0i \u0111\u1eb7t<\/span><\/th>\n<\/tr>\n<tr>\n<td colspan=\"2\"><span>Y\u1ebfu t\u1ed1 hi\u1ec3n th\u1ecb<\/span><\/td>\n<td><span>D\u1eaaN \u0110\u1ebeN<\/span><\/td>\n<\/tr>\n<tr>\n<td colspan=\"2\"><span>Ghi nh\u00e3n<\/span><\/td>\n<td><span>kh\u00f4ng gian \u0111\u1ec3 d\u00e1n nh\u00e3n \u1edf ph\u00eda tr\u01b0\u1edbc<\/span><\/td>\n<\/tr>\n<tr>\n<th colspan=\"3\"><span>Ch\u1ec9 th\u1ecb ph\u00f9 h\u1ee3p<\/span><\/th>\n<\/tr>\n<tr>\n<td colspan=\"2\"><span>Kh\u1ea3 n\u0103ng t\u01b0\u01a1ng th\u00edch \u0111i\u1ec7n t\u1eeb tr\u01b0\u1eddng<\/span><\/td>\n<td><\/td>\n<\/tr>\n<tr>\n<td><\/td>\n<td><span>Ch\u1ec9 th\u1ecb 2014\/30 \/ EU<\/span><\/td>\n<td class=\"subattribute\"><span>EN 61326-1: 2013 (\u0111\u1ecba \u0111i\u1ec3m c\u00f4ng nghi\u1ec7p)<\/span><\/td>\n<\/tr>\n<tr>\n<th colspan=\"3\"><span>S\u1ef1 ph\u00f9 h\u1ee3p<\/span><\/th>\n<\/tr>\n<tr>\n<td colspan=\"2\"><span>Kh\u1ea3 n\u0103ng t\u01b0\u01a1ng th\u00edch \u0111i\u1ec7n t\u1eeb tr\u01b0\u1eddng<\/span><\/td>\n<td><span>NE 21: 2006<\/span><\/td>\n<\/tr>\n<tr>\n<td colspan=\"2\"><span>M\u1ee9c \u0111\u1ed9 b\u1ea3o v\u1ec7<\/span><\/td>\n<td><span>IEC 60529: 2001<\/span><\/td>\n<\/tr>\n<tr>\n<td colspan=\"2\"><span>B\u1ea3o v\u1ec7 ch\u1ed1ng \u0111i\u1ec7n gi\u1eadt<\/span><\/td>\n<td><span>UL 61010-1: 2004<\/span><\/td>\n<\/tr>\n<tr>\n<th colspan=\"3\"><span>\u0110i\u1ec1u ki\u1ec7n m\u00f4i tr\u01b0\u1eddng xung quanh<\/span><\/th>\n<\/tr>\n<tr>\n<td colspan=\"2\"><span>Nhi\u1ec7t \u0111\u1ed9 m\u00f4i tr\u01b0\u1eddng xung quanh<\/span><\/td>\n<td><span>-20 &#8230; 60 \u00b0 C (-4 &#8230; 140 \u00b0 F)<\/span><\/td>\n<\/tr>\n<tr>\n<th colspan=\"3\"><span>Th\u00f4ng s\u1ed1 k\u1ef9 thu\u1eadt c\u01a1<\/span><\/th>\n<\/tr>\n<tr>\n<td colspan=\"2\"><span>M\u1ee9c \u0111\u1ed9 b\u1ea3o v\u1ec7<\/span><\/td>\n<td><span>IP20<\/span><\/td>\n<\/tr>\n<tr>\n<td colspan=\"2\"><span>S\u1ef1 li\u00ean quan<\/span><\/td>\n<td><span>thi\u1ebft b\u1ecb \u0111\u1ea7u cu\u1ed1i v\u00edt<\/span><\/td>\n<\/tr>\n<tr>\n<td colspan=\"2\"><span>Kh\u1ed1i l\u01b0\u1ee3ng<\/span><\/td>\n<td><span>x\u1ea5p x\u1ec9.\u00a0100g<\/span><\/td>\n<\/tr>\n<tr>\n<td colspan=\"2\"><span>K\u00edch th\u01b0\u1edbc<\/span><\/td>\n<td><span>20 x 107 x 115 mm (0,8 x 4,2 x 4,5 inch), lo\u1ea1i v\u1ecf B1<\/span><\/td>\n<\/tr>\n<tr>\n<td colspan=\"2\"><span>G\u1eafn<\/span><\/td>\n<td><span>tr\u00ean c\u1ed5ng g\u1eafn ray DIN 35 mm.\u00a0theo EN 60715: 2001<\/span><\/td>\n<\/tr>\n<tr>\n<th colspan=\"3\"><span>D\u1eef li\u1ec7u cho \u1ee9ng d\u1ee5ng li\u00ean quan \u0111\u1ebfn c\u00e1c khu v\u1ef1c nguy hi\u1ec3m<\/span><\/th>\n<\/tr>\n<tr>\n<td colspan=\"2\"><span>Ch\u1ee9ng ch\u1ec9 ki\u1ec3m tra lo\u1ea1i EU<\/span><\/td>\n<td><span>BASEEFA 06 ATEX 0252<\/span><\/td>\n<\/tr>\n<tr>\n<td><\/td>\n<td><span>\u0110\u00e1nh d\u1ea5u<\/span><\/td>\n<td class=\"subattribute\"><img src=\"https:\/\/www.pepperl-fuchs.com\/web_img\/a100038a.jpg\" alt=\"Ex-Hexagon\" \/><span>II (1) G [Ex ia Ga] IIC, II (1) D [Ex ia Da] IIIC, I (M1) [Ex ia Ma] I (-20 \u00b0 C \u2264 T\u00a0<\/span><sub><span>amb<\/span><\/sub><span>\u00a0\u2264 60 \u00b0 C)<\/span><\/td>\n<\/tr>\n<tr>\n<td><\/td>\n<td><span>V\u00f4n<\/span><\/td>\n<td class=\"subattribute\"><span>17 V<\/span><\/td>\n<\/tr>\n<tr>\n<td><\/td>\n<td><span>Hi\u1ec7n h\u00e0nh<\/span><\/td>\n<td class=\"subattribute\"><span>271 mA<\/span><\/td>\n<\/tr>\n<tr>\n<td><\/td>\n<td><span>Quy\u1ec1n l\u1ef1c<\/span><\/td>\n<td class=\"subattribute\"><span>1,152 W<\/span><\/td>\n<\/tr>\n<tr>\n<td colspan=\"2\"><span>\u0110\u1ea7u v\u00e0o<\/span><\/td>\n<td><\/td>\n<\/tr>\n<tr>\n<td><\/td>\n<td><span>\u0110i\u1ec7n \u00e1p an to\u00e0n t\u1ed1i \u0111a<\/span><\/td>\n<td class=\"subattribute\"><span>250 V (Ch\u00fa \u00fd! \u0110i\u1ec7n \u00e1p \u0111\u1ecbnh m\u1ee9c c\u00f3 th\u1ec3 th\u1ea5p h\u01a1n.)<\/span><\/td>\n<\/tr>\n<tr>\n<td colspan=\"2\"><span>Gi\u1ea5y ch\u1ee9ng nh\u1eadn<\/span><\/td>\n<td><span>T\u00dcV 99 ATEX 1499 X<\/span><\/td>\n<\/tr>\n<tr>\n<td><\/td>\n<td><span>\u0110\u00e1nh d\u1ea5u<\/span><\/td>\n<td class=\"subattribute\"><img src=\"https:\/\/www.pepperl-fuchs.com\/web_img\/a100038a.jpg\" alt=\"Ex-Hexagon\" \/><span>\u00a0II 3G Ex nA II T4 [thi\u1ebft b\u1ecb \u1edf v\u00f9ng 2]<\/span><\/td>\n<\/tr>\n<tr>\n<td colspan=\"2\"><span>C\u00e1ch ly \u0111i\u1ec7n<\/span><\/td>\n<td><\/td>\n<\/tr>\n<tr>\n<td><\/td>\n<td><span>\u0110\u1ea7u ra \u0111\u1ea7u v\u00e0o<\/span><\/td>\n<td class=\"subattribute\"><span>acc c\u00e1ch ly \u0111i\u1ec7n an to\u00e0n.\u00a0theo ti\u00eau chu\u1ea9n IEC \/ EN 60079-11, gi\u00e1 tr\u1ecb \u0111\u1ec9nh \u0111i\u1ec7n \u00e1p 375 V<\/span><\/td>\n<\/tr>\n<tr>\n<td colspan=\"2\"><span>Ch\u1ec9 th\u1ecb ph\u00f9 h\u1ee3p<\/span><\/td>\n<td><\/td>\n<\/tr>\n<tr>\n<td><\/td>\n<td><span>Ch\u1ec9 th\u1ecb 2014\/34 \/ EU<\/span><\/td>\n<td class=\"subattribute\"><span>EN IEC 60079-0: 2018 + AC: 2020, EN 60079-11: 2012, EN 60079-15: 2010<\/span><\/td>\n<\/tr>\n<tr>\n<th colspan=\"3\"><span>Ph\u00ea duy\u1ec7t qu\u1ed1c t\u1ebf<\/span><\/th>\n<\/tr>\n<tr>\n<td colspan=\"2\"><span>Ph\u00ea duy\u1ec7t FM<\/span><\/td>\n<td><\/td>\n<\/tr>\n<tr>\n<td><\/td>\n<td><span>Ki\u1ec3m so\u00e1t b\u1ea3n v\u1ebd<\/span><\/td>\n<td class=\"subattribute\"><span>116-0309<\/span><\/td>\n<\/tr>\n<tr>\n<td colspan=\"2\"><span>S\u1ef1 ch\u1ea5p thu\u1eadn c\u1ee7a UL<\/span><\/td>\n<td><\/td>\n<\/tr>\n<tr>\n<td><\/td>\n<td><span>Ki\u1ec3m so\u00e1t b\u1ea3n v\u1ebd<\/span><\/td>\n<td class=\"subattribute\"><span>116-0316 (cULus)<\/span><\/td>\n<\/tr>\n<tr>\n<td colspan=\"2\"><span>S\u1ef1 ch\u1ea5p thu\u1eadn c\u1ee7a IECEx<\/span><\/td>\n<td><\/td>\n<\/tr>\n<tr>\n<td><\/td>\n<td><span>Ch\u1ee9ng ch\u1ec9 IECEx<\/span><\/td>\n<td class=\"subattribute\"><span>IECEx BAS 06.0058<\/span><br \/>\n<span>IECEx CML 19.0093X<\/span><\/td>\n<\/tr>\n<tr>\n<td><\/td>\n<td><span>\u0110\u00e1nh d\u1ea5u IECEx<\/span><\/td>\n<td class=\"subattribute\"><span>[Ex ia Ga] IIC, [Ex ia Da] IIIC, [Ex ia Ma] I<\/span><br \/>\n<span>Ex ec IIC T4 Gc<\/span><\/td>\n<\/tr>\n<tr>\n<th colspan=\"3\"><span>Th\u00f4ng tin chung<\/span><\/th>\n<\/tr>\n<tr>\n<td colspan=\"2\"><span>Th\u00f4ng tin b\u1ed5 sung<\/span><\/td>\n<td><span>Tu\u00e2n th\u1ee7 c\u00e1c ch\u1ee9ng ch\u1ec9, tuy\u00ean b\u1ed1 v\u1ec1 s\u1ef1 ph\u00f9 h\u1ee3p, h\u01b0\u1edbng d\u1eabn s\u1eed d\u1ee5ng v\u00e0 s\u00e1ch h\u01b0\u1edbng d\u1eabn n\u1ebfu c\u00f3.\u00a0\u0110\u1ec3 bi\u1ebft th\u00f4ng tin, h\u00e3y xem www.pepperl-fuchs.com.<\/span><\/td>\n<\/tr>\n<\/tbody>\n<\/table>\n<p>&nbsp;<\/p>\n<h2><span>Ph\u00e2n lo\u1ea1i<\/span><\/h2>\n<table class=\"standard enum\">\n<tbody>\n<tr>\n<th><span>H\u1ec7 th\u1ed1ng<\/span><\/th>\n<th><span>M\u00e3 l\u1edbp<\/span><\/th>\n<\/tr>\n<tr>\n<td><span>ECLASS 11.0<\/span><\/td>\n<td><span>27210190<\/span><\/td>\n<\/tr>\n<tr>\n<td><span>ECLASS 10.0.1<\/span><\/td>\n<td><span>27210190<\/span><\/td>\n<\/tr>\n<tr>\n<td><span>ECLASS 9.0<\/span><\/td>\n<td><span>27210190<\/span><\/td>\n<\/tr>\n<tr>\n<td><span>ECLASS 8.0<\/span><\/td>\n<td><span>27210190<\/span><\/td>\n<\/tr>\n<tr>\n<td><span>ECLASS 5.1<\/span><\/td>\n<td><span>27210121<\/span><\/td>\n<\/tr>\n<tr>\n<td><span>ETIM 8.0<\/span><\/td>\n<td><span>EC001485<\/span><\/td>\n<\/tr>\n<tr>\n<td><span>ETIM 7.0<\/span><\/td>\n<td><span>EC001485<\/span><\/td>\n<\/tr>\n<tr>\n<td><span>ETIM 6.0<\/span><\/td>\n<td><span>EC001485<\/span><\/td>\n<\/tr>\n<tr>\n<td><span>ETIM 5.0<\/span><\/td>\n<td><span>EC001485<\/span><\/td>\n<\/tr>\n<tr>\n<td><span>UNSPSC 12.1<\/span><\/td>\n<td><span>39121008<\/span><\/td>\n<\/tr>\n<\/tbody>\n<\/table>\n<p><\/p>","protected":false},"excerpt":{"rendered":"<p>&nbsp;<\/p>\n<p><strong>Solenoid Driver<\/strong><\/p>\n<ul id=\"productfeatures\">\n<li>1-channel isolated barrier<\/li>\n<li>24 V DC supply (loop powered)<\/li>\n<li>Current limit 100 mA at 10 V DC<\/li>\n<li>Up to SIL 3 acc.\u00a0to\u00a0IEC\u00a061508<\/li>\n<\/ul>\n","protected":false},"featured_media":1893,"comment_status":"open","ping_status":"closed","template":"","meta":[],"product_cat":[101,102],"product_tag":[],"yoast_head":"<!-- This site is optimized with the Yoast SEO plugin v16.6.1 - https:\/\/yoast.com\/wordpress\/plugins\/seo\/ -->\n<title>KFD0-SD2-Ex1.10100 - NEW SKY CO.,LTD<\/title>\n<meta name=\"robots\" content=\"index, follow, max-snippet:-1, max-image-preview:large, max-video-preview:-1\" \/>\n<link rel=\"canonical\" href=\"https:\/\/newskyvn.com\/product\/kfd0-sd2-ex1-10100\/\" \/>\n<meta property=\"og:locale\" content=\"en_US\" \/>\n<meta property=\"og:type\" content=\"article\" \/>\n<meta property=\"og:title\" content=\"KFD0-SD2-Ex1.10100 - NEW SKY CO.,LTD\" \/>\n<meta property=\"og:description\" content=\"[:vi]&nbsp; Tr\u00ecnh \u0111i\u1ec1u khi\u1ec3n \u0111i\u1ec7n t\u1eeb    R\u00e0o c\u1ea3n c\u00e1ch ly 1 k\u00eanh  Ngu\u1ed3n cung c\u1ea5p 24 V DC (c\u1ea5p ngu\u1ed3n v\u00f2ng l\u1eb7p)  Gi\u1edbi h\u1ea1n hi\u1ec7n t\u1ea1i 100 mA \u1edf 10 V DC  T\u1ed1i \u0111a 3 acc SIL.\u00a0theo IEC 61508 [:en]&nbsp;  Solenoid Driver   1-channel isolated barrier  24 V DC supply (loop powered)  Current limit 100 mA at 10 V DC  Up to SIL 3 acc.\u00a0to\u00a0IEC\u00a061508 [:]\" \/>\n<meta property=\"og:url\" content=\"https:\/\/newskyvn.com\/product\/kfd0-sd2-ex1-10100\/\" \/>\n<meta property=\"og:site_name\" content=\"NEW SKY CO.,LTD\" \/>\n<meta property=\"og:image\" content=\"https:\/\/newskyvn.com\/wp-content\/uploads\/2021\/09\/b240177b.png\" \/>\n\t<meta property=\"og:image:width\" content=\"455\" \/>\n\t<meta property=\"og:image:height\" content=\"500\" \/>\n<meta name=\"twitter:card\" content=\"summary_large_image\" \/>\n<meta name=\"twitter:label1\" content=\"Est. reading time\" \/>\n\t<meta name=\"twitter:data1\" content=\"4 minutes\" \/>\n<script type=\"application\/ld+json\" class=\"yoast-schema-graph\">{\"@context\":\"https:\/\/schema.org\",\"@graph\":[{\"@type\":\"WebSite\",\"@id\":\"https:\/\/newskyvn.com\/#website\",\"url\":\"https:\/\/newskyvn.com\/\",\"name\":\"NEW SKY CO.,LTD\",\"description\":\"C\\u00f4ng Ty TNHH S\\u1ea3n Xu\\u1ea5t Th\\u01b0\\u01a1ng M\\u1ea1i D\\u1ecbch V\\u1ee5 T\\u00e2n Thi\\u00ean\",\"potentialAction\":[{\"@type\":\"SearchAction\",\"target\":{\"@type\":\"EntryPoint\",\"urlTemplate\":\"https:\/\/newskyvn.com\/?s={search_term_string}\"},\"query-input\":\"required name=search_term_string\"}],\"inLanguage\":\"en-US\"},{\"@type\":\"ImageObject\",\"@id\":\"https:\/\/newskyvn.com\/product\/kfd0-sd2-ex1-10100\/#primaryimage\",\"inLanguage\":\"en-US\",\"url\":\"https:\/\/newskyvn.com\/wp-content\/uploads\/2021\/09\/b240177b.png\",\"contentUrl\":\"https:\/\/newskyvn.com\/wp-content\/uploads\/2021\/09\/b240177b.png\",\"width\":455,\"height\":500},{\"@type\":\"WebPage\",\"@id\":\"https:\/\/newskyvn.com\/product\/kfd0-sd2-ex1-10100\/#webpage\",\"url\":\"https:\/\/newskyvn.com\/product\/kfd0-sd2-ex1-10100\/\",\"name\":\"KFD0-SD2-Ex1.10100 - NEW SKY CO.,LTD\",\"isPartOf\":{\"@id\":\"https:\/\/newskyvn.com\/#website\"},\"primaryImageOfPage\":{\"@id\":\"https:\/\/newskyvn.com\/product\/kfd0-sd2-ex1-10100\/#primaryimage\"},\"datePublished\":\"2021-09-29T03:29:04+00:00\",\"dateModified\":\"2021-09-29T03:29:04+00:00\",\"breadcrumb\":{\"@id\":\"https:\/\/newskyvn.com\/product\/kfd0-sd2-ex1-10100\/#breadcrumb\"},\"inLanguage\":\"en-US\",\"potentialAction\":[{\"@type\":\"ReadAction\",\"target\":[\"https:\/\/newskyvn.com\/product\/kfd0-sd2-ex1-10100\/\"]}]},{\"@type\":\"BreadcrumbList\",\"@id\":\"https:\/\/newskyvn.com\/product\/kfd0-sd2-ex1-10100\/#breadcrumb\",\"itemListElement\":[{\"@type\":\"ListItem\",\"position\":1,\"name\":\"Product\",\"item\":\"https:\/\/newskyvn.com\/en\/san-pham\/\"},{\"@type\":\"ListItem\",\"position\":2,\"name\":\"KFD0-SD2-Ex1.10100\"}]}]}<\/script>\n<!-- \/ Yoast SEO plugin. -->","_links":{"self":[{"href":"https:\/\/newskyvn.com\/en\/wp-json\/wp\/v2\/product\/1892"}],"collection":[{"href":"https:\/\/newskyvn.com\/en\/wp-json\/wp\/v2\/product"}],"about":[{"href":"https:\/\/newskyvn.com\/en\/wp-json\/wp\/v2\/types\/product"}],"replies":[{"embeddable":true,"href":"https:\/\/newskyvn.com\/en\/wp-json\/wp\/v2\/comments?post=1892"}],"wp:featuredmedia":[{"embeddable":true,"href":"https:\/\/newskyvn.com\/en\/wp-json\/wp\/v2\/media\/1893"}],"wp:attachment":[{"href":"https:\/\/newskyvn.com\/en\/wp-json\/wp\/v2\/media?parent=1892"}],"wp:term":[{"taxonomy":"product_cat","embeddable":true,"href":"https:\/\/newskyvn.com\/en\/wp-json\/wp\/v2\/product_cat?post=1892"},{"taxonomy":"product_tag","embeddable":true,"href":"https:\/\/newskyvn.com\/en\/wp-json\/wp\/v2\/product_tag?post=1892"}],"curies":[{"name":"wp","href":"https:\/\/api.w.org\/{rel}","templated":true}]}}