{"id":1886,"date":"2021-09-29T03:17:09","date_gmt":"2021-09-29T03:17:09","guid":{"rendered":"https:\/\/newskyvn.com\/?post_type=product&#038;p=1886"},"modified":"2021-09-29T03:17:10","modified_gmt":"2021-09-29T03:17:10","slug":"kfd2-ufc-ex1-d","status":"publish","type":"product","link":"https:\/\/newskyvn.com\/en\/product\/kfd2-ufc-ex1-d\/","title":{"rendered":"KFD2-UFC-Ex1.D"},"content":{"rendered":"<p>&nbsp;<\/p>\n<p><span style=\"color: #0000ff;\"><strong>TECHNICAL DATA OF KFD2-UFC-Ex1.D<\/strong><\/span><\/p>\n<table class=\"standard enum\">\n<tbody>\n<tr>\n<th colspan=\"3\">General specifications<\/th>\n<\/tr>\n<tr>\n<td colspan=\"2\">Signal type<\/td>\n<td>Digital Input<\/td>\n<\/tr>\n<tr>\n<th colspan=\"3\">Functional safety related parameters<\/th>\n<\/tr>\n<tr>\n<td colspan=\"2\">Safety Integrity Level (SIL)<\/td>\n<td>SIL 2<\/td>\n<\/tr>\n<tr>\n<th colspan=\"3\">Supply<\/th>\n<\/tr>\n<tr>\n<td colspan=\"2\">Connection<\/td>\n<td>terminals 23+, 24- or power feed module\/Power Rail<\/td>\n<\/tr>\n<tr>\n<td colspan=\"2\">Rated voltage<\/td>\n<td>20 &#8230; 30 V DC<\/td>\n<\/tr>\n<tr>\n<td colspan=\"2\">Rated current<\/td>\n<td>approx. 100 mA<\/td>\n<\/tr>\n<tr>\n<td colspan=\"2\">Power dissipation\/power consumption<\/td>\n<td>\u2264 2 W \/ 2.2 W<\/td>\n<\/tr>\n<tr>\n<th colspan=\"3\">Interface<\/th>\n<\/tr>\n<tr>\n<td colspan=\"2\">Programming interface<\/td>\n<td>programming socket<\/td>\n<\/tr>\n<tr>\n<th colspan=\"3\">Input<\/th>\n<\/tr>\n<tr>\n<td colspan=\"2\">Connection side<\/td>\n<td>field side<\/td>\n<\/tr>\n<tr>\n<td colspan=\"2\">Connection<\/td>\n<td>Input I: intrinsically safe: terminals 1+, 3-<br \/>\nInput II: non-intrinsically safe: terminals 13+, 14-<\/td>\n<\/tr>\n<tr>\n<td colspan=\"2\">Input I<\/td>\n<td>sensor acc. to EN\u00a060947-5-6 (NAMUR) or mechanical contact<\/td>\n<\/tr>\n<tr>\n<td><\/td>\n<td>Pulse duration<\/td>\n<td class=\"subattribute\">&gt; 50 \u00b5s<\/td>\n<\/tr>\n<tr>\n<td><\/td>\n<td>Input frequency<\/td>\n<td class=\"subattribute\">0.001 &#8230; 5000 Hz<\/td>\n<\/tr>\n<tr>\n<td><\/td>\n<td>Line fault detection<\/td>\n<td class=\"subattribute\">breakage I \u2264 0.15 mA; short-circuit I &gt; 6.5 mA<\/td>\n<\/tr>\n<tr>\n<td colspan=\"2\">Input II<\/td>\n<td>startup override: 1 &#8230; 1000 s, adjustable in steps of 1 s<\/td>\n<\/tr>\n<tr>\n<td><\/td>\n<td>Active\/Passive<\/td>\n<td class=\"subattribute\">I &gt; 4 mA (for min. 100 ms) \/ I &lt; 1.5 mA<\/td>\n<\/tr>\n<tr>\n<td><\/td>\n<td>Open circuit voltage\/short-circuit current<\/td>\n<td class=\"subattribute\">18 V \/ 5 mA<\/td>\n<\/tr>\n<tr>\n<th colspan=\"3\">Output<\/th>\n<\/tr>\n<tr>\n<td colspan=\"2\">Connection side<\/td>\n<td>control side<\/td>\n<\/tr>\n<tr>\n<td colspan=\"2\">Connection<\/td>\n<td>output I: terminals 10, 11, 12<br \/>\noutput II: terminals 16, 17, 18<br \/>\noutout III: terminasl 19+, 20-<br \/>\noutput IV: terminals 8+, 7-<\/td>\n<\/tr>\n<tr>\n<td colspan=\"2\">Output I, II<\/td>\n<td>signal, relay<\/td>\n<\/tr>\n<tr>\n<td><\/td>\n<td>Contact loading<\/td>\n<td class=\"subattribute\">253 V AC \/ 2 A \/ cos \u03c6 \u2265 0.7 ; 40 V DC \/ 2 A<\/td>\n<\/tr>\n<tr>\n<td><\/td>\n<td>Mechanical life<\/td>\n<td class=\"subattribute\">5 x 10<sup>7<\/sup>\u00a0switching cycles<\/td>\n<\/tr>\n<tr>\n<td><\/td>\n<td>Energized\/De-energized delay<\/td>\n<td class=\"subattribute\">approx. 20 ms \/ approx. 20 ms<\/td>\n<\/tr>\n<tr>\n<td colspan=\"2\">Output III<\/td>\n<td>electronic output, passive<\/td>\n<\/tr>\n<tr>\n<td><\/td>\n<td>Contact loading<\/td>\n<td class=\"subattribute\">40 V DC<\/td>\n<\/tr>\n<tr>\n<td><\/td>\n<td>Signal level<\/td>\n<td class=\"subattribute\">1-signal: (L+) &#8211; 2.5 V (50 mA, short-circuit\/overload proof)<br \/>\n0-signal: switched off (off-state current \u2264 10 \u00b5A)<\/td>\n<\/tr>\n<tr>\n<td colspan=\"2\">Output IV<\/td>\n<td>analog<\/td>\n<\/tr>\n<tr>\n<td><\/td>\n<td>Current range<\/td>\n<td class=\"subattribute\">0 &#8230; 20 mA or 4 &#8230; 20 mA<\/td>\n<\/tr>\n<tr>\n<td><\/td>\n<td>Open loop voltage<\/td>\n<td class=\"subattribute\">max. 24 V DC<\/td>\n<\/tr>\n<tr>\n<td><\/td>\n<td>Load<\/td>\n<td class=\"subattribute\">max. 650 \u03a9<\/td>\n<\/tr>\n<tr>\n<td><\/td>\n<td>Fault signal<\/td>\n<td class=\"subattribute\">downscale I \u2264 3.6 mA , upscale \u2265 21.5 mA (acc. NAMUR NE43)<\/td>\n<\/tr>\n<tr>\n<td colspan=\"2\">Collective error message<\/td>\n<td>Power Rail<\/td>\n<\/tr>\n<tr>\n<th colspan=\"3\">Transfer characteristics<\/th>\n<\/tr>\n<tr>\n<td colspan=\"2\">Input I<\/td>\n<td><\/td>\n<\/tr>\n<tr>\n<td><\/td>\n<td>Measurement range<\/td>\n<td class=\"subattribute\">0.001 &#8230; 5000 Hz<\/td>\n<\/tr>\n<tr>\n<td><\/td>\n<td>Resolution<\/td>\n<td class=\"subattribute\">0.1 % of the measurement value , \u2265 0.001 Hz<\/td>\n<\/tr>\n<tr>\n<td><\/td>\n<td>Accuracy<\/td>\n<td class=\"subattribute\">0.1 % of the measurement value , &gt; 0.001 Hz<\/td>\n<\/tr>\n<tr>\n<td><\/td>\n<td>Measuring time<\/td>\n<td class=\"subattribute\">&lt; 100 ms<\/td>\n<\/tr>\n<tr>\n<td><\/td>\n<td>Influence of ambient temperature<\/td>\n<td class=\"subattribute\">0.003 %\/K (30 ppm)<\/td>\n<\/tr>\n<tr>\n<td colspan=\"2\">Output I, II<\/td>\n<td><\/td>\n<\/tr>\n<tr>\n<td><\/td>\n<td>Response delay<\/td>\n<td class=\"subattribute\">\u2264 200 ms<\/td>\n<\/tr>\n<tr>\n<td colspan=\"2\">Output IV<\/td>\n<td><\/td>\n<\/tr>\n<tr>\n<td><\/td>\n<td>Resolution<\/td>\n<td class=\"subattribute\">&lt; 10 \u00b5A<\/td>\n<\/tr>\n<tr>\n<td><\/td>\n<td>Accuracy<\/td>\n<td class=\"subattribute\">&lt; 20 \u00b5A<\/td>\n<\/tr>\n<tr>\n<td><\/td>\n<td>Influence of ambient temperature<\/td>\n<td class=\"subattribute\">0.005 %\/K (50 ppm)<\/td>\n<\/tr>\n<tr>\n<th colspan=\"3\">Galvanic isolation<\/th>\n<\/tr>\n<tr>\n<td colspan=\"2\">Input I\/other circuits<\/td>\n<td>reinforced insulation according to IEC\/EN 61010-1, rated insulation voltage 300 V<sub>eff<\/sub><\/td>\n<\/tr>\n<tr>\n<td colspan=\"2\">Output I, II\/other circuits<\/td>\n<td>reinforced insulation according to IEC\/EN 61010-1, rated insulation voltage 300 V<sub>eff<\/sub><\/td>\n<\/tr>\n<tr>\n<td colspan=\"2\">Mutual output I, II, III<\/td>\n<td>reinforced insulation according to IEC\/EN 61010-1, rated insulation voltage 300 V<sub>eff<\/sub><\/td>\n<\/tr>\n<tr>\n<td colspan=\"2\">Output III\/power supply and collective error<\/td>\n<td>basic insulation according to IEC\/EN 61010-1, rated insulation voltage 50 V<sub>eff<\/sub><\/td>\n<\/tr>\n<tr>\n<td colspan=\"2\">Output III\/start-up override<\/td>\n<td>basic insulation according to IEC\/EN 61010-1, rated insulation voltage 50 V<sub>eff<\/sub><\/td>\n<\/tr>\n<tr>\n<td colspan=\"2\">Output III\/IV<\/td>\n<td>basic insulation according to IEC\/EN 61010-1, rated insulation voltage 50 V<sub>eff<\/sub><\/td>\n<\/tr>\n<tr>\n<td colspan=\"2\">Output IV\/power supply and collective error<\/td>\n<td>functional insulation acc. to IEC 62103, rated insulation voltage 50 V<sub>eff<\/sub><\/td>\n<\/tr>\n<tr>\n<td colspan=\"2\">Start-up override\/power supply and collective error<\/td>\n<td>functional insulation acc. to IEC 62103, rated insulation voltage 50 V<sub>eff<\/sub><\/td>\n<\/tr>\n<tr>\n<td colspan=\"2\">Interface\/power supply and collective error<\/td>\n<td>functional insulation acc. to IEC 62103, rated insulation voltage 50 V<sub>eff<\/sub><\/td>\n<\/tr>\n<tr>\n<td colspan=\"2\">Interface\/output III<\/td>\n<td>basic insulation according to IEC\/EN 61010-1, rated insulation voltage 50 V<sub>eff<\/sub><\/td>\n<\/tr>\n<tr>\n<th colspan=\"3\">Indicators\/settings<\/th>\n<\/tr>\n<tr>\n<td colspan=\"2\">Display elements<\/td>\n<td>LEDs , display<\/td>\n<\/tr>\n<tr>\n<td colspan=\"2\">Control elements<\/td>\n<td>Control panel<\/td>\n<\/tr>\n<tr>\n<td colspan=\"2\">Configuration<\/td>\n<td>via operating buttons<br \/>\nvia PACTware<\/td>\n<\/tr>\n<tr>\n<td colspan=\"2\">Labeling<\/td>\n<td>space for labeling at the front<\/td>\n<\/tr>\n<tr>\n<th colspan=\"3\">Directive conformity<\/th>\n<\/tr>\n<tr>\n<td colspan=\"2\">Electromagnetic compatibility<\/td>\n<td><\/td>\n<\/tr>\n<tr>\n<td><\/td>\n<td>Directive 2014\/30\/EU<\/td>\n<td class=\"subattribute\">EN 61326-1:2013 (industrial locations)<\/td>\n<\/tr>\n<tr>\n<td colspan=\"2\">Low voltage<\/td>\n<td><\/td>\n<\/tr>\n<tr>\n<td><\/td>\n<td>Directive 2014\/35\/EU<\/td>\n<td class=\"subattribute\">EN 61010-1:2010<\/td>\n<\/tr>\n<tr>\n<th colspan=\"3\">Conformity<\/th>\n<\/tr>\n<tr>\n<td colspan=\"2\">Electromagnetic compatibility<\/td>\n<td>NE 21:2006<\/td>\n<\/tr>\n<tr>\n<td colspan=\"2\">Degree of protection<\/td>\n<td>IEC 60529:2001<\/td>\n<\/tr>\n<tr>\n<td colspan=\"2\">Input<\/td>\n<td>EN 60947-5-6:2000<\/td>\n<\/tr>\n<tr>\n<th colspan=\"3\">Ambient conditions<\/th>\n<\/tr>\n<tr>\n<td colspan=\"2\">Ambient temperature<\/td>\n<td>-20 &#8230; 60 \u00b0C (-4 &#8230; 140 \u00b0F)<br \/>\nextended ambient temperature range up to 70 \u00b0C (158 \u00b0F), refer to manual for necessary mounting conditions<\/td>\n<\/tr>\n<tr>\n<th colspan=\"3\">Mechanical specifications<\/th>\n<\/tr>\n<tr>\n<td colspan=\"2\">Degree of protection<\/td>\n<td>IP20<\/td>\n<\/tr>\n<tr>\n<td colspan=\"2\">Connection<\/td>\n<td>screw terminals<\/td>\n<\/tr>\n<tr>\n<td colspan=\"2\">Mass<\/td>\n<td>300 g<\/td>\n<\/tr>\n<tr>\n<td colspan=\"2\">Dimensions<\/td>\n<td>40 x 119 x 115 mm (1.6 x 4.7 x 4.5 inch) , housing type C3<\/td>\n<\/tr>\n<tr>\n<td colspan=\"2\">Mounting<\/td>\n<td>on 35 mm DIN mounting rail acc. to EN 60715:2001<\/td>\n<\/tr>\n<tr>\n<th colspan=\"3\">Data for application in connection with hazardous areas<\/th>\n<\/tr>\n<tr>\n<td colspan=\"2\">EU-type examination certificate<\/td>\n<td>T\u00dcV 99 ATEX 1471<\/td>\n<\/tr>\n<tr>\n<td><\/td>\n<td>Marking<\/td>\n<td class=\"subattribute\"><img src=\"https:\/\/www.pepperl-fuchs.com\/web_img\/a100038a.jpg\" alt=\"Ex-Hexagon\" \/>\u00a0II (1)G [Ex ia Ga] IIC<br \/>\n<img src=\"https:\/\/www.pepperl-fuchs.com\/web_img\/a100038a.jpg\" alt=\"Ex-Hexagon\" \/>\u00a0II (1)D [Ex ia Da] IIIC<br \/>\n<img src=\"https:\/\/www.pepperl-fuchs.com\/web_img\/a100038a.jpg\" alt=\"Ex-Hexagon\" \/>\u00a0I (M1) [Ex ia Ma] I<\/td>\n<\/tr>\n<tr>\n<td colspan=\"2\">Supply<\/td>\n<td><\/td>\n<\/tr>\n<tr>\n<td><\/td>\n<td>Maximum safe voltage<\/td>\n<td class=\"subattribute\">40 V DC (Attention! U<sub>m<\/sub>\u00a0is no rated voltage.)<\/td>\n<\/tr>\n<tr>\n<td colspan=\"2\">Input I<\/td>\n<td>terminals 1+, 3-: Ex ia<\/td>\n<\/tr>\n<tr>\n<td><\/td>\n<td>Voltage\u00a0U<sub>o<\/sub><\/td>\n<td class=\"subattribute\">10.1 V<\/td>\n<\/tr>\n<tr>\n<td><\/td>\n<td>Current\u00a0I<sub>o<\/sub><\/td>\n<td class=\"subattribute\">13.5 mA<\/td>\n<\/tr>\n<tr>\n<td><\/td>\n<td>Power\u00a0P<sub>o<\/sub><\/td>\n<td class=\"subattribute\">34 mW (linear characteristic)<\/td>\n<\/tr>\n<tr>\n<td colspan=\"2\">Input II<\/td>\n<td>terminals 13+, 14- non-intrinsically safe<\/td>\n<\/tr>\n<tr>\n<td><\/td>\n<td>Maximum safe voltage\u00a0U<sub>m<\/sub><\/td>\n<td class=\"subattribute\">40 V (Attention! The rated voltage can be lower.)<\/td>\n<\/tr>\n<tr>\n<td colspan=\"2\">Output I, II<\/td>\n<td>terminals 10, 11, 12; 16, 17, 18 non-intrinsically safe<\/td>\n<\/tr>\n<tr>\n<td><\/td>\n<td>Maximum safe voltage<\/td>\n<td class=\"subattribute\">253 V (Attention! The rated voltage can be lower.)<\/td>\n<\/tr>\n<tr>\n<td><\/td>\n<td>Contact loading<\/td>\n<td class=\"subattribute\">253 V AC\/2 A\/cos \u03c6 &gt; 0.7; 40 V DC\/2 A resistive load<\/td>\n<\/tr>\n<tr>\n<td colspan=\"2\">Output III<\/td>\n<td>terminals 19+, 20- non-intrinsically safe<\/td>\n<\/tr>\n<tr>\n<td><\/td>\n<td>Maximum safe voltage\u00a0U<sub>m<\/sub><\/td>\n<td class=\"subattribute\">40 V (Attention! U<sub>m<\/sub>\u00a0is no rated voltage.)<\/td>\n<\/tr>\n<tr>\n<td colspan=\"2\">Output IV<\/td>\n<td>terminals 8+, 7- non-intrinsically safe<\/td>\n<\/tr>\n<tr>\n<td><\/td>\n<td>Maximum safe voltage<\/td>\n<td class=\"subattribute\">40 V DC (Attention! U<sub>m<\/sub>\u00a0is no rated voltage.)<\/td>\n<\/tr>\n<tr>\n<td colspan=\"2\">Interface<\/td>\n<td>RS 232<\/td>\n<\/tr>\n<tr>\n<td><\/td>\n<td>Maximum safe voltage<\/td>\n<td class=\"subattribute\">40 V (Attention! U<sub>m<\/sub>\u00a0is no rated voltage.)<\/td>\n<\/tr>\n<tr>\n<td colspan=\"2\">Certificate<\/td>\n<td>T\u00dcV 02 ATEX 1885 X<\/td>\n<\/tr>\n<tr>\n<td><\/td>\n<td>Marking<\/td>\n<td class=\"subattribute\"><img src=\"https:\/\/www.pepperl-fuchs.com\/web_img\/a100038a.jpg\" alt=\"Ex-Hexagon\" \/>\u00a0II 3G Ex nA nC IIC T4 Gc<\/td>\n<\/tr>\n<tr>\n<td colspan=\"2\">Output I, II<\/td>\n<td><\/td>\n<\/tr>\n<tr>\n<td><\/td>\n<td>Contact loading<\/td>\n<td class=\"subattribute\">50 V AC\/2 A\/cos \u03c6 &gt; 0.7; 40 V DC\/2 A resistive load<\/td>\n<\/tr>\n<tr>\n<td colspan=\"2\">Galvanic isolation<\/td>\n<td><\/td>\n<\/tr>\n<tr>\n<td><\/td>\n<td>Input I\/other circuits<\/td>\n<td class=\"subattribute\">safe electrical isolation acc. to IEC\/EN 60079-11, voltage peak value 375 V<\/td>\n<\/tr>\n<tr>\n<td colspan=\"2\">Directive conformity<\/td>\n<td><\/td>\n<\/tr>\n<tr>\n<td><\/td>\n<td>Directive 2014\/34\/EU<\/td>\n<td class=\"subattribute\">EN 60079-0:2012+A11:2013 , EN\u00a060079-11:2012 , EN 60079-15:2010<\/td>\n<\/tr>\n<tr>\n<th colspan=\"3\">International approvals<\/th>\n<\/tr>\n<tr>\n<td colspan=\"2\">FM approval<\/td>\n<td><\/td>\n<\/tr>\n<tr>\n<td><\/td>\n<td>Control drawing<\/td>\n<td class=\"subattribute\">16-538FM-12<\/td>\n<\/tr>\n<tr>\n<td colspan=\"2\">UL approval<\/td>\n<td>E223772<\/td>\n<\/tr>\n<tr>\n<td colspan=\"2\">IECEx approval<\/td>\n<td><\/td>\n<\/tr>\n<tr>\n<td><\/td>\n<td>IECEx certificate<\/td>\n<td class=\"subattribute\">IECEx TUN 04.0007<br \/>\nIECEx TSA 18.0007X<\/td>\n<\/tr>\n<tr>\n<td><\/td>\n<td>IECEx marking<\/td>\n<td class=\"subattribute\">[Ex ia Ga] IIC, [Ex ia Da] IIIC, [Ex ia Ma] I<br \/>\nEx ec nC IIC T4 Gc<\/td>\n<\/tr>\n<tr>\n<th colspan=\"3\">General information<\/th>\n<\/tr>\n<tr>\n<td colspan=\"2\">Supplementary information<\/td>\n<td>Observe the certificates, declarations of conformity, instruction manuals, and manuals where applicable. For information see www.pepperl-fuchs.com.<\/td>\n<\/tr>\n<\/tbody>\n<\/table>\n<p>&nbsp;<\/p>\n<h2>Classifications<\/h2>\n<table class=\"standard enum\">\n<tbody>\n<tr>\n<th>System<\/th>\n<th>Classcode<\/th>\n<\/tr>\n<tr>\n<td>ECLASS 11.0<\/td>\n<td>27210128<\/td>\n<\/tr>\n<tr>\n<td>ECLASS 10.0.1<\/td>\n<td>27210128<\/td>\n<\/tr>\n<tr>\n<td>ECLASS 9.0<\/td>\n<td>27210128<\/td>\n<\/tr>\n<tr>\n<td>ECLASS 8.0<\/td>\n<td>27210190<\/td>\n<\/tr>\n<tr>\n<td>ECLASS 5.1<\/td>\n<td>27210121<\/td>\n<\/tr>\n<tr>\n<td>ETIM 8.0<\/td>\n<td>EC002918<\/td>\n<\/tr>\n<tr>\n<td>ETIM 7.0<\/td>\n<td>EC002918<\/td>\n<\/tr>\n<tr>\n<td>ETIM 6.0<\/td>\n<td>EC002918<\/td>\n<\/tr>\n<tr>\n<td>ETIM 5.0<\/td>\n<td>EC002918<\/td>\n<\/tr>\n<tr>\n<td>UNSPSC 12.1<\/td>\n<td>39121007<\/td>\n<\/tr>\n<\/tbody>\n<\/table>\n<p><\/p>","protected":false},"excerpt":{"rendered":"<p>&nbsp;<\/p>\n<p class=\"alternative\"><strong>Frequency Converter with Trip Values<\/strong><\/p>\n<ul>\n<li>1-channel isolated barrier<\/li>\n<li>24 V DC supply (Power Rail)<\/li>\n<li>Input for NAMUR sensors or dry contacts<\/li>\n<li>Input frequency 1 mHz &#8230; 5 kHz<\/li>\n<li>Current output 0\/4\u00a0mA\u00a0&#8230;\u00a020\u00a0mA<\/li>\n<li>Relay contact and transistor output<\/li>\n<li>Start-up override<\/li>\n<li>Line fault detection (LFD)<\/li>\n<li>Up to SIL 2 acc.\u00a0to\u00a0IEC\u00a061508\/IEC\u00a061511<\/li>\n<\/ul>\n","protected":false},"featured_media":1888,"comment_status":"open","ping_status":"closed","template":"","meta":[],"product_cat":[101,102],"product_tag":[],"yoast_head":"<!-- This site is optimized with the Yoast SEO plugin v16.6.1 - https:\/\/yoast.com\/wordpress\/plugins\/seo\/ -->\n<title>KFD2-UFC-Ex1.D - NEW SKY CO.,LTD<\/title>\n<meta name=\"robots\" content=\"index, follow, max-snippet:-1, max-image-preview:large, max-video-preview:-1\" \/>\n<link rel=\"canonical\" href=\"https:\/\/newskyvn.com\/product\/kfd2-ufc-ex1-d\/\" \/>\n<meta property=\"og:locale\" content=\"en_US\" \/>\n<meta property=\"og:type\" content=\"article\" \/>\n<meta property=\"og:title\" content=\"KFD2-UFC-Ex1.D - NEW SKY CO.,LTD\" \/>\n<meta property=\"og:description\" content=\"[:vi]&nbsp; B\u1ed9 chuy\u1ec3n \u0111\u1ed5i t\u1ea7n s\u1ed1 c\u00f3 hi\u1ec3n th\u1ecb gi\u00e1 tr\u1ecb chuy\u1ec3n \u0111\u1ed5i    R\u00e0o c\u1ea3n c\u00e1ch ly 1 k\u00eanh  Ngu\u1ed3n cung c\u1ea5p 24 V DC (\u0110\u01b0\u1eddng ray \u0111i\u1ec7n)  \u0110\u1ea7u v\u00e0o cho c\u1ea3m bi\u1ebfn NAMUR ho\u1eb7c ti\u1ebfp \u0111i\u1ec3m kh\u00f4  T\u1ea7n s\u1ed1 \u0111\u1ea7u v\u00e0o 1 mHz ... 5 kHz  \u0110\u1ea7u ra hi\u1ec7n t\u1ea1i 0\/4 mA ... 20 mA  Ti\u1ebfp \u0111i\u1ec3m r\u01a1 le v\u00e0 \u0111\u1ea7u ra b\u00f3ng b\u00e1n d\u1eabn  Ghi \u0111\u00e8 kh\u1edfi \u0111\u1ed9ng  Ph\u00e1t hi\u1ec7n l\u1ed7i \u0111\u01b0\u1eddng d\u00e2y (LFD)  L\u00ean \u0111\u1ebfn SIL 2 acc.\u00a0theo IEC 61508 \/ IEC 61511 [:en]&nbsp; Frequency Converter with Trip Values    1-channel isolated barrier  24 V DC supply (Power Rail)  Input for NAMUR sensors or dry contacts  Input frequency 1 mHz ... 5 kHz  Current output 0\/4\u00a0mA\u00a0...\u00a020\u00a0mA  Relay contact and transistor output  Start-up override  Line fault detection (LFD)  Up to SIL 2 acc.\u00a0to\u00a0IEC\u00a061508\/IEC\u00a061511 [:]\" \/>\n<meta property=\"og:url\" content=\"https:\/\/newskyvn.com\/product\/kfd2-ufc-ex1-d\/\" \/>\n<meta property=\"og:site_name\" content=\"NEW SKY CO.,LTD\" \/>\n<meta property=\"article:modified_time\" content=\"2021-09-29T03:17:10+00:00\" \/>\n<meta property=\"og:image\" content=\"https:\/\/newskyvn.com\/wp-content\/uploads\/2021\/09\/b234930a.png\" \/>\n\t<meta property=\"og:image:width\" content=\"455\" \/>\n\t<meta property=\"og:image:height\" content=\"500\" \/>\n<meta name=\"twitter:card\" content=\"summary_large_image\" \/>\n<meta name=\"twitter:label1\" content=\"Est. reading time\" \/>\n\t<meta name=\"twitter:data1\" content=\"6 minutes\" \/>\n<script type=\"application\/ld+json\" class=\"yoast-schema-graph\">{\"@context\":\"https:\/\/schema.org\",\"@graph\":[{\"@type\":\"WebSite\",\"@id\":\"https:\/\/newskyvn.com\/#website\",\"url\":\"https:\/\/newskyvn.com\/\",\"name\":\"NEW SKY CO.,LTD\",\"description\":\"C\\u00f4ng Ty TNHH S\\u1ea3n Xu\\u1ea5t Th\\u01b0\\u01a1ng M\\u1ea1i D\\u1ecbch V\\u1ee5 T\\u00e2n Thi\\u00ean\",\"potentialAction\":[{\"@type\":\"SearchAction\",\"target\":{\"@type\":\"EntryPoint\",\"urlTemplate\":\"https:\/\/newskyvn.com\/?s={search_term_string}\"},\"query-input\":\"required name=search_term_string\"}],\"inLanguage\":\"en-US\"},{\"@type\":\"ImageObject\",\"@id\":\"https:\/\/newskyvn.com\/product\/kfd2-ufc-ex1-d\/#primaryimage\",\"inLanguage\":\"en-US\",\"url\":\"https:\/\/newskyvn.com\/wp-content\/uploads\/2021\/09\/b234930a.png\",\"contentUrl\":\"https:\/\/newskyvn.com\/wp-content\/uploads\/2021\/09\/b234930a.png\",\"width\":455,\"height\":500},{\"@type\":\"WebPage\",\"@id\":\"https:\/\/newskyvn.com\/product\/kfd2-ufc-ex1-d\/#webpage\",\"url\":\"https:\/\/newskyvn.com\/product\/kfd2-ufc-ex1-d\/\",\"name\":\"KFD2-UFC-Ex1.D - NEW SKY CO.,LTD\",\"isPartOf\":{\"@id\":\"https:\/\/newskyvn.com\/#website\"},\"primaryImageOfPage\":{\"@id\":\"https:\/\/newskyvn.com\/product\/kfd2-ufc-ex1-d\/#primaryimage\"},\"datePublished\":\"2021-09-29T03:17:09+00:00\",\"dateModified\":\"2021-09-29T03:17:10+00:00\",\"breadcrumb\":{\"@id\":\"https:\/\/newskyvn.com\/product\/kfd2-ufc-ex1-d\/#breadcrumb\"},\"inLanguage\":\"en-US\",\"potentialAction\":[{\"@type\":\"ReadAction\",\"target\":[\"https:\/\/newskyvn.com\/product\/kfd2-ufc-ex1-d\/\"]}]},{\"@type\":\"BreadcrumbList\",\"@id\":\"https:\/\/newskyvn.com\/product\/kfd2-ufc-ex1-d\/#breadcrumb\",\"itemListElement\":[{\"@type\":\"ListItem\",\"position\":1,\"name\":\"Product\",\"item\":\"https:\/\/newskyvn.com\/en\/san-pham\/\"},{\"@type\":\"ListItem\",\"position\":2,\"name\":\"KFD2-UFC-Ex1.D\"}]}]}<\/script>\n<!-- \/ Yoast SEO plugin. -->","_links":{"self":[{"href":"https:\/\/newskyvn.com\/en\/wp-json\/wp\/v2\/product\/1886"}],"collection":[{"href":"https:\/\/newskyvn.com\/en\/wp-json\/wp\/v2\/product"}],"about":[{"href":"https:\/\/newskyvn.com\/en\/wp-json\/wp\/v2\/types\/product"}],"replies":[{"embeddable":true,"href":"https:\/\/newskyvn.com\/en\/wp-json\/wp\/v2\/comments?post=1886"}],"wp:featuredmedia":[{"embeddable":true,"href":"https:\/\/newskyvn.com\/en\/wp-json\/wp\/v2\/media\/1888"}],"wp:attachment":[{"href":"https:\/\/newskyvn.com\/en\/wp-json\/wp\/v2\/media?parent=1886"}],"wp:term":[{"taxonomy":"product_cat","embeddable":true,"href":"https:\/\/newskyvn.com\/en\/wp-json\/wp\/v2\/product_cat?post=1886"},{"taxonomy":"product_tag","embeddable":true,"href":"https:\/\/newskyvn.com\/en\/wp-json\/wp\/v2\/product_tag?post=1886"}],"curies":[{"name":"wp","href":"https:\/\/api.w.org\/{rel}","templated":true}]}}