{"id":1883,"date":"2021-09-29T03:09:35","date_gmt":"2021-09-29T03:09:35","guid":{"rendered":"https:\/\/newskyvn.com\/?post_type=product&#038;p=1883"},"modified":"2021-09-29T03:09:36","modified_gmt":"2021-09-29T03:09:36","slug":"kfd2-eld-ex16","status":"publish","type":"product","link":"https:\/\/newskyvn.com\/en\/product\/kfd2-eld-ex16\/","title":{"rendered":"KFD2-ELD-Ex16"},"content":{"rendered":"<p>&nbsp;<\/p>\n<p><span style=\"color: #0000ff;\"><strong>TECHNICAL DATA OF KFD2-ELD-Ex16<\/strong><\/span><\/p>\n<table class=\"standard enum\">\n<tbody>\n<tr>\n<th colspan=\"2\">Product Description<\/th>\n<\/tr>\n<tr>\n<td colspan=\"3\">24 V DC<\/td>\n<\/tr>\n<\/tbody>\n<\/table>\n<table class=\"standard enum\">\n<tbody>\n<tr>\n<th colspan=\"3\">General specifications<\/th>\n<\/tr>\n<tr>\n<td colspan=\"2\">Signal type<\/td>\n<td>Analog input<\/td>\n<\/tr>\n<tr>\n<th colspan=\"3\">Supply<\/th>\n<\/tr>\n<tr>\n<td colspan=\"2\">Connection<\/td>\n<td>Power Rail or terminals 44+, 45-<\/td>\n<\/tr>\n<tr>\n<td colspan=\"2\">Rated voltage<\/td>\n<td>20 &#8230; 30 V DC<\/td>\n<\/tr>\n<tr>\n<td colspan=\"2\">Ripple<\/td>\n<td>\u2264 10 %<\/td>\n<\/tr>\n<tr>\n<td colspan=\"2\">Rated current<\/td>\n<td>\u2264 50 mA<\/td>\n<\/tr>\n<tr>\n<th colspan=\"3\">Input<\/th>\n<\/tr>\n<tr>\n<td colspan=\"2\">Connection side<\/td>\n<td>field side<\/td>\n<\/tr>\n<tr>\n<td colspan=\"2\">Connection<\/td>\n<td>intrinsically safe: terminals 1 &#8230; 16<br \/>\nnon-intrinsically safe: terminals 28, 29<\/td>\n<\/tr>\n<tr>\n<td colspan=\"2\">Ground connection<\/td>\n<td>terminal 17<\/td>\n<\/tr>\n<tr>\n<td colspan=\"2\">Rated values<\/td>\n<td>5 V<sub>pp<\/sub>, 0.1 mA; rectangular<\/td>\n<\/tr>\n<tr>\n<td colspan=\"2\">Function<\/td>\n<td>Test input: 24 V DC \/ 5 mA; non-polarized<\/td>\n<\/tr>\n<tr>\n<th colspan=\"3\">Output<\/th>\n<\/tr>\n<tr>\n<td colspan=\"2\">Connection side<\/td>\n<td>control side<\/td>\n<\/tr>\n<tr>\n<td colspan=\"2\">Connection<\/td>\n<td>terminals 19, 20, 21<\/td>\n<\/tr>\n<tr>\n<td colspan=\"2\">Output<\/td>\n<td>signal ; relay<\/td>\n<\/tr>\n<tr>\n<td colspan=\"2\">Contact loading<\/td>\n<td>253 V AC\/2 A \/cos \u03c6 &gt; 0.7; 40 V DC\/2 A resistive load;<\/td>\n<\/tr>\n<tr>\n<td colspan=\"2\">Mechanical life<\/td>\n<td>10<sup>7<\/sup>\u00a0switching cycles<\/td>\n<\/tr>\n<tr>\n<th colspan=\"3\">Transfer characteristics<\/th>\n<\/tr>\n<tr>\n<td colspan=\"2\">Response delay<\/td>\n<td>\u2264 50 s<\/td>\n<\/tr>\n<tr>\n<th colspan=\"3\">Galvanic isolation<\/th>\n<\/tr>\n<tr>\n<td colspan=\"2\">Input\/Output<\/td>\n<td>reinforced insulation according to IEC\/EN 61010-1, rated insulation voltage 300 V<sub>eff<\/sub><\/td>\n<\/tr>\n<tr>\n<td colspan=\"2\">Input\/power supply<\/td>\n<td>reinforced insulation according to IEC\/EN 61010-1, rated insulation voltage 300 V<sub>eff<\/sub><\/td>\n<\/tr>\n<tr>\n<td colspan=\"2\">Output\/power supply<\/td>\n<td>reinforced insulation according to IEC\/EN 61010-1, rated insulation voltage 300 V<sub>eff<\/sub><\/td>\n<\/tr>\n<tr>\n<th colspan=\"3\">Indicators\/settings<\/th>\n<\/tr>\n<tr>\n<td colspan=\"2\">Display elements<\/td>\n<td>LEDs<\/td>\n<\/tr>\n<tr>\n<td colspan=\"2\">Control elements<\/td>\n<td>DIP-switch<\/td>\n<\/tr>\n<tr>\n<td colspan=\"2\">Configuration<\/td>\n<td>via DIP switches<\/td>\n<\/tr>\n<tr>\n<td colspan=\"2\">Labeling<\/td>\n<td>space for labeling at the front<\/td>\n<\/tr>\n<tr>\n<th colspan=\"3\">Directive conformity<\/th>\n<\/tr>\n<tr>\n<td colspan=\"2\">Electromagnetic compatibility<\/td>\n<td><\/td>\n<\/tr>\n<tr>\n<td><\/td>\n<td>Directive 2014\/30\/EU<\/td>\n<td class=\"subattribute\">EN 61326-1:2013 (industrial locations)<\/td>\n<\/tr>\n<tr>\n<td colspan=\"2\">Low voltage<\/td>\n<td><\/td>\n<\/tr>\n<tr>\n<td><\/td>\n<td>Directive 2014\/35\/EU<\/td>\n<td class=\"subattribute\">EN 61010-1:2010<\/td>\n<\/tr>\n<tr>\n<th colspan=\"3\">Conformity<\/th>\n<\/tr>\n<tr>\n<td colspan=\"2\">Electromagnetic compatibility<\/td>\n<td>NE 21:2007<\/td>\n<\/tr>\n<tr>\n<td colspan=\"2\">Degree of protection<\/td>\n<td>IEC 60529:2001<\/td>\n<\/tr>\n<tr>\n<th colspan=\"3\">Ambient conditions<\/th>\n<\/tr>\n<tr>\n<td colspan=\"2\">Ambient temperature<\/td>\n<td>-20 &#8230; 60 \u00b0C (-4 &#8230; 140 \u00b0F)<\/td>\n<\/tr>\n<tr>\n<th colspan=\"3\">Mechanical specifications<\/th>\n<\/tr>\n<tr>\n<td colspan=\"2\">Degree of protection<\/td>\n<td>IP20<\/td>\n<\/tr>\n<tr>\n<td colspan=\"2\">Connection<\/td>\n<td>screw terminals<\/td>\n<\/tr>\n<tr>\n<td colspan=\"2\">Mass<\/td>\n<td>approx. 260 g<\/td>\n<\/tr>\n<tr>\n<td colspan=\"2\">Dimensions<\/td>\n<td>60 x 119 x 115 mm (2.4 x 4.7 x 4.5 inch) , housing type D2<\/td>\n<\/tr>\n<tr>\n<td colspan=\"2\">Mounting<\/td>\n<td>on 35 mm DIN mounting rail acc. to EN 60715:2001<\/td>\n<\/tr>\n<tr>\n<th colspan=\"3\">Data for application in connection with hazardous areas<\/th>\n<\/tr>\n<tr>\n<td colspan=\"2\">EU-type examination certificate<\/td>\n<td>T\u00dcV 00 ATEX 1585<\/td>\n<\/tr>\n<tr>\n<td><\/td>\n<td>Marking<\/td>\n<td class=\"subattribute\"><img src=\"https:\/\/www.pepperl-fuchs.com\/web_img\/a100038a.jpg\" alt=\"Ex-Hexagon\" \/>\u00a0II (1)G [Ex ia Ga] IIC<br \/>\n<img src=\"https:\/\/www.pepperl-fuchs.com\/web_img\/a100038a.jpg\" alt=\"Ex-Hexagon\" \/>\u00a0II (1) D [Ex ia Da] IIIC<br \/>\n<img src=\"https:\/\/www.pepperl-fuchs.com\/web_img\/a100038a.jpg\" alt=\"Ex-Hexagon\" \/>\u00a0I (M1) [Ex ia Ma] I<\/td>\n<\/tr>\n<tr>\n<td><\/td>\n<td>Voltage<\/td>\n<td class=\"subattribute\">7.2 V<\/td>\n<\/tr>\n<tr>\n<td><\/td>\n<td>Current<\/td>\n<td class=\"subattribute\">1.7 mA<\/td>\n<\/tr>\n<tr>\n<td><\/td>\n<td>Power<\/td>\n<td class=\"subattribute\">3 mW<\/td>\n<\/tr>\n<tr>\n<td colspan=\"2\">Supply<\/td>\n<td><\/td>\n<\/tr>\n<tr>\n<td><\/td>\n<td>Maximum safe voltage<\/td>\n<td class=\"subattribute\">40 V DC (Attention! The rated voltage can be lower.)<\/td>\n<\/tr>\n<tr>\n<td colspan=\"2\">Collective error message<\/td>\n<td><\/td>\n<\/tr>\n<tr>\n<td><\/td>\n<td>Maximum safe voltage<\/td>\n<td class=\"subattribute\">40 V (Attention! The rated voltage can be lower.)<\/td>\n<\/tr>\n<tr>\n<td colspan=\"2\">Galvanic isolation<\/td>\n<td><\/td>\n<\/tr>\n<tr>\n<td><\/td>\n<td>Input\/Output<\/td>\n<td class=\"subattribute\">safe electrical isolation acc. to IEC\/EN 60079-11, voltage peak value 375 V<\/td>\n<\/tr>\n<tr>\n<td><\/td>\n<td>Input\/power supply<\/td>\n<td class=\"subattribute\">safe electrical isolation acc. to IEC\/EN 60079-11, voltage peak value 375 V<\/td>\n<\/tr>\n<tr>\n<td colspan=\"2\">Directive conformity<\/td>\n<td><\/td>\n<\/tr>\n<tr>\n<td><\/td>\n<td>Directive 2014\/34\/EU<\/td>\n<td class=\"subattribute\">EN 60079-0:2012+A11:2013 , EN 60079-11:2012<\/td>\n<\/tr>\n<tr>\n<th colspan=\"3\">General information<\/th>\n<\/tr>\n<tr>\n<td colspan=\"2\">Supplementary information<\/td>\n<td>Observe the certificates, declarations of conformity, instruction manuals, and manuals where applicable. For information see www.pepperl-fuchs.com.<\/td>\n<\/tr>\n<\/tbody>\n<\/table>\n<p>&nbsp;<\/p>\n<h2>Classifications<\/h2>\n<table class=\"standard enum\">\n<tbody>\n<tr>\n<th>System<\/th>\n<th>Classcode<\/th>\n<\/tr>\n<tr>\n<td>ECLASS 11.0<\/td>\n<td>27210190<\/td>\n<\/tr>\n<tr>\n<td>ECLASS 10.0.1<\/td>\n<td>27210190<\/td>\n<\/tr>\n<tr>\n<td>ECLASS 9.0<\/td>\n<td>27210190<\/td>\n<\/tr>\n<tr>\n<td>ECLASS 8.0<\/td>\n<td>27210190<\/td>\n<\/tr>\n<tr>\n<td>ECLASS 5.1<\/td>\n<td>27210121<\/td>\n<\/tr>\n<tr>\n<td>ETIM 8.0<\/td>\n<td>EC001485<\/td>\n<\/tr>\n<tr>\n<td>ETIM 7.0<\/td>\n<td>EC001485<\/td>\n<\/tr>\n<tr>\n<td>ETIM 6.0<\/td>\n<td>EC001485<\/td>\n<\/tr>\n<tr>\n<td>ETIM 5.0<\/td>\n<td>EC001485<\/td>\n<\/tr>\n<\/tbody>\n<\/table>\n<p><\/p>","protected":false},"excerpt":{"rendered":"<p>&nbsp;<\/p>\n<p class=\"alternative\"><strong>Ground Fault Detection<\/strong><\/p>\n<ul id=\"productfeatures\">\n<li>16-channel isolated barrier<\/li>\n<li>24 V DC supply (Power Rail)<\/li>\n<li>Analog or digtial field device inputs<\/li>\n<li>Monitors leakage current<\/li>\n<li>Fault relay contact output<\/li>\n<li>LED status indication<\/li>\n<li>Test circuit for validation<\/li>\n<li>Parallel connection for easy integration<\/li>\n<li>Conformal coating<\/li>\n<\/ul>\n","protected":false},"featured_media":1885,"comment_status":"open","ping_status":"closed","template":"","meta":[],"product_cat":[101,102],"product_tag":[],"yoast_head":"<!-- This site is optimized with the Yoast SEO plugin v16.6.1 - https:\/\/yoast.com\/wordpress\/plugins\/seo\/ -->\n<title>KFD2-ELD-Ex16 - NEW SKY CO.,LTD<\/title>\n<meta name=\"robots\" content=\"index, follow, max-snippet:-1, max-image-preview:large, max-video-preview:-1\" \/>\n<link rel=\"canonical\" href=\"https:\/\/newskyvn.com\/product\/kfd2-eld-ex16\/\" \/>\n<meta property=\"og:locale\" content=\"en_US\" \/>\n<meta property=\"og:type\" content=\"article\" \/>\n<meta property=\"og:title\" content=\"KFD2-ELD-Ex16 - NEW SKY CO.,LTD\" \/>\n<meta property=\"og:description\" content=\"[:vi]&nbsp; Ph\u00e1t hi\u1ec7n l\u1ed7i n\u1ed1i \u0111\u1ea5t    R\u00e0o c\u1ea3n c\u00e1ch ly 16 k\u00eanh  Ngu\u1ed3n cung c\u1ea5p 24 V DC (\u0110\u01b0\u1eddng ray \u0111i\u1ec7n)  \u0110\u1ea7u v\u00e0o thi\u1ebft b\u1ecb tr\u01b0\u1eddng t\u01b0\u01a1ng t\u1ef1 ho\u1eb7c k\u1ef9 thu\u1eadt s\u1ed1  M\u00e0n h\u00ecnh r\u00f2 r\u1ec9 hi\u1ec7n t\u1ea1i  L\u1ed7i \u0111\u1ea7u ra ti\u1ebfp \u0111i\u1ec3m r\u01a1 le  Ch\u1ec9 b\u00e1o tr\u1ea1ng th\u00e1i LED  Ki\u1ec3m tra m\u1ea1ch \u0111\u1ec3 x\u00e1c nh\u1eadn  K\u1ebft n\u1ed1i song song \u0111\u1ec3 t\u00edch h\u1ee3p d\u1ec5 d\u00e0ng  L\u1edbp ph\u1ee7 ph\u00f9 h\u1ee3p [:en]&nbsp; Ground Fault Detection    16-channel isolated barrier  24 V DC supply (Power Rail)  Analog or digtial field device inputs  Monitors leakage current  Fault relay contact output  LED status indication  Test circuit for validation  Parallel connection for easy integration  Conformal coating [:]\" \/>\n<meta property=\"og:url\" content=\"https:\/\/newskyvn.com\/product\/kfd2-eld-ex16\/\" \/>\n<meta property=\"og:site_name\" content=\"NEW SKY CO.,LTD\" \/>\n<meta property=\"article:modified_time\" content=\"2021-09-29T03:09:36+00:00\" \/>\n<meta property=\"og:image\" content=\"https:\/\/newskyvn.com\/wp-content\/uploads\/2021\/09\/b239664a.png\" \/>\n\t<meta property=\"og:image:width\" content=\"455\" \/>\n\t<meta property=\"og:image:height\" content=\"500\" \/>\n<meta name=\"twitter:card\" content=\"summary_large_image\" \/>\n<meta name=\"twitter:label1\" content=\"Est. reading time\" \/>\n\t<meta name=\"twitter:data1\" content=\"3 minutes\" \/>\n<script type=\"application\/ld+json\" class=\"yoast-schema-graph\">{\"@context\":\"https:\/\/schema.org\",\"@graph\":[{\"@type\":\"WebSite\",\"@id\":\"https:\/\/newskyvn.com\/#website\",\"url\":\"https:\/\/newskyvn.com\/\",\"name\":\"NEW SKY CO.,LTD\",\"description\":\"C\\u00f4ng Ty TNHH S\\u1ea3n Xu\\u1ea5t Th\\u01b0\\u01a1ng M\\u1ea1i D\\u1ecbch V\\u1ee5 T\\u00e2n Thi\\u00ean\",\"potentialAction\":[{\"@type\":\"SearchAction\",\"target\":{\"@type\":\"EntryPoint\",\"urlTemplate\":\"https:\/\/newskyvn.com\/?s={search_term_string}\"},\"query-input\":\"required name=search_term_string\"}],\"inLanguage\":\"en-US\"},{\"@type\":\"ImageObject\",\"@id\":\"https:\/\/newskyvn.com\/product\/kfd2-eld-ex16\/#primaryimage\",\"inLanguage\":\"en-US\",\"url\":\"https:\/\/newskyvn.com\/wp-content\/uploads\/2021\/09\/b239664a.png\",\"contentUrl\":\"https:\/\/newskyvn.com\/wp-content\/uploads\/2021\/09\/b239664a.png\",\"width\":455,\"height\":500},{\"@type\":\"WebPage\",\"@id\":\"https:\/\/newskyvn.com\/product\/kfd2-eld-ex16\/#webpage\",\"url\":\"https:\/\/newskyvn.com\/product\/kfd2-eld-ex16\/\",\"name\":\"KFD2-ELD-Ex16 - NEW SKY CO.,LTD\",\"isPartOf\":{\"@id\":\"https:\/\/newskyvn.com\/#website\"},\"primaryImageOfPage\":{\"@id\":\"https:\/\/newskyvn.com\/product\/kfd2-eld-ex16\/#primaryimage\"},\"datePublished\":\"2021-09-29T03:09:35+00:00\",\"dateModified\":\"2021-09-29T03:09:36+00:00\",\"breadcrumb\":{\"@id\":\"https:\/\/newskyvn.com\/product\/kfd2-eld-ex16\/#breadcrumb\"},\"inLanguage\":\"en-US\",\"potentialAction\":[{\"@type\":\"ReadAction\",\"target\":[\"https:\/\/newskyvn.com\/product\/kfd2-eld-ex16\/\"]}]},{\"@type\":\"BreadcrumbList\",\"@id\":\"https:\/\/newskyvn.com\/product\/kfd2-eld-ex16\/#breadcrumb\",\"itemListElement\":[{\"@type\":\"ListItem\",\"position\":1,\"name\":\"Product\",\"item\":\"https:\/\/newskyvn.com\/en\/san-pham\/\"},{\"@type\":\"ListItem\",\"position\":2,\"name\":\"KFD2-ELD-Ex16\"}]}]}<\/script>\n<!-- \/ Yoast SEO plugin. -->","_links":{"self":[{"href":"https:\/\/newskyvn.com\/en\/wp-json\/wp\/v2\/product\/1883"}],"collection":[{"href":"https:\/\/newskyvn.com\/en\/wp-json\/wp\/v2\/product"}],"about":[{"href":"https:\/\/newskyvn.com\/en\/wp-json\/wp\/v2\/types\/product"}],"replies":[{"embeddable":true,"href":"https:\/\/newskyvn.com\/en\/wp-json\/wp\/v2\/comments?post=1883"}],"wp:featuredmedia":[{"embeddable":true,"href":"https:\/\/newskyvn.com\/en\/wp-json\/wp\/v2\/media\/1885"}],"wp:attachment":[{"href":"https:\/\/newskyvn.com\/en\/wp-json\/wp\/v2\/media?parent=1883"}],"wp:term":[{"taxonomy":"product_cat","embeddable":true,"href":"https:\/\/newskyvn.com\/en\/wp-json\/wp\/v2\/product_cat?post=1883"},{"taxonomy":"product_tag","embeddable":true,"href":"https:\/\/newskyvn.com\/en\/wp-json\/wp\/v2\/product_tag?post=1883"}],"curies":[{"name":"wp","href":"https:\/\/api.w.org\/{rel}","templated":true}]}}