{"id":1880,"date":"2021-09-29T02:48:32","date_gmt":"2021-09-29T02:48:32","guid":{"rendered":"https:\/\/newskyvn.com\/?post_type=product&#038;p=1880"},"modified":"2021-09-29T03:05:14","modified_gmt":"2021-09-29T03:05:14","slug":"kfa6-du-ex1-d","status":"publish","type":"product","link":"https:\/\/newskyvn.com\/en\/product\/kfa6-du-ex1-d\/","title":{"rendered":"KFA6-DU-Ex1.D"},"content":{"rendered":"<p>&nbsp;<\/p>\n<p><span style=\"color: #0000ff;\"><strong>TECHNICAL DATA OF KFA6-DU-Ex1.D<\/strong><\/span><\/p>\n<table class=\"standard enum\">\n<tbody>\n<tr>\n<th colspan=\"3\">General specifications<\/th>\n<\/tr>\n<tr>\n<td colspan=\"2\">Signal type<\/td>\n<td>Digital Input<\/td>\n<\/tr>\n<tr>\n<th colspan=\"3\">Supply<\/th>\n<\/tr>\n<tr>\n<td colspan=\"2\">Connection<\/td>\n<td>terminals 23, 24<\/td>\n<\/tr>\n<tr>\n<td colspan=\"2\">Rated voltage<\/td>\n<td>230 V AC \u00b1 10 %<\/td>\n<\/tr>\n<tr>\n<td colspan=\"2\">Rated current<\/td>\n<td>15 mA<\/td>\n<\/tr>\n<tr>\n<td colspan=\"2\">Power consumption<\/td>\n<td>4 VA<\/td>\n<\/tr>\n<tr>\n<th colspan=\"3\">Input<\/th>\n<\/tr>\n<tr>\n<td colspan=\"2\">Connection side<\/td>\n<td>field side<\/td>\n<\/tr>\n<tr>\n<td colspan=\"2\">Connection<\/td>\n<td>Input I: terminals 1+, 3- ; input II: terminals 13+, 14-<\/td>\n<\/tr>\n<tr>\n<td colspan=\"2\">Input I<\/td>\n<td>acc. to EN\u00a060947-5-6 (NAMUR), see manual for electrical data<\/td>\n<\/tr>\n<tr>\n<td><\/td>\n<td>Open circuit voltage\/short-circuit current<\/td>\n<td class=\"subattribute\">8.2 V \/ 10 mA<\/td>\n<\/tr>\n<tr>\n<td><\/td>\n<td>Switching point\/switching hysteresis<\/td>\n<td class=\"subattribute\">1.2 &#8230; 2.1 mA \/ approx. 0.2 mA<\/td>\n<\/tr>\n<tr>\n<td><\/td>\n<td>Pulse duration<\/td>\n<td class=\"subattribute\">min. 75 \u00b5s \/ 1 ms see instruction manuals; the maximum input frequency has to be observed.<\/td>\n<\/tr>\n<tr>\n<td><\/td>\n<td>Input frequency<\/td>\n<td class=\"subattribute\">0 &#8230; 80 Hz , pulse divider 0 &#8230; 1 kHz<\/td>\n<\/tr>\n<tr>\n<td><\/td>\n<td>Line fault detection<\/td>\n<td class=\"subattribute\">breakage I \u2264 0.15 mA; short-circuit I &gt; 6.5 mA<\/td>\n<\/tr>\n<tr>\n<td colspan=\"2\">Input II<\/td>\n<td>reset<\/td>\n<\/tr>\n<tr>\n<td><\/td>\n<td>Active\/Passive<\/td>\n<td class=\"subattribute\">I &gt; 3 mA \/ I &lt; 1.5 mA<\/td>\n<\/tr>\n<tr>\n<td><\/td>\n<td>Open circuit voltage\/short-circuit current<\/td>\n<td class=\"subattribute\">12 V \/ 3.5 mA<\/td>\n<\/tr>\n<tr>\n<td><\/td>\n<td>Pulse duration<\/td>\n<td class=\"subattribute\">min. 10 ms<\/td>\n<\/tr>\n<tr>\n<th colspan=\"3\">Output<\/th>\n<\/tr>\n<tr>\n<td colspan=\"2\">Connection side<\/td>\n<td>control side<\/td>\n<\/tr>\n<tr>\n<td colspan=\"2\">Connection<\/td>\n<td>output I: terminals 10, 11, 12 ; output II: terminals 19+, 20-<\/td>\n<\/tr>\n<tr>\n<td colspan=\"2\">Output I<\/td>\n<td>signal , Relay output<\/td>\n<\/tr>\n<tr>\n<td><\/td>\n<td>Contact loading<\/td>\n<td class=\"subattribute\">253 V AC\/ 2 A \/ cos \u03c6 \u2265 0.7 ; 40 V DC\/ 2 A<\/td>\n<\/tr>\n<tr>\n<td><\/td>\n<td>Mechanical life<\/td>\n<td class=\"subattribute\">5 x 10<sup>7<\/sup>\u00a0switching cycles<\/td>\n<\/tr>\n<tr>\n<td><\/td>\n<td>Energized\/De-energized delay<\/td>\n<td class=\"subattribute\">approx. 20 ms \/ approx. 20 ms<\/td>\n<\/tr>\n<tr>\n<td colspan=\"2\">Output II<\/td>\n<td>signal , electronic unit, isolated<\/td>\n<\/tr>\n<tr>\n<td><\/td>\n<td>Contact loading<\/td>\n<td class=\"subattribute\">40 V \/ 50 mA<\/td>\n<\/tr>\n<tr>\n<td><\/td>\n<td>Energized\/De-energized delay<\/td>\n<td class=\"subattribute\">after rising input flank 3 ms ; after falling input flank 2 ms<\/td>\n<\/tr>\n<tr>\n<td><\/td>\n<td>Signal level<\/td>\n<td class=\"subattribute\">1-signal: (L+) -2.5 V (50 mA, short-circuit\/overload proof)<br \/>\n0-signal: blocked output (off-state current \u2264 10 \u00b5A)<\/td>\n<\/tr>\n<tr>\n<th colspan=\"3\">Transfer characteristics<\/th>\n<\/tr>\n<tr>\n<td colspan=\"2\">Input I<\/td>\n<td><\/td>\n<\/tr>\n<tr>\n<td><\/td>\n<td>Resolution<\/td>\n<td class=\"subattribute\">&lt; 0.1 % of the set value, min. 10 ms<\/td>\n<\/tr>\n<tr>\n<td><\/td>\n<td>Accuracy<\/td>\n<td class=\"subattribute\">2 ms<\/td>\n<\/tr>\n<tr>\n<td><\/td>\n<td>Influence of ambient temperature<\/td>\n<td class=\"subattribute\">0.003 %\/K (50 ppm)<\/td>\n<\/tr>\n<tr>\n<th colspan=\"3\">Galvanic isolation<\/th>\n<\/tr>\n<tr>\n<td colspan=\"2\">Input I\/other circuits<\/td>\n<td>reinforced insulation according to IEC\/EN 61010-1, rated insulation voltage 300 V<sub>eff<\/sub><\/td>\n<\/tr>\n<tr>\n<td colspan=\"2\">Output I\/power supply and reset<\/td>\n<td>reinforced insulation according to IEC\/EN 61010-1, rated insulation voltage 300 V<sub>eff<\/sub><\/td>\n<\/tr>\n<tr>\n<td colspan=\"2\">Output I, II against eachother<\/td>\n<td>reinforced insulation according to IEC\/EN 61010-1, rated insulation voltage 300 V<sub>eff<\/sub><\/td>\n<\/tr>\n<tr>\n<td colspan=\"2\">Output II\/power supply<\/td>\n<td>reinforced insulation according to IEC\/EN 61010-1, rated insulation voltage 300 V<sub>eff<\/sub><\/td>\n<\/tr>\n<tr>\n<td colspan=\"2\">Output II\/reset<\/td>\n<td>basic insulation according to IEC\/EN 61010-1, rated insulation voltage 50 V<sub>eff<\/sub><\/td>\n<\/tr>\n<tr>\n<td colspan=\"2\">Reset\/power supply<\/td>\n<td>reinforced insulation according to IEC\/EN 61010-1, rated insulation voltage 300 V<sub>eff<\/sub><\/td>\n<\/tr>\n<tr>\n<th colspan=\"3\">Indicators\/settings<\/th>\n<\/tr>\n<tr>\n<td colspan=\"2\">Display elements<\/td>\n<td>LEDs , display<\/td>\n<\/tr>\n<tr>\n<td colspan=\"2\">Control elements<\/td>\n<td>Control panel<\/td>\n<\/tr>\n<tr>\n<td colspan=\"2\">Configuration<\/td>\n<td>via operating buttons<\/td>\n<\/tr>\n<tr>\n<td colspan=\"2\">Labeling<\/td>\n<td>space for labeling at the front<\/td>\n<\/tr>\n<tr>\n<th colspan=\"3\">Directive conformity<\/th>\n<\/tr>\n<tr>\n<td colspan=\"2\">Electromagnetic compatibility<\/td>\n<td><\/td>\n<\/tr>\n<tr>\n<td><\/td>\n<td>Directive 2014\/30\/EU<\/td>\n<td class=\"subattribute\">EN 61326-1:2013 (industrial locations)<\/td>\n<\/tr>\n<tr>\n<td colspan=\"2\">Low voltage<\/td>\n<td><\/td>\n<\/tr>\n<tr>\n<td><\/td>\n<td>Directive 2014\/35\/EU<\/td>\n<td class=\"subattribute\">EN 61010-1:2010<\/td>\n<\/tr>\n<tr>\n<th colspan=\"3\">Conformity<\/th>\n<\/tr>\n<tr>\n<td colspan=\"2\">Electromagnetic compatibility<\/td>\n<td>NE 21:2006<\/td>\n<\/tr>\n<tr>\n<td colspan=\"2\">Degree of protection<\/td>\n<td>IEC 60529:2001<\/td>\n<\/tr>\n<tr>\n<th colspan=\"3\">Ambient conditions<\/th>\n<\/tr>\n<tr>\n<td colspan=\"2\">Ambient temperature<\/td>\n<td>-20 &#8230; 60 \u00b0C (-4 &#8230; 140 \u00b0F)<br \/>\nextended ambient temperature range up to 70 \u00b0C (158 \u00b0F), refer to manual for necessary mounting conditions<\/td>\n<\/tr>\n<tr>\n<th colspan=\"3\">Mechanical specifications<\/th>\n<\/tr>\n<tr>\n<td colspan=\"2\">Degree of protection<\/td>\n<td>IP20<\/td>\n<\/tr>\n<tr>\n<td colspan=\"2\">Connection<\/td>\n<td>screw terminals<\/td>\n<\/tr>\n<tr>\n<td colspan=\"2\">Mass<\/td>\n<td>approx. 300 g<\/td>\n<\/tr>\n<tr>\n<td colspan=\"2\">Dimensions<\/td>\n<td>40 x 119 x 115 mm (1.6 x 4.7 x 4.5 inch) , housing type C2<\/td>\n<\/tr>\n<tr>\n<td colspan=\"2\">Mounting<\/td>\n<td>on 35 mm DIN mounting rail acc. to EN 60715:2001<\/td>\n<\/tr>\n<tr>\n<th colspan=\"3\">Data for application in connection with hazardous areas<\/th>\n<\/tr>\n<tr>\n<td colspan=\"2\">EU-type examination certificate<\/td>\n<td>T\u00dcV 99 ATEX 1408<\/td>\n<\/tr>\n<tr>\n<td><\/td>\n<td>Marking<\/td>\n<td class=\"subattribute\"><img src=\"https:\/\/www.pepperl-fuchs.com\/web_img\/a100038a.jpg\" alt=\"Ex-Hexagon\" \/>\u00a0II (1)G [Ex ia Ga] IIC<br \/>\n<img src=\"https:\/\/www.pepperl-fuchs.com\/web_img\/a100038a.jpg\" alt=\"Ex-Hexagon\" \/>\u00a0II (1)D [Ex ia Da] IIIC<br \/>\n<img src=\"https:\/\/www.pepperl-fuchs.com\/web_img\/a100038a.jpg\" alt=\"Ex-Hexagon\" \/>\u00a0I (M1) [Ex ia Ma] I<\/td>\n<\/tr>\n<tr>\n<td colspan=\"2\">Supply<\/td>\n<td><\/td>\n<\/tr>\n<tr>\n<td><\/td>\n<td>Maximum safe voltage<\/td>\n<td class=\"subattribute\">253 V AC (Attention! The rated voltage can be lower.)<\/td>\n<\/tr>\n<tr>\n<td colspan=\"2\">Input I<\/td>\n<td>terminals 1+, 3-: Ex ia<\/td>\n<\/tr>\n<tr>\n<td><\/td>\n<td>Voltage\u00a0U<sub>o<\/sub><\/td>\n<td class=\"subattribute\">10.1 V<\/td>\n<\/tr>\n<tr>\n<td><\/td>\n<td>Current\u00a0I<sub>o<\/sub><\/td>\n<td class=\"subattribute\">13.5 mA<\/td>\n<\/tr>\n<tr>\n<td><\/td>\n<td>Power\u00a0P<sub>o<\/sub><\/td>\n<td class=\"subattribute\">34 mW (linear characteristic)<\/td>\n<\/tr>\n<tr>\n<td colspan=\"2\">Input II<\/td>\n<td>terminals 13+, 14- non-intrinsically safe<\/td>\n<\/tr>\n<tr>\n<td><\/td>\n<td>Maximum safe voltage\u00a0U<sub>m<\/sub><\/td>\n<td class=\"subattribute\">40 V (Attention! The rated voltage can be lower.)<\/td>\n<\/tr>\n<tr>\n<td colspan=\"2\">Output I<\/td>\n<td>terminals 10, 11, 12 non-intrinsically safe<\/td>\n<\/tr>\n<tr>\n<td><\/td>\n<td>Contact loading<\/td>\n<td class=\"subattribute\">253 V AC\/2 A\/cos \u03c6 &gt; 0.7; 40 V DC\/2 A resistive load<\/td>\n<\/tr>\n<tr>\n<td><\/td>\n<td>Maximum safe voltage<\/td>\n<td class=\"subattribute\">253 V (Attention! The rated voltage can be lower.)<\/td>\n<\/tr>\n<tr>\n<td colspan=\"2\">Output II<\/td>\n<td>terminals 19+, 20- non-intrinsically safe<\/td>\n<\/tr>\n<tr>\n<td><\/td>\n<td>Maximum safe voltage<\/td>\n<td class=\"subattribute\">40 V (Attention! The rated voltage can be lower.)<\/td>\n<\/tr>\n<tr>\n<td colspan=\"2\">Certificate<\/td>\n<td>T\u00dcV 02 ATEX 1885 X<\/td>\n<\/tr>\n<tr>\n<td><\/td>\n<td>Marking<\/td>\n<td class=\"subattribute\"><img src=\"https:\/\/www.pepperl-fuchs.com\/web_img\/a100038a.jpg\" alt=\"Ex-Hexagon\" \/>\u00a0II 3G Ex nA nC IIC T4 Gc<\/td>\n<\/tr>\n<tr>\n<td colspan=\"2\">Output I<\/td>\n<td><\/td>\n<\/tr>\n<tr>\n<td><\/td>\n<td>Contact loading<\/td>\n<td class=\"subattribute\">50 V AC\/2 A\/cos \u03c6 &gt; 0.7; 40 V DC\/2 A resistive load<\/td>\n<\/tr>\n<tr>\n<td colspan=\"2\">Galvanic isolation<\/td>\n<td><\/td>\n<\/tr>\n<tr>\n<td><\/td>\n<td>Input I\/other circuits<\/td>\n<td class=\"subattribute\">safe electrical isolation acc. to IEC\/EN 60079-11, voltage peak value 375 V<\/td>\n<\/tr>\n<tr>\n<td colspan=\"2\">Directive conformity<\/td>\n<td><\/td>\n<\/tr>\n<tr>\n<td><\/td>\n<td>Directive 2014\/34\/EU<\/td>\n<td class=\"subattribute\">EN 60079-0:2012+A11:2013 , EN\u00a060079-11:2012 , EN 60079-15:2010<\/td>\n<\/tr>\n<tr>\n<th colspan=\"3\">International approvals<\/th>\n<\/tr>\n<tr>\n<td colspan=\"2\">FM approval<\/td>\n<td><\/td>\n<\/tr>\n<tr>\n<td><\/td>\n<td>Control drawing<\/td>\n<td class=\"subattribute\">16-538FM-12<\/td>\n<\/tr>\n<tr>\n<td colspan=\"2\">UL approval<\/td>\n<td>E223772<\/td>\n<\/tr>\n<tr>\n<td colspan=\"2\">IECEx approval<\/td>\n<td><\/td>\n<\/tr>\n<tr>\n<td><\/td>\n<td>IECEx certificate<\/td>\n<td class=\"subattribute\">IECEx TUN 03.0000<\/td>\n<\/tr>\n<tr>\n<td><\/td>\n<td>IECEx marking<\/td>\n<td class=\"subattribute\">[Ex ia Ga] IIC , [Ex ia Da] IIIC , [Ex ia Ma] I<\/td>\n<\/tr>\n<tr>\n<th colspan=\"3\">General information<\/th>\n<\/tr>\n<tr>\n<td colspan=\"2\">Supplementary information<\/td>\n<td>Observe the certificates, declarations of conformity, instruction manuals, and manuals where applicable. For information see www.pepperl-fuchs.com.<\/td>\n<\/tr>\n<\/tbody>\n<\/table>\n<p>&nbsp;<\/p>\n<h2>Classifications<\/h2>\n<table class=\"standard enum\">\n<tbody>\n<tr>\n<th>System<\/th>\n<th>Classcode<\/th>\n<\/tr>\n<tr>\n<td>ECLASS 11.0<\/td>\n<td>27210121<\/td>\n<\/tr>\n<tr>\n<td>ECLASS 10.0.1<\/td>\n<td>27210121<\/td>\n<\/tr>\n<tr>\n<td>ECLASS 9.0<\/td>\n<td>27210121<\/td>\n<\/tr>\n<tr>\n<td>ECLASS 8.0<\/td>\n<td>27210121<\/td>\n<\/tr>\n<tr>\n<td>ECLASS 5.1<\/td>\n<td>27210121<\/td>\n<\/tr>\n<tr>\n<td>ETIM 8.0<\/td>\n<td>EC001485<\/td>\n<\/tr>\n<tr>\n<td>ETIM 7.0<\/td>\n<td>EC001485<\/td>\n<\/tr>\n<tr>\n<td>ETIM 6.0<\/td>\n<td>EC001485<\/td>\n<\/tr>\n<tr>\n<td>ETIM 5.0<\/td>\n<td>EC001485<\/td>\n<\/tr>\n<tr>\n<td>UNSPSC 12.1<\/td>\n<td>32101514<\/td>\n<\/tr>\n<\/tbody>\n<\/table>\n<p><\/p>","protected":false},"excerpt":{"rendered":"<p>&nbsp;<\/p>\n<p class=\"alternative\"><strong>Switch Amplifier, Timer Relay<\/strong><\/p>\n<ul id=\"productfeatures\">\n<li>1-channel isolated barrier<\/li>\n<li>230 V AC supply<\/li>\n<li>Dry contact or NAMUR inputs<\/li>\n<li>Relay contact and transistor output<\/li>\n<li>Adjustable output timer functions from 10 ms &#8230; 60 min<\/li>\n<li>Input frequency up to 80 Hz; pulse divider up to 1 kHz<\/li>\n<li>Reset function<\/li>\n<li>Configurable by keypad<\/li>\n<li>Line fault detection (LFD)<\/li>\n<\/ul>\n","protected":false},"featured_media":1882,"comment_status":"open","ping_status":"closed","template":"","meta":[],"product_cat":[101,102],"product_tag":[],"yoast_head":"<!-- This site is optimized with the Yoast SEO plugin v16.6.1 - https:\/\/yoast.com\/wordpress\/plugins\/seo\/ -->\n<title>KFA6-DU-Ex1.D - NEW SKY CO.,LTD<\/title>\n<meta name=\"robots\" content=\"index, follow, max-snippet:-1, max-image-preview:large, max-video-preview:-1\" \/>\n<link rel=\"canonical\" href=\"https:\/\/newskyvn.com\/product\/kfa6-du-ex1-d\/\" \/>\n<meta property=\"og:locale\" content=\"en_US\" \/>\n<meta property=\"og:type\" content=\"article\" \/>\n<meta property=\"og:title\" content=\"KFA6-DU-Ex1.D - NEW SKY CO.,LTD\" \/>\n<meta property=\"og:description\" content=\"[:vi]&nbsp; B\u1ed9 khu\u1ebfch \u0111\u1ea1i chuy\u1ec3n m\u1ea1ch, c\u00f3 r\u01a1-le h\u1eb9n gi\u1edd\u00a0    R\u00e0o c\u1ea3n c\u00e1ch ly 1 k\u00eanh  Ngu\u1ed3n \u0111i\u1ec7n xoay chi\u1ec1u 230 V  Ti\u1ebfp \u0111i\u1ec3m kh\u00f4 ho\u1eb7c \u0111\u1ea7u v\u00e0o NAMUR  Ti\u1ebfp \u0111i\u1ec3m r\u01a1 le v\u00e0 \u0111\u1ea7u ra b\u00f3ng b\u00e1n d\u1eabn  Ch\u1ee9c n\u0103ng h\u1eb9n gi\u1edd \u0111\u1ea7u ra c\u00f3 th\u1ec3 \u0111i\u1ec1u ch\u1ec9nh t\u1eeb 10 mili gi\u00e2y 60 ph\u00fat  T\u1ea7n s\u1ed1 \u0111\u1ea7u v\u00e0o l\u00ean \u0111\u1ebfn 80 Hz;\u00a0b\u1ed9 chia xung l\u00ean \u0111\u1ebfn 1 kHz  \u0110\u1eb7t l\u1ea1i ch\u1ee9c n\u0103ng  C\u00f3 th\u1ec3 c\u1ea5u h\u00ecnh b\u1eb1ng b\u00e0n ph\u00edm  Ph\u00e1t hi\u1ec7n l\u1ed7i \u0111\u01b0\u1eddng d\u00e2y (LFD) [:en]&nbsp; Switch Amplifier, Timer Relay    1-channel isolated barrier  230 V AC supply  Dry contact or NAMUR inputs  Relay contact and transistor output  Adjustable output timer functions from 10 ms ... 60 min  Input frequency up to 80 Hz; pulse divider up to 1 kHz  Reset function  Configurable by keypad  Line fault detection (LFD) [:]\" \/>\n<meta property=\"og:url\" content=\"https:\/\/newskyvn.com\/product\/kfa6-du-ex1-d\/\" \/>\n<meta property=\"og:site_name\" content=\"NEW SKY CO.,LTD\" \/>\n<meta property=\"article:modified_time\" content=\"2021-09-29T03:05:14+00:00\" \/>\n<meta property=\"og:image\" content=\"https:\/\/newskyvn.com\/wp-content\/uploads\/2021\/09\/b234942a.png\" \/>\n\t<meta property=\"og:image:width\" content=\"455\" \/>\n\t<meta property=\"og:image:height\" content=\"500\" \/>\n<meta name=\"twitter:card\" content=\"summary_large_image\" \/>\n<meta name=\"twitter:label1\" content=\"Est. reading time\" \/>\n\t<meta name=\"twitter:data1\" content=\"5 minutes\" \/>\n<script type=\"application\/ld+json\" class=\"yoast-schema-graph\">{\"@context\":\"https:\/\/schema.org\",\"@graph\":[{\"@type\":\"WebSite\",\"@id\":\"https:\/\/newskyvn.com\/#website\",\"url\":\"https:\/\/newskyvn.com\/\",\"name\":\"NEW SKY CO.,LTD\",\"description\":\"C\\u00f4ng Ty TNHH S\\u1ea3n Xu\\u1ea5t Th\\u01b0\\u01a1ng M\\u1ea1i D\\u1ecbch V\\u1ee5 T\\u00e2n Thi\\u00ean\",\"potentialAction\":[{\"@type\":\"SearchAction\",\"target\":{\"@type\":\"EntryPoint\",\"urlTemplate\":\"https:\/\/newskyvn.com\/?s={search_term_string}\"},\"query-input\":\"required name=search_term_string\"}],\"inLanguage\":\"en-US\"},{\"@type\":\"ImageObject\",\"@id\":\"https:\/\/newskyvn.com\/product\/kfa6-du-ex1-d\/#primaryimage\",\"inLanguage\":\"en-US\",\"url\":\"https:\/\/newskyvn.com\/wp-content\/uploads\/2021\/09\/b234942a.png\",\"contentUrl\":\"https:\/\/newskyvn.com\/wp-content\/uploads\/2021\/09\/b234942a.png\",\"width\":455,\"height\":500},{\"@type\":\"WebPage\",\"@id\":\"https:\/\/newskyvn.com\/product\/kfa6-du-ex1-d\/#webpage\",\"url\":\"https:\/\/newskyvn.com\/product\/kfa6-du-ex1-d\/\",\"name\":\"KFA6-DU-Ex1.D - NEW SKY CO.,LTD\",\"isPartOf\":{\"@id\":\"https:\/\/newskyvn.com\/#website\"},\"primaryImageOfPage\":{\"@id\":\"https:\/\/newskyvn.com\/product\/kfa6-du-ex1-d\/#primaryimage\"},\"datePublished\":\"2021-09-29T02:48:32+00:00\",\"dateModified\":\"2021-09-29T03:05:14+00:00\",\"breadcrumb\":{\"@id\":\"https:\/\/newskyvn.com\/product\/kfa6-du-ex1-d\/#breadcrumb\"},\"inLanguage\":\"en-US\",\"potentialAction\":[{\"@type\":\"ReadAction\",\"target\":[\"https:\/\/newskyvn.com\/product\/kfa6-du-ex1-d\/\"]}]},{\"@type\":\"BreadcrumbList\",\"@id\":\"https:\/\/newskyvn.com\/product\/kfa6-du-ex1-d\/#breadcrumb\",\"itemListElement\":[{\"@type\":\"ListItem\",\"position\":1,\"name\":\"Product\",\"item\":\"https:\/\/newskyvn.com\/en\/san-pham\/\"},{\"@type\":\"ListItem\",\"position\":2,\"name\":\"KFA6-DU-Ex1.D\"}]}]}<\/script>\n<!-- \/ Yoast SEO plugin. -->","_links":{"self":[{"href":"https:\/\/newskyvn.com\/en\/wp-json\/wp\/v2\/product\/1880"}],"collection":[{"href":"https:\/\/newskyvn.com\/en\/wp-json\/wp\/v2\/product"}],"about":[{"href":"https:\/\/newskyvn.com\/en\/wp-json\/wp\/v2\/types\/product"}],"replies":[{"embeddable":true,"href":"https:\/\/newskyvn.com\/en\/wp-json\/wp\/v2\/comments?post=1880"}],"wp:featuredmedia":[{"embeddable":true,"href":"https:\/\/newskyvn.com\/en\/wp-json\/wp\/v2\/media\/1882"}],"wp:attachment":[{"href":"https:\/\/newskyvn.com\/en\/wp-json\/wp\/v2\/media?parent=1880"}],"wp:term":[{"taxonomy":"product_cat","embeddable":true,"href":"https:\/\/newskyvn.com\/en\/wp-json\/wp\/v2\/product_cat?post=1880"},{"taxonomy":"product_tag","embeddable":true,"href":"https:\/\/newskyvn.com\/en\/wp-json\/wp\/v2\/product_tag?post=1880"}],"curies":[{"name":"wp","href":"https:\/\/api.w.org\/{rel}","templated":true}]}}