{"id":1874,"date":"2021-09-29T02:34:05","date_gmt":"2021-09-29T02:34:05","guid":{"rendered":"https:\/\/newskyvn.com\/?post_type=product&#038;p=1874"},"modified":"2021-09-29T02:34:06","modified_gmt":"2021-09-29T02:34:06","slug":"kha6-sh-ex1","status":"publish","type":"product","link":"https:\/\/newskyvn.com\/en\/product\/kha6-sh-ex1\/","title":{"rendered":"KHA6-SH-Ex1"},"content":{"rendered":"<p>&nbsp;<\/p>\n<p><span style=\"color: #0000ff;\"><strong>TECHNICAL DATA OF KHA6-SH-Ex1<\/strong><\/span><\/p>\n<table class=\"standard enum\">\n<tbody>\n<tr>\n<th colspan=\"3\">General specifications<\/th>\n<\/tr>\n<tr>\n<td colspan=\"2\">Signal type<\/td>\n<td>Digital Input<\/td>\n<\/tr>\n<tr>\n<th colspan=\"3\">Functional safety related parameters<\/th>\n<\/tr>\n<tr>\n<td colspan=\"2\">Safety Integrity Level (SIL)<\/td>\n<td>SIL 3<\/td>\n<\/tr>\n<tr>\n<td colspan=\"2\">Systematic capability (SC)<\/td>\n<td>SC 3<\/td>\n<\/tr>\n<tr>\n<td colspan=\"2\">Performance level (PL)<\/td>\n<td>PL d<\/td>\n<\/tr>\n<tr>\n<th colspan=\"3\">Supply<\/th>\n<\/tr>\n<tr>\n<td colspan=\"2\">Connection<\/td>\n<td>terminals 22, 23, 24<\/td>\n<\/tr>\n<tr>\n<td colspan=\"2\">Rated voltage<\/td>\n<td>85 &#8230; 253 V AC , 45 &#8230; 65 Hz<\/td>\n<\/tr>\n<tr>\n<td colspan=\"2\">Rated current<\/td>\n<td>30 mA \u00b1 5 mA<\/td>\n<\/tr>\n<tr>\n<td colspan=\"2\">Power dissipation<\/td>\n<td>2.2 W<\/td>\n<\/tr>\n<tr>\n<td colspan=\"2\">Power consumption<\/td>\n<td>max. 2.3 W<\/td>\n<\/tr>\n<tr>\n<th colspan=\"3\">Input<\/th>\n<\/tr>\n<tr>\n<td colspan=\"2\">Connection side<\/td>\n<td>field side<\/td>\n<\/tr>\n<tr>\n<td colspan=\"2\">Connection<\/td>\n<td>terminals 10+, 12-<\/td>\n<\/tr>\n<tr>\n<td colspan=\"2\">Open circuit voltage\/short-circuit current<\/td>\n<td>approx. 8.4 V DC \/ approx. 11.7 mA<\/td>\n<\/tr>\n<tr>\n<td colspan=\"2\">Lead resistance<\/td>\n<td>\u2264 50 \u03a9, in hazardous area cable capacitances and inductivities are to be taken into account<\/td>\n<\/tr>\n<tr>\n<td colspan=\"2\">Switching point<\/td>\n<td><\/td>\n<\/tr>\n<tr>\n<td><\/td>\n<td>Relay de-energized<\/td>\n<td class=\"subattribute\">I &lt; 2.1 mA and I &gt; 5.9 mA<\/td>\n<\/tr>\n<tr>\n<td><\/td>\n<td>Relay energized<\/td>\n<td class=\"subattribute\">2.8 mA &lt; I &lt; 5.3 mA<\/td>\n<\/tr>\n<tr>\n<td colspan=\"2\">Response delay<\/td>\n<td>\u2264 1 ms<\/td>\n<\/tr>\n<tr>\n<th colspan=\"3\">Output<\/th>\n<\/tr>\n<tr>\n<td colspan=\"2\">Connection side<\/td>\n<td>control side<\/td>\n<\/tr>\n<tr>\n<td colspan=\"2\">Connection<\/td>\n<td>output I: terminals 13, 14 ; output II: terminals 15, 21 ; output III: terminals 16+, 17-<\/td>\n<\/tr>\n<tr>\n<td colspan=\"2\">Output I<\/td>\n<td>relay , signal<\/td>\n<\/tr>\n<tr>\n<td><\/td>\n<td>Contact loading<\/td>\n<td class=\"subattribute\">253 V AC\/1 A\/cos \u03c6 \u2265 0.7; 24 V DC\/1 A resistive load<\/td>\n<\/tr>\n<tr>\n<td><\/td>\n<td>Mechanical life<\/td>\n<td class=\"subattribute\">50 x 10<sup>6<\/sup>\u00a0switching cycles<\/td>\n<\/tr>\n<tr>\n<td colspan=\"2\">Output II<\/td>\n<td>relay , signal<\/td>\n<\/tr>\n<tr>\n<td><\/td>\n<td>Contact loading<\/td>\n<td class=\"subattribute\">253 V AC\/1 A\/cos \u03c6 \u2265 0.7; 24 V DC\/1 A resistive load<\/td>\n<\/tr>\n<tr>\n<td><\/td>\n<td>Mechanical life<\/td>\n<td class=\"subattribute\">50 x 10<sup>6<\/sup>\u00a0switching cycles<\/td>\n<\/tr>\n<tr>\n<td colspan=\"2\">Output III<\/td>\n<td>electronic output, passive , fault signal<\/td>\n<\/tr>\n<tr>\n<td><\/td>\n<td>Rated voltage<\/td>\n<td class=\"subattribute\">10 &#8230; 30 V DC<\/td>\n<\/tr>\n<tr>\n<td><\/td>\n<td>Signal level<\/td>\n<td class=\"subattribute\">1-signal: (L+) -2.5 V (7 mA, short-circuit proof) \/ 0-signal: blocked output<br \/>\n(Leakage current \u2264 10 \u00b5A)<\/td>\n<\/tr>\n<tr>\n<th colspan=\"3\">Transfer characteristics<\/th>\n<\/tr>\n<tr>\n<td colspan=\"2\">Switching frequency<\/td>\n<td>5 Hz<\/td>\n<\/tr>\n<tr>\n<th colspan=\"3\">Indicators\/settings<\/th>\n<\/tr>\n<tr>\n<td colspan=\"2\">Display elements<\/td>\n<td>LEDs<\/td>\n<\/tr>\n<tr>\n<td colspan=\"2\">Labeling<\/td>\n<td>space for labeling at the front<\/td>\n<\/tr>\n<tr>\n<th colspan=\"3\">Directive conformity<\/th>\n<\/tr>\n<tr>\n<td colspan=\"2\">Electromagnetic compatibility<\/td>\n<td><\/td>\n<\/tr>\n<tr>\n<td><\/td>\n<td>Directive 2014\/30\/EU<\/td>\n<td class=\"subattribute\">EN 61326-1:2013 (industrial locations)<\/td>\n<\/tr>\n<tr>\n<td colspan=\"2\">Machinery Directive<\/td>\n<td><\/td>\n<\/tr>\n<tr>\n<td><\/td>\n<td>Directive 2006\/42\/EC<\/td>\n<td class=\"subattribute\">EN\/ISO 13849-1:2015<\/td>\n<\/tr>\n<tr>\n<th colspan=\"3\">Conformity<\/th>\n<\/tr>\n<tr>\n<td colspan=\"2\">Electromagnetic compatibility<\/td>\n<td>NE 21:2011<\/td>\n<\/tr>\n<tr>\n<td colspan=\"2\">Degree of protection<\/td>\n<td>IEC 60529:2001<\/td>\n<\/tr>\n<tr>\n<td colspan=\"2\">Safety<\/td>\n<td>IEC\/EN 61508:2010<\/td>\n<\/tr>\n<tr>\n<th colspan=\"3\">Ambient conditions<\/th>\n<\/tr>\n<tr>\n<td colspan=\"2\">Ambient temperature<\/td>\n<td>-20 &#8230; 60 \u00b0C (-4 &#8230; 140 \u00b0F)<\/td>\n<\/tr>\n<tr>\n<th colspan=\"3\">Mechanical specifications<\/th>\n<\/tr>\n<tr>\n<td colspan=\"2\">Degree of protection<\/td>\n<td>IP20<\/td>\n<\/tr>\n<tr>\n<td colspan=\"2\">Connection<\/td>\n<td>screw terminals<\/td>\n<\/tr>\n<tr>\n<td colspan=\"2\">Mass<\/td>\n<td>approx. 280 g<\/td>\n<\/tr>\n<tr>\n<td colspan=\"2\">Dimensions<\/td>\n<td>40 x 93 x 115 mm (1.6 x 3.7 x 4.5 inch) , housing type E<\/td>\n<\/tr>\n<tr>\n<td colspan=\"2\">Mounting<\/td>\n<td>on 35 mm DIN mounting rail acc. to EN 60715:2001<\/td>\n<\/tr>\n<tr>\n<th colspan=\"3\">Data for application in connection with hazardous areas<\/th>\n<\/tr>\n<tr>\n<td colspan=\"2\">EU-type examination certificate<\/td>\n<td>PTB 00 ATEX 2043<\/td>\n<\/tr>\n<tr>\n<td><\/td>\n<td>Marking<\/td>\n<td class=\"subattribute\"><img src=\"https:\/\/www.pepperl-fuchs.com\/web_img\/a100038a.jpg\" alt=\"Ex-Hexagon\" \/>\u00a0II (1)GD [EEx ia] IIC [circuit(s) in zone 0\/1\/2]<\/td>\n<\/tr>\n<tr>\n<td><\/td>\n<td>Input<\/td>\n<td class=\"subattribute\">EEx ia IIC<\/td>\n<\/tr>\n<tr>\n<td><\/td>\n<td>Voltage<\/td>\n<td class=\"subattribute\">9.56 V<\/td>\n<\/tr>\n<tr>\n<td><\/td>\n<td>Current<\/td>\n<td class=\"subattribute\">16.8 mA<\/td>\n<\/tr>\n<tr>\n<td><\/td>\n<td>Power<\/td>\n<td class=\"subattribute\">41 mW (linear characteristic)<\/td>\n<\/tr>\n<tr>\n<td colspan=\"2\">Supply<\/td>\n<td><\/td>\n<\/tr>\n<tr>\n<td><\/td>\n<td>Maximum safe voltage<\/td>\n<td class=\"subattribute\">253 V AC\/DC (Attention! The rated voltage can be lower.)<\/td>\n<\/tr>\n<tr>\n<td colspan=\"2\">Output<\/td>\n<td><\/td>\n<\/tr>\n<tr>\n<td><\/td>\n<td>Contact loading<\/td>\n<td class=\"subattribute\">253 V AC\/1 A\/cos \u03c6 \u2265 0.7; 24 V DC\/1 A resistive load<\/td>\n<\/tr>\n<tr>\n<td><\/td>\n<td>Maximum safe voltage<\/td>\n<td class=\"subattribute\">output I\/output II: 253 V AC\/DC (Attention! U<sub>m<\/sub>\u00a0is no rated voltage.)<\/td>\n<\/tr>\n<tr>\n<td colspan=\"2\">Galvanic isolation<\/td>\n<td><\/td>\n<\/tr>\n<tr>\n<td><\/td>\n<td>Input\/Output<\/td>\n<td class=\"subattribute\">safe electrical isolation acc. to IEC\/EN 60079-11, voltage peak value 375 V<\/td>\n<\/tr>\n<tr>\n<td><\/td>\n<td>Input\/power supply<\/td>\n<td class=\"subattribute\">safe electrical isolation acc. to IEC\/EN 60079-11, voltage peak value 375 V<\/td>\n<\/tr>\n<tr>\n<td colspan=\"2\">Directive conformity<\/td>\n<td><\/td>\n<\/tr>\n<tr>\n<td><\/td>\n<td>Directive 2014\/34\/EU<\/td>\n<td class=\"subattribute\">EN 60079-0:2012+A11:2013 , EN\u00a060079-11:2012<\/td>\n<\/tr>\n<tr>\n<th colspan=\"3\">General information<\/th>\n<\/tr>\n<tr>\n<td colspan=\"2\">Supplementary information<\/td>\n<td>Observe the certificates, declarations of conformity, instruction manuals, and manuals where applicable. For information see www.pepperl-fuchs.com.<\/td>\n<\/tr>\n<\/tbody>\n<\/table>\n<p>&nbsp;<\/p>\n<h2>Classifications<\/h2>\n<table class=\"standard enum\">\n<tbody>\n<tr>\n<th>System<\/th>\n<th>Classcode<\/th>\n<\/tr>\n<tr>\n<td>ECLASS 11.0<\/td>\n<td>27210121<\/td>\n<\/tr>\n<tr>\n<td>ECLASS 10.0.1<\/td>\n<td>27210121<\/td>\n<\/tr>\n<tr>\n<td>ECLASS 9.0<\/td>\n<td>27210121<\/td>\n<\/tr>\n<tr>\n<td>ECLASS 8.0<\/td>\n<td>27210121<\/td>\n<\/tr>\n<tr>\n<td>ECLASS 5.1<\/td>\n<td>27210121<\/td>\n<\/tr>\n<tr>\n<td>ETIM 8.0<\/td>\n<td>EC001485<\/td>\n<\/tr>\n<tr>\n<td>ETIM 7.0<\/td>\n<td>EC001485<\/td>\n<\/tr>\n<tr>\n<td>ETIM 6.0<\/td>\n<td>EC001485<\/td>\n<\/tr>\n<tr>\n<td>ETIM 5.0<\/td>\n<td>EC001485<\/td>\n<\/tr>\n<tr>\n<td>UNSPSC 12.1<\/td>\n<td>32101514<\/td>\n<\/tr>\n<\/tbody>\n<\/table>\n<p><\/p>","protected":false},"excerpt":{"rendered":"<p>&nbsp;<\/p>\n<p class=\"alternative\"><strong>Switch Amplifier<\/strong><\/p>\n<ul id=\"productfeatures\">\n<li>1-channel isolated barrier<\/li>\n<li>115\/230 V AC supply<\/li>\n<li>Input for approved dry contacts or SN\/S1N sensors<\/li>\n<li>Relay contact output<\/li>\n<li>Fault indication output<\/li>\n<li>Line fault detection (LFD)<\/li>\n<li>Up to SIL 3 acc. to IEC\/EN 61508<\/li>\n<li>Up to PL d acc. to EN\/ISO 13849<\/li>\n<\/ul>\n","protected":false},"featured_media":1876,"comment_status":"open","ping_status":"closed","template":"","meta":[],"product_cat":[101,102],"product_tag":[],"yoast_head":"<!-- This site is optimized with the Yoast SEO plugin v16.6.1 - https:\/\/yoast.com\/wordpress\/plugins\/seo\/ -->\n<title>KHA6-SH-Ex1 - NEW SKY CO.,LTD<\/title>\n<meta name=\"robots\" content=\"index, follow, max-snippet:-1, max-image-preview:large, max-video-preview:-1\" \/>\n<link rel=\"canonical\" href=\"https:\/\/newskyvn.com\/product\/kha6-sh-ex1\/\" \/>\n<meta property=\"og:locale\" content=\"en_US\" \/>\n<meta property=\"og:type\" content=\"article\" \/>\n<meta property=\"og:title\" content=\"KHA6-SH-Ex1 - NEW SKY CO.,LTD\" \/>\n<meta property=\"og:description\" content=\"[:vi]&nbsp; B\u1ed9 khu\u1ebfch \u0111\u1ea1i chuy\u1ec3n m\u1ea1ch    R\u00e0o c\u1ea3n c\u00e1ch ly 1 k\u00eanh  Ngu\u1ed3n \u0111i\u1ec7n xoay chi\u1ec1u 115\/230 V  \u0110\u1ea7u v\u00e0o cho c\u00e1c ti\u1ebfp \u0111i\u1ec3m kh\u00f4 ho\u1eb7c c\u1ea3m bi\u1ebfn SN \/ S1N \u0111\u00e3 \u0111\u01b0\u1ee3c ph\u00ea duy\u1ec7t  Ti\u1ebfp \u0111i\u1ec3m \u0111\u1ea7u ra ti\u1ebfp \u0111i\u1ec3m  \u0110\u1ea7u ra ch\u1ec9 b\u00e1o l\u1ed7i  Ph\u00e1t hi\u1ec7n l\u1ed7i \u0111\u01b0\u1eddng d\u00e2y (LFD)  T\u1ed1i \u0111a 3 acc SIL.\u00a0theo IEC \/ EN 61508  L\u00ean \u0111\u1ebfn PL d acc.\u00a0sang EN \/ ISO 13849 [:en]&nbsp; Switch Amplifier    1-channel isolated barrier  115\/230 V AC supply  Input for approved dry contacts or SN\/S1N sensors  Relay contact output  Fault indication output  Line fault detection (LFD)  Up to SIL 3 acc. to IEC\/EN 61508  Up to PL d acc. to EN\/ISO 13849 [:]\" \/>\n<meta property=\"og:url\" content=\"https:\/\/newskyvn.com\/product\/kha6-sh-ex1\/\" \/>\n<meta property=\"og:site_name\" content=\"NEW SKY CO.,LTD\" \/>\n<meta property=\"article:modified_time\" content=\"2021-09-29T02:34:06+00:00\" \/>\n<meta property=\"og:image\" content=\"https:\/\/newskyvn.com\/wp-content\/uploads\/2021\/09\/b239457a.png\" \/>\n\t<meta property=\"og:image:width\" content=\"455\" \/>\n\t<meta property=\"og:image:height\" content=\"500\" \/>\n<meta name=\"twitter:card\" content=\"summary_large_image\" \/>\n<meta name=\"twitter:label1\" content=\"Est. reading time\" \/>\n\t<meta name=\"twitter:data1\" content=\"3 minutes\" \/>\n<script type=\"application\/ld+json\" class=\"yoast-schema-graph\">{\"@context\":\"https:\/\/schema.org\",\"@graph\":[{\"@type\":\"WebSite\",\"@id\":\"https:\/\/newskyvn.com\/#website\",\"url\":\"https:\/\/newskyvn.com\/\",\"name\":\"NEW SKY CO.,LTD\",\"description\":\"C\\u00f4ng Ty TNHH S\\u1ea3n Xu\\u1ea5t Th\\u01b0\\u01a1ng M\\u1ea1i D\\u1ecbch V\\u1ee5 T\\u00e2n Thi\\u00ean\",\"potentialAction\":[{\"@type\":\"SearchAction\",\"target\":{\"@type\":\"EntryPoint\",\"urlTemplate\":\"https:\/\/newskyvn.com\/?s={search_term_string}\"},\"query-input\":\"required name=search_term_string\"}],\"inLanguage\":\"en-US\"},{\"@type\":\"ImageObject\",\"@id\":\"https:\/\/newskyvn.com\/product\/kha6-sh-ex1\/#primaryimage\",\"inLanguage\":\"en-US\",\"url\":\"https:\/\/newskyvn.com\/wp-content\/uploads\/2021\/09\/b239457a.png\",\"contentUrl\":\"https:\/\/newskyvn.com\/wp-content\/uploads\/2021\/09\/b239457a.png\",\"width\":455,\"height\":500},{\"@type\":\"WebPage\",\"@id\":\"https:\/\/newskyvn.com\/product\/kha6-sh-ex1\/#webpage\",\"url\":\"https:\/\/newskyvn.com\/product\/kha6-sh-ex1\/\",\"name\":\"KHA6-SH-Ex1 - NEW SKY CO.,LTD\",\"isPartOf\":{\"@id\":\"https:\/\/newskyvn.com\/#website\"},\"primaryImageOfPage\":{\"@id\":\"https:\/\/newskyvn.com\/product\/kha6-sh-ex1\/#primaryimage\"},\"datePublished\":\"2021-09-29T02:34:05+00:00\",\"dateModified\":\"2021-09-29T02:34:06+00:00\",\"breadcrumb\":{\"@id\":\"https:\/\/newskyvn.com\/product\/kha6-sh-ex1\/#breadcrumb\"},\"inLanguage\":\"en-US\",\"potentialAction\":[{\"@type\":\"ReadAction\",\"target\":[\"https:\/\/newskyvn.com\/product\/kha6-sh-ex1\/\"]}]},{\"@type\":\"BreadcrumbList\",\"@id\":\"https:\/\/newskyvn.com\/product\/kha6-sh-ex1\/#breadcrumb\",\"itemListElement\":[{\"@type\":\"ListItem\",\"position\":1,\"name\":\"Product\",\"item\":\"https:\/\/newskyvn.com\/en\/san-pham\/\"},{\"@type\":\"ListItem\",\"position\":2,\"name\":\"KHA6-SH-Ex1\"}]}]}<\/script>\n<!-- \/ Yoast SEO plugin. -->","_links":{"self":[{"href":"https:\/\/newskyvn.com\/en\/wp-json\/wp\/v2\/product\/1874"}],"collection":[{"href":"https:\/\/newskyvn.com\/en\/wp-json\/wp\/v2\/product"}],"about":[{"href":"https:\/\/newskyvn.com\/en\/wp-json\/wp\/v2\/types\/product"}],"replies":[{"embeddable":true,"href":"https:\/\/newskyvn.com\/en\/wp-json\/wp\/v2\/comments?post=1874"}],"wp:featuredmedia":[{"embeddable":true,"href":"https:\/\/newskyvn.com\/en\/wp-json\/wp\/v2\/media\/1876"}],"wp:attachment":[{"href":"https:\/\/newskyvn.com\/en\/wp-json\/wp\/v2\/media?parent=1874"}],"wp:term":[{"taxonomy":"product_cat","embeddable":true,"href":"https:\/\/newskyvn.com\/en\/wp-json\/wp\/v2\/product_cat?post=1874"},{"taxonomy":"product_tag","embeddable":true,"href":"https:\/\/newskyvn.com\/en\/wp-json\/wp\/v2\/product_tag?post=1874"}],"curies":[{"name":"wp","href":"https:\/\/api.w.org\/{rel}","templated":true}]}}