{"id":1861,"date":"2021-09-28T09:33:35","date_gmt":"2021-09-28T09:33:35","guid":{"rendered":"https:\/\/newskyvn.com\/?post_type=product&#038;p=1861"},"modified":"2021-10-07T09:53:34","modified_gmt":"2021-10-07T09:53:34","slug":"eview-box","status":"publish","type":"product","link":"https:\/\/newskyvn.com\/en\/product\/eview-box\/","title":{"rendered":"eView BOX"},"content":{"rendered":"<p>&nbsp;<\/p>\n<p><span style=\"color: #0000ff;\"><strong>TECHNICAL DATA OF eView BOX<\/strong><\/span><\/p>\n<p>The eView BOX internal cabinet control panel lets you display, set, and manage all of the machine or system automa- tion data. The use of an Intel ATOM low-consumption processor, plus an extremely efficient design (no fans or moving parts), eliminates all maintenance. The processor can run at either 1 GHz or 1.3 GHz.<\/p>\n<p>The controller has several communication ports (USB, Ethernet, RS232, RS485 and CAN) and different protocols (Ethercat (Master), GDNET (Master), Modbus TCP\/IP (Master\\Slave), CANopen (Master), Modbus RTU (Master\/Slave)). The 2 GB internal mass memory can be expanded with SD cards.<\/p>\n<p>Programming is done with a single development tool: GF_Project VX, which ensures complete and fast management of application software by means of the five standard IEC61131-3 languages and a powerful graphic editor.<\/p>\n<p>In combination with I\/Os, eView BOX completes the management and control of process and automation. It manages sequences and work processes, and sets and displays data and connectivity.<\/p>\n<p>&nbsp;<\/p>\n<p>In addition, there is a series of specific application templates, user-friendly and easily customizable, for the plastics and heat treatment industries.<\/p>\n<table>\n<tbody>\n<tr>\n<td colspan=\"2\" width=\"316\"><\/td>\n<td width=\"341\"><strong>eView BOX<\/strong><\/td>\n<\/tr>\n<tr>\n<td rowspan=\"5\" width=\"164\">&nbsp;<\/p>\n<p>&nbsp;<\/p>\n<p>&nbsp;<\/p>\n<p>&nbsp;<\/p>\n<p><strong>POWER SUPPLY<\/strong><\/td>\n<td width=\"151\">Operating voltage<\/td>\n<td width=\"341\">24 VDC \u00b125%<\/td>\n<\/tr>\n<tr>\n<td width=\"151\">Current draw (at 24 VDC)<\/td>\n<td width=\"341\">500 mA max<\/td>\n<\/tr>\n<tr>\n<td width=\"151\">Power dissipation<\/td>\n<td width=\"341\">12 W max<\/td>\n<\/tr>\n<tr>\n<td width=\"151\">Protections<\/td>\n<td width=\"341\">Polarity inversion Short circuit<\/td>\n<\/tr>\n<tr>\n<td width=\"151\">Connection<\/td>\n<td width=\"341\">3-pin polarized removable connector<\/p>\n<p>Screw terminals, max cable section 2.5 mm<sup>2<\/sup><\/td>\n<\/tr>\n<tr>\n<td rowspan=\"6\" width=\"164\">&nbsp;<\/p>\n<p>&nbsp;<\/p>\n<p>&nbsp;<\/p>\n<p>&nbsp;<\/p>\n<p>&nbsp;<\/p>\n<p>&nbsp;<\/p>\n<p>&nbsp;<\/p>\n<p>&nbsp;<\/p>\n<p>&nbsp;<\/p>\n<p>&nbsp;<\/p>\n<p>&nbsp;<\/p>\n<p><strong>CONNECTIONS<\/strong><\/td>\n<td width=\"151\">Ethernet port (ETH)<\/td>\n<td width=\"341\">Number of channels: 2 max (1 optional) Connector: RJ45<\/p>\n<p>Velocity: 10 \/ 100 \/ 1000 Mbit\/s<\/p>\n<p>Signals: green connection LED, yellow data LED<\/td>\n<\/tr>\n<tr>\n<td width=\"151\">KEY &amp; LED port<\/td>\n<td width=\"341\">Connector: RJ45 Standard: USB2.0<\/td>\n<\/tr>\n<tr>\n<td width=\"151\">RS-232 port (optional)<\/td>\n<td width=\"341\">Connector: DB9 M<\/p>\n<p>Speed: 1.2kbit\/s\u2026115kbit\/s<\/td>\n<\/tr>\n<tr>\n<td width=\"151\">RS-485 port (optional)<\/td>\n<td width=\"341\">Optically isolated Connector: DB9 M<\/p>\n<p>Speed: 9 kbit\/s \u2026 19 kbit\/s<\/p>\n<p>Terminations and polarization: internal, selectable with jumper<\/td>\n<\/tr>\n<tr>\n<td width=\"151\">CAN port (optional)<\/td>\n<td width=\"341\">Optically isolated Connector: DB9 M<\/p>\n<p>Speed: 20, 50, 100, 125, 250, 500, 1000 kbit\/s, default 500 kbit\/s<\/p>\n<p>Termination: internal, selectable with jumper<\/td>\n<\/tr>\n<tr>\n<td width=\"151\">USB port<\/td>\n<td width=\"341\">Number of ports: 2 max Connector: type A Standard: USB 2.0 Protection: overload<\/td>\n<\/tr>\n<tr>\n<td rowspan=\"3\" width=\"164\">&nbsp;<\/p>\n<p>&nbsp;<\/p>\n<p><strong>COMMUNICATION<\/strong> <strong>PROTOCOLS<\/strong><\/td>\n<td width=\"151\">Ethernet<\/td>\n<td width=\"341\">FTP (File Transfer Protocol) Modbus TCP\/IP Master\/Slave Ethercat Master<\/p>\n<p>GDNET Master<\/td>\n<\/tr>\n<tr>\n<td width=\"151\">CAN<\/td>\n<td width=\"341\">CANopen Master<\/td>\n<\/tr>\n<tr>\n<td width=\"151\">Modbus<\/td>\n<td width=\"341\">Modbus RTU Master\/Slave<\/td>\n<\/tr>\n<tr>\n<td rowspan=\"2\" width=\"164\">&nbsp;<\/p>\n<p><strong>CONFIGURATION<\/strong> <strong>ELEMENTS<\/strong><\/td>\n<td width=\"151\">Access to software procedures<\/td>\n<td width=\"341\">16-position rotary switch<\/td>\n<\/tr>\n<tr>\n<td width=\"151\">Touch screen calibration<\/td>\n<td width=\"341\">Via software on product<\/td>\n<\/tr>\n<tr>\n<td width=\"164\"><strong>CONTROL ELEMENTS<\/strong><\/td>\n<td width=\"151\">Touch screen<\/td>\n<td width=\"341\">4-wire resistive technology<\/td>\n<\/tr>\n<tr>\n<td width=\"164\">&nbsp;<\/p>\n<p><strong>VIEWING ELEMENTS<\/strong><\/td>\n<td width=\"151\">Diagnostics<\/td>\n<td width=\"341\">PW LED (yellow): power supply on RN LED (green): PLC program state LED E1 (red): HW Watchdog state LED E2 (red): PLC program error<\/td>\n<\/tr>\n<tr>\n<td width=\"164\"><strong>MICROPROCESSOR<\/strong><\/td>\n<td width=\"151\">Type and frequency<\/td>\n<td width=\"341\">ATOM E640 1 GHz ATOM E660, 1.3 GHz<\/td>\n<\/tr>\n<tr>\n<td rowspan=\"3\" width=\"164\">&nbsp;<\/p>\n<p><strong>MEMORY<\/strong><\/td>\n<td width=\"151\">System<\/td>\n<td width=\"341\">512 MB, DRAM type DDR II<\/td>\n<\/tr>\n<tr>\n<td width=\"151\">Mass<\/td>\n<td width=\"341\">2 GB Flash memory<\/td>\n<\/tr>\n<tr>\n<td width=\"151\">Mass extension<\/td>\n<td width=\"341\">SD Card Slot *<\/td>\n<\/tr>\n<\/tbody>\n<\/table>\n<p>&nbsp;<\/p>\n<table>\n<tbody>\n<tr>\n<td colspan=\"2\" width=\"316\"><\/td>\n<td width=\"341\"><strong>eView BOX<\/strong><\/td>\n<\/tr>\n<tr>\n<td rowspan=\"4\" width=\"164\">&nbsp;<\/p>\n<p>&nbsp;<\/p>\n<p>&nbsp;<\/p>\n<p><strong>AMBIENT CONDITIONS<\/strong><\/td>\n<td width=\"151\">Operating temperature<\/td>\n<td width=\"341\">0 &#8230; +55 \u00b0C (as per IEC 68-2-14)<\/td>\n<\/tr>\n<tr>\n<td width=\"151\">Storage temperature<\/td>\n<td width=\"341\">-20 &#8230; +70 \u00b0C (as per IEC 68-2-14)<\/td>\n<\/tr>\n<tr>\n<td width=\"151\">Relative humidity<\/td>\n<td width=\"341\">max 95% RH non condensing (as per IEC 68-2-3)<\/td>\n<\/tr>\n<tr>\n<td width=\"151\">Vibrations<\/td>\n<td width=\"341\">5 to 9 Hz: sine constant 3.5 mm 10 to 150 Hz: sine acceleration 1G<\/td>\n<\/tr>\n<tr>\n<td width=\"164\"><strong>ASSEMBLY<\/strong><\/td>\n<td width=\"151\"><\/td>\n<td width=\"341\">Mounting inside the control panel, horizontally with the DIN bar or vertically with fixing screws.<\/td>\n<\/tr>\n<tr>\n<td width=\"164\"><strong>PROTECTION LEVEL<\/strong><\/td>\n<td width=\"151\"><\/td>\n<td width=\"341\">IP 20 (as per IEC 68-2-3)<\/td>\n<\/tr>\n<tr>\n<td width=\"164\"><strong>WEIGHT<\/strong><\/td>\n<td width=\"151\"><\/td>\n<td width=\"341\">1,250 kg<\/td>\n<\/tr>\n<tr>\n<td width=\"164\">&nbsp;<\/p>\n<p><strong>CE STANDARDS<\/strong><\/td>\n<td width=\"151\">EMC<\/p>\n<p>(electromagnetic compatibility)<\/td>\n<td width=\"341\">Conforms to Directive 2014\/30\/EU EN61131-2: Programmable controllers Part 2: Equipment requirements and tests.<\/td>\n<\/tr>\n<\/tbody>\n<\/table>\n<p>&nbsp;<\/p>\n<p>* SD card not supplied. Available as accessory<\/p>","protected":false},"excerpt":{"rendered":"<p>&nbsp;<\/p>\n<p><strong>\u00a0High RealTime performaces controller &#8211; Control panel<\/strong><\/p>\n","protected":false},"featured_media":1863,"comment_status":"open","ping_status":"closed","template":"","meta":[],"product_cat":[123,135],"product_tag":[],"yoast_head":"<!-- This site is optimized with the Yoast SEO plugin v16.6.1 - https:\/\/yoast.com\/wordpress\/plugins\/seo\/ -->\n<title>eView BOX - NEW SKY CO.,LTD<\/title>\n<meta name=\"robots\" content=\"index, follow, max-snippet:-1, max-image-preview:large, max-video-preview:-1\" \/>\n<link rel=\"canonical\" href=\"https:\/\/newskyvn.com\/product\/eview-box\/\" \/>\n<meta property=\"og:locale\" content=\"en_US\" \/>\n<meta property=\"og:type\" content=\"article\" \/>\n<meta property=\"og:title\" content=\"eView BOX - NEW SKY CO.,LTD\" \/>\n<meta property=\"og:description\" content=\"[:vi]&nbsp;  \u00a0B\u1ed9 \u0111i\u1ec1u khi\u1ec3n hi\u1ec3n th\u1ecb th\u1eddi gian th\u1ef1c cao - B\u1ea3ng \u0111i\u1ec1u khi\u1ec3n   M\u1ed9t m\u00f4i tr\u01b0\u1eddng l\u1eadp tr\u00ecnh  C\u00e0i \u0111\u1eb7t ngang ho\u1eb7c d\u1ecdc  Nhi\u1ec1u lo\u1ea1i c\u1ed5ng giao ti\u1ebfp v\u00e0 giao th\u1ee9c [:en]&nbsp;  \u00a0High RealTime performaces controller - Control panel[:]\" \/>\n<meta property=\"og:url\" content=\"https:\/\/newskyvn.com\/product\/eview-box\/\" \/>\n<meta property=\"og:site_name\" content=\"NEW SKY CO.,LTD\" \/>\n<meta property=\"article:modified_time\" content=\"2021-10-07T09:53:34+00:00\" \/>\n<meta property=\"og:image\" content=\"https:\/\/newskyvn.com\/wp-content\/uploads\/2021\/09\/show_GSLM_Box.jpg\" \/>\n\t<meta property=\"og:image:width\" content=\"500\" \/>\n\t<meta property=\"og:image:height\" content=\"500\" \/>\n<meta name=\"twitter:card\" content=\"summary_large_image\" \/>\n<meta name=\"twitter:label1\" content=\"Est. reading time\" \/>\n\t<meta name=\"twitter:data1\" content=\"3 minutes\" \/>\n<script type=\"application\/ld+json\" class=\"yoast-schema-graph\">{\"@context\":\"https:\/\/schema.org\",\"@graph\":[{\"@type\":\"WebSite\",\"@id\":\"https:\/\/newskyvn.com\/#website\",\"url\":\"https:\/\/newskyvn.com\/\",\"name\":\"NEW SKY CO.,LTD\",\"description\":\"C\\u00f4ng Ty TNHH S\\u1ea3n Xu\\u1ea5t Th\\u01b0\\u01a1ng M\\u1ea1i D\\u1ecbch V\\u1ee5 T\\u00e2n Thi\\u00ean\",\"potentialAction\":[{\"@type\":\"SearchAction\",\"target\":{\"@type\":\"EntryPoint\",\"urlTemplate\":\"https:\/\/newskyvn.com\/?s={search_term_string}\"},\"query-input\":\"required name=search_term_string\"}],\"inLanguage\":\"en-US\"},{\"@type\":\"ImageObject\",\"@id\":\"https:\/\/newskyvn.com\/product\/eview-box\/#primaryimage\",\"inLanguage\":\"en-US\",\"url\":\"https:\/\/newskyvn.com\/wp-content\/uploads\/2021\/09\/show_GSLM_Box.jpg\",\"contentUrl\":\"https:\/\/newskyvn.com\/wp-content\/uploads\/2021\/09\/show_GSLM_Box.jpg\",\"width\":500,\"height\":500},{\"@type\":\"WebPage\",\"@id\":\"https:\/\/newskyvn.com\/product\/eview-box\/#webpage\",\"url\":\"https:\/\/newskyvn.com\/product\/eview-box\/\",\"name\":\"eView BOX - NEW SKY CO.,LTD\",\"isPartOf\":{\"@id\":\"https:\/\/newskyvn.com\/#website\"},\"primaryImageOfPage\":{\"@id\":\"https:\/\/newskyvn.com\/product\/eview-box\/#primaryimage\"},\"datePublished\":\"2021-09-28T09:33:35+00:00\",\"dateModified\":\"2021-10-07T09:53:34+00:00\",\"breadcrumb\":{\"@id\":\"https:\/\/newskyvn.com\/product\/eview-box\/#breadcrumb\"},\"inLanguage\":\"en-US\",\"potentialAction\":[{\"@type\":\"ReadAction\",\"target\":[\"https:\/\/newskyvn.com\/product\/eview-box\/\"]}]},{\"@type\":\"BreadcrumbList\",\"@id\":\"https:\/\/newskyvn.com\/product\/eview-box\/#breadcrumb\",\"itemListElement\":[{\"@type\":\"ListItem\",\"position\":1,\"name\":\"Product\",\"item\":\"https:\/\/newskyvn.com\/en\/san-pham\/\"},{\"@type\":\"ListItem\",\"position\":2,\"name\":\"eView BOX\"}]}]}<\/script>\n<!-- \/ Yoast SEO plugin. -->","_links":{"self":[{"href":"https:\/\/newskyvn.com\/en\/wp-json\/wp\/v2\/product\/1861"}],"collection":[{"href":"https:\/\/newskyvn.com\/en\/wp-json\/wp\/v2\/product"}],"about":[{"href":"https:\/\/newskyvn.com\/en\/wp-json\/wp\/v2\/types\/product"}],"replies":[{"embeddable":true,"href":"https:\/\/newskyvn.com\/en\/wp-json\/wp\/v2\/comments?post=1861"}],"wp:featuredmedia":[{"embeddable":true,"href":"https:\/\/newskyvn.com\/en\/wp-json\/wp\/v2\/media\/1863"}],"wp:attachment":[{"href":"https:\/\/newskyvn.com\/en\/wp-json\/wp\/v2\/media?parent=1861"}],"wp:term":[{"taxonomy":"product_cat","embeddable":true,"href":"https:\/\/newskyvn.com\/en\/wp-json\/wp\/v2\/product_cat?post=1861"},{"taxonomy":"product_tag","embeddable":true,"href":"https:\/\/newskyvn.com\/en\/wp-json\/wp\/v2\/product_tag?post=1861"}],"curies":[{"name":"wp","href":"https:\/\/api.w.org\/{rel}","templated":true}]}}