{"id":1852,"date":"2021-09-28T08:52:16","date_gmt":"2021-09-28T08:52:16","guid":{"rendered":"https:\/\/newskyvn.com\/?post_type=product&#038;p=1852"},"modified":"2021-10-07T09:55:19","modified_gmt":"2021-10-07T09:55:19","slug":"axm","status":"publish","type":"product","link":"https:\/\/newskyvn.com\/en\/product\/axm\/","title":{"rendered":"AXM View"},"content":{"rendered":"<p>&nbsp;<\/p>\n<p><strong><span style=\"color: #0000ff;\">TECHNICAL DATA OF AXM<\/span>\u00a0<\/strong><\/p>\n<table>\n<tbody>\n<tr>\n<td colspan=\"2\" width=\"316\"><\/td>\n<td width=\"114\"><strong>AXM view 104<\/strong><\/td>\n<td width=\"114\"><strong>AXM view 121<\/strong><\/td>\n<td width=\"114\"><strong>AXM view 150<\/strong><\/td>\n<\/tr>\n<tr>\n<td rowspan=\"5\" width=\"164\"><strong>\u00a0<\/strong><\/p>\n<p><strong>\u00a0<\/strong><\/p>\n<p><strong>\u00a0<\/strong><\/p>\n<p><strong>\u00a0<\/strong><\/p>\n<p><strong>POWER SUPPLY<\/strong><\/td>\n<td width=\"151\">Operating voltage<\/td>\n<td colspan=\"3\" width=\"341\">24 VDC \u00b125%<\/td>\n<\/tr>\n<tr>\n<td width=\"151\">Current draw (at 24 VDC)<\/td>\n<td width=\"114\">600 mA max<\/td>\n<td width=\"114\">900 mA max<\/td>\n<td width=\"114\">850 mA max<\/td>\n<\/tr>\n<tr>\n<td width=\"151\">Power dissipation<\/td>\n<td width=\"114\">15 W max<\/td>\n<td width=\"114\">22 W max<\/td>\n<td width=\"114\">26.5 W max<\/td>\n<\/tr>\n<tr>\n<td width=\"151\">Protections<\/td>\n<td colspan=\"3\" width=\"341\">Polarity inversion Short circuit<\/td>\n<\/tr>\n<tr>\n<td width=\"151\">Connection<\/td>\n<td colspan=\"3\" width=\"341\">3-pin polarized removable connector<\/p>\n<p>Screw terminals, max cable section 2.5 mm<sup>2<\/sup><\/td>\n<\/tr>\n<tr>\n<td rowspan=\"6\" width=\"164\"><strong>\u00a0<\/strong><\/p>\n<p><strong>\u00a0<\/strong><\/p>\n<p><strong>\u00a0<\/strong><\/p>\n<p><strong>\u00a0<\/strong><\/p>\n<p><strong>\u00a0<\/strong><\/p>\n<p><strong>\u00a0<\/strong><\/p>\n<p><strong>\u00a0<\/strong><\/p>\n<p><strong>\u00a0<\/strong><\/p>\n<p><strong>\u00a0<\/strong><\/p>\n<p><strong>\u00a0<\/strong><\/p>\n<p><strong>\u00a0<\/strong><\/p>\n<p><strong>CONNECTIONS<\/strong><\/td>\n<td width=\"151\">Ethernet port (ETH)<\/td>\n<td colspan=\"3\" width=\"341\">Number of channels: 2 max Connector: RJ45<\/p>\n<p>Velocity: 10 \/ 100 \/ 1000 Mbit\/s<\/p>\n<p>Signals: green connection LED, yellow data LED<\/td>\n<\/tr>\n<tr>\n<td width=\"151\">KEY &amp; LED port<\/td>\n<td colspan=\"3\" width=\"341\">Connector: RJ45 Standard: USB2.0<\/td>\n<\/tr>\n<tr>\n<td width=\"151\">RS-232 port<\/p>\n<p>(AXM view 121 and AXM view 150 models only)<\/td>\n<td colspan=\"3\" width=\"341\">Connector: DB9 M<\/p>\n<p>Velocit\u00e0: 1.2kbit\/s\u2026115kbit\/s<\/td>\n<\/tr>\n<tr>\n<td width=\"151\">RS-485 port<\/p>\n<p>(AXM view 121 and AXM view 150 models only)<\/td>\n<td colspan=\"3\" width=\"341\">Optically isolated Connector: DB9 M<\/p>\n<p>Speed: 9 kbit\/s \u2026 19 kbit\/s<\/p>\n<p>Terminations and polarization: internal, selectable with jumper<\/td>\n<\/tr>\n<tr>\n<td width=\"151\">CAN port<\/p>\n<p>(AXM view 121 and AXM view 150 models only)<\/td>\n<td colspan=\"3\" width=\"341\">Optically isolated Connector: DB9 M<\/p>\n<p>Speed: 20, 50, 100, 125, 250, 500, 1000 kbit\/s, default 500 kbit\/s<\/p>\n<p>Termination: internal, selectable with jumper<\/td>\n<\/tr>\n<tr>\n<td width=\"151\">USB port<\/td>\n<td colspan=\"3\" width=\"341\">Number of ports: 2 max Connector: type A Standard: USB 2.0 Protection: 500mA overload<\/td>\n<\/tr>\n<tr>\n<td rowspan=\"3\" width=\"164\"><strong>\u00a0<\/strong><\/p>\n<p><strong>COMMUNICATION<\/strong> <strong>PROTOCOLS<\/strong><\/td>\n<td width=\"151\">Ethernet<\/td>\n<td colspan=\"3\" width=\"341\">FTP (File Transfer Protocol) Modbus TCP\/IP Master\/Slave GDNET Master<\/td>\n<\/tr>\n<tr>\n<td width=\"151\">CAN<\/td>\n<td colspan=\"3\" width=\"341\">CANopen Master<\/td>\n<\/tr>\n<tr>\n<td width=\"151\">Modbus<\/td>\n<td colspan=\"3\" width=\"341\">Modbus RTU Master\/Slave<\/td>\n<\/tr>\n<tr>\n<td rowspan=\"9\" width=\"164\"><strong>\u00a0<\/strong><\/p>\n<p><strong>\u00a0<\/strong><\/p>\n<p><strong>\u00a0<\/strong><\/p>\n<p><strong>\u00a0<\/strong><\/p>\n<p><strong>\u00a0<\/strong><\/p>\n<p><strong>\u00a0<\/strong><\/p>\n<p><strong>\u00a0<\/strong><\/p>\n<p><strong>DISPLAY<\/strong><\/td>\n<td width=\"151\">Size (diagonal)<\/td>\n<td width=\"114\">10.4\u201d<\/td>\n<td width=\"114\">12.1\u201d<\/td>\n<td width=\"114\">15\u201d<\/td>\n<\/tr>\n<tr>\n<td width=\"151\">Format<\/td>\n<td colspan=\"3\" width=\"341\">4:3<\/td>\n<\/tr>\n<tr>\n<td width=\"151\">Pixel resolution<\/td>\n<td colspan=\"2\" width=\"227\">800 \u00d7 600<\/td>\n<td width=\"114\">1024 x 768<\/td>\n<\/tr>\n<tr>\n<td width=\"151\">Screen area (L x H)<\/td>\n<td width=\"114\">211.2 \u00d7 158.4 mm<\/td>\n<td width=\"114\">246.0 x 187.5 mm<\/td>\n<td width=\"114\">304.1 x 228.1 mm<\/td>\n<\/tr>\n<tr>\n<td width=\"151\">Colors<\/td>\n<td colspan=\"3\" width=\"341\">256 K \/ 18 bit<\/td>\n<\/tr>\n<tr>\n<td width=\"151\">Luminosity<\/td>\n<td width=\"114\">400 cd\/m<sup>2<\/sup><\/td>\n<td width=\"114\">450 cd\/m<sup>2<\/sup><\/td>\n<td width=\"114\">500 cd\/m<sup>2<\/sup><\/td>\n<\/tr>\n<tr>\n<td width=\"151\">Contrast<\/td>\n<td width=\"114\">500:1<\/td>\n<td width=\"114\">1500:1<\/td>\n<td width=\"114\">1500:1<\/td>\n<\/tr>\n<tr>\n<td width=\"151\">Backlighting<\/td>\n<td width=\"114\">White LEDs life 30,000 hours @ 25 \u00b0C<\/td>\n<td width=\"114\">White LEDs life 50,000 hours @ 25 \u00b0C<\/td>\n<td width=\"114\">White LEDs life 50,000 hours @ 25 \u00b0C<\/td>\n<\/tr>\n<tr>\n<td width=\"151\">Visual angle<\/td>\n<td width=\"114\">Horizontal: 70\u00b0 &#8211; 70\u00b0<\/p>\n<p>Vertical: 50\u00b0 &#8211; 60\u00b0<\/td>\n<td width=\"114\">Horizontal: 89\u00b0 &#8211; 89\u00b0<\/p>\n<p>Vertical: 89\u00b0 &#8211; 89\u00b0<\/td>\n<td width=\"114\">Horizontal: 70\u00b0 &#8211; 85\u00b0<\/p>\n<p>Vertical: 70\u00b0 &#8211; 85\u00b0<\/td>\n<\/tr>\n<tr>\n<td rowspan=\"2\" width=\"164\"><strong>CONFIGURATION<\/strong> <strong>ELEMENTS<\/strong><\/td>\n<td width=\"151\">Access to software procedures<\/td>\n<td colspan=\"3\" width=\"341\">16-position rotary switch<\/td>\n<\/tr>\n<tr>\n<td width=\"151\">Touch screen calibration<\/td>\n<td colspan=\"3\" width=\"341\">Via software on product<\/td>\n<\/tr>\n<tr>\n<td width=\"164\"><strong>CONTROL ELEMENTS<\/strong><\/td>\n<td width=\"151\">Touch screen<\/td>\n<td colspan=\"3\" width=\"341\">4-wire resistive technology<\/td>\n<\/tr>\n<\/tbody>\n<\/table>\n<p>&nbsp;<\/p>\n<table>\n<tbody>\n<tr>\n<td colspan=\"2\" width=\"316\"><\/td>\n<td width=\"114\"><strong>AXM view 104<\/strong><\/td>\n<td width=\"114\"><strong>AXM view 121<\/strong><\/td>\n<td width=\"114\"><strong>AXM view 150<\/strong><\/td>\n<\/tr>\n<tr>\n<td rowspan=\"8\" width=\"164\"><strong>\u00a0<\/strong><\/p>\n<p><strong>\u00a0<\/strong><\/p>\n<p><strong>\u00a0<\/strong><\/p>\n<p><strong>\u00a0<\/strong><\/p>\n<p><strong>\u00a0<\/strong><\/p>\n<p><strong>KEYBOARD<\/strong><\/td>\n<td width=\"151\">Keys<\/td>\n<td width=\"114\">35 N.O.<\/td>\n<td width=\"114\">44 N.O.<\/td>\n<td width=\"114\">44 N.O.<\/td>\n<\/tr>\n<tr>\n<td width=\"151\">External keys<\/td>\n<td colspan=\"3\" width=\"341\">4 N.O.<\/td>\n<\/tr>\n<tr>\n<td width=\"151\">Customizable\u00a0\u00a0\u00a0\u00a0\u00a0\u00a0\u00a0\u00a0\u00a0\u00a0\u00a0\u00a0\u00a0 keys symbols<\/td>\n<td width=\"114\">NO<\/td>\n<td width=\"114\">9 with external label<\/td>\n<td width=\"114\">9 with external label<\/td>\n<\/tr>\n<tr>\n<td width=\"151\">LEDs green<\/td>\n<td colspan=\"3\" width=\"341\">1<\/td>\n<\/tr>\n<tr>\n<td width=\"151\">LEDs yellow<\/td>\n<td colspan=\"3\" width=\"341\">2<\/td>\n<\/tr>\n<tr>\n<td width=\"151\">LEDs red<\/td>\n<td colspan=\"3\" width=\"341\">4<\/td>\n<\/tr>\n<tr>\n<td width=\"151\">Electromechanical buttons<\/td>\n<td width=\"114\">NO<\/td>\n<td width=\"114\">3 prepared holes \u00d8 22 mm<\/td>\n<td width=\"114\">3 prepared holes \u00d8 22 mm<\/td>\n<\/tr>\n<tr>\n<td width=\"151\">Emergency button<\/td>\n<td colspan=\"3\" width=\"341\">1 \u00d8 22 mm (NON INCLUSO)<\/td>\n<\/tr>\n<tr>\n<td width=\"164\"><strong>\u00a0<\/strong><\/p>\n<p><strong>VIEWING ELEMENTS<\/strong><\/td>\n<td width=\"151\">Diagnostics<\/td>\n<td colspan=\"3\" width=\"341\">PW LED (yellow): power supply on RN LED (green): PLC program state LED E1 (red): HW Watchdog state LED E2 (red): PLC program error<\/td>\n<\/tr>\n<tr>\n<td width=\"164\"><strong>MICROPROCESSOR<\/strong><\/td>\n<td width=\"151\">Type and frequency<\/td>\n<td colspan=\"3\" width=\"341\">ATOM E640 1 GHz ATOM E660, 1.3 GHz<\/td>\n<\/tr>\n<tr>\n<td rowspan=\"3\" width=\"164\"><strong>\u00a0<\/strong><\/p>\n<p><strong>MEMORY<\/strong><\/td>\n<td width=\"151\">System<\/td>\n<td colspan=\"3\" width=\"341\">512 MB, DRAM type DDR II<\/td>\n<\/tr>\n<tr>\n<td width=\"151\">Mass<\/td>\n<td colspan=\"3\" width=\"341\">2 GB Flash memory<\/td>\n<\/tr>\n<tr>\n<td width=\"151\">Mass extension<\/td>\n<td colspan=\"3\" width=\"341\">SD Card Slot *<\/td>\n<\/tr>\n<tr>\n<td rowspan=\"4\" width=\"164\"><strong>\u00a0<\/strong><\/p>\n<p><strong>\u00a0<\/strong><\/p>\n<p><strong>AMBIENT CONDITIONS<\/strong><\/td>\n<td width=\"151\">Operating temperature<\/td>\n<td colspan=\"3\" width=\"341\">0 &#8230; +55 \u00b0C (as per IEC 68-2-14)<\/td>\n<\/tr>\n<tr>\n<td width=\"151\">Storage temperature<\/td>\n<td colspan=\"3\" width=\"341\">-20 &#8230; +70 \u00b0C (as per IEC 68-2-14)<\/td>\n<\/tr>\n<tr>\n<td width=\"151\">Relative humidity<\/td>\n<td colspan=\"3\" width=\"341\">max 95% RH non condensing (as per IEC 68-2-3)<\/td>\n<\/tr>\n<tr>\n<td width=\"151\">Vibrations<\/td>\n<td colspan=\"3\" width=\"341\">5 to 9 Hz: sine constant 3.5 mm 10 to 150 Hz: sine acceleration 1G<\/td>\n<\/tr>\n<tr>\n<td width=\"164\"><strong>ASSEMBLY<\/strong><\/td>\n<td width=\"151\"><\/td>\n<td colspan=\"3\" width=\"341\">Built-in, in control boards or panels<\/td>\n<\/tr>\n<tr>\n<td width=\"164\"><strong>PROTECTION LEVEL<\/strong><\/td>\n<td width=\"151\"><\/td>\n<td colspan=\"3\" width=\"341\">IP 65 on front panel (as per IEC 68-2-3)<\/td>\n<\/tr>\n<tr>\n<td width=\"164\"><strong>WEIGHT<\/strong><\/td>\n<td width=\"151\"><\/td>\n<td width=\"114\">2.100 kg<\/td>\n<td width=\"114\">2.700 kg<\/td>\n<td width=\"114\">3.500 kg<\/td>\n<\/tr>\n<tr>\n<td width=\"164\"><strong>\u00a0<\/strong><\/p>\n<p><strong>CE STANDARDS<\/strong><\/td>\n<td width=\"151\">EMC<\/p>\n<p>(electromagnetic compatibility)<\/td>\n<td colspan=\"3\" width=\"341\">Conforms to Directive 2014\/30\/EU EN61131-2: Programmable controllers Part 2: Equipment requirements and tests.<\/td>\n<\/tr>\n<\/tbody>\n<\/table>\n<p><strong>\u00a0<\/strong><\/p>\n<p>* SD card not supplied. Available as accessory<\/p>","protected":false},"excerpt":{"rendered":"<p>&nbsp;<\/p>\n<p>&nbsp;<\/p>\n<p><strong>View High RealTime performaces control panel<\/strong><\/p>\n<p>\u2022Control Panel with integrated HMI<br \/>\n\u2022One programming environment.<br \/>\n\u202210.4\u201d, 12.1&#8243; and 15\u201d color display, resistive touch screen<br \/>\n\u2022IP65 front panel protection level<br \/>\n\u2022Wide range of communication ports and protocols<\/p>\n","protected":false},"featured_media":1854,"comment_status":"open","ping_status":"closed","template":"","meta":[],"product_cat":[123,135],"product_tag":[],"yoast_head":"<!-- This site is optimized with the Yoast SEO plugin v16.6.1 - https:\/\/yoast.com\/wordpress\/plugins\/seo\/ -->\n<title>AXM View - NEW SKY CO.,LTD<\/title>\n<meta name=\"robots\" content=\"index, follow, max-snippet:-1, max-image-preview:large, max-video-preview:-1\" \/>\n<link rel=\"canonical\" href=\"https:\/\/newskyvn.com\/product\/axm\/\" \/>\n<meta property=\"og:locale\" content=\"en_US\" \/>\n<meta property=\"og:type\" content=\"article\" \/>\n<meta property=\"og:title\" content=\"AXM View - NEW SKY CO.,LTD\" \/>\n<meta property=\"og:description\" content=\"[:vi]&nbsp;  B\u1ea3ng \u0111i\u1ec1u khi\u1ec3n AXM v\u1edbi m\u00e0n h\u00ecnh hi\u1ec3n th\u1ecb th\u1eddi gian th\u1ef1c  \u2022 B\u1ea3ng \u0111i\u1ec1u khi\u1ec3n v\u1edbi HMI t\u00edch h\u1ee3p \u2022 M\u1ed9t m\u00f4i tr\u01b0\u1eddng l\u1eadp tr\u00ecnh. \u2022 M\u00e0n h\u00ecnh m\u00e0u 10.4 \u201d, 12.1\u201d v\u00e0 15 \u201d, m\u00e0n h\u00ecnh c\u1ea3m \u1ee9ng \u0111i\u1ec7n tr\u1edf \u2022 C\u1ea5p \u0111\u1ed9 b\u1ea3o v\u1ec7 m\u1eb7t tr\u01b0\u1edbc IP65 \u2022 Nhi\u1ec1u c\u1ed5ng giao ti\u1ebfp v\u00e0 giao th\u1ee9c[:en]&nbsp;  &nbsp;  View High RealTime performaces control panel  \u2022Control Panel with integrated HMI \u2022One programming environment. \u202210.4\u201d, 12.1&quot; and 15\u201d color display, resistive touch screen \u2022IP65 front panel protection level \u2022Wide range of communication ports and protocols[:]\" \/>\n<meta property=\"og:url\" content=\"https:\/\/newskyvn.com\/product\/axm\/\" \/>\n<meta property=\"og:site_name\" content=\"NEW SKY CO.,LTD\" \/>\n<meta property=\"article:modified_time\" content=\"2021-10-07T09:55:19+00:00\" \/>\n<meta property=\"og:image\" content=\"https:\/\/newskyvn.com\/wp-content\/uploads\/2021\/09\/show_AXM_VIEW_121.jpg\" \/>\n\t<meta property=\"og:image:width\" content=\"500\" \/>\n\t<meta property=\"og:image:height\" content=\"500\" \/>\n<meta name=\"twitter:card\" content=\"summary_large_image\" \/>\n<meta name=\"twitter:label1\" content=\"Est. reading time\" \/>\n\t<meta name=\"twitter:data1\" content=\"3 minutes\" \/>\n<script type=\"application\/ld+json\" class=\"yoast-schema-graph\">{\"@context\":\"https:\/\/schema.org\",\"@graph\":[{\"@type\":\"WebSite\",\"@id\":\"https:\/\/newskyvn.com\/#website\",\"url\":\"https:\/\/newskyvn.com\/\",\"name\":\"NEW SKY CO.,LTD\",\"description\":\"C\\u00f4ng Ty TNHH S\\u1ea3n Xu\\u1ea5t Th\\u01b0\\u01a1ng M\\u1ea1i D\\u1ecbch V\\u1ee5 T\\u00e2n Thi\\u00ean\",\"potentialAction\":[{\"@type\":\"SearchAction\",\"target\":{\"@type\":\"EntryPoint\",\"urlTemplate\":\"https:\/\/newskyvn.com\/?s={search_term_string}\"},\"query-input\":\"required name=search_term_string\"}],\"inLanguage\":\"en-US\"},{\"@type\":\"ImageObject\",\"@id\":\"https:\/\/newskyvn.com\/product\/axm\/#primaryimage\",\"inLanguage\":\"en-US\",\"url\":\"https:\/\/newskyvn.com\/wp-content\/uploads\/2021\/09\/show_AXM_VIEW_121.jpg\",\"contentUrl\":\"https:\/\/newskyvn.com\/wp-content\/uploads\/2021\/09\/show_AXM_VIEW_121.jpg\",\"width\":500,\"height\":500},{\"@type\":\"WebPage\",\"@id\":\"https:\/\/newskyvn.com\/product\/axm\/#webpage\",\"url\":\"https:\/\/newskyvn.com\/product\/axm\/\",\"name\":\"AXM View - NEW SKY CO.,LTD\",\"isPartOf\":{\"@id\":\"https:\/\/newskyvn.com\/#website\"},\"primaryImageOfPage\":{\"@id\":\"https:\/\/newskyvn.com\/product\/axm\/#primaryimage\"},\"datePublished\":\"2021-09-28T08:52:16+00:00\",\"dateModified\":\"2021-10-07T09:55:19+00:00\",\"breadcrumb\":{\"@id\":\"https:\/\/newskyvn.com\/product\/axm\/#breadcrumb\"},\"inLanguage\":\"en-US\",\"potentialAction\":[{\"@type\":\"ReadAction\",\"target\":[\"https:\/\/newskyvn.com\/product\/axm\/\"]}]},{\"@type\":\"BreadcrumbList\",\"@id\":\"https:\/\/newskyvn.com\/product\/axm\/#breadcrumb\",\"itemListElement\":[{\"@type\":\"ListItem\",\"position\":1,\"name\":\"Product\",\"item\":\"https:\/\/newskyvn.com\/en\/san-pham\/\"},{\"@type\":\"ListItem\",\"position\":2,\"name\":\"AXM View\"}]}]}<\/script>\n<!-- \/ Yoast SEO plugin. -->","_links":{"self":[{"href":"https:\/\/newskyvn.com\/en\/wp-json\/wp\/v2\/product\/1852"}],"collection":[{"href":"https:\/\/newskyvn.com\/en\/wp-json\/wp\/v2\/product"}],"about":[{"href":"https:\/\/newskyvn.com\/en\/wp-json\/wp\/v2\/types\/product"}],"replies":[{"embeddable":true,"href":"https:\/\/newskyvn.com\/en\/wp-json\/wp\/v2\/comments?post=1852"}],"wp:featuredmedia":[{"embeddable":true,"href":"https:\/\/newskyvn.com\/en\/wp-json\/wp\/v2\/media\/1854"}],"wp:attachment":[{"href":"https:\/\/newskyvn.com\/en\/wp-json\/wp\/v2\/media?parent=1852"}],"wp:term":[{"taxonomy":"product_cat","embeddable":true,"href":"https:\/\/newskyvn.com\/en\/wp-json\/wp\/v2\/product_cat?post=1852"},{"taxonomy":"product_tag","embeddable":true,"href":"https:\/\/newskyvn.com\/en\/wp-json\/wp\/v2\/product_tag?post=1852"}],"curies":[{"name":"wp","href":"https:\/\/api.w.org\/{rel}","templated":true}]}}