{"id":1849,"date":"2021-09-28T08:42:40","date_gmt":"2021-09-28T08:42:40","guid":{"rendered":"https:\/\/newskyvn.com\/?post_type=product&#038;p=1849"},"modified":"2021-10-07T09:55:45","modified_gmt":"2021-10-07T09:55:45","slug":"eview-lt","status":"publish","type":"product","link":"https:\/\/newskyvn.com\/en\/product\/eview-lt\/","title":{"rendered":"eView LT"},"content":{"rendered":"<p>&nbsp;<\/p>\n<p><strong><span style=\"color: #0000ff;\">TECHNICAL DATA OF eView LT<\/span><\/strong><\/p>\n<p>The eView LT Control Panel lets you display, set, and manage all of the machine or system automation data. The operator uses a color touch screen. Depending on the model, the screen size can be 10.4\u201d, 12.1\u201d and 15\u201d, either horizontal or vertical. The use of an Intel ATOM low-consumption processor, plus an extremely efficient design (no fans or moving parts), eliminates all maintenance. The processor can run at either 1 GHz or 1.3 GHz.<\/p>\n<p>The Control Panel has several communication ports (USB, Ethernet, RS232, RS485 and CAN) and different protocols (Ethercat (Master), GDNET (Master), Modbus TCP\/IP (Master\\Slave), CANopen (Master), Modbus RTU (Master\/Slave)). The 2 GB internal mass memory can be expanded with SD cards.<\/p>\n<p>Programming is done with a single development tool: GF_Project VX, which ensures complete and fast management of application software by means of the five standard IEC61131-3 languages and a powerful graphic editor.<\/p>\n<p>In combination with I\/Os, eView LT completes the management and control of process and automation. It manages sequences and work processes, and sets and displays data and connectivity.<\/p>\n<p>&nbsp;<\/p>\n<p>In addition, there is a series of specific application templates, user-friendly and easily customizable, for the plastics and heat treatment industries.<\/p>\n<table>\n<tbody>\n<tr>\n<td colspan=\"2\" width=\"316\"><\/td>\n<td width=\"128\"><strong>eView LT104<\/strong><\/td>\n<td width=\"128\"><strong>eView LT121<\/strong><\/td>\n<td width=\"128\"><strong>eView LT150<\/strong><\/td>\n<\/tr>\n<tr>\n<td rowspan=\"5\" width=\"164\">&nbsp;<\/p>\n<p>&nbsp;<\/p>\n<p>&nbsp;<\/p>\n<p>&nbsp;<\/p>\n<p><strong>POWER SUPPLY<\/strong><\/td>\n<td width=\"151\">Operating voltage<\/td>\n<td colspan=\"3\" width=\"383\">24 VDC \u00b125%<\/td>\n<\/tr>\n<tr>\n<td width=\"151\">Current draw (at 24 VDC)<\/td>\n<td width=\"128\">700 mA max<\/td>\n<td width=\"128\">1000 mA max<\/td>\n<td width=\"128\">1100 mA max<\/td>\n<\/tr>\n<tr>\n<td width=\"151\">Power dissipation<\/td>\n<td width=\"128\">17 W max<\/td>\n<td width=\"128\">24 W max<\/td>\n<td width=\"128\">26.5 W max<\/td>\n<\/tr>\n<tr>\n<td width=\"151\">Protections<\/td>\n<td colspan=\"3\" width=\"383\">Polarity inversion Short circuit<\/td>\n<\/tr>\n<tr>\n<td width=\"151\">Connection<\/td>\n<td colspan=\"3\" width=\"383\">3-pin polarized removable connector<\/p>\n<p>Screw terminals, max cable section 2.5 mm<sup>2<\/sup><\/td>\n<\/tr>\n<tr>\n<td width=\"164\"><\/td>\n<td width=\"151\">Ethernet port (ETH)<\/td>\n<td colspan=\"3\" width=\"383\">Number of channels: 2 max (1 optional) Connector: RJ45<\/p>\n<p>Velocity: 10 \/ 100 \/ 1000 Mbit\/s<\/p>\n<p>Signals: green connection LED, yellow data LED<\/td>\n<\/tr>\n<tr>\n<td width=\"164\"><\/td>\n<td width=\"151\">KEY &amp; LED port<\/td>\n<td colspan=\"3\" width=\"383\">Connector: RJ45 Standard: USB2.0<\/td>\n<\/tr>\n<tr>\n<td width=\"164\"><\/td>\n<td width=\"151\">RS-232 port (optional)<\/td>\n<td colspan=\"3\" width=\"383\">Connettore: DB9 M<\/p>\n<p>Velocit\u00e0: 1.2kbit\/s\u2026115kbit\/s<\/td>\n<\/tr>\n<tr>\n<td width=\"164\">&nbsp;<\/p>\n<p><strong>CONNECTIONS<\/strong><\/td>\n<td width=\"151\">RS-485 port (optional)<\/td>\n<td colspan=\"3\" width=\"383\">Optically isolated Connector: DB9 M<\/p>\n<p>Speed: 9 kbit\/s \u2026 19 kbit\/s<\/p>\n<p>Terminations and polarization: internal, selectable with jumper<\/td>\n<\/tr>\n<tr>\n<td width=\"164\"><\/td>\n<td width=\"151\">CAN port (optional)<\/td>\n<td colspan=\"3\" width=\"383\">Optically isolated Connector: DB9 M<\/p>\n<p>Speed: 20, 50, 100, 125, 250, 500, 1000 kbit\/s, default 500 kbit\/s Termination: internal, selectable with jumper<\/td>\n<\/tr>\n<tr>\n<td width=\"164\"><\/td>\n<td width=\"151\">USB port<\/td>\n<td colspan=\"3\" width=\"383\">Number of ports: 2 max Connector: type A Standard: USB 2.0 Protection: overload<\/td>\n<\/tr>\n<tr>\n<td width=\"164\">&nbsp;<\/p>\n<p>&nbsp;<\/p>\n<p><strong>COMMUNICATION<\/strong> <strong>PROTOCOLS<\/strong><\/td>\n<td width=\"151\">Ethernet<\/p>\n<p>&nbsp;<\/p>\n<p>&nbsp;<\/p>\n<p>CAN<\/td>\n<td colspan=\"3\" width=\"383\">FTP (File Transfer Protocol) Modbus TCP\/IP Master\/Slave Ethercat Master<\/p>\n<p>GDNET Master<\/p>\n<p>CANopen Master<\/td>\n<\/tr>\n<tr>\n<td width=\"164\"><\/td>\n<td width=\"151\">Modbus<\/td>\n<td colspan=\"3\" width=\"383\">Modbus RTU Master\/Slave<\/td>\n<\/tr>\n<tr>\n<td rowspan=\"9\" width=\"164\">&nbsp;<\/p>\n<p>&nbsp;<\/p>\n<p>&nbsp;<\/p>\n<p>&nbsp;<\/p>\n<p>&nbsp;<\/p>\n<p>&nbsp;<\/p>\n<p>&nbsp;<\/p>\n<p><strong>DISPLAY<\/strong><\/td>\n<td width=\"151\">Size (diagonal)<\/td>\n<td width=\"128\">10,4\u201d<\/td>\n<td width=\"128\">12,1\u201d<\/td>\n<td width=\"128\">15\u201d<\/td>\n<\/tr>\n<tr>\n<td width=\"151\">Format<\/td>\n<td colspan=\"3\" width=\"383\">4:3<\/td>\n<\/tr>\n<tr>\n<td width=\"151\">Pixel resolution<\/td>\n<td colspan=\"2\" width=\"256\">800 \u00d7 600<\/td>\n<td width=\"128\">1024 \u00d7 768<\/td>\n<\/tr>\n<tr>\n<td width=\"151\">Screen area (L x H)<\/td>\n<td width=\"128\">211,2 \u00d7 158,4 mm<\/td>\n<td width=\"128\">246,0 x 187,5 mm<\/td>\n<td width=\"128\">304,1 \u00d7 228,1 mm<\/td>\n<\/tr>\n<tr>\n<td width=\"151\">Colors<\/td>\n<td colspan=\"2\" width=\"256\">256 K \/ 18 bit<\/td>\n<td width=\"128\">16 M \/ 24 bit<\/td>\n<\/tr>\n<tr>\n<td width=\"151\">Luminosity<\/td>\n<td width=\"128\">400 cd\/m<sup>2<\/sup><\/td>\n<td width=\"128\">450 cd\/m<sup>2<\/sup><\/td>\n<td width=\"128\">500 cd\/m<sup>2<\/sup><\/td>\n<\/tr>\n<tr>\n<td width=\"151\">Contrast<\/td>\n<td width=\"128\">500:1<\/td>\n<td width=\"128\"><\/td>\n<td width=\"128\">1500:1<\/td>\n<\/tr>\n<tr>\n<td width=\"151\">Backlighting<\/td>\n<td width=\"128\">White LEDs life 30.000 ore @ 25 \u00b0C<\/td>\n<td colspan=\"2\" width=\"256\">White LEDs life 50.000 ore @ 25 \u00b0C<\/td>\n<\/tr>\n<tr>\n<td width=\"151\">Visual angle<\/td>\n<td width=\"128\">Horizontal: 70\u00b0 &#8211; 70\u00b0<\/p>\n<p>Vertical: 50\u00b0 &#8211; 60\u00b0<\/td>\n<td width=\"128\">Horizontal: 89\u00b0 &#8211; 89\u00b0<\/p>\n<p>Vertical: 89\u00b0 &#8211; 89\u00b0<\/td>\n<td width=\"128\">Horizontal: 70\u00b0 &#8211; 85\u00b0<\/p>\n<p>Vertical: 70\u00b0 &#8211; 85\u00b0<\/td>\n<\/tr>\n<tr>\n<td rowspan=\"2\" width=\"164\">&nbsp;<\/p>\n<p><strong>CONFIGURATION<\/strong> <strong>ELEMENTS<\/strong><\/td>\n<td width=\"151\">Access to software procedures<\/td>\n<td colspan=\"3\" width=\"383\">16-position rotary switch<\/td>\n<\/tr>\n<tr>\n<td width=\"151\">Touch screen calibration<\/td>\n<td colspan=\"3\" width=\"383\">Via software on product<\/td>\n<\/tr>\n<tr>\n<td width=\"164\"><strong>CONTROL ELEMENTS<\/strong><\/td>\n<td width=\"151\">Touch screen<\/td>\n<td colspan=\"3\" width=\"383\">4-wire resistive technology<\/td>\n<\/tr>\n<tr>\n<td width=\"164\">&nbsp;<\/p>\n<p><strong>VIEWING ELEMENTS<\/strong><\/td>\n<td width=\"151\">Diagnostics<\/td>\n<td colspan=\"3\" width=\"383\">PW LED (yellow): power supply on RN LED (green): PLC program state LED E1 (red): HW Watchdog state LED E2 (red): PLC program error<\/td>\n<\/tr>\n<\/tbody>\n<\/table>\n<p>&nbsp;<\/p>\n<table>\n<tbody>\n<tr>\n<td colspan=\"2\" width=\"316\"><\/td>\n<td width=\"128\"><strong>eView LT104<\/strong><\/td>\n<td width=\"128\"><strong>eView LT121<\/strong><\/td>\n<td width=\"128\"><strong>eView LT150<\/strong><\/td>\n<\/tr>\n<tr>\n<td width=\"164\"><strong>MICROPROCESSOR<\/strong><\/td>\n<td width=\"151\">Type and frequency<\/td>\n<td colspan=\"3\" width=\"383\">ATOM E640 1 GHz ATOM E660, 1.3 GHz<\/td>\n<\/tr>\n<tr>\n<td rowspan=\"3\" width=\"164\">&nbsp;<\/p>\n<p><strong>MEMORY<\/strong><\/td>\n<td width=\"151\">System<\/td>\n<td colspan=\"3\" width=\"383\">512 MB, DRAM type DDR II<\/td>\n<\/tr>\n<tr>\n<td width=\"151\">Mass<\/td>\n<td colspan=\"3\" width=\"383\">2 GB Flash memory<\/td>\n<\/tr>\n<tr>\n<td width=\"151\">Mass extension<\/td>\n<td colspan=\"3\" width=\"383\">SD Card Slot *<\/td>\n<\/tr>\n<tr>\n<td rowspan=\"4\" width=\"164\">&nbsp;<\/p>\n<p>&nbsp;<\/p>\n<p>&nbsp;<\/p>\n<p><strong>AMBIENT CONDITIONS<\/strong><\/td>\n<td width=\"151\">Operating temperature<\/td>\n<td colspan=\"3\" width=\"383\">0 &#8230; +55 \u00b0C (as per IEC 68-2-14)<\/td>\n<\/tr>\n<tr>\n<td width=\"151\">Storage temperature<\/td>\n<td colspan=\"3\" width=\"383\">-20 &#8230; +70 \u00b0C (as per IEC 68-2-14)<\/td>\n<\/tr>\n<tr>\n<td width=\"151\">Relative humidity<\/td>\n<td colspan=\"3\" width=\"383\">max 95% RH non condensing (as per IEC 68-2-3)<\/td>\n<\/tr>\n<tr>\n<td width=\"151\">Vibrations<\/td>\n<td colspan=\"3\" width=\"383\">5 to 9 Hz: sine constant 3.5 mm 10 to 150 Hz: sine acceleration 1G<\/td>\n<\/tr>\n<tr>\n<td width=\"164\"><strong>ASSEMBLY<\/strong><\/td>\n<td width=\"151\"><\/td>\n<td colspan=\"3\" width=\"383\">Built-in, in control boards or panels<\/td>\n<\/tr>\n<tr>\n<td width=\"164\"><strong>PROTECTION LEVEL<\/strong><\/td>\n<td width=\"151\"><\/td>\n<td colspan=\"3\" width=\"383\">IP 65 on front panel (as per IEC 68-2-3)<\/td>\n<\/tr>\n<tr>\n<td width=\"164\"><strong>WEIGHT<\/strong><\/td>\n<td width=\"151\"><\/td>\n<td width=\"128\">1,650 kg<\/td>\n<td width=\"128\">2,300 kg<\/td>\n<td width=\"128\">2,850 kg<\/td>\n<\/tr>\n<tr>\n<td width=\"164\">&nbsp;<\/p>\n<p><strong>CE STANDARDS<\/strong><\/td>\n<td width=\"151\">EMC<\/p>\n<p>(electromagnetic compatibility)<\/td>\n<td colspan=\"3\" width=\"383\">Conforms to Directive 2014\/30\/EU EN61131-2: Programmable controllers Part 2: Equipment requirements and tests.<\/td>\n<\/tr>\n<\/tbody>\n<\/table>\n<p>&nbsp;<\/p>\n<p>* SD card not supplied. Available as accessory<\/p>","protected":false},"excerpt":{"rendered":"<p>&nbsp;<\/p>\n<p><strong>High RealTime performaces control panel<\/strong><\/p>\n<ul>\n<li>Control Panel with integrated HMI<\/li>\n<li>One programming environment.<\/li>\n<li>10.4\u201d and 15\u201d color display, resistive touch screen<\/li>\n<li>Horizontal or vertical installation<\/li>\n<li>IP65 front panel protection level<\/li>\n<li>Wide range of communication ports and protocols<\/li>\n<\/ul>\n","protected":false},"featured_media":1851,"comment_status":"open","ping_status":"closed","template":"","meta":[],"product_cat":[123,135],"product_tag":[],"yoast_head":"<!-- This site is optimized with the Yoast SEO plugin v16.6.1 - https:\/\/yoast.com\/wordpress\/plugins\/seo\/ -->\n<title>eView LT - NEW SKY CO.,LTD<\/title>\n<meta name=\"robots\" content=\"index, follow, max-snippet:-1, max-image-preview:large, max-video-preview:-1\" \/>\n<link rel=\"canonical\" href=\"https:\/\/newskyvn.com\/product\/eview-lt\/\" \/>\n<meta property=\"og:locale\" content=\"en_US\" \/>\n<meta property=\"og:type\" content=\"article\" \/>\n<meta property=\"og:title\" content=\"eView LT - NEW SKY CO.,LTD\" \/>\n<meta property=\"og:description\" content=\"[:vi]&nbsp;  B\u1ea3ng \u0111i\u1ec1u khi\u1ec3n v\u00e0 hi\u1ec3n th\u1ecb v\u1edbi th\u1eddi gian th\u1ef1c cao   B\u1ea3ng \u0111i\u1ec1u khi\u1ec3n v\u1edbi t\u00edch h\u1ee3p HMI (M\u00e0n H\u00ecnh Giao Ti\u1ebfp)  M\u1ed9t m\u00f4i tr\u01b0\u1eddng l\u1eadp tr\u00ecnh.  M\u00e0n h\u00ecnh m\u00e0u 10,4 \u201dv\u00e0 15\u201d, m\u00e0n h\u00ecnh c\u1ea3m \u1ee9ng \u0111i\u1ec7n tr\u1edf  C\u00e0i \u0111\u1eb7t ngang ho\u1eb7c d\u1ecdc  C\u1ea5p \u0111\u1ed9 b\u1ea3o v\u1ec7 b\u1ea3ng \u0111i\u1ec1u khi\u1ec3n ph\u00eda tr\u01b0\u1edbc IP65  Nhi\u1ec1u lo\u1ea1i c\u1ed5ng giao ti\u1ebfp v\u00e0 giao th\u1ee9c [:en]&nbsp;  High RealTime performaces control panel   Control Panel with integrated HMI  One programming environment.  10.4\u201d and 15\u201d color display, resistive touch screen  Horizontal or vertical installation  IP65 front panel protection level  Wide range of communication ports and protocols [:]\" \/>\n<meta property=\"og:url\" content=\"https:\/\/newskyvn.com\/product\/eview-lt\/\" \/>\n<meta property=\"og:site_name\" content=\"NEW SKY CO.,LTD\" \/>\n<meta property=\"article:modified_time\" content=\"2021-10-07T09:55:45+00:00\" \/>\n<meta property=\"og:image\" content=\"https:\/\/newskyvn.com\/wp-content\/uploads\/2021\/09\/show_eView_LT150_Orizz_DX.jpg\" \/>\n\t<meta property=\"og:image:width\" content=\"500\" \/>\n\t<meta property=\"og:image:height\" content=\"500\" \/>\n<meta name=\"twitter:card\" content=\"summary_large_image\" \/>\n<meta name=\"twitter:label1\" content=\"Est. reading time\" \/>\n\t<meta name=\"twitter:data1\" content=\"3 minutes\" \/>\n<script type=\"application\/ld+json\" class=\"yoast-schema-graph\">{\"@context\":\"https:\/\/schema.org\",\"@graph\":[{\"@type\":\"WebSite\",\"@id\":\"https:\/\/newskyvn.com\/#website\",\"url\":\"https:\/\/newskyvn.com\/\",\"name\":\"NEW SKY CO.,LTD\",\"description\":\"C\\u00f4ng Ty TNHH S\\u1ea3n Xu\\u1ea5t Th\\u01b0\\u01a1ng M\\u1ea1i D\\u1ecbch V\\u1ee5 T\\u00e2n Thi\\u00ean\",\"potentialAction\":[{\"@type\":\"SearchAction\",\"target\":{\"@type\":\"EntryPoint\",\"urlTemplate\":\"https:\/\/newskyvn.com\/?s={search_term_string}\"},\"query-input\":\"required name=search_term_string\"}],\"inLanguage\":\"en-US\"},{\"@type\":\"ImageObject\",\"@id\":\"https:\/\/newskyvn.com\/product\/eview-lt\/#primaryimage\",\"inLanguage\":\"en-US\",\"url\":\"https:\/\/newskyvn.com\/wp-content\/uploads\/2021\/09\/show_eView_LT150_Orizz_DX.jpg\",\"contentUrl\":\"https:\/\/newskyvn.com\/wp-content\/uploads\/2021\/09\/show_eView_LT150_Orizz_DX.jpg\",\"width\":500,\"height\":500},{\"@type\":\"WebPage\",\"@id\":\"https:\/\/newskyvn.com\/product\/eview-lt\/#webpage\",\"url\":\"https:\/\/newskyvn.com\/product\/eview-lt\/\",\"name\":\"eView LT - NEW SKY CO.,LTD\",\"isPartOf\":{\"@id\":\"https:\/\/newskyvn.com\/#website\"},\"primaryImageOfPage\":{\"@id\":\"https:\/\/newskyvn.com\/product\/eview-lt\/#primaryimage\"},\"datePublished\":\"2021-09-28T08:42:40+00:00\",\"dateModified\":\"2021-10-07T09:55:45+00:00\",\"breadcrumb\":{\"@id\":\"https:\/\/newskyvn.com\/product\/eview-lt\/#breadcrumb\"},\"inLanguage\":\"en-US\",\"potentialAction\":[{\"@type\":\"ReadAction\",\"target\":[\"https:\/\/newskyvn.com\/product\/eview-lt\/\"]}]},{\"@type\":\"BreadcrumbList\",\"@id\":\"https:\/\/newskyvn.com\/product\/eview-lt\/#breadcrumb\",\"itemListElement\":[{\"@type\":\"ListItem\",\"position\":1,\"name\":\"Product\",\"item\":\"https:\/\/newskyvn.com\/en\/san-pham\/\"},{\"@type\":\"ListItem\",\"position\":2,\"name\":\"eView LT\"}]}]}<\/script>\n<!-- \/ Yoast SEO plugin. -->","_links":{"self":[{"href":"https:\/\/newskyvn.com\/en\/wp-json\/wp\/v2\/product\/1849"}],"collection":[{"href":"https:\/\/newskyvn.com\/en\/wp-json\/wp\/v2\/product"}],"about":[{"href":"https:\/\/newskyvn.com\/en\/wp-json\/wp\/v2\/types\/product"}],"replies":[{"embeddable":true,"href":"https:\/\/newskyvn.com\/en\/wp-json\/wp\/v2\/comments?post=1849"}],"wp:featuredmedia":[{"embeddable":true,"href":"https:\/\/newskyvn.com\/en\/wp-json\/wp\/v2\/media\/1851"}],"wp:attachment":[{"href":"https:\/\/newskyvn.com\/en\/wp-json\/wp\/v2\/media?parent=1849"}],"wp:term":[{"taxonomy":"product_cat","embeddable":true,"href":"https:\/\/newskyvn.com\/en\/wp-json\/wp\/v2\/product_cat?post=1849"},{"taxonomy":"product_tag","embeddable":true,"href":"https:\/\/newskyvn.com\/en\/wp-json\/wp\/v2\/product_tag?post=1849"}],"curies":[{"name":"wp","href":"https:\/\/api.w.org\/{rel}","templated":true}]}}