{"id":1843,"date":"2021-09-28T08:20:44","date_gmt":"2021-09-28T08:20:44","guid":{"rendered":"https:\/\/newskyvn.com\/?post_type=product&#038;p=1843"},"modified":"2021-10-07T09:56:39","modified_gmt":"2021-10-07T09:56:39","slug":"e430","status":"publish","type":"product","link":"https:\/\/newskyvn.com\/en\/product\/e430\/","title":{"rendered":"e430"},"content":{"rendered":"<p>&nbsp;<\/p>\n<p><span style=\"color: #0000ff;\"><strong>TECHNICAL DATA OF e430\/ e4031<\/strong><\/span><\/p>\n<ol>\n<li><strong>Model e430<\/strong><\/li>\n<\/ol>\n<table>\n<tbody>\n<tr>\n<td rowspan=\"2\" width=\"159\">&nbsp;<\/p>\n<p><strong>POWER SUPPLY<\/strong><\/td>\n<td width=\"179\">Internal<\/td>\n<td width=\"379\">via backplane<\/td>\n<\/tr>\n<tr>\n<td width=\"179\">Power dissipation<\/td>\n<td width=\"379\">3 W max<\/td>\n<\/tr>\n<tr>\n<td rowspan=\"2\" width=\"159\">&nbsp;<\/p>\n<p><strong>CONNECTIONS<\/strong><\/td>\n<td width=\"179\">Rack<\/td>\n<td width=\"379\">Card-edge<\/td>\n<\/tr>\n<tr>\n<td width=\"179\">I\/O Ports<\/td>\n<td width=\"379\">2 polarized plug-in connectors, male,<\/p>\n<p>24 pin (2 rows of 12 pins) *<\/td>\n<\/tr>\n<tr>\n<td width=\"159\"><strong>DISPLAY<\/strong> <strong>ELEMENTS<\/strong><\/td>\n<td width=\"179\">Diagnostic<\/td>\n<td width=\"379\">Alarm red LED<\/p>\n<p>Yellow LED for power potentiometer<\/td>\n<\/tr>\n<tr>\n<td width=\"159\"><strong>ANALOG INPUT<\/strong><\/td>\n<td width=\"179\">Number<\/td>\n<td width=\"379\">6, configurable as single-ended voltage 0\u202610 V, single ended volt-<\/p>\n<p>age \u00b110 V, potentiometer or current 0\u202620mA<\/td>\n<\/tr>\n<tr>\n<td rowspan=\"9\" width=\"159\">&nbsp;<\/p>\n<p>&nbsp;<\/p>\n<p>&nbsp;<\/p>\n<p>&nbsp;<\/p>\n<p>&nbsp;<\/p>\n<p>&nbsp;<\/p>\n<p>&nbsp;<\/p>\n<p><strong>ANALOG INPUT IN VOLTAGE 0&#8230;10 V<\/strong><\/td>\n<td width=\"179\">Max number<\/td>\n<td width=\"379\">6<\/td>\n<\/tr>\n<tr>\n<td width=\"179\">Type<\/td>\n<td width=\"379\">Single-ended voltage 0&#8230;10 V<\/td>\n<\/tr>\n<tr>\n<td width=\"179\">Input filter<\/td>\n<td width=\"379\">Low-pass, 3<sup>rd<\/sup> order<\/p>\n<p>Cut-off frequency: 100 Hz, 1 kHz, 10 kHz selectable via software<\/td>\n<\/tr>\n<tr>\n<td width=\"179\">Input impedance<\/td>\n<td width=\"379\">&gt; 1 M\u2126<\/td>\n<\/tr>\n<tr>\n<td width=\"179\">Sampling time<\/p>\n<p>(for all channels)<\/td>\n<td width=\"379\">&lt; 250 \u03bcs<\/td>\n<\/tr>\n<tr>\n<td width=\"179\">Output format<\/td>\n<td width=\"379\">Type: UINT<\/p>\n<p>Resolution: 14 bit (0 &#8230; 16 384)<\/p>\n<p>LSB: 0,61 mV<\/td>\n<\/tr>\n<tr>\n<td width=\"179\">Max error @ 25 \u00b0C<\/td>\n<td width=\"379\">0,5% full scale<\/td>\n<\/tr>\n<tr>\n<td width=\"179\">Protections<\/td>\n<td width=\"379\">Over-voltage: max 1 kV for 1 ms<\/td>\n<\/tr>\n<tr>\n<td width=\"179\">Electrical isolation<\/td>\n<td width=\"379\">Channel &#8211; channel: no<\/p>\n<p>Channel &#8211; bus CPU: 2 kV<\/td>\n<\/tr>\n<tr>\n<td rowspan=\"9\" width=\"159\">&nbsp;<\/p>\n<p>&nbsp;<\/p>\n<p>&nbsp;<\/p>\n<p>&nbsp;<\/p>\n<p>&nbsp;<\/p>\n<p>&nbsp;<\/p>\n<p>&nbsp;<\/p>\n<p><strong>ANALOG INPUT IN VOLTAGE \u00b110 V<\/strong><\/td>\n<td width=\"179\">Max number<\/td>\n<td width=\"379\">6<\/td>\n<\/tr>\n<tr>\n<td width=\"179\">Type<\/td>\n<td width=\"379\">Single-ended voltage \u00b110 V<\/td>\n<\/tr>\n<tr>\n<td width=\"179\">Input filter<\/td>\n<td width=\"379\">Low-pass, 3<sup>rd<\/sup> order<\/p>\n<p>Cut-off frequency: 100 Hz, 1 kHz, 10 kHz selectable via software<\/td>\n<\/tr>\n<tr>\n<td width=\"179\">Input impedance<\/td>\n<td width=\"379\">&gt; 1 M\u2126<\/td>\n<\/tr>\n<tr>\n<td width=\"179\">Sampling time<\/p>\n<p>(for all channels)<\/td>\n<td width=\"379\">&lt; 250 \u03bcs<\/td>\n<\/tr>\n<tr>\n<td width=\"179\">Output format<\/td>\n<td width=\"379\">Type: INT<\/p>\n<p>Resolution: 15 bit (-16 384 &#8230; +16 384)<\/p>\n<p>LSB: 0,61 mV<\/td>\n<\/tr>\n<tr>\n<td width=\"179\">Max error @ 25\u00b0C<\/td>\n<td width=\"379\">0,5% full scale<\/td>\n<\/tr>\n<tr>\n<td width=\"179\">Protections<\/td>\n<td width=\"379\">Overvoltage: max 1 kV per 1 ms<\/td>\n<\/tr>\n<tr>\n<td width=\"179\">Electrical isolation<\/td>\n<td width=\"379\">Channel &#8211; channel: no<\/p>\n<p>Channel &#8211; bus CPU: 2 kV<\/td>\n<\/tr>\n<tr>\n<td rowspan=\"9\" width=\"159\">&nbsp;<\/p>\n<p>&nbsp;<\/p>\n<p>&nbsp;<\/p>\n<p>&nbsp;<\/p>\n<p>&nbsp;<\/p>\n<p>&nbsp;<\/p>\n<p>&nbsp;<\/p>\n<p><strong>ANALOG INPUT IN CURRENT 0&#8230;20 mA<\/strong><\/td>\n<td width=\"179\">Max number<\/td>\n<td width=\"379\">6<\/td>\n<\/tr>\n<tr>\n<td width=\"179\">Type<\/td>\n<td width=\"379\">Current 0&#8230;20 mA<\/td>\n<\/tr>\n<tr>\n<td width=\"179\">Input filter<\/td>\n<td width=\"379\">Low-pass, 3<sup>rd<\/sup> order<\/p>\n<p>Cut-off frequency: 100 Hz, 1 kHz, 10 kHz selectable via software<\/td>\n<\/tr>\n<tr>\n<td width=\"179\">Input impedance<\/td>\n<td width=\"379\">100\u2126, 0,1%<\/td>\n<\/tr>\n<tr>\n<td width=\"179\">Sampling time<\/p>\n<p>(for all channels)<\/td>\n<td width=\"379\">&lt; 250 \u03bcs<\/td>\n<\/tr>\n<tr>\n<td width=\"179\">Output format<\/td>\n<td width=\"379\">Type: UINT<\/p>\n<p>Resolution: 14 bit (0 &#8230; 16 384)<\/p>\n<p>LSB: 1,22 mA<\/td>\n<\/tr>\n<tr>\n<td width=\"179\">Max error @ 25 \u00b0C<\/td>\n<td width=\"379\">0,3% full scale<\/td>\n<\/tr>\n<tr>\n<td width=\"179\">Protections<\/td>\n<td width=\"379\">Overvoltage: max 1 kV per 1 ms<\/td>\n<\/tr>\n<tr>\n<td width=\"179\">Electrical isolation<\/td>\n<td width=\"379\">Channel &#8211; channel: no<\/p>\n<p>Channel &#8211; bus CPU: 2 kV<\/td>\n<\/tr>\n<\/tbody>\n<\/table>\n<table>\n<tbody>\n<tr>\n<td rowspan=\"10\" width=\"159\">&nbsp;<\/p>\n<p>&nbsp;<\/p>\n<p>&nbsp;<\/p>\n<p>&nbsp;<\/p>\n<p>&nbsp;<\/p>\n<p>&nbsp;<\/p>\n<p>&nbsp;<\/p>\n<p>&nbsp;<\/p>\n<p><strong>ANALOG INPUT POTENTIOMETER<\/strong><\/td>\n<td width=\"179\">Max number<\/td>\n<td width=\"379\">6<\/td>\n<\/tr>\n<tr>\n<td width=\"179\">Type<\/td>\n<td width=\"379\">Potentiometer 2 k\u2126 min<\/td>\n<\/tr>\n<tr>\n<td width=\"179\">Transducer power supply<\/td>\n<td width=\"379\">On card, 10 V &#8211; 100 mA max<\/td>\n<\/tr>\n<tr>\n<td width=\"179\">Input filter<\/td>\n<td width=\"379\">Low-pass, 3<sup>rd<\/sup> order<\/p>\n<p>Cut-off frequency: 100 Hz, 1 kHz, 10 kHz selectable via software<\/td>\n<\/tr>\n<tr>\n<td width=\"179\">Input impedance<\/td>\n<td width=\"379\">&gt; 1 M\u2126<\/td>\n<\/tr>\n<tr>\n<td width=\"179\">Sampling time<\/p>\n<p>(for all channels)<\/td>\n<td width=\"379\">&lt; 250 \u03bcs<\/td>\n<\/tr>\n<tr>\n<td width=\"179\">Output format<\/td>\n<td width=\"379\">Type: UINT<\/p>\n<p>Resolution: 14 bit (0 &#8230; 16 384)<\/p>\n<p>LSB: 0,61 mV<\/td>\n<\/tr>\n<tr>\n<td width=\"179\">Max Error @ 25 \u00b0C<\/td>\n<td width=\"379\">0,5% full scale<\/td>\n<\/tr>\n<tr>\n<td width=\"179\">Protections<\/td>\n<td width=\"379\">Overvoltage: max 1 kV per 1 ms<\/td>\n<\/tr>\n<tr>\n<td width=\"179\">Electrical isolation<\/td>\n<td width=\"379\">Channel &#8211; channel: no<\/p>\n<p>Channel &#8211; bus CPU: 2 kV<\/td>\n<\/tr>\n<tr>\n<td rowspan=\"10\" width=\"159\">&nbsp;<\/p>\n<p>&nbsp;<\/p>\n<p>&nbsp;<\/p>\n<p>&nbsp;<\/p>\n<p>&nbsp;<\/p>\n<p>&nbsp;<\/p>\n<p>&nbsp;<\/p>\n<p>&nbsp;<\/p>\n<p>&nbsp;<\/p>\n<p>&nbsp;<\/p>\n<p>&nbsp;<\/p>\n<p><strong>THERMOCOUPLE INPUT<\/strong><\/td>\n<td width=\"179\">Number<\/td>\n<td width=\"379\">8<\/td>\n<\/tr>\n<tr>\n<td width=\"179\">Type<\/td>\n<td width=\"379\">Thermocouple J, K, S, N, T, E, B, R, L<\/p>\n<p>Differential voltage 0\u202660 mV<\/td>\n<\/tr>\n<tr>\n<td width=\"179\">Connection type<\/td>\n<td width=\"379\">2 wires, for isolated and non-isolated probes<\/td>\n<\/tr>\n<tr>\n<td width=\"179\">Bandwidth<\/td>\n<td width=\"379\">1 Hz<\/td>\n<\/tr>\n<tr>\n<td width=\"179\">Input impedance<\/td>\n<td width=\"379\">&gt; 1 M\u2126<\/td>\n<\/tr>\n<tr>\n<td width=\"179\">Sampling time<\/p>\n<p>(for all channels)<\/td>\n<td width=\"379\">&lt; 12 ms<\/td>\n<\/tr>\n<tr>\n<td width=\"179\">Resolution<\/td>\n<td width=\"379\">0,1 \u00b0C<\/td>\n<\/tr>\n<tr>\n<td width=\"179\">Max error @ 25 \u00b0C<\/td>\n<td width=\"379\">0,5% full scale<\/td>\n<\/tr>\n<tr>\n<td width=\"179\">Thermocouple use interval (scale)<\/td>\n<td width=\"379\">J: 0 \u2026 1000 \u00b0C<\/p>\n<p>K: 0 \u2026 1300 \u00b0C<\/p>\n<p>R: 0 \u2026 1750 \u00b0C<\/p>\n<p>S: 0 \u2026 1750 \u00b0C<\/p>\n<p>T: -200 \u2026 400 \u00b0C<\/p>\n<p>E: -100 \u2026 750 \u00b0C<\/p>\n<p>B: 0 \u2026 1820 \u00b0C (Err. max 0.5% f.s. for Temp. &gt;300\u00b0C) L: 0 \u2026 800 \u00b0C<\/p>\n<p>N: 0 \u2026 1300 \u00b0C<\/td>\n<\/tr>\n<tr>\n<td width=\"179\">Temperature compensation<\/td>\n<td width=\"379\">Internal<\/td>\n<\/tr>\n<tr>\n<td rowspan=\"9\" width=\"159\">&nbsp;<\/p>\n<p>&nbsp;<\/p>\n<p>&nbsp;<\/p>\n<p>&nbsp;<\/p>\n<p>&nbsp;<\/p>\n<p>&nbsp;<\/p>\n<p>&nbsp;<\/p>\n<p>&nbsp;<\/p>\n<p><strong>ANALOG OUTPUT<\/strong><\/td>\n<td width=\"179\">Number<\/td>\n<td width=\"379\">4<\/td>\n<\/tr>\n<tr>\n<td width=\"179\">Type<\/td>\n<td width=\"379\">Single-ended voltage \u00b110 V<\/td>\n<\/tr>\n<tr>\n<td width=\"179\">Max output current<\/td>\n<td width=\"379\">20 mA<\/td>\n<\/tr>\n<tr>\n<td width=\"179\">Refresh time<\/td>\n<td width=\"379\">1 ms<\/td>\n<\/tr>\n<tr>\n<td width=\"179\">Settling time<\/td>\n<td width=\"379\">&lt; 200 \u00b5s<\/td>\n<\/tr>\n<tr>\n<td width=\"179\">Output format<\/td>\n<td width=\"379\">Type: INT<\/p>\n<p>Resolution: 14 bit (-8 192 \u2026 +8 192)<\/p>\n<p>LSB: 1,22 mV<\/td>\n<\/tr>\n<tr>\n<td width=\"179\">Error max @ 25 \u00b0C<\/td>\n<td width=\"379\">0,3% full scale<\/td>\n<\/tr>\n<tr>\n<td width=\"179\">Protections<\/td>\n<td width=\"379\">Short circuit Overload: I \u2265 25 mA<\/p>\n<p>Max overvoltage 1 kV per 1 ms<\/td>\n<\/tr>\n<tr>\n<td width=\"179\">Electrical isolation<\/td>\n<td width=\"379\">Channel &#8211; channel: no<\/p>\n<p>Channel &#8211; bus CPU: 2 kV<\/td>\n<\/tr>\n<tr>\n<td rowspan=\"3\" width=\"159\">&nbsp;<\/p>\n<p><strong>AMBIENT CONDITIONS<\/strong><\/td>\n<td width=\"179\">Operating temperature<\/td>\n<td width=\"379\">0 &#8230; +50 \u00b0C (as per IEC 68-2-14)<\/td>\n<\/tr>\n<tr>\n<td width=\"179\">Storage temperature<\/td>\n<td width=\"379\">-20 &#8230; +70 \u00b0C (as per IEC 68-2-14)<\/td>\n<\/tr>\n<tr>\n<td width=\"179\">Relative humidity<\/td>\n<td width=\"379\">max 95% RH non-condensing (as per IEC 68-2-3)<\/td>\n<\/tr>\n<tr>\n<td width=\"159\"><strong>ASSEMBLY<\/strong><\/td>\n<td width=\"179\"><\/td>\n<td width=\"379\">On rack, with snap hooks<\/td>\n<\/tr>\n<tr>\n<td width=\"159\"><strong>PROTECTION LEVEL<\/strong><\/td>\n<td width=\"179\"><\/td>\n<td width=\"379\">IP20<\/td>\n<\/tr>\n<tr>\n<td width=\"159\"><strong>WEIGHT<\/strong><\/td>\n<td width=\"179\"><\/td>\n<td width=\"379\">0,15 kg<\/td>\n<\/tr>\n<\/tbody>\n<\/table>\n<p><strong>Model e4301<\/strong><\/p>\n<table>\n<tbody>\n<tr>\n<td rowspan=\"2\" width=\"159\">&nbsp;<\/p>\n<p><strong>POWER SUPPLY<\/strong><\/td>\n<td width=\"179\">Internal<\/td>\n<td width=\"379\">via backplane<\/td>\n<\/tr>\n<tr>\n<td width=\"179\">Power dissipation<\/td>\n<td width=\"379\">8 W max<\/td>\n<\/tr>\n<tr>\n<td rowspan=\"2\" width=\"159\">&nbsp;<\/p>\n<p><strong>CONNECTIONS<\/strong><\/td>\n<td width=\"179\">Rack<\/td>\n<td width=\"379\">Card-edge<\/td>\n<\/tr>\n<tr>\n<td width=\"179\">I\/O Ports<\/td>\n<td width=\"379\">2 polarized plug-in connectors, male, 24 pin (2 rows of 12 pins) *<\/td>\n<\/tr>\n<tr>\n<td width=\"159\">&nbsp;<\/p>\n<p><strong>DISPLAY<\/strong> <strong>ELEMENTS<\/strong><\/td>\n<td width=\"179\">Diagnostic<\/td>\n<td width=\"379\">20 Green LEDs: Outputs status<\/p>\n<p>1 Red\u00a0\u00a0\u00a0\u00a0 LED: Alarm<\/p>\n<p>3 Yellow LEDs: Power Supply<\/td>\n<\/tr>\n<tr>\n<td rowspan=\"9\" width=\"159\">&nbsp;<\/p>\n<p>&nbsp;<\/p>\n<p>&nbsp;<\/p>\n<p>&nbsp;<\/p>\n<p>&nbsp;<\/p>\n<p>&nbsp;<\/p>\n<p>&nbsp;<\/p>\n<p>&nbsp;<\/p>\n<p><strong>DIGITAL OUTPUT<\/strong><\/td>\n<td width=\"179\">Number<\/td>\n<td width=\"379\">20<\/td>\n<\/tr>\n<tr>\n<td width=\"179\">Composition<\/td>\n<td width=\"379\">2 Groups of 8 outputs and 1 group of 4 outputs<\/td>\n<\/tr>\n<tr>\n<td width=\"179\">Type<\/td>\n<td width=\"379\">current-emission<\/td>\n<\/tr>\n<tr>\n<td width=\"179\">Rated voltage<\/td>\n<td width=\"379\">24 VDC \u00b125%<\/td>\n<\/tr>\n<tr>\n<td width=\"179\">Max output current<\/td>\n<td width=\"379\">Single output : 0,5 A Group of 20 outputs: 10 A<\/td>\n<\/tr>\n<tr>\n<td width=\"179\">Max switching frequency<\/td>\n<td width=\"379\">100 Hz<\/td>\n<\/tr>\n<tr>\n<td width=\"179\">Switching delay<\/td>\n<td width=\"379\">0 \u00e01: 15 \u03bcs<\/p>\n<p>1 \u00e00: 40 \u03bcs<\/td>\n<\/tr>\n<tr>\n<td width=\"179\">Protections<\/td>\n<td width=\"379\">Short circuit<\/p>\n<p>Overload: I \u2265 0,7 A (as per IEC 61131), trip time:500 ms min Overtemperature<\/td>\n<\/tr>\n<tr>\n<td width=\"179\">Electrical isolation<\/td>\n<td width=\"379\">Channel &#8211; channel: no Channel &#8211; bus CPU: 2 kV<\/td>\n<\/tr>\n<tr>\n<td rowspan=\"10\" width=\"159\">&nbsp;<\/p>\n<p>&nbsp;<\/p>\n<p>&nbsp;<\/p>\n<p>&nbsp;<\/p>\n<p>&nbsp;<\/p>\n<p>&nbsp;<\/p>\n<p>&nbsp;<\/p>\n<p>&nbsp;<\/p>\n<p>&nbsp;<\/p>\n<p>&nbsp;<\/p>\n<p>&nbsp;<\/p>\n<p><strong>THERMOCOUPLE INPUT<\/strong><\/td>\n<td width=\"179\">Number<\/td>\n<td width=\"379\">12<\/td>\n<\/tr>\n<tr>\n<td width=\"179\">Type<\/td>\n<td width=\"379\">ThermocoupleJ, K, S, N, T, E, B, R, L Differential voltage 0\u202660 mV<\/td>\n<\/tr>\n<tr>\n<td width=\"179\">Connection type<\/td>\n<td width=\"379\">2 wires, for isolated and non-isolated probes<\/td>\n<\/tr>\n<tr>\n<td width=\"179\">Bandwidth<\/td>\n<td width=\"379\">1 Hz<\/td>\n<\/tr>\n<tr>\n<td width=\"179\">Input impedance<\/td>\n<td width=\"379\">&gt; 1 M\u2126<\/td>\n<\/tr>\n<tr>\n<td width=\"179\">Sampling time (for all channels)<\/td>\n<td width=\"379\">&lt; 100 ms<\/td>\n<\/tr>\n<tr>\n<td width=\"179\">Resolution<\/td>\n<td width=\"379\">0,1 \u00b0C<\/td>\n<\/tr>\n<tr>\n<td width=\"179\">Max error @ 25 \u00b0C<\/td>\n<td width=\"379\">0,5% full scale<\/td>\n<\/tr>\n<tr>\n<td width=\"179\">Thermocouple use interval (scale)<\/td>\n<td width=\"379\">J: 0 \u2026 1000 \u00b0C<\/p>\n<p>K: 0 \u2026 1300 \u00b0C<\/p>\n<p>R: 0 \u2026 1750 \u00b0C<\/p>\n<p>S: 0 \u2026 1750 \u00b0C<\/p>\n<p>T: -200 \u2026 400 \u00b0C<\/p>\n<p>E: -100 \u2026 750 \u00b0C<\/p>\n<p>B: 0 \u2026 1820 \u00b0C (Err. max 0.5% f.s. for Temp. &gt;300\u00b0C) L: 0 \u2026 800 \u00b0C<\/p>\n<p>N: 0 \u2026 1300 \u00b0C<\/td>\n<\/tr>\n<tr>\n<td width=\"179\">Temperature compensation<\/td>\n<td width=\"379\">Internal<\/td>\n<\/tr>\n<tr>\n<td rowspan=\"3\" width=\"159\">&nbsp;<\/p>\n<p><strong>AMBIENT CONDITIONS<\/strong><\/td>\n<td width=\"179\">Operating temperature<\/td>\n<td width=\"379\">0 &#8230; +50 \u00b0C (as per IEC 68-2-14)<\/td>\n<\/tr>\n<tr>\n<td width=\"179\">Storage temperature<\/td>\n<td width=\"379\">-20 &#8230; +70 \u00b0C (as per IEC 68-2-14)<\/td>\n<\/tr>\n<tr>\n<td width=\"179\">Relative humidity<\/td>\n<td width=\"379\">max 95% RH non-condensing (as per IEC 68-2-3)<\/td>\n<\/tr>\n<tr>\n<td width=\"159\"><strong>ASSEMBLY<\/strong><\/td>\n<td width=\"179\"><\/td>\n<td width=\"379\">On rack, with snap hooks<\/td>\n<\/tr>\n<tr>\n<td width=\"159\"><strong>PROTECTION LEVEL<\/strong><\/td>\n<td width=\"179\"><\/td>\n<td width=\"379\">IP20<\/td>\n<\/tr>\n<tr>\n<td width=\"159\"><strong>WEIGHT<\/strong><\/td>\n<td width=\"179\"><\/td>\n<td width=\"379\">0,13 kg<\/td>\n<\/tr>\n<tr>\n<td rowspan=\"2\" width=\"159\">&nbsp;<\/p>\n<p><strong>CE STANDARDS<\/strong><\/td>\n<td width=\"179\">EMC<\/p>\n<p>(electromagnetic compatibility)<\/td>\n<td width=\"379\">Conforms to Directive 2004\/108\/CE EMC Emission: EN 61000-6-4<\/p>\n<p>EMC Immunity: EN 61131-2, EN 61000-4-2, EN 61000-4-3, EN 61000-<\/p>\n<p>4-4, EN 61000-4-5, EN 61000-4-6, EN 61000-4-8, EN 61000-4-11<\/td>\n<\/tr>\n<tr>\n<td width=\"179\">LV<\/p>\n<p>(low voltage)<\/td>\n<td width=\"379\">Conforms to Directive 2006\/95\/CE Safety LVD: EN 61010-1<\/td>\n<\/tr>\n<tr>\n<td colspan=\"3\" width=\"717\">* Female connectors not supplied. See accessories for order Model Number.<\/td>\n<\/tr>\n<\/tbody>\n<\/table>\n<p><\/p>","protected":false},"excerpt":{"rendered":"<p>&nbsp;<\/p>\n<p><strong>Functional I\/O modules<\/strong><\/p>\n<p><strong>Modules<\/strong><\/p>\n<p><strong>e430<\/strong><br \/>\nSingle slot module equipped with<br \/>\n6 Analog Inputs configurable as 0&#8230;10V DC, \u00b1 10V DC, potentiometer,\u00a0 0&#8230;20mA.<br \/>\n4 Analog Outputs \u00b1 10V DC<br \/>\n8 Temperature Inputs TC [J, K, S, N, T, E, B, R, L]<\/p>\n<p><strong>e431<\/strong><br \/>\nSingle slot module equipped with<br \/>\n20 Digital Outputs 24V DC\u00a0 0,5A source connection (positive logic), total current 10A.<br \/>\n12 Temperature Inputs TC [J, K, S, N, T, E, B, R, L]<\/p>\n","protected":false},"featured_media":1845,"comment_status":"open","ping_status":"closed","template":"","meta":[],"product_cat":[123,137],"product_tag":[],"yoast_head":"<!-- This site is optimized with the Yoast SEO plugin v16.6.1 - https:\/\/yoast.com\/wordpress\/plugins\/seo\/ -->\n<title>e430 - NEW SKY CO.,LTD<\/title>\n<meta name=\"robots\" content=\"index, follow, max-snippet:-1, max-image-preview:large, max-video-preview:-1\" \/>\n<link rel=\"canonical\" href=\"https:\/\/newskyvn.com\/product\/e430\/\" \/>\n<meta property=\"og:locale\" content=\"en_US\" \/>\n<meta property=\"og:type\" content=\"article\" \/>\n<meta property=\"og:title\" content=\"e430 - NEW SKY CO.,LTD\" \/>\n<meta property=\"og:description\" content=\"[:vi]&nbsp;  M\u00f4-\u0111un ch\u1ee9c n\u0103ng I \/ O\u00a0  M\u00f4-\u0111un  e430 M\u00f4-\u0111un khe c\u1eafm \u0111\u01a1n \u0111\u01b0\u1ee3c trang b\u1ecb 6 \u0110\u1ea7u v\u00e0o T\u01b0\u01a1ng t\u1ef1 c\u00f3 th\u1ec3 c\u1ea5u h\u00ecnh nh\u01b0 0 ... 10V DC, \u00b1 10V DC, chi\u1ebft \u00e1p, 0 ... 20mA. 4 \u0110\u1ea7u ra t\u01b0\u01a1ng t\u1ef1 \u00b1 10V DC 8 \u0110\u1ea7u v\u00e0o nhi\u1ec7t \u0111\u1ed9 TC [J, K, S, N, T, E, B, R, L]  e431 M\u00f4-\u0111un m\u1ed9t khe c\u1eafm \u0111\u01b0\u1ee3c trang b\u1ecb 20 \u0111\u1ea7u ra k\u1ef9 thu\u1eadt s\u1ed1 K\u1ebft n\u1ed1i ngu\u1ed3n 24V DC 0,5A (logic t\u00edch c\u1ef1c), t\u1ed5ng d\u00f2ng \u0111i\u1ec7n 10A. 12 \u0111\u1ea7u v\u00e0o nhi\u1ec7t \u0111\u1ed9 TC [J, K, S, N, T, E, B, R, L][:en]&nbsp;  Functional I\/O modules  Modules  e430 Single slot module equipped with 6 Analog Inputs configurable as 0...10V DC, \u00b1 10V DC, potentiometer,\u00a0 0...20mA. 4 Analog Outputs \u00b1 10V DC 8 Temperature Inputs TC [J, K, S, N, T, E, B, R, L]  e431 Single slot module equipped with 20 Digital Outputs 24V DC\u00a0 0,5A source connection (positive logic), total current 10A. 12 Temperature Inputs TC [J, K, S, N, T, E, B, R, L][:]\" \/>\n<meta property=\"og:url\" content=\"https:\/\/newskyvn.com\/product\/e430\/\" \/>\n<meta property=\"og:site_name\" content=\"NEW SKY CO.,LTD\" \/>\n<meta property=\"article:modified_time\" content=\"2021-10-07T09:56:39+00:00\" \/>\n<meta property=\"og:image\" content=\"https:\/\/newskyvn.com\/wp-content\/uploads\/2021\/09\/show_e430.jpg\" \/>\n\t<meta property=\"og:image:width\" content=\"500\" \/>\n\t<meta property=\"og:image:height\" content=\"500\" \/>\n<meta name=\"twitter:card\" content=\"summary_large_image\" \/>\n<meta name=\"twitter:label1\" content=\"Est. reading time\" \/>\n\t<meta name=\"twitter:data1\" content=\"5 minutes\" \/>\n<script type=\"application\/ld+json\" class=\"yoast-schema-graph\">{\"@context\":\"https:\/\/schema.org\",\"@graph\":[{\"@type\":\"WebSite\",\"@id\":\"https:\/\/newskyvn.com\/#website\",\"url\":\"https:\/\/newskyvn.com\/\",\"name\":\"NEW SKY CO.,LTD\",\"description\":\"C\\u00f4ng Ty TNHH S\\u1ea3n Xu\\u1ea5t Th\\u01b0\\u01a1ng M\\u1ea1i D\\u1ecbch V\\u1ee5 T\\u00e2n Thi\\u00ean\",\"potentialAction\":[{\"@type\":\"SearchAction\",\"target\":{\"@type\":\"EntryPoint\",\"urlTemplate\":\"https:\/\/newskyvn.com\/?s={search_term_string}\"},\"query-input\":\"required name=search_term_string\"}],\"inLanguage\":\"en-US\"},{\"@type\":\"ImageObject\",\"@id\":\"https:\/\/newskyvn.com\/product\/e430\/#primaryimage\",\"inLanguage\":\"en-US\",\"url\":\"https:\/\/newskyvn.com\/wp-content\/uploads\/2021\/09\/show_e430.jpg\",\"contentUrl\":\"https:\/\/newskyvn.com\/wp-content\/uploads\/2021\/09\/show_e430.jpg\",\"width\":500,\"height\":500},{\"@type\":\"WebPage\",\"@id\":\"https:\/\/newskyvn.com\/product\/e430\/#webpage\",\"url\":\"https:\/\/newskyvn.com\/product\/e430\/\",\"name\":\"e430 - NEW SKY CO.,LTD\",\"isPartOf\":{\"@id\":\"https:\/\/newskyvn.com\/#website\"},\"primaryImageOfPage\":{\"@id\":\"https:\/\/newskyvn.com\/product\/e430\/#primaryimage\"},\"datePublished\":\"2021-09-28T08:20:44+00:00\",\"dateModified\":\"2021-10-07T09:56:39+00:00\",\"breadcrumb\":{\"@id\":\"https:\/\/newskyvn.com\/product\/e430\/#breadcrumb\"},\"inLanguage\":\"en-US\",\"potentialAction\":[{\"@type\":\"ReadAction\",\"target\":[\"https:\/\/newskyvn.com\/product\/e430\/\"]}]},{\"@type\":\"BreadcrumbList\",\"@id\":\"https:\/\/newskyvn.com\/product\/e430\/#breadcrumb\",\"itemListElement\":[{\"@type\":\"ListItem\",\"position\":1,\"name\":\"Product\",\"item\":\"https:\/\/newskyvn.com\/en\/san-pham\/\"},{\"@type\":\"ListItem\",\"position\":2,\"name\":\"e430\"}]}]}<\/script>\n<!-- \/ Yoast SEO plugin. -->","_links":{"self":[{"href":"https:\/\/newskyvn.com\/en\/wp-json\/wp\/v2\/product\/1843"}],"collection":[{"href":"https:\/\/newskyvn.com\/en\/wp-json\/wp\/v2\/product"}],"about":[{"href":"https:\/\/newskyvn.com\/en\/wp-json\/wp\/v2\/types\/product"}],"replies":[{"embeddable":true,"href":"https:\/\/newskyvn.com\/en\/wp-json\/wp\/v2\/comments?post=1843"}],"wp:featuredmedia":[{"embeddable":true,"href":"https:\/\/newskyvn.com\/en\/wp-json\/wp\/v2\/media\/1845"}],"wp:attachment":[{"href":"https:\/\/newskyvn.com\/en\/wp-json\/wp\/v2\/media?parent=1843"}],"wp:term":[{"taxonomy":"product_cat","embeddable":true,"href":"https:\/\/newskyvn.com\/en\/wp-json\/wp\/v2\/product_cat?post=1843"},{"taxonomy":"product_tag","embeddable":true,"href":"https:\/\/newskyvn.com\/en\/wp-json\/wp\/v2\/product_tag?post=1843"}],"curies":[{"name":"wp","href":"https:\/\/api.w.org\/{rel}","templated":true}]}}