{"id":1831,"date":"2021-09-28T07:50:34","date_gmt":"2021-09-28T07:50:34","guid":{"rendered":"https:\/\/newskyvn.com\/?post_type=product&#038;p=1831"},"modified":"2021-10-07T09:58:09","modified_gmt":"2021-10-07T09:58:09","slug":"eview","status":"publish","type":"product","link":"https:\/\/newskyvn.com\/en\/product\/eview\/","title":{"rendered":"eView HD"},"content":{"rendered":"<p>&nbsp;<\/p>\n<p><span style=\"color: #0000ff;\"><strong>TECHNICAL DATA OF eView<\/strong><\/span><\/p>\n<table>\n<tbody>\n<tr>\n<td width=\"144\">GF_VEDO SL<\/td>\n<td width=\"185\"><\/td>\n<td width=\"185\"><\/td>\n<td width=\"185\"><\/td>\n<\/tr>\n<tr>\n<td width=\"144\"><\/td>\n<td width=\"185\"><strong>\u00a0<\/strong><\/p>\n<p><strong> <img loading=\"lazy\" class=\"alignnone size-full wp-image-1834\" src=\"https:\/\/newskyvn.com\/wp-content\/uploads\/2021\/09\/eview03.jpg\" alt=\"\" width=\"118\" height=\"86\" \/><\/strong><\/td>\n<td width=\"185\"><strong>\u00a0<\/strong><\/p>\n<p><strong> <img loading=\"lazy\" class=\"alignnone size-full wp-image-1835\" src=\"https:\/\/newskyvn.com\/wp-content\/uploads\/2021\/09\/eview02.jpg\" alt=\"\" width=\"150\" height=\"90\" \/><\/strong><\/td>\n<td width=\"185\">&nbsp;<\/p>\n<p><strong><img loading=\"lazy\" class=\"alignnone size-full wp-image-1836\" src=\"https:\/\/newskyvn.com\/wp-content\/uploads\/2021\/09\/eview01.jpg\" alt=\"\" width=\"103\" height=\"102\" srcset=\"https:\/\/newskyvn.com\/wp-content\/uploads\/2021\/09\/eview01.jpg 103w, https:\/\/newskyvn.com\/wp-content\/uploads\/2021\/09\/eview01-100x100.jpg 100w\" sizes=\"(max-width: 103px) 85vw, 103px\" \/><\/strong><\/td>\n<\/tr>\n<tr>\n<td width=\"144\">Models<\/td>\n<td width=\"185\">35 CT<\/td>\n<td width=\"185\">70 CT<\/td>\n<td width=\"185\">V70 CT<\/td>\n<\/tr>\n<tr>\n<td width=\"144\"><strong>Function<\/strong><\/td>\n<td colspan=\"3\" width=\"556\">Control Panel [PLC+HMI]<\/td>\n<\/tr>\n<tr>\n<td width=\"144\"><strong>Display<\/strong><\/td>\n<td width=\"185\">3,5\u201d TFT color<\/td>\n<td colspan=\"2\" width=\"370\">7\u201d TFT wide color, extended format<\/td>\n<\/tr>\n<tr>\n<td width=\"144\"><strong><em>Touch screen<\/em><\/strong><\/td>\n<td colspan=\"3\" width=\"556\">resistive<\/td>\n<\/tr>\n<tr>\n<td width=\"144\"><strong><em>Keypad<\/em><\/strong><\/td>\n<td width=\"185\">Programmable 6-key membrane<\/td>\n<td colspan=\"2\" width=\"370\">Programmable 10-key membrane<\/td>\n<\/tr>\n<tr>\n<td width=\"144\"><strong><em>Resolution<\/em><\/strong><\/td>\n<td width=\"185\">QVGA 320&#215;240<\/td>\n<td width=\"185\">WVGA 800&#215;480<\/td>\n<td width=\"185\">WVGA 480&#215;800<\/td>\n<\/tr>\n<tr>\n<td width=\"144\"><strong>\u00a0<\/strong><\/p>\n<p><strong><em>Backlight<\/em><\/strong><\/td>\n<td colspan=\"3\" width=\"556\">White\u00a0\u00a0 LEDs, duration 50.000 hours @ 25 \u00b0C<\/td>\n<\/tr>\n<tr>\n<td width=\"144\"><strong>Processor<\/strong><\/td>\n<td colspan=\"3\" width=\"556\">ARM9, 400 MHz<\/td>\n<\/tr>\n<tr>\n<td colspan=\"4\" width=\"699\"><strong>Memory<\/strong><\/td>\n<\/tr>\n<tr>\n<td width=\"144\"><strong><em>System<\/em><\/strong><\/td>\n<td colspan=\"3\" width=\"556\">64 MB DRAM<\/td>\n<\/tr>\n<tr>\n<td width=\"144\"><strong><em>Mass<\/em><\/strong><\/td>\n<td colspan=\"3\" width=\"556\">128 MB NAND Flash<\/td>\n<\/tr>\n<tr>\n<td width=\"144\"><strong><em>Retentive<\/em><\/strong><\/td>\n<td colspan=\"3\" width=\"556\">32kB FRAM<\/td>\n<\/tr>\n<tr>\n<td width=\"144\"><strong><em>Extension<\/em><\/strong><\/td>\n<td colspan=\"3\" width=\"556\">1 x SD memory card slot<\/td>\n<\/tr>\n<\/tbody>\n<\/table>\n<p><\/p>","protected":false},"excerpt":{"rendered":"<p>&nbsp;<\/p>\n<p><strong>HD Multitouch HMI terminal<\/strong><\/p>\n<ul>\n<li>Capacitive multi-touch wide screen TFT colour monitor with touch-screen<\/li>\n<li>Slim, compact design<\/li>\n<li>IP67 panel front versions<\/li>\n<li>Full IP 67 front and back versions<\/li>\n<\/ul>\n","protected":false},"featured_media":1833,"comment_status":"open","ping_status":"closed","template":"","meta":[],"product_cat":[123,136],"product_tag":[],"yoast_head":"<!-- This site is optimized with the Yoast SEO plugin v16.6.1 - https:\/\/yoast.com\/wordpress\/plugins\/seo\/ -->\n<title>eView HD - NEW SKY CO.,LTD<\/title>\n<meta name=\"robots\" content=\"index, follow, max-snippet:-1, max-image-preview:large, max-video-preview:-1\" \/>\n<link rel=\"canonical\" href=\"https:\/\/newskyvn.com\/product\/eview\/\" \/>\n<meta property=\"og:locale\" content=\"en_US\" \/>\n<meta property=\"og:type\" content=\"article\" \/>\n<meta property=\"og:title\" content=\"eView HD - NEW SKY CO.,LTD\" \/>\n<meta property=\"og:description\" content=\"[:vi]&nbsp;  M\u00e0n h\u00ecnh c\u1ea3m \u1ee9ng \u0111a \u0111i\u1ec3m t\u1ea1i c\u00e1c thi\u1ebft b\u1ecb \u0111\u1ea7u cu\u1ed1i   M\u00e0n h\u00ecnh m\u00e0u r\u1ed9ng TFT \u0111a \u0111i\u1ec3m c\u1ea3m \u1ee9ng \u0111i\u1ec7n dung v\u1edbi m\u00e0n h\u00ecnh c\u1ea3m \u1ee9ng  Thi\u1ebft k\u1ebf m\u1ecfng, nh\u1ecf g\u1ecdn  C\u00e1c phi\u00ean b\u1ea3n m\u1eb7t tr\u01b0\u1edbc c\u1ee7a b\u1ea3ng \u0111i\u1ec1u khi\u1ec3n IP67  Phi\u00ean b\u1ea3n \u0111\u1ea7y \u0111\u1ee7 IP 67 m\u1eb7t tr\u01b0\u1edbc v\u00e0 m\u1eb7t sau [:en]&nbsp;  HD Multitouch HMI terminal   Capacitive multi-touch wide screen TFT colour monitor with touch-screen  Slim, compact design  IP67 panel front versions  Full IP 67 front and back versions [:]\" \/>\n<meta property=\"og:url\" content=\"https:\/\/newskyvn.com\/product\/eview\/\" \/>\n<meta property=\"og:site_name\" content=\"NEW SKY CO.,LTD\" \/>\n<meta property=\"article:modified_time\" content=\"2021-10-07T09:58:09+00:00\" \/>\n<meta property=\"og:image\" content=\"https:\/\/newskyvn.com\/wp-content\/uploads\/2021\/09\/show_eViewHD215_comp_.jpg\" \/>\n\t<meta property=\"og:image:width\" content=\"800\" \/>\n\t<meta property=\"og:image:height\" content=\"800\" \/>\n<meta name=\"twitter:card\" content=\"summary_large_image\" \/>\n<meta name=\"twitter:label1\" content=\"Est. reading time\" \/>\n\t<meta name=\"twitter:data1\" content=\"1 minute\" \/>\n<script type=\"application\/ld+json\" class=\"yoast-schema-graph\">{\"@context\":\"https:\/\/schema.org\",\"@graph\":[{\"@type\":\"WebSite\",\"@id\":\"https:\/\/newskyvn.com\/#website\",\"url\":\"https:\/\/newskyvn.com\/\",\"name\":\"NEW SKY CO.,LTD\",\"description\":\"C\\u00f4ng Ty TNHH S\\u1ea3n Xu\\u1ea5t Th\\u01b0\\u01a1ng M\\u1ea1i D\\u1ecbch V\\u1ee5 T\\u00e2n Thi\\u00ean\",\"potentialAction\":[{\"@type\":\"SearchAction\",\"target\":{\"@type\":\"EntryPoint\",\"urlTemplate\":\"https:\/\/newskyvn.com\/?s={search_term_string}\"},\"query-input\":\"required name=search_term_string\"}],\"inLanguage\":\"en-US\"},{\"@type\":\"ImageObject\",\"@id\":\"https:\/\/newskyvn.com\/product\/eview\/#primaryimage\",\"inLanguage\":\"en-US\",\"url\":\"https:\/\/newskyvn.com\/wp-content\/uploads\/2021\/09\/show_eViewHD215_comp_.jpg\",\"contentUrl\":\"https:\/\/newskyvn.com\/wp-content\/uploads\/2021\/09\/show_eViewHD215_comp_.jpg\",\"width\":800,\"height\":800},{\"@type\":\"WebPage\",\"@id\":\"https:\/\/newskyvn.com\/product\/eview\/#webpage\",\"url\":\"https:\/\/newskyvn.com\/product\/eview\/\",\"name\":\"eView HD - NEW SKY CO.,LTD\",\"isPartOf\":{\"@id\":\"https:\/\/newskyvn.com\/#website\"},\"primaryImageOfPage\":{\"@id\":\"https:\/\/newskyvn.com\/product\/eview\/#primaryimage\"},\"datePublished\":\"2021-09-28T07:50:34+00:00\",\"dateModified\":\"2021-10-07T09:58:09+00:00\",\"breadcrumb\":{\"@id\":\"https:\/\/newskyvn.com\/product\/eview\/#breadcrumb\"},\"inLanguage\":\"en-US\",\"potentialAction\":[{\"@type\":\"ReadAction\",\"target\":[\"https:\/\/newskyvn.com\/product\/eview\/\"]}]},{\"@type\":\"BreadcrumbList\",\"@id\":\"https:\/\/newskyvn.com\/product\/eview\/#breadcrumb\",\"itemListElement\":[{\"@type\":\"ListItem\",\"position\":1,\"name\":\"Product\",\"item\":\"https:\/\/newskyvn.com\/en\/san-pham\/\"},{\"@type\":\"ListItem\",\"position\":2,\"name\":\"eView HD\"}]}]}<\/script>\n<!-- \/ Yoast SEO plugin. -->","_links":{"self":[{"href":"https:\/\/newskyvn.com\/en\/wp-json\/wp\/v2\/product\/1831"}],"collection":[{"href":"https:\/\/newskyvn.com\/en\/wp-json\/wp\/v2\/product"}],"about":[{"href":"https:\/\/newskyvn.com\/en\/wp-json\/wp\/v2\/types\/product"}],"replies":[{"embeddable":true,"href":"https:\/\/newskyvn.com\/en\/wp-json\/wp\/v2\/comments?post=1831"}],"wp:featuredmedia":[{"embeddable":true,"href":"https:\/\/newskyvn.com\/en\/wp-json\/wp\/v2\/media\/1833"}],"wp:attachment":[{"href":"https:\/\/newskyvn.com\/en\/wp-json\/wp\/v2\/media?parent=1831"}],"wp:term":[{"taxonomy":"product_cat","embeddable":true,"href":"https:\/\/newskyvn.com\/en\/wp-json\/wp\/v2\/product_cat?post=1831"},{"taxonomy":"product_tag","embeddable":true,"href":"https:\/\/newskyvn.com\/en\/wp-json\/wp\/v2\/product_tag?post=1831"}],"curies":[{"name":"wp","href":"https:\/\/api.w.org\/{rel}","templated":true}]}}