{"id":1828,"date":"2021-09-28T07:35:44","date_gmt":"2021-09-28T07:35:44","guid":{"rendered":"https:\/\/newskyvn.com\/?post_type=product&#038;p=1828"},"modified":"2021-10-07T09:58:31","modified_gmt":"2021-10-07T09:58:31","slug":"egt-i","status":"publish","type":"product","link":"https:\/\/newskyvn.com\/en\/product\/egt-i\/","title":{"rendered":"eGT-I"},"content":{"rendered":"<p>&nbsp;<\/p>\n<p><span style=\"color: #0000ff;\"><strong>TECHNICAL DATA OF eGT-I<\/strong><\/span><\/p>\n<table>\n<tbody>\n<tr>\n<td rowspan=\"5\" width=\"164\">&nbsp;<\/p>\n<p>&nbsp;<\/p>\n<p>&nbsp;<\/p>\n<p>&nbsp;<\/p>\n<p><strong>POWER SUPPLY<\/strong><\/td>\n<td width=\"194\">Operating voltage<\/td>\n<td width=\"360\">24 VDC\u00a0 \u00b125%<\/td>\n<\/tr>\n<tr>\n<td width=\"194\">Current draw (at 24 VDC)<\/td>\n<td width=\"360\">800 mA max<\/td>\n<\/tr>\n<tr>\n<td width=\"194\">Power dissipation<\/td>\n<td width=\"360\">19 W max<\/td>\n<\/tr>\n<tr>\n<td width=\"194\">Protections<\/td>\n<td width=\"360\">Polarity inversion Short circuit<\/td>\n<\/tr>\n<tr>\n<td width=\"194\">Connection<\/td>\n<td width=\"360\">3-pin polarized removable connector<\/p>\n<p>Screw terminals, max cable section 2.5 mm<sup>2<\/sup><\/td>\n<\/tr>\n<tr>\n<td width=\"164\"><strong>PROVISIONS<\/strong><\/td>\n<td width=\"194\">&nbsp;<\/td>\n<td width=\"360\">5 holes on front panel, \u00d8 22 mm, suitable for electromechanical buttons or switches. Yellow serigraphy for emergency button<\/td>\n<\/tr>\n<tr>\n<td rowspan=\"3\" width=\"164\">&nbsp;<\/p>\n<p>&nbsp;<\/p>\n<p>&nbsp;<\/p>\n<p>&nbsp;<\/p>\n<p><strong>CONNECTIONS<\/strong><\/td>\n<td width=\"194\">Video port<\/p>\n<p>(Controller connection)<\/td>\n<td width=\"360\">Connector: standard DVI-D Max cable length: 5 m<\/td>\n<\/tr>\n<tr>\n<td width=\"194\">HOST USB port (Controller connection)<\/td>\n<td width=\"360\">Connector: type B Max cable length: 5 m<\/td>\n<\/tr>\n<tr>\n<td width=\"194\">&nbsp;<\/p>\n<p>USB port<\/td>\n<td width=\"360\">Number: 2 (1 front with protection, 1 rear) Connector: type A<\/p>\n<p>Standard: USB 2.0<\/p>\n<p>Max cable length: 1.8 m<\/td>\n<\/tr>\n<tr>\n<td rowspan=\"9\" width=\"164\">&nbsp;<\/p>\n<p>&nbsp;<\/p>\n<p>&nbsp;<\/p>\n<p>&nbsp;<\/p>\n<p>&nbsp;<\/p>\n<p>&nbsp;<\/p>\n<p>&nbsp;<\/p>\n<p><strong>DISPLAY<\/strong><\/td>\n<td width=\"194\">Type<\/td>\n<td width=\"360\">TFT with touch screen<\/td>\n<\/tr>\n<tr>\n<td width=\"194\">Size (diagonal)<\/td>\n<td width=\"360\">10,4\u201d<\/td>\n<\/tr>\n<tr>\n<td width=\"194\">Pixel resolution<\/td>\n<td width=\"360\">800 \u00d7 600<\/td>\n<\/tr>\n<tr>\n<td width=\"194\">Screen area (L x H)<\/td>\n<td width=\"360\">211,2 \u00d7 158,4 mm<\/td>\n<\/tr>\n<tr>\n<td width=\"194\">Colors<\/td>\n<td width=\"360\">262.144<\/td>\n<\/tr>\n<tr>\n<td width=\"194\">Luminosity<\/td>\n<td width=\"360\">230 cd\/m<sup>2<\/sup><\/td>\n<\/tr>\n<tr>\n<td width=\"194\">Contrast<\/td>\n<td width=\"360\">500:1<\/td>\n<\/tr>\n<tr>\n<td width=\"194\">Backlighting<\/td>\n<td width=\"360\">White LEDs<\/p>\n<p>life 30.000 hours @ 25 \u00b0C<\/td>\n<\/tr>\n<tr>\n<td width=\"194\">Visual angle<\/td>\n<td width=\"360\">Horizontal: 80\u00b0<\/p>\n<p>Vertical: 60\u00b0-70\u00b0<\/td>\n<\/tr>\n<tr>\n<td rowspan=\"3\" width=\"164\">&nbsp;<\/p>\n<p><strong>INPUTS<\/strong><\/td>\n<td width=\"194\">Number<\/td>\n<td width=\"360\">10<\/td>\n<\/tr>\n<tr>\n<td width=\"194\">Type<\/td>\n<td width=\"360\">Voltage-free contact<\/td>\n<\/tr>\n<tr>\n<td width=\"194\">Use<\/td>\n<td width=\"360\">Combined with electromechanical buttons or switches<\/td>\n<\/tr>\n<tr>\n<td rowspan=\"2\" width=\"164\"><strong>CONFIGURATION<\/strong> <strong>ELEMENTS<\/strong><\/td>\n<td width=\"194\">Video<\/td>\n<td width=\"360\">6 video control buttons (OSD menu) located on rear<\/td>\n<\/tr>\n<tr>\n<td width=\"194\">Touch screen calibration<\/td>\n<td width=\"360\">Via SW in control system (ePCLogic400)<\/td>\n<\/tr>\n<tr>\n<td rowspan=\"2\" width=\"164\">&nbsp;<\/p>\n<p><strong>CONTROL ELEMENTS<\/strong><\/td>\n<td width=\"194\">Touch screen<\/td>\n<td width=\"360\">4-wire resistive technology<\/td>\n<\/tr>\n<tr>\n<td width=\"194\">Keys<\/td>\n<td width=\"360\">34 preset (6 with signal LEDs)<\/p>\n<p>9 programmable<\/td>\n<\/tr>\n<tr>\n<td rowspan=\"4\" width=\"164\">&nbsp;<\/p>\n<p>&nbsp;<\/p>\n<p><strong>AMBIENT CONDITIONS<\/strong><\/td>\n<td width=\"194\">Operating temperature<\/td>\n<td width=\"360\">0 &#8230; +55 \u00b0C (as per IEC 68-2-14)<\/td>\n<\/tr>\n<tr>\n<td width=\"194\">Storage temperature<\/td>\n<td width=\"360\">-20 &#8230; +70 \u00b0C (as per IEC 68-2-14)<\/td>\n<\/tr>\n<tr>\n<td width=\"194\">Relative humidity<\/td>\n<td width=\"360\">max 95% RH non-condensing (as per IEC 68-2-3)<\/td>\n<\/tr>\n<tr>\n<td width=\"194\">Vibrations<\/td>\n<td width=\"360\">5 to 9 Hz: sine constant 3.5 mm 10 to 150 Hz: sine acceleration 1G<\/td>\n<\/tr>\n<tr>\n<td width=\"164\"><strong>ASSEMBLY<\/strong><\/td>\n<td width=\"194\">&nbsp;<\/td>\n<td width=\"360\">Built-in, in control boards or panels<\/td>\n<\/tr>\n<tr>\n<td width=\"164\"><strong>PROTECTION LEVEL<\/strong><\/td>\n<td width=\"194\">&nbsp;<\/td>\n<td width=\"360\">IP54 on front panel (as per IEC 68-2-3)<\/td>\n<\/tr>\n<tr>\n<td width=\"164\"><strong>WEIGHT<\/strong><\/td>\n<td width=\"194\">&nbsp;<\/td>\n<td width=\"360\">2.4 kg<\/td>\n<\/tr>\n<tr>\n<td rowspan=\"2\" width=\"164\">&nbsp;<\/p>\n<p>&nbsp;<\/p>\n<p>&nbsp;<\/p>\n<p><strong>CE STANDARDS<\/strong><\/td>\n<td width=\"194\">&nbsp;<\/p>\n<p>EMC<\/p>\n<p>(electromagnetic compatibility)<\/td>\n<td width=\"360\">Conforms to Directive 2004\/108\/CE EMC Emission: EN 61000-6-4<\/p>\n<p>EMC Immunity: EN 61131-2, EN 61000-4-2, EN 61000-4-3, EN<\/p>\n<p>61000-4-4, EN 61000-4-5, EN 61000-4-6, EN 61000-4-8, EN<\/p>\n<p>61000-4-11<\/td>\n<\/tr>\n<tr>\n<td width=\"194\">LV<\/p>\n<p>(low voltage)<\/td>\n<td width=\"360\">Conforms to Directive 2006\/95\/CE Safety LVD: EN 61010-1<\/td>\n<\/tr>\n<\/tbody>\n<\/table>\n<p><\/p>","protected":false},"excerpt":{"rendered":"<p>&nbsp;<\/p>\n<p><strong>Touchscreen display with keys<\/strong><\/p>\n<ul>\n<li>Designed for plastic\/rubber injection machines<\/li>\n<li>10.4\u201d color display with resistive touch screen for machines<\/li>\n<li>Integrated keyboard for manual movements and settings machine<\/li>\n<li>Front panel USB 2.0 port for easy data transfer<\/li>\n<li>IP54 front panel protection degree<\/li>\n<li>Provision for electromechanical buttons<\/li>\n<li>Removable labels for customization (9 buttons)<\/li>\n<li>Label logo<\/li>\n<\/ul>\n","protected":false},"featured_media":1830,"comment_status":"open","ping_status":"closed","template":"","meta":[],"product_cat":[123,136],"product_tag":[],"yoast_head":"<!-- This site is optimized with the Yoast SEO plugin v16.6.1 - https:\/\/yoast.com\/wordpress\/plugins\/seo\/ -->\n<title>eGT-I - NEW SKY CO.,LTD<\/title>\n<meta name=\"robots\" content=\"index, follow, max-snippet:-1, max-image-preview:large, max-video-preview:-1\" \/>\n<link rel=\"canonical\" href=\"https:\/\/newskyvn.com\/product\/egt-i\/\" \/>\n<meta property=\"og:locale\" content=\"en_US\" \/>\n<meta property=\"og:type\" content=\"article\" \/>\n<meta property=\"og:title\" content=\"eGT-I - NEW SKY CO.,LTD\" \/>\n<meta property=\"og:description\" content=\"[:vi]  \u0110\u01b0\u1ee3c thi\u1ebft k\u1ebf cho m\u00e1y \u00e9p nh\u1ef1a \/ cao su  M\u00e0n h\u00ecnh m\u00e0u 10.4 \u201dv\u1edbi m\u00e0n h\u00ecnh c\u1ea3m \u1ee9ng \u0111i\u1ec7n tr\u1edf cho m\u00e1y  B\u00e0n ph\u00edm t\u00edch h\u1ee3p cho c\u00e1c chuy\u1ec3n \u0111\u1ed9ng th\u1ee7 c\u00f4ng v\u00e0 m\u00e1y c\u00e0i \u0111\u1eb7t  B\u1ea3ng \u0111i\u1ec1u khi\u1ec3n ph\u00eda tr\u01b0\u1edbc C\u1ed5ng USB 2.0 \u0111\u1ec3 truy\u1ec1n d\u1eef li\u1ec7u d\u1ec5 d\u00e0ng  M\u1ee9c \u0111\u1ed9 b\u1ea3o v\u1ec7 b\u1ea3ng \u0111i\u1ec1u khi\u1ec3n ph\u00eda tr\u01b0\u1edbc IP54  Cung c\u1ea5p cho c\u00e1c n\u00fat c\u01a1 \u0111i\u1ec7n  C\u00e1c nh\u00e3n c\u00f3 th\u1ec3 th\u00e1o r\u1eddi \u0111\u1ec3 t\u00f9y ch\u1ec9nh (9 n\u00fat)  Nh\u00e3n logo  M\u00e0n h\u00ecnh c\u1ea3m \u1ee9ng v\u1edbi b\u00e0n ph\u00edm  &nbsp;[:en]&nbsp;  Touchscreen display with keys   Designed for plastic\/rubber injection machines  10.4\u201d color display with resistive touch screen for machines  Integrated keyboard for manual movements and settings machine  Front panel USB 2.0 port for easy data transfer  IP54 front panel protection degree  Provision for electromechanical buttons  Removable labels for customization (9 buttons)  Label logo [:]\" \/>\n<meta property=\"og:url\" content=\"https:\/\/newskyvn.com\/product\/egt-i\/\" \/>\n<meta property=\"og:site_name\" content=\"NEW SKY CO.,LTD\" \/>\n<meta property=\"article:modified_time\" content=\"2021-10-07T09:58:31+00:00\" \/>\n<meta property=\"og:image\" content=\"https:\/\/newskyvn.com\/wp-content\/uploads\/2021\/09\/show_eGT-I_front.jpg\" \/>\n\t<meta property=\"og:image:width\" content=\"500\" \/>\n\t<meta property=\"og:image:height\" content=\"499\" \/>\n<meta name=\"twitter:card\" content=\"summary_large_image\" \/>\n<meta name=\"twitter:label1\" content=\"Est. reading time\" \/>\n\t<meta name=\"twitter:data1\" content=\"2 minutes\" \/>\n<script type=\"application\/ld+json\" class=\"yoast-schema-graph\">{\"@context\":\"https:\/\/schema.org\",\"@graph\":[{\"@type\":\"WebSite\",\"@id\":\"https:\/\/newskyvn.com\/#website\",\"url\":\"https:\/\/newskyvn.com\/\",\"name\":\"NEW SKY CO.,LTD\",\"description\":\"C\\u00f4ng Ty TNHH S\\u1ea3n Xu\\u1ea5t Th\\u01b0\\u01a1ng M\\u1ea1i D\\u1ecbch V\\u1ee5 T\\u00e2n Thi\\u00ean\",\"potentialAction\":[{\"@type\":\"SearchAction\",\"target\":{\"@type\":\"EntryPoint\",\"urlTemplate\":\"https:\/\/newskyvn.com\/?s={search_term_string}\"},\"query-input\":\"required name=search_term_string\"}],\"inLanguage\":\"en-US\"},{\"@type\":\"ImageObject\",\"@id\":\"https:\/\/newskyvn.com\/product\/egt-i\/#primaryimage\",\"inLanguage\":\"en-US\",\"url\":\"https:\/\/newskyvn.com\/wp-content\/uploads\/2021\/09\/show_eGT-I_front.jpg\",\"contentUrl\":\"https:\/\/newskyvn.com\/wp-content\/uploads\/2021\/09\/show_eGT-I_front.jpg\",\"width\":500,\"height\":499},{\"@type\":\"WebPage\",\"@id\":\"https:\/\/newskyvn.com\/product\/egt-i\/#webpage\",\"url\":\"https:\/\/newskyvn.com\/product\/egt-i\/\",\"name\":\"eGT-I - NEW SKY CO.,LTD\",\"isPartOf\":{\"@id\":\"https:\/\/newskyvn.com\/#website\"},\"primaryImageOfPage\":{\"@id\":\"https:\/\/newskyvn.com\/product\/egt-i\/#primaryimage\"},\"datePublished\":\"2021-09-28T07:35:44+00:00\",\"dateModified\":\"2021-10-07T09:58:31+00:00\",\"breadcrumb\":{\"@id\":\"https:\/\/newskyvn.com\/product\/egt-i\/#breadcrumb\"},\"inLanguage\":\"en-US\",\"potentialAction\":[{\"@type\":\"ReadAction\",\"target\":[\"https:\/\/newskyvn.com\/product\/egt-i\/\"]}]},{\"@type\":\"BreadcrumbList\",\"@id\":\"https:\/\/newskyvn.com\/product\/egt-i\/#breadcrumb\",\"itemListElement\":[{\"@type\":\"ListItem\",\"position\":1,\"name\":\"Product\",\"item\":\"https:\/\/newskyvn.com\/en\/san-pham\/\"},{\"@type\":\"ListItem\",\"position\":2,\"name\":\"eGT-I\"}]}]}<\/script>\n<!-- \/ Yoast SEO plugin. -->","_links":{"self":[{"href":"https:\/\/newskyvn.com\/en\/wp-json\/wp\/v2\/product\/1828"}],"collection":[{"href":"https:\/\/newskyvn.com\/en\/wp-json\/wp\/v2\/product"}],"about":[{"href":"https:\/\/newskyvn.com\/en\/wp-json\/wp\/v2\/types\/product"}],"replies":[{"embeddable":true,"href":"https:\/\/newskyvn.com\/en\/wp-json\/wp\/v2\/comments?post=1828"}],"wp:featuredmedia":[{"embeddable":true,"href":"https:\/\/newskyvn.com\/en\/wp-json\/wp\/v2\/media\/1830"}],"wp:attachment":[{"href":"https:\/\/newskyvn.com\/en\/wp-json\/wp\/v2\/media?parent=1828"}],"wp:term":[{"taxonomy":"product_cat","embeddable":true,"href":"https:\/\/newskyvn.com\/en\/wp-json\/wp\/v2\/product_cat?post=1828"},{"taxonomy":"product_tag","embeddable":true,"href":"https:\/\/newskyvn.com\/en\/wp-json\/wp\/v2\/product_tag?post=1828"}],"curies":[{"name":"wp","href":"https:\/\/api.w.org\/{rel}","templated":true}]}}