{"id":1825,"date":"2021-09-28T07:26:03","date_gmt":"2021-09-28T07:26:03","guid":{"rendered":"https:\/\/newskyvn.com\/?post_type=product&#038;p=1825"},"modified":"2021-10-07T09:58:50","modified_gmt":"2021-10-07T09:58:50","slug":"epanel","status":"publish","type":"product","link":"https:\/\/newskyvn.com\/en\/product\/epanel\/","title":{"rendered":"ePanel"},"content":{"rendered":"<p>&nbsp;<\/p>\n<p><span style=\"color: #0000ff;\"><strong>TECHNICAL DATA OF ePanel\u00a0<\/strong><\/span><\/p>\n<table>\n<tbody>\n<tr>\n<td colspan=\"2\" width=\"340\">&nbsp;<\/td>\n<td width=\"189\"><strong>104 &#8211; V104<\/strong><\/td>\n<td width=\"189\"><strong>150 &#8211; V150<\/strong><\/td>\n<\/tr>\n<tr>\n<td rowspan=\"5\" width=\"170\">&nbsp;<\/p>\n<p>&nbsp;<\/p>\n<p>&nbsp;<\/p>\n<p>&nbsp;<\/p>\n<p><strong>POWER SUPPLY<\/strong><\/td>\n<td rowspan=\"2\" width=\"170\">Operating voltage<\/p>\n<p>Current draw (at 24 VDC)<\/td>\n<td colspan=\"2\" width=\"378\">24 VDC \u00b125%<\/td>\n<\/tr>\n<tr>\n<td width=\"189\">400 mA max<\/td>\n<td width=\"189\">750 mA max<\/td>\n<\/tr>\n<tr>\n<td width=\"170\">Power dissipation<\/td>\n<td width=\"189\">9.6 W max<\/td>\n<td width=\"189\">18 W max<\/td>\n<\/tr>\n<tr>\n<td width=\"170\">Protections<\/td>\n<td colspan=\"2\" width=\"378\">Polarity inversion Short circuit<\/td>\n<\/tr>\n<tr>\n<td width=\"170\">Connection<\/td>\n<td colspan=\"2\" width=\"378\">3-pin polarized removable connector<\/p>\n<p>Screw terminals, max cable section 2.5 mm<sup>2<\/sup><\/td>\n<\/tr>\n<tr>\n<td rowspan=\"3\" width=\"170\">&nbsp;<\/p>\n<p>&nbsp;<\/p>\n<p>&nbsp;<\/p>\n<p>&nbsp;<\/p>\n<p><strong>CONNECTIONS<\/strong><\/td>\n<td width=\"170\">Video port<\/td>\n<td colspan=\"2\" width=\"378\">Connector: standard DVI-D Max cable length: 5 m<\/td>\n<\/tr>\n<tr>\n<td width=\"170\">HOST USB port (Controller connection)<\/td>\n<td colspan=\"2\" width=\"378\">Connector: type B Max cable length: 5 m<\/td>\n<\/tr>\n<tr>\n<td width=\"170\">&nbsp;<\/p>\n<p>USB port<\/td>\n<td colspan=\"2\" width=\"378\">Number: 2 Connector: type A Standard: USB 2.0<\/p>\n<p>Max cable length: 1.8 m<\/td>\n<\/tr>\n<tr>\n<td rowspan=\"9\" width=\"170\">&nbsp;<\/p>\n<p>&nbsp;<\/p>\n<p>&nbsp;<\/p>\n<p>&nbsp;<\/p>\n<p>&nbsp;<\/p>\n<p>&nbsp;<\/p>\n<p>&nbsp;<\/p>\n<p>&nbsp;<\/p>\n<p><strong>DISPLAY<\/strong><\/td>\n<td width=\"170\">Type<\/td>\n<td colspan=\"2\" width=\"378\">TFT with touch screen<\/td>\n<\/tr>\n<tr>\n<td width=\"170\">Size (diagonal)<\/td>\n<td width=\"189\">10.4\u201d<\/td>\n<td width=\"189\">15\u201d<\/td>\n<\/tr>\n<tr>\n<td width=\"170\">Pixel resolution<\/td>\n<td width=\"189\">104: 800 \u00d7 600<\/p>\n<p>V104: 600 \u00d7 800<\/td>\n<td width=\"189\">150: 1024 \u00d7 768<\/p>\n<p>V150: 768 \u00d7 1024<\/td>\n<\/tr>\n<tr>\n<td width=\"170\">Screen area (L x H)<\/td>\n<td width=\"189\">104: 211.2 \u00d7 158.4 mm<\/p>\n<p>V104: 158.4 \u00d7 211.2 mm<\/td>\n<td width=\"189\">150: 304.1 \u00d7 228.1 mm<\/p>\n<p>V150: 228.1 \u00d7 304.1 mm<\/td>\n<\/tr>\n<tr>\n<td width=\"170\">Colors<\/td>\n<td colspan=\"2\" width=\"378\">262.144<\/td>\n<\/tr>\n<tr>\n<td width=\"170\">Luminosity<\/td>\n<td width=\"189\">230 cd\/m<sup>2<\/sup><\/td>\n<td width=\"189\">400 cd\/m<sup>2<\/sup><\/td>\n<\/tr>\n<tr>\n<td width=\"170\">Contrast<\/td>\n<td width=\"189\">500:1<\/td>\n<td width=\"189\">700:1<\/td>\n<\/tr>\n<tr>\n<td width=\"170\">Backlighting<\/td>\n<td width=\"189\">White LEDs<\/p>\n<p>life 30,000 hours @ 25\u00b0C<\/td>\n<td width=\"189\">White LEDs<\/p>\n<p>life 50,000 hours @ 25\u00b0C<\/td>\n<\/tr>\n<tr>\n<td width=\"170\">Visual angle<\/td>\n<td width=\"189\">Horizontal: 80\u00b0<\/p>\n<p>Vertical: 60\u00b0-70\u00b0<\/td>\n<td width=\"189\">Horizontal: 80\u00b0<\/p>\n<p>Vertical: 60\u00b0-80\u00b0<\/td>\n<\/tr>\n<tr>\n<td rowspan=\"2\" width=\"170\"><strong>CONFIGURATION<\/strong> <strong>ELEMENTS<\/strong><\/td>\n<td width=\"170\">Video<\/td>\n<td colspan=\"2\" width=\"378\">6 video control buttons (OSD menu) located on rear<\/td>\n<\/tr>\n<tr>\n<td width=\"170\">Touch screen calibration<\/td>\n<td colspan=\"2\" width=\"378\">Via SW in control system<\/td>\n<\/tr>\n<tr>\n<td width=\"170\"><strong>CONTROL ELEMENTS<\/strong><\/td>\n<td width=\"170\">Touch screen<\/td>\n<td colspan=\"2\" width=\"378\">4-wire resistive technology<\/td>\n<\/tr>\n<tr>\n<td rowspan=\"4\" width=\"170\">&nbsp;<\/p>\n<p>&nbsp;<\/p>\n<p>&nbsp;<\/p>\n<p><strong>AMBIENT CONDITIONS<\/strong><\/td>\n<td width=\"170\">Operating temperature<\/td>\n<td colspan=\"2\" width=\"378\">0 &#8230; +55 \u00b0C (as per IEC 68-2-14)<\/td>\n<\/tr>\n<tr>\n<td width=\"170\">Storage temperature<\/td>\n<td colspan=\"2\" width=\"378\">-20 &#8230; +70 \u00b0C (as per IEC 68-2-14)<\/td>\n<\/tr>\n<tr>\n<td width=\"170\">Relative humidity<\/td>\n<td colspan=\"2\" width=\"378\">max 95% RH non-condensing (as per IEC 68-2-3)<\/td>\n<\/tr>\n<tr>\n<td width=\"170\">Vibrations<\/td>\n<td colspan=\"2\" width=\"378\">5 to 9 Hz: sine constant 3.5 mm 10 to 150 Hz: sine acceleration 1G<\/td>\n<\/tr>\n<tr>\n<td width=\"170\"><strong>ASSEMBLY<\/strong><\/td>\n<td width=\"170\">&nbsp;<\/td>\n<td colspan=\"2\" width=\"378\">Built-in, in control boards or panels<\/td>\n<\/tr>\n<tr>\n<td width=\"170\"><strong>PROTECTION LEVEL<\/strong><\/td>\n<td width=\"170\">&nbsp;<\/td>\n<td colspan=\"2\" width=\"378\">IP 65 on front panel (as per IEC 68-2-3)<\/td>\n<\/tr>\n<tr>\n<td width=\"170\"><strong>WEIGHT<\/strong><\/td>\n<td width=\"170\">&nbsp;<\/td>\n<td width=\"189\">1.45 kg<\/td>\n<td width=\"189\">3.1 kg<\/td>\n<\/tr>\n<tr>\n<td rowspan=\"2\" width=\"170\">&nbsp;<\/p>\n<p>&nbsp;<\/p>\n<p>&nbsp;<\/p>\n<p><strong>CE STANDARDS<\/strong><\/td>\n<td width=\"170\">&nbsp;<\/p>\n<p>EMC<\/p>\n<p>(electromagnetic compatibility)<\/td>\n<td colspan=\"2\" width=\"378\">Conforms to Directive 2004\/108\/CE EMC Emission: EN 61000-6-4<\/p>\n<p>Immunita EMC: EN 61131-2, EN 61000-4-2, EN 61000-4-3, EN<\/p>\n<p>61000-4-4, EN 61000-4-5, EN 61000-4-6, EN 61000-4-8, EN 61000-<\/p>\n<p>4-11<\/td>\n<\/tr>\n<tr>\n<td width=\"170\">LV<\/p>\n<p>(low voltage)<\/td>\n<td colspan=\"2\" width=\"378\">Conforms to Directive 2006\/95\/CE LVD: EN 61010-1<\/td>\n<\/tr>\n<\/tbody>\n<\/table>\n<p><\/p>","protected":false},"excerpt":{"rendered":"<p>&nbsp;<\/p>\n<p><strong>\u00a0Touchscreen display<\/strong><\/p>\n<ul>\n<li>Colour, touch-screen industrial monitors<\/li>\n<li>Slim and compact design<\/li>\n<li>IP65 protection level<\/li>\n<\/ul>\n","protected":false},"featured_media":1827,"comment_status":"open","ping_status":"closed","template":"","meta":[],"product_cat":[123,136],"product_tag":[],"yoast_head":"<!-- This site is optimized with the Yoast SEO plugin v16.6.1 - https:\/\/yoast.com\/wordpress\/plugins\/seo\/ -->\n<title>ePanel - NEW SKY CO.,LTD<\/title>\n<meta name=\"robots\" content=\"index, follow, max-snippet:-1, max-image-preview:large, max-video-preview:-1\" \/>\n<link rel=\"canonical\" href=\"https:\/\/newskyvn.com\/product\/epanel\/\" \/>\n<meta property=\"og:locale\" content=\"en_US\" \/>\n<meta property=\"og:type\" content=\"article\" \/>\n<meta property=\"og:title\" content=\"ePanel - NEW SKY CO.,LTD\" \/>\n<meta property=\"og:description\" content=\"[:vi]&nbsp;  M\u00e0n h\u00ecnh c\u1ea3m \u1ee9ng   M\u00e0n h\u00ecnh m\u00e0u, m\u00e0n h\u00ecnh c\u1ea3m \u1ee9ng  Thi\u1ebft k\u1ebf m\u1ecfng v\u00e0 nh\u1ecf g\u1ecdn  C\u1ea5p \u0111\u1ed9 b\u1ea3o v\u1ec7 IP65 [:en]&nbsp;  \u00a0Touchscreen display   Colour, touch-screen industrial monitors  Slim and compact design  IP65 protection level [:]\" \/>\n<meta property=\"og:url\" content=\"https:\/\/newskyvn.com\/product\/epanel\/\" \/>\n<meta property=\"og:site_name\" content=\"NEW SKY CO.,LTD\" \/>\n<meta property=\"article:modified_time\" content=\"2021-10-07T09:58:50+00:00\" \/>\n<meta property=\"og:image\" content=\"https:\/\/newskyvn.com\/wp-content\/uploads\/2021\/09\/show_epanel.jpg\" \/>\n\t<meta property=\"og:image:width\" content=\"500\" \/>\n\t<meta property=\"og:image:height\" content=\"500\" \/>\n<meta name=\"twitter:card\" content=\"summary_large_image\" \/>\n<meta name=\"twitter:label1\" content=\"Est. reading time\" \/>\n\t<meta name=\"twitter:data1\" content=\"2 minutes\" \/>\n<script type=\"application\/ld+json\" class=\"yoast-schema-graph\">{\"@context\":\"https:\/\/schema.org\",\"@graph\":[{\"@type\":\"WebSite\",\"@id\":\"https:\/\/newskyvn.com\/#website\",\"url\":\"https:\/\/newskyvn.com\/\",\"name\":\"NEW SKY CO.,LTD\",\"description\":\"C\\u00f4ng Ty TNHH S\\u1ea3n Xu\\u1ea5t Th\\u01b0\\u01a1ng M\\u1ea1i D\\u1ecbch V\\u1ee5 T\\u00e2n Thi\\u00ean\",\"potentialAction\":[{\"@type\":\"SearchAction\",\"target\":{\"@type\":\"EntryPoint\",\"urlTemplate\":\"https:\/\/newskyvn.com\/?s={search_term_string}\"},\"query-input\":\"required name=search_term_string\"}],\"inLanguage\":\"en-US\"},{\"@type\":\"ImageObject\",\"@id\":\"https:\/\/newskyvn.com\/product\/epanel\/#primaryimage\",\"inLanguage\":\"en-US\",\"url\":\"https:\/\/newskyvn.com\/wp-content\/uploads\/2021\/09\/show_epanel.jpg\",\"contentUrl\":\"https:\/\/newskyvn.com\/wp-content\/uploads\/2021\/09\/show_epanel.jpg\",\"width\":500,\"height\":500},{\"@type\":\"WebPage\",\"@id\":\"https:\/\/newskyvn.com\/product\/epanel\/#webpage\",\"url\":\"https:\/\/newskyvn.com\/product\/epanel\/\",\"name\":\"ePanel - NEW SKY CO.,LTD\",\"isPartOf\":{\"@id\":\"https:\/\/newskyvn.com\/#website\"},\"primaryImageOfPage\":{\"@id\":\"https:\/\/newskyvn.com\/product\/epanel\/#primaryimage\"},\"datePublished\":\"2021-09-28T07:26:03+00:00\",\"dateModified\":\"2021-10-07T09:58:50+00:00\",\"breadcrumb\":{\"@id\":\"https:\/\/newskyvn.com\/product\/epanel\/#breadcrumb\"},\"inLanguage\":\"en-US\",\"potentialAction\":[{\"@type\":\"ReadAction\",\"target\":[\"https:\/\/newskyvn.com\/product\/epanel\/\"]}]},{\"@type\":\"BreadcrumbList\",\"@id\":\"https:\/\/newskyvn.com\/product\/epanel\/#breadcrumb\",\"itemListElement\":[{\"@type\":\"ListItem\",\"position\":1,\"name\":\"Product\",\"item\":\"https:\/\/newskyvn.com\/en\/san-pham\/\"},{\"@type\":\"ListItem\",\"position\":2,\"name\":\"ePanel\"}]}]}<\/script>\n<!-- \/ Yoast SEO plugin. -->","_links":{"self":[{"href":"https:\/\/newskyvn.com\/en\/wp-json\/wp\/v2\/product\/1825"}],"collection":[{"href":"https:\/\/newskyvn.com\/en\/wp-json\/wp\/v2\/product"}],"about":[{"href":"https:\/\/newskyvn.com\/en\/wp-json\/wp\/v2\/types\/product"}],"replies":[{"embeddable":true,"href":"https:\/\/newskyvn.com\/en\/wp-json\/wp\/v2\/comments?post=1825"}],"wp:featuredmedia":[{"embeddable":true,"href":"https:\/\/newskyvn.com\/en\/wp-json\/wp\/v2\/media\/1827"}],"wp:attachment":[{"href":"https:\/\/newskyvn.com\/en\/wp-json\/wp\/v2\/media?parent=1825"}],"wp:term":[{"taxonomy":"product_cat","embeddable":true,"href":"https:\/\/newskyvn.com\/en\/wp-json\/wp\/v2\/product_cat?post=1825"},{"taxonomy":"product_tag","embeddable":true,"href":"https:\/\/newskyvn.com\/en\/wp-json\/wp\/v2\/product_tag?post=1825"}],"curies":[{"name":"wp","href":"https:\/\/api.w.org\/{rel}","templated":true}]}}