{"id":1819,"date":"2021-09-28T03:56:18","date_gmt":"2021-09-28T03:56:18","guid":{"rendered":"https:\/\/newskyvn.com\/?post_type=product&#038;p=1819"},"modified":"2024-11-09T08:45:56","modified_gmt":"2024-11-09T08:45:56","slug":"smb200","status":"publish","type":"product","link":"https:\/\/newskyvn.com\/en\/product\/smb200\/","title":{"rendered":"SMB200"},"content":{"rendered":"<p>&nbsp;<\/p>\n<p><span style=\"color: #0000ff;\"><strong>TECHNICAL DATA OF SMB200 <\/strong><\/span><\/p>\n<table>\n<tbody>\n<tr>\n<td width=\"178\">&nbsp;<\/p>\n<p><strong>Power supply<\/strong><\/td>\n<td width=\"522\">ADV200-4: 3 x 380Vac -15% \u2026 500Vac +5%; 50-60 Hz \u00b1 5% ADV200-4\/4A-DC: 450\u2026750Vdc;<\/p>\n<p>ADV200-6\/6A-DC: 840 \u2026 1120Vdc (5750 \u2026 61320); 600 \u2026 1120Vdc (\u2265 71600).<\/p>\n<p>ADV200-6: 3 x 690Vac \u00b110%; 50-60 Hz \u00b1 5% (5750 \u2026 61320), 3 x 500\u2026690Vac \u00b110%; 50-60 Hz \u00b1 5% (71600 \u2026 1.65MW)<\/td>\n<\/tr>\n<tr>\n<td width=\"178\"><strong>Power ratings<\/strong><\/td>\n<td width=\"522\">ADV200-4: from 0.75kW to 1.0MW\u00a0\u00a0\u00a0\u00a0\u00a0\u00a0\u00a0\u00a0\u00a0\u00a0\u00a0 ADV200-DC: from 18.5kW to 1.65MW\u00a0\u00a0\u00a0\u00a0\u00a0\u00a0\u00a0\u00a0\u00a0\u00a0\u00a0\u00a0\u00a0\u00a0\u00a0\u00a0 ADV200-6: from 75kW to 1.65MW<\/td>\n<\/tr>\n<tr>\n<td width=\"178\"><strong>Maximum output voltage<\/strong><\/td>\n<td width=\"522\">\u00a0\u00a00,98 x Vin<\/td>\n<\/tr>\n<tr>\n<td width=\"178\"><strong>Maximum output frequency f2<\/strong><\/td>\n<td width=\"522\">500Hz (1007 \u2026 72000), 200Hz (72500 \u2026 1650kW)<\/td>\n<\/tr>\n<tr>\n<td width=\"178\"><strong>IGBT braking unit<\/strong><\/td>\n<td width=\"522\">Sizes 1007 \u2026 5550: Internal (with external resistor); braking torque 150 % MAX Sizes \u2265 5750: External optional (BUy series)<\/td>\n<\/tr>\n<tr>\n<td width=\"178\"><\/td>\n<td width=\"522\">ADV200-4, ADV200-4-DC, ADV200-6-DC:<\/td>\n<\/tr>\n<tr>\n<td width=\"178\"><strong>Overload<\/strong><\/td>\n<td width=\"522\">Heavy Duty: 160 % x In (1\u2019 each 5\u2018), 200 % x In (for 3\u201d). Light Duty: 110 % x In (1\u2019 each 5\u2018).<\/p>\n<p>ADV200-6 (5750 \u2026 6110)<\/td>\n<\/tr>\n<tr>\n<td width=\"178\"><strong>(for Synchronous motor)<\/strong><\/td>\n<td width=\"522\">Heavy Duty: 150 % x In (1\u2019 each 5\u2018), 200 % x In (for 3\u201d). Light Duty: n.d.<\/p>\n<p>ADV200-6 (72000 \u2026 1.65MW)<\/td>\n<\/tr>\n<tr>\n<td width=\"178\"><\/td>\n<td width=\"522\">Heavy Duty: 160 % x In (1\u2019 each 5\u2018), 200 % x In (for 3\u201d). Light Duty: 110 % x In (for 60\u201d).<\/td>\n<\/tr>\n<tr>\n<td width=\"178\"><\/td>\n<td width=\"522\">ADV200-4, ADV200-4-DC, ADV200-6-DC<\/td>\n<\/tr>\n<tr>\n<td width=\"178\"><\/td>\n<td width=\"522\">Heavy Duty: 150 % x In (1\u2019 each 5\u2018), 180 % x In (for 0.5\u201d).<\/td>\n<\/tr>\n<tr>\n<td width=\"178\"><strong>Overload<\/strong><\/p>\n<p><strong>(for Asynchronous motor)<\/strong><\/td>\n<td width=\"522\">Light Duty: 110 % x In (1\u2019 each 5\u2018).<\/p>\n<p>ADV200-6 (5750 \u2026 6110)<\/p>\n<p>Heavy Duty: 136 % x In (for 60\u201d), 183 % x In (for 0.5\u201d). Light Duty: n.d.<\/td>\n<\/tr>\n<tr>\n<td width=\"178\"><\/td>\n<td width=\"522\">ADV200-6 (72000 \u2026 1.65MW)<\/td>\n<\/tr>\n<tr>\n<td width=\"178\"><\/td>\n<td width=\"522\">Heavy Duty: 150 % x In (for 60\u201d), 180 % x In (for 0.5\u201d). Light Duty: 110 % x In (for 60\u201d).<\/td>\n<\/tr>\n<tr>\n<td width=\"178\"><strong>Control mode<\/strong><\/td>\n<td width=\"522\">Open-loop vector control Vector control with feedback<\/p>\n<p>Open loop V\/f and V\/f with feedback<\/td>\n<\/tr>\n<tr>\n<td width=\"178\"><strong>Optional cards<\/strong><\/td>\n<td width=\"522\">Integration of up to 3 options onboard the drive<\/p>\n<p>\u201cSafety STO\u201d card compliant with SIL3 machine safety directive (for ADV200-\u2026+SI models)<\/td>\n<\/tr>\n<tr>\n<td width=\"178\"><strong><u>\u00a0<\/u><\/strong><strong><u>\u00a0<\/u><\/strong><strong><u>Multi-language programming SW<\/u><\/strong><\/p>\n<p><strong>PLC<\/strong><\/td>\n<td width=\"522\">GF-eXpress (5 languages)<\/p>\n<p>PLC with advanced IEC61131-3 programming environment<\/td>\n<\/tr>\n<tr>\n<td width=\"178\"><strong>Rated protection<\/strong><\/td>\n<td width=\"522\">IP20-rated protection (IP00 size 7 and parallel)<\/td>\n<\/tr>\n<tr>\n<td width=\"178\"><strong>Fieldbus management<\/strong><\/td>\n<td width=\"522\">\u00a0\u00a0DeviceNet, CANopen\u00ae, Modbus RTU, EtherCAT, GDnet, PROFIBUS, Industrial Ethernet (1), PROFINET<\/td>\n<\/tr>\n<\/tbody>\n<\/table>\n<p>&nbsp;<\/p>\n<table>\n<tbody>\n<tr>\n<td rowspan=\"6\" width=\"178\">&nbsp;<\/p>\n<p>&nbsp;<\/p>\n<p><strong>Precision<\/strong><\/td>\n<td width=\"29\"><\/td>\n<td width=\"109\">Control mode<\/td>\n<td width=\"203\">Speed control precision (2)<\/td>\n<td width=\"180\">Control Range<\/td>\n<\/tr>\n<tr>\n<td rowspan=\"3\" width=\"29\">Asynch.<\/td>\n<td width=\"109\">FOC with feedback<\/td>\n<td width=\"203\">\u00b1 0.01% motor speed rating<\/td>\n<td width=\"180\">1 : 1000<\/td>\n<\/tr>\n<tr>\n<td width=\"109\">Open-loop FOC<\/td>\n<td width=\"203\">\u00b1 30% motor slip rating<\/td>\n<td width=\"180\">1 : 100<\/td>\n<\/tr>\n<tr>\n<td width=\"109\">V\/F<\/td>\n<td width=\"203\">\u00b1 60% motor slip rating<\/td>\n<td width=\"180\">1 : 30<\/td>\n<\/tr>\n<tr>\n<td rowspan=\"2\" width=\"29\">Synch.<\/td>\n<td width=\"109\">FOC with feedback<\/td>\n<td width=\"203\">\u00b1 0.01% motor speed rating<\/td>\n<td width=\"180\">1 : 1500<\/td>\n<\/tr>\n<tr>\n<td width=\"109\">Open-loop FOC<\/td>\n<td width=\"203\">\u00b1 0,1% motor speed rating<\/td>\n<td width=\"180\">1 : 20<\/td>\n<\/tr>\n<\/tbody>\n<\/table>\n<p>&nbsp;<\/p>\n<table>\n<tbody>\n<tr>\n<td rowspan=\"3\" width=\"30\"><strong>Standard supply\u00a0<\/strong><strong>configuration<\/strong><\/td>\n<td width=\"148\"><strong><u>\u00a0<\/u><\/strong><strong><u>\u00a0<\/u><\/strong><strong><u>Programming keypad<\/u><\/strong><strong><u>\u00a0\u00a0\u00a0\u00a0\u00a0\u00a0\u00a0\u00a0\u00a0\u00a0\u00a0\u00a0\u00a0\u00a0\u00a0\u00a0\u00a0\u00a0\u00a0\u00a0\u00a0\u00a0\u00a0\u00a0\u00a0\u00a0\u00a0\u00a0\u00a0<\/u><\/strong><\/p>\n<p>&nbsp;<\/p>\n<p>&nbsp;<\/p>\n<p><strong>Regulation<\/strong><\/td>\n<td width=\"522\">\u00a0\u00a0Integrated KB_ADV<\/p>\n<p>\u2022 2 bipolar analog inputs (Voltage\/Current)<\/p>\n<p>\u2022 2 bipolar analog outputs (1: Voltage\/Current, 1: Voltage)<\/p>\n<p>\u2022 6 digital inputs (PNP\/NPN)<\/p>\n<p>\u2022 2 digital outputs (PNP\/NPN)<\/p>\n<p>\u2022 2 relay outputs, single contact<\/p>\n<p>\u2022 RS485 serial line (Modbus RTU)<\/td>\n<\/tr>\n<tr>\n<td rowspan=\"2\" width=\"148\">&nbsp;<\/p>\n<p><strong>Power<\/strong><\/p>\n<p><u>\u00a0<\/u><u>\u00a0\u00a0\u00a0\u00a0\u00a0\u00a0\u00a0\u00a0\u00a0\u00a0\u00a0\u00a0\u00a0\u00a0\u00a0\u00a0\u00a0\u00a0\u00a0\u00a0\u00a0\u00a0\u00a0\u00a0\u00a0\u00a0\u00a0\u00a0\u00a0\u00a0\u00a0\u00a0\u00a0\u00a0\u00a0\u00a0\u00a0\u00a0\u00a0\u00a0\u00a0\u00a0\u00a0\u00a0\u00a0\u00a0\u00a0\u00a0<\/u><\/p>\n<p>&nbsp;<\/p>\n<p><strong>Reference<\/strong>\u00a0<strong>resolution<\/strong><\/td>\n<td width=\"522\">\u2022 Integrated choke DC side (up to 132 kW)<\/p>\n<p>\u2022 Integrated mains filter<\/p>\n<p>\u2022 Integrated dynamic braking module (up to 55kW)<\/td>\n<\/tr>\n<tr>\n<td width=\"522\">\u2022 Digital = 15bit + sign<\/p>\n<p>\u2022 Analog input = 11-bit + sign<\/p>\n<p>\u2022 Analog output = 11-bit + sign<\/td>\n<\/tr>\n<tr>\n<td colspan=\"2\" width=\"178\"><strong><u>\u00a0<\/u><\/strong><strong><u>\u00a0<\/u><\/strong><strong><u>Immunity\/Emissions<\/u><\/strong><strong><u>\u00a0\u00a0\u00a0\u00a0\u00a0\u00a0\u00a0\u00a0\u00a0\u00a0\u00a0\u00a0\u00a0\u00a0\u00a0\u00a0\u00a0\u00a0\u00a0\u00a0\u00a0\u00a0\u00a0\u00a0\u00a0\u00a0\u00a0\u00a0\u00a0\u00a0\u00a0\u00a0<\/u><\/strong><\/p>\n<p>&nbsp;<\/p>\n<p><strong>Safety standards<\/strong><\/td>\n<td width=\"522\">\u00a0\u00a0CEE \u2013 EN 61800-3<\/p>\n<p>EN 50178, EN 61800-5-1, UL508C, UL840 degree of pollution 2 STO (Safe Torque Off): IEC 61508<\/p>\n<p>SIL 3, EN 954-1 Cat. 3<\/p>\n<p>EN 61508 and EN 61800-5-2<\/td>\n<\/tr>\n<tr>\n<td rowspan=\"2\" width=\"30\"><strong>Environmental\u00a0<\/strong><strong>conditions<\/strong><\/td>\n<td width=\"148\">&nbsp;<\/p>\n<p><strong>Ambient temperature<\/strong><\/td>\n<td width=\"522\">&nbsp;<\/p>\n<p>-10\u00b0C \u2026 +40\u00b0C (+14\u00b0F \u2026+104\u00b0F), +40\u00b0C\u2026+50\u00b0C (+104\u00b0F\u2026+122\u00b0F) with derating<\/td>\n<\/tr>\n<tr>\n<td width=\"148\">&nbsp;<\/p>\n<p><strong>Altitude<\/strong><\/td>\n<td width=\"522\">Max 4000 m. (up to 1000 m without derating)<\/td>\n<\/tr>\n<tr>\n<td rowspan=\"2\" width=\"30\"><strong>Markings<\/strong><\/td>\n<td width=\"148\">&nbsp;<\/p>\n<p>&nbsp;<\/td>\n<td width=\"522\">Complies with the EC directive concerning low voltage equipment (Directives LVD 2014\/35\/EU, EMC 2014\/30\/EU, RoHs 2011\/65\/EU)<\/td>\n<\/tr>\n<tr>\n<td width=\"148\">&nbsp;<\/p>\n<p>&nbsp;<\/td>\n<td width=\"522\">UL and cULus, Complies with directives for the American and Canadian markets (with power supply \u2264600Vac)<\/td>\n<\/tr>\n<\/tbody>\n<\/table>\n<p><\/p>","protected":false},"excerpt":{"rendered":"<p>&nbsp;<\/p>\n<p><strong>Power Supply, DC link current from 1000A to 9000A<\/strong><\/p>\n<p><strong>400V series:<\/strong><br \/>\n* Power supply: 380VAC -15% \u2026500VAC +5%, 50\/60Hz<br \/>\n* DC Link current: from 1250A to 9000A<\/p>\n<p><strong>690V series:<\/strong><br \/>\n* Power supply: 500VAC -10% \u2026690VAC +10%, 50\/60Hz<br \/>\n* DC Link current: from 1200A to 9000A<\/p>\n<p>* IP00-rated protection.<br \/>\n* The SMB200 power supply is suitable for powering both single and multiple inverters in a system and connected by a common DC link.<br \/>\n* Certifications: CE.<\/p>\n<p><strong>General characteristics:<\/strong><br \/>\nDepending on the current level, consists of a diode rectifier or of a half-controlled bridge, both in 6-pulse configuration.<br \/>\nA 12-pulse system can be configured by powering two SMB200s with parallel DC output via a transformer with two secondaries and 30\u00b0 phase-shift.<\/p>\n<p>For some lines or machines, the energy generated by motors powered by the DC Link system exceeds the level that the machine can reuse, and can be a high percentage of motorizing energy. In these applications, instead of using systems that dissipate energy to the resistance, it is more efficient to regenerate energy to the primary power supply. In this case, the SMB200 unidirectional power supply can be connected in parallel to an FFE200 regenerative power supply sized only for the regenerated power.<\/p>\n<p>\u2022 Built-in fuses<\/p>\n<p>\u2022 Selection of undervoltage limit via dip-switch based on line voltage<\/p>\n<p>\u2022 Selection of line frequency: 50 or 60 Hz<\/p>\n<p>\u2022 Selection of leveling capacitor precharge time via dip-switches.<\/p>\n","protected":false},"featured_media":1821,"comment_status":"open","ping_status":"closed","template":"","meta":[],"product_cat":[122,133],"product_tag":[],"yoast_head":"<!-- This site is optimized with the Yoast SEO plugin v16.6.1 - https:\/\/yoast.com\/wordpress\/plugins\/seo\/ -->\n<title>SMB200 - NEW SKY CO.,LTD<\/title>\n<meta name=\"robots\" content=\"index, follow, max-snippet:-1, max-image-preview:large, max-video-preview:-1\" \/>\n<link rel=\"canonical\" href=\"https:\/\/newskyvn.com\/product\/smb200\/\" \/>\n<meta property=\"og:locale\" content=\"en_US\" \/>\n<meta property=\"og:type\" content=\"article\" \/>\n<meta property=\"og:title\" content=\"SMB200 - NEW SKY CO.,LTD\" \/>\n<meta property=\"og:description\" content=\"[:vi]Ngu\u1ed3n cung c\u1ea5p, d\u00f2ng \u0111i\u1ec7n k\u1ebft n\u1ed1i DC t\u1eeb 1000A \u0111\u1ebfn 9000A  D\u00f2ng 400V: * Ngu\u1ed3n \u0111i\u1ec7n: 380VAC -15%\u2026 500VAC + 5%, 50 \/ 60Hz * D\u00f2ng \u0111i\u1ec7n li\u00ean k\u1ebft DC: t\u1eeb 1250A \u0111\u1ebfn 9000A  D\u00f2ng 690V: * Ngu\u1ed3n cung c\u1ea5p: 500VAC -10%\u2026 690VAC + 10%, 50 \/ 60Hz * D\u00f2ng \u0111i\u1ec7n li\u00ean k\u1ebft DC: t\u1eeb 1200A \u0111\u1ebfn 9000A  * B\u1ea3o v\u1ec7 \u0111\u01b0\u1ee3c x\u1ebfp h\u1ea1ng IP00. * B\u1ed9 ngu\u1ed3n SMB200 ph\u00f9 h\u1ee3p \u0111\u1ec3 c\u1ea5p ngu\u1ed3n cho c\u1ea3 b\u1ed9 bi\u1ebfn t\u1ea7n \u0111\u01a1n v\u00e0 nhi\u1ec1u b\u1ed9 bi\u1ebfn t\u1ea7n trong h\u1ec7 th\u1ed1ng v\u00e0 \u0111\u01b0\u1ee3c k\u1ebft n\u1ed1i b\u1eb1ng li\u00ean k\u1ebft DC chung. * Ch\u1ee9ng ch\u1ec9: CE.  \u0110\u1eb7c \u0111i\u1ec3m chung: T\u00f9y thu\u1ed9c v\u00e0o m\u1ee9c d\u00f2ng \u0111i\u1ec7n, bao g\u1ed3m m\u1ed9t b\u1ed9 ch\u1ec9nh l\u01b0u diode ho\u1eb7c m\u1ed9t n\u1eeda c\u1ea7u \u0111i\u1ec1u khi\u1ec3n, c\u1ea3 hai \u0111\u1ec1u c\u00f3 c\u1ea5u h\u00ecnh 6 xung. H\u1ec7 th\u1ed1ng 12 xung c\u00f3 th\u1ec3 \u0111\u01b0\u1ee3c c\u1ea5u h\u00ecnh b\u1eb1ng c\u00e1ch c\u1ea5p ngu\u1ed3n cho hai SMB200 v\u1edbi \u0111\u1ea7u ra DC song song th\u00f4ng qua m\u1ed9t m\u00e1y bi\u1ebfn \u00e1p c\u00f3 hai th\u1ee9 hai v\u00e0 d\u1ecbch pha 30 \u00b0.  \u0110\u1ed1i v\u1edbi m\u1ed9t s\u1ed1 d\u00e2y chuy\u1ec1n ho\u1eb7c m\u00e1y m\u00f3c, n\u0103ng l\u01b0\u1ee3ng do \u0111\u1ed9ng c\u01a1 \u0111\u01b0\u1ee3c cung c\u1ea5p b\u1edfi h\u1ec7 th\u1ed1ng DC Link v\u01b0\u1ee3t qu\u00e1 m\u1ee9c m\u00e0 m\u00e1y c\u00f3 th\u1ec3 t\u00e1i s\u1eed d\u1ee5ng v\u00e0 c\u00f3 th\u1ec3 l\u00e0 m\u1ed9t t\u1ef7 l\u1ec7 ph\u1ea7n tr\u0103m cao c\u1ee7a n\u0103ng l\u01b0\u1ee3ng c\u01a1 gi\u1edbi.\u00a0Trong c\u00e1c \u1ee9ng d\u1ee5ng n\u00e0y, thay v\u00ec s\u1eed d\u1ee5ng c\u00e1c h\u1ec7 th\u1ed1ng ti\u00eau t\u00e1n n\u0103ng l\u01b0\u1ee3ng cho \u0111i\u1ec7n tr\u1edf, vi\u1ec7c t\u00e1i t\u1ea1o n\u0103ng l\u01b0\u1ee3ng cho ngu\u1ed3n \u0111i\u1ec7n s\u01a1 c\u1ea5p s\u1ebd hi\u1ec7u qu\u1ea3 h\u01a1n.\u00a0Trong tr\u01b0\u1eddng h\u1ee3p n\u00e0y, ngu\u1ed3n \u0111i\u1ec7n m\u1ed9t chi\u1ec1u SMB200 c\u00f3 th\u1ec3 \u0111\u01b0\u1ee3c k\u1ebft n\u1ed1i song song v\u1edbi ngu\u1ed3n \u0111i\u1ec7n t\u00e1i sinh FFE200 c\u00f3 k\u00edch th\u01b0\u1edbc ch\u1ec9 d\u00e0nh cho ngu\u1ed3n \u0111i\u1ec7n t\u00e1i sinh.  \u2022 C\u1ea7u ch\u00ec t\u00edch h\u1ee3p  \u2022 L\u1ef1a ch\u1ecdn gi\u1edbi h\u1ea1n \u0111i\u1ec7n \u00e1p d\u01b0\u1edbi c\u00f4ng t\u1eafc nh\u00fang d\u1ef1a tr\u00ean \u0111i\u1ec7n \u00e1p \u0111\u01b0\u1eddng d\u00e2y  \u2022 L\u1ef1a ch\u1ecdn t\u1ea7n s\u1ed1 \u0111\u01b0\u1eddng truy\u1ec1n: 50 ho\u1eb7c 60 Hz  \u2022 L\u1ef1a ch\u1ecdn th\u1eddi gian n\u1ea1p tr\u01b0\u1edbc t\u1ee5 \u0111i\u1ec7n san l\u1ea5p m\u1eb7t b\u1eb1ng th\u00f4ng qua c\u00f4ng t\u1eafc nh\u00fang.[:en]&nbsp;  Power Supply, DC link current from 1000A to 9000A  400V series: * Power supply: 380VAC -15% \u2026500VAC +5%, 50\/60Hz * DC Link current: from 1250A to 9000A  690V series: * Power supply: 500VAC -10% \u2026690VAC +10%, 50\/60Hz * DC Link current: from 1200A to 9000A  * IP00-rated protection. * The SMB200 power supply is suitable for powering both single and multiple inverters in a system and connected by a common DC link. * Certifications: CE.  General characteristics: Depending on the current level, consists of a diode rectifier or of a half-controlled bridge, both in 6-pulse configuration. A 12-pulse system can be configured by powering two SMB200s with parallel DC output via a transformer with two secondaries and 30\u00b0 phase-shift.  For some lines or machines, the energy generated by motors powered by the DC Link system exceeds the level that the machine can reuse, and can be a high percentage of motorizing energy. In these applications, instead of using systems that dissipate energy to the resistance, it is more efficient to regenerate energy to the primary power supply. In this case, the SMB200 unidirectional power supply can be connected in parallel to an FFE200 regenerative power supply sized only for the regenerated power.  \u2022 Built-in fuses  \u2022 Selection of undervoltage limit via dip-switch based on line voltage  \u2022 Selection of line frequency: 50 or 60 Hz  \u2022 Selection of leveling capacitor precharge time via dip-switches.[:]\" \/>\n<meta property=\"og:url\" content=\"https:\/\/newskyvn.com\/product\/smb200\/\" \/>\n<meta property=\"og:site_name\" content=\"NEW SKY CO.,LTD\" \/>\n<meta property=\"article:modified_time\" content=\"2024-11-09T08:45:56+00:00\" \/>\n<meta property=\"og:image\" content=\"https:\/\/newskyvn.com\/wp-content\/uploads\/2021\/09\/show_SMB200-T-1000-Fronte_04-2015_NEW3-1.jpg\" \/>\n\t<meta property=\"og:image:width\" content=\"500\" \/>\n\t<meta property=\"og:image:height\" content=\"500\" \/>\n<meta name=\"twitter:card\" content=\"summary_large_image\" \/>\n<meta name=\"twitter:label1\" content=\"Est. reading time\" \/>\n\t<meta name=\"twitter:data1\" content=\"3 minutes\" \/>\n<script type=\"application\/ld+json\" class=\"yoast-schema-graph\">{\"@context\":\"https:\/\/schema.org\",\"@graph\":[{\"@type\":\"WebSite\",\"@id\":\"https:\/\/newskyvn.com\/#website\",\"url\":\"https:\/\/newskyvn.com\/\",\"name\":\"NEW SKY CO.,LTD\",\"description\":\"C\\u00f4ng Ty TNHH S\\u1ea3n Xu\\u1ea5t Th\\u01b0\\u01a1ng M\\u1ea1i D\\u1ecbch V\\u1ee5 T\\u00e2n Thi\\u00ean\",\"potentialAction\":[{\"@type\":\"SearchAction\",\"target\":{\"@type\":\"EntryPoint\",\"urlTemplate\":\"https:\/\/newskyvn.com\/?s={search_term_string}\"},\"query-input\":\"required name=search_term_string\"}],\"inLanguage\":\"en-US\"},{\"@type\":\"ImageObject\",\"@id\":\"https:\/\/newskyvn.com\/product\/smb200\/#primaryimage\",\"inLanguage\":\"en-US\",\"url\":\"https:\/\/newskyvn.com\/wp-content\/uploads\/2021\/09\/show_SMB200-T-1000-Fronte_04-2015_NEW3-1.jpg\",\"contentUrl\":\"https:\/\/newskyvn.com\/wp-content\/uploads\/2021\/09\/show_SMB200-T-1000-Fronte_04-2015_NEW3-1.jpg\",\"width\":500,\"height\":500},{\"@type\":\"WebPage\",\"@id\":\"https:\/\/newskyvn.com\/product\/smb200\/#webpage\",\"url\":\"https:\/\/newskyvn.com\/product\/smb200\/\",\"name\":\"SMB200 - NEW SKY CO.,LTD\",\"isPartOf\":{\"@id\":\"https:\/\/newskyvn.com\/#website\"},\"primaryImageOfPage\":{\"@id\":\"https:\/\/newskyvn.com\/product\/smb200\/#primaryimage\"},\"datePublished\":\"2021-09-28T03:56:18+00:00\",\"dateModified\":\"2024-11-09T08:45:56+00:00\",\"breadcrumb\":{\"@id\":\"https:\/\/newskyvn.com\/product\/smb200\/#breadcrumb\"},\"inLanguage\":\"en-US\",\"potentialAction\":[{\"@type\":\"ReadAction\",\"target\":[\"https:\/\/newskyvn.com\/product\/smb200\/\"]}]},{\"@type\":\"BreadcrumbList\",\"@id\":\"https:\/\/newskyvn.com\/product\/smb200\/#breadcrumb\",\"itemListElement\":[{\"@type\":\"ListItem\",\"position\":1,\"name\":\"Product\",\"item\":\"https:\/\/newskyvn.com\/en\/san-pham\/\"},{\"@type\":\"ListItem\",\"position\":2,\"name\":\"SMB200\"}]}]}<\/script>\n<!-- \/ Yoast SEO plugin. -->","_links":{"self":[{"href":"https:\/\/newskyvn.com\/en\/wp-json\/wp\/v2\/product\/1819"}],"collection":[{"href":"https:\/\/newskyvn.com\/en\/wp-json\/wp\/v2\/product"}],"about":[{"href":"https:\/\/newskyvn.com\/en\/wp-json\/wp\/v2\/types\/product"}],"replies":[{"embeddable":true,"href":"https:\/\/newskyvn.com\/en\/wp-json\/wp\/v2\/comments?post=1819"}],"wp:featuredmedia":[{"embeddable":true,"href":"https:\/\/newskyvn.com\/en\/wp-json\/wp\/v2\/media\/1821"}],"wp:attachment":[{"href":"https:\/\/newskyvn.com\/en\/wp-json\/wp\/v2\/media?parent=1819"}],"wp:term":[{"taxonomy":"product_cat","embeddable":true,"href":"https:\/\/newskyvn.com\/en\/wp-json\/wp\/v2\/product_cat?post=1819"},{"taxonomy":"product_tag","embeddable":true,"href":"https:\/\/newskyvn.com\/en\/wp-json\/wp\/v2\/product_tag?post=1819"}],"curies":[{"name":"wp","href":"https:\/\/api.w.org\/{rel}","templated":true}]}}