{"id":1807,"date":"2021-09-28T02:46:00","date_gmt":"2021-09-28T02:46:00","guid":{"rendered":"https:\/\/newskyvn.com\/?post_type=product&#038;p=1807"},"modified":"2024-11-09T03:56:56","modified_gmt":"2024-11-09T03:56:56","slug":"tpd32-ev-fc","status":"publish","type":"product","link":"https:\/\/newskyvn.com\/en\/product\/tpd32-ev-fc\/","title":{"rendered":"TPD32 EV-FC"},"content":{"rendered":"<p>&nbsp;<\/p>\n<p><span style=\"color: #0000ff;\"><strong>TECHNICAL DATA OF TPD32 EV-FC<\/strong><\/span><\/p>\n<table>\n<tbody>\n<tr>\n<td width=\"151\"><strong>Standard supply configuration<\/strong><\/td>\n<td colspan=\"2\" width=\"548\">\u2022 Speed feedback via tachogenerator and\/or digital or sinusoidal (*) encoder<\/p>\n<p>&#8211; 2 encoder inputs: sinusoidal (power supply at 5 V) and digital (power supply at 5V or 24 V);<\/p>\n<p>&#8211; 1 Tachogenerator input;<\/p>\n<p>\u2022 Digital I\/O logic control in PNP configuration;<\/p>\n<p>\u2022 Analog inputs: 3 Differential, 12 Bits, programmable , selectable for \u00b110 VDC, 0 &#8211; 20 mA, 0 &#8211; 10 VDC, 4 &#8211; 20 mA;<\/p>\n<p>\u2022 2 Analog outputs \u00b110Vdc;<\/p>\n<p>\u2022 8 Digital inputs (4 fixed + programmable);<\/p>\n<p>\u2022 4 programmable digital outputs;<\/p>\n<p>\u2022 Relay outputs: 1 Drive OK normally closed contact, 1 programmable normally closed contact;<\/p>\n<p>\u2022 1 Motor thermistor input;<\/p>\n<p>\u2022 RS485 Serial line (Modbus RTU protocol);<\/p>\n<p>\u2022 Programmable overload up to 200%;<\/p>\n<p>\u2022 Interfacing with fieldbus protocol as: Profibus DP \u00ae, CANopen\u00ae and DeviceNet;<\/p>\n<p>\u2022 LED diagnostics module.<\/td>\n<\/tr>\n<tr>\n<td rowspan=\"4\" width=\"151\"><strong>Precision<\/strong><\/td>\n<td width=\"134\">Speed control<\/td>\n<td width=\"414\">with sinusoidal encoder: typically 0.01% with digital encoder: typically 0.02% with tachogenerator: typically 0.1%<\/td>\n<\/tr>\n<tr>\n<td width=\"134\">Torque regulation<\/td>\n<td width=\"414\">typical 0,2%<\/td>\n<\/tr>\n<tr>\n<td width=\"134\">Analog Inputs \/ Ouputs<\/td>\n<td width=\"414\">11 bit + sign<\/td>\n<\/tr>\n<tr>\n<td width=\"134\">Digital references<\/td>\n<td width=\"414\">15 bit + sign<\/td>\n<\/tr>\n<tr>\n<td width=\"151\"><strong>Integrated System Technology<\/strong><\/td>\n<td colspan=\"2\" width=\"548\">\u2022\u00a0\u00a0\u00a0 Quick start up; Autotuning of the speed and current (*) regulators; 5 Independent programmable Multi-ramps; Programmable Linear and \u201cS\u201dshaped ramps; Seven Programmable Multispeeds; Independent regulation of the Min\/Max speed for each direction sense of rotation;<\/p>\n<p>\u2022\u00a0\u00a0\u00a0 Current limitation in accordance with the speed; Adaptive gains of the speed regulator; Independent management of the integral gain at zero speed; Programmable overload control; Jog function; Motorpotentiometer function; I2t motor protection;<\/p>\n<p>\u2022\u00a0\u00a0\u00a0 PID function block; Servodiameter control function;\u201cSpeed Draw\u201d function; \u201cAutocapture\u201dfunction (Flying restart); \u201cDroop\u201d function, SCR test function.<\/td>\n<\/tr>\n<tr>\n<td width=\"151\"><strong>Options<\/strong><\/td>\n<td colspan=\"2\" width=\"548\">\u2022 Programming keypad KB;<\/p>\n<p>\u2022 I\/O expansion card TBO-32;<\/p>\n<p>\u2022 Profibus interface SBI-PDP-32;<\/p>\n<p>\u2022 DeviceNet interface SBI-DN;<\/p>\n<p>\u2022 CANopen interface SBI-COP;<\/p>\n<p>\u2022 Programmable APC300 application card with Master CAN I\/O controller and integrated Fast Link Drive to Drive communication;<\/p>\n<p>\u2022 Supplementary encoders management DEII.<\/td>\n<\/tr>\n<tr>\n<td width=\"151\"><strong>Accessories<\/strong><\/td>\n<td colspan=\"2\" width=\"548\">\u2022 Dedicated EMC filters (in accordance with EN61800-3);<\/p>\n<p>\u2022 Input choke (standardised for the whole line);<\/p>\n<p>\u2022 Programming remote keypad kit with 2 meters of cable included;<\/p>\n<p>\u2022 RS485 serial line kit for direct PC communication.<\/td>\n<\/tr>\n<tr>\n<td width=\"151\"><strong>Environmental conditions<\/strong><\/td>\n<td colspan=\"2\" width=\"548\">\u2022 Protection degree: IP20 up to 1000A (..-2B) and 1050A (..-4B), IP20\/IP00 for bigger powers.<\/p>\n<p>\u2022 Operating temperature: from 0\u00b0C to 40\u00b0C, from + 40\u00b0C to +50\u00b0C with derating.<\/p>\n<p>\u2022 Storage temperature: -25\u00b0C\u2026+55\u00b0C (Class 1K4 \u2013 EN50178).<\/p>\n<p>\u2022 Humidity: from 5% to 85%, relative humidity (without condensation) or ice formation (Class 3K3 under EN50178).<\/p>\n<p>\u2022 Altitude: max 2000 metres above sea level; above 1000 metres the current must be reduced by 1.2% per 100 metre increase.<\/td>\n<\/tr>\n<tr>\n<td rowspan=\"3\" width=\"151\"><strong>Standards and Marks<\/strong><\/td>\n<td colspan=\"2\" width=\"548\"><strong>CE<\/strong>: complies with the EC directive concerning low voltage equipment (Directives LVD 2014\/35\/EU, EMC 2014\/30\/EU, RoHs 2011\/65\/EU)<\/td>\n<\/tr>\n<tr>\n<td colspan=\"2\" width=\"548\"><strong>UL, cUL<\/strong>: complies with directives for the American and Canadian market (TPD32 EV -&#8230;-NA* and TPD32 EV-FC series).<\/p>\n<p><em>TPD32 EV -&#8230;-E-NA series not included.<\/em><\/td>\n<\/tr>\n<tr>\n<td colspan=\"2\" width=\"548\"><strong>EMC<\/strong>: complies with the EC directive &#8211; EN 61800-3 concerning electromagnetic compatibility with the use of optional filters.<\/td>\n<\/tr>\n<\/tbody>\n<\/table>\n<p>&nbsp;<\/p>","protected":false},"excerpt":{"rendered":"<p>&nbsp;<\/p>\n<p><strong>Field regulators from 20A to 650A<\/strong><br \/>\n* 3ph 230Vac\u2026500Vac, 50\/60Hz<br \/>\n* 3ph 60Vac\u2026200Vac, 50\/60Hz<br \/>\n* Rated currents: from 20A to 650A (biquadrant and tetraquadrant)<br \/>\n* IP20<br \/>\n* Marks: CE, UL, cUL, EAC<\/p>\n<p><strong>Features:<\/strong><br \/>\nDigital I\/O logic control in PNP and\/or NPN configuration<br \/>\n3 Differential analog inputs \u00b110Vdc (0..4-20mA)<br \/>\n2 Analog outputs (\u00b110Vdc)<br \/>\n8 Digital inputs (4 fixed + programmable)<br \/>\n4 Optocoupled Digital outputs<br \/>\n2 Relay outputs<br \/>\n1 Motor thermistor input<br \/>\nRS485 Serial line (ModbusRTU protocol)<br \/>\nInterfacing with fieldbus protocol as: ProfibusDP, CANopen, DeviceNet<br \/>\nProtection degree:\u00a0 IP20<\/p>\n","protected":false},"featured_media":1809,"comment_status":"open","ping_status":"closed","template":"","meta":[],"product_cat":[122,132],"product_tag":[],"yoast_head":"<!-- This site is optimized with the Yoast SEO plugin v16.6.1 - https:\/\/yoast.com\/wordpress\/plugins\/seo\/ -->\n<title>TPD32 EV-FC - NEW SKY CO.,LTD<\/title>\n<meta name=\"robots\" content=\"index, follow, max-snippet:-1, max-image-preview:large, max-video-preview:-1\" \/>\n<link rel=\"canonical\" href=\"https:\/\/newskyvn.com\/product\/tpd32-ev-fc\/\" \/>\n<meta property=\"og:locale\" content=\"en_US\" \/>\n<meta property=\"og:type\" content=\"article\" \/>\n<meta property=\"og:title\" content=\"TPD32 EV-FC - NEW SKY CO.,LTD\" \/>\n<meta property=\"og:description\" content=\"[:vi]&nbsp;  B\u1ed9 Chuy\u1ec3n \u0111\u1ed5i (AC\/DC) c\u00f3 th\u1ec3 \u0111i\u1ec1u ch\u1ec9nh \u0111\u01b0\u1ee3c d\u00f2ng \u0111i\u1ec7n t\u1eeb 20A \u0111\u1ebfn 650A * 3ph 230Vac\u2026 500Vac, 50 \/ 60Hz * 3ph 60Vac\u2026 200Vac, 50 \/ 60Hz * D\u00f2ng \u0111\u1ecbnh m\u1ee9c: t\u1eeb 20A \u0111\u1ebfn 650A (biquadrant v\u00e0 tetraquadrant) * IP20 * Marks: CE, UL, cUL, EAC  C\u00e1c t\u00ednh n\u0103ng: \u0110i\u1ec1u khi\u1ec3n logic I \/ O k\u1ef9 thu\u1eadt s\u1ed1 \u1edf c\u1ea5u h\u00ecnh PNP v\u00e0 \/ ho\u1eb7c NPN 3 \u0110\u1ea7u v\u00e0o t\u01b0\u01a1ng t\u1ef1 sai bi\u1ec7t \u00b1 10Vdc (0..4-20mA) 2 \u0110\u1ea7u ra t\u01b0\u01a1ng t\u1ef1 (\u00b1 10Vdc) 8 \u0110\u1ea7u v\u00e0o k\u1ef9 thu\u1eadt s\u1ed1 (4 c\u1ed1 \u0111\u1ecbnh + c\u00f3 th\u1ec3 l\u1eadp tr\u00ecnh) 4 \u0110\u1ea7u ra k\u1ef9 thu\u1eadt s\u1ed1 Optocoupled 2 \u0110\u1ea7u ra r\u01a1 le 1 \u0110\u1ea7u v\u00e0o \u0111i\u1ec7n tr\u1edf nhi\u1ec7t \u0111\u1ed9ng c\u01a1 RS485 \u0110\u01b0\u1eddng n\u1ed1i ti\u1ebfp (giao th\u1ee9c ModbusRTU) Giao ti\u1ebfp v\u1edbi giao th\u1ee9c fieldbus nh\u01b0: ProfibusDP, CANopen, DeviceNet M\u1ee9c \u0111\u1ed9 b\u1ea3o v\u1ec7: IP20[:en]&nbsp;  Field regulators from 20A to 650A * 3ph 230Vac\u2026500Vac, 50\/60Hz * 3ph 60Vac\u2026200Vac, 50\/60Hz * Rated currents: from 20A to 650A (biquadrant and tetraquadrant) * IP20 * Marks: CE, UL, cUL, EAC  Features: Digital I\/O logic control in PNP and\/or NPN configuration 3 Differential analog inputs \u00b110Vdc (0..4-20mA) 2 Analog outputs (\u00b110Vdc) 8 Digital inputs (4 fixed + programmable) 4 Optocoupled Digital outputs 2 Relay outputs 1 Motor thermistor input RS485 Serial line (ModbusRTU protocol) Interfacing with fieldbus protocol as: ProfibusDP, CANopen, DeviceNet Protection degree:\u00a0 IP20[:]\" \/>\n<meta property=\"og:url\" content=\"https:\/\/newskyvn.com\/product\/tpd32-ev-fc\/\" \/>\n<meta property=\"og:site_name\" content=\"NEW SKY CO.,LTD\" \/>\n<meta property=\"article:modified_time\" content=\"2024-11-09T03:56:56+00:00\" \/>\n<meta property=\"og:image\" content=\"https:\/\/newskyvn.com\/wp-content\/uploads\/2021\/09\/show_TPD32-EV-FC_Fronte.jpg\" \/>\n\t<meta property=\"og:image:width\" content=\"500\" \/>\n\t<meta property=\"og:image:height\" content=\"500\" \/>\n<meta name=\"twitter:card\" content=\"summary_large_image\" \/>\n<meta name=\"twitter:label1\" content=\"Est. reading time\" \/>\n\t<meta name=\"twitter:data1\" content=\"3 minutes\" \/>\n<script type=\"application\/ld+json\" class=\"yoast-schema-graph\">{\"@context\":\"https:\/\/schema.org\",\"@graph\":[{\"@type\":\"WebSite\",\"@id\":\"https:\/\/newskyvn.com\/#website\",\"url\":\"https:\/\/newskyvn.com\/\",\"name\":\"NEW SKY CO.,LTD\",\"description\":\"C\\u00f4ng Ty TNHH S\\u1ea3n Xu\\u1ea5t Th\\u01b0\\u01a1ng M\\u1ea1i D\\u1ecbch V\\u1ee5 T\\u00e2n Thi\\u00ean\",\"potentialAction\":[{\"@type\":\"SearchAction\",\"target\":{\"@type\":\"EntryPoint\",\"urlTemplate\":\"https:\/\/newskyvn.com\/?s={search_term_string}\"},\"query-input\":\"required name=search_term_string\"}],\"inLanguage\":\"en-US\"},{\"@type\":\"ImageObject\",\"@id\":\"https:\/\/newskyvn.com\/product\/tpd32-ev-fc\/#primaryimage\",\"inLanguage\":\"en-US\",\"url\":\"https:\/\/newskyvn.com\/wp-content\/uploads\/2021\/09\/show_TPD32-EV-FC_Fronte.jpg\",\"contentUrl\":\"https:\/\/newskyvn.com\/wp-content\/uploads\/2021\/09\/show_TPD32-EV-FC_Fronte.jpg\",\"width\":500,\"height\":500},{\"@type\":\"WebPage\",\"@id\":\"https:\/\/newskyvn.com\/product\/tpd32-ev-fc\/#webpage\",\"url\":\"https:\/\/newskyvn.com\/product\/tpd32-ev-fc\/\",\"name\":\"TPD32 EV-FC - NEW SKY CO.,LTD\",\"isPartOf\":{\"@id\":\"https:\/\/newskyvn.com\/#website\"},\"primaryImageOfPage\":{\"@id\":\"https:\/\/newskyvn.com\/product\/tpd32-ev-fc\/#primaryimage\"},\"datePublished\":\"2021-09-28T02:46:00+00:00\",\"dateModified\":\"2024-11-09T03:56:56+00:00\",\"breadcrumb\":{\"@id\":\"https:\/\/newskyvn.com\/product\/tpd32-ev-fc\/#breadcrumb\"},\"inLanguage\":\"en-US\",\"potentialAction\":[{\"@type\":\"ReadAction\",\"target\":[\"https:\/\/newskyvn.com\/product\/tpd32-ev-fc\/\"]}]},{\"@type\":\"BreadcrumbList\",\"@id\":\"https:\/\/newskyvn.com\/product\/tpd32-ev-fc\/#breadcrumb\",\"itemListElement\":[{\"@type\":\"ListItem\",\"position\":1,\"name\":\"Product\",\"item\":\"https:\/\/newskyvn.com\/en\/san-pham\/\"},{\"@type\":\"ListItem\",\"position\":2,\"name\":\"TPD32 EV-FC\"}]}]}<\/script>\n<!-- \/ Yoast SEO plugin. -->","_links":{"self":[{"href":"https:\/\/newskyvn.com\/en\/wp-json\/wp\/v2\/product\/1807"}],"collection":[{"href":"https:\/\/newskyvn.com\/en\/wp-json\/wp\/v2\/product"}],"about":[{"href":"https:\/\/newskyvn.com\/en\/wp-json\/wp\/v2\/types\/product"}],"replies":[{"embeddable":true,"href":"https:\/\/newskyvn.com\/en\/wp-json\/wp\/v2\/comments?post=1807"}],"wp:featuredmedia":[{"embeddable":true,"href":"https:\/\/newskyvn.com\/en\/wp-json\/wp\/v2\/media\/1809"}],"wp:attachment":[{"href":"https:\/\/newskyvn.com\/en\/wp-json\/wp\/v2\/media?parent=1807"}],"wp:term":[{"taxonomy":"product_cat","embeddable":true,"href":"https:\/\/newskyvn.com\/en\/wp-json\/wp\/v2\/product_cat?post=1807"},{"taxonomy":"product_tag","embeddable":true,"href":"https:\/\/newskyvn.com\/en\/wp-json\/wp\/v2\/product_tag?post=1807"}],"curies":[{"name":"wp","href":"https:\/\/api.w.org\/{rel}","templated":true}]}}