{"id":1804,"date":"2021-09-28T02:31:50","date_gmt":"2021-09-28T02:31:50","guid":{"rendered":"https:\/\/newskyvn.com\/?post_type=product&#038;p=1804"},"modified":"2024-11-09T06:27:46","modified_gmt":"2024-11-09T06:27:46","slug":"tpd32-ev","status":"publish","type":"product","link":"https:\/\/newskyvn.com\/en\/product\/tpd32-ev\/","title":{"rendered":"TPD32 EV"},"content":{"rendered":"<p>&nbsp;<\/p>\n<p><span style=\"color: #0000ff;\"><strong>TECHNICAL DATA OF TPD32 EV<\/strong><\/span><\/p>\n<table>\n<tbody>\n<tr>\n<td width=\"151\"><strong>Standard supply configuration<\/strong><\/td>\n<td colspan=\"2\" width=\"548\">\u2022 Speed feedback via tachogenerator and\/or digital or sinusoidal (*) encoder<\/p>\n<p>&#8211; 2 encoder inputs: sinusoidal (power supply at 5 V) and digital (power supply at 5V or 24 V);<\/p>\n<p>&#8211; 1 Tachogenerator input;<\/p>\n<p>\u2022 Digital I\/O logic control in PNP configuration;<\/p>\n<p>\u2022 Analog inputs: 3 Differential, 12 Bits, programmable , selectable for \u00b110 VDC, 0 &#8211; 20 mA, 0 &#8211; 10 VDC, 4 &#8211; 20 mA;<\/p>\n<p>\u2022 2 Analog outputs \u00b110Vdc;<\/p>\n<p>\u2022 8 Digital inputs (4 fixed + programmable);<\/p>\n<p>\u2022 4 programmable digital outputs;<\/p>\n<p>\u2022 Relay outputs: 1 Drive OK normally closed contact, 1 programmable normally closed contact;<\/p>\n<p>\u2022 1 Motor thermistor input;<\/p>\n<p>\u2022 RS485 Serial line (Modbus RTU protocol);<\/p>\n<p>\u2022 Programmable overload up to 200%;<\/p>\n<p>\u2022 Interfacing with fieldbus protocol as: Profibus DP \u00ae, CANopen\u00ae and DeviceNet;<\/p>\n<p>\u2022 LED diagnostics module.<\/td>\n<\/tr>\n<tr>\n<td rowspan=\"4\" width=\"151\"><strong>Precision<\/strong><\/td>\n<td width=\"134\">Speed control<\/td>\n<td width=\"414\">with sinusoidal encoder: typically 0.01% with digital encoder: typically 0.02% with tachogenerator: typically 0.1%<\/td>\n<\/tr>\n<tr>\n<td width=\"134\">Torque regulation<\/td>\n<td width=\"414\">typical 0,2%<\/td>\n<\/tr>\n<tr>\n<td width=\"134\">Analog Inputs \/ Ouputs<\/td>\n<td width=\"414\">11 bit + sign<\/td>\n<\/tr>\n<tr>\n<td width=\"134\">Digital references<\/td>\n<td width=\"414\">15 bit + sign<\/td>\n<\/tr>\n<tr>\n<td width=\"151\"><strong>Integrated System Technology<\/strong><\/td>\n<td colspan=\"2\" width=\"548\">\u2022\u00a0\u00a0\u00a0 Quick start up; Autotuning of the speed and current (*) regulators; 5 Independent programmable Multi-ramps; Programmable Linear and \u201cS\u201dshaped ramps; Seven Programmable Multispeeds; Independent regulation of the Min\/Max speed for each direction sense of rotation;<\/p>\n<p>\u2022\u00a0\u00a0\u00a0 Current limitation in accordance with the speed; Adaptive gains of the speed regulator; Independent management of the integral gain at zero speed; Programmable overload control; Jog function; Motorpotentiometer function; I2t motor protection;<\/p>\n<p>\u2022\u00a0\u00a0\u00a0 PID function block; Servodiameter control function;\u201cSpeed Draw\u201d function; \u201cAutocapture\u201dfunction (Flying restart); \u201cDroop\u201d function, SCR test function.<\/td>\n<\/tr>\n<tr>\n<td width=\"151\"><strong>Options<\/strong><\/td>\n<td colspan=\"2\" width=\"548\">\u2022 Programming keypad KB;<\/p>\n<p>\u2022 I\/O expansion card TBO-32;<\/p>\n<p>\u2022 Profibus interface SBI-PDP-32;<\/p>\n<p>\u2022 DeviceNet interface SBI-DN;<\/p>\n<p>\u2022 CANopen interface SBI-COP;<\/p>\n<p>\u2022 Programmable APC300 application card with Master CAN I\/O controller and integrated Fast Link Drive to Drive communication;<\/p>\n<p>\u2022 Supplementary encoders management DEII.<\/td>\n<\/tr>\n<tr>\n<td width=\"151\"><strong>Accessories<\/strong><\/td>\n<td colspan=\"2\" width=\"548\">\u2022 Dedicated EMC filters (in accordance with EN61800-3);<\/p>\n<p>\u2022 Input choke (standardised for the whole line);<\/p>\n<p>\u2022 Programming remote keypad kit with 2 meters of cable included;<\/p>\n<p>\u2022 RS485 serial line kit for direct PC communication.<\/td>\n<\/tr>\n<tr>\n<td width=\"151\"><strong>Environmental conditions<\/strong><\/td>\n<td colspan=\"2\" width=\"548\">\u2022 Protection degree: IP20 up to 1000A (..-2B) and 1050A (..-4B), IP20\/IP00 for bigger powers.<\/p>\n<p>\u2022 Operating temperature: from 0\u00b0C to 40\u00b0C, from + 40\u00b0C to +50\u00b0C with derating.<\/p>\n<p>\u2022 Storage temperature: -25\u00b0C\u2026+55\u00b0C (Class 1K4 \u2013 EN50178).<\/p>\n<p>\u2022 Humidity: from 5% to 85%, relative humidity (without condensation) or ice formation (Class 3K3 under EN50178).<\/p>\n<p>\u2022 Altitude: max 2000 metres above sea level; above 1000 metres the current must be reduced by 1.2% per 100 metre increase.<\/td>\n<\/tr>\n<tr>\n<td rowspan=\"3\" width=\"151\"><strong>Standards and Marks<\/strong><\/td>\n<td colspan=\"2\" width=\"548\"><strong>CE<\/strong>: complies with the EC directive concerning low voltage equipment (Directives LVD 2014\/35\/EU, EMC 2014\/30\/EU, RoHs 2011\/65\/EU)<\/td>\n<\/tr>\n<tr>\n<td colspan=\"2\" width=\"548\"><strong>UL, cUL<\/strong>: complies with directives for the American and Canadian market (TPD32 EV -&#8230;-NA* and TPD32 EV-FC series).<\/p>\n<p><em>TPD32 EV -&#8230;-E-NA series not included.<\/em><\/td>\n<\/tr>\n<tr>\n<td colspan=\"2\" width=\"548\"><strong>EMC<\/strong>: complies with the EC directive &#8211; EN 61800-3 concerning electromagnetic compatibility with the use of optional filters.<\/td>\n<\/tr>\n<\/tbody>\n<\/table>\n<p><\/p>","protected":false},"excerpt":{"rendered":"<p>&nbsp;<\/p>\n<p><strong>Digital converters, from 20A to 3300A<\/strong><br \/>\n*\u00a0 3ph 230Vac\u2026500Vac, 50\/60Hz; 3ph 575Vac 50\/60Hz; 3ph 690Vac, 50\/60Hz<br \/>\n* Rated currents: from 20A to 3300A (biquadrant and tetraquadrant)<br \/>\n* IP20 (IP00 for currents over the 2700A)<br \/>\n* Marks: CE, UL, cUL, EAC<\/p>\n<p><strong>500Vac Line<\/strong><br \/>\n. 3ph supply: 230Vac\u2026500Vac 50\/60Hz<br \/>\n. biquadrant (..-2B): from 20A up to 3300A<br \/>\n. tetraquadrant (..-4B): from 20A up to 3300A<\/p>\n<p><strong>575Vac Line<\/strong><br \/>\n. 3ph supply: 575Vac 50\/60Hz<br \/>\n. biquadrant (..-2B): from 280A up to 2300A<br \/>\n. tetraquadrant (..-4B): from 280A up to 2300A<\/p>\n<p><strong>690Vac Line<\/strong><br \/>\n. 3ph supply: 690Vac 50\/60Hz<br \/>\n. biquadrant (..-2B): from 560A up to 3300A<br \/>\n. tetraquadrant (..-4B): from 560A up to 3300A<\/p>\n<p><strong>Features:<\/strong><br \/>\nIntegrated field regulator on all the range<br \/>\n. 1ph supply: 230Vac\u2026460Vac 50\/60Hz<br \/>\nSpeed feedback via tachogenerator and\/or digital or sinusoidal encoder<br \/>\nDigital I\/O logic control in PNP and\/or NPN configuration<br \/>\n3 Differential analog inputs \u00b110Vdc (0..4-20mA)<br \/>\n2 Analog outputs (\u00b110Vdc)<br \/>\n2 Encoder inputs (digital and\/or sinusoidal)<br \/>\n1 Tachogenerator input<br \/>\n8 Digital inputs (4 fixed + programmable)<br \/>\n4 Optocoupled Digital outputs<br \/>\n2 Relay outputs<br \/>\n1 Motor thermistor input<br \/>\nRS485 Serial line (ModbusRTU protocol)<br \/>\nProgrammable overload up to 200%<br \/>\nInterfacing with fieldbus protocol as: ProfibusDP, CANopen, DeviceNet<br \/>\nProtection degree:<br \/>\n. IP20 up to 2400A (..-2B\u2026-4B)<br \/>\n. IP00 for bigger powers<\/p>\n","protected":false},"featured_media":1806,"comment_status":"open","ping_status":"closed","template":"","meta":[],"product_cat":[122,132],"product_tag":[],"yoast_head":"<!-- This site is optimized with the Yoast SEO plugin v16.6.1 - https:\/\/yoast.com\/wordpress\/plugins\/seo\/ -->\n<title>TPD32 EV - NEW SKY CO.,LTD<\/title>\n<meta name=\"robots\" content=\"index, follow, max-snippet:-1, max-image-preview:large, max-video-preview:-1\" \/>\n<link rel=\"canonical\" href=\"https:\/\/newskyvn.com\/product\/tpd32-ev\/\" \/>\n<meta property=\"og:locale\" content=\"en_US\" \/>\n<meta property=\"og:type\" content=\"article\" \/>\n<meta property=\"og:title\" content=\"TPD32 EV - NEW SKY CO.,LTD\" \/>\n<meta property=\"og:description\" content=\"[:vi]B\u1ed9 chuy\u1ec3n \u0111\u1ed5i (AC\/DC) k\u1ef9 thu\u1eadt s\u1ed1, t\u1eeb 20A \u0111\u1ebfn 3300A * 3ph 230Vac\u2026 500Vac, 50 \/ 60Hz;\u00a03ph 575Vac 50 \/ 60Hz;\u00a03ph 690Vac, 50 \/ 60Hz * D\u00f2ng \u0111\u1ecbnh m\u1ee9c: t\u1eeb 20A \u0111\u1ebfn 3300A (biquadrant v\u00e0 tetraquadrant) * IP20 (IP00 cho d\u00f2ng tr\u00ean 2700A) * D\u1ea5u hi\u1ec7u: CE, UL, cUL, EAC  D\u00f2ng 500Vac .\u00a0Ngu\u1ed3n cung c\u1ea5p 3ph: 230Vac\u2026 500Vac 50 \/ 60Hz .\u00a0biquadrant (..- 2B): t\u1eeb 20A \u0111\u1ebfn 3300A .\u00a0tetraquadrant (..- 4B): t\u1eeb 20A \u0111\u1ebfn 3300A  D\u00f2ng 575Vac .\u00a0Ngu\u1ed3n cung c\u1ea5p 3ph: 575Vac 50 \/ 60Hz .\u00a0biquadrant (..- 2B): t\u1eeb 280A \u0111\u1ebfn 2300A .\u00a0tetraquadrant (..- 4B): t\u1eeb 280A \u0111\u1ebfn 2300A  D\u00f2ng 690Vac .\u00a0Ngu\u1ed3n cung c\u1ea5p 3ph: 690Vac 50 \/ 60Hz .\u00a0biquadrant (..- 2B): t\u1eeb 560A \u0111\u1ebfn 3300A .\u00a0tetraquadrant (..- 4B): t\u1eeb 560A \u0111\u1ebfn 3300A  T\u00ednh n\u0103ng: T\u00edch h\u1ee3p b\u1ed9 \u0111i\u1ec1u ch\u1ec9nh tr\u01b0\u1eddng tr\u00ean t\u1ea5t c\u1ea3 c\u00e1c ph\u1ea1m vi .\u00a0Ngu\u1ed3n cung c\u1ea5p 1ph: 230Vac\u2026 460Vac 50 \/ 60Hz Ph\u1ea3n h\u1ed3i t\u1ed1c \u0111\u1ed9 qua b\u1ed9 ph\u00e1t t\u1ed1c \u0111\u1ed9 v\u00e0 \/ ho\u1eb7c b\u1ed9 m\u00e3 h\u00f3a k\u1ef9 thu\u1eadt s\u1ed1 ho\u1eb7c h\u00ecnh sin \u0110i\u1ec1u khi\u1ec3n logic I \/ O k\u1ef9 thu\u1eadt s\u1ed1 trong c\u1ea5u h\u00ecnh PNP v\u00e0 \/ ho\u1eb7c NPN 3 \u0110\u1ea7u v\u00e0o t\u01b0\u01a1ng t\u1ef1 sai bi\u1ec7t \u00b1 10Vdc (0..4-20mA) 2 \u0110\u1ea7u ra t\u01b0\u01a1ng t\u1ef1 (\u00b1 10Vdc) 2 \u0110\u1ea7u v\u00e0o b\u1ed9 m\u00e3 h\u00f3a (k\u1ef9 thu\u1eadt s\u1ed1 v\u00e0 \/ ho\u1eb7c h\u00ecnh sin) 1 \u0110\u1ea7u v\u00e0o b\u1ed9 ph\u00e1t t\u00edn hi\u1ec7u 8 \u0110\u1ea7u v\u00e0o k\u1ef9 thu\u1eadt s\u1ed1 (4 \u0111\u1ea7u ra c\u1ed1 \u0111\u1ecbnh + c\u00f3 th\u1ec3 l\u1eadp tr\u00ecnh) 4 \u0110\u1ea7u ra k\u1ef9 thu\u1eadt s\u1ed1 Optocoupled 2 \u0110\u1ea7u ra r\u01a1 le 1 \u0110\u1ea7u v\u00e0o nhi\u1ec7t \u0111i\u1ec7n tr\u1edf \u0111\u1ed9ng c\u01a1 RS485 D\u00f2ng n\u1ed1i ti\u1ebfp (giao th\u1ee9c ModbusRTU) Qu\u00e1 t\u1ea3i c\u00f3 th\u1ec3 l\u1eadp tr\u00ecnh l\u00ean \u0111\u1ebfn 200% Giao ti\u1ebfp v\u1edbi giao th\u1ee9c fieldbus nh\u01b0: ProfibusDP, CANopen, M\u1ee9c \u0111\u1ed9 b\u1ea3o v\u1ec7\u00a0DeviceNet\u00a0: .\u00a0IP20 l\u00ean \u0111\u1ebfn 2400A (..- 2B\u2026 -4B) .\u00a0IP00 cho s\u1ee9c m\u1ea1nh l\u1edbn h\u01a1n[:en]&nbsp;  Digital converters, from 20A to 3300A *\u00a0 3ph 230Vac\u2026500Vac, 50\/60Hz; 3ph 575Vac 50\/60Hz; 3ph 690Vac, 50\/60Hz * Rated currents: from 20A to 3300A (biquadrant and tetraquadrant) * IP20 (IP00 for currents over the 2700A) * Marks: CE, UL, cUL, EAC  500Vac Line . 3ph supply: 230Vac\u2026500Vac 50\/60Hz . biquadrant (..-2B): from 20A up to 3300A . tetraquadrant (..-4B): from 20A up to 3300A  575Vac Line . 3ph supply: 575Vac 50\/60Hz . biquadrant (..-2B): from 280A up to 2300A . tetraquadrant (..-4B): from 280A up to 2300A  690Vac Line . 3ph supply: 690Vac 50\/60Hz . biquadrant (..-2B): from 560A up to 3300A . tetraquadrant (..-4B): from 560A up to 3300A  Features: Integrated field regulator on all the range . 1ph supply: 230Vac\u2026460Vac 50\/60Hz Speed feedback via tachogenerator and\/or digital or sinusoidal encoder Digital I\/O logic control in PNP and\/or NPN configuration 3 Differential analog inputs \u00b110Vdc (0..4-20mA) 2 Analog outputs (\u00b110Vdc) 2 Encoder inputs (digital and\/or sinusoidal) 1 Tachogenerator input 8 Digital inputs (4 fixed + programmable) 4 Optocoupled Digital outputs 2 Relay outputs 1 Motor thermistor input RS485 Serial line (ModbusRTU protocol) Programmable overload up to 200% Interfacing with fieldbus protocol as: ProfibusDP, CANopen, DeviceNet Protection degree: . IP20 up to 2400A (..-2B\u2026-4B) . IP00 for bigger powers[:]\" \/>\n<meta property=\"og:url\" content=\"https:\/\/newskyvn.com\/product\/tpd32-ev\/\" \/>\n<meta property=\"og:site_name\" content=\"NEW SKY CO.,LTD\" \/>\n<meta property=\"article:modified_time\" content=\"2024-11-09T06:27:46+00:00\" \/>\n<meta property=\"og:image\" content=\"https:\/\/newskyvn.com\/wp-content\/uploads\/2021\/09\/show_TPD32-EV_FRAME-C_Fronte_new.jpg\" \/>\n\t<meta property=\"og:image:width\" content=\"500\" \/>\n\t<meta property=\"og:image:height\" content=\"500\" \/>\n<meta name=\"twitter:card\" content=\"summary_large_image\" \/>\n<meta name=\"twitter:label1\" content=\"Est. reading time\" \/>\n\t<meta name=\"twitter:data1\" content=\"3 minutes\" \/>\n<script type=\"application\/ld+json\" class=\"yoast-schema-graph\">{\"@context\":\"https:\/\/schema.org\",\"@graph\":[{\"@type\":\"WebSite\",\"@id\":\"https:\/\/newskyvn.com\/#website\",\"url\":\"https:\/\/newskyvn.com\/\",\"name\":\"NEW SKY CO.,LTD\",\"description\":\"C\\u00f4ng Ty TNHH S\\u1ea3n Xu\\u1ea5t Th\\u01b0\\u01a1ng M\\u1ea1i D\\u1ecbch V\\u1ee5 T\\u00e2n Thi\\u00ean\",\"potentialAction\":[{\"@type\":\"SearchAction\",\"target\":{\"@type\":\"EntryPoint\",\"urlTemplate\":\"https:\/\/newskyvn.com\/?s={search_term_string}\"},\"query-input\":\"required name=search_term_string\"}],\"inLanguage\":\"en-US\"},{\"@type\":\"ImageObject\",\"@id\":\"https:\/\/newskyvn.com\/product\/tpd32-ev\/#primaryimage\",\"inLanguage\":\"en-US\",\"url\":\"https:\/\/newskyvn.com\/wp-content\/uploads\/2021\/09\/show_TPD32-EV_FRAME-C_Fronte_new.jpg\",\"contentUrl\":\"https:\/\/newskyvn.com\/wp-content\/uploads\/2021\/09\/show_TPD32-EV_FRAME-C_Fronte_new.jpg\",\"width\":500,\"height\":500},{\"@type\":\"WebPage\",\"@id\":\"https:\/\/newskyvn.com\/product\/tpd32-ev\/#webpage\",\"url\":\"https:\/\/newskyvn.com\/product\/tpd32-ev\/\",\"name\":\"TPD32 EV - NEW SKY CO.,LTD\",\"isPartOf\":{\"@id\":\"https:\/\/newskyvn.com\/#website\"},\"primaryImageOfPage\":{\"@id\":\"https:\/\/newskyvn.com\/product\/tpd32-ev\/#primaryimage\"},\"datePublished\":\"2021-09-28T02:31:50+00:00\",\"dateModified\":\"2024-11-09T06:27:46+00:00\",\"breadcrumb\":{\"@id\":\"https:\/\/newskyvn.com\/product\/tpd32-ev\/#breadcrumb\"},\"inLanguage\":\"en-US\",\"potentialAction\":[{\"@type\":\"ReadAction\",\"target\":[\"https:\/\/newskyvn.com\/product\/tpd32-ev\/\"]}]},{\"@type\":\"BreadcrumbList\",\"@id\":\"https:\/\/newskyvn.com\/product\/tpd32-ev\/#breadcrumb\",\"itemListElement\":[{\"@type\":\"ListItem\",\"position\":1,\"name\":\"Product\",\"item\":\"https:\/\/newskyvn.com\/en\/san-pham\/\"},{\"@type\":\"ListItem\",\"position\":2,\"name\":\"TPD32 EV\"}]}]}<\/script>\n<!-- \/ Yoast SEO plugin. -->","_links":{"self":[{"href":"https:\/\/newskyvn.com\/en\/wp-json\/wp\/v2\/product\/1804"}],"collection":[{"href":"https:\/\/newskyvn.com\/en\/wp-json\/wp\/v2\/product"}],"about":[{"href":"https:\/\/newskyvn.com\/en\/wp-json\/wp\/v2\/types\/product"}],"replies":[{"embeddable":true,"href":"https:\/\/newskyvn.com\/en\/wp-json\/wp\/v2\/comments?post=1804"}],"wp:featuredmedia":[{"embeddable":true,"href":"https:\/\/newskyvn.com\/en\/wp-json\/wp\/v2\/media\/1806"}],"wp:attachment":[{"href":"https:\/\/newskyvn.com\/en\/wp-json\/wp\/v2\/media?parent=1804"}],"wp:term":[{"taxonomy":"product_cat","embeddable":true,"href":"https:\/\/newskyvn.com\/en\/wp-json\/wp\/v2\/product_cat?post=1804"},{"taxonomy":"product_tag","embeddable":true,"href":"https:\/\/newskyvn.com\/en\/wp-json\/wp\/v2\/product_tag?post=1804"}],"curies":[{"name":"wp","href":"https:\/\/api.w.org\/{rel}","templated":true}]}}